{"id":12574,"date":"2024-10-03T14:29:19","date_gmt":"2024-10-03T12:29:19","guid":{"rendered":"https:\/\/strangercam.com\/?page_id=12574"},"modified":"2025-06-16T13:27:40","modified_gmt":"2025-06-16T11:27:40","slug":"camsurf","status":"publish","type":"page","link":"https:\/\/strangercam.com\/pl\/camsurf\/","title":{"rendered":"Camsurf"},"content":{"rendered":"<p>\u0141\u0105czenie si\u0119 z lud\u017ami z r\u00f3\u017cnych cz\u0119\u015bci \u015bwiata sta\u0142o si\u0119 \u0142atwiejsze ni\u017c kiedykolwiek. Camsurf wykorzystuje ten trend, zapewniaj\u0105c platform\u0119 dla przypadkowych os\u00f3b. <a href=\"https:\/\/strangercam.com\/pl\/rabbit-video-chat\/\">wideo<\/a> czaty, pozwalaj\u0105c u\u017cytkownikom na anga\u017cowanie si\u0119 w spontaniczne rozmowy z nieznajomymi na ca\u0142ym \u015bwiecie. Niniejsza recenzja oferuje kompleksow\u0105 analiz\u0119 Camsurf, badaj\u0105c jego funkcje, wra\u017cenia u\u017cytkownika, opcje cenowe, \u015brodki bezpiecze\u0144stwa i to, jak wypada na tle konkurencji.<\/p>\n<h2>Przegl\u0105d Camsurf<\/h2>\n<p>Uruchomiony z misj\u0105 uczynienia spotka\u0144 towarzyskich online prostymi i przyjemnymi, Camsurf sta\u0142 si\u0119 niezawodn\u0105 platform\u0105 do losowych czat\u00f3w wideo. Platforma zosta\u0142a zaprojektowana tak, aby na\u015bladowa\u0107 rzeczywiste interakcje, \u0142\u0105cz\u0105c u\u017cytkownik\u00f3w natychmiast, eliminuj\u0105c potrzeb\u0119 rozbudowanych profili lub d\u0142ugich proces\u00f3w rejestracji. Z milionami u\u017cytkownik\u00f3w na ca\u0142ym \u015bwiecie, Camsurf wspiera r\u00f3\u017cnorodn\u0105 i t\u0119tni\u0105c\u0105 \u017cyciem spo\u0142eczno\u015b\u0107, w kt\u00f3rej ludzie mog\u0105 nawi\u0105zywa\u0107 nowe znajomo\u015bci, \u0107wiczy\u0107 j\u0119zyki lub po prostu cieszy\u0107 si\u0119 swobodnymi rozmowami.<\/p>\n<h2>Kluczowe cechy<\/h2>\n<h3>Losowy czat wideo<\/h3>\n<p>Rdzeniem Camsurf jest losowe wideo <a href=\"https:\/\/strangercam.com\/pl\/chatroulette\/\">czat<\/a> kt\u00f3ra \u0142\u0105czy u\u017cytkownik\u00f3w w pary z nieznajomymi w celu prowadzenia rozm\u00f3w wideo jeden na jednego. Funkcja ta dzia\u0142a p\u0142ynnie, oferuj\u0105c wysokiej jako\u015bci obraz i d\u017awi\u0119k, aby zapewni\u0107 p\u0142ynne i anga\u017cuj\u0105ce interakcje. Prostota inicjowania czatu za pomoc\u0105 jednego klikni\u0119cia sprawia, \u017ce jest on dost\u0119pny dla u\u017cytkownik\u00f3w z r\u00f3\u017cnych \u015brodowisk technicznych.<\/p>\n<h3>Filtry p\u0142ci i kraju<\/h3>\n<p>Aby zwi\u0119kszy\u0107 komfort u\u017cytkowania, Camsurf oferuje filtry p\u0142ci i kraju. Filtry te pozwalaj\u0105 u\u017cytkownikom okre\u015bli\u0107 p\u0142e\u0107 os\u00f3b, z kt\u00f3rymi chc\u0105 si\u0119 po\u0142\u0105czy\u0107 i wybra\u0107 okre\u015blone kraje, umo\u017cliwiaj\u0105c bardziej znacz\u0105ce i odpowiednie rozmowy. To dostosowanie jest szczeg\u00f3lnie korzystne dla tych, kt\u00f3rzy chc\u0105 \u0107wiczy\u0107 nowy j\u0119zyk lub pozna\u0107 okre\u015blone kultury.<\/p>\n<h3>Wsparcie j\u0119zykowe<\/h3>\n<p>Camsurf obs\u0142uguje wiele j\u0119zyk\u00f3w, u\u0142atwiaj\u0105c u\u017cytkownikom z r\u00f3\u017cnych \u015brodowisk j\u0119zykowych skuteczn\u0105 komunikacj\u0119. Interfejs platformy jest dost\u0119pny w r\u00f3\u017cnych j\u0119zykach, a narz\u0119dzia do t\u0142umaczenia w czasie rzeczywistym u\u0142atwiaj\u0105 p\u0142ynniejsze rozmowy mi\u0119dzy u\u017cytkownikami m\u00f3wi\u0105cymi r\u00f3\u017cnymi j\u0119zykami.<\/p>\n<h3>Przyjazny dla u\u017cytkownika interfejs<\/h3>\n<p>Camsurf mo\u017ce pochwali\u0107 si\u0119 przejrzystym i intuicyjnym interfejsem, kt\u00f3ry priorytetowo traktuje do\u015bwiadczenie u\u017cytkownika. Uk\u0142ad jest prosty, z wyra\u017anie oznaczonymi przyciskami i \u0142atw\u0105 nawigacj\u0105, dzi\u0119ki czemu u\u017cytkownicy mog\u0105 rozpocz\u0105\u0107 czat bez \u017cadnych k\u0142opot\u00f3w. Platforma zosta\u0142a zaprojektowana tak, aby by\u0142a responsywna, zapewniaj\u0105c optymaln\u0105 wydajno\u015b\u0107 na r\u00f3\u017cnych urz\u0105dzeniach i rozmiarach ekranu.<\/p>\n<h3>Kompatybilno\u015b\u0107 z urz\u0105dzeniami mobilnymi<\/h3>\n<p>Rozumiej\u0105c znaczenie dost\u0119pno\u015bci mobilnej, Camsurf oferuje przyjazn\u0105 dla urz\u0105dze\u0144 mobilnych stron\u0119 internetow\u0105, kt\u00f3ra dzia\u0142a p\u0142ynnie na smartfonach i tabletach. Chocia\u017c nie ma dedykowanej aplikacji mobilnej, responsywna konstrukcja zapewnia u\u017cytkownikom mo\u017cliwo\u015b\u0107 korzystania z pe\u0142nego zakresu funkcji w podr\u00f3\u017cy bez uszczerbku dla funkcjonalno\u015bci.<\/p>\n<h3>Wirtualne maski<\/h3>\n<p>Aby rozwia\u0107 obawy o prywatno\u015b\u0107, Camsurf zapewnia wirtualne maski, kt\u00f3re u\u017cytkownicy mog\u0105 stosowa\u0107 podczas czat\u00f3w wideo. Maski te dodaj\u0105 warstw\u0119 anonimowo\u015bci, pozwalaj\u0105c u\u017cytkownikom ukry\u0107 swoj\u0105 to\u017csamo\u015b\u0107, jednocze\u015bnie anga\u017cuj\u0105c si\u0119 w rozmowy twarz\u0105 w twarz. Funkcja ta jest szczeg\u00f3lnie atrakcyjna dla tych, kt\u00f3rzy ceni\u0105 swoj\u0105 prywatno\u015b\u0107, ale nadal chc\u0105 cieszy\u0107 si\u0119 korzy\u015bciami p\u0142yn\u0105cymi z rozm\u00f3w wideo.<\/p>\n<h3>Raportowanie i blokowanie<\/h3>\n<p>Camsurf zawiera solidne funkcje raportowania i blokowania, aby utrzyma\u0107 bezpieczn\u0105 i pe\u0142n\u0105 szacunku spo\u0142eczno\u015b\u0107. U\u017cytkownicy mog\u0105 \u0142atwo zg\u0142asza\u0107 nieodpowiednie zachowania lub blokowa\u0107 innych u\u017cytkownik\u00f3w, kt\u00f3rzy naruszaj\u0105 wytyczne platformy, zapewniaj\u0105c bezpieczniejsze i przyjemniejsze wra\u017cenia dla wszystkich.<\/p>\n<h2>Do\u015bwiadczenie u\u017cytkownika<\/h2>\n<h3>Interfejs i projekt<\/h3>\n<p>Interfejs Camsurf zosta\u0142 zaprojektowany z my\u015bl\u0105 o prostocie i funkcjonalno\u015bci. Strona g\u0142\u00f3wna zawiera wyra\u017any przycisk \"Rozpocznij czat\", umo\u017cliwiaj\u0105cy u\u017cytkownikom zainicjowanie czatu. <a href=\"https:\/\/strangercam.com\/pl\/coomeet\/\">czat wideo<\/a> natychmiast. Minimalistyczny design ogranicza rozpraszanie uwagi, umo\u017cliwiaj\u0105c u\u017cytkownikom skupienie si\u0119 na rozmowach. Dodatkowo, estetyka platformy jest nowoczesna i atrakcyjna, zwi\u0119kszaj\u0105c og\u00f3lne zadowolenie u\u017cytkownik\u00f3w.<\/p>\n<h3>Proces rejestracji<\/h3>\n<p>Jednym z wyr\u00f3\u017cniaj\u0105cych si\u0119 aspekt\u00f3w Camsurf s\u0105 minimalne wymagania rejestracyjne. U\u017cytkownicy mog\u0105 rozpocz\u0105\u0107 czat bez tworzenia konta, dzi\u0119ki czemu proces wdra\u017cania jest szybki i bezproblemowy. Dla tych, kt\u00f3rzy preferuj\u0105 dodatkowe funkcje lub chc\u0105 zapisa\u0107 swoje preferencje, dost\u0119pna jest opcjonalna rejestracja, wymagaj\u0105ca jedynie podstawowych informacji.<\/p>\n<h3>Wydajno\u015b\u0107 i niezawodno\u015b\u0107<\/h3>\n<p>Camsurf jest zoptymalizowany pod k\u0105tem wysokiej wydajno\u015bci, oferuj\u0105c niezawodn\u0105 jako\u015b\u0107 obrazu i d\u017awi\u0119ku nawet w obszarach o ograniczonej przepustowo\u015bci. Serwery platformy s\u0105 solidne, zdolne do obs\u0142ugi du\u017cej liczby jednoczesnych u\u017cytkownik\u00f3w bez znacz\u0105cych op\u00f3\u017anie\u0144 lub przestoj\u00f3w. Niezawodno\u015b\u0107 ta gwarantuje, \u017ce u\u017cytkownicy mog\u0105 cieszy\u0107 si\u0119 nieprzerwanymi rozmowami w dowolnym momencie.<\/p>\n<h3>Dost\u0119pno\u015b\u0107<\/h3>\n<p>Camsurf jest dost\u0119pny na r\u00f3\u017cnych urz\u0105dzeniach, w tym komputerach stacjonarnych, laptopach, smartfonach i tabletach. Responsywny design zapewnia, \u017ce platforma dzia\u0142a p\u0142ynnie na r\u00f3\u017cnych rozmiarach ekranu, zapewniaj\u0105c sp\u00f3jne wra\u017cenia u\u017cytkownika niezale\u017cnie od u\u017cywanego urz\u0105dzenia.<\/p>\n<h2>Cennik i opcje subskrypcji<\/h2>\n<p>Camsurf oferuje po\u0142\u0105czenie funkcji darmowych i premium, zaspokajaj\u0105c szeroki zakres preferencji u\u017cytkownik\u00f3w i bud\u017cet\u00f3w.<\/p>\n<h3>Bezp\u0142atne funkcje<\/h3>\n<ul>\n<li><strong><a href=\"https:\/\/strangercam.com\/pl\/chathub\/\">Losowy czat wideo<\/a><\/strong>: Nieograniczony dost\u0119p do losowych czat\u00f3w wideo bez \u017cadnych koszt\u00f3w.<\/li>\n<li><strong>Filtry podstawowe<\/strong>: Ograniczony dost\u0119p do filtr\u00f3w p\u0142ci i kraju.<\/li>\n<li><strong>Wirtualne maski<\/strong>: Korzystanie ze standardowych masek wirtualnych podczas czat\u00f3w.<\/li>\n<li><strong>Wsparcie j\u0119zykowe<\/strong>: Dost\u0119p do wielu j\u0119zyk\u00f3w komunikacji.<\/li>\n<\/ul>\n<h3>Korzy\u015bci Camsurf Premium<\/h3>\n<p>Dla u\u017cytkownik\u00f3w szukaj\u0105cych lepszych wra\u017ce\u0144, Camsurf oferuje subskrypcj\u0119 premium znan\u0105 jako <strong>Camsurf Premium<\/strong>. Warstwa premium obejmuje dodatkowe funkcje, takie jak:<\/p>\n<ul>\n<li><strong>Filtry zaawansowane<\/strong>: Bardziej szczeg\u00f3\u0142owe opcje dla p\u0142ci i lokalizacji, pozwalaj\u0105ce na bardziej ukierunkowane po\u0142\u0105czenia.<\/li>\n<li><strong>Do\u015bwiadczenie bez reklam<\/strong>: Usuni\u0119cie reklam w celu zapewnienia p\u0142ynniejszego i nieprzerwanego korzystania z czatu.<\/li>\n<li><strong>Ekskluzywne maski wirtualne<\/strong>: Dost\u0119p do szerszej gamy wirtualnych masek, zapewniaj\u0105cych wi\u0119cej opcji personalizacji.<\/li>\n<li><strong>Priorytetowe wsparcie<\/strong>: Szybszy czas reakcji i dedykowane wsparcie dla u\u017cytkownik\u00f3w premium.<\/li>\n<li><strong>Nieograniczona liczba ponownych po\u0142\u0105cze\u0144<\/strong>: Mo\u017cliwo\u015b\u0107 ponownego \u0142\u0105czenia si\u0119 z u\u017cytkownikami bez ogranicze\u0144.<\/li>\n<\/ul>\n<h3>Plany subskrypcji<\/h3>\n<p>Camsurf Premium jest dost\u0119pny w ramach elastycznych plan\u00f3w subskrypcji:<\/p>\n<ul>\n<li><strong>Plan miesi\u0119czny<\/strong>: Idealny dla u\u017cytkownik\u00f3w, kt\u00f3rzy preferuj\u0105 kr\u00f3tkoterminowy dost\u0119p do funkcji premium.<\/li>\n<li><strong>Plan kwartalny<\/strong>: Oferuje obni\u017con\u0105 stawk\u0119 w por\u00f3wnaniu z planem miesi\u0119cznym, odpowiedni\u0105 do u\u017cytku \u015brednioterminowego.<\/li>\n<li><strong>Plan roczny<\/strong>: Zapewnia najlepsz\u0105 warto\u015b\u0107 dla u\u017cytkownik\u00f3w d\u0142ugoterminowych, oferuj\u0105c znaczne oszcz\u0119dno\u015bci w por\u00f3wnaniu z kr\u00f3tszymi planami.<\/li>\n<\/ul>\n<p>Ceny Camsurf Premium s\u0105 konkurencyjne, odzwierciedlaj\u0105c dodatkow\u0105 warto\u015b\u0107 zapewnian\u0105 przez ulepszone funkcje i do\u015bwiadczenie u\u017cytkownika.<\/p>\n<h2>Plusy i minusy<\/h2>\n<h3>Plusy<\/h3>\n<ul>\n<li><strong>\u0141atwo\u015b\u0107 u\u017cytkowania<\/strong>: Prosta konstrukcja platformy pozwala u\u017cytkownikom na natychmiastowe rozpocz\u0119cie czatowania bez \u017cadnych barier technicznych.<\/li>\n<li><strong>Globalna \u0142\u0105czno\u015b\u0107<\/strong>: Camsurf \u0142\u0105czy u\u017cytkownik\u00f3w z ca\u0142ego \u015bwiata, wspieraj\u0105c r\u00f3\u017cnorodne i wzbogacaj\u0105ce rozmowy.<\/li>\n<li><strong>Minimalna rejestracja<\/strong>: U\u017cytkownicy mog\u0105 anga\u017cowa\u0107 si\u0119 w czaty wideo bez konieczno\u015bci stosowania rozbudowanych proces\u00f3w rejestracji, co zwi\u0119ksza dost\u0119pno\u015b\u0107.<\/li>\n<li><strong>Konfigurowalne filtry<\/strong>: Filtry p\u0142ci i kraju pozwalaj\u0105 na bardziej spersonalizowane i odpowiednie interakcje.<\/li>\n<li><strong>Funkcje prywatno\u015bci<\/strong>: Wirtualne maski zapewniaj\u0105 dodatkow\u0105 warstw\u0119 anonimowo\u015bci, atrakcyjn\u0105 dla u\u017cytkownik\u00f3w dbaj\u0105cych o prywatno\u015b\u0107.<\/li>\n<\/ul>\n<h3>Wady<\/h3>\n<ul>\n<li><strong>Ograniczone bezp\u0142atne funkcje<\/strong>: Zaawansowane filtry i funkcje premium s\u0105 ograniczone do p\u0142atnych subskrybent\u00f3w, co ogranicza mo\u017cliwo\u015bci darmowych u\u017cytkownik\u00f3w.<\/li>\n<li><strong>Brak dedykowanej aplikacji mobilnej<\/strong>: Chocia\u017c platforma jest przyjazna dla urz\u0105dze\u0144 mobilnych, brak dedykowanej aplikacji mo\u017ce wp\u0142yn\u0105\u0107 na wygod\u0119 niekt\u00f3rych u\u017cytkownik\u00f3w.<\/li>\n<li><strong>Potencja\u0142 nieodpowiednich tre\u015bci<\/strong>: Pomimo funkcji raportowania i blokowania, niekt\u00f3rzy u\u017cytkownicy mog\u0105 napotka\u0107 nieodpowiednie zachowanie.<\/li>\n<li><strong>Reklamy<\/strong>: Bezp\u0142atni u\u017cytkownicy s\u0105 nara\u017ceni na reklamy, kt\u00f3re mog\u0105 zak\u0142\u00f3ca\u0107 korzystanie z czatu.<\/li>\n<\/ul>\n<h2>Bezpiecze\u0144stwo i prywatno\u015b\u0107 u\u017cytkownik\u00f3w<\/h2>\n<h3>Zasady moderowania<\/h3>\n<p>Camsurf zobowi\u0105zuje si\u0119 do utrzymywania bezpiecznego i pe\u0142nego szacunku \u015brodowiska dla swoich u\u017cytkownik\u00f3w. Platforma wykorzystuje zar\u00f3wno zautomatyzowane systemy, jak i ludzkich moderator\u00f3w do monitorowania tre\u015bci i egzekwowania wytycznych spo\u0142eczno\u015bci. U\u017cytkownicy s\u0105 zach\u0119cani do zg\u0142aszania wszelkich nieodpowiednich zachowa\u0144, a wobec os\u00f3b naruszaj\u0105cych zasady podejmowane s\u0105 szybkie dzia\u0142ania w celu zapewnienia integralno\u015bci spo\u0142eczno\u015bci.<\/p>\n<h3>\u015arodki ochrony prywatno\u015bci<\/h3>\n<ul>\n<li><strong>Ochrona danych<\/strong>: Camsurf przestrzega surowych przepis\u00f3w dotycz\u0105cych ochrony danych, zapewniaj\u0105c, \u017ce informacje o u\u017cytkownikach s\u0105 bezpieczne i nie s\u0105 niew\u0142a\u015bciwie wykorzystywane.<\/li>\n<li><strong>Opcje anonimowo\u015bci<\/strong>: Funkcje takie jak wirtualne maski pozwalaj\u0105 u\u017cytkownikom zachowa\u0107 prywatno\u015b\u0107 podczas rozm\u00f3w wideo.<\/li>\n<li><strong>Kontrolki u\u017cytkownika<\/strong>: U\u017cytkownicy maj\u0105 mo\u017cliwo\u015b\u0107 blokowania i zg\u0142aszania innych os\u00f3b, co daje im kontrol\u0119 nad interakcjami i zwi\u0119ksza ich poczucie bezpiecze\u0144stwa.<\/li>\n<\/ul>\n<h3>Wskaz\u00f3wki bezpiecze\u0144stwa dla u\u017cytkownik\u00f3w<\/h3>\n<ul>\n<li><strong>Ochrona danych osobowych<\/strong>: Unikaj udost\u0119pniania poufnych danych, takich jak imiona i nazwiska, adresy lub informacje finansowe podczas czat\u00f3w.<\/li>\n<li><strong>Korzystanie z funkcji prywatno\u015bci<\/strong>: Korzystaj z wirtualnych masek i opcji anonimowo\u015bci, aby zachowa\u0107 prywatno\u015b\u0107.<\/li>\n<li><strong>B\u0105d\u017a ostro\u017cny<\/strong>: Zaufaj swojemu instynktowi i od\u0142\u0105cz si\u0119 od ka\u017cdej rozmowy, kt\u00f3ra wydaje si\u0119 niewygodna lub niebezpieczna.<\/li>\n<li><strong>Zg\u0142aszanie narusze\u0144<\/strong>: Pom\u00f3\u017c utrzyma\u0107 bezpieczn\u0105 spo\u0142eczno\u015b\u0107, zg\u0142aszaj\u0105c wszelkie nieodpowiednie zachowania lub tre\u015bci.<\/li>\n<\/ul>\n<h2>Por\u00f3wnanie z konkurencj\u0105<\/h2>\n<h3>Camsurf vs. Omegle<\/h3>\n<ul>\n<li><strong>Cechy<\/strong>: Camsurf oferuje bardziej zaawansowane filtry i wirtualne maski, podczas gdy <a href=\"https:\/\/strangercam.com\/pl\/omegle\/\">Omegle<\/a> ma ograniczone opcje filtrowania.<\/li>\n<li><strong>Interfejs u\u017cytkownika<\/strong>: Interfejs Camsurf jest bardziej nowoczesny i przyjazny dla u\u017cytkownika w por\u00f3wnaniu do uproszczonego projektu Omegle.<\/li>\n<li><strong>Kompatybilno\u015b\u0107 z urz\u0105dzeniami mobilnymi<\/strong>: Obie platformy s\u0105 dost\u0119pne na urz\u0105dzeniach mobilnych, ale responsywny projekt Camsurf zapewnia bardziej sp\u00f3jne wra\u017cenia.<\/li>\n<\/ul>\n<h3>Camsurf vs. Chatroulette<\/h3>\n<ul>\n<li><strong>Moderacja<\/strong>: Camsurf stosuje solidniejsze zasady moderacji, aby ograniczy\u0107 obecno\u015b\u0107 nieodpowiednich tre\u015bci.<\/li>\n<li><strong>Dodatkowe funkcje<\/strong>: Wirtualne maski i obs\u0142uga j\u0119zyk\u00f3w w Camsurf oferuj\u0105 bardziej dostosowane wra\u017cenia w por\u00f3wnaniu z podstawow\u0105 funkcjonalno\u015bci\u0105 czatu wideo w Chatroulette.<\/li>\n<li><strong>Baza u\u017cytkownik\u00f3w<\/strong>: Obie platformy maj\u0105 du\u017c\u0105 globaln\u0105 baz\u0119 u\u017cytkownik\u00f3w, ale dodatkowe funkcje Camsurf mog\u0105 przyci\u0105gn\u0105\u0107 bardziej zr\u00f3\u017cnicowan\u0105 publiczno\u015b\u0107.<\/li>\n<\/ul>\n<h3>Camsurf vs. Chatrandom<\/h3>\n<ul>\n<li><strong>Tryby czatu<\/strong>: Chatrandom oferuje wiele tryb\u00f3w czatu, w tym czaty grupowe i pokoje tematyczne, podczas gdy Camsurf koncentruje si\u0119 g\u0142\u00f3wnie na interakcjach jeden na jednego.<\/li>\n<li><strong>Opcje Premium<\/strong>: Obie platformy oferuj\u0105 subskrypcje premium, ale funkcje premium Camsurf s\u0105 bardziej skoncentrowane na zwi\u0119kszaniu prywatno\u015bci i dostosowywaniu.<\/li>\n<li><strong>Projektowanie interfejsu<\/strong>: Obie platformy stawiaj\u0105 na przyjazny dla u\u017cytkownika interfejs, ale projekt Camsurf jest bardziej op\u0142ywowy i nowoczesny.<\/li>\n<\/ul>\n<h2>Wnioski<\/h2>\n<p>Camsurf zapewnia solidn\u0105 platform\u0119 dla os\u00f3b poszukuj\u0105cych spontanicznych i r\u00f3\u017cnorodnych wra\u017ce\u0144 z czat\u00f3w wideo. Nacisk na \u0142atwo\u015b\u0107 obs\u0142ugi, globaln\u0105 \u0142\u0105czno\u015b\u0107 i funkcje prywatno\u015bci, takie jak wirtualne maski, sprawiaj\u0105, \u017ce jest to atrakcyjny wyb\u00f3r na zat\u0142oczonym rynku losowych platform czatu wideo. Chocia\u017c istniej\u0105 obszary wymagaj\u0105ce poprawy, takie jak rozszerzenie bezp\u0142atnych funkcji i opracowanie dedykowanej aplikacji mobilnej, Camsurf skutecznie u\u0142atwia nawi\u0105zywanie znacz\u0105cych i przyjemnych po\u0142\u0105cze\u0144 na ca\u0142ym \u015bwiecie. Niezale\u017cnie od tego, czy chcesz pozna\u0107 nowych przyjaci\u00f3\u0142, \u0107wiczy\u0107 j\u0119zyk, czy po prostu cieszy\u0107 si\u0119 swobodnymi rozmowami, Camsurf oferuje cenne i dost\u0119pne rozwi\u0105zanie.<\/p>","protected":false},"excerpt":{"rendered":"<p>Connecting with people from different parts of the world has become easier than ever. Camsurf leverages this trend by providing a platform for random video chats, allowing users to engage in spontaneous conversations with strangers globally. This review offers a comprehensive analysis of Camsurf, exploring its features, user experience, pricing options, safety measures, and how [&hellip;]<\/p>\n","protected":false},"author":7,"featured_media":0,"parent":0,"menu_order":0,"comment_status":"closed","ping_status":"closed","template":"","meta":{"footnotes":""},"class_list":["post-12574","page","type-page","status-publish","hentry"],"yoast_head":"<!-- This site is optimized with the Yoast SEO plugin v27.4 - https:\/\/yoast.com\/product\/yoast-seo-wordpress\/ -->\n<title>Camsurf - Alternatives &amp; Reviews of Chat Sites - StrangerCam<\/title>\n<meta name=\"description\" content=\"Discover the best Video Chat Sites, complete with ratings and reviews. Enjoy free cam chats that let you meet new people.\" \/>\n<meta name=\"robots\" content=\"index, follow, max-snippet:-1, max-image-preview:large, max-video-preview:-1\" \/>\n<link rel=\"canonical\" href=\"https:\/\/strangercam.com\/pl\/camsurf\/\" \/>\n<meta property=\"og:locale\" content=\"pl_PL\" \/>\n<meta property=\"og:type\" content=\"article\" \/>\n<meta property=\"og:title\" content=\"Camsurf - Alternatives &amp; Reviews of Chat Sites - StrangerCam\" \/>\n<meta property=\"og:description\" content=\"Discover the best Video Chat Sites, complete with ratings and reviews. Enjoy free cam chats that let you meet new people.\" \/>\n<meta property=\"og:url\" content=\"https:\/\/strangercam.com\/pl\/camsurf\/\" \/>\n<meta property=\"og:site_name\" content=\"Strangercam\" \/>\n<meta property=\"article:publisher\" content=\"https:\/\/www.facebook.com\/strangercam\" \/>\n<meta property=\"article:modified_time\" content=\"2025-06-16T11:27:40+00:00\" \/>\n<meta property=\"og:image\" content=\"https:\/\/strangercam.com\/wp-content\/uploads\/2021\/10\/Untitled-2.png\" \/>\n\t<meta property=\"og:image:width\" content=\"800\" \/>\n\t<meta property=\"og:image:height\" content=\"532\" \/>\n\t<meta property=\"og:image:type\" content=\"image\/png\" \/>\n<meta name=\"twitter:card\" content=\"summary_large_image\" \/>\n<meta name=\"twitter:site\" content=\"@strangercamapp\" \/>\n<meta name=\"twitter:label1\" content=\"Szacowany czas czytania\" \/>\n\t<meta name=\"twitter:data1\" content=\"7 minut\" \/>\n<script type=\"application\/ld+json\" class=\"yoast-schema-graph\">{\"@context\":\"https:\\\/\\\/schema.org\",\"@graph\":[{\"@type\":\"WebPage\",\"@id\":\"https:\\\/\\\/strangercam.com\\\/camsurf\\\/\",\"url\":\"https:\\\/\\\/strangercam.com\\\/camsurf\\\/\",\"name\":\"Camsurf - Alternatives & Reviews of Chat Sites - StrangerCam\",\"isPartOf\":{\"@id\":\"https:\\\/\\\/strangercam.com\\\/#website\"},\"datePublished\":\"2024-10-03T12:29:19+00:00\",\"dateModified\":\"2025-06-16T11:27:40+00:00\",\"description\":\"Discover the best Video Chat Sites, complete with ratings and reviews. Enjoy free cam chats that let you meet new people.\",\"breadcrumb\":{\"@id\":\"https:\\\/\\\/strangercam.com\\\/camsurf\\\/#breadcrumb\"},\"inLanguage\":\"pl-PL\",\"potentialAction\":[{\"@type\":\"ReadAction\",\"target\":[\"https:\\\/\\\/strangercam.com\\\/camsurf\\\/\"]}]},{\"@type\":\"BreadcrumbList\",\"@id\":\"https:\\\/\\\/strangercam.com\\\/camsurf\\\/#breadcrumb\",\"itemListElement\":[{\"@type\":\"ListItem\",\"position\":1,\"name\":\"Home\",\"item\":\"https:\\\/\\\/strangercam.com\\\/\"},{\"@type\":\"ListItem\",\"position\":2,\"name\":\"Camsurf\"}]},{\"@type\":\"WebSite\",\"@id\":\"https:\\\/\\\/strangercam.com\\\/#website\",\"url\":\"https:\\\/\\\/strangercam.com\\\/\",\"name\":\"Strangercam\",\"description\":\"Random Video Chat with Strangers\",\"publisher\":{\"@id\":\"https:\\\/\\\/strangercam.com\\\/#organization\"},\"alternateName\":\"Strangercam.com\",\"potentialAction\":[{\"@type\":\"SearchAction\",\"target\":{\"@type\":\"EntryPoint\",\"urlTemplate\":\"https:\\\/\\\/strangercam.com\\\/?s={search_term_string}\"},\"query-input\":{\"@type\":\"PropertyValueSpecification\",\"valueRequired\":true,\"valueName\":\"search_term_string\"}}],\"inLanguage\":\"pl-PL\"},{\"@type\":\"Organization\",\"@id\":\"https:\\\/\\\/strangercam.com\\\/#organization\",\"name\":\"Strangercam\",\"alternateName\":\"Strangercam.com\",\"url\":\"https:\\\/\\\/strangercam.com\\\/\",\"logo\":{\"@type\":\"ImageObject\",\"inLanguage\":\"pl-PL\",\"@id\":\"https:\\\/\\\/strangercam.com\\\/#\\\/schema\\\/logo\\\/image\\\/\",\"url\":\"https:\\\/\\\/strangercam.com\\\/wp-content\\\/uploads\\\/2020\\\/11\\\/cropped-new-favicon-black.png\",\"contentUrl\":\"https:\\\/\\\/strangercam.com\\\/wp-content\\\/uploads\\\/2020\\\/11\\\/cropped-new-favicon-black.png\",\"width\":512,\"height\":512,\"caption\":\"Strangercam\"},\"image\":{\"@id\":\"https:\\\/\\\/strangercam.com\\\/#\\\/schema\\\/logo\\\/image\\\/\"},\"sameAs\":[\"https:\\\/\\\/www.facebook.com\\\/strangercam\",\"https:\\\/\\\/x.com\\\/strangercamapp\"]}]}<\/script>\n<!-- \/ Yoast SEO plugin. -->","yoast_head_json":{"title":"Camsurf - Alternatywy i recenzje stron z czatami - StrangerCam","description":"Odkryj najlepsze strony z czatami wideo, wraz z ocenami i recenzjami. Ciesz si\u0119 darmowymi czatami przed kamer\u0105, kt\u00f3re pozwol\u0105 Ci pozna\u0107 nowych ludzi.","robots":{"index":"index","follow":"follow","max-snippet":"max-snippet:-1","max-image-preview":"max-image-preview:large","max-video-preview":"max-video-preview:-1"},"canonical":"https:\/\/strangercam.com\/pl\/camsurf\/","og_locale":"pl_PL","og_type":"article","og_title":"Camsurf - Alternatives & Reviews of Chat Sites - StrangerCam","og_description":"Discover the best Video Chat Sites, complete with ratings and reviews. Enjoy free cam chats that let you meet new people.","og_url":"https:\/\/strangercam.com\/pl\/camsurf\/","og_site_name":"Strangercam","article_publisher":"https:\/\/www.facebook.com\/strangercam","article_modified_time":"2025-06-16T11:27:40+00:00","og_image":[{"width":800,"height":532,"url":"https:\/\/strangercam.com\/wp-content\/uploads\/2021\/10\/Untitled-2.png","type":"image\/png"}],"twitter_card":"summary_large_image","twitter_site":"@strangercamapp","twitter_misc":{"Szacowany czas czytania":"7 minut"},"schema":{"@context":"https:\/\/schema.org","@graph":[{"@type":"WebPage","@id":"https:\/\/strangercam.com\/camsurf\/","url":"https:\/\/strangercam.com\/camsurf\/","name":"Camsurf - Alternatywy i recenzje stron z czatami - StrangerCam","isPartOf":{"@id":"https:\/\/strangercam.com\/#website"},"datePublished":"2024-10-03T12:29:19+00:00","dateModified":"2025-06-16T11:27:40+00:00","description":"Odkryj najlepsze strony z czatami wideo, wraz z ocenami i recenzjami. Ciesz si\u0119 darmowymi czatami przed kamer\u0105, kt\u00f3re pozwol\u0105 Ci pozna\u0107 nowych ludzi.","breadcrumb":{"@id":"https:\/\/strangercam.com\/camsurf\/#breadcrumb"},"inLanguage":"pl-PL","potentialAction":[{"@type":"ReadAction","target":["https:\/\/strangercam.com\/camsurf\/"]}]},{"@type":"BreadcrumbList","@id":"https:\/\/strangercam.com\/camsurf\/#breadcrumb","itemListElement":[{"@type":"ListItem","position":1,"name":"Home","item":"https:\/\/strangercam.com\/"},{"@type":"ListItem","position":2,"name":"Camsurf"}]},{"@type":"WebSite","@id":"https:\/\/strangercam.com\/#website","url":"https:\/\/strangercam.com\/","name":"Strangercam","description":"Losowy czat wideo z nieznajomymi","publisher":{"@id":"https:\/\/strangercam.com\/#organization"},"alternateName":"Strangercam.com","potentialAction":[{"@type":"SearchAction","target":{"@type":"EntryPoint","urlTemplate":"https:\/\/strangercam.com\/?s={search_term_string}"},"query-input":{"@type":"PropertyValueSpecification","valueRequired":true,"valueName":"search_term_string"}}],"inLanguage":"pl-PL"},{"@type":"Organization","@id":"https:\/\/strangercam.com\/#organization","name":"Strangercam","alternateName":"Strangercam.com","url":"https:\/\/strangercam.com\/","logo":{"@type":"ImageObject","inLanguage":"pl-PL","@id":"https:\/\/strangercam.com\/#\/schema\/logo\/image\/","url":"https:\/\/strangercam.com\/wp-content\/uploads\/2020\/11\/cropped-new-favicon-black.png","contentUrl":"https:\/\/strangercam.com\/wp-content\/uploads\/2020\/11\/cropped-new-favicon-black.png","width":512,"height":512,"caption":"Strangercam"},"image":{"@id":"https:\/\/strangercam.com\/#\/schema\/logo\/image\/"},"sameAs":["https:\/\/www.facebook.com\/strangercam","https:\/\/x.com\/strangercamapp"]}]}},"_links":{"self":[{"href":"https:\/\/strangercam.com\/pl\/wp-json\/wp\/v2\/pages\/12574","targetHints":{"allow":["GET"]}}],"collection":[{"href":"https:\/\/strangercam.com\/pl\/wp-json\/wp\/v2\/pages"}],"about":[{"href":"https:\/\/strangercam.com\/pl\/wp-json\/wp\/v2\/types\/page"}],"author":[{"embeddable":true,"href":"https:\/\/strangercam.com\/pl\/wp-json\/wp\/v2\/users\/7"}],"replies":[{"embeddable":true,"href":"https:\/\/strangercam.com\/pl\/wp-json\/wp\/v2\/comments?post=12574"}],"version-history":[{"count":1,"href":"https:\/\/strangercam.com\/pl\/wp-json\/wp\/v2\/pages\/12574\/revisions"}],"predecessor-version":[{"id":12862,"href":"https:\/\/strangercam.com\/pl\/wp-json\/wp\/v2\/pages\/12574\/revisions\/12862"}],"wp:attachment":[{"href":"https:\/\/strangercam.com\/pl\/wp-json\/wp\/v2\/media?parent=12574"}],"curies":[{"name":"wp","href":"https:\/\/api.w.org\/{rel}","templated":true}]}}