{"id":12565,"date":"2024-10-07T10:40:10","date_gmt":"2024-10-07T08:40:10","guid":{"rendered":"https:\/\/strangercam.com\/?page_id=12565"},"modified":"2025-02-04T09:34:08","modified_gmt":"2025-02-04T07:34:08","slug":"chamet","status":"publish","type":"page","link":"https:\/\/strangercam.com\/pl\/chamet\/","title":{"rendered":"Chamet"},"content":{"rendered":"<p>Szukasz \u017cywego wideo? <a href=\"https:\/\/strangercam.com\/pl\/chatroulette\/\">czat<\/a> aplikacja do <a href=\"https:\/\/strangercam.com\/pl\/coomeet\/\">spotkanie<\/a> poznawa\u0107 nowych ludzi, anga\u017cowa\u0107 si\u0119 w rozmowy w czasie rzeczywistym lub po prostu odkrywa\u0107 nowe kultury? Chamet oferuje interaktywn\u0105 platform\u0119 do rozm\u00f3w wideo jeden na jednego, transmisji na \u017cywo i czat\u00f3w grupowych, \u0142\u0105cz\u0105c u\u017cytkownik\u00f3w na ca\u0142ym \u015bwiecie. W tym szczeg\u00f3\u0142owym przegl\u0105dzie zag\u0142\u0119bimy si\u0119 w kluczowe funkcje Chamet, spos\u00f3b jego dzia\u0142ania i to, co odr\u00f3\u017cnia go od innych. <a href=\"https:\/\/strangercam.com\/pl\/rabbit-video-chat\/\">czat wideo<\/a> aplikacji na rynku.<\/p>\n<h2>Co to jest Chamet?<\/h2>\n<p>Chamet jest <strong>aplikacja do rozm\u00f3w wideo<\/strong> dost\u0119pny zar\u00f3wno na urz\u0105dzeniach z systemem iOS, jak i Android. Jej g\u0142\u00f3wnym celem jest pomoc u\u017cytkownikom:<\/p>\n<ul>\n<li><strong>Poznawanie nowych ludzi<\/strong>: Odkryj \u015bwie\u017ce twarze z ca\u0142ego \u015bwiata.<\/li>\n<li><strong>Anga\u017cowanie si\u0119 w sensowne rozmowy<\/strong>: Nawi\u0105zuj rozmowy za po\u015brednictwem po\u0142\u0105cze\u0144 wideo na \u017cywo lub sesji grupowych.<\/li>\n<li><strong>T\u0142umaczenia w czasie rzeczywistym<\/strong>: Pokonaj bariery j\u0119zykowe i po\u0142\u0105cz si\u0119 z mi\u0119dzynarodow\u0105 spo\u0142eczno\u015bci\u0105.<\/li>\n<li><strong>Poznaj r\u00f3\u017cnorodne kultury<\/strong>: Uzyskanie wgl\u0105du w r\u00f3\u017cne style \u017cycia i \u015brodowiska.<\/li>\n<\/ul>\n<p>Chamet \u0142\u0105czy spontaniczno\u015b\u0107 losowych rozm\u00f3w wideo z przyjaznymi dla u\u017cytkownika funkcjami, takimi jak tagi zainteresowa\u0144, wirtualne prezenty i waluta w aplikacji, aby poprawi\u0107 og\u00f3lne wra\u017cenia.<\/p>\n<h2>Kluczowe cechy<\/h2>\n<h3>1. Po\u0142\u0105czenia wideo na \u017cywo<\/h3>\n<p>Rdzeniem Chamet jest <strong>Czaty wideo jeden na jednego<\/strong> kt\u00f3re umo\u017cliwiaj\u0105 natychmiastowe nawi\u0105zywanie kontakt\u00f3w z nowymi osobami. Mo\u017cesz rozpocz\u0105\u0107 po\u0142\u0105czenie jednym dotkni\u0119ciem, a je\u015bli rozmowa nie wzbudzi Twojego zainteresowania, mo\u017cesz szybko przej\u015b\u0107 dalej, aby znale\u017a\u0107 inne dopasowanie.<\/p>\n<h3>2. Dopasowanie globalne<\/h3>\n<p>Chamet \u0142\u0105czy Ci\u0119 z u\u017cytkownikami z r\u00f3\u017cnych kraj\u00f3w, zapewniaj\u0105c prawdziwie <strong>globalna spo\u0142eczno\u015b\u0107<\/strong>. Jest to idealne rozwi\u0105zanie dla ka\u017cdego, kto chce \u0107wiczy\u0107 nowe j\u0119zyki lub poznawa\u0107 r\u00f3\u017cne kultury z pierwszej r\u0119ki.<\/p>\n<h3>3. T\u0142umaczenie w czasie rzeczywistym<\/h3>\n<p>Aby prze\u0142ama\u0107 bariery j\u0119zykowe, Chamet oferuje wbudowany translator, kt\u00f3ry mo\u017ce automatycznie t\u0142umaczy\u0107 wiadomo\u015bci podczas po\u0142\u0105cze\u0144 wideo. Funkcja ta pomaga tworzy\u0107 p\u0142ynniejsze rozmowy, niezale\u017cnie od j\u0119zyka ojczystego.<\/p>\n<h3>4. Grupowe transmisje na \u017cywo<\/h3>\n<p>Opr\u00f3cz po\u0142\u0105cze\u0144 jeden na jeden, Chamet obs\u0142uguje r\u00f3wnie\u017c grupowe transmisje na \u017cywo, w kt\u00f3rych wielu u\u017cytkownik\u00f3w mo\u017ce do\u0142\u0105czy\u0107 do wirtualnego \u201cpokoju\u201d. Gospodarze mog\u0105 anga\u017cowa\u0107 si\u0119 w rozmow\u0119 z publiczno\u015bci\u0105, dzi\u0119ki czemu jest to idealne rozwi\u0105zanie:<\/p>\n<ul>\n<li><strong>Wirtualne imprezy<\/strong><\/li>\n<li><strong>Sesje pyta\u0144 i odpowiedzi<\/strong><\/li>\n<li><strong>Grupy wymiany j\u0119zykowej<\/strong><\/li>\n<li><strong>Przypadkowe spotkania z przyjaci\u00f3\u0142mi<\/strong><\/li>\n<\/ul>\n<h3>5. Wirtualne prezenty i waluta w aplikacji<\/h3>\n<p>Chamet zawiera wirtualn\u0105 ekonomi\u0119 z mo\u017cliwo\u015bci\u0105 zakupu <strong>monety<\/strong>. Monety te mog\u0105 by\u0107 u\u017cywane do wysy\u0142ania <strong>wirtualne prezenty<\/strong>-jak naklejki i efekty specjalne - gospodarzom lub nowym znajomym. Prezenty dodaj\u0105 warstw\u0119 interakcji i pomagaj\u0105 u\u017cytkownikom wyr\u00f3\u017cni\u0107 si\u0119 podczas zat\u0142oczonych transmisji na \u017cywo.<\/p>\n<h2>Jak dzia\u0142a Chamet<\/h2>\n<h3>1. Szybka rejestracja<\/h3>\n<p>U\u017cytkownicy mog\u0105 <strong>zarejestruj si\u0119<\/strong> za pomoc\u0105 r\u00f3\u017cnych metod, takich jak:<\/p>\n<ul>\n<li>Weryfikacja numeru telefonu<\/li>\n<li>Konta w mediach spo\u0142eczno\u015bciowych (takich jak Facebook czy Google)<\/li>\n<\/ul>\n<p>Po rejestracji mo\u017cna utworzy\u0107 kr\u00f3tki profil i spersonalizowa\u0107 go za pomoc\u0105 zdj\u0119\u0107 lub kr\u00f3tkiej biografii.<\/p>\n<h3>2. Konfiguracja i dopasowanie profilu<\/h3>\n<p>Po zarejestrowaniu si\u0119 masz mo\u017cliwo\u015b\u0107:<\/p>\n<ul>\n<li><strong>Wybierz preferencje<\/strong> (np. j\u0119zyki lub zainteresowania)<\/li>\n<li><strong>W\u0142\u0105cz wykrywanie na podstawie lokalizacji<\/strong> dla bardziej zlokalizowanych czat\u00f3w<\/li>\n<li><strong>U\u017cywanie tag\u00f3w zainteresowa\u0144<\/strong> aby dopasowa\u0107 si\u0119 do u\u017cytkownik\u00f3w, kt\u00f3rzy podzielaj\u0105 Twoje hobby<\/li>\n<\/ul>\n<p>Algorytm Chamet pomaga nast\u0119pnie \u0142\u0105czy\u0107 si\u0119 z u\u017cytkownikami w czasie rzeczywistym.<\/p>\n<h3>3. \u015arodki bezpiecze\u0144stwa w aplikacji<\/h3>\n<p>Zanim rozpocznie si\u0119 jakakolwiek sesja wideo, Chamet oferuje podstawowe narz\u0119dzia moderacji i weryfikacji, aby zapewni\u0107, \u017ce u\u017cytkownicy platformy przestrzegaj\u0105 wytycznych spo\u0142eczno\u015bci.<\/p>\n<h2>Bezpiecze\u0144stwo i umiar<\/h2>\n<p><a href=\"https:\/\/strangercam.com\/pl\/chathub\/\">Losowy czat wideo<\/a> Aplikacje mog\u0105 czasami napotyka\u0107 nieodpowiednie lub szkodliwe tre\u015bci. Chamet rozwi\u0105zuje ten problem poprzez:<\/p>\n<ul>\n<li><strong>Filtrowanie tre\u015bci oparte na sztucznej inteligencji<\/strong>: System automatycznie wykrywa jawne lub problematyczne zachowanie.<\/li>\n<li><strong>Raportowanie i blokowanie<\/strong>: U\u017cytkownicy mog\u0105 \u0142atwo zg\u0142asza\u0107 osoby naruszaj\u0105ce przepisy i blokowa\u0107 je przed kontaktem w przysz\u0142o\u015bci.<\/li>\n<li><strong>Wytyczne dla spo\u0142eczno\u015bci<\/strong>: Chamet egzekwuje zasady dotycz\u0105ce jawnego lub szkodliwego zachowania, z mo\u017cliwo\u015bci\u0105 zawieszenia konta w przypadku powtarzaj\u0105cych si\u0119 narusze\u0144.<\/li>\n<\/ul>\n<h2>Plusy i minusy Chamet<\/h2>\n<p>Jak ka\u017cda platforma, Chamet ma swoje zalety i wady. Oto kr\u00f3tkie podsumowanie:<\/p>\n<table>\n<thead>\n<tr>\n<th>Plusy<\/th>\n<th>Wady<\/th>\n<\/tr>\n<\/thead>\n<tbody>\n<tr>\n<td>\n<ul>\n<li>T\u0142umaczenie w czasie rzeczywistym w celu z\u0142agodzenia barier j\u0119zykowych<\/li>\n<li>R\u00f3\u017cnorodne funkcje, w tym strumienie grupowe i wirtualne prezenty<\/li>\n<li>\u0141atwa rejestracja z wieloma opcjami rejestracji<\/li>\n<li>Silna globalna baza u\u017cytkownik\u00f3w zapewniaj\u0105ca r\u00f3\u017cnorodne interakcje<\/li>\n<li>Wbudowane narz\u0119dzia moderacji dla bezpieczniejszych rozm\u00f3w<\/li>\n<\/ul>\n<\/td>\n<td>\n<ul>\n<li>Niekt\u00f3re funkcje s\u0105 zablokowane za zakupami w aplikacji<\/li>\n<li>Mo\u017cliwo\u015b\u0107 napotkania nieodpowiednich tre\u015bci (cho\u0107 moderowanych)<\/li>\n<li>Wi\u0119ksze zu\u017cycie danych dla po\u0142\u0105cze\u0144 wideo HD<\/li>\n<li>Gospodarka oparta na monetach mo\u017ce zach\u0119ca\u0107 do cz\u0119stych wydatk\u00f3w<\/li>\n<\/ul>\n<\/td>\n<\/tr>\n<\/tbody>\n<\/table>\n<h2>Wskaz\u00f3wki, jak najlepiej wykorzysta\u0107 Chamet<\/h2>\n<h3>1. Uzupe\u0142nij sw\u00f3j profil<\/h3>\n<p>Dodaj wyra\u017ane zdj\u0119cie profilowe i wymie\u0144 zainteresowania lub j\u0119zyki, kt\u00f3rymi si\u0119 pos\u0142ugujesz. Zwi\u0119ksza to szanse na nawi\u0105zanie rozmowy i budowanie relacji.<\/p>\n<h3>2. M\u0105dre korzystanie z t\u0142umacze\u0144 w czasie rzeczywistym<\/h3>\n<p>\u0106wicz aktywne s\u0142uchanie i korzystaj z funkcji t\u0142umaczenia, aby zrozumie\u0107 niuanse. Dzi\u0119ki temu rozmowy wideo b\u0119d\u0105 p\u0142ynniejsze i bardziej satysfakcjonuj\u0105ce.<\/p>\n<h3>3. Skorzystaj z grupowych transmisji na \u017cywo<\/h3>\n<p>Do\u0142\u0105cz lub zorganizuj sesj\u0119 grupow\u0105 na interesuj\u0105cy Ci\u0119 temat. To \u015bwietny spos\u00f3b na znalezienie podobnie my\u015bl\u0105cych u\u017cytkownik\u00f3w i wywo\u0142anie o\u017cywionych dyskusji.<\/p>\n<h3>4. Bezpiecze\u0144stwo w sieci<\/h3>\n<ul>\n<li>Unikaj udost\u0119pniania danych osobowych (adres, dane finansowe) w publicznych strumieniach.<\/li>\n<li>Natychmiast zg\u0142aszaj wszelkie podejrzane lub obra\u017aliwe zachowania.<\/li>\n<\/ul>\n<h2>Por\u00f3wnania z innymi aplikacjami do czat\u00f3w wideo<\/h2>\n<p>Chamet konkuruje na zat\u0142oczonym rynku z popularnymi aplikacjami do losowych rozm\u00f3w wideo. Wyr\u00f3\u017cnia si\u0119 poprzez:<\/p>\n<ul>\n<li><strong>T\u0142umaczenia w czasie rzeczywistym<\/strong>: Bezproblemowe rozmowy mi\u0119dzykulturowe.<\/li>\n<li><strong>Grupowe transmisje na \u017cywo<\/strong>: Umo\u017cliwienie interakcji wielu u\u017cytkownik\u00f3w, podczas gdy wiele losowych aplikacji ogranicza si\u0119 do po\u0142\u0105cze\u0144 jeden na jednego.<\/li>\n<li><strong>Interaktywne wirtualne prezenty<\/strong>: Zabawny spos\u00f3b na okazanie uznania lub wyr\u00f3\u017cnienie si\u0119 na tle innych widz\u00f3w.<\/li>\n<\/ul>\n<h2>Wnioski<\/h2>\n<p>Chamet wyr\u00f3\u017cnia si\u0119 w aplikacji do rozm\u00f3w wideo <a href=\"https:\/\/strangercam.com\/pl\/mocospace\/\">przestrze\u0144<\/a> \u0142\u0105cz\u0105c globaln\u0105 spo\u0142eczno\u015b\u0107 z interaktywnymi funkcjami, takimi jak t\u0142umaczenia na \u017cywo, wirtualne prezenty i strumienie grupowe. Niezale\u017cnie od tego, czy chcesz nawi\u0105za\u0107 znajomo\u015bci na r\u00f3\u017cnych kontynentach, doskonali\u0107 swoje umiej\u0119tno\u015bci j\u0119zykowe, czy po prostu wypr\u00f3bowa\u0107 nowy rodzaj zaanga\u017cowania spo\u0142ecznego, Chamet zapewnia wiele sposob\u00f3w \u0142\u0105czenia si\u0119 w czasie rzeczywistym.<br \/>\nK\u0142ad\u0105c nacisk na bezpiecze\u0144stwo i zabaw\u0119, Chamet przemawia do szerokiej bazy u\u017cytkownik\u00f3w - od zwyk\u0142ych czatownik\u00f3w po entuzjast\u00f3w medi\u00f3w spo\u0142eczno\u015bciowych poszukuj\u0105cych bardziej osobistej formy interakcji online. Je\u015bli jeste\u015b gotowy na nowe cyfrowe przyja\u017anie i odkrywanie wirtualnych kultur na ca\u0142ym \u015bwiecie, wypr\u00f3buj Chamet i zobacz, kto czeka na drugim ko\u0144cu nast\u0119pnej rozmowy wideo.<\/p>","protected":false},"excerpt":{"rendered":"<p>Are you searching for a lively video chat app to meet new people, engage in real-time conversations, or simply explore new cultures? Chamet offers an interactive platform for one-on-one video calls, live streams, and group chats, bringing users together across the globe. In this detailed overview, we\u2019ll delve into Chamet\u2019s key features, how it works, [&hellip;]<\/p>\n","protected":false},"author":6,"featured_media":0,"parent":0,"menu_order":0,"comment_status":"closed","ping_status":"closed","template":"","meta":{"footnotes":""},"class_list":["post-12565","page","type-page","status-publish","hentry"],"yoast_head":"<!-- This site is optimized with the Yoast SEO plugin v26.9 - https:\/\/yoast.com\/product\/yoast-seo-wordpress\/ -->\n<title>Chamet - Global Video Connections &amp; Chat - StrangerCam.com<\/title>\n<meta name=\"description\" content=\"Discover Chamet, the ultimate online platform connecting you to free video chat rooms and live streams. Join Chamet today!\" \/>\n<meta name=\"robots\" content=\"index, follow, max-snippet:-1, max-image-preview:large, max-video-preview:-1\" \/>\n<link rel=\"canonical\" href=\"https:\/\/strangercam.com\/pl\/chamet\/\" \/>\n<meta property=\"og:locale\" content=\"pl_PL\" \/>\n<meta property=\"og:type\" content=\"article\" \/>\n<meta property=\"og:title\" content=\"Chamet - Global Video Connections &amp; Chat - StrangerCam.com\" \/>\n<meta property=\"og:description\" content=\"Discover Chamet, the ultimate online platform connecting you to free video chat rooms and live streams. Join Chamet today!\" \/>\n<meta property=\"og:url\" content=\"https:\/\/strangercam.com\/pl\/chamet\/\" \/>\n<meta property=\"og:site_name\" content=\"Strangercam\" \/>\n<meta property=\"article:publisher\" content=\"https:\/\/www.facebook.com\/strangercam\" \/>\n<meta property=\"article:modified_time\" content=\"2025-02-04T07:34:08+00:00\" \/>\n<meta property=\"og:image\" content=\"https:\/\/strangercam.com\/wp-content\/uploads\/2021\/10\/Untitled-2.png\" \/>\n\t<meta property=\"og:image:width\" content=\"800\" \/>\n\t<meta property=\"og:image:height\" content=\"532\" \/>\n\t<meta property=\"og:image:type\" content=\"image\/png\" \/>\n<meta name=\"twitter:card\" content=\"summary_large_image\" \/>\n<meta name=\"twitter:site\" content=\"@strangercamapp\" \/>\n<meta name=\"twitter:label1\" content=\"Szacowany czas czytania\" \/>\n\t<meta name=\"twitter:data1\" content=\"4 minuty\" \/>\n<script type=\"application\/ld+json\" class=\"yoast-schema-graph\">{\"@context\":\"https:\/\/schema.org\",\"@graph\":[{\"@type\":\"WebPage\",\"@id\":\"https:\/\/strangercam.com\/chamet\/\",\"url\":\"https:\/\/strangercam.com\/chamet\/\",\"name\":\"Chamet - Global Video Connections & Chat - StrangerCam.com\",\"isPartOf\":{\"@id\":\"https:\/\/strangercam.com\/#website\"},\"datePublished\":\"2024-10-07T08:40:10+00:00\",\"dateModified\":\"2025-02-04T07:34:08+00:00\",\"description\":\"Discover Chamet, the ultimate online platform connecting you to free video chat rooms and live streams. Join Chamet today!\",\"breadcrumb\":{\"@id\":\"https:\/\/strangercam.com\/chamet\/#breadcrumb\"},\"inLanguage\":\"pl-PL\",\"potentialAction\":[{\"@type\":\"ReadAction\",\"target\":[\"https:\/\/strangercam.com\/chamet\/\"]}]},{\"@type\":\"BreadcrumbList\",\"@id\":\"https:\/\/strangercam.com\/chamet\/#breadcrumb\",\"itemListElement\":[{\"@type\":\"ListItem\",\"position\":1,\"name\":\"Home\",\"item\":\"https:\/\/strangercam.com\/\"},{\"@type\":\"ListItem\",\"position\":2,\"name\":\"Chamet\"}]},{\"@type\":\"WebSite\",\"@id\":\"https:\/\/strangercam.com\/#website\",\"url\":\"https:\/\/strangercam.com\/\",\"name\":\"Strangercam\",\"description\":\"Random Video Chat with Strangers\",\"publisher\":{\"@id\":\"https:\/\/strangercam.com\/#organization\"},\"alternateName\":\"Strangercam.com\",\"potentialAction\":[{\"@type\":\"SearchAction\",\"target\":{\"@type\":\"EntryPoint\",\"urlTemplate\":\"https:\/\/strangercam.com\/?s={search_term_string}\"},\"query-input\":{\"@type\":\"PropertyValueSpecification\",\"valueRequired\":true,\"valueName\":\"search_term_string\"}}],\"inLanguage\":\"pl-PL\"},{\"@type\":\"Organization\",\"@id\":\"https:\/\/strangercam.com\/#organization\",\"name\":\"Strangercam\",\"alternateName\":\"Strangercam.com\",\"url\":\"https:\/\/strangercam.com\/\",\"logo\":{\"@type\":\"ImageObject\",\"inLanguage\":\"pl-PL\",\"@id\":\"https:\/\/strangercam.com\/#\/schema\/logo\/image\/\",\"url\":\"https:\/\/strangercam.com\/wp-content\/uploads\/2020\/11\/cropped-new-favicon-black.png\",\"contentUrl\":\"https:\/\/strangercam.com\/wp-content\/uploads\/2020\/11\/cropped-new-favicon-black.png\",\"width\":512,\"height\":512,\"caption\":\"Strangercam\"},\"image\":{\"@id\":\"https:\/\/strangercam.com\/#\/schema\/logo\/image\/\"},\"sameAs\":[\"https:\/\/www.facebook.com\/strangercam\",\"https:\/\/x.com\/strangercamapp\"]}]}<\/script>\n<!-- \/ Yoast SEO plugin. -->","yoast_head_json":{"title":"Chamet - Globalne po\u0142\u0105czenia wideo i czat - StrangerCam.com","description":"Odkryj Chamet, najlepsz\u0105 platform\u0119 online \u0142\u0105cz\u0105c\u0105 Ci\u0119 z darmowymi czatami wideo i transmisjami na \u017cywo. Do\u0142\u0105cz do Chamet ju\u017c dzi\u015b!","robots":{"index":"index","follow":"follow","max-snippet":"max-snippet:-1","max-image-preview":"max-image-preview:large","max-video-preview":"max-video-preview:-1"},"canonical":"https:\/\/strangercam.com\/pl\/chamet\/","og_locale":"pl_PL","og_type":"article","og_title":"Chamet - Global Video Connections & Chat - StrangerCam.com","og_description":"Discover Chamet, the ultimate online platform connecting you to free video chat rooms and live streams. Join Chamet today!","og_url":"https:\/\/strangercam.com\/pl\/chamet\/","og_site_name":"Strangercam","article_publisher":"https:\/\/www.facebook.com\/strangercam","article_modified_time":"2025-02-04T07:34:08+00:00","og_image":[{"width":800,"height":532,"url":"https:\/\/strangercam.com\/wp-content\/uploads\/2021\/10\/Untitled-2.png","type":"image\/png"}],"twitter_card":"summary_large_image","twitter_site":"@strangercamapp","twitter_misc":{"Szacowany czas czytania":"4 minuty"},"schema":{"@context":"https:\/\/schema.org","@graph":[{"@type":"WebPage","@id":"https:\/\/strangercam.com\/chamet\/","url":"https:\/\/strangercam.com\/chamet\/","name":"Chamet - Globalne po\u0142\u0105czenia wideo i czat - StrangerCam.com","isPartOf":{"@id":"https:\/\/strangercam.com\/#website"},"datePublished":"2024-10-07T08:40:10+00:00","dateModified":"2025-02-04T07:34:08+00:00","description":"Odkryj Chamet, najlepsz\u0105 platform\u0119 online \u0142\u0105cz\u0105c\u0105 Ci\u0119 z darmowymi czatami wideo i transmisjami na \u017cywo. Do\u0142\u0105cz do Chamet ju\u017c dzi\u015b!","breadcrumb":{"@id":"https:\/\/strangercam.com\/chamet\/#breadcrumb"},"inLanguage":"pl-PL","potentialAction":[{"@type":"ReadAction","target":["https:\/\/strangercam.com\/chamet\/"]}]},{"@type":"BreadcrumbList","@id":"https:\/\/strangercam.com\/chamet\/#breadcrumb","itemListElement":[{"@type":"ListItem","position":1,"name":"Home","item":"https:\/\/strangercam.com\/"},{"@type":"ListItem","position":2,"name":"Chamet"}]},{"@type":"WebSite","@id":"https:\/\/strangercam.com\/#website","url":"https:\/\/strangercam.com\/","name":"Strangercam","description":"Losowy czat wideo z nieznajomymi","publisher":{"@id":"https:\/\/strangercam.com\/#organization"},"alternateName":"Strangercam.com","potentialAction":[{"@type":"SearchAction","target":{"@type":"EntryPoint","urlTemplate":"https:\/\/strangercam.com\/?s={search_term_string}"},"query-input":{"@type":"PropertyValueSpecification","valueRequired":true,"valueName":"search_term_string"}}],"inLanguage":"pl-PL"},{"@type":"Organization","@id":"https:\/\/strangercam.com\/#organization","name":"Strangercam","alternateName":"Strangercam.com","url":"https:\/\/strangercam.com\/","logo":{"@type":"ImageObject","inLanguage":"pl-PL","@id":"https:\/\/strangercam.com\/#\/schema\/logo\/image\/","url":"https:\/\/strangercam.com\/wp-content\/uploads\/2020\/11\/cropped-new-favicon-black.png","contentUrl":"https:\/\/strangercam.com\/wp-content\/uploads\/2020\/11\/cropped-new-favicon-black.png","width":512,"height":512,"caption":"Strangercam"},"image":{"@id":"https:\/\/strangercam.com\/#\/schema\/logo\/image\/"},"sameAs":["https:\/\/www.facebook.com\/strangercam","https:\/\/x.com\/strangercamapp"]}]}},"_links":{"self":[{"href":"https:\/\/strangercam.com\/pl\/wp-json\/wp\/v2\/pages\/12565","targetHints":{"allow":["GET"]}}],"collection":[{"href":"https:\/\/strangercam.com\/pl\/wp-json\/wp\/v2\/pages"}],"about":[{"href":"https:\/\/strangercam.com\/pl\/wp-json\/wp\/v2\/types\/page"}],"author":[{"embeddable":true,"href":"https:\/\/strangercam.com\/pl\/wp-json\/wp\/v2\/users\/6"}],"replies":[{"embeddable":true,"href":"https:\/\/strangercam.com\/pl\/wp-json\/wp\/v2\/comments?post=12565"}],"version-history":[{"count":2,"href":"https:\/\/strangercam.com\/pl\/wp-json\/wp\/v2\/pages\/12565\/revisions"}],"predecessor-version":[{"id":12688,"href":"https:\/\/strangercam.com\/pl\/wp-json\/wp\/v2\/pages\/12565\/revisions\/12688"}],"wp:attachment":[{"href":"https:\/\/strangercam.com\/pl\/wp-json\/wp\/v2\/media?parent=12565"}],"curies":[{"name":"wp","href":"https:\/\/api.w.org\/{rel}","templated":true}]}}