{"id":12559,"date":"2024-09-30T14:05:14","date_gmt":"2024-09-30T12:05:14","guid":{"rendered":"https:\/\/strangercam.com\/?page_id=12559"},"modified":"2025-06-16T13:32:29","modified_gmt":"2025-06-16T11:32:29","slug":"shagle","status":"publish","type":"page","link":"https:\/\/strangercam.com\/pl\/shagle\/","title":{"rendered":"Shagle"},"content":{"rendered":"<p>W coraz bardziej po\u0142\u0105czonym \u015bwiecie pragnienie <a href=\"https:\/\/strangercam.com\/pl\/coomeet\/\">spotkanie<\/a> W ostatnich latach znacznie wzros\u0142a potrzeba poznawania nowych ludzi i do\u015bwiadczania r\u00f3\u017cnych kultur. Shagle odpowiada na t\u0119 potrzeb\u0119, zapewniaj\u0105c platform\u0119, kt\u00f3ra \u0142\u0105czy u\u017cytkownik\u00f3w za po\u015brednictwem losowych czat\u00f3w wideo na ca\u0142ym \u015bwiecie. Oferuj\u0105c funkcje takie jak filtry p\u0142ci i lokalizacji, wirtualne maski i przyjazny dla u\u017cytkownika interfejs, Shagle u\u0142atwia spontaniczne interakcje i wymian\u0119 kulturow\u0105 w czasie rzeczywistym. Niniejsza recenzja zawiera dog\u0142\u0119bn\u0105 analiz\u0119 funkcji Shagle, do\u015bwiadczenia u\u017cytkownika, opcji cenowych, \u015brodk\u00f3w bezpiecze\u0144stwa i pozycji w stosunku do konkurencji.<\/p>\n<h2>Przegl\u0105d Shagle<\/h2>\n<p>Wprowadzony na rynek w 2017 roku, Shagle szybko sta\u0142 si\u0119 znacz\u0105cym graczem w dziedzinie wideo online <a href=\"https:\/\/strangercam.com\/pl\/chatroulette\/\">czat<\/a> platformy. Zosta\u0142 stworzony, aby umo\u017cliwi\u0107 u\u017cytkownikom natychmiastowe \u0142\u0105czenie si\u0119 z nieznajomymi na ca\u0142ym \u015bwiecie, promuj\u0105c globaln\u0105 spo\u0142eczno\u015b\u0107 os\u00f3b poszukuj\u0105cych nowych przyja\u017ani, praktyki j\u0119zykowej lub po prostu anga\u017cuj\u0105cych rozm\u00f3w. Z milionami u\u017cytkownik\u00f3w w r\u00f3\u017cnych krajach, Shagle oferuje zr\u00f3\u017cnicowane i dynamiczne \u015brodowisko do interakcji w czasie rzeczywistym.<\/p>\n<h2>Kluczowe cechy<\/h2>\n<h3>Losowy czat wideo<\/h3>\n<p>Sercem Shagle jest jego <a href=\"https:\/\/strangercam.com\/pl\/chathub\/\">Losowy czat wideo<\/a> funkcjonalno\u015b\u0107. U\u017cytkownicy s\u0105 losowo parowani z innymi osobami z ca\u0142ego \u015bwiata, co pozwala na spontaniczne i ekscytuj\u0105ce rozmowy. Funkcja ta dzia\u0142a p\u0142ynnie, zapewniaj\u0105c wysokiej jako\u015bci strumienie wideo i audio, aby zapewni\u0107 wci\u0105gaj\u0105ce wra\u017cenia.<\/p>\n<h3>Filtry p\u0142ci i lokalizacji<\/h3>\n<p>Aby spersonalizowa\u0107 interakcje, Shagle oferuje filtry p\u0142ci i lokalizacji:<\/p>\n<ul>\n<li><strong>Filtry p\u0142ci<\/strong>: U\u017cytkownicy mog\u0105 wybra\u0107 czatowanie z osobami okre\u015blonej p\u0142ci, dostosowuj\u0105c do\u015bwiadczenie do swoich preferencji.<\/li>\n<li><strong>Filtry lokalizacji<\/strong>: Umo\u017cliwia u\u017cytkownikom \u0142\u0105czenie si\u0119 z osobami z okre\u015blonych kraj\u00f3w, u\u0142atwiaj\u0105c wymian\u0119 kulturow\u0105 lub praktyk\u0119 j\u0119zykow\u0105.<\/li>\n<\/ul>\n<p>Filtry te zwi\u0119kszaj\u0105 trafno\u015b\u0107 dopasowa\u0144 i poprawiaj\u0105 zadowolenie u\u017cytkownik\u00f3w.<\/p>\n<h3>Wirtualne maski<\/h3>\n<p>Rozumiej\u0105c, \u017ce niekt\u00f3rzy u\u017cytkownicy mog\u0105 preferowa\u0107 anonimowo\u015b\u0107, Shagle zapewnia wirtualne maski:<\/p>\n<ul>\n<li><strong>Opcje anonimowo\u015bci<\/strong>: U\u017cytkownicy mog\u0105 nak\u0142ada\u0107 cyfrowe maski na swoje twarze podczas rozm\u00f3w wideo, dodaj\u0105c warstw\u0119 prywatno\u015bci.<\/li>\n<li><strong>Zabawa i zaanga\u017cowanie<\/strong>: Maski mog\u0105 r\u00f3wnie\u017c sprawi\u0107, \u017ce rozmowy b\u0119d\u0105 bardziej zabawne, a u\u017cytkownicy poczuj\u0105 si\u0119 bardziej komfortowo.<\/li>\n<\/ul>\n<h3>Opcja czatu tekstowego<\/h3>\n<p>Dla u\u017cytkownik\u00f3w, kt\u00f3rzy mog\u0105 nie mie\u0107 dost\u0119pu do kamery internetowej lub wol\u0105 nie korzysta\u0107 z wideo, Shagle oferuje tekst <a href=\"https:\/\/strangercam.com\/pl\/chat-alternative\/\">Alternatywa dla czatu<\/a>:<\/p>\n<ul>\n<li><strong>Elastyczno\u015b\u0107<\/strong>: P\u0142ynne prze\u0142\u0105czanie mi\u0119dzy trybami wideo i czatu tekstowego.<\/li>\n<li><strong>Dost\u0119pno\u015b\u0107<\/strong>: Zapewnia, \u017ce u\u017cytkownicy mog\u0105 nadal \u0142\u0105czy\u0107 si\u0119 i komunikowa\u0107 bez wideo.<\/li>\n<\/ul>\n<h3>Kompatybilno\u015b\u0107 z urz\u0105dzeniami mobilnymi<\/h3>\n<p>Shagle uznaje znaczenie dost\u0119pno\u015bci i zapewnia j\u0105:<\/p>\n<ul>\n<li><strong>Strona przyjazna dla urz\u0105dze\u0144 mobilnych<\/strong>: Platforma jest zoptymalizowana do u\u017cytku na smartfonach i tabletach za po\u015brednictwem przegl\u0105darek internetowych.<\/li>\n<li><strong>Aplikacja nie jest wymagana<\/strong>: U\u017cytkownicy maj\u0105 dost\u0119p do wszystkich funkcji bez konieczno\u015bci pobierania oddzielnej aplikacji.<\/li>\n<\/ul>\n<h2>Do\u015bwiadczenie u\u017cytkownika<\/h2>\n<h3>Interfejs i projekt<\/h3>\n<p>Shagle mo\u017ce pochwali\u0107 si\u0119 przejrzystym i intuicyjnym interfejsem:<\/p>\n<ul>\n<li><strong>\u0141atwa nawigacja<\/strong>: Prosty uk\u0142ad z wyra\u017anie oznaczonymi funkcjami.<\/li>\n<li><strong>Szybki dost\u0119p<\/strong>: U\u017cytkownicy mog\u0105 rozpocz\u0105\u0107 czat za pomoc\u0105 kilku klikni\u0119\u0107.<\/li>\n<li><strong>Nowoczesna estetyka<\/strong>: Projekt jest nowoczesny i atrakcyjny wizualnie.<\/li>\n<\/ul>\n<h3>Proces rejestracji<\/h3>\n<p>Shagle umo\u017cliwia u\u017cytkownikom rozpocz\u0119cie korzystania z platformy bez obowi\u0105zkowej rejestracji:<\/p>\n<ul>\n<li><strong>Rejestracja nie jest wymagana<\/strong>: Natychmiastowy dost\u0119p do podstawowych funkcji.<\/li>\n<li><strong>Opcjonalne tworzenie konta<\/strong>: U\u017cytkownicy mog\u0105 si\u0119 zarejestrowa\u0107, aby uzyska\u0107 dost\u0119p do dodatkowych funkcji lub zapisa\u0107 preferencje.<\/li>\n<li><strong>Koncentracja na prywatno\u015bci<\/strong>: Wymagane jest podanie minimalnej ilo\u015bci danych osobowych, co zwi\u0119ksza prywatno\u015b\u0107 u\u017cytkownika.<\/li>\n<\/ul>\n<h3>Wydajno\u015b\u0107 i niezawodno\u015b\u0107<\/h3>\n<p>Shagle zosta\u0142 zaprojektowany z my\u015bl\u0105 o optymalnej wydajno\u015bci:<\/p>\n<ul>\n<li><strong>Wysokiej jako\u015bci transmisja strumieniowa<\/strong>: Zapewnia niezawodn\u0105 jako\u015b\u0107 obrazu i d\u017awi\u0119ku.<\/li>\n<li><strong>Szybkie po\u0142\u0105czenia<\/strong>: Szybkie parowanie z innymi u\u017cytkownikami skraca czas oczekiwania.<\/li>\n<li><strong>Stabilna platforma<\/strong>: Minimalny czas przestoju zapewnia sta\u0142\u0105 dost\u0119pno\u015b\u0107.<\/li>\n<\/ul>\n<h2>Cennik i opcje subskrypcji<\/h2>\n<p>Podczas gdy wiele funkcji Shagle jest dost\u0119pnych za darmo, platforma oferuje subskrypcj\u0119 premium znan\u0105 jako <strong>Shagle Plus<\/strong> dla u\u017cytkownik\u00f3w poszukuj\u0105cych lepszych do\u015bwiadcze\u0144.<\/p>\n<h3>Bezp\u0142atne funkcje<\/h3>\n<ul>\n<li><strong>Losowy czat wideo<\/strong>: Nieograniczony dost\u0119p do losowych czat\u00f3w wideo.<\/li>\n<li><strong>Filtr p\u0142ci<\/strong>: Podstawowy dost\u0119p do selekcji p\u0142ci.<\/li>\n<li><strong>Wirtualne maski<\/strong>: Korzystanie z wirtualnych masek podczas czat\u00f3w.<\/li>\n<li><strong>Czat tekstowy<\/strong>: Mo\u017cliwo\u015b\u0107 prowadzenia rozm\u00f3w tekstowych.<\/li>\n<\/ul>\n<h3>Korzy\u015bci Shagle Plus<\/h3>\n<p>Subskrypcja Shagle Plus odblokowuje dodatkowe funkcje:<\/p>\n<ul>\n<li><strong>Zaawansowane filtry p\u0142ci<\/strong>: Bardziej precyzyjne opcje wyboru.<\/li>\n<li><strong>Filtry lokalizacji<\/strong>: Mo\u017cliwo\u015b\u0107 wyboru okre\u015blonych kraj\u00f3w dla po\u0142\u0105cze\u0144.<\/li>\n<li><strong>Do\u015bwiadczenie bez reklam<\/strong>: Usuni\u0119cie reklam w celu nieprzerwanego czatowania.<\/li>\n<li><strong>Ekskluzywne maski wirtualne<\/strong>: Dost\u0119p do szerszej gamy masek.<\/li>\n<li><strong>Funkcja ponownego po\u0142\u0105czenia<\/strong>: Opcja ponownego po\u0142\u0105czenia z poprzednimi u\u017cytkownikami.<\/li>\n<\/ul>\n<h3>Plany subskrypcji<\/h3>\n<p>Shagle Plus oferuje elastyczne opcje subskrypcji:<\/p>\n<ul>\n<li><strong>Plan tygodniowy<\/strong>: Idealny do u\u017cytku kr\u00f3tkoterminowego lub pr\u00f3bnego.<\/li>\n<li><strong>Plan miesi\u0119czny<\/strong>: Op\u0142acalne dla sta\u0142ych u\u017cytkownik\u00f3w.<\/li>\n<li><strong>Plan roczny<\/strong>: Zapewnia znaczne oszcz\u0119dno\u015bci przy d\u0142ugoterminowym zaanga\u017cowaniu.<\/li>\n<\/ul>\n<p>Ceny s\u0105 konkurencyjne i odzwierciedlaj\u0105 dodatkow\u0105 warto\u015b\u0107 zapewnian\u0105 przez funkcje premium.<\/p>\n<h2>Plusy i minusy<\/h2>\n<h3>Plusy<\/h3>\n<ul>\n<li><strong>Przyjazny dla u\u017cytkownika interfejs<\/strong>: Prosta i intuicyjna konstrukcja zwi\u0119ksza u\u017cyteczno\u015b\u0107.<\/li>\n<li><strong>Globalna baza u\u017cytkownik\u00f3w<\/strong>: Po\u0142\u0105cz si\u0119 z lud\u017ami z ca\u0142ego \u015bwiata.<\/li>\n<li><strong>Brak obowi\u0105zkowej rejestracji<\/strong>: Natychmiastowy dost\u0119p do podstawowych funkcji bez rejestracji.<\/li>\n<li><strong>Filtry elastyczne<\/strong>: Filtry p\u0142ci i lokalizacji personalizuj\u0105 do\u015bwiadczenie.<\/li>\n<li><strong>Opcje anonimowo\u015bci<\/strong>: Wirtualne maski zapewniaj\u0105 prywatno\u015b\u0107 i zabaw\u0119.<\/li>\n<\/ul>\n<h3>Wady<\/h3>\n<ul>\n<li><strong>Ograniczone darmowe filtry<\/strong>: Zaawansowane filtry s\u0105 ograniczone do subskrybent\u00f3w premium.<\/li>\n<li><strong>Reklamy<\/strong>: Darmowa wersja zawiera reklamy, kt\u00f3re mog\u0105 przeszkadza\u0107 w korzystaniu z gry.<\/li>\n<li><strong>Potencja\u0142 nieodpowiednich tre\u015bci<\/strong>: U\u017cytkownicy mog\u0105 napotka\u0107 nieodpowiednie zachowanie pomimo wysi\u0142k\u00f3w moderacji.<\/li>\n<li><strong>Brak dedykowanej aplikacji mobilnej<\/strong>: Brak aplikacji mobilnej mo\u017ce wp\u0142yn\u0105\u0107 na wygod\u0119 niekt\u00f3rych u\u017cytkownik\u00f3w.<\/li>\n<\/ul>\n<h2>Bezpiecze\u0144stwo i prywatno\u015b\u0107 u\u017cytkownik\u00f3w<\/h2>\n<h3>Zasady moderowania<\/h3>\n<p>Shagle zobowi\u0105zuje si\u0119 do zapewnienia bezpiecznego \u015brodowiska:<\/p>\n<ul>\n<li><strong>Automatyczna moderacja<\/strong>: Wykorzystuje technologi\u0119 do wykrywania i blokowania nieodpowiednich tre\u015bci.<\/li>\n<li><strong>Raportowanie u\u017cytkownik\u00f3w<\/strong>: Umo\u017cliwia u\u017cytkownikom zg\u0142aszanie niew\u0142a\u015bciwego post\u0119powania lub narusze\u0144.<\/li>\n<li><strong>Wytyczne dla spo\u0142eczno\u015bci<\/strong>: Ustanowiono jasne zasady promuj\u0105ce interakcje oparte na szacunku.<\/li>\n<\/ul>\n<h3>\u015arodki ochrony prywatno\u015bci<\/h3>\n<ul>\n<li><strong>Ochrona danych<\/strong>: Zgodno\u015b\u0107 z przepisami dotycz\u0105cymi prywatno\u015bci zapewnia bezpiecze\u0144stwo danych u\u017cytkownik\u00f3w.<\/li>\n<li><strong>Anonimowe u\u017cycie<\/strong>: U\u017cytkownicy mog\u0105 czatowa\u0107 bez ujawniania danych osobowych.<\/li>\n<li><strong>Funkcje sterowania<\/strong>: Mo\u017cliwo\u015b\u0107 roz\u0142\u0105czania, blokowania lub zg\u0142aszania innych u\u017cytkownik\u00f3w.<\/li>\n<\/ul>\n<h3>Wskaz\u00f3wki bezpiecze\u0144stwa dla u\u017cytkownik\u00f3w<\/h3>\n<ul>\n<li><strong>Ochrona danych osobowych<\/strong>: Unikaj udost\u0119pniania poufnych informacji.<\/li>\n<li><strong>M\u0105dre korzystanie z filtr\u00f3w<\/strong>: Dostosowywanie po\u0142\u0105cze\u0144 do preferowanych grup demograficznych.<\/li>\n<li><strong>B\u0105d\u017a ostro\u017cny<\/strong>: Zaufaj instynktom i od\u0142\u0105cz si\u0119 od niewygodnych sytuacji.<\/li>\n<li><strong>Zg\u0142aszanie narusze\u0144<\/strong>: Pomoc w utrzymaniu bezpiecznej spo\u0142eczno\u015bci poprzez zg\u0142aszanie problem\u00f3w.<\/li>\n<\/ul>\n<h2>Por\u00f3wnanie z konkurencj\u0105<\/h2>\n<h3>Shagle vs. Omegle<\/h3>\n<ul>\n<li><strong>Cechy<\/strong>: Shagle oferuje filtry p\u0142ci i lokalizacji, podczas gdy <a href=\"https:\/\/strangercam.com\/pl\/omegle\/\">Omegle<\/a> ma ograniczone opcje filtrowania.<\/li>\n<li><strong>Interfejs u\u017cytkownika<\/strong>: Interfejs Shagle jest bardziej nowoczesny i przyjazny dla u\u017cytkownika.<\/li>\n<li><strong>Opcje anonimowo\u015bci<\/strong>: Obie platformy umo\u017cliwiaj\u0105 anonimowe czatowanie, ale Shagle zapewnia wirtualne maski.<\/li>\n<\/ul>\n<h3>Shagle vs. Chatroulette<\/h3>\n<ul>\n<li><strong>Moderacja<\/strong>: Shagle stosuje bardziej rygorystyczne zasady moderacji w celu ograniczenia nieodpowiednich tre\u015bci.<\/li>\n<li><strong>Filtry<\/strong>: Shagle oferuje bardziej zaawansowane opcje filtrowania.<\/li>\n<li><strong>Dodatkowe funkcje<\/strong>: Wirtualne maski i opcje czatu tekstowego daj\u0105 Shagle przewag\u0119.<\/li>\n<\/ul>\n<h3>Shagle vs. Chatrandom<\/h3>\n<ul>\n<li><strong>Baza u\u017cytkownik\u00f3w<\/strong>: Obie maj\u0105 du\u017ce globalne spo\u0142eczno\u015bci.<\/li>\n<li><strong>Cechy<\/strong>: Chatrandom oferuje wiele tryb\u00f3w czatu, podczas gdy Shagle koncentruje si\u0119 na ulepszaniu do\u015bwiadcze\u0144 jeden na jednego.<\/li>\n<li><strong>Opcje Premium<\/strong>: Obie oferuj\u0105 subskrypcje premium z podobnymi korzy\u015bciami.<\/li>\n<\/ul>\n<h2>Wnioski<\/h2>\n<p>Shagle stanowi atrakcyjn\u0105 platform\u0119 dla os\u00f3b, kt\u00f3re chc\u0105 \u0142\u0105czy\u0107 si\u0119 z innymi za po\u015brednictwem losowych czat\u00f3w wideo. Nacisk na do\u015bwiadczenie u\u017cytkownika, z funkcjami takimi jak filtry p\u0142ci i lokalizacji, wirtualne maski i przyjazny dla u\u017cytkownika interfejs, sprawia, \u017ce jest to wyr\u00f3\u017cniaj\u0105ca si\u0119 opcja na rynku. Chocia\u017c istniej\u0105 obszary wymagaj\u0105ce poprawy, takie jak rozszerzenie bezp\u0142atnych funkcji i opracowanie dedykowanej aplikacji mobilnej, Shagle skutecznie u\u0142atwia globalne po\u0142\u0105czenia i wymian\u0119 kulturow\u0105. U\u017cytkownicy szukaj\u0105cy spontanicznych interakcji i mo\u017cliwo\u015bci poznania ludzi z r\u00f3\u017cnych cz\u0119\u015bci \u015bwiata uznaj\u0105 Shagle za cenne \u017ar\u00f3d\u0142o informacji.<\/p>","protected":false},"excerpt":{"rendered":"<p>In an increasingly connected world, the desire to meet new people and experience different cultures has grown significantly. Shagle addresses this need by providing a platform that connects users through random video chats globally. Offering features like gender and location filters, virtual masks, and a user-friendly interface, Shagle facilitates spontaneous interactions and cultural exchanges in [&hellip;]<\/p>\n","protected":false},"author":7,"featured_media":0,"parent":0,"menu_order":0,"comment_status":"closed","ping_status":"closed","template":"","meta":{"footnotes":""},"class_list":["post-12559","page","type-page","status-publish","hentry"],"yoast_head":"<!-- This site is optimized with the Yoast SEO plugin v26.9 - https:\/\/yoast.com\/product\/yoast-seo-wordpress\/ -->\n<title>Shagle - Alternatives &amp; Reviews of Chat Sites - StrangerCam<\/title>\n<meta name=\"description\" content=\"Discover the best Video Chat Sites, complete with ratings and reviews. Enjoy free cam chats that let you meet new people.\" \/>\n<meta name=\"robots\" content=\"index, follow, max-snippet:-1, max-image-preview:large, max-video-preview:-1\" \/>\n<link rel=\"canonical\" href=\"https:\/\/strangercam.com\/pl\/shagle\/\" \/>\n<meta property=\"og:locale\" content=\"pl_PL\" \/>\n<meta property=\"og:type\" content=\"article\" \/>\n<meta property=\"og:title\" content=\"Shagle - Alternatives &amp; Reviews of Chat Sites - StrangerCam\" \/>\n<meta property=\"og:description\" content=\"Discover the best Video Chat Sites, complete with ratings and reviews. Enjoy free cam chats that let you meet new people.\" \/>\n<meta property=\"og:url\" content=\"https:\/\/strangercam.com\/pl\/shagle\/\" \/>\n<meta property=\"og:site_name\" content=\"Strangercam\" \/>\n<meta property=\"article:publisher\" content=\"https:\/\/www.facebook.com\/strangercam\" \/>\n<meta property=\"article:modified_time\" content=\"2025-06-16T11:32:29+00:00\" \/>\n<meta property=\"og:image\" content=\"https:\/\/strangercam.com\/wp-content\/uploads\/2021\/10\/Untitled-2.png\" \/>\n\t<meta property=\"og:image:width\" content=\"800\" \/>\n\t<meta property=\"og:image:height\" content=\"532\" \/>\n\t<meta property=\"og:image:type\" content=\"image\/png\" \/>\n<meta name=\"twitter:card\" content=\"summary_large_image\" \/>\n<meta name=\"twitter:site\" content=\"@strangercamapp\" \/>\n<meta name=\"twitter:label1\" content=\"Szacowany czas czytania\" \/>\n\t<meta name=\"twitter:data1\" content=\"5 minut\" \/>\n<script type=\"application\/ld+json\" class=\"yoast-schema-graph\">{\"@context\":\"https:\/\/schema.org\",\"@graph\":[{\"@type\":\"WebPage\",\"@id\":\"https:\/\/strangercam.com\/shagle\/\",\"url\":\"https:\/\/strangercam.com\/shagle\/\",\"name\":\"Shagle - Alternatives & Reviews of Chat Sites - StrangerCam\",\"isPartOf\":{\"@id\":\"https:\/\/strangercam.com\/#website\"},\"datePublished\":\"2024-09-30T12:05:14+00:00\",\"dateModified\":\"2025-06-16T11:32:29+00:00\",\"description\":\"Discover the best Video Chat Sites, complete with ratings and reviews. Enjoy free cam chats that let you meet new people.\",\"breadcrumb\":{\"@id\":\"https:\/\/strangercam.com\/shagle\/#breadcrumb\"},\"inLanguage\":\"pl-PL\",\"potentialAction\":[{\"@type\":\"ReadAction\",\"target\":[\"https:\/\/strangercam.com\/shagle\/\"]}]},{\"@type\":\"BreadcrumbList\",\"@id\":\"https:\/\/strangercam.com\/shagle\/#breadcrumb\",\"itemListElement\":[{\"@type\":\"ListItem\",\"position\":1,\"name\":\"Home\",\"item\":\"https:\/\/strangercam.com\/\"},{\"@type\":\"ListItem\",\"position\":2,\"name\":\"Shagle\"}]},{\"@type\":\"WebSite\",\"@id\":\"https:\/\/strangercam.com\/#website\",\"url\":\"https:\/\/strangercam.com\/\",\"name\":\"Strangercam\",\"description\":\"Random Video Chat with Strangers\",\"publisher\":{\"@id\":\"https:\/\/strangercam.com\/#organization\"},\"alternateName\":\"Strangercam.com\",\"potentialAction\":[{\"@type\":\"SearchAction\",\"target\":{\"@type\":\"EntryPoint\",\"urlTemplate\":\"https:\/\/strangercam.com\/?s={search_term_string}\"},\"query-input\":{\"@type\":\"PropertyValueSpecification\",\"valueRequired\":true,\"valueName\":\"search_term_string\"}}],\"inLanguage\":\"pl-PL\"},{\"@type\":\"Organization\",\"@id\":\"https:\/\/strangercam.com\/#organization\",\"name\":\"Strangercam\",\"alternateName\":\"Strangercam.com\",\"url\":\"https:\/\/strangercam.com\/\",\"logo\":{\"@type\":\"ImageObject\",\"inLanguage\":\"pl-PL\",\"@id\":\"https:\/\/strangercam.com\/#\/schema\/logo\/image\/\",\"url\":\"https:\/\/strangercam.com\/wp-content\/uploads\/2020\/11\/cropped-new-favicon-black.png\",\"contentUrl\":\"https:\/\/strangercam.com\/wp-content\/uploads\/2020\/11\/cropped-new-favicon-black.png\",\"width\":512,\"height\":512,\"caption\":\"Strangercam\"},\"image\":{\"@id\":\"https:\/\/strangercam.com\/#\/schema\/logo\/image\/\"},\"sameAs\":[\"https:\/\/www.facebook.com\/strangercam\",\"https:\/\/x.com\/strangercamapp\"]}]}<\/script>\n<!-- \/ Yoast SEO plugin. -->","yoast_head_json":{"title":"Shagle - Alternatywy i recenzje czat\u00f3w - StrangerCam","description":"Odkryj najlepsze strony z czatami wideo, wraz z ocenami i recenzjami. Ciesz si\u0119 darmowymi czatami przed kamer\u0105, kt\u00f3re pozwol\u0105 Ci pozna\u0107 nowych ludzi.","robots":{"index":"index","follow":"follow","max-snippet":"max-snippet:-1","max-image-preview":"max-image-preview:large","max-video-preview":"max-video-preview:-1"},"canonical":"https:\/\/strangercam.com\/pl\/shagle\/","og_locale":"pl_PL","og_type":"article","og_title":"Shagle - Alternatives & Reviews of Chat Sites - StrangerCam","og_description":"Discover the best Video Chat Sites, complete with ratings and reviews. Enjoy free cam chats that let you meet new people.","og_url":"https:\/\/strangercam.com\/pl\/shagle\/","og_site_name":"Strangercam","article_publisher":"https:\/\/www.facebook.com\/strangercam","article_modified_time":"2025-06-16T11:32:29+00:00","og_image":[{"width":800,"height":532,"url":"https:\/\/strangercam.com\/wp-content\/uploads\/2021\/10\/Untitled-2.png","type":"image\/png"}],"twitter_card":"summary_large_image","twitter_site":"@strangercamapp","twitter_misc":{"Szacowany czas czytania":"5 minut"},"schema":{"@context":"https:\/\/schema.org","@graph":[{"@type":"WebPage","@id":"https:\/\/strangercam.com\/shagle\/","url":"https:\/\/strangercam.com\/shagle\/","name":"Shagle - Alternatywy i recenzje czat\u00f3w - StrangerCam","isPartOf":{"@id":"https:\/\/strangercam.com\/#website"},"datePublished":"2024-09-30T12:05:14+00:00","dateModified":"2025-06-16T11:32:29+00:00","description":"Odkryj najlepsze strony z czatami wideo, wraz z ocenami i recenzjami. Ciesz si\u0119 darmowymi czatami przed kamer\u0105, kt\u00f3re pozwol\u0105 Ci pozna\u0107 nowych ludzi.","breadcrumb":{"@id":"https:\/\/strangercam.com\/shagle\/#breadcrumb"},"inLanguage":"pl-PL","potentialAction":[{"@type":"ReadAction","target":["https:\/\/strangercam.com\/shagle\/"]}]},{"@type":"BreadcrumbList","@id":"https:\/\/strangercam.com\/shagle\/#breadcrumb","itemListElement":[{"@type":"ListItem","position":1,"name":"Home","item":"https:\/\/strangercam.com\/"},{"@type":"ListItem","position":2,"name":"Shagle"}]},{"@type":"WebSite","@id":"https:\/\/strangercam.com\/#website","url":"https:\/\/strangercam.com\/","name":"Strangercam","description":"Losowy czat wideo z nieznajomymi","publisher":{"@id":"https:\/\/strangercam.com\/#organization"},"alternateName":"Strangercam.com","potentialAction":[{"@type":"SearchAction","target":{"@type":"EntryPoint","urlTemplate":"https:\/\/strangercam.com\/?s={search_term_string}"},"query-input":{"@type":"PropertyValueSpecification","valueRequired":true,"valueName":"search_term_string"}}],"inLanguage":"pl-PL"},{"@type":"Organization","@id":"https:\/\/strangercam.com\/#organization","name":"Strangercam","alternateName":"Strangercam.com","url":"https:\/\/strangercam.com\/","logo":{"@type":"ImageObject","inLanguage":"pl-PL","@id":"https:\/\/strangercam.com\/#\/schema\/logo\/image\/","url":"https:\/\/strangercam.com\/wp-content\/uploads\/2020\/11\/cropped-new-favicon-black.png","contentUrl":"https:\/\/strangercam.com\/wp-content\/uploads\/2020\/11\/cropped-new-favicon-black.png","width":512,"height":512,"caption":"Strangercam"},"image":{"@id":"https:\/\/strangercam.com\/#\/schema\/logo\/image\/"},"sameAs":["https:\/\/www.facebook.com\/strangercam","https:\/\/x.com\/strangercamapp"]}]}},"_links":{"self":[{"href":"https:\/\/strangercam.com\/pl\/wp-json\/wp\/v2\/pages\/12559","targetHints":{"allow":["GET"]}}],"collection":[{"href":"https:\/\/strangercam.com\/pl\/wp-json\/wp\/v2\/pages"}],"about":[{"href":"https:\/\/strangercam.com\/pl\/wp-json\/wp\/v2\/types\/page"}],"author":[{"embeddable":true,"href":"https:\/\/strangercam.com\/pl\/wp-json\/wp\/v2\/users\/7"}],"replies":[{"embeddable":true,"href":"https:\/\/strangercam.com\/pl\/wp-json\/wp\/v2\/comments?post=12559"}],"version-history":[{"count":1,"href":"https:\/\/strangercam.com\/pl\/wp-json\/wp\/v2\/pages\/12559\/revisions"}],"predecessor-version":[{"id":12870,"href":"https:\/\/strangercam.com\/pl\/wp-json\/wp\/v2\/pages\/12559\/revisions\/12870"}],"wp:attachment":[{"href":"https:\/\/strangercam.com\/pl\/wp-json\/wp\/v2\/media?parent=12559"}],"curies":[{"name":"wp","href":"https:\/\/api.w.org\/{rel}","templated":true}]}}