{"id":12545,"date":"2024-09-30T13:39:58","date_gmt":"2024-09-30T11:39:58","guid":{"rendered":"https:\/\/strangercam.com\/?page_id=12545"},"modified":"2025-06-16T13:30:39","modified_gmt":"2025-06-16T11:30:39","slug":"flingster","status":"publish","type":"page","link":"https:\/\/strangercam.com\/pl\/flingster\/","title":{"rendered":"Flingster"},"content":{"rendered":"<p>W szybko ewoluuj\u0105cym krajobrazie randek online i przypadkowych spotka\u0144, Flingster wy\u0142ania si\u0119 jako platforma, kt\u00f3ra podkre\u015bla anonimowo\u015b\u0107 i prostot\u0119. Skierowany do os\u00f3b doros\u0142ych poszukuj\u0105cych spontanicznych znajomo\u015bci, Flingster pozwala u\u017cytkownikom na natychmiastowe nawi\u0105zywanie kontakt\u00f3w. <a href=\"https:\/\/strangercam.com\/pl\/rabbit-video-chat\/\">wideo<\/a> i czaty tekstowe z nieznajomymi na ca\u0142ym \u015bwiecie. Niniejsza recenzja zawiera kompleksow\u0105 analiz\u0119 funkcji Flingster, do\u015bwiadczenia u\u017cytkownika, opcji cenowych, \u015brodk\u00f3w bezpiecze\u0144stwa i jego pozycji w stosunku do konkurencji.<\/p>\n<h2>Przegl\u0105d aplikacji Flingster<\/h2>\n<p>Uruchomiony w celu usprawnienia interakcji online, Flingster oferuje proste podej\u015bcie dla os\u00f3b zainteresowanych swobodnymi i anonimowymi zar\u0119czynami. Platforma eliminuje potrzeb\u0119 tworzenia szczeg\u00f3\u0142owych profili i d\u0142ugich proces\u00f3w rejestracji, przyci\u0105gaj\u0105c u\u017cytkownik\u00f3w ceni\u0105cych prywatno\u015b\u0107 i natychmiastowo\u015b\u0107. Skupiaj\u0105c si\u0119 na przyjaznym dla u\u017cytkownika wygl\u0105dzie i podstawowych funkcjach, Flingster u\u0142atwia nawi\u0105zywanie kontakt\u00f3w bez zb\u0119dnych komplikacji.<\/p>\n<h2>Kluczowe cechy<\/h2>\n<h3>Anonimowy czat<\/h3>\n<p>Flingster priorytetowo traktuje anonimowo\u015b\u0107 u\u017cytkownik\u00f3w, umo\u017cliwiaj\u0105c im nawi\u0105zywanie kontakt\u00f3w bez ujawniania danych osobowych. Funkcja ta zach\u0119ca do otwartej komunikacji i zapewnia komfortowe \u015brodowisko dla u\u017cytkownik\u00f3w preferuj\u0105cych dyskrecj\u0119.<\/p>\n<h3>Natychmiastowe dopasowanie<\/h3>\n<p>Platforma wykorzystuje system losowego dopasowywania, kt\u00f3ry umo\u017cliwia u\u017cytkownikom rozpoczynanie rozm\u00f3w za pomoc\u0105 jednego klikni\u0119cia. Ta natychmiastowo\u015b\u0107 eliminuje czas oczekiwania i zwi\u0119ksza spontaniczno\u015b\u0107 interakcji.<\/p>\n<h3>Filtry p\u0142ci<\/h3>\n<p>Aby dostosowa\u0107 do\u015bwiadczenie u\u017cytkownika, Flingster oferuje filtry p\u0142ci. U\u017cytkownicy mog\u0105 wybra\u0107 preferencje, aby \u0142\u0105czy\u0107 si\u0119 z osobami, kt\u00f3re odpowiadaj\u0105 ich zainteresowaniom, zwi\u0119kszaj\u0105c trafno\u015b\u0107 dopasowa\u0144.<\/p>\n<h3>Wirtualne maski<\/h3>\n<p>Flingster wprowadza wirtualne maski na twarz podczas czat\u00f3w wideo, dodaj\u0105c warstw\u0119 prywatno\u015bci i zabawy. Funkcja ta pozwala u\u017cytkownikom ukry\u0107 swoj\u0105 to\u017csamo\u015b\u0107 wizualnie, dzi\u0119ki czemu interakcje s\u0105 bardziej komfortowe dla os\u00f3b zainteresowanych anonimowo\u015bci\u0105.<\/p>\n<h3>Us\u0142ugi t\u0142umaczeniowe<\/h3>\n<p>Prze\u0142amuj\u0105c bariery j\u0119zykowe, Flingster oferuje us\u0142ugi t\u0142umaczeniowe w czasie rzeczywistym. U\u017cytkownicy mog\u0105 p\u0142ynnie komunikowa\u0107 si\u0119 z osobami z r\u00f3\u017cnych \u015brodowisk j\u0119zykowych, poszerzaj\u0105c zakres potencjalnych po\u0142\u0105cze\u0144.<\/p>\n<h2>Do\u015bwiadczenie u\u017cytkownika<\/h2>\n<h3>Interfejs i projekt<\/h3>\n<p>Platforma posiada minimalistyczny i intuicyjny interfejs skoncentrowany na funkcjonalno\u015bci. Niezb\u0119dne funkcje s\u0105 \u0142atwo dost\u0119pne, a prosta konstrukcja zapewnia, \u017ce u\u017cytkownicy mog\u0105 porusza\u0107 si\u0119 po witrynie bez zamieszania, nawet podczas pierwszej wizyty.<\/p>\n<h3>Proces rejestracji<\/h3>\n<p>Flingster upraszcza proces wdra\u017cania, wymagaj\u0105c minimalnej lub \u017cadnej rejestracji do podstawowego u\u017cytku. U\u017cytkownicy mog\u0105 natychmiast rozpocz\u0105\u0107 czatowanie, co zwi\u0119ksza dost\u0119pno\u015b\u0107 i przemawia do tych, kt\u00f3rzy niech\u0119tnie dziel\u0105 si\u0119 danymi osobowymi.<\/p>\n<h3>Dost\u0119pno\u015b\u0107 mobilna<\/h3>\n<p>Chocia\u017c Flingster nie oferuje dedykowanej aplikacji mobilnej, strona internetowa jest zoptymalizowana pod k\u0105tem przegl\u0105darek mobilnych. U\u017cytkownicy mog\u0105 uzyska\u0107 dost\u0119p do wszystkich funkcji ze smartfon\u00f3w i tablet\u00f3w, co pozwala na po\u0142\u0105czenia w ruchu bez uszczerbku dla do\u015bwiadczenia u\u017cytkownika.<\/p>\n<h2>Cennik i opcje subskrypcji<\/h2>\n<h3>Bezp\u0142atne funkcje<\/h3>\n<ul>\n<li><strong>Anonimowe czaty wideo i tekstowe<\/strong>: U\u017cytkownicy mog\u0105 anga\u017cowa\u0107 si\u0119 w rozmowy bez \u017cadnych koszt\u00f3w.<\/li>\n<li><strong>Podstawowe filtry p\u0142ci<\/strong>: Dost\u0119p do podstawowych ustawie\u0144 preferencji p\u0142ci.<\/li>\n<li><strong>Wirtualne maski<\/strong>: Mo\u017cliwo\u015b\u0107 korzystania z masek na twarz podczas czat\u00f3w wideo w celu zwi\u0119kszenia prywatno\u015bci.<\/li>\n<\/ul>\n<h3>Korzy\u015bci Flingster Premium<\/h3>\n<p>Dla u\u017cytkownik\u00f3w szukaj\u0105cych lepszych wra\u017ce\u0144, Flingster Premium oferuje dodatkowe funkcje:<\/p>\n<ul>\n<li><strong>Zaawansowane filtry p\u0142ci<\/strong>: Bardziej precyzyjne opcje dopasowania, aby po\u0142\u0105czy\u0107 si\u0119 z preferowanymi u\u017cytkownikami.<\/li>\n<li><strong>Filtry lokalizacji<\/strong>: Mo\u017cliwo\u015b\u0107 wyboru okre\u015blonych kraj\u00f3w dla po\u0142\u0105cze\u0144.<\/li>\n<li><strong>Do\u015bwiadczenie bez reklam<\/strong>: Usuni\u0119cie reklam w celu nieprzerwanego u\u017cytkowania.<\/li>\n<li><strong>Priorytetowa obs\u0142uga klienta<\/strong>: Szybszy czas reakcji zespo\u0142u wsparcia na wszelkie zapytania lub problemy.<\/li>\n<\/ul>\n<h3>Plany subskrypcji<\/h3>\n<p>Flingster oferuje elastyczne plany subskrypcji premium, aby zaspokoi\u0107 r\u00f3\u017cne potrzeby u\u017cytkownik\u00f3w:<\/p>\n<ul>\n<li><strong>Subskrypcja tygodniowa<\/strong>: Odpowiedni dla u\u017cytkownik\u00f3w zainteresowanych kr\u00f3tkoterminowym dost\u0119pem do funkcji premium.<\/li>\n<li><strong>Subskrypcja miesi\u0119czna<\/strong>: Op\u0142acalna opcja dla sta\u0142ych u\u017cytkownik\u00f3w.<\/li>\n<li><strong>Subskrypcja kwartalna<\/strong>: Oferuje oszcz\u0119dno\u015bci dla u\u017cytkownik\u00f3w decyduj\u0105cych si\u0119 na d\u0142u\u017csze okresy.<\/li>\n<\/ul>\n<p>Ceny s\u0105 konkurencyjne w bran\u017cy i odzwierciedlaj\u0105 warto\u015b\u0107 dodan\u0105 funkcji premium.<\/p>\n<h2>Plusy i minusy<\/h2>\n<h3>Plusy<\/h3>\n<ul>\n<li><strong>\u0141atwo\u015b\u0107 u\u017cytkowania<\/strong>: Prosta konstrukcja platformy umo\u017cliwia natychmiastowy dost\u0119p bez przeszk\u00f3d zwi\u0105zanych z rejestracj\u0105.<\/li>\n<li><strong>Anonimowo\u015b\u0107<\/strong>: Nacisk na prywatno\u015b\u0107 u\u017cytkownika umo\u017cliwia po\u0142\u0105czenia bez udost\u0119pniania danych osobowych.<\/li>\n<li><strong>Globalna \u0142\u0105czno\u015b\u0107<\/strong>: U\u017cytkownicy mog\u0105 wchodzi\u0107 w interakcje z osobami z ca\u0142ego \u015bwiata.<\/li>\n<li><strong>Unikalne cechy<\/strong>: Wirtualne maski i us\u0142ugi t\u0142umaczeniowe zwi\u0119kszaj\u0105 prywatno\u015b\u0107 i poszerzaj\u0105 mo\u017cliwo\u015bci komunikacji.<\/li>\n<\/ul>\n<h3>Wady<\/h3>\n<ul>\n<li><strong>Ograniczone bezp\u0142atne funkcje<\/strong>: Dost\u0119p do zaawansowanych opcji wymaga subskrypcji premium.<\/li>\n<li><strong>Brak dedykowanej aplikacji mobilnej<\/strong>: Brak aplikacji mobilnej mo\u017ce wp\u0142yn\u0105\u0107 na wygod\u0119 niekt\u00f3rych u\u017cytkownik\u00f3w.<\/li>\n<li><strong>Wyzwania zwi\u0105zane z moderacj\u0105<\/strong>: Potencjalna ekspozycja na nieodpowiednie tre\u015bci ze wzgl\u0119du na ograniczon\u0105 moderacj\u0119 tre\u015bci.<\/li>\n<li><strong>Kwestie prywatno\u015bci<\/strong>: U\u017cytkownicy musz\u0105 zachowa\u0107 ostro\u017cno\u015b\u0107, aby chroni\u0107 dane osobowe podczas interakcji.<\/li>\n<\/ul>\n<h2>Bezpiecze\u0144stwo i prywatno\u015b\u0107 u\u017cytkownik\u00f3w<\/h2>\n<h3>Zasady moderowania<\/h3>\n<p>Flingster wdra\u017ca dzia\u0142ania moderacyjne w celu utrzymania \u015brodowiska opartego na szacunku. Chocia\u017c platforma zach\u0119ca u\u017cytkownik\u00f3w do przestrzegania wytycznych spo\u0142eczno\u015bci, moderacja jest cz\u0119\u015bciowo zale\u017cna od zg\u0142osze\u0144 u\u017cytkownik\u00f3w dotycz\u0105cych niew\u0142a\u015bciwego zachowania.<\/p>\n<h3>\u015arodki ochrony prywatno\u015bci<\/h3>\n<ul>\n<li><strong>Zgodno\u015b\u0107 z przepisami o ochronie danych<\/strong>: Przestrzeganie przepis\u00f3w o ochronie danych zapewnia ochron\u0119 informacji o u\u017cytkownikach.<\/li>\n<li><strong>Funkcje anonimowo\u015bci<\/strong>: Opcje takie jak wirtualne maski i brak obowi\u0105zkowych danych osobowych pomagaj\u0105 zachowa\u0107 prywatno\u015b\u0107 u\u017cytkownik\u00f3w.<\/li>\n<li><strong>Kontrolki u\u017cytkownika<\/strong>: U\u017cytkownicy maj\u0105 mo\u017cliwo\u015b\u0107 ko\u0144czenia konwersacji i blokowania lub zg\u0142aszania innych u\u017cytkownik\u00f3w w razie potrzeby.<\/li>\n<\/ul>\n<h3>Wskaz\u00f3wki bezpiecze\u0144stwa dla u\u017cytkownik\u00f3w<\/h3>\n<ul>\n<li><strong>Ochrona danych osobowych<\/strong>: Powstrzymaj si\u0119 od udost\u0119pniania wra\u017cliwych danych, takich jak imiona i nazwiska, adresy lub informacje finansowe.<\/li>\n<li><strong>Korzystanie z funkcji prywatno\u015bci<\/strong>: Korzystanie z wirtualnych masek i opcji anonimowo\u015bci w celu zwi\u0119kszenia prywatno\u015bci.<\/li>\n<li><strong>B\u0105d\u017a ostro\u017cny<\/strong>: Zaufaj instynktom i od\u0142\u0105cz si\u0119 od wszelkich interakcji, kt\u00f3re wydaj\u0105 si\u0119 niekomfortowe lub niebezpieczne.<\/li>\n<li><strong>Zg\u0142aszanie narusze\u0144<\/strong>: Powiadomi\u0107 platform\u0119 o wszelkich nieodpowiednich zachowaniach, aby pom\u00f3c w utrzymaniu bezpiecznej spo\u0142eczno\u015bci.<\/li>\n<\/ul>\n<h2>Por\u00f3wnanie z konkurencj\u0105<\/h2>\n<h3>Flingster vs. Chatroulette<\/h3>\n<ul>\n<li><strong>Koncentracja na anonimowo\u015bci<\/strong>: Flingster k\u0142adzie wi\u0119kszy nacisk na anonimowo\u015b\u0107 dzi\u0119ki funkcjom takim jak wirtualne maski.<\/li>\n<li><strong>Dodatkowe funkcje<\/strong>: Oferuje us\u0142ugi t\u0142umaczeniowe, usprawniaj\u0105ce globaln\u0105 komunikacj\u0119, kt\u00f3re <a href=\"https:\/\/strangercam.com\/pl\/chatroulette\/\">Chatroulette<\/a> nie zapewnia.<\/li>\n<li><strong>Baza u\u017cytkownik\u00f3w<\/strong>: Flingster jest przeznaczony dla os\u00f3b doros\u0142ych szukaj\u0105cych niezobowi\u0105zuj\u0105cych znajomo\u015bci, podczas gdy Chatroulette ma szersz\u0105, bardziej og\u00f3ln\u0105 publiczno\u015b\u0107.<\/li>\n<\/ul>\n<h3>Flingster vs. Chatrandom<\/h3>\n<ul>\n<li><strong><a href=\"https:\/\/strangercam.com\/pl\/chathub\/\">Czat<\/a> Tryby<\/strong>: Chatrandom zapewnia wiele tryb\u00f3w czatu, w tym czaty grupowe i pokoje tematyczne; Flingster koncentruje si\u0119 na interakcjach jeden na jednego.<\/li>\n<li><strong>Projektowanie interfejsu<\/strong>: Obie platformy stawiaj\u0105 na przyjazne dla u\u017cytkownika interfejsy, ale Flingster wybiera bardziej minimalistyczne podej\u015bcie.<\/li>\n<li><strong>Funkcje Premium<\/strong>: Opcje premium Flingster s\u0105 ukierunkowane na zwi\u0119kszenie anonimowo\u015bci i personalizacji, podczas gdy Chatrandom oferuje takie funkcje, jak zaawansowane filtry i do\u015bwiadczenia bez reklam.<\/li>\n<\/ul>\n<h3>Flingster vs. Omegle<\/h3>\n<ul>\n<li><strong>Rejestracja u\u017cytkownika<\/strong>: Obie platformy pozwalaj\u0105 u\u017cytkownikom na czatowanie bez rejestracji, jednak Flingster oferuje dodatkowe funkcje prywatno\u015bci.<\/li>\n<li><strong>Zestaw funkcji<\/strong>: Flingster zawiera wirtualne maski i us\u0142ugi t\u0142umaczeniowe, kt\u00f3re nie s\u0105 dost\u0119pne w aplikacji <a href=\"https:\/\/strangercam.com\/pl\/omegle\/\">Omegle<\/a>.<\/li>\n<li><strong>\u015arodki bezpiecze\u0144stwa<\/strong>: Flingster zapewnia u\u017cytkownikom wi\u0119cej narz\u0119dzi do kontrolowania ich do\u015bwiadcze\u0144, takich jak funkcje blokowania i raportowania.<\/li>\n<\/ul>\n<h2>Wnioski<\/h2>\n<p>Flingster oferuje unikaln\u0105 propozycj\u0119 w zakresie randek online i przypadkowych spotka\u0144 <a href=\"https:\/\/strangercam.com\/pl\/mocospace\/\">przestrze\u0144<\/a> k\u0142ad\u0105c nacisk na anonimowo\u015b\u0107 i \u0142atwo\u015b\u0107 u\u017cytkowania. Jej funkcje, takie jak wirtualne maski i us\u0142ugi t\u0142umaczenia w czasie rzeczywistym, wyr\u00f3\u017cniaj\u0105 j\u0105 na tle konkurencji, zaspokajaj\u0105c potrzeby u\u017cytkownik\u00f3w, kt\u00f3rzy ceni\u0105 sobie prywatno\u015b\u0107 i prostot\u0119. Chocia\u017c platforma mog\u0142aby zosta\u0107 ulepszona w takich obszarach, jak moderacja tre\u015bci i opracowanie dedykowanej aplikacji mobilnej, zapewnia ona cenn\u0105 us\u0142ug\u0119 dla os\u00f3b doros\u0142ych poszukuj\u0105cych spontanicznych i dyskretnych po\u0142\u0105cze\u0144. U\u017cytkownikom zaleca si\u0119 stosowanie standardowych praktyk bezpiecze\u0144stwa online, aby poprawi\u0107 ich wra\u017cenia z korzystania z platformy.<\/p>","protected":false},"excerpt":{"rendered":"<p>In the rapidly evolving landscape of online dating and casual encounters, Flingster emerges as a platform that emphasizes anonymity and simplicity. Catering to adults seeking spontaneous connections, Flingster allows users to engage in instant video and text chats with strangers worldwide. This review provides a comprehensive analysis of Flingster&#8217;s features, user experience, pricing options, safety [&hellip;]<\/p>\n","protected":false},"author":7,"featured_media":0,"parent":0,"menu_order":0,"comment_status":"closed","ping_status":"closed","template":"","meta":{"footnotes":""},"class_list":["post-12545","page","type-page","status-publish","hentry"],"yoast_head":"<!-- This site is optimized with the Yoast SEO plugin v26.9 - https:\/\/yoast.com\/product\/yoast-seo-wordpress\/ -->\n<title>Flingster - Alternatives &amp; Reviews of Chat Sites - StrangerCam<\/title>\n<meta name=\"description\" content=\"Discover the best Video Chat Sites, complete with ratings and reviews. Enjoy free cam chats that let you meet new people.\" \/>\n<meta name=\"robots\" content=\"index, follow, max-snippet:-1, max-image-preview:large, max-video-preview:-1\" \/>\n<link rel=\"canonical\" href=\"https:\/\/strangercam.com\/pl\/flingster\/\" \/>\n<meta property=\"og:locale\" content=\"pl_PL\" \/>\n<meta property=\"og:type\" content=\"article\" \/>\n<meta property=\"og:title\" content=\"Flingster - Alternatives &amp; Reviews of Chat Sites - StrangerCam\" \/>\n<meta property=\"og:description\" content=\"Discover the best Video Chat Sites, complete with ratings and reviews. Enjoy free cam chats that let you meet new people.\" \/>\n<meta property=\"og:url\" content=\"https:\/\/strangercam.com\/pl\/flingster\/\" \/>\n<meta property=\"og:site_name\" content=\"Strangercam\" \/>\n<meta property=\"article:publisher\" content=\"https:\/\/www.facebook.com\/strangercam\" \/>\n<meta property=\"article:modified_time\" content=\"2025-06-16T11:30:39+00:00\" \/>\n<meta property=\"og:image\" content=\"https:\/\/strangercam.com\/wp-content\/uploads\/2021\/10\/Untitled-2.png\" \/>\n\t<meta property=\"og:image:width\" content=\"800\" \/>\n\t<meta property=\"og:image:height\" content=\"532\" \/>\n\t<meta property=\"og:image:type\" content=\"image\/png\" \/>\n<meta name=\"twitter:card\" content=\"summary_large_image\" \/>\n<meta name=\"twitter:site\" content=\"@strangercamapp\" \/>\n<meta name=\"twitter:label1\" content=\"Szacowany czas czytania\" \/>\n\t<meta name=\"twitter:data1\" content=\"5 minut\" \/>\n<script type=\"application\/ld+json\" class=\"yoast-schema-graph\">{\"@context\":\"https:\/\/schema.org\",\"@graph\":[{\"@type\":\"WebPage\",\"@id\":\"https:\/\/strangercam.com\/flingster\/\",\"url\":\"https:\/\/strangercam.com\/flingster\/\",\"name\":\"Flingster - Alternatives & Reviews of Chat Sites - StrangerCam\",\"isPartOf\":{\"@id\":\"https:\/\/strangercam.com\/#website\"},\"datePublished\":\"2024-09-30T11:39:58+00:00\",\"dateModified\":\"2025-06-16T11:30:39+00:00\",\"description\":\"Discover the best Video Chat Sites, complete with ratings and reviews. Enjoy free cam chats that let you meet new people.\",\"breadcrumb\":{\"@id\":\"https:\/\/strangercam.com\/flingster\/#breadcrumb\"},\"inLanguage\":\"pl-PL\",\"potentialAction\":[{\"@type\":\"ReadAction\",\"target\":[\"https:\/\/strangercam.com\/flingster\/\"]}]},{\"@type\":\"BreadcrumbList\",\"@id\":\"https:\/\/strangercam.com\/flingster\/#breadcrumb\",\"itemListElement\":[{\"@type\":\"ListItem\",\"position\":1,\"name\":\"Home\",\"item\":\"https:\/\/strangercam.com\/\"},{\"@type\":\"ListItem\",\"position\":2,\"name\":\"Flingster\"}]},{\"@type\":\"WebSite\",\"@id\":\"https:\/\/strangercam.com\/#website\",\"url\":\"https:\/\/strangercam.com\/\",\"name\":\"Strangercam\",\"description\":\"Random Video Chat with Strangers\",\"publisher\":{\"@id\":\"https:\/\/strangercam.com\/#organization\"},\"alternateName\":\"Strangercam.com\",\"potentialAction\":[{\"@type\":\"SearchAction\",\"target\":{\"@type\":\"EntryPoint\",\"urlTemplate\":\"https:\/\/strangercam.com\/?s={search_term_string}\"},\"query-input\":{\"@type\":\"PropertyValueSpecification\",\"valueRequired\":true,\"valueName\":\"search_term_string\"}}],\"inLanguage\":\"pl-PL\"},{\"@type\":\"Organization\",\"@id\":\"https:\/\/strangercam.com\/#organization\",\"name\":\"Strangercam\",\"alternateName\":\"Strangercam.com\",\"url\":\"https:\/\/strangercam.com\/\",\"logo\":{\"@type\":\"ImageObject\",\"inLanguage\":\"pl-PL\",\"@id\":\"https:\/\/strangercam.com\/#\/schema\/logo\/image\/\",\"url\":\"https:\/\/strangercam.com\/wp-content\/uploads\/2020\/11\/cropped-new-favicon-black.png\",\"contentUrl\":\"https:\/\/strangercam.com\/wp-content\/uploads\/2020\/11\/cropped-new-favicon-black.png\",\"width\":512,\"height\":512,\"caption\":\"Strangercam\"},\"image\":{\"@id\":\"https:\/\/strangercam.com\/#\/schema\/logo\/image\/\"},\"sameAs\":[\"https:\/\/www.facebook.com\/strangercam\",\"https:\/\/x.com\/strangercamapp\"]}]}<\/script>\n<!-- \/ Yoast SEO plugin. -->","yoast_head_json":{"title":"Flingster - Alternatywy i recenzje czat\u00f3w - StrangerCam","description":"Odkryj najlepsze strony z czatami wideo, wraz z ocenami i recenzjami. Ciesz si\u0119 darmowymi czatami przed kamer\u0105, kt\u00f3re pozwol\u0105 Ci pozna\u0107 nowych ludzi.","robots":{"index":"index","follow":"follow","max-snippet":"max-snippet:-1","max-image-preview":"max-image-preview:large","max-video-preview":"max-video-preview:-1"},"canonical":"https:\/\/strangercam.com\/pl\/flingster\/","og_locale":"pl_PL","og_type":"article","og_title":"Flingster - Alternatives & Reviews of Chat Sites - StrangerCam","og_description":"Discover the best Video Chat Sites, complete with ratings and reviews. Enjoy free cam chats that let you meet new people.","og_url":"https:\/\/strangercam.com\/pl\/flingster\/","og_site_name":"Strangercam","article_publisher":"https:\/\/www.facebook.com\/strangercam","article_modified_time":"2025-06-16T11:30:39+00:00","og_image":[{"width":800,"height":532,"url":"https:\/\/strangercam.com\/wp-content\/uploads\/2021\/10\/Untitled-2.png","type":"image\/png"}],"twitter_card":"summary_large_image","twitter_site":"@strangercamapp","twitter_misc":{"Szacowany czas czytania":"5 minut"},"schema":{"@context":"https:\/\/schema.org","@graph":[{"@type":"WebPage","@id":"https:\/\/strangercam.com\/flingster\/","url":"https:\/\/strangercam.com\/flingster\/","name":"Flingster - Alternatywy i recenzje czat\u00f3w - StrangerCam","isPartOf":{"@id":"https:\/\/strangercam.com\/#website"},"datePublished":"2024-09-30T11:39:58+00:00","dateModified":"2025-06-16T11:30:39+00:00","description":"Odkryj najlepsze strony z czatami wideo, wraz z ocenami i recenzjami. Ciesz si\u0119 darmowymi czatami przed kamer\u0105, kt\u00f3re pozwol\u0105 Ci pozna\u0107 nowych ludzi.","breadcrumb":{"@id":"https:\/\/strangercam.com\/flingster\/#breadcrumb"},"inLanguage":"pl-PL","potentialAction":[{"@type":"ReadAction","target":["https:\/\/strangercam.com\/flingster\/"]}]},{"@type":"BreadcrumbList","@id":"https:\/\/strangercam.com\/flingster\/#breadcrumb","itemListElement":[{"@type":"ListItem","position":1,"name":"Home","item":"https:\/\/strangercam.com\/"},{"@type":"ListItem","position":2,"name":"Flingster"}]},{"@type":"WebSite","@id":"https:\/\/strangercam.com\/#website","url":"https:\/\/strangercam.com\/","name":"Strangercam","description":"Losowy czat wideo z nieznajomymi","publisher":{"@id":"https:\/\/strangercam.com\/#organization"},"alternateName":"Strangercam.com","potentialAction":[{"@type":"SearchAction","target":{"@type":"EntryPoint","urlTemplate":"https:\/\/strangercam.com\/?s={search_term_string}"},"query-input":{"@type":"PropertyValueSpecification","valueRequired":true,"valueName":"search_term_string"}}],"inLanguage":"pl-PL"},{"@type":"Organization","@id":"https:\/\/strangercam.com\/#organization","name":"Strangercam","alternateName":"Strangercam.com","url":"https:\/\/strangercam.com\/","logo":{"@type":"ImageObject","inLanguage":"pl-PL","@id":"https:\/\/strangercam.com\/#\/schema\/logo\/image\/","url":"https:\/\/strangercam.com\/wp-content\/uploads\/2020\/11\/cropped-new-favicon-black.png","contentUrl":"https:\/\/strangercam.com\/wp-content\/uploads\/2020\/11\/cropped-new-favicon-black.png","width":512,"height":512,"caption":"Strangercam"},"image":{"@id":"https:\/\/strangercam.com\/#\/schema\/logo\/image\/"},"sameAs":["https:\/\/www.facebook.com\/strangercam","https:\/\/x.com\/strangercamapp"]}]}},"_links":{"self":[{"href":"https:\/\/strangercam.com\/pl\/wp-json\/wp\/v2\/pages\/12545","targetHints":{"allow":["GET"]}}],"collection":[{"href":"https:\/\/strangercam.com\/pl\/wp-json\/wp\/v2\/pages"}],"about":[{"href":"https:\/\/strangercam.com\/pl\/wp-json\/wp\/v2\/types\/page"}],"author":[{"embeddable":true,"href":"https:\/\/strangercam.com\/pl\/wp-json\/wp\/v2\/users\/7"}],"replies":[{"embeddable":true,"href":"https:\/\/strangercam.com\/pl\/wp-json\/wp\/v2\/comments?post=12545"}],"version-history":[{"count":1,"href":"https:\/\/strangercam.com\/pl\/wp-json\/wp\/v2\/pages\/12545\/revisions"}],"predecessor-version":[{"id":12868,"href":"https:\/\/strangercam.com\/pl\/wp-json\/wp\/v2\/pages\/12545\/revisions\/12868"}],"wp:attachment":[{"href":"https:\/\/strangercam.com\/pl\/wp-json\/wp\/v2\/media?parent=12545"}],"curies":[{"name":"wp","href":"https:\/\/api.w.org\/{rel}","templated":true}]}}