{"id":12485,"date":"2024-09-30T12:13:20","date_gmt":"2024-09-30T10:13:20","guid":{"rendered":"https:\/\/strangercam.com\/?page_id=12485"},"modified":"2025-06-16T13:29:26","modified_gmt":"2025-06-16T11:29:26","slug":"chatrandom","status":"publish","type":"page","link":"https:\/\/strangercam.com\/pl\/chatrandom\/","title":{"rendered":"Chatrandom"},"content":{"rendered":"<p>Chatrandom to platforma, kt\u00f3ra umo\u017cliwia u\u017cytkownikom anga\u017cowanie si\u0119 w losowe czaty wideo z nieznajomymi na ca\u0142ym \u015bwiecie, odpowiadaj\u0105c na rosn\u0105ce zainteresowanie poznawaniem nowych ludzi i do\u015bwiadczaniem r\u00f3\u017cnych kultur. Niniejsza recenzja analizuje r\u00f3\u017cne aspekty Chatrandom, w tym jego funkcje, do\u015bwiadczenia u\u017cytkownik\u00f3w, opcje cenowe, \u015brodki bezpiecze\u0144stwa i por\u00f3wnanie z konkurencj\u0105.<\/p>\n<h2>Przegl\u0105d Chatrandom<\/h2>\n<p>Za\u0142o\u017cona w 2011 roku firma Chatrandom szybko sta\u0142a si\u0119 znacz\u0105cym graczem w dziedzinie losowego wideo <a href=\"https:\/\/strangercam.com\/pl\/chatroulette\/\">czat<\/a> platformy. Zosta\u0142 stworzony, aby na\u015bladowa\u0107 spontaniczne interakcje w prawdziwym \u017cyciu w \u015brodowisku online, prze\u0142amuj\u0105c bariery geograficzne i \u0142\u0105cz\u0105c ludzi. Z milionami u\u017cytkownik\u00f3w na ca\u0142ym \u015bwiecie, Chatrandom zapewnia przyst\u0119pny spos\u00f3b \u0142\u0105czenia si\u0119, komunikowania i odkrywania r\u00f3\u017cnych perspektyw.<\/p>\n<h2>Kluczowe cechy<\/h2>\n<h3>Losowy czat wideo<\/h3>\n<p>G\u0142\u00f3wn\u0105 cech\u0105 Chatrandom jest jego losowo\u015b\u0107 <a href=\"https:\/\/strangercam.com\/pl\/coomeet\/\">Czat wideo<\/a>, kt\u00f3ra \u0142\u0105czy u\u017cytkownik\u00f3w w pary z nieznajomymi w celu prowadzenia rozm\u00f3w wideo jeden na jednego. Funkcja ta zosta\u0142a zaprojektowana z my\u015bl\u0105 o prostocie i \u0142atwo\u015bci u\u017cytkowania - u\u017cytkownicy mog\u0105 rozpocz\u0105\u0107 czat jednym klikni\u0119ciem, bez konieczno\u015bci rejestracji.<\/p>\n<h3>Filtry p\u0142ci i lokalizacji<\/h3>\n<p>Aby zwi\u0119kszy\u0107 personalizacj\u0119, Chatrandom oferuje filtry, kt\u00f3re pozwalaj\u0105 u\u017cytkownikom okre\u015bli\u0107 p\u0142e\u0107 i lokalizacj\u0119 os\u00f3b, z kt\u00f3rymi chc\u0105 si\u0119 po\u0142\u0105czy\u0107. Filtry te s\u0105 szczeg\u00f3lnie przydatne dla tych, kt\u00f3rzy chc\u0105 \u0107wiczy\u0107 nowy j\u0119zyk lub \u0142\u0105czy\u0107 si\u0119 z osobami z okre\u015blonego regionu.<\/p>\n<h3>Wiele tryb\u00f3w czatu<\/h3>\n<p>Chatrandom zapewnia r\u00f3\u017cne tryby czatu, aby zaspokoi\u0107 r\u00f3\u017cne preferencje:<\/p>\n<ul>\n<li><strong>Cam4 Chat<\/strong>: Umo\u017cliwia grupowe czaty wideo z maksymalnie czterema u\u017cytkownikami jednocze\u015bnie, sprzyjaj\u0105c bardziej wsp\u00f3lnej atmosferze.<\/li>\n<li><strong>Czat gejowski<\/strong>: Specjalna sekcja dla gej\u00f3w, zapewniaj\u0105ca bezpieczne i przyjazne \u015brodowisko dla spo\u0142eczno\u015bci LGBTQ+.<\/li>\n<li><strong>Pokoje rozm\u00f3w<\/strong>: Tematyczne pokoje rozm\u00f3w, w kt\u00f3rych u\u017cytkownicy mog\u0105 do\u0142\u0105cza\u0107 do dyskusji grupowych opartych na wsp\u00f3lnych zainteresowaniach lub tematach.<\/li>\n<li><strong>Czat tekstowy<\/strong>: Opcja dla u\u017cytkownik\u00f3w, kt\u00f3rzy wol\u0105 wiadomo\u015bci od wideo, pozwalaj\u0105ca na anonimowe rozmowy bez kamery internetowej.<\/li>\n<\/ul>\n<h3>Kompatybilno\u015b\u0107 z urz\u0105dzeniami mobilnymi<\/h3>\n<p>Uznaj\u0105c znaczenie mobilno\u015bci, Chatrandom oferuje aplikacj\u0119 mobiln\u0105 kompatybiln\u0105 zar\u00f3wno z urz\u0105dzeniami z systemem iOS, jak i Android. Aplikacja zachowuje wszystkie funkcje wersji desktopowej, umo\u017cliwiaj\u0105c u\u017cytkownikom \u0142\u0105czenie si\u0119 z dowolnego miejsca w dowolnym czasie.<\/p>\n<h3>Wsparcie j\u0119zykowe<\/h3>\n<p>Chatrandom obs\u0142uguje wiele j\u0119zyk\u00f3w, dzi\u0119ki czemu jest dost\u0119pny dla globalnej publiczno\u015bci. U\u017cytkownicy mog\u0105 wybra\u0107 preferowany j\u0119zyk, co zwi\u0119ksza u\u017cyteczno\u015b\u0107 i atrakcyjno\u015b\u0107 platformy.<\/p>\n<h2>Do\u015bwiadczenie u\u017cytkownika<\/h2>\n<h3>Interfejs i projekt<\/h3>\n<p>Chatrandom posiada przejrzysty i intuicyjny interfejs. Uk\u0142ad jest prosty, a najwa\u017cniejsze funkcje s\u0105 \u0142atwo dost\u0119pne z poziomu ekranu g\u0142\u00f3wnego. Ta prostota zapewnia, \u017ce nawet pocz\u0105tkuj\u0105cy u\u017cytkownicy mog\u0105 porusza\u0107 si\u0119 po platformie bez \u017cadnych trudno\u015bci.<\/p>\n<h3>Rejestracja i dost\u0119pno\u015b\u0107<\/h3>\n<p>Jedn\u0105 z mocnych stron platformy jest jej dost\u0119pno\u015b\u0107. U\u017cytkownicy mog\u0105 zacz\u0105\u0107 korzysta\u0107 z podstawowych funkcji bez rejestracji, eliminuj\u0105c bariery wej\u015bcia. Dla tych, kt\u00f3rzy s\u0105 zainteresowani zaawansowanymi funkcjami lub personalizacj\u0105, proces rejestracji jest szybki i wymaga minimalnej ilo\u015bci informacji.<\/p>\n<h3>Wydajno\u015b\u0107 i niezawodno\u015b\u0107<\/h3>\n<p>Chatrandom jest zoptymalizowany pod k\u0105tem wydajno\u015bci, oferuj\u0105c wysokiej jako\u015bci streaming wideo z minimalnym op\u00f3\u017anieniem. Serwery platformy s\u0105 solidne, zdolne do obs\u0142ugi du\u017cej liczby jednoczesnych u\u017cytkownik\u00f3w bez znacz\u0105cych przestoj\u00f3w lub problem\u00f3w z wydajno\u015bci\u0105.<\/p>\n<h2>Cennik i opcje subskrypcji<\/h2>\n<p>Chocia\u017c wiele funkcji Chatrandom jest dost\u0119pnych za darmo, platforma oferuje subskrypcj\u0119 premium o nazwie <strong>Chatrandom Plus<\/strong> dla u\u017cytkownik\u00f3w szukaj\u0105cych lepszych wra\u017ce\u0144.<\/p>\n<h3>Korzy\u015bci z Chatrandom Plus<\/h3>\n<ul>\n<li><strong>Filtry zaawansowane<\/strong>: Dost\u0119p do bardziej szczeg\u00f3\u0142owych filtr\u00f3w p\u0142ci i lokalizacji, w tym mo\u017cliwo\u015b\u0107 wyboru wielu kraj\u00f3w.<\/li>\n<li><strong>Do\u015bwiadczenie bez reklam<\/strong>: Usuwa wszystkie reklamy, zapewniaj\u0105c nieprzerwane u\u017cytkowanie.<\/li>\n<li><strong>Odznaka VIP<\/strong>: Charakterystyczna odznaka, kt\u00f3ra podkre\u015bla status premium u\u017cytkownika w spo\u0142eczno\u015bci.<\/li>\n<li><strong>Priorytetowe wsparcie<\/strong>: Szybszy czas reakcji zespo\u0142u obs\u0142ugi klienta.<\/li>\n<\/ul>\n<h3>Plany subskrypcji<\/h3>\n<p>Chatrandom Plus oferuje elastyczne opcje subskrypcji:<\/p>\n<ul>\n<li><strong>Plan miesi\u0119czny<\/strong>: Idealny dla u\u017cytkownik\u00f3w, kt\u00f3rzy chc\u0105 wypr\u00f3bowa\u0107 funkcje premium bez d\u0142ugoterminowego zobowi\u0105zania.<\/li>\n<li><strong>Plan kwartalny<\/strong>: Oferuje obni\u017con\u0105 stawk\u0119 w por\u00f3wnaniu z planem miesi\u0119cznym.<\/li>\n<li><strong>Plan roczny<\/strong>: Zapewnia najlepsz\u0105 warto\u015b\u0107 dla u\u017cytkownik\u00f3w d\u0142ugoterminowych, przy znacznych oszcz\u0119dno\u015bciach w stosunku do stawki miesi\u0119cznej.<\/li>\n<\/ul>\n<p>Ceny s\u0105 konkurencyjne i odzwierciedlaj\u0105 dodatkow\u0105 warto\u015b\u0107 zapewnian\u0105 przez funkcje premium.<\/p>\n<h2>Plusy i minusy<\/h2>\n<h3>Plusy<\/h3>\n<ul>\n<li><strong>Przyjazny dla u\u017cytkownika interfejs<\/strong>: Prosta konstrukcja zapewnia \u0142atwo\u015b\u0107 u\u017cytkowania dla wszystkich u\u017cytkownik\u00f3w.<\/li>\n<li><strong>Brak obowi\u0105zkowej rejestracji<\/strong>: Natychmiastowy dost\u0119p do podstawowych funkcji bez konieczno\u015bci posiadania konta.<\/li>\n<li><strong>Globalna \u0142\u0105czno\u015b\u0107<\/strong>: \u0141\u0105czy u\u017cytkownik\u00f3w na ca\u0142ym \u015bwiecie, wspieraj\u0105c wymian\u0119 kulturow\u0105 i r\u00f3\u017cnorodne interakcje.<\/li>\n<li><strong>R\u00f3\u017cnorodno\u015b\u0107 tryb\u00f3w czatu<\/strong>: Wiele opcji dostosowanych do r\u00f3\u017cnych preferencji, w tym czaty grupowe i wiadomo\u015bci tekstowe.<\/li>\n<li><strong>Dost\u0119pno\u015b\u0107 aplikacji mobilnej<\/strong>: Pe\u0142na funkcjonalno\u015b\u0107 na urz\u0105dzeniach mobilnych zwi\u0119ksza dost\u0119pno\u015b\u0107.<\/li>\n<\/ul>\n<h3>Wady<\/h3>\n<ul>\n<li><strong>Ograniczone funkcje dla u\u017cytkownik\u00f3w bezp\u0142atnych<\/strong>: Zaawansowane filtry i niekt\u00f3re tryby czatu wymagaj\u0105 subskrypcji premium.<\/li>\n<li><strong>Niesp\u00f3jne moderowanie<\/strong>: Pomimo stara\u0144, niekt\u00f3re nieodpowiednie tre\u015bci lub zachowania mog\u0105 si\u0119 przedosta\u0107.<\/li>\n<li><strong>Reklamy w wersji bezp\u0142atnej<\/strong>: Reklamy mog\u0105 by\u0107 natr\u0119tne i mog\u0105 zak\u0142\u00f3ca\u0107 do\u015bwiadczenie u\u017cytkownika.<\/li>\n<li><strong>Potencjalne obawy dotycz\u0105ce prywatno\u015bci<\/strong>: Podobnie jak w przypadku ka\u017cdej platformy internetowej, u\u017cytkownicy musz\u0105 zachowa\u0107 ostro\u017cno\u015b\u0107 przy udost\u0119pnianiu danych osobowych.<\/li>\n<\/ul>\n<h2>Bezpiecze\u0144stwo i prywatno\u015b\u0107 u\u017cytkownik\u00f3w<\/h2>\n<h3>Zasady moderowania<\/h3>\n<p>Chatrandom zatrudnia zesp\u00f3\u0142 moderator\u00f3w i zautomatyzowane systemy do monitorowania platformy pod k\u0105tem nieodpowiednich tre\u015bci i zachowa\u0144. U\u017cytkownicy mog\u0105 zg\u0142asza\u0107 naruszenia, a dzia\u0142ania s\u0105 zazwyczaj podejmowane szybko w celu utrzymania bezpiecznego \u015brodowiska.<\/p>\n<h3>\u015arodki ochrony prywatno\u015bci<\/h3>\n<ul>\n<li><strong>Anonimowy czat<\/strong>: U\u017cytkownicy nie musz\u0105 podawa\u0107 danych osobowych, aby korzysta\u0107 z podstawowych funkcji.<\/li>\n<li><strong>Ochrona danych<\/strong>: Chatrandom przestrzega przepis\u00f3w i regulacji dotycz\u0105cych prywatno\u015bci, zapewniaj\u0105c ochron\u0119 danych u\u017cytkownik\u00f3w.<\/li>\n<li><strong>Blokowanie i raportowanie<\/strong>: U\u017cytkownicy maj\u0105 mo\u017cliwo\u015b\u0107 blokowania innych i zg\u0142aszania wszelkich niew\u0142a\u015bciwych zachowa\u0144 bezpo\u015brednio za po\u015brednictwem platformy.<\/li>\n<\/ul>\n<h3>Wskaz\u00f3wki dla u\u017cytkownik\u00f3w<\/h3>\n<ul>\n<li><strong>Ochrona danych osobowych<\/strong>: Unikaj udost\u0119pniania poufnych danych, takich jak imi\u0119 i nazwisko, adres lub informacje finansowe.<\/li>\n<li><strong>M\u0105dre korzystanie z filtr\u00f3w<\/strong>: Korzystaj z dost\u0119pnych filtr\u00f3w, aby \u0142\u0105czy\u0107 si\u0119 z u\u017cytkownikami, kt\u00f3rzy odpowiadaj\u0105 Twoim preferencjom, co mo\u017ce zwi\u0119kszy\u0107 bezpiecze\u0144stwo.<\/li>\n<li><strong>B\u0105d\u017a ostro\u017cny<\/strong>: Zaufaj swojemu instynktowi i od\u0142\u0105cz si\u0119 od ka\u017cdej rozmowy, kt\u00f3ra sprawia, \u017ce czujesz si\u0119 niekomfortowo.<\/li>\n<\/ul>\n<h2>Por\u00f3wnanie z konkurencj\u0105<\/h2>\n<h3>Chatrandom vs. Omegle<\/h3>\n<ul>\n<li><strong>Cechy<\/strong>: Chatrandom oferuje wi\u0119cej funkcji, takich jak wiele tryb\u00f3w czatu i zaawansowane filtry, podczas gdy <a href=\"https:\/\/strangercam.com\/pl\/omegle\/\">Omegle<\/a> skupia si\u0119 g\u0142\u00f3wnie na podstawowych losowych czatach.<\/li>\n<li><strong>Interfejs u\u017cytkownika<\/strong>: Interfejs Chatrandom jest bardziej nowoczesny i przyjazny dla u\u017cytkownika w por\u00f3wnaniu z minimalistycznym designem Omegle.<\/li>\n<li><strong>Aplikacja mobilna<\/strong>: Chatrandom zapewnia aplikacj\u0119 mobiln\u0105, oferuj\u0105c wi\u0119ksz\u0105 dost\u0119pno\u015b\u0107, podczas gdy Omegle ogranicza si\u0119 do przegl\u0105darek internetowych.<\/li>\n<\/ul>\n<h3>Chatrandom vs. Chatroulette<\/h3>\n<ul>\n<li><strong>Wielko\u015b\u0107 spo\u0142eczno\u015bci<\/strong>: Obie platformy maj\u0105 du\u017ce bazy u\u017cytkownik\u00f3w, ale Chatrandom cz\u0119sto ma wi\u0119ksz\u0105 liczb\u0119 aktywnych u\u017cytkownik\u00f3w w danym momencie.<\/li>\n<li><strong>\u015arodki bezpiecze\u0144stwa<\/strong>: Chatrandom ma solidniejsze systemy moderacji i raportowania.<\/li>\n<li><strong>Dodatkowe funkcje<\/strong>: Wiele tryb\u00f3w czatu i filtr\u00f3w Chatrandom zapewnia bardziej dostosowane do\u015bwiadczenie w por\u00f3wnaniu do prostej oferty czatu losowego Chatroulette.<\/li>\n<\/ul>\n<h3>Chatrandom vs. Tinychat<\/h3>\n<ul>\n<li><strong>Tryby czatu<\/strong>: <a href=\"https:\/\/strangercam.com\/pl\/tinychat\/\">Tinychat<\/a> koncentruje si\u0119 na grupowych czatach wideo i transmisji na \u017cywo, podczas gdy Chatrandom oferuje zar\u00f3wno opcje czatu jeden na jednego, jak i czatu grupowego.<\/li>\n<li><strong>Baza u\u017cytkownik\u00f3w<\/strong>: Chatrandom ma bardziej zr\u00f3\u017cnicowan\u0105 globaln\u0105 baz\u0119 u\u017cytkownik\u00f3w, co zwi\u0119ksza mo\u017cliwo\u015bci nawi\u0105zywania mi\u0119dzynarodowych kontakt\u00f3w.<\/li>\n<li><strong>\u0141atwo\u015b\u0107 u\u017cytkowania<\/strong>: Polityka braku rejestracji w Chatrandom dla podstawowych funkcji sprawia, \u017ce jest on bardziej dost\u0119pny dla nowych u\u017cytkownik\u00f3w.<\/li>\n<\/ul>\n<h2>Wnioski<\/h2>\n<p>Chatrandom wyr\u00f3\u017cnia si\u0119 w zat\u0142oczonej przestrzeni <a href=\"https:\/\/strangercam.com\/pl\/chathub\/\">Losowy czat wideo<\/a> oferuj\u0105c przyjazny dla u\u017cytkownika interfejs, r\u00f3\u017cne tryby czatu i funkcje, kt\u00f3re zaspokajaj\u0105 potrzeby r\u00f3\u017cnych odbiorc\u00f3w. Zaanga\u017cowanie w \u0142\u0105czenie ludzi na ca\u0142ym \u015bwiecie jest widoczne dzi\u0119ki obs\u0142udze j\u0119zyk\u00f3w i rozleg\u0142ej bazie u\u017cytkownik\u00f3w. Chocia\u017c istniej\u0105 obszary wymagaj\u0105ce poprawy, szczeg\u00f3lnie w zakresie moderacji i rozszerzania bezp\u0142atnych funkcji, Chatrandom zapewnia cenn\u0105 us\u0142ug\u0119 dla tych, kt\u00f3rzy chc\u0105 anga\u017cowa\u0107 si\u0119 w spontaniczne rozmowy i poszerza\u0107 swoje horyzonty. Niezale\u017cnie od tego, czy szukasz nowych znajomo\u015bci, praktyki j\u0119zykowej, czy po prostu rozrywkowego sposobu na sp\u0119dzenie czasu, Chatrandom oferuje platform\u0119 wart\u0105 poznania.<\/p>","protected":false},"excerpt":{"rendered":"<p>Chatrandom is a platform that enables users to engage in random video chats with strangers worldwide, addressing the growing interest in meeting new people and experiencing diverse cultures. This review examines various aspects of Chatrandom, including its features, user experience, pricing options, safety measures, and comparison with competitors. Overview of Chatrandom Established in 2011, Chatrandom [&hellip;]<\/p>\n","protected":false},"author":7,"featured_media":0,"parent":0,"menu_order":0,"comment_status":"closed","ping_status":"closed","template":"","meta":{"footnotes":""},"class_list":["post-12485","page","type-page","status-publish","hentry"],"yoast_head":"<!-- This site is optimized with the Yoast SEO plugin v26.9 - https:\/\/yoast.com\/product\/yoast-seo-wordpress\/ -->\n<title>Chatrandom - Alternatives &amp; Reviews of Chat Sites - StrangerCam<\/title>\n<meta name=\"description\" content=\"Discover the best Video Chat Sites, complete with ratings and reviews. Enjoy free cam chats that let you meet new people.\" \/>\n<meta name=\"robots\" content=\"index, follow, max-snippet:-1, max-image-preview:large, max-video-preview:-1\" \/>\n<link rel=\"canonical\" href=\"https:\/\/strangercam.com\/pl\/chatrandom\/\" \/>\n<meta property=\"og:locale\" content=\"pl_PL\" \/>\n<meta property=\"og:type\" content=\"article\" \/>\n<meta property=\"og:title\" content=\"Chatrandom - Alternatives &amp; Reviews of Chat Sites - StrangerCam\" \/>\n<meta property=\"og:description\" content=\"Discover the best Video Chat Sites, complete with ratings and reviews. Enjoy free cam chats that let you meet new people.\" \/>\n<meta property=\"og:url\" content=\"https:\/\/strangercam.com\/pl\/chatrandom\/\" \/>\n<meta property=\"og:site_name\" content=\"Strangercam\" \/>\n<meta property=\"article:publisher\" content=\"https:\/\/www.facebook.com\/strangercam\" \/>\n<meta property=\"article:modified_time\" content=\"2025-06-16T11:29:26+00:00\" \/>\n<meta property=\"og:image\" content=\"https:\/\/strangercam.com\/wp-content\/uploads\/2021\/10\/Untitled-2.png\" \/>\n\t<meta property=\"og:image:width\" content=\"800\" \/>\n\t<meta property=\"og:image:height\" content=\"532\" \/>\n\t<meta property=\"og:image:type\" content=\"image\/png\" \/>\n<meta name=\"twitter:card\" content=\"summary_large_image\" \/>\n<meta name=\"twitter:site\" content=\"@strangercamapp\" \/>\n<meta name=\"twitter:label1\" content=\"Szacowany czas czytania\" \/>\n\t<meta name=\"twitter:data1\" content=\"6 minut\" \/>\n<script type=\"application\/ld+json\" class=\"yoast-schema-graph\">{\"@context\":\"https:\/\/schema.org\",\"@graph\":[{\"@type\":\"WebPage\",\"@id\":\"https:\/\/strangercam.com\/chatrandom\/\",\"url\":\"https:\/\/strangercam.com\/chatrandom\/\",\"name\":\"Chatrandom - Alternatives & Reviews of Chat Sites - StrangerCam\",\"isPartOf\":{\"@id\":\"https:\/\/strangercam.com\/#website\"},\"datePublished\":\"2024-09-30T10:13:20+00:00\",\"dateModified\":\"2025-06-16T11:29:26+00:00\",\"description\":\"Discover the best Video Chat Sites, complete with ratings and reviews. Enjoy free cam chats that let you meet new people.\",\"breadcrumb\":{\"@id\":\"https:\/\/strangercam.com\/chatrandom\/#breadcrumb\"},\"inLanguage\":\"pl-PL\",\"potentialAction\":[{\"@type\":\"ReadAction\",\"target\":[\"https:\/\/strangercam.com\/chatrandom\/\"]}]},{\"@type\":\"BreadcrumbList\",\"@id\":\"https:\/\/strangercam.com\/chatrandom\/#breadcrumb\",\"itemListElement\":[{\"@type\":\"ListItem\",\"position\":1,\"name\":\"Home\",\"item\":\"https:\/\/strangercam.com\/\"},{\"@type\":\"ListItem\",\"position\":2,\"name\":\"Chatrandom\"}]},{\"@type\":\"WebSite\",\"@id\":\"https:\/\/strangercam.com\/#website\",\"url\":\"https:\/\/strangercam.com\/\",\"name\":\"Strangercam\",\"description\":\"Random Video Chat with Strangers\",\"publisher\":{\"@id\":\"https:\/\/strangercam.com\/#organization\"},\"alternateName\":\"Strangercam.com\",\"potentialAction\":[{\"@type\":\"SearchAction\",\"target\":{\"@type\":\"EntryPoint\",\"urlTemplate\":\"https:\/\/strangercam.com\/?s={search_term_string}\"},\"query-input\":{\"@type\":\"PropertyValueSpecification\",\"valueRequired\":true,\"valueName\":\"search_term_string\"}}],\"inLanguage\":\"pl-PL\"},{\"@type\":\"Organization\",\"@id\":\"https:\/\/strangercam.com\/#organization\",\"name\":\"Strangercam\",\"alternateName\":\"Strangercam.com\",\"url\":\"https:\/\/strangercam.com\/\",\"logo\":{\"@type\":\"ImageObject\",\"inLanguage\":\"pl-PL\",\"@id\":\"https:\/\/strangercam.com\/#\/schema\/logo\/image\/\",\"url\":\"https:\/\/strangercam.com\/wp-content\/uploads\/2020\/11\/cropped-new-favicon-black.png\",\"contentUrl\":\"https:\/\/strangercam.com\/wp-content\/uploads\/2020\/11\/cropped-new-favicon-black.png\",\"width\":512,\"height\":512,\"caption\":\"Strangercam\"},\"image\":{\"@id\":\"https:\/\/strangercam.com\/#\/schema\/logo\/image\/\"},\"sameAs\":[\"https:\/\/www.facebook.com\/strangercam\",\"https:\/\/x.com\/strangercamapp\"]}]}<\/script>\n<!-- \/ Yoast SEO plugin. -->","yoast_head_json":{"title":"Chatrandom - Alternatywy i recenzje stron z czatami - StrangerCam","description":"Odkryj najlepsze strony z czatami wideo, wraz z ocenami i recenzjami. Ciesz si\u0119 darmowymi czatami przed kamer\u0105, kt\u00f3re pozwol\u0105 Ci pozna\u0107 nowych ludzi.","robots":{"index":"index","follow":"follow","max-snippet":"max-snippet:-1","max-image-preview":"max-image-preview:large","max-video-preview":"max-video-preview:-1"},"canonical":"https:\/\/strangercam.com\/pl\/chatrandom\/","og_locale":"pl_PL","og_type":"article","og_title":"Chatrandom - Alternatives & Reviews of Chat Sites - StrangerCam","og_description":"Discover the best Video Chat Sites, complete with ratings and reviews. Enjoy free cam chats that let you meet new people.","og_url":"https:\/\/strangercam.com\/pl\/chatrandom\/","og_site_name":"Strangercam","article_publisher":"https:\/\/www.facebook.com\/strangercam","article_modified_time":"2025-06-16T11:29:26+00:00","og_image":[{"width":800,"height":532,"url":"https:\/\/strangercam.com\/wp-content\/uploads\/2021\/10\/Untitled-2.png","type":"image\/png"}],"twitter_card":"summary_large_image","twitter_site":"@strangercamapp","twitter_misc":{"Szacowany czas czytania":"6 minut"},"schema":{"@context":"https:\/\/schema.org","@graph":[{"@type":"WebPage","@id":"https:\/\/strangercam.com\/chatrandom\/","url":"https:\/\/strangercam.com\/chatrandom\/","name":"Chatrandom - Alternatywy i recenzje stron z czatami - StrangerCam","isPartOf":{"@id":"https:\/\/strangercam.com\/#website"},"datePublished":"2024-09-30T10:13:20+00:00","dateModified":"2025-06-16T11:29:26+00:00","description":"Odkryj najlepsze strony z czatami wideo, wraz z ocenami i recenzjami. Ciesz si\u0119 darmowymi czatami przed kamer\u0105, kt\u00f3re pozwol\u0105 Ci pozna\u0107 nowych ludzi.","breadcrumb":{"@id":"https:\/\/strangercam.com\/chatrandom\/#breadcrumb"},"inLanguage":"pl-PL","potentialAction":[{"@type":"ReadAction","target":["https:\/\/strangercam.com\/chatrandom\/"]}]},{"@type":"BreadcrumbList","@id":"https:\/\/strangercam.com\/chatrandom\/#breadcrumb","itemListElement":[{"@type":"ListItem","position":1,"name":"Home","item":"https:\/\/strangercam.com\/"},{"@type":"ListItem","position":2,"name":"Chatrandom"}]},{"@type":"WebSite","@id":"https:\/\/strangercam.com\/#website","url":"https:\/\/strangercam.com\/","name":"Strangercam","description":"Losowy czat wideo z nieznajomymi","publisher":{"@id":"https:\/\/strangercam.com\/#organization"},"alternateName":"Strangercam.com","potentialAction":[{"@type":"SearchAction","target":{"@type":"EntryPoint","urlTemplate":"https:\/\/strangercam.com\/?s={search_term_string}"},"query-input":{"@type":"PropertyValueSpecification","valueRequired":true,"valueName":"search_term_string"}}],"inLanguage":"pl-PL"},{"@type":"Organization","@id":"https:\/\/strangercam.com\/#organization","name":"Strangercam","alternateName":"Strangercam.com","url":"https:\/\/strangercam.com\/","logo":{"@type":"ImageObject","inLanguage":"pl-PL","@id":"https:\/\/strangercam.com\/#\/schema\/logo\/image\/","url":"https:\/\/strangercam.com\/wp-content\/uploads\/2020\/11\/cropped-new-favicon-black.png","contentUrl":"https:\/\/strangercam.com\/wp-content\/uploads\/2020\/11\/cropped-new-favicon-black.png","width":512,"height":512,"caption":"Strangercam"},"image":{"@id":"https:\/\/strangercam.com\/#\/schema\/logo\/image\/"},"sameAs":["https:\/\/www.facebook.com\/strangercam","https:\/\/x.com\/strangercamapp"]}]}},"_links":{"self":[{"href":"https:\/\/strangercam.com\/pl\/wp-json\/wp\/v2\/pages\/12485","targetHints":{"allow":["GET"]}}],"collection":[{"href":"https:\/\/strangercam.com\/pl\/wp-json\/wp\/v2\/pages"}],"about":[{"href":"https:\/\/strangercam.com\/pl\/wp-json\/wp\/v2\/types\/page"}],"author":[{"embeddable":true,"href":"https:\/\/strangercam.com\/pl\/wp-json\/wp\/v2\/users\/7"}],"replies":[{"embeddable":true,"href":"https:\/\/strangercam.com\/pl\/wp-json\/wp\/v2\/comments?post=12485"}],"version-history":[{"count":1,"href":"https:\/\/strangercam.com\/pl\/wp-json\/wp\/v2\/pages\/12485\/revisions"}],"predecessor-version":[{"id":12865,"href":"https:\/\/strangercam.com\/pl\/wp-json\/wp\/v2\/pages\/12485\/revisions\/12865"}],"wp:attachment":[{"href":"https:\/\/strangercam.com\/pl\/wp-json\/wp\/v2\/media?parent=12485"}],"curies":[{"name":"wp","href":"https:\/\/api.w.org\/{rel}","templated":true}]}}