{"id":12414,"date":"2024-06-10T14:11:20","date_gmt":"2024-06-10T12:11:20","guid":{"rendered":"https:\/\/strangercam.com\/?page_id=12414"},"modified":"2024-06-10T14:11:59","modified_gmt":"2024-06-10T12:11:59","slug":"chatbychance","status":"publish","type":"page","link":"https:\/\/strangercam.com\/pl\/chatbychance\/","title":{"rendered":"ChatbyChance"},"content":{"rendered":"<p data-pm-slice=\"1 1 []\">Szukasz ekscytuj\u0105cego sposobu na nawi\u0105zanie kontaktu z nowymi lud\u017ami online? Zanurz si\u0119 w \u015bwiecie ChatbyChance, gdzie ka\u017cda rozmowa jest niespodziank\u0105 czekaj\u0105c\u0105 na to, by si\u0119 wydarzy\u0107. Podobnie jak inne losowe wideo <a href=\"https:\/\/strangercam.com\/pl\/chatroulette\/\">czat<\/a> Platformy takie jak Strangercam i Chatrandom, ChatbyChance oferuj\u0105 ekscytuj\u0105ce wra\u017cenia dla tych, kt\u00f3rzy szukaj\u0105 spontanicznych interakcji.<\/p>\n<p>W ChatbyChance wierzymy w dreszczyk nieoczekiwanych po\u0142\u0105cze\u0144 i rado\u015b\u0107 poznawania nieznajomych z ca\u0142ego \u015bwiata. Niezale\u017cnie od tego, czy chcesz nawi\u0105za\u0107 nowe znajomo\u015bci, prowadzi\u0107 wci\u0105gaj\u0105ce rozmowy, czy po prostu sp\u0119dzi\u0107 czas na przypadkowych pogaw\u0119dkach, ChatbyChance jest bram\u0105 do niesko\u0144czonych mo\u017cliwo\u015bci.<\/p>\n<p>Join odkryj z nami dynamiczny \u015bwiat ChatbyChance, w kt\u00f3rym ka\u017cde klikni\u0119cie stawia ci\u0119 twarz\u0105 w twarz z now\u0105 przygod\u0105. Przygotuj si\u0119 na emocje zwi\u0105zane z losowymi czatami wideo, jak nigdy dot\u0105d.<\/p>\n<h2 id=\"overview-of-chatbychance\">Przegl\u0105d ChatbyChance<\/h2>\n<h3 id=\"what-is-chatbychance\">Czym jest ChatbyChance?<\/h3>\n<p>ChatbyChance jest jedn\u0105 z popularnych platform, takich jak StrangerCam, Chatrandom, EmeraldChat i inne, oferuj\u0105cych <a href=\"https:\/\/strangercam.com\/pl\/chathub\/\">Losowy czat wideo<\/a> us\u0142ugi. U\u017cytkownicy mog\u0105 \u0142\u0105czy\u0107 si\u0119 z nieznajomymi na ca\u0142ym \u015bwiecie za po\u015brednictwem czat\u00f3w wideo, tworz\u0105c drog\u0119 do spontanicznych interakcji i nawi\u0105zywania nowych znajomo\u015bci. Za\u0142o\u017ceniem platformy jest ekscytacja poznawaniem nowych ludzi online w nieprzewidywalny i ekscytuj\u0105cy spos\u00f3b.<\/p>\n<h3 id=\"key-features-and-functionalities\">Kluczowe cechy i funkcje<\/h3>\n<p>Podobnie jak inne strony z losowymi czatami wideo, ChatbyChance zapewnia u\u017cytkownikom nast\u0119puj\u0105ce kluczowe cechy i funkcje:<\/p>\n<ul class=\"list-disc list-outside leading-3 -mt-2 tight\" data-tight=\"true\">\n<li class=\"leading-normal -mb-2\">Natychmiastowe po\u0142\u0105czenia z nieznajomymi na losowe czaty wideo.<\/li>\n<li class=\"leading-normal -mb-2\">Anonimowo\u015b\u0107 umo\u017cliwiaj\u0105ca interakcj\u0119 z innymi bez ujawniania danych osobowych.<\/li>\n<li class=\"leading-normal -mb-2\">Globalny zasi\u0119g, umo\u017cliwiaj\u0105cy u\u017cytkownikom \u0142\u0105czenie si\u0119 z osobami z r\u00f3\u017cnych kraj\u00f3w.<\/li>\n<li class=\"leading-normal -mb-2\">Przyjazny dla u\u017cytkownika interfejs zapewniaj\u0105cy p\u0142ynne korzystanie z czatu.<\/li>\n<li class=\"leading-normal -mb-2\">Opcje filtrowania po\u0142\u0105cze\u0144 na podstawie preferencji, takich jak p\u0142e\u0107 lub lokalizacja.<\/li>\n<li class=\"leading-normal -mb-2\">Losowe dopasowanie pozwala do\u015bwiadczy\u0107 r\u00f3\u017cnorodnych interakcji z r\u00f3\u017cnymi u\u017cytkownikami.<\/li>\n<\/ul>\n<p>ChatbyChance, podobnie jak jego odpowiedniki, jest przeznaczony dla os\u00f3b poszukuj\u0105cych nowych do\u015bwiadcze\u0144 i chc\u0105cych nawi\u0105za\u0107 kontakt z r\u00f3\u017cnymi osobami online poprzez spontaniczne czaty wideo.<\/p>\n<h2 id=\"user-experience-on-chatbychance\">Do\u015bwiadczenie u\u017cytkownika na ChatbyChance<\/h2>\n<h3 id=\"user-interface-and-design\">Interfejs u\u017cytkownika i projektowanie<\/h3>\n<p>Je\u015bli chodzi o interfejs u\u017cytkownika i wygl\u0105d ChatbyChance, jest on podobny do innych popularnych platform do losowych czat\u00f3w wideo, takich jak StrangerCam, Chatrandom i <a href=\"https:\/\/strangercam.com\/pl\/emerald-chat\/\">Szmaragd<\/a> Czat. Uk\u0142ad jest zazwyczaj intuicyjny i prosty, umo\u017cliwiaj\u0105c u\u017cytkownikom \u0142atwe poruszanie si\u0119 po witrynie i inicjowanie losowych czat\u00f3w wideo z nieznajomymi bez wysi\u0142ku. Projekt cz\u0119sto koncentruje si\u0119 na prostocie, zapewniaj\u0105c, \u017ce u\u017cytkownicy mog\u0105 szybko zrozumie\u0107, jak rozpocz\u0105\u0107 lub zako\u0144czy\u0107 sesj\u0119 czatu, dostosowa\u0107 ustawienia lub zaanga\u017cowa\u0107 si\u0119 w inne funkcje oferowane przez platform\u0119.<\/p>\n<h3 id=\"real-user-reviews-and-feedback\">Prawdziwe recenzje i opinie u\u017cytkownik\u00f3w<\/h3>\n<p>Prawdziwe recenzje i opinie u\u017cytkownik\u00f3w odgrywaj\u0105 znacz\u0105c\u0105 rol\u0119 w kszta\u0142towaniu postrzegania platform takich jak ChatbyChance w spo\u0142eczno\u015bci internetowej. Podobnie jak inne losowe witryny czat\u00f3w wideo, ChatbyChance otrzymuje r\u00f3\u017cnorodne recenzje od u\u017cytkownik\u00f3w z ca\u0142ego \u015bwiata. Niekt\u00f3rzy u\u017cytkownicy podkre\u015blaj\u0105 emocje zwi\u0105zane z poznawaniem nowych ludzi i prowadzeniem anga\u017cuj\u0105cych rozm\u00f3w, podkre\u015blaj\u0105c spontaniczno\u015b\u0107 i dreszczyk emocji zwi\u0105zany z platform\u0105. Inni mog\u0105 wspomina\u0107 o takich aspektach jak jako\u015b\u0107 po\u0142\u0105czenia, r\u00f3\u017cnorodno\u015b\u0107 napotkanych os\u00f3b lub og\u00f3lne wra\u017cenia u\u017cytkownika.<\/p>\n<p>Og\u00f3lnie rzecz bior\u0105c, prawdziwe recenzje i opinie u\u017cytkownik\u00f3w zapewniaj\u0105 cenny wgl\u0105d w mocne strony i obszary wymagaj\u0105ce poprawy ChatbyChance, pomagaj\u0105c potencjalnym u\u017cytkownikom w podejmowaniu \u015bwiadomych decyzji o zaanga\u017cowaniu si\u0119 w platform\u0119 na potrzeby losowych czat\u00f3w wideo.<\/p>\n<h2 id=\"safety-and-security-measures\">\u015arodki bezpiecze\u0144stwa i ochrony<\/h2>\n<h3 id=\"privacy-concerns-and-user-safety\">Ochrona prywatno\u015bci i bezpiecze\u0144stwo u\u017cytkownik\u00f3w<\/h3>\n<p>Je\u015bli chodzi o losowe witryny czat\u00f3w wideo, takie jak ChatbyChance, zachowanie prywatno\u015bci i bezpiecze\u0144stwa u\u017cytkownik\u00f3w jest najwa\u017cniejsze. Platformy te, w tym StrangerCam i Chatrandom, priorytetowo traktuj\u0105 tworzenie bezpiecznego \u015brodowiska dla swoich u\u017cytkownik\u00f3w, aby mogli anga\u017cowa\u0107 si\u0119 w spontaniczne po\u0142\u0105czenia online.<\/p>\n<p>Bezpiecze\u0144stwo u\u017cytkownik\u00f3w jest zapewnione dzi\u0119ki r\u00f3\u017cnym \u015brodkom, takim jak monitorowanie czatu, systemy zg\u0142aszania nieodpowiednich zachowa\u0144 i wytyczne dla spo\u0142eczno\u015bci, kt\u00f3rych u\u017cytkownicy powinni \u015bci\u015ble przestrzega\u0107. Platformy te zach\u0119caj\u0105 u\u017cytkownik\u00f3w do zg\u0142aszania wszelkich podejrzanych lub obra\u017aliwych zachowa\u0144, umo\u017cliwiaj\u0105c podj\u0119cie szybkich dzia\u0142a\u0144 w celu rozwi\u0105zania obaw i utrzymania pozytywnego do\u015bwiadczenia u\u017cytkownika.<\/p>\n<h3 id=\"data-protection-policies\">Zasady ochrony danych<\/h3>\n<p>Strony losowych czat\u00f3w wideo maj\u0105 solidne zasady ochrony danych w celu zabezpieczenia informacji o u\u017cytkownikach. Platformy takie jak ChatbyChance, StrangerCam i Chatrandom wdra\u017caj\u0105 protoko\u0142y szyfrowania w celu zabezpieczenia transmisji danych podczas czat\u00f3w wideo. Ponadto posiadaj\u0105 one \u015bcis\u0142e zasady dotycz\u0105ce gromadzenia, przechowywania i udost\u0119pniania danych u\u017cytkownik\u00f3w w celu ochrony ich prywatno\u015bci.<\/p>\n<p>Przestrzegaj\u0105c rygorystycznych przepis\u00f3w dotycz\u0105cych ochrony danych i regularnie aktualizuj\u0105c swoje \u015brodki bezpiecze\u0144stwa, platformy te zapewniaj\u0105, \u017ce informacje o u\u017cytkownikach pozostaj\u0105 poufne i bezpieczne. U\u017cytkownicy mog\u0105 spokojnie bra\u0107 udzia\u0142 w losowych czatach wideo, wiedz\u0105c, \u017ce ich dane s\u0105 chronione, a ich prywatno\u015b\u0107 jest szanowana.<\/p>\n<h2 id=\"comparing-chatbychance-to-other-chat-platforms\">Por\u00f3wnanie ChatbyChance z innymi platformami czatu<\/h2>\n<h3 id=\"unique-selling-propositions\">Unikalne propozycje sprzeda\u017cy<\/h3>\n<p>Por\u00f3wnuj\u0105c ChatbyChance z innymi platformami czatowymi, takimi jak StrangerCam, Chatrandom i EmeraldChat, okazuje si\u0119, \u017ce wszystkie one oferuj\u0105 podobne funkcje, jak losowe strony czatu wideo. Platformy te zapewniaj\u0105 u\u017cytkownikom ekscytuj\u0105c\u0105 mo\u017cliwo\u015b\u0107 <a href=\"https:\/\/strangercam.com\/pl\/coomeet\/\">spotkanie<\/a> nieznajomych z ca\u0142ego \u015bwiata poprzez spontaniczne rozmowy wideo. Atrakcyjno\u015b\u0107 polega na nieprzewidywalno\u015bci tych spotka\u0144 i szansie na nawi\u0105zanie nowych znajomo\u015bci w \u015brodowisku online.<\/p>\n<h3 id=\"limitations-and-drawbacks\">Ograniczenia i wady<\/h3>\n<p>Podczas gdy ChatbyChance wykazuje podobie\u0144stwa do innych platform losowych czat\u00f3w wideo, napotyka r\u00f3wnie\u017c wsp\u00f3lne ograniczenia i wady charakterystyczne dla tego typu us\u0142ug. Jedn\u0105 z kluczowych wad jest brak kontroli nad tym, kogo u\u017cytkownicy mog\u0105 spotka\u0107 podczas losowych czat\u00f3w wideo, co mo\u017ce czasami prowadzi\u0107 do nieprzyjemnych interakcji lub spotka\u0144 z nieodpowiednimi tre\u015bciami. Ponadto anonimowo\u015b\u0107 oferowana przez te platformy mo\u017ce stanowi\u0107 zagro\u017cenie dla bezpiecze\u0144stwa i prywatno\u015bci u\u017cytkownik\u00f3w, poniewa\u017c nie zawsze znaj\u0105 oni prawdziw\u0105 to\u017csamo\u015b\u0107 os\u00f3b, z kt\u00f3rymi rozmawiaj\u0105.<\/p>\n<p>Ograniczenia te podkre\u015blaj\u0105 potrzeb\u0119 zachowania przez u\u017cytkownik\u00f3w ostro\u017cno\u015bci i dyskrecji podczas anga\u017cowania si\u0119 w przypadkowe czaty wideo na platformach takich jak ChatbyChance. Wa\u017cne jest, aby pami\u0119ta\u0107 o potencjalnym ryzyku zwi\u0105zanym z interakcj\u0105 z nieznajomymi online i priorytetowo traktowa\u0107 bezpiecze\u0144stwo osobiste i prywatno\u015b\u0107 podczas korzystania z tych us\u0142ug.<\/p>\n<h2 id=\"conclusion\">Wnioski<\/h2>\n<p>W \u015bwiecie, w kt\u00f3rym po\u0142\u0105czenia maj\u0105 wi\u0119ksze znaczenie ni\u017c kiedykolwiek, platformy takie jak ChatbyChance zapewniaj\u0105 mo\u017cliwo\u015b\u0107 spontanicznych interakcji. Zbadali\u015bmy unikalne funkcje i do\u015bwiadczenia u\u017cytkownik\u00f3w, kt\u00f3re odr\u00f3\u017cniaj\u0105 ChatbyChance od jego odpowiednik\u00f3w. Chocia\u017c urok poznawania nowych ludzi na ca\u0142ym \u015bwiecie jest niezaprzeczalny, wa\u017cne jest, aby porusza\u0107 si\u0119 po tych platformach z ostro\u017cno\u015bci\u0105. Jak widzieli\u015bmy, bezpiecze\u0144stwo u\u017cytkownik\u00f3w i prywatno\u015b\u0107 pozostaj\u0105 kluczowymi kwestiami w sferze losowych czat\u00f3w wideo. R\u00f3wnowa\u017c\u0105c ekscytacj\u0119 nieoczekiwanymi spotkaniami ze \u015bwiadomym podej\u015bciem do bezpiecze\u0144stwa osobistego, u\u017cytkownicy mog\u0105 w pe\u0142ni wykorzysta\u0107 to, co ChatbyChance i podobne platformy maj\u0105 do zaoferowania. Poczuj dreszczyk nieznanego, ale zawsze stawiaj na pierwszym miejscu swoje dobre samopoczucie w cyfrowym krajobrazie przypadkowych po\u0142\u0105cze\u0144.<\/p>\n<h2 id=\"frequently-asked-questions\">Cz\u0119sto zadawane pytania<\/h2>\n<h3 id=\"what-is-chatbychance\">Czym jest ChatbyChance?<\/h3>\n<p>ChatbyChance to platforma do spontanicznego nawi\u0105zywania kontakt\u00f3w online poprzez losowe czaty wideo. Pozwala u\u017cytkownikom na natychmiastowe i anonimowe poznawanie nowych os\u00f3b.<\/p>\n<h3 id=\"how-does-chatbychance-differ-from-other-platforms-like-strangercam-and-chatrandom\">Czym ChatbyChance r\u00f3\u017cni si\u0119 od innych platform, takich jak StrangerCam i Chatrandom?<\/h3>\n<p>ChatbyChance wyr\u00f3\u017cnia si\u0119 naciskiem na natychmiastowe po\u0142\u0105czenia, globalny zasi\u0119g, anonimowo\u015b\u0107 i przyjazny dla u\u017cytkownika interfejs. Oferuje ekscytuj\u0105ce do\u015bwiadczenie szybkiego poznawania nieznajomych.<\/p>\n<h3 id=\"what-do-user-reviews-say-about-chatbychance\">Co opinie u\u017cytkownik\u00f3w m\u00f3wi\u0105 o ChatbyChance?<\/h3>\n<p>Opinie u\u017cytkownik\u00f3w podkre\u015blaj\u0105 emocje zwi\u0105zane z poznawaniem nowych ludzi na ChatbyChance. Prawdziwi u\u017cytkownicy platformy kszta\u0142tuj\u0105 jej postrzeganie, dziel\u0105c si\u0119 emocjami zwi\u0105zanymi ze spontanicznymi po\u0142\u0105czeniami.<\/p>\n<h3 id=\"what-are-the-pros-and-cons-of-using-platforms-like-chatbychance\">Jakie s\u0105 wady i zalety korzystania z platform takich jak ChatbyChance?<\/h3>\n<p>Chocia\u017c platformy takie jak ChatbyChance oferuj\u0105 ekscytuj\u0105ce mo\u017cliwo\u015bci poznawania nieznajomych na ca\u0142ym \u015bwiecie, brakuje im kontroli nad spotkaniami. U\u017cytkownicy powinni priorytetowo traktowa\u0107 osobiste bezpiecze\u0144stwo i prywatno\u015b\u0107.<\/p>","protected":false},"excerpt":{"rendered":"<p>Looking for an exciting way to connect with new people online? Dive into the world of ChatbyChance, where every conversation is a surprise waiting to happen. Similar to other random video chat platforms like Strangercam and Chatrandom, ChatbyChance offers a thrilling experience for those seeking spontaneous interactions. At ChatbyChance, we believe in the thrill of [&hellip;]<\/p>\n","protected":false},"author":6,"featured_media":12415,"parent":0,"menu_order":0,"comment_status":"closed","ping_status":"closed","template":"","meta":{"footnotes":""},"class_list":["post-12414","page","type-page","status-publish","has-post-thumbnail","hentry"],"yoast_head":"<!-- This site is optimized with the Yoast SEO plugin v26.9 - https:\/\/yoast.com\/product\/yoast-seo-wordpress\/ -->\n<title>ChatbyChance Random Video Chat - StrangerCam.com<\/title>\n<meta name=\"description\" content=\"Like ChatbyChance? Come chat with more than 5.000.000 strangers on Stranger Cam for Free! Turn on your cam and find new friends &amp; maby a match!\" \/>\n<meta name=\"robots\" content=\"index, follow, max-snippet:-1, max-image-preview:large, max-video-preview:-1\" \/>\n<link rel=\"canonical\" href=\"https:\/\/strangercam.com\/pl\/chatbychance\/\" \/>\n<meta property=\"og:locale\" content=\"pl_PL\" \/>\n<meta property=\"og:type\" content=\"article\" \/>\n<meta property=\"og:title\" content=\"ChatbyChance Random Video Chat - StrangerCam.com\" \/>\n<meta property=\"og:description\" content=\"Like ChatbyChance? Come chat with more than 5.000.000 strangers on Stranger Cam for Free! Turn on your cam and find new friends &amp; maby a match!\" \/>\n<meta property=\"og:url\" content=\"https:\/\/strangercam.com\/pl\/chatbychance\/\" \/>\n<meta property=\"og:site_name\" content=\"Strangercam\" \/>\n<meta property=\"article:publisher\" content=\"https:\/\/www.facebook.com\/strangercam\" \/>\n<meta property=\"article:modified_time\" content=\"2024-06-10T12:11:59+00:00\" \/>\n<meta property=\"og:image\" content=\"https:\/\/strangercam.com\/wp-content\/uploads\/2021\/10\/Untitled-2.png\" \/>\n\t<meta property=\"og:image:width\" content=\"800\" \/>\n\t<meta property=\"og:image:height\" content=\"532\" \/>\n\t<meta property=\"og:image:type\" content=\"image\/png\" \/>\n<meta name=\"twitter:card\" content=\"summary_large_image\" \/>\n<meta name=\"twitter:site\" content=\"@strangercamapp\" \/>\n<meta name=\"twitter:label1\" content=\"Szacowany czas czytania\" \/>\n\t<meta name=\"twitter:data1\" content=\"1 minuta\" \/>\n<script type=\"application\/ld+json\" class=\"yoast-schema-graph\">{\"@context\":\"https:\/\/schema.org\",\"@graph\":[{\"@type\":\"WebPage\",\"@id\":\"https:\/\/strangercam.com\/chatbychance\/\",\"url\":\"https:\/\/strangercam.com\/chatbychance\/\",\"name\":\"ChatbyChance Random Video Chat - StrangerCam.com\",\"isPartOf\":{\"@id\":\"https:\/\/strangercam.com\/#website\"},\"primaryImageOfPage\":{\"@id\":\"https:\/\/strangercam.com\/chatbychance\/#primaryimage\"},\"image\":{\"@id\":\"https:\/\/strangercam.com\/chatbychance\/#primaryimage\"},\"thumbnailUrl\":\"https:\/\/strangercam.com\/wp-content\/uploads\/2024\/06\/ChatbyChance.avif\",\"datePublished\":\"2024-06-10T12:11:20+00:00\",\"dateModified\":\"2024-06-10T12:11:59+00:00\",\"description\":\"Like ChatbyChance? Come chat with more than 5.000.000 strangers on Stranger Cam for Free! Turn on your cam and find new friends & maby a match!\",\"breadcrumb\":{\"@id\":\"https:\/\/strangercam.com\/chatbychance\/#breadcrumb\"},\"inLanguage\":\"pl-PL\",\"potentialAction\":[{\"@type\":\"ReadAction\",\"target\":[\"https:\/\/strangercam.com\/chatbychance\/\"]}]},{\"@type\":\"ImageObject\",\"inLanguage\":\"pl-PL\",\"@id\":\"https:\/\/strangercam.com\/chatbychance\/#primaryimage\",\"url\":\"https:\/\/strangercam.com\/wp-content\/uploads\/2024\/06\/ChatbyChance.avif\",\"contentUrl\":\"https:\/\/strangercam.com\/wp-content\/uploads\/2024\/06\/ChatbyChance.avif\",\"width\":1876,\"height\":878},{\"@type\":\"BreadcrumbList\",\"@id\":\"https:\/\/strangercam.com\/chatbychance\/#breadcrumb\",\"itemListElement\":[{\"@type\":\"ListItem\",\"position\":1,\"name\":\"Home\",\"item\":\"https:\/\/strangercam.com\/\"},{\"@type\":\"ListItem\",\"position\":2,\"name\":\"ChatbyChance\"}]},{\"@type\":\"WebSite\",\"@id\":\"https:\/\/strangercam.com\/#website\",\"url\":\"https:\/\/strangercam.com\/\",\"name\":\"Strangercam\",\"description\":\"Random Video Chat with Strangers\",\"publisher\":{\"@id\":\"https:\/\/strangercam.com\/#organization\"},\"alternateName\":\"Strangercam.com\",\"potentialAction\":[{\"@type\":\"SearchAction\",\"target\":{\"@type\":\"EntryPoint\",\"urlTemplate\":\"https:\/\/strangercam.com\/?s={search_term_string}\"},\"query-input\":{\"@type\":\"PropertyValueSpecification\",\"valueRequired\":true,\"valueName\":\"search_term_string\"}}],\"inLanguage\":\"pl-PL\"},{\"@type\":\"Organization\",\"@id\":\"https:\/\/strangercam.com\/#organization\",\"name\":\"Strangercam\",\"alternateName\":\"Strangercam.com\",\"url\":\"https:\/\/strangercam.com\/\",\"logo\":{\"@type\":\"ImageObject\",\"inLanguage\":\"pl-PL\",\"@id\":\"https:\/\/strangercam.com\/#\/schema\/logo\/image\/\",\"url\":\"https:\/\/strangercam.com\/wp-content\/uploads\/2020\/11\/cropped-new-favicon-black.png\",\"contentUrl\":\"https:\/\/strangercam.com\/wp-content\/uploads\/2020\/11\/cropped-new-favicon-black.png\",\"width\":512,\"height\":512,\"caption\":\"Strangercam\"},\"image\":{\"@id\":\"https:\/\/strangercam.com\/#\/schema\/logo\/image\/\"},\"sameAs\":[\"https:\/\/www.facebook.com\/strangercam\",\"https:\/\/x.com\/strangercamapp\"]}]}<\/script>\n<!-- \/ Yoast SEO plugin. -->","yoast_head_json":{"title":"Losowy czat wideo ChatbyChance - StrangerCam.com","description":"Jak ChatbyChance? Przyjd\u017a na czat z ponad 5.000.000 nieznajomych na Stranger Cam za darmo! W\u0142\u0105cz kamer\u0119 i znajd\u017a nowych przyjaci\u00f3\u0142 i mo\u017ce mecz!","robots":{"index":"index","follow":"follow","max-snippet":"max-snippet:-1","max-image-preview":"max-image-preview:large","max-video-preview":"max-video-preview:-1"},"canonical":"https:\/\/strangercam.com\/pl\/chatbychance\/","og_locale":"pl_PL","og_type":"article","og_title":"ChatbyChance Random Video Chat - StrangerCam.com","og_description":"Like ChatbyChance? Come chat with more than 5.000.000 strangers on Stranger Cam for Free! Turn on your cam and find new friends & maby a match!","og_url":"https:\/\/strangercam.com\/pl\/chatbychance\/","og_site_name":"Strangercam","article_publisher":"https:\/\/www.facebook.com\/strangercam","article_modified_time":"2024-06-10T12:11:59+00:00","og_image":[{"width":800,"height":532,"url":"https:\/\/strangercam.com\/wp-content\/uploads\/2021\/10\/Untitled-2.png","type":"image\/png"}],"twitter_card":"summary_large_image","twitter_site":"@strangercamapp","twitter_misc":{"Szacowany czas czytania":"1 minuta"},"schema":{"@context":"https:\/\/schema.org","@graph":[{"@type":"WebPage","@id":"https:\/\/strangercam.com\/chatbychance\/","url":"https:\/\/strangercam.com\/chatbychance\/","name":"Losowy czat wideo ChatbyChance - StrangerCam.com","isPartOf":{"@id":"https:\/\/strangercam.com\/#website"},"primaryImageOfPage":{"@id":"https:\/\/strangercam.com\/chatbychance\/#primaryimage"},"image":{"@id":"https:\/\/strangercam.com\/chatbychance\/#primaryimage"},"thumbnailUrl":"https:\/\/strangercam.com\/wp-content\/uploads\/2024\/06\/ChatbyChance.avif","datePublished":"2024-06-10T12:11:20+00:00","dateModified":"2024-06-10T12:11:59+00:00","description":"Jak ChatbyChance? Przyjd\u017a na czat z ponad 5.000.000 nieznajomych na Stranger Cam za darmo! W\u0142\u0105cz kamer\u0119 i znajd\u017a nowych przyjaci\u00f3\u0142 i mo\u017ce mecz!","breadcrumb":{"@id":"https:\/\/strangercam.com\/chatbychance\/#breadcrumb"},"inLanguage":"pl-PL","potentialAction":[{"@type":"ReadAction","target":["https:\/\/strangercam.com\/chatbychance\/"]}]},{"@type":"ImageObject","inLanguage":"pl-PL","@id":"https:\/\/strangercam.com\/chatbychance\/#primaryimage","url":"https:\/\/strangercam.com\/wp-content\/uploads\/2024\/06\/ChatbyChance.avif","contentUrl":"https:\/\/strangercam.com\/wp-content\/uploads\/2024\/06\/ChatbyChance.avif","width":1876,"height":878},{"@type":"BreadcrumbList","@id":"https:\/\/strangercam.com\/chatbychance\/#breadcrumb","itemListElement":[{"@type":"ListItem","position":1,"name":"Home","item":"https:\/\/strangercam.com\/"},{"@type":"ListItem","position":2,"name":"ChatbyChance"}]},{"@type":"WebSite","@id":"https:\/\/strangercam.com\/#website","url":"https:\/\/strangercam.com\/","name":"Strangercam","description":"Losowy czat wideo z nieznajomymi","publisher":{"@id":"https:\/\/strangercam.com\/#organization"},"alternateName":"Strangercam.com","potentialAction":[{"@type":"SearchAction","target":{"@type":"EntryPoint","urlTemplate":"https:\/\/strangercam.com\/?s={search_term_string}"},"query-input":{"@type":"PropertyValueSpecification","valueRequired":true,"valueName":"search_term_string"}}],"inLanguage":"pl-PL"},{"@type":"Organization","@id":"https:\/\/strangercam.com\/#organization","name":"Strangercam","alternateName":"Strangercam.com","url":"https:\/\/strangercam.com\/","logo":{"@type":"ImageObject","inLanguage":"pl-PL","@id":"https:\/\/strangercam.com\/#\/schema\/logo\/image\/","url":"https:\/\/strangercam.com\/wp-content\/uploads\/2020\/11\/cropped-new-favicon-black.png","contentUrl":"https:\/\/strangercam.com\/wp-content\/uploads\/2020\/11\/cropped-new-favicon-black.png","width":512,"height":512,"caption":"Strangercam"},"image":{"@id":"https:\/\/strangercam.com\/#\/schema\/logo\/image\/"},"sameAs":["https:\/\/www.facebook.com\/strangercam","https:\/\/x.com\/strangercamapp"]}]}},"_links":{"self":[{"href":"https:\/\/strangercam.com\/pl\/wp-json\/wp\/v2\/pages\/12414","targetHints":{"allow":["GET"]}}],"collection":[{"href":"https:\/\/strangercam.com\/pl\/wp-json\/wp\/v2\/pages"}],"about":[{"href":"https:\/\/strangercam.com\/pl\/wp-json\/wp\/v2\/types\/page"}],"author":[{"embeddable":true,"href":"https:\/\/strangercam.com\/pl\/wp-json\/wp\/v2\/users\/6"}],"replies":[{"embeddable":true,"href":"https:\/\/strangercam.com\/pl\/wp-json\/wp\/v2\/comments?post=12414"}],"version-history":[{"count":0,"href":"https:\/\/strangercam.com\/pl\/wp-json\/wp\/v2\/pages\/12414\/revisions"}],"wp:featuredmedia":[{"embeddable":true,"href":"https:\/\/strangercam.com\/pl\/wp-json\/wp\/v2\/media\/12415"}],"wp:attachment":[{"href":"https:\/\/strangercam.com\/pl\/wp-json\/wp\/v2\/media?parent=12414"}],"curies":[{"name":"wp","href":"https:\/\/api.w.org\/{rel}","templated":true}]}}