{"id":12412,"date":"2024-06-10T14:11:06","date_gmt":"2024-06-10T12:11:06","guid":{"rendered":"https:\/\/strangercam.com\/?page_id=12412"},"modified":"2024-06-10T14:12:03","modified_gmt":"2024-06-10T12:12:03","slug":"mixu","status":"publish","type":"page","link":"https:\/\/strangercam.com\/pl\/mixu\/","title":{"rendered":"Mixu"},"content":{"rendered":"<p data-pm-slice=\"1 1 []\">A wi\u0119c, jeste\u015b ciekawy Mixu? C\u00f3\u017c, zanurzmy si\u0119 w \u015bwiat losowych materia\u0142\u00f3w wideo <a href=\"https:\/\/strangercam.com\/pl\/chatroulette\/\">czat<\/a> strony internetowe. Mixu, podobnie jak jego odpowiedniki, takie jak StrangerCam, Chatrandom i <a href=\"https:\/\/strangercam.com\/pl\/emerald-chat\/\">Szmaragd<\/a> Chat, oferuje u\u017cytkownikom dreszczyk emocji zwi\u0105zany z \u0142\u0105czeniem si\u0119 z nieznajomymi poprzez interakcje wideo na \u017cywo. Chodzi o ekscytacj\u0119 nieoczekiwanym, gdzie ka\u017cdy czat przynosi nowe do\u015bwiadczenie.<\/p>\n<p>W Mixu mo\u017cliwo\u015bci s\u0105 nieograniczone, poniewa\u017c poruszamy si\u0119 po wirtualnym \u015bwiecie spontanicznych rozm\u00f3w i przypadkowych spotka\u0144. Niezale\u017cnie od tego, czy szukasz nowych przyja\u017ani, anga\u017cuj\u0105cych dyskusji, czy po prostu chwili zabawy, Mixu jest bram\u0105 do \u015bwiata nieskryptowanych po\u0142\u0105cze\u0144. Join pozwala nam odkrywa\u0107 dynamiczny krajobraz czat\u00f3w wideo online i poczu\u0107 dreszczyk emocji zwi\u0105zany z poznawaniem nowych twarzy za pomoc\u0105 jednego klikni\u0119cia.<\/p>\n<h2 id=\"overview-of-mixu\">Przegl\u0105d Mixu<\/h2>\n<h3 id=\"what-is-mixu\">Czym jest Mixu?<\/h3>\n<p>Mixu jest losowy <a href=\"https:\/\/strangercam.com\/pl\/coomeet\/\">czat wideo<\/a> Strona internetowa, kt\u00f3ra oferuje u\u017cytkownikom dreszczyk emocji zwi\u0105zany z \u0142\u0105czeniem si\u0119 z nieznajomymi poprzez interakcje wideo na \u017cywo. Podobnie jak platformy takie jak StrangerCam, Chatrandom i Emerald Chat, Mixu zapewnia przestrze\u0144 do spontanicznych rozm\u00f3w i przypadkowych spotka\u0144 w wirtualnym \u015bwiecie czat\u00f3w wideo online. U\u017cytkownicy mog\u0105 anga\u017cowa\u0107 si\u0119 w dyskusje, nawi\u0105zywa\u0107 nowe przyja\u017anie i dobrze si\u0119 bawi\u0107 dzi\u0119ki nieprzewidywalnemu \u015brodowisku czatu.<\/p>\n<ul class=\"list-disc list-outside leading-3 -mt-2 tight\" data-tight=\"true\">\n<li class=\"leading-normal -mb-2\">Losowe czaty wideo: Mixu pozwala u\u017cytkownikom anga\u017cowa\u0107 si\u0119 w losowe czaty wideo z nieznajomymi, dodaj\u0105c element ekscytacji i nieprzewidywalno\u015bci do ka\u017cdej interakcji.<\/li>\n<li class=\"leading-normal -mb-2\">Wirtualne przyja\u017anie: U\u017cytkownicy maj\u0105 mo\u017cliwo\u015b\u0107 nawi\u0105zywania nowych znajomo\u015bci z osobami z ca\u0142ego \u015bwiata za po\u015brednictwem funkcji czatu wideo na platformie.<\/li>\n<li class=\"leading-normal -mb-2\">Fora dyskusyjne: Mixu oferuje fora dyskusyjne, na kt\u00f3rych u\u017cytkownicy mog\u0105 uczestniczy\u0107 w rozmowach na r\u00f3\u017cne tematy, zwi\u0119kszaj\u0105c w ten spos\u00f3b do\u015bwiadczenie spo\u0142eczno\u015bciowe na stronie.<\/li>\n<li class=\"leading-normal -mb-2\">Ustawienia prywatno\u015bci: Platforma zapewnia ustawienia prywatno\u015bci, kt\u00f3re pozwalaj\u0105 u\u017cytkownikom kontrolowa\u0107 ich widoczno\u015b\u0107 i interakcje podczas korzystania z us\u0142ugi.<\/li>\n<li class=\"leading-normal -mb-2\">Przyjazny dla u\u017cytkownika interfejs: Mixu posiada przyjazny dla u\u017cytkownika interfejs, kt\u00f3ry u\u0142atwia poruszanie si\u0119 po stronie internetowej i korzystanie z czat\u00f3w wideo.<\/li>\n<\/ul>\n<p>Zasadniczo Mixu zaspokaja potrzeby os\u00f3b poszukuj\u0105cych spontanicznych, anga\u017cuj\u0105cych i interaktywnych interakcji online poprzez swoje <a href=\"https:\/\/strangercam.com\/pl\/chathub\/\">Losowy czat wideo<\/a> mo\u017cliwo\u015bci.<\/p>\n<h2 id=\"user-experience-with-mixu\">Do\u015bwiadczenie u\u017cytkownika z Mixu<\/h2>\n<h3 id=\"interface-and-usability\">Interfejs i u\u017cyteczno\u015b\u0107<\/h3>\n<p>Je\u015bli chodzi o wra\u017cenia u\u017cytkownika z Mixu, podobnie jak w przypadku innych losowych witryn do czat\u00f3w wideo, takich jak StrangerCam, Chatrandom i Emerald Chat, nacisk k\u0142adziony jest na prostot\u0119 i \u0142atwo\u015b\u0107 u\u017cytkowania. Interfejs Mixu zosta\u0142 zaprojektowany tak, aby by\u0142 intuicyjny, umo\u017cliwiaj\u0105c u\u017cytkownikom szybk\u0105 nawigacj\u0119 po platformie bez \u017cadnych k\u0142opot\u00f3w. Dzi\u0119ki przyjaznemu dla u\u017cytkownika uk\u0142adowi, u\u017cytkownicy mog\u0105 \u0142atwo uzyska\u0107 dost\u0119p do funkcji, takich jak uruchamianie losowego czatu wideo, dostosowywanie ustawie\u0144 i anga\u017cowanie si\u0119 w rozmowy z nieznajomymi.<\/p>\n<h3 id=\"community-and-interaction-features\">Funkcje spo\u0142eczno\u015bci i interakcji<\/h3>\n<p>Pod wzgl\u0119dem spo\u0142eczno\u015bci i funkcji interakcji, Mixu oferuje podobne funkcje do innych losowych witryn czatu wideo. U\u017cytkownicy mog\u0105 \u0142\u0105czy\u0107 si\u0119 z osobami z ca\u0142ego \u015bwiata, anga\u017cuj\u0105c si\u0119 w spontaniczne rozmowy i buduj\u0105c wirtualne przyja\u017anie. Platforma zapewnia u\u017cytkownikom przestrze\u0144 do interakcji za po\u015brednictwem czat\u00f3w wideo na \u017cywo, wspieraj\u0105c poczucie wsp\u00f3lnoty i wi\u0119zi w \u015bwiecie online. Dodatkowo, Mixu mo\u017ce oferowa\u0107 funkcje takie jak fora dyskusyjne na r\u00f3\u017cne tematy, zwi\u0119kszaj\u0105c og\u00f3lne wra\u017cenia u\u017cytkownika poprzez zapewnienie mo\u017cliwo\u015bci anga\u017cuj\u0105cych rozm\u00f3w i interakcji.<\/p>\n<h2 id=\"comparing-mixu-with-other-platforms\">Por\u00f3wnanie Mixu z innymi platformami<\/h2>\n<h3 id=\"similarities-to-major-platforms\">Podobie\u0144stwa do g\u0142\u00f3wnych platform<\/h3>\n<p>Oceniaj\u0105c Mixu obok g\u0142\u00f3wnych platform, takich jak StrangerCam, Chatrandom i Emerald Chat, mo\u017cemy zidentyfikowa\u0107 kilka kluczowych podobie\u0144stw. Po pierwsze, wszystkie te platformy dzia\u0142aj\u0105 jako losowe witryny czat\u00f3w wideo, u\u0142atwiaj\u0105c nawi\u0105zywanie kontakt\u00f3w mi\u0119dzy u\u017cytkownikami i nieznajomymi. Ich wsp\u00f3lnym celem jest stworzenie przestrzeni do anga\u017cuj\u0105cych interakcji poprzez rozmowy wideo na \u017cywo.<\/p>\n<p>Je\u015bli chodzi o wra\u017cenia u\u017cytkownika, Mixu, podobnie jak jego odpowiedniki, koncentruje si\u0119 na prostocie i \u0142atwo\u015bci u\u017cytkowania w projektowaniu interfejsu. Poruszanie si\u0119 po platformie, inicjowanie losowych czat\u00f3w wideo, dostosowywanie ustawie\u0144 i anga\u017cowanie si\u0119 w rozmowy z nieznajomymi to funkcje, kt\u00f3re s\u0105 sp\u00f3jne na tych platformach. U\u017cytkownicy mog\u0105 oczekiwa\u0107 p\u0142ynnego i prostego do\u015bwiadczenia podczas interakcji na Mixu, podobnego do ich do\u015bwiadcze\u0144 na innych g\u0142\u00f3wnych platformach.<\/p>\n<p>Co wi\u0119cej, platformy te umo\u017cliwiaj\u0105 globalne po\u0142\u0105czenia, pozwalaj\u0105c u\u017cytkownikom z ca\u0142ego \u015bwiata na interakcj\u0119 i budowanie wirtualnych przyja\u017ani. Mo\u017cliwo\u015b\u0107 \u0142\u0105czenia si\u0119 z osobami z r\u00f3\u017cnych \u015brodowisk i kultur jest wsp\u00f3ln\u0105 cech\u0105 Mixu i innych g\u0142\u00f3wnych platform. Ten globalny zasi\u0119g zwi\u0119ksza potencja\u0142 spontanicznych i wzbogacaj\u0105cych rozm\u00f3w, wspieraj\u0105c poczucie wsp\u00f3lnoty w przestrzeni online.<\/p>\n<h3 id=\"unique-elements-of-mixu\">Unikalne elementy Mixu<\/h3>\n<p>Chocia\u017c Mixu dzieli wiele podobie\u0144stw z innymi g\u0142\u00f3wnymi platformami w niszy losowych czat\u00f3w wideo, zawiera r\u00f3wnie\u017c unikalne elementy, kt\u00f3re j\u0105 wyr\u00f3\u017cniaj\u0105. Jedn\u0105 z charakterystycznych cech Mixu mo\u017ce by\u0107 podej\u015bcie do budowania spo\u0142eczno\u015bci w ramach platformy. Chocia\u017c nie podano konkretnych szczeg\u00f3\u0142\u00f3w, Mixu mo\u017ce oferowa\u0107 funkcje spo\u0142eczno\u015bciowe, takie jak fora dyskusyjne na r\u00f3\u017cne tematy. Funkcje te mog\u0105 zwi\u0119kszy\u0107 interakcj\u0119 u\u017cytkownik\u00f3w, zapewni\u0107 mo\u017cliwo\u015bci g\u0142\u0119bszego zaanga\u017cowania i wzmocni\u0107 poczucie przynale\u017cno\u015bci w\u015br\u00f3d u\u017cytkownik\u00f3w.<\/p>\n<p>Dodatkowo, Mixu mo\u017ce wyr\u00f3\u017cnia\u0107 si\u0119 spersonalizowanymi do\u015bwiadczeniami u\u017cytkownik\u00f3w lub innowacyjnymi narz\u0119dziami zaanga\u017cowania, kt\u00f3rych nie mo\u017cna znale\u017a\u0107 na innych platformach. Te unikalne elementy mog\u0105 przyczyni\u0107 si\u0119 do uczynienia Mixu wyr\u00f3\u017cniaj\u0105cym si\u0119 wyborem dla os\u00f3b poszukuj\u0105cych losowych czat\u00f3w wideo, kt\u00f3re oferuj\u0105 co\u015b dodatkowego lub innego ni\u017c standardowe oferty w przestrzeni interakcji online.<\/p>\n<p>Chocia\u017c Mixu jest \u015bci\u015ble powi\u0105zany z g\u0142\u00f3wnymi platformami, takimi jak StrangerCam, Chatrandom i Emerald Chat, jako losowa witryna do czat\u00f3w wideo, mo\u017ce prezentowa\u0107 czynniki wyr\u00f3\u017cniaj\u0105ce, kt\u00f3re przemawiaj\u0105 do u\u017cytkownik\u00f3w szukaj\u0105cych unikalnych i anga\u017cuj\u0105cych interakcji online.<\/p>\n<h2 id=\"future-developments\">Przysz\u0142y rozw\u00f3j<\/h2>\n<h3 id=\"anticipated-updates\">Przewidywane aktualizacje<\/h3>\n<p>Rozwa\u017caj\u0105c przysz\u0142y rozw\u00f3j Mixu, podobnie jak w przypadku innych losowych witryn czat\u00f3w wideo, takich jak StrangerCam, Chatrandom i Emerald Chat, mo\u017cemy spodziewa\u0107 si\u0119 ci\u0105g\u0142ych ulepsze\u0144 platformy. Aktualizacje te cz\u0119sto koncentruj\u0105 si\u0119 na poprawie komfortu u\u017cytkowania, dodawaniu nowych funkcji i zwi\u0119kszaniu og\u00f3lnej funkcjonalno\u015bci. Regularna konserwacja i aktualizacje maj\u0105 kluczowe znaczenie dla utrzymania konkurencyjno\u015bci platformy w dynamicznym \u015brodowisku interakcji online. U\u017cytkownicy mog\u0105 spodziewa\u0107 si\u0119 regularnych aktualizacji maj\u0105cych na celu udoskonalenie czatu wideo, zwi\u0119kszenie \u015brodk\u00f3w bezpiecze\u0144stwa i ewentualnie wprowadzenie nowych sposob\u00f3w \u0142\u0105czenia si\u0119 z nieznajomymi.<\/p>\n<h3 id=\"potential-market-expansions\">Potencjalna ekspansja rynkowa<\/h3>\n<p>Je\u015bli chodzi o potencjaln\u0105 ekspansj\u0119 rynkow\u0105, Mixu, podobnie jak jego odpowiedniki StrangerCam, Chatrandom i Emerald Chat, mo\u017ce zbada\u0107 mo\u017cliwo\u015bci poszerzenia bazy u\u017cytkownik\u00f3w i dotarcia do nowych grup demograficznych. Ekspansja rynkowa mo\u017ce obejmowa\u0107 ukierunkowanie na okre\u015blone regiony geograficzne, segmenty demograficzne lub niszowe spo\u0142eczno\u015bci w celu zwi\u0119kszenia zaanga\u017cowania u\u017cytkownik\u00f3w i popularno\u015bci platformy. Rozumiej\u0105c zr\u00f3\u017cnicowane potrzeby u\u017cytkownik\u00f3w na ca\u0142ym \u015bwiecie, Mixu mo\u017ce dostosowa\u0107 swoje us\u0142ugi do r\u00f3\u017cnych preferencji kulturowych, j\u0119zyk\u00f3w lub dynamiki spo\u0142ecznej, rozszerzaj\u0105c w ten spos\u00f3b sw\u00f3j globalny zasi\u0119g i wzmacniaj\u0105c swoj\u0105 obecno\u015b\u0107 na rynku interakcji online.<\/p>\n<h2 id=\"conclusion\">Wnioski<\/h2>\n<p>Mixu wyr\u00f3\u017cnia si\u0119 w \u015bwiecie losowych czat\u00f3w wideo, oferuj\u0105c przyjazny dla u\u017cytkownika interfejs i unikalne funkcje spo\u0142eczno\u015bciowe. Patrz\u0105c w przysz\u0142o\u015b\u0107, przewidujemy dalsze ulepszenia do\u015bwiadczenia u\u017cytkownika i dodatkowe funkcje, aby dotrzyma\u0107 kroku zmieniaj\u0105cym si\u0119 trendom w interakcji online. Koncentruj\u0105c si\u0119 na globalnych po\u0142\u0105czeniach i spersonalizowanych interakcjach, Mixu jest w stanie nadal przyci\u0105ga\u0107 u\u017cytkownik\u00f3w poszukuj\u0105cych anga\u017cuj\u0105cych rozm\u00f3w z nieznajomymi. Zaanga\u017cowanie platformy w innowacje i inkluzywno\u015b\u0107 wyr\u00f3\u017cnia j\u0105 jako najlepszy wyb\u00f3r dla os\u00f3b poszukuj\u0105cych wyr\u00f3\u017cniaj\u0105cych si\u0119 interakcji online. B\u0105d\u017a na bie\u017c\u0105co z aktualizacjami i zmianami, poniewa\u017c Mixu stara si\u0119 poszerza\u0107 sw\u00f3j zasi\u0119g i zaspokaja\u0107 potrzeby zr\u00f3\u017cnicowanej publiczno\u015bci na ca\u0142ym \u015bwiecie.<\/p>\n<h2 id=\"frequently-asked-questions\">Cz\u0119sto zadawane pytania<\/h2>\n<h3 id=\"what-is-mixu\">Czym jest Mixu?<\/h3>\n<p>Mixu to losowa witryna do czat\u00f3w wideo, kt\u00f3ra \u0142\u0105czy u\u017cytkownik\u00f3w z nieznajomymi w celu anga\u017cuj\u0105cych interakcji. Koncentruje si\u0119 na prostocie, umo\u017cliwiaj\u0105c u\u017cytkownikom rozpoczynanie czat\u00f3w wideo, dostosowywanie ustawie\u0144 i \u0142atw\u0105 konwersacj\u0119.<\/p>\n<h3 id=\"how-does-mixu-differ-from-other-random-video-chat-platforms\">Czym Mixu r\u00f3\u017cni si\u0119 od innych platform do losowych czat\u00f3w wideo?<\/h3>\n<p>Mixu oferuje unikalne elementy, takie jak potencjalne funkcje spo\u0142eczno\u015bciowe i spersonalizowane do\u015bwiadczenia u\u017cytkownik\u00f3w, wyr\u00f3\u017cniaj\u0105c si\u0119 na tle innych platform w niszy.<\/p>\n<h3 id=\"what-can-users-expect-in-the-future-of-mixu\">Czego mog\u0105 spodziewa\u0107 si\u0119 u\u017cytkownicy Mixu w przysz\u0142o\u015bci?<\/h3>\n<p>Przysz\u0142y rozw\u00f3j mo\u017ce poprawi\u0107 komfort u\u017cytkowania, doda\u0107 nowe funkcje i poprawi\u0107 funkcjonalno\u015b\u0107 poprzez regularne aktualizacje. Ekspansja rynkowa mo\u017ce by\u0107 ukierunkowana na okre\u015blone grupy demograficzne lub regiony geograficzne w celu poszerzenia bazy u\u017cytkownik\u00f3w i zwi\u0119kszenia popularno\u015bci.<\/p>","protected":false},"excerpt":{"rendered":"<p>So, you&#8217;re curious about Mixu? Well, let&#8217;s dive into the world of random video chat websites. Mixu, much like its counterparts such as StrangerCam, Chatrandom, and Emerald Chat, offers users the thrill of connecting with strangers through live video interactions. It&#8217;s all about the excitement of the unexpected, where every chat brings a new experience. [&hellip;]<\/p>\n","protected":false},"author":6,"featured_media":12413,"parent":0,"menu_order":0,"comment_status":"closed","ping_status":"closed","template":"","meta":{"footnotes":""},"class_list":["post-12412","page","type-page","status-publish","has-post-thumbnail","hentry"],"yoast_head":"<!-- This site is optimized with the Yoast SEO plugin v26.9 - https:\/\/yoast.com\/product\/yoast-seo-wordpress\/ -->\n<title>Mixu Random Video Chat - StrangerCam.com<\/title>\n<meta name=\"description\" content=\"Like Mixu? Come chat with more than 5.000.000 strangers on Stranger Cam for Free! Turn on your cam and find new friends &amp; maby a match!\" \/>\n<meta name=\"robots\" content=\"index, follow, max-snippet:-1, max-image-preview:large, max-video-preview:-1\" \/>\n<link rel=\"canonical\" href=\"https:\/\/strangercam.com\/pl\/mixu\/\" \/>\n<meta property=\"og:locale\" content=\"pl_PL\" \/>\n<meta property=\"og:type\" content=\"article\" \/>\n<meta property=\"og:title\" content=\"Mixu Random Video Chat - StrangerCam.com\" \/>\n<meta property=\"og:description\" content=\"Like Mixu? Come chat with more than 5.000.000 strangers on Stranger Cam for Free! Turn on your cam and find new friends &amp; maby a match!\" \/>\n<meta property=\"og:url\" content=\"https:\/\/strangercam.com\/pl\/mixu\/\" \/>\n<meta property=\"og:site_name\" content=\"Strangercam\" \/>\n<meta property=\"article:publisher\" content=\"https:\/\/www.facebook.com\/strangercam\" \/>\n<meta property=\"article:modified_time\" content=\"2024-06-10T12:12:03+00:00\" \/>\n<meta property=\"og:image\" content=\"https:\/\/strangercam.com\/wp-content\/uploads\/2024\/06\/Mixu.webp\" \/>\n\t<meta property=\"og:image:width\" content=\"721\" \/>\n\t<meta property=\"og:image:height\" content=\"305\" \/>\n\t<meta property=\"og:image:type\" content=\"image\/webp\" \/>\n<meta name=\"twitter:card\" content=\"summary_large_image\" \/>\n<meta name=\"twitter:site\" content=\"@strangercamapp\" \/>\n<meta name=\"twitter:label1\" content=\"Szacowany czas czytania\" \/>\n\t<meta name=\"twitter:data1\" content=\"6 minut\" \/>\n<script type=\"application\/ld+json\" class=\"yoast-schema-graph\">{\"@context\":\"https:\/\/schema.org\",\"@graph\":[{\"@type\":\"WebPage\",\"@id\":\"https:\/\/strangercam.com\/mixu\/\",\"url\":\"https:\/\/strangercam.com\/mixu\/\",\"name\":\"Mixu Random Video Chat - StrangerCam.com\",\"isPartOf\":{\"@id\":\"https:\/\/strangercam.com\/#website\"},\"primaryImageOfPage\":{\"@id\":\"https:\/\/strangercam.com\/mixu\/#primaryimage\"},\"image\":{\"@id\":\"https:\/\/strangercam.com\/mixu\/#primaryimage\"},\"thumbnailUrl\":\"https:\/\/strangercam.com\/wp-content\/uploads\/2024\/06\/Mixu.webp\",\"datePublished\":\"2024-06-10T12:11:06+00:00\",\"dateModified\":\"2024-06-10T12:12:03+00:00\",\"description\":\"Like Mixu? Come chat with more than 5.000.000 strangers on Stranger Cam for Free! Turn on your cam and find new friends & maby a match!\",\"breadcrumb\":{\"@id\":\"https:\/\/strangercam.com\/mixu\/#breadcrumb\"},\"inLanguage\":\"pl-PL\",\"potentialAction\":[{\"@type\":\"ReadAction\",\"target\":[\"https:\/\/strangercam.com\/mixu\/\"]}]},{\"@type\":\"ImageObject\",\"inLanguage\":\"pl-PL\",\"@id\":\"https:\/\/strangercam.com\/mixu\/#primaryimage\",\"url\":\"https:\/\/strangercam.com\/wp-content\/uploads\/2024\/06\/Mixu.webp\",\"contentUrl\":\"https:\/\/strangercam.com\/wp-content\/uploads\/2024\/06\/Mixu.webp\",\"width\":721,\"height\":305},{\"@type\":\"BreadcrumbList\",\"@id\":\"https:\/\/strangercam.com\/mixu\/#breadcrumb\",\"itemListElement\":[{\"@type\":\"ListItem\",\"position\":1,\"name\":\"Home\",\"item\":\"https:\/\/strangercam.com\/\"},{\"@type\":\"ListItem\",\"position\":2,\"name\":\"Mixu\"}]},{\"@type\":\"WebSite\",\"@id\":\"https:\/\/strangercam.com\/#website\",\"url\":\"https:\/\/strangercam.com\/\",\"name\":\"Strangercam\",\"description\":\"Random Video Chat with Strangers\",\"publisher\":{\"@id\":\"https:\/\/strangercam.com\/#organization\"},\"alternateName\":\"Strangercam.com\",\"potentialAction\":[{\"@type\":\"SearchAction\",\"target\":{\"@type\":\"EntryPoint\",\"urlTemplate\":\"https:\/\/strangercam.com\/?s={search_term_string}\"},\"query-input\":{\"@type\":\"PropertyValueSpecification\",\"valueRequired\":true,\"valueName\":\"search_term_string\"}}],\"inLanguage\":\"pl-PL\"},{\"@type\":\"Organization\",\"@id\":\"https:\/\/strangercam.com\/#organization\",\"name\":\"Strangercam\",\"alternateName\":\"Strangercam.com\",\"url\":\"https:\/\/strangercam.com\/\",\"logo\":{\"@type\":\"ImageObject\",\"inLanguage\":\"pl-PL\",\"@id\":\"https:\/\/strangercam.com\/#\/schema\/logo\/image\/\",\"url\":\"https:\/\/strangercam.com\/wp-content\/uploads\/2020\/11\/cropped-new-favicon-black.png\",\"contentUrl\":\"https:\/\/strangercam.com\/wp-content\/uploads\/2020\/11\/cropped-new-favicon-black.png\",\"width\":512,\"height\":512,\"caption\":\"Strangercam\"},\"image\":{\"@id\":\"https:\/\/strangercam.com\/#\/schema\/logo\/image\/\"},\"sameAs\":[\"https:\/\/www.facebook.com\/strangercam\",\"https:\/\/x.com\/strangercamapp\"]}]}<\/script>\n<!-- \/ Yoast SEO plugin. -->","yoast_head_json":{"title":"Mixu Losowy czat wideo - StrangerCam.com","description":"Jak Mixu? Przyjd\u017a na czat z ponad 5.000.000 nieznajomych na Stranger Cam za darmo! W\u0142\u0105cz kamer\u0119 i znajd\u017a nowych przyjaci\u00f3\u0142 i mo\u017ce mecz!","robots":{"index":"index","follow":"follow","max-snippet":"max-snippet:-1","max-image-preview":"max-image-preview:large","max-video-preview":"max-video-preview:-1"},"canonical":"https:\/\/strangercam.com\/pl\/mixu\/","og_locale":"pl_PL","og_type":"article","og_title":"Mixu Random Video Chat - StrangerCam.com","og_description":"Like Mixu? Come chat with more than 5.000.000 strangers on Stranger Cam for Free! Turn on your cam and find new friends & maby a match!","og_url":"https:\/\/strangercam.com\/pl\/mixu\/","og_site_name":"Strangercam","article_publisher":"https:\/\/www.facebook.com\/strangercam","article_modified_time":"2024-06-10T12:12:03+00:00","og_image":[{"width":721,"height":305,"url":"https:\/\/strangercam.com\/wp-content\/uploads\/2024\/06\/Mixu.webp","type":"image\/webp"}],"twitter_card":"summary_large_image","twitter_site":"@strangercamapp","twitter_misc":{"Szacowany czas czytania":"6 minut"},"schema":{"@context":"https:\/\/schema.org","@graph":[{"@type":"WebPage","@id":"https:\/\/strangercam.com\/mixu\/","url":"https:\/\/strangercam.com\/mixu\/","name":"Mixu Losowy czat wideo - StrangerCam.com","isPartOf":{"@id":"https:\/\/strangercam.com\/#website"},"primaryImageOfPage":{"@id":"https:\/\/strangercam.com\/mixu\/#primaryimage"},"image":{"@id":"https:\/\/strangercam.com\/mixu\/#primaryimage"},"thumbnailUrl":"https:\/\/strangercam.com\/wp-content\/uploads\/2024\/06\/Mixu.webp","datePublished":"2024-06-10T12:11:06+00:00","dateModified":"2024-06-10T12:12:03+00:00","description":"Jak Mixu? Przyjd\u017a na czat z ponad 5.000.000 nieznajomych na Stranger Cam za darmo! W\u0142\u0105cz kamer\u0119 i znajd\u017a nowych przyjaci\u00f3\u0142 i mo\u017ce mecz!","breadcrumb":{"@id":"https:\/\/strangercam.com\/mixu\/#breadcrumb"},"inLanguage":"pl-PL","potentialAction":[{"@type":"ReadAction","target":["https:\/\/strangercam.com\/mixu\/"]}]},{"@type":"ImageObject","inLanguage":"pl-PL","@id":"https:\/\/strangercam.com\/mixu\/#primaryimage","url":"https:\/\/strangercam.com\/wp-content\/uploads\/2024\/06\/Mixu.webp","contentUrl":"https:\/\/strangercam.com\/wp-content\/uploads\/2024\/06\/Mixu.webp","width":721,"height":305},{"@type":"BreadcrumbList","@id":"https:\/\/strangercam.com\/mixu\/#breadcrumb","itemListElement":[{"@type":"ListItem","position":1,"name":"Home","item":"https:\/\/strangercam.com\/"},{"@type":"ListItem","position":2,"name":"Mixu"}]},{"@type":"WebSite","@id":"https:\/\/strangercam.com\/#website","url":"https:\/\/strangercam.com\/","name":"Strangercam","description":"Losowy czat wideo z nieznajomymi","publisher":{"@id":"https:\/\/strangercam.com\/#organization"},"alternateName":"Strangercam.com","potentialAction":[{"@type":"SearchAction","target":{"@type":"EntryPoint","urlTemplate":"https:\/\/strangercam.com\/?s={search_term_string}"},"query-input":{"@type":"PropertyValueSpecification","valueRequired":true,"valueName":"search_term_string"}}],"inLanguage":"pl-PL"},{"@type":"Organization","@id":"https:\/\/strangercam.com\/#organization","name":"Strangercam","alternateName":"Strangercam.com","url":"https:\/\/strangercam.com\/","logo":{"@type":"ImageObject","inLanguage":"pl-PL","@id":"https:\/\/strangercam.com\/#\/schema\/logo\/image\/","url":"https:\/\/strangercam.com\/wp-content\/uploads\/2020\/11\/cropped-new-favicon-black.png","contentUrl":"https:\/\/strangercam.com\/wp-content\/uploads\/2020\/11\/cropped-new-favicon-black.png","width":512,"height":512,"caption":"Strangercam"},"image":{"@id":"https:\/\/strangercam.com\/#\/schema\/logo\/image\/"},"sameAs":["https:\/\/www.facebook.com\/strangercam","https:\/\/x.com\/strangercamapp"]}]}},"_links":{"self":[{"href":"https:\/\/strangercam.com\/pl\/wp-json\/wp\/v2\/pages\/12412","targetHints":{"allow":["GET"]}}],"collection":[{"href":"https:\/\/strangercam.com\/pl\/wp-json\/wp\/v2\/pages"}],"about":[{"href":"https:\/\/strangercam.com\/pl\/wp-json\/wp\/v2\/types\/page"}],"author":[{"embeddable":true,"href":"https:\/\/strangercam.com\/pl\/wp-json\/wp\/v2\/users\/6"}],"replies":[{"embeddable":true,"href":"https:\/\/strangercam.com\/pl\/wp-json\/wp\/v2\/comments?post=12412"}],"version-history":[{"count":0,"href":"https:\/\/strangercam.com\/pl\/wp-json\/wp\/v2\/pages\/12412\/revisions"}],"wp:featuredmedia":[{"embeddable":true,"href":"https:\/\/strangercam.com\/pl\/wp-json\/wp\/v2\/media\/12413"}],"wp:attachment":[{"href":"https:\/\/strangercam.com\/pl\/wp-json\/wp\/v2\/media?parent=12412"}],"curies":[{"name":"wp","href":"https:\/\/api.w.org\/{rel}","templated":true}]}}