{"id":12341,"date":"2024-02-07T12:40:26","date_gmt":"2024-02-07T10:40:26","guid":{"rendered":"https:\/\/strangercam.com\/?page_id=12341"},"modified":"2024-02-07T12:50:49","modified_gmt":"2024-02-07T10:50:49","slug":"cleefchat","status":"publish","type":"page","link":"https:\/\/strangercam.com\/pl\/cleefchat\/","title":{"rendered":"CleefChat"},"content":{"rendered":"<p>W dzisiejszej erze cyfrowej znalezienie niezawodnej i anga\u017cuj\u0105cej platformy do komunikacji online ma ogromne znaczenie. W\u0142a\u015bnie w tym miejscu CleefChat, niemiecka firma <a href=\"https:\/\/strangercam.com\/pl\/chatroom2000\/\">chatroom<\/a> strona internetowa, wchodzi do gry. Nasze badania nad CleefChat ujawni\u0142y platform\u0119, kt\u00f3ra nie tylko spe\u0142nia wsp\u00f3\u0142czesne wymagania cyfrowej interakcji, ale tak\u017ce dodaje unikalny akcent do do\u015bwiadczenia czatu. Od \u0142atwo\u015bci u\u017cytkowania po wszechstronny zestaw funkcji, CleefChat wyr\u00f3\u017cnia si\u0119 jako miejsce docelowe dla tych, kt\u00f3rzy chc\u0105 \u0142\u0105czy\u0107 si\u0119, udost\u0119pnia\u0107 i anga\u017cowa\u0107 z innymi online. Przyjrzyjmy si\u0119 bli\u017cej temu, co sprawia, \u017ce CleefChat jest najlepsz\u0105 platform\u0105 chatroomow\u0105 w Niemczech.<\/p>\n<h2>Czym jest CleefChat?<\/h2>\n<p>CleefChat to innowacyjna platforma internetowa, kt\u00f3ra \u0142\u0105czy osoby w dynamicznym i interaktywnym \u015brodowisku czatu. Narodzi\u0142a si\u0119 z ch\u0119ci stworzenia <a href=\"https:\/\/strangercam.com\/pl\/mocospace\/\">przestrze\u0144<\/a> gdzie ludzie mog\u0105 si\u0119 swobodnie komunikowa\u0107, dzieli\u0107 pomys\u0142ami i nawi\u0105zywa\u0107 kontakty, CleefChat szybko zyska\u0142 popularno\u015b\u0107 w niemieckoj\u0119zycznym \u015bwiecie. Jego przyjazny dla u\u017cytkownika interfejs i solidna infrastruktura sprawiaj\u0105, \u017ce jest to idealny wyb\u00f3r dla u\u017cytkownik\u00f3w w ka\u017cdym wieku i z r\u00f3\u017cnych \u015brodowisk, szukaj\u0105cych wszystkiego, od zwyk\u0142ych czat\u00f3w po bardziej dog\u0142\u0119bne dyskusje.<\/p>\n<h2>Czy korzystanie z CleefChat jest darmowe?<\/h2>\n<p>Jednym z najbardziej atrakcyjnych aspekt\u00f3w CleefChat jest jego dost\u0119pno\u015b\u0107. Tak, CleefChat jest ca\u0142kowicie <a href=\"https:\/\/strangercam.com\/pl\/chat4free\/\">darmowy<\/a> co natychmiast obni\u017ca barier\u0119 dla nowych u\u017cytkownik\u00f3w, kt\u00f3rzy chc\u0105 do\u0142\u0105czy\u0107 do platformy. Ten darmowy dost\u0119p zapewnia, \u017ce r\u00f3\u017cnorodna grupa os\u00f3b mo\u017ce uczestniczy\u0107, dzi\u0119ki czemu rozmowy na czacie s\u0105 bardziej bogate i zr\u00f3\u017cnicowane. Chocia\u017c CleefChat oferuje bezp\u0142atny dost\u0119p, utrzymuje wysok\u0105 jako\u015b\u0107 us\u0142ug, zapewniaj\u0105c u\u017cytkownikom pozytywne i nieprzerwane wra\u017cenia.<\/p>\n<h2>Jak u\u017cywa\u0107<\/h2>\n<p>Korzystanie z CleefChat jest proste, co odzwierciedla zaanga\u017cowanie platformy w przyjazno\u015b\u0107 dla u\u017cytkownika. Aby rozpocz\u0105\u0107, wystarczy odwiedzi\u0107 witryn\u0119 CleefChat, wybra\u0107 interesuj\u0105cy nas pok\u00f3j rozm\u00f3w i wprowadzi\u0107 pseudonim, je\u015bli wolimy pozosta\u0107 anonimowi. Stamt\u0105d mo\u017cesz zacz\u0105\u0107 anga\u017cowa\u0107 si\u0119 w rozmowy, dzieli\u0107 si\u0119 swoimi przemy\u015bleniami i nawi\u0105zywa\u0107 kontakty z innymi. Platforma oferuje r\u00f3wnie\u017c funkcje prywatnych wiadomo\u015bci, pozwalaj\u0105c na bardziej osobiste rozmowy poza publicznymi pokojami rozm\u00f3w.<\/p>\n<h2>Do czego najlepiej nadaje si\u0119 CleefChat?<\/h2>\n<p>CleefChat wyr\u00f3\u017cnia si\u0119 jako wszechstronna platforma, zaspokajaj\u0105ca szeroki zakres zainteresowa\u0144 i potrzeb. Niezale\u017cnie od tego, czy szukasz miejsca do omawiania bie\u017c\u0105cych wydarze\u0144, dzielenia si\u0119 swoimi najnowszymi hobby, czy te\u017c szukasz porady w sprawach osobistych, r\u00f3\u017cnorodne czaty CleefChat oferuj\u0105 przestrze\u0144 do tego wszystkiego. Jest to szczeg\u00f3lnie korzystne dla tych, kt\u00f3rzy chc\u0105 wchodzi\u0107 w interakcje z niemieckoj\u0119zyczn\u0105 publiczno\u015bci\u0105, czy to w celu \u0107wiczenia j\u0119zyka, wymiany kulturowej, czy spotka\u0144 towarzyskich z mieszka\u0144cami.<\/p>\n<h2>Jakie funkcje oferuje CleefChat?<\/h2>\n<p>CleefChat wyr\u00f3\u017cnia si\u0119 bogatym zestawem funkcji, zaprojektowanym w celu zwi\u0119kszenia komfortu u\u017cytkowania. Kluczowe funkcje obejmuj\u0105:<\/p>\n<ul>\n<li><strong>Zr\u00f3\u017cnicowane czaty<\/strong>: Dzi\u0119ki r\u00f3\u017cnorodno\u015bci temat\u00f3w, u\u017cytkownicy mog\u0105 znale\u017a\u0107 lub stworzy\u0107 czaty, kt\u00f3re odpowiadaj\u0105 ich zainteresowaniom.<\/li>\n<li><strong>Prywatne wiadomo\u015bci<\/strong>: Dla tych, kt\u00f3rzy szukaj\u0105 bardziej intymnych rozm\u00f3w, funkcja prywatnych wiadomo\u015bci jest nieoceniona.<\/li>\n<li><strong>Profile u\u017cytkownik\u00f3w<\/strong>: Chocia\u017c anonimowo\u015b\u0107 jest opcj\u0105, u\u017cytkownicy mog\u0105 r\u00f3wnie\u017c tworzy\u0107 profile, aby udost\u0119pnia\u0107 wi\u0119cej informacji o sobie.<\/li>\n<li><strong>Narz\u0119dzia moderacji<\/strong>: Aby zapewni\u0107 bezpieczne i przyjazne \u015brodowisko, CleefChat zapewnia narz\u0119dzia moderacyjne, dzi\u0119ki kt\u00f3rym platforma jest wolna od nieodpowiednich tre\u015bci.<\/li>\n<\/ul>\n<h2>Czym s\u0105 CleefChat Alternative?<\/h2>\n<p>Podczas gdy CleefChat oferuje solidn\u0105 platform\u0119 do czat\u00f3w online, istnieje kilka alternatyw dla tych, kt\u00f3rzy szukaj\u0105 innych do\u015bwiadcze\u0144 lub dodatkowych funkcji. Popularne alternatywy obejmuj\u0105 Discord, ze wzgl\u0119du na spo\u0142eczno\u015b\u0107 i czaty skoncentrowane na grach; Slack, kt\u00f3ry zaspokaja potrzeby profesjonalnej i zespo\u0142owej komunikacji; oraz WhatsApp, znany z szerokiego zastosowania i szyfrowanych wiadomo\u015bci typu end-to-end. Ka\u017cda platforma ma swoje unikalne zalety, ale CleefChat pozostaje preferowanym wyborem dla tych, kt\u00f3rzy ceni\u0105 sobie prostot\u0119, spo\u0142eczno\u015b\u0107 i koncentruj\u0105 si\u0119 na niemieckoj\u0119zycznych u\u017cytkownikach.<\/p>\n<h2>Wnioski<\/h2>\n<p>CleefChat sta\u0142 si\u0119 wiod\u0105c\u0105 platform\u0105 czatow\u0105 w Niemczech, oferuj\u0105c po\u0142\u0105czenie prostoty, r\u00f3\u017cnorodno\u015bci i \u0142\u0105czno\u015bci. Zaanga\u017cowanie w zapewnienie bezp\u0142atnego, dost\u0119pnego i bogatego w funkcje \u015brodowiska sprawia, \u017ce jest to najlepszy wyb\u00f3r do komunikacji online. Niezale\u017cnie od tego, czy chcesz zaanga\u017cowa\u0107 si\u0119 w o\u017cywione dyskusje, nawi\u0105za\u0107 kontakt z nowymi przyjaci\u00f3\u0142mi, czy pozna\u0107 niemieck\u0105 kultur\u0119, CleefChat oferuje idealn\u0105 platform\u0119 do wzbogacenia swoich internetowych do\u015bwiadcze\u0144 spo\u0142eczno\u015bciowych. Gdy nadal poruszamy si\u0119 po cyfrowym \u015bwiecie, platformy takie jak CleefChat przypominaj\u0105 nam o sile spo\u0142eczno\u015bci i niesko\u0144czonych mo\u017cliwo\u015bciach interakcji online.<\/p>\n<h2>Cz\u0119sto zadawane pytania<\/h2>\n<h3>Czy CleefChat jest dost\u0119pny na ca\u0142ym \u015bwiecie?<\/h3>\n<p>Tak, CleefChat jest dost\u0119pny na ca\u0142ym \u015bwiecie, oferuj\u0105c globaln\u0105 platform\u0119 dla u\u017cytkownik\u00f3w. Chocia\u017c jest przeznaczony g\u0142\u00f3wnie dla niemieckoj\u0119zycznej publiczno\u015bci, jego integracyjne \u015brodowisko wita osoby ze wszystkich zak\u0105tk\u00f3w \u015bwiata.<\/p>\n<h3>Czy musz\u0119 si\u0119 zarejestrowa\u0107, aby korzysta\u0107 z CleefChat?<\/h3>\n<p>Nie, jedn\u0105 ze wspania\u0142ych cech CleefChat jest to, \u017ce rejestracja nie jest wymagana, aby do\u0142\u0105czy\u0107 do pokoj\u00f3w rozm\u00f3w i uczestniczy\u0107 w dyskusjach. U\u017cytkownicy maj\u0105 mo\u017cliwo\u015b\u0107 <a href=\"https:\/\/strangercam.com\/pl\/chatroulette\/\">czat<\/a> anonimowo lub wybra\u0107 pseudonim dla swojej sesji.<\/p>\n<h3>Czy mog\u0119 utworzy\u0107 w\u0142asny pok\u00f3j rozm\u00f3w na CleefChat?<\/h3>\n<p>Tak, CleefChat umo\u017cliwia u\u017cytkownikom tworzenie w\u0142asnych pokoj\u00f3w rozm\u00f3w. Funkcja ta umo\u017cliwia u\u017cytkownikom dostosowanie temat\u00f3w czatu, u\u0142atwiaj\u0105c gromadzenie os\u00f3b o podobnych pogl\u0105dach w celu prowadzenia okre\u015blonych dyskusji lub zainteresowa\u0144.<\/p>\n<h3>W jaki spos\u00f3b CleefChat zapewnia bezpiecze\u0144stwo i prywatno\u015b\u0107 u\u017cytkownik\u00f3w?<\/h3>\n<p>CleefChat powa\u017cnie traktuje bezpiecze\u0144stwo i prywatno\u015b\u0107 u\u017cytkownik\u00f3w. Wdra\u017ca r\u00f3\u017cne narz\u0119dzia i zasady moderacji w celu monitorowania aktywno\u015bci na czacie i usuwania nieodpowiednich tre\u015bci. Dodatkowo, opcja anonimowego <a href=\"https:\/\/strangercam.com\/pl\/chatingly\/\">czat<\/a> pomaga chroni\u0107 prywatno\u015b\u0107 u\u017cytkownik\u00f3w.<\/p>\n<h3>Czy istniej\u0105 ograniczenia wiekowe dotycz\u0105ce korzystania z CleefChat?<\/h3>\n<p>CleefChat zosta\u0142 zaprojektowany jako bezpieczna i przyjazna platforma dla szerokiego grona odbiorc\u00f3w. Jednak og\u00f3lnie zaleca si\u0119, aby u\u017cytkownicy w wieku poni\u017cej 13 lat uzyskali zgod\u0119 rodzic\u00f3w przed skorzystaniem z witryny, zgodnie z og\u00f3lnymi wytycznymi dotycz\u0105cymi bezpiecze\u0144stwa w Internecie.<\/p>\n<h3>Jak mog\u0119 zg\u0142osi\u0107 niew\u0142a\u015bciwe zachowanie na CleefChat?<\/h3>\n<p>CleefChat zapewnia u\u017cytkownikom narz\u0119dzia do zg\u0142aszania nieodpowiednich zachowa\u0144 lub tre\u015bci bezpo\u015brednio na platformie. Funkcja ta pomaga utrzyma\u0107 pe\u0142ne szacunku i bezpieczne \u015brodowisko dla wszystkich u\u017cytkownik\u00f3w.<\/p>\n<h3>Czy mog\u0119 u\u017cywa\u0107 CleefChat na moim urz\u0105dzeniu mobilnym?<\/h3>\n<p>Podczas gdy CleefChat jest przede wszystkim platform\u0105 internetow\u0105, jego strona internetowa jest zoptymalizowana do u\u017cytku mobilnego, umo\u017cliwiaj\u0105c u\u017cytkownikom dost\u0119p do czat\u00f3w i funkcji ze smartfon\u00f3w i tablet\u00f3w.<\/p>\n<h3>Czy CleefChat obs\u0142uguje wiele j\u0119zyk\u00f3w?<\/h3>\n<p>G\u0142\u00f3wnym celem CleefChat jest spo\u0142eczno\u015b\u0107 niemieckoj\u0119zyczna, ale platforma mo\u017ce by\u0107 u\u017cywana przez osoby pos\u0142uguj\u0105ce si\u0119 innymi j\u0119zykami, kt\u00f3re chc\u0105 nawi\u0105za\u0107 kontakt z osobami m\u00f3wi\u0105cymi po niemiecku lub uczestniczy\u0107 w mi\u0119dzynarodowych czatach.<\/p>\n<h3>Co odr\u00f3\u017cnia CleefChat od innych stron z czatami?<\/h3>\n<p>CleefChat wyr\u00f3\u017cnia si\u0119 tym, \u017ce koncentruje si\u0119 na prostocie, spo\u0142eczno\u015bci i przyjaznym dla u\u017cytkownika do\u015bwiadczeniu. Jego zaanga\u017cowanie w tworzenie bezpiecznego i anga\u017cuj\u0105cego \u015brodowiska dla niemieckoj\u0119zycznych u\u017cytkownik\u00f3w i nie tylko odr\u00f3\u017cnia go od innych platform.<\/p>\n<h3>Czy mog\u0119 znale\u017a\u0107 wsparcie, je\u015bli mam problemy techniczne na CleefChat?<\/h3>\n<p>Tak, CleefChat zapewnia wsparcie dla u\u017cytkownik\u00f3w borykaj\u0105cych si\u0119 z problemami technicznymi. Pomocy mo\u017cna zazwyczaj szuka\u0107 w sekcji pomocy na stronie internetowej, gdzie u\u017cytkownicy mog\u0105 znale\u017a\u0107 cz\u0119sto zadawane pytania i informacje kontaktowe w celu uzyskania dalszej pomocy.<\/p>","protected":false},"excerpt":{"rendered":"<p>In today&#8217;s digital era, finding a reliable and engaging platform for online communication is paramount. That&#8217;s where CleefChat, a German chatroom website, comes into play. Our exploration into CleefChat has revealed a platform that not only meets the modern demands of digital interaction but also adds a unique touch to the chatroom experience. From its [&hellip;]<\/p>\n","protected":false},"author":6,"featured_media":559,"parent":0,"menu_order":0,"comment_status":"closed","ping_status":"closed","template":"","meta":{"footnotes":""},"class_list":["post-12341","page","type-page","status-publish","has-post-thumbnail","hentry"],"yoast_head":"<!-- This site is optimized with the Yoast SEO plugin v27.4 - https:\/\/yoast.com\/product\/yoast-seo-wordpress\/ -->\n<title>CleefChat - Chat without Registering - StrangerCam<\/title>\n<meta name=\"description\" content=\"Like CleefChat? Join our 100% anonymous chatroom site with girls and strangers on StrangerCam for Free with CleefChat!\" \/>\n<meta name=\"robots\" content=\"index, follow, max-snippet:-1, max-image-preview:large, max-video-preview:-1\" \/>\n<link rel=\"canonical\" href=\"https:\/\/strangercam.com\/pl\/cleefchat\/\" \/>\n<meta property=\"og:locale\" content=\"pl_PL\" \/>\n<meta property=\"og:type\" content=\"article\" \/>\n<meta property=\"og:title\" content=\"CleefChat - Chat without Registering - StrangerCam\" \/>\n<meta property=\"og:description\" content=\"Like CleefChat? Join our 100% anonymous chatroom site with girls and strangers on StrangerCam for Free with CleefChat!\" \/>\n<meta property=\"og:url\" content=\"https:\/\/strangercam.com\/pl\/cleefchat\/\" \/>\n<meta property=\"og:site_name\" content=\"Strangercam\" \/>\n<meta property=\"article:publisher\" content=\"https:\/\/www.facebook.com\/strangercam\" \/>\n<meta property=\"article:modified_time\" content=\"2024-02-07T10:50:49+00:00\" \/>\n<meta property=\"og:image\" content=\"https:\/\/strangercam.com\/wp-content\/uploads\/2020\/11\/stranger-cam-1.png\" \/>\n\t<meta property=\"og:image:width\" content=\"800\" \/>\n\t<meta property=\"og:image:height\" content=\"800\" \/>\n\t<meta property=\"og:image:type\" content=\"image\/png\" \/>\n<meta name=\"twitter:card\" content=\"summary_large_image\" \/>\n<meta name=\"twitter:site\" content=\"@strangercamapp\" \/>\n<meta name=\"twitter:label1\" content=\"Szacowany czas czytania\" \/>\n\t<meta name=\"twitter:data1\" content=\"5 minut\" \/>\n<script type=\"application\/ld+json\" class=\"yoast-schema-graph\">{\"@context\":\"https:\\\/\\\/schema.org\",\"@graph\":[{\"@type\":\"WebPage\",\"@id\":\"https:\\\/\\\/strangercam.com\\\/cleefchat\\\/\",\"url\":\"https:\\\/\\\/strangercam.com\\\/cleefchat\\\/\",\"name\":\"CleefChat - Chat without Registering - StrangerCam\",\"isPartOf\":{\"@id\":\"https:\\\/\\\/strangercam.com\\\/#website\"},\"primaryImageOfPage\":{\"@id\":\"https:\\\/\\\/strangercam.com\\\/cleefchat\\\/#primaryimage\"},\"image\":{\"@id\":\"https:\\\/\\\/strangercam.com\\\/cleefchat\\\/#primaryimage\"},\"thumbnailUrl\":\"https:\\\/\\\/strangercam.com\\\/wp-content\\\/uploads\\\/2020\\\/11\\\/stranger-cam-1.png\",\"datePublished\":\"2024-02-07T10:40:26+00:00\",\"dateModified\":\"2024-02-07T10:50:49+00:00\",\"description\":\"Like CleefChat? Join our 100% anonymous chatroom site with girls and strangers on StrangerCam for Free with CleefChat!\",\"breadcrumb\":{\"@id\":\"https:\\\/\\\/strangercam.com\\\/cleefchat\\\/#breadcrumb\"},\"inLanguage\":\"pl-PL\",\"potentialAction\":[{\"@type\":\"ReadAction\",\"target\":[\"https:\\\/\\\/strangercam.com\\\/cleefchat\\\/\"]}]},{\"@type\":\"ImageObject\",\"inLanguage\":\"pl-PL\",\"@id\":\"https:\\\/\\\/strangercam.com\\\/cleefchat\\\/#primaryimage\",\"url\":\"https:\\\/\\\/strangercam.com\\\/wp-content\\\/uploads\\\/2020\\\/11\\\/stranger-cam-1.png\",\"contentUrl\":\"https:\\\/\\\/strangercam.com\\\/wp-content\\\/uploads\\\/2020\\\/11\\\/stranger-cam-1.png\",\"width\":800,\"height\":800,\"caption\":\"stranger cam random video chat\"},{\"@type\":\"BreadcrumbList\",\"@id\":\"https:\\\/\\\/strangercam.com\\\/cleefchat\\\/#breadcrumb\",\"itemListElement\":[{\"@type\":\"ListItem\",\"position\":1,\"name\":\"Home\",\"item\":\"https:\\\/\\\/strangercam.com\\\/\"},{\"@type\":\"ListItem\",\"position\":2,\"name\":\"CleefChat\"}]},{\"@type\":\"WebSite\",\"@id\":\"https:\\\/\\\/strangercam.com\\\/#website\",\"url\":\"https:\\\/\\\/strangercam.com\\\/\",\"name\":\"Strangercam\",\"description\":\"Random Video Chat with Strangers\",\"publisher\":{\"@id\":\"https:\\\/\\\/strangercam.com\\\/#organization\"},\"alternateName\":\"Strangercam.com\",\"potentialAction\":[{\"@type\":\"SearchAction\",\"target\":{\"@type\":\"EntryPoint\",\"urlTemplate\":\"https:\\\/\\\/strangercam.com\\\/?s={search_term_string}\"},\"query-input\":{\"@type\":\"PropertyValueSpecification\",\"valueRequired\":true,\"valueName\":\"search_term_string\"}}],\"inLanguage\":\"pl-PL\"},{\"@type\":\"Organization\",\"@id\":\"https:\\\/\\\/strangercam.com\\\/#organization\",\"name\":\"Strangercam\",\"alternateName\":\"Strangercam.com\",\"url\":\"https:\\\/\\\/strangercam.com\\\/\",\"logo\":{\"@type\":\"ImageObject\",\"inLanguage\":\"pl-PL\",\"@id\":\"https:\\\/\\\/strangercam.com\\\/#\\\/schema\\\/logo\\\/image\\\/\",\"url\":\"https:\\\/\\\/strangercam.com\\\/wp-content\\\/uploads\\\/2020\\\/11\\\/cropped-new-favicon-black.png\",\"contentUrl\":\"https:\\\/\\\/strangercam.com\\\/wp-content\\\/uploads\\\/2020\\\/11\\\/cropped-new-favicon-black.png\",\"width\":512,\"height\":512,\"caption\":\"Strangercam\"},\"image\":{\"@id\":\"https:\\\/\\\/strangercam.com\\\/#\\\/schema\\\/logo\\\/image\\\/\"},\"sameAs\":[\"https:\\\/\\\/www.facebook.com\\\/strangercam\",\"https:\\\/\\\/x.com\\\/strangercamapp\"]}]}<\/script>\n<!-- \/ Yoast SEO plugin. -->","yoast_head_json":{"title":"CleefChat - Czat bez rejestracji - StrangerCam","description":"Jak CleefChat? Do\u0142\u0105cz do naszego anonimowego czatu 100% z dziewczynami i nieznajomymi na StrangerCam za darmo z CleefChat!","robots":{"index":"index","follow":"follow","max-snippet":"max-snippet:-1","max-image-preview":"max-image-preview:large","max-video-preview":"max-video-preview:-1"},"canonical":"https:\/\/strangercam.com\/pl\/cleefchat\/","og_locale":"pl_PL","og_type":"article","og_title":"CleefChat - Chat without Registering - StrangerCam","og_description":"Like CleefChat? Join our 100% anonymous chatroom site with girls and strangers on StrangerCam for Free with CleefChat!","og_url":"https:\/\/strangercam.com\/pl\/cleefchat\/","og_site_name":"Strangercam","article_publisher":"https:\/\/www.facebook.com\/strangercam","article_modified_time":"2024-02-07T10:50:49+00:00","og_image":[{"width":800,"height":800,"url":"https:\/\/strangercam.com\/wp-content\/uploads\/2020\/11\/stranger-cam-1.png","type":"image\/png"}],"twitter_card":"summary_large_image","twitter_site":"@strangercamapp","twitter_misc":{"Szacowany czas czytania":"5 minut"},"schema":{"@context":"https:\/\/schema.org","@graph":[{"@type":"WebPage","@id":"https:\/\/strangercam.com\/cleefchat\/","url":"https:\/\/strangercam.com\/cleefchat\/","name":"CleefChat - Czat bez rejestracji - StrangerCam","isPartOf":{"@id":"https:\/\/strangercam.com\/#website"},"primaryImageOfPage":{"@id":"https:\/\/strangercam.com\/cleefchat\/#primaryimage"},"image":{"@id":"https:\/\/strangercam.com\/cleefchat\/#primaryimage"},"thumbnailUrl":"https:\/\/strangercam.com\/wp-content\/uploads\/2020\/11\/stranger-cam-1.png","datePublished":"2024-02-07T10:40:26+00:00","dateModified":"2024-02-07T10:50:49+00:00","description":"Jak CleefChat? Do\u0142\u0105cz do naszego anonimowego czatu 100% z dziewczynami i nieznajomymi na StrangerCam za darmo z CleefChat!","breadcrumb":{"@id":"https:\/\/strangercam.com\/cleefchat\/#breadcrumb"},"inLanguage":"pl-PL","potentialAction":[{"@type":"ReadAction","target":["https:\/\/strangercam.com\/cleefchat\/"]}]},{"@type":"ImageObject","inLanguage":"pl-PL","@id":"https:\/\/strangercam.com\/cleefchat\/#primaryimage","url":"https:\/\/strangercam.com\/wp-content\/uploads\/2020\/11\/stranger-cam-1.png","contentUrl":"https:\/\/strangercam.com\/wp-content\/uploads\/2020\/11\/stranger-cam-1.png","width":800,"height":800,"caption":"stranger cam random video chat"},{"@type":"BreadcrumbList","@id":"https:\/\/strangercam.com\/cleefchat\/#breadcrumb","itemListElement":[{"@type":"ListItem","position":1,"name":"Home","item":"https:\/\/strangercam.com\/"},{"@type":"ListItem","position":2,"name":"CleefChat"}]},{"@type":"WebSite","@id":"https:\/\/strangercam.com\/#website","url":"https:\/\/strangercam.com\/","name":"Strangercam","description":"Losowy czat wideo z nieznajomymi","publisher":{"@id":"https:\/\/strangercam.com\/#organization"},"alternateName":"Strangercam.com","potentialAction":[{"@type":"SearchAction","target":{"@type":"EntryPoint","urlTemplate":"https:\/\/strangercam.com\/?s={search_term_string}"},"query-input":{"@type":"PropertyValueSpecification","valueRequired":true,"valueName":"search_term_string"}}],"inLanguage":"pl-PL"},{"@type":"Organization","@id":"https:\/\/strangercam.com\/#organization","name":"Strangercam","alternateName":"Strangercam.com","url":"https:\/\/strangercam.com\/","logo":{"@type":"ImageObject","inLanguage":"pl-PL","@id":"https:\/\/strangercam.com\/#\/schema\/logo\/image\/","url":"https:\/\/strangercam.com\/wp-content\/uploads\/2020\/11\/cropped-new-favicon-black.png","contentUrl":"https:\/\/strangercam.com\/wp-content\/uploads\/2020\/11\/cropped-new-favicon-black.png","width":512,"height":512,"caption":"Strangercam"},"image":{"@id":"https:\/\/strangercam.com\/#\/schema\/logo\/image\/"},"sameAs":["https:\/\/www.facebook.com\/strangercam","https:\/\/x.com\/strangercamapp"]}]}},"_links":{"self":[{"href":"https:\/\/strangercam.com\/pl\/wp-json\/wp\/v2\/pages\/12341","targetHints":{"allow":["GET"]}}],"collection":[{"href":"https:\/\/strangercam.com\/pl\/wp-json\/wp\/v2\/pages"}],"about":[{"href":"https:\/\/strangercam.com\/pl\/wp-json\/wp\/v2\/types\/page"}],"author":[{"embeddable":true,"href":"https:\/\/strangercam.com\/pl\/wp-json\/wp\/v2\/users\/6"}],"replies":[{"embeddable":true,"href":"https:\/\/strangercam.com\/pl\/wp-json\/wp\/v2\/comments?post=12341"}],"version-history":[{"count":0,"href":"https:\/\/strangercam.com\/pl\/wp-json\/wp\/v2\/pages\/12341\/revisions"}],"wp:featuredmedia":[{"embeddable":true,"href":"https:\/\/strangercam.com\/pl\/wp-json\/wp\/v2\/media\/559"}],"wp:attachment":[{"href":"https:\/\/strangercam.com\/pl\/wp-json\/wp\/v2\/media?parent=12341"}],"curies":[{"name":"wp","href":"https:\/\/api.w.org\/{rel}","templated":true}]}}