{"id":12254,"date":"2025-09-29T10:09:11","date_gmt":"2025-09-29T08:09:11","guid":{"rendered":"https:\/\/strangercam.com\/?page_id=12254"},"modified":"2025-09-29T12:07:57","modified_gmt":"2025-09-29T10:07:57","slug":"amerykanskie-losowe-polaczenie-wideo","status":"publish","type":"page","link":"https:\/\/strangercam.com\/pl\/american-random-video-call\/","title":{"rendered":"Ameryka\u0144skie losowe po\u0142\u0105czenie wideo"},"content":{"rendered":"<p>Szukasz ameryka\u0144skiej platformy do losowych po\u0142\u0105cze\u0144 wideo? Jeste\u015b we w\u0142a\u015bciwym miejscu. W 2025 roku tysi\u0105ce ludzi szuka sposob\u00f3w na natychmiastowe po\u0142\u0105czenie si\u0119 z nieznajomymi w Stanach Zjednoczonych - czy to w celu nawi\u0105zania nowych znajomo\u015bci, cieszenia si\u0119 swobodnymi rozmowami, czy po prostu odkrywania ameryka\u0144skiej kultury online. W przeciwie\u0144stwie do tradycyjnych aplikacji randkowych lub sieci spo\u0142eczno\u015bciowych, platformy do losowych rozm\u00f3w wideo pozwalaj\u0105 spotka\u0107 si\u0119 z prawdziwymi lud\u017ami twarz\u0105 w twarz w ci\u0105gu zaledwie kilku sekund.<\/p>\n<p>Dzi\u0119ki us\u0142ugom takim jak StrangerCam mo\u017cesz ju\u017c teraz do\u0142\u0105czy\u0107 do losowych ameryka\u0144skich rozm\u00f3w wideo. Bez rejestracji, bez op\u0142at, bez czekania - po prostu natychmiastowe rozmowy wideo z lud\u017ami w USA i poza nimi.<\/p>\n<p>Ten przewodnik wyja\u015bni wszystko, co musisz wiedzie\u0107: czym s\u0105 ameryka\u0144skie losowe rozmowy wideo, dlaczego s\u0105 popularne, jak dzia\u0142aj\u0105, jakich funkcji szuka\u0107, por\u00f3wnanie najlepszych platform, wskaz\u00f3wki dotycz\u0105ce bezpiecze\u0144stwa i dlaczego StrangerCam jest obecnie jednym z najlepszych wybor\u00f3w.<\/p>\n<h2>Co to jest ameryka\u0144skie losowe po\u0142\u0105czenie wideo?<\/h2>\n<p>Ameryka\u0144ska losowa rozmowa wideo to wideo online jeden na jednego <a href=\"https:\/\/strangercam.com\/pl\/chathub\/\">czat<\/a> kt\u00f3ra \u0142\u0105czy Ci\u0119 z nieznajomymi w Stanach Zjednoczonych. Do\u015bwiadczenie jest proste:<\/p>\n<ul>\n<li>Klikasz przycisk.<\/li>\n<li>Zostaniesz natychmiast dopasowany do kogo\u015b nowego w USA.<\/li>\n<li>Mo\u017cesz rozmawia\u0107 twarz\u0105 w twarz za pomoc\u0105 kamery internetowej i mikrofonu.<\/li>\n<li>Nie podoba ci si\u0119 mecz? Kliknij przycisk Dalej, aby przej\u015b\u0107 dalej.<\/li>\n<\/ul>\n<p>W przeciwie\u0144stwie do aplikacji randkowych, nie trzeba czeka\u0107 na dopasowanie ani pisa\u0107 d\u0142ugich biografii. Jest bezpo\u015bredni, zabawny i nieprzewidywalny.<\/p>\n<h2>Dlaczego ludzie kochaj\u0105 ameryka\u0144skie losowe rozmowy wideo<\/h2>\n<p>Atrakcyjno\u015b\u0107 \u0142\u0105czenia si\u0119 z nieznajomymi w USA jest oczywista:<\/p>\n<ul>\n<li>Ciekawo\u015b\u0107 kulturowa: Poznaj Amerykan\u00f3w z r\u00f3\u017cnych stan\u00f3w, \u015brodowisk i styl\u00f3w \u017cycia.<\/li>\n<li>\u0106wicz angielski: Wielu mi\u0119dzynarodowych u\u017cytkownik\u00f3w korzysta z ameryka\u0144skich losowych po\u0142\u0105cze\u0144 wideo, aby poprawi\u0107 swoje umiej\u0119tno\u015bci j\u0119zykowe.<\/li>\n<li>Przyja\u017a\u0144 i flirt: Niezale\u017cnie od tego, czy chcesz swobodnie porozmawia\u0107, czy zabawnie flirtowa\u0107, losowy czat jest idealny.<\/li>\n<li>Spontaniczno\u015b\u0107: Ka\u017cda rozmowa jest inna - nigdy nie wiesz, kogo spotkasz.<\/li>\n<li>Dost\u0119pno\u015b\u0107: Jest bezp\u0142atny, natychmiastowy i nie wymaga rejestracji.<\/li>\n<\/ul>\n<h2>Jak dzia\u0142a ameryka\u0144skie losowe po\u0142\u0105czenie wideo?<\/h2>\n<p>Zajmuje to tylko kilka krok\u00f3w:<\/p>\n<ol>\n<li>Otw\u00f3rz platform\u0119 (tak\u0105 jak StrangerCam).<\/li>\n<li>Zezw\u00f3l na dost\u0119p do kamery i mikrofonu.<\/li>\n<li>Kliknij \"Rozpocznij po\u0142\u0105czenie wideo\".<\/li>\n<li>Natychmiastowe dopasowanie do nieznajomego w Ameryce.<\/li>\n<li>Kliknij \"Dalej\" w dowolnym momencie, aby pozna\u0107 kogo\u015b nowego.<\/li>\n<\/ol>\n<p>To wszystko - szybko, \u0142atwo i zawsze za darmo.<\/p>\n<h2>Cechy, kt\u00f3rych nale\u017cy szuka\u0107 w ameryka\u0144skiej platformie losowych po\u0142\u0105cze\u0144 wideo<\/h2>\n<p>Nie wszystkie platformy zapewniaj\u0105 takie same wra\u017cenia. Oto, co jest najwa\u017cniejsze:<\/p>\n<ul>\n<li>Filtry lokalizacji: Mo\u017cliwo\u015b\u0107 dopasowania do u\u017cytkownik\u00f3w w USA.<\/li>\n<li>Bezp\u0142atny dost\u0119p: Nieograniczone korzystanie bez ukrytych zap\u00f3r.<\/li>\n<li>Bez rejestracji: Natychmiastowy czat bez kont.<\/li>\n<li>Przyjazny dla urz\u0105dze\u0144 mobilnych: dzia\u0142a p\u0142ynnie na systemach iOS i Android.<\/li>\n<li>Bezpieczna moderacja: Ochrona przed botami i nieodpowiednimi tre\u015bciami.<\/li>\n<li>Jako\u015b\u0107 wideo: Czysty obraz i d\u017awi\u0119k dla rzeczywistych po\u0142\u0105cze\u0144.<\/li>\n<\/ul>\n<h2>Najlepsze ameryka\u0144skie platformy losowych po\u0142\u0105cze\u0144 wideo w 2025 roku<\/h2>\n<p>Oto por\u00f3wnanie najpopularniejszych obecnie us\u0142ug:<\/p>\n<table>\n<thead>\n<tr>\n<th>Platforma<\/th>\n<th align=\"center\">Bezp\u0142atny dost\u0119p<\/th>\n<th align=\"center\">Filtr lokalizacji USA<\/th>\n<th align=\"center\">Wymagana rejestracja<\/th>\n<th align=\"center\">Wsparcie mobilne<\/th>\n<th align=\"center\">Moderacja<\/th>\n<th>Uwagi<\/th>\n<\/tr>\n<\/thead>\n<tbody>\n<tr>\n<td>StrangerCam<\/td>\n<td align=\"center\">\u2705<\/td>\n<td align=\"center\">\u2705 (Free)<\/td>\n<td align=\"center\">\u274c<\/td>\n<td align=\"center\">\u2705<\/td>\n<td align=\"center\">\u2705<\/td>\n<td>Najlepsze og\u00f3lnie: darmowe, skoncentrowane na USA<\/td>\n<\/tr>\n<tr>\n<td><a href=\"https:\/\/strangercam.com\/pl\/chatroulette\/\">Chatroulette<\/a><\/td>\n<td align=\"center\">\u2705<\/td>\n<td align=\"center\">\u274c<\/td>\n<td align=\"center\">\u274c<\/td>\n<td align=\"center\">\u2705<\/td>\n<td align=\"center\">\u2705<\/td>\n<td>Klasyczny, tylko losowy<\/td>\n<\/tr>\n<tr>\n<td>Chatrandom<\/td>\n<td align=\"center\">\u2705<\/td>\n<td align=\"center\">\u2705 (P\u0142atne)<\/td>\n<td align=\"center\">\u274c<\/td>\n<td align=\"center\">\u2705<\/td>\n<td align=\"center\">\u2705<\/td>\n<td>Popularne, ale aktualizacje kosztuj\u0105<\/td>\n<\/tr>\n<tr>\n<td><a href=\"https:\/\/strangercam.com\/pl\/ometv\/\">OmeTV<\/a><\/td>\n<td align=\"center\">\u2705<\/td>\n<td align=\"center\">\u274c<\/td>\n<td align=\"center\">\u274c<\/td>\n<td align=\"center\">\u2705<\/td>\n<td align=\"center\">\u2705<\/td>\n<td>Globalne ukierunkowanie na aplikacje<\/td>\n<\/tr>\n<tr>\n<td>Shagle<\/td>\n<td align=\"center\">\u2705<\/td>\n<td align=\"center\">\u2705 (P\u0142atne)<\/td>\n<td align=\"center\">\u274c<\/td>\n<td align=\"center\">\u2705<\/td>\n<td align=\"center\">\u2705<\/td>\n<td>Zablokowane funkcje premium<\/td>\n<\/tr>\n<tr>\n<td><a href=\"https:\/\/strangercam.com\/pl\/coomeet\/\">CooMeet<\/a><\/td>\n<td align=\"center\">\u274c (Trial)<\/td>\n<td align=\"center\">\u2705<\/td>\n<td align=\"center\">\u2705<\/td>\n<td align=\"center\">\u2705<\/td>\n<td align=\"center\">\u2705<\/td>\n<td>P\u0142atne, skoncentrowane na spotkaniach m\u0119\u017cczyzn z kobietami<\/td>\n<\/tr>\n<\/tbody>\n<\/table>\n<p>StrangerCam to jedna z niewielu platform oferuj\u0105cych darmowe rozmowy wideo z Amerykanami - bez rejestracji i bez ogranicze\u0144.<\/p>\n<h2>Dlaczego StrangerCam to najlepszy wyb\u00f3r<\/h2>\n<p>Oto dlaczego StrangerCam jest idealny dla ka\u017cdego, kto szuka \"ameryka\u0144skiej przypadkowej rozmowy wideo\":<\/p>\n<ul>\n<li>Ca\u0142kowicie za darmo i bez ogranicze\u0144 - bez pr\u00f3b i system\u00f3w kredytowych.<\/li>\n<li>USA Location Matching - Poznaj prawdziwych ludzi w Stanach Zjednoczonych.<\/li>\n<li>Rejestracja nie jest wymagana - zachowaj anonimowo\u015b\u0107 i zacznij natychmiast.<\/li>\n<li>Bezpiecze\u0144stwo i moderacja - wi\u0119ksze bezpiecze\u0144stwo ni\u017c w przypadku starych platform Omegle.<\/li>\n<li>Mobile &amp; Desktop Ready - Dzia\u0142a w dowolnym miejscu i czasie.<\/li>\n<li>Zr\u00f3\u017cnicowana baza u\u017cytkownik\u00f3w - poznaj Amerykan\u00f3w od wybrze\u017ca do wybrze\u017ca.<\/li>\n<\/ul>\n<h2>Prawdziwe opinie u\u017cytkownik\u00f3w<\/h2>\n<blockquote><p>\"Chcia\u0142em po\u0107wiczy\u0107 angielski i szuka\u0142em ameryka\u0144skich rozm\u00f3w wideo. StrangerCam po\u0142\u0105czy\u0142 mnie z lud\u017ami z Nowego Jorku i Kalifornii w ci\u0105gu kilku minut\".<br \/>\n- Daniel, 24 lata (Hiszpania)<\/p><\/blockquote>\n<blockquote><p>\"Poznawanie przypadkowych Amerykan\u00f3w jest \u015bwietn\u0105 zabaw\u0105 - czasami jest to swobodne, czasami zalotne, ale zawsze ekscytuj\u0105ce\".<br \/>\n- Sophia, 21 lat (Kanada)<\/p><\/blockquote>\n<blockquote><p>\"W przeciwie\u0144stwie do innych stron, ta jest naprawd\u0119 darmowa. Bez rejestracji, bez sztuczek\".<br \/>\n- Ryan, 29 lat (USA)<\/p><\/blockquote>\n<blockquote><p>\"Odby\u0142em ju\u017c wspania\u0142e rozmowy z lud\u017ami z Teksasu, Florydy i Chicago. To prawdziwe i bezpieczne uczucie\".<br \/>\n- Leah, 20 lat (Niemcy)<\/p><\/blockquote>\n<h2>Wskaz\u00f3wki dotycz\u0105ce bezpiecze\u0144stwa ameryka\u0144skich losowych po\u0142\u0105cze\u0144 wideo<\/h2>\n<p>Chocia\u017c czatowanie z nieznajomymi w USA jest zabawne, zawsze nale\u017cy zachowa\u0107 bezpiecze\u0144stwo:<\/p>\n<ul>\n<li>Nigdy nie udost\u0119pniaj danych osobowych (telefonu, adresu, miejsca pracy).<\/li>\n<li>Unikaj podejrzanych link\u00f3w podczas czat\u00f3w.<\/li>\n<li>U\u017cyj opcji Pomi\u0144\/Blokuj, je\u015bli kto\u015b sprawia, \u017ce czujesz si\u0119 niekomfortowo.<\/li>\n<li>Sprawd\u017a t\u0142o przed w\u0142\u0105czeniem kamery internetowej.<\/li>\n<li>U\u017cywaj pseudonimu zamiast prawdziwego imienia i nazwiska.<\/li>\n<li>Przestrzegaj zasad dotycz\u0105cych wieku na platformie - je\u015bli masz mniej ni\u017c 18 lat, nie korzystaj z czatu dla doros\u0142ych.<\/li>\n<\/ul>\n<h2>Jak zacz\u0105\u0107 - krok po kroku<\/h2>\n<p>Oto jak rozpocz\u0105\u0107 pierwsz\u0105 ameryka\u0144sk\u0105 losow\u0105 rozmow\u0119 wideo:<\/p>\n<ol>\n<li>Otw\u00f3rz StrangerCam w przegl\u0105darce lub na telefonie kom\u00f3rkowym.<\/li>\n<li>Zezw\u00f3l na dost\u0119p do kamery i mikrofonu.<\/li>\n<li>Wybierz filtr USA (je\u015bli jest dost\u0119pny).<\/li>\n<li>Kliknij przycisk Rozpocznij czat.<\/li>\n<li>Natychmiastowe spotkanie z nieznajomym Amerykaninem.<\/li>\n<li>Naci\u015bnij Next w dowolnym momencie, aby pozna\u0107 kogo\u015b nowego.<\/li>\n<\/ol>\n<p>W 2025 roku popyt na ameryka\u0144skie losowe rozmowy wideo nigdy nie by\u0142 wy\u017cszy. Ludzie na ca\u0142ym \u015bwiecie s\u0105 ciekawi kontaktu z Amerykanami w celu nawi\u0105zania przyja\u017ani, zabawy i wymiany kulturalnej.<\/p>\n<p>Platformy takie jak StrangerCam sprawiaj\u0105, \u017ce jest to \u0142atwe: darmowe, natychmiastowe i bezpieczne rozmowy wideo z prawdziwymi lud\u017ami w USA. Bez rejestracji, bez ukrytych op\u0142at - po prostu spontaniczne po\u0142\u0105czenia z Amerykanami za jednym klikni\u0119ciem przycisku.<\/p>\n<p>Gotowy na poznanie kogo\u015b nowego? Rozpocznij ameryka\u0144sk\u0105 losow\u0105 rozmow\u0119 wideo ju\u017c dzi\u015b i zobacz, z kim po\u0142\u0105czysz si\u0119 w nast\u0119pnej kolejno\u015bci.<\/p>","protected":false},"excerpt":{"rendered":"<p>Looking for an American random video call platform? You\u2019re in the right place. In 2025, thousands of people search for ways to connect instantly with strangers in the United States\u2014whether to make new friends, enjoy casual conversations, or simply explore American culture online. Unlike traditional dating apps or social networks, random video call platforms let [&hellip;]<\/p>\n","protected":false},"author":8,"featured_media":0,"parent":0,"menu_order":0,"comment_status":"closed","ping_status":"closed","template":"","meta":{"footnotes":""},"class_list":["post-12254","page","type-page","status-publish","hentry"],"yoast_head":"<!-- This site is optimized with the Yoast SEO plugin v27.4 - https:\/\/yoast.com\/product\/yoast-seo-wordpress\/ -->\n<title>American Random Video Call with Video Chat on Strangercam.com<\/title>\n<meta name=\"description\" content=\"Liking American Random Video Call? Join millions on StrangerCam.com! Start a random video chat, turn on your cam, and meet strangers instantly.\" \/>\n<meta name=\"robots\" content=\"index, follow, max-snippet:-1, max-image-preview:large, max-video-preview:-1\" \/>\n<link rel=\"canonical\" href=\"https:\/\/strangercam.com\/pl\/amerykanskie-losowe-polaczenie-wideo\/\" \/>\n<meta property=\"og:locale\" content=\"pl_PL\" \/>\n<meta property=\"og:type\" content=\"article\" \/>\n<meta property=\"og:title\" content=\"American Random Video Call with Video Chat on Strangercam.com\" \/>\n<meta property=\"og:description\" content=\"Liking American Random Video Call? Join millions on StrangerCam.com! Start a random video chat, turn on your cam, and meet strangers instantly.\" \/>\n<meta property=\"og:url\" content=\"https:\/\/strangercam.com\/pl\/amerykanskie-losowe-polaczenie-wideo\/\" \/>\n<meta property=\"og:site_name\" content=\"Strangercam\" \/>\n<meta property=\"article:publisher\" content=\"https:\/\/www.facebook.com\/strangercam\" \/>\n<meta property=\"article:modified_time\" content=\"2025-09-29T10:07:57+00:00\" \/>\n<meta property=\"og:image\" content=\"https:\/\/strangercam.com\/wp-content\/uploads\/2021\/10\/Untitled-2.png\" \/>\n\t<meta property=\"og:image:width\" content=\"800\" \/>\n\t<meta property=\"og:image:height\" content=\"532\" \/>\n\t<meta property=\"og:image:type\" content=\"image\/png\" \/>\n<meta name=\"twitter:card\" content=\"summary_large_image\" \/>\n<meta name=\"twitter:site\" content=\"@strangercamapp\" \/>\n<meta name=\"twitter:label1\" content=\"Szacowany czas czytania\" \/>\n\t<meta name=\"twitter:data1\" content=\"4 minuty\" \/>\n<script type=\"application\/ld+json\" class=\"yoast-schema-graph\">{\"@context\":\"https:\\\/\\\/schema.org\",\"@graph\":[{\"@type\":\"WebPage\",\"@id\":\"https:\\\/\\\/strangercam.com\\\/american-random-video-call\\\/\",\"url\":\"https:\\\/\\\/strangercam.com\\\/american-random-video-call\\\/\",\"name\":\"American Random Video Call with Video Chat on Strangercam.com\",\"isPartOf\":{\"@id\":\"https:\\\/\\\/strangercam.com\\\/#website\"},\"datePublished\":\"2025-09-29T08:09:11+00:00\",\"dateModified\":\"2025-09-29T10:07:57+00:00\",\"description\":\"Liking American Random Video Call? Join millions on StrangerCam.com! Start a random video chat, turn on your cam, and meet strangers instantly.\",\"breadcrumb\":{\"@id\":\"https:\\\/\\\/strangercam.com\\\/american-random-video-call\\\/#breadcrumb\"},\"inLanguage\":\"pl-PL\",\"potentialAction\":[{\"@type\":\"ReadAction\",\"target\":[\"https:\\\/\\\/strangercam.com\\\/american-random-video-call\\\/\"]}]},{\"@type\":\"BreadcrumbList\",\"@id\":\"https:\\\/\\\/strangercam.com\\\/american-random-video-call\\\/#breadcrumb\",\"itemListElement\":[{\"@type\":\"ListItem\",\"position\":1,\"name\":\"Home\",\"item\":\"https:\\\/\\\/strangercam.com\\\/\"},{\"@type\":\"ListItem\",\"position\":2,\"name\":\"American Random Video Call\"}]},{\"@type\":\"WebSite\",\"@id\":\"https:\\\/\\\/strangercam.com\\\/#website\",\"url\":\"https:\\\/\\\/strangercam.com\\\/\",\"name\":\"Strangercam\",\"description\":\"Random Video Chat with Strangers\",\"publisher\":{\"@id\":\"https:\\\/\\\/strangercam.com\\\/#organization\"},\"alternateName\":\"Strangercam.com\",\"potentialAction\":[{\"@type\":\"SearchAction\",\"target\":{\"@type\":\"EntryPoint\",\"urlTemplate\":\"https:\\\/\\\/strangercam.com\\\/?s={search_term_string}\"},\"query-input\":{\"@type\":\"PropertyValueSpecification\",\"valueRequired\":true,\"valueName\":\"search_term_string\"}}],\"inLanguage\":\"pl-PL\"},{\"@type\":\"Organization\",\"@id\":\"https:\\\/\\\/strangercam.com\\\/#organization\",\"name\":\"Strangercam\",\"alternateName\":\"Strangercam.com\",\"url\":\"https:\\\/\\\/strangercam.com\\\/\",\"logo\":{\"@type\":\"ImageObject\",\"inLanguage\":\"pl-PL\",\"@id\":\"https:\\\/\\\/strangercam.com\\\/#\\\/schema\\\/logo\\\/image\\\/\",\"url\":\"https:\\\/\\\/strangercam.com\\\/wp-content\\\/uploads\\\/2020\\\/11\\\/cropped-new-favicon-black.png\",\"contentUrl\":\"https:\\\/\\\/strangercam.com\\\/wp-content\\\/uploads\\\/2020\\\/11\\\/cropped-new-favicon-black.png\",\"width\":512,\"height\":512,\"caption\":\"Strangercam\"},\"image\":{\"@id\":\"https:\\\/\\\/strangercam.com\\\/#\\\/schema\\\/logo\\\/image\\\/\"},\"sameAs\":[\"https:\\\/\\\/www.facebook.com\\\/strangercam\",\"https:\\\/\\\/x.com\\\/strangercamapp\"]}]}<\/script>\n<!-- \/ Yoast SEO plugin. -->","yoast_head_json":{"title":"Ameryka\u0144ska losowa rozmowa wideo z czatem wideo na Strangercam.com","description":"Lubisz ameryka\u0144skie losowe rozmowy wideo? Join miliony na StrangerCam.com! Rozpocznij losowy czat wideo, w\u0142\u0105cz kamer\u0119 i natychmiast poznaj nieznajomych.","robots":{"index":"index","follow":"follow","max-snippet":"max-snippet:-1","max-image-preview":"max-image-preview:large","max-video-preview":"max-video-preview:-1"},"canonical":"https:\/\/strangercam.com\/pl\/amerykanskie-losowe-polaczenie-wideo\/","og_locale":"pl_PL","og_type":"article","og_title":"American Random Video Call with Video Chat on Strangercam.com","og_description":"Liking American Random Video Call? Join millions on StrangerCam.com! Start a random video chat, turn on your cam, and meet strangers instantly.","og_url":"https:\/\/strangercam.com\/pl\/amerykanskie-losowe-polaczenie-wideo\/","og_site_name":"Strangercam","article_publisher":"https:\/\/www.facebook.com\/strangercam","article_modified_time":"2025-09-29T10:07:57+00:00","og_image":[{"width":800,"height":532,"url":"https:\/\/strangercam.com\/wp-content\/uploads\/2021\/10\/Untitled-2.png","type":"image\/png"}],"twitter_card":"summary_large_image","twitter_site":"@strangercamapp","twitter_misc":{"Szacowany czas czytania":"4 minuty"},"schema":{"@context":"https:\/\/schema.org","@graph":[{"@type":"WebPage","@id":"https:\/\/strangercam.com\/american-random-video-call\/","url":"https:\/\/strangercam.com\/american-random-video-call\/","name":"Ameryka\u0144ska losowa rozmowa wideo z czatem wideo na Strangercam.com","isPartOf":{"@id":"https:\/\/strangercam.com\/#website"},"datePublished":"2025-09-29T08:09:11+00:00","dateModified":"2025-09-29T10:07:57+00:00","description":"Lubisz ameryka\u0144skie losowe rozmowy wideo? Join miliony na StrangerCam.com! Rozpocznij losowy czat wideo, w\u0142\u0105cz kamer\u0119 i natychmiast poznaj nieznajomych.","breadcrumb":{"@id":"https:\/\/strangercam.com\/american-random-video-call\/#breadcrumb"},"inLanguage":"pl-PL","potentialAction":[{"@type":"ReadAction","target":["https:\/\/strangercam.com\/american-random-video-call\/"]}]},{"@type":"BreadcrumbList","@id":"https:\/\/strangercam.com\/american-random-video-call\/#breadcrumb","itemListElement":[{"@type":"ListItem","position":1,"name":"Home","item":"https:\/\/strangercam.com\/"},{"@type":"ListItem","position":2,"name":"American Random Video Call"}]},{"@type":"WebSite","@id":"https:\/\/strangercam.com\/#website","url":"https:\/\/strangercam.com\/","name":"Strangercam","description":"Losowy czat wideo z nieznajomymi","publisher":{"@id":"https:\/\/strangercam.com\/#organization"},"alternateName":"Strangercam.com","potentialAction":[{"@type":"SearchAction","target":{"@type":"EntryPoint","urlTemplate":"https:\/\/strangercam.com\/?s={search_term_string}"},"query-input":{"@type":"PropertyValueSpecification","valueRequired":true,"valueName":"search_term_string"}}],"inLanguage":"pl-PL"},{"@type":"Organization","@id":"https:\/\/strangercam.com\/#organization","name":"Strangercam","alternateName":"Strangercam.com","url":"https:\/\/strangercam.com\/","logo":{"@type":"ImageObject","inLanguage":"pl-PL","@id":"https:\/\/strangercam.com\/#\/schema\/logo\/image\/","url":"https:\/\/strangercam.com\/wp-content\/uploads\/2020\/11\/cropped-new-favicon-black.png","contentUrl":"https:\/\/strangercam.com\/wp-content\/uploads\/2020\/11\/cropped-new-favicon-black.png","width":512,"height":512,"caption":"Strangercam"},"image":{"@id":"https:\/\/strangercam.com\/#\/schema\/logo\/image\/"},"sameAs":["https:\/\/www.facebook.com\/strangercam","https:\/\/x.com\/strangercamapp"]}]}},"_links":{"self":[{"href":"https:\/\/strangercam.com\/pl\/wp-json\/wp\/v2\/pages\/12254","targetHints":{"allow":["GET"]}}],"collection":[{"href":"https:\/\/strangercam.com\/pl\/wp-json\/wp\/v2\/pages"}],"about":[{"href":"https:\/\/strangercam.com\/pl\/wp-json\/wp\/v2\/types\/page"}],"author":[{"embeddable":true,"href":"https:\/\/strangercam.com\/pl\/wp-json\/wp\/v2\/users\/8"}],"replies":[{"embeddable":true,"href":"https:\/\/strangercam.com\/pl\/wp-json\/wp\/v2\/comments?post=12254"}],"version-history":[{"count":2,"href":"https:\/\/strangercam.com\/pl\/wp-json\/wp\/v2\/pages\/12254\/revisions"}],"predecessor-version":[{"id":13051,"href":"https:\/\/strangercam.com\/pl\/wp-json\/wp\/v2\/pages\/12254\/revisions\/13051"}],"wp:attachment":[{"href":"https:\/\/strangercam.com\/pl\/wp-json\/wp\/v2\/media?parent=12254"}],"curies":[{"name":"wp","href":"https:\/\/api.w.org\/{rel}","templated":true}]}}