{"id":11954,"date":"2025-07-24T09:21:22","date_gmt":"2025-07-24T07:21:22","guid":{"rendered":"https:\/\/strangercam.com\/?page_id=11954"},"modified":"2025-07-24T09:26:04","modified_gmt":"2025-07-24T07:26:04","slug":"luckycrush","status":"publish","type":"page","link":"https:\/\/strangercam.com\/pl\/luckycrush\/","title":{"rendered":"LuckyCrush"},"content":{"rendered":"<p>W \u015bwiecie nieko\u0144cz\u0105cego si\u0119 przesuwania i p\u0142ytkich czat\u00f3w tekstowych, platformy takie jak LuckyCrush wstrz\u0105saj\u0105 randkami online i losowymi czatami wideo, koncentruj\u0105c si\u0119 na \u017cywych, bezpo\u015brednich kontaktach z nieznajomymi p\u0142ci przeciwnej. LuckyCrush nie jest tylko kolejnym <a href=\"https:\/\/strangercam.com\/pl\/bazoocam\/\">krzywka<\/a> Jest to wyj\u0105tkowa, gamifikowana platforma zaprojektowana do parowania m\u0119\u017cczyzn z kobietami (i odwrotnie) z ca\u0142ego \u015bwiata w celu prowadzenia natychmiastowych, prywatnych rozm\u00f3w wideo, kt\u00f3re cz\u0119sto zacieraj\u0105 granice mi\u0119dzy szybkimi randkami a zalotnymi kamerkami. <a href=\"https:\/\/strangercam.com\/pl\/chatroulette\/\">ruletka<\/a>.<\/p>\n<p>Ale czy LuckyCrush to prawdziwa okazja? Jak dzia\u0142a, dla kogo jest przeznaczony i czy jest wart swojego czasu i pieni\u0119dzy? Ta szczeg\u00f3\u0142owa recenzja obejmuje wszystko, co musisz wiedzie\u0107 o LuckyCrush w 2025 roku: jego funkcje, baz\u0119 u\u017cytkownik\u00f3w, ceny, bezpiecze\u0144stwo i to, jak wypada na tle rosn\u0105cej liczby witryn do czat\u00f3w wideo.<\/p>\n<h2>Czym jest LuckyCrush?<\/h2>\n<p>LuckyCrush to innowacyjna strona internetowa z losowymi czatami wideo, kt\u00f3ra \u0142\u0105czy m\u0119\u017cczyzn i kobiety w prywatnych rozmowach wideo na \u017cywo, jeden na jednego. W przeciwie\u0144stwie do wi\u0119kszo\u015bci losowych platform czatowych, kt\u00f3re \u0142\u0105cz\u0105 ka\u017cdego z ka\u017cdym, LuckyCrush \u0142\u0105czy tylko m\u0119\u017cczyzn z kobietami i kobiety z m\u0119\u017cczyznami, tworz\u0105c \u015brodowisko, kt\u00f3re jest w r\u00f3wnym stopniu flirtem, randkowaniem i zabaw\u0105.<\/p>\n<p>Platforma jest oparta na przegl\u0105darce, dzia\u0142a globalnie i obiecuje natychmiastowy dost\u0119p - bez d\u0142ugiej rejestracji, bez przesuwania i bez wype\u0142niania profili. Niezale\u017cnie od tego, czy szukasz szybkiego flirtu, nowego przyjaciela, czy nawet cyfrowego romansu, LuckyCrush zapewnia nowoczesne podej\u015bcie do szybkich randek z wideo w czasie rzeczywistym.<\/p>\n<h2>Jaki jest cel LuckyCrush?<\/h2>\n<p>LuckyCrush zosta\u0142 stworzony, aby wype\u0142ni\u0107 dwie g\u0142\u00f3wne luki w \u015bwiecie czat\u00f3w i randek online:<\/p>\n<ul>\n<li>Brak prawdziwego dopasowania mi\u0119dzy m\u0119\u017cczyzn\u0105 a kobiet\u0105 w wi\u0119kszo\u015bci losowych witryn czatowych<\/li>\n<li>Zapotrzebowanie na spontaniczne, nieskryptowane i osobiste interakcje wideo<\/li>\n<\/ul>\n<p>Jego misj\u0105 jest szybkie i \u0142atwe poznawanie i flirtowanie z singlami na ca\u0142ym \u015bwiecie w formacie, kt\u00f3ry przypomina skrzy\u017cowanie szybkich randek z oryginaln\u0105 ruletk\u0105 na czacie - ale dostosowan\u0105 do os\u00f3b szukaj\u0105cych chemii, a nie tylko swobodnej rozmowy.<\/p>\n<p>Niezale\u017cnie od tego, czy chcesz si\u0119 dobrze bawi\u0107, flirtowa\u0107, \u0107wiczy\u0107 inny j\u0119zyk, czy nawi\u0105zywa\u0107 nowe znajomo\u015bci z r\u00f3\u017cnych kultur, LuckyCrush umo\u017cliwia to w kilka sekund.<\/p>\n<h2>Kluczowe cechy<\/h2>\n<p>1. Czat wideo jeden na jednego, zawsze m\u0119\u017cczyzna-kobieta<br \/>\nG\u0142\u00f3wn\u0105 cech\u0105 LuckyCrush jest algorytm kojarzenia p\u0142ci: m\u0119\u017cczy\u017ani s\u0105 zawsze dopasowywani do kobiet i odwrotnie. Jest to wyj\u0105tkowe w\u015br\u00f3d <a href=\"https:\/\/strangercam.com\/pl\/rozmowa-miedzy-kamerami\/\">czat przed kamer\u0105<\/a> i pomaga utrzyma\u0107 r\u00f3wnowag\u0119 i zaanga\u017cowanie.<\/p>\n<p>2. Natychmiastowe dopasowanie, nie wymaga rejestracji<br \/>\nMo\u017cesz rozpocz\u0105\u0107 czat natychmiast po wybraniu p\u0142ci. Proces jest natychmiastowy i anonimowy - nie wymaga d\u0142ugiej rejestracji ani weryfikacji.<\/p>\n<p>3. Szybkie pomijanie i losowe parowanie<br \/>\nJe\u015bli nie jeste\u015b zadowolony ze swojego meczu, po prostu kliknij \"Dalej\", aby nawi\u0105za\u0107 nowe po\u0142\u0105czenie. Nie ma \u017cadnych kar za pomijanie po\u0142\u0105cze\u0144 ani czekania w kolejkach.<\/p>\n<p>4. Globalny zasi\u0119g<br \/>\nLuckyCrush jest prawdziwie mi\u0119dzynarodowy, \u0142\u0105cz\u0105c ludzi z ponad 100 kraj\u00f3w. To sprawia, \u017ce jest to \u015bwietne miejsce do rozm\u00f3w mi\u0119dzykulturowych, wymiany j\u0119zykowej lub po prostu zobaczenia, jak wygl\u0105daj\u0105 randki w innych cz\u0119\u015bciach \u015bwiata.<\/p>\n<p>5. Wbudowany czat tekstowy<br \/>\nOpr\u00f3cz wideo, w oknie czatu mo\u017cna r\u00f3wnie\u017c wysy\u0142a\u0107 wiadomo\u015bci tekstowe. Jest to przydatne do prze\u0142amywania lod\u00f3w, udost\u0119pniania link\u00f3w lub komunikowania si\u0119 w innym j\u0119zyku.<\/p>\n<p>6. Anonimowo\u015b\u0107 i prywatno\u015b\u0107<br \/>\nNigdy nie musisz podawa\u0107 swojego prawdziwego imienia i nazwiska, adresu e-mail ani danych osobowych. Wymagana jest tylko kamera internetowa, a u\u017cytkownik pozostaje anonimowy, dop\u00f3ki nie zdecyduje si\u0119 udost\u0119pni\u0107 wi\u0119cej informacji.<\/p>\n<p>7. Opcje p\u0142atne i bezp\u0142atne<br \/>\nNowi u\u017cytkownicy otrzymuj\u0105 darmowe minuty pr\u00f3bne, aby przetestowa\u0107 platform\u0119. Nast\u0119pnie kontynuowanie czatowania wymaga zakupu kredyt\u00f3w lub minut, co sprawia, \u017ce LuckyCrush jest us\u0142ug\u0105 p\u0142atn\u0105 za minut\u0119 po pocz\u0105tkowym okresie pr\u00f3bnym.<\/p>\n<h2>Czy LuckyCrush jest darmowy?<\/h2>\n<p>LuckyCrush mo\u017cna wypr\u00f3bowa\u0107 za darmo - wszyscy nowi u\u017cytkownicy otrzymuj\u0105 kilka minut darmowego czasu na czacie, aby zapozna\u0107 si\u0119 z platform\u0105. Aby jednak kontynuowa\u0107 czatowanie po zako\u0144czeniu okresu pr\u00f3bnego, u\u017cytkownicy musz\u0105 zakupi\u0107 kredyty, kt\u00f3re s\u0105 wydawane co minut\u0119 podczas czat\u00f3w wideo.<\/p>\n<p>Model cenowy platformy zapewnia prawdziwych u\u017cytkownik\u00f3w i zniech\u0119ca do bot\u00f3w, spamu i trollingu. P\u0142atne funkcje obejmuj\u0105:<\/p>\n<ul>\n<li>Kontynuacja czatu wideo po zako\u0144czeniu okresu pr\u00f3bnego<\/li>\n<li>Nieograniczony dost\u0119p do nowych mecz\u00f3w<\/li>\n<li>Dopasowanie o wy\u017cszym priorytecie<\/li>\n<\/ul>\n<p>Ceny s\u0105 konkurencyjne w bran\u017cy i s\u0105 wyra\u017anie widoczne na stronie. Cz\u0119sto dost\u0119pne s\u0105 pakiety bonusowe i oferty sezonowe zapewniaj\u0105ce dodatkow\u0105 warto\u015b\u0107.<\/p>\n<h2>Kto korzysta z LuckyCrush?<\/h2>\n<p>LuckyCrush szybko rozwin\u0105\u0142 zr\u00f3\u017cnicowan\u0105, mi\u0119dzynarodow\u0105 baz\u0119 u\u017cytkownik\u00f3w, kt\u00f3ra obejmuje:<\/p>\n<ul>\n<li>M\u0119\u017cczy\u017ani i kobiety w wieku 18-40 lat (wi\u0119kszo\u015b\u0107 w wieku 18-35 lat)<\/li>\n<li>U\u017cytkownicy z Ameryki P\u00f3\u0142nocnej, Europy, Ameryki Po\u0142udniowej, Indii, Turcji, Azji Po\u0142udniowo-Wschodniej i nie tylko<\/li>\n<li>Osoby szukaj\u0105ce zabawnych, zalotnych, a nawet romantycznych spotka\u0144 wideo<\/li>\n<li>Osoby ucz\u0105ce si\u0119 j\u0119zyk\u00f3w, podr\u00f3\u017cnicy i osoby ciekawe innych kultur<\/li>\n<\/ul>\n<p>LuckyCrush jest szczeg\u00f3lnie atrakcyjny dla singli, emigrant\u00f3w i os\u00f3b szukaj\u0105cych wra\u017ce\u0144, kt\u00f3re \u0142\u0105cz\u0105 szybkie randki i dreszczyk emocji zwi\u0105zany z przypadkow\u0105 interakcj\u0105 na \u017cywo. Poniewa\u017c m\u0119\u017cczy\u017ani i kobiety s\u0105 zawsze \u0142\u0105czeni w pary, stosunek p\u0142ci jest bardziej zr\u00f3wnowa\u017cony ni\u017c w wi\u0119kszo\u015bci witryn z przypadkowymi kamerkami.<\/p>\n<h2>Bezpiecze\u0144stwo, prywatno\u015b\u0107 i moderacja<\/h2>\n<p>LuckyCrush zosta\u0142 zaprojektowany tak, aby by\u0142 jak najbardziej bezpieczny i prywatny dla platformy kamer na \u017cywo:<\/p>\n<h3>Prywatno\u015b\u0107<\/h3>\n<ul>\n<li>Nie s\u0105 wymagane imiona i nazwiska, adresy e-mail ani konta spo\u0142eczno\u015bciowe<\/li>\n<li>Do czatowania wymagany jest jedynie dost\u0119p do kamery internetowej\/mikrofonu.<\/li>\n<li>Profil nie jest tworzony, chyba \u017ce u\u017cytkownik chce zapisa\u0107 mecze<\/li>\n<\/ul>\n<h3>Moderacja<\/h3>\n<ul>\n<li>Narz\u0119dzia do raportowania i blokowania s\u0105 dost\u0119pne przez ca\u0142y czas<\/li>\n<li>Ludzka moderacja pomaga usuwa\u0107 nadu\u017cycia, spam lub fa\u0142szywych u\u017cytkownik\u00f3w.<\/li>\n<li>Wytyczne spo\u0142eczno\u015bci promuj\u0105 flirtowanie z szacunkiem i pozytywne zachowanie.<\/li>\n<li>Kobiety szczeg\u00f3lnie korzystaj\u0105 z dodatkowych narz\u0119dzi bezpiecze\u0144stwa do blokowania lub zg\u0142aszania n\u0119kania.<\/li>\n<\/ul>\n<h3>Kontrola u\u017cytkownika<\/h3>\n<ul>\n<li>Natychmiastowe pomijanie lub ko\u0144czenie czatu<\/li>\n<li>Udost\u0119pniaj dowoln\u0105 ilo\u015b\u0107 danych osobowych.<\/li>\n<li>Kontrola uprawnie\u0144 kamery i mikrofonu przez ca\u0142y czas<\/li>\n<\/ul>\n<p>LuckyCrush jest przeznaczony wy\u0142\u0105cznie dla os\u00f3b doros\u0142ych (18+), a u\u017cytkownikom zaleca si\u0119, aby nigdy nie udost\u0119pniali poufnych informacji ani nie przenosili si\u0119 na inne platformy, dop\u00f3ki nie poczuj\u0105 si\u0119 komfortowo.<\/p>\n<h2>Do\u015bwiadczenie u\u017cytkownika i projektowanie<\/h2>\n<p>LuckyCrush to jedna z najbardziej dopracowanych i przyjaznych dla u\u017cytkownika witryn do losowych czat\u00f3w wideo:<\/p>\n<ul>\n<li>Strona g\u0142\u00f3wna zawiera wyra\u017any przycisk startowy i wyb\u00f3r p\u0142ci<\/li>\n<li>Okna czat\u00f3w wideo s\u0105 du\u017ce i responsywne, dzia\u0142aj\u0105c zar\u00f3wno na przegl\u0105darkach stacjonarnych, jak i mobilnych.<\/li>\n<li>Elementy steruj\u0105ce pomijaniem, wyciszaniem, raportowaniem i ko\u0144czeniem czat\u00f3w s\u0105 intuicyjne i \u0142atwe do znalezienia.<\/li>\n<li>Minimalny czas \u0142adowania i niemal natychmiastowe dopasowanie mi\u0119dzy u\u017cytkownikami<\/li>\n<li>Prosty, przejrzysty uk\u0142ad z przejrzystymi informacjami o cenach i zasobami pomocy<\/li>\n<\/ul>\n<p>Witryna jest zoptymalizowana pod k\u0105tem szybko\u015bci i prywatno\u015bci, bez irytuj\u0105cych reklam i wyskakuj\u0105cych okienek, kt\u00f3re spowalniaj\u0105 dzia\u0142anie.<\/p>\n<h2>LuckyCrush vs inne strony z czatami wideo<\/h2>\n<p>Jak wypada LuckyCrush w por\u00f3wnaniu z innymi najlepszymi serwisami oferuj\u0105cymi czat przed kamer\u0105 i losowe randki wideo?<\/p>\n<table>\n<thead>\n<tr>\n<th>Cecha<\/th>\n<th>LuckyCrush<\/th>\n<th><a href=\"https:\/\/strangercam.com\/pl\/omegle\/\">Omegle<\/a> (zamkni\u0119te)<\/th>\n<th>Chatrandom<\/th>\n<th><a href=\"https:\/\/strangercam.com\/pl\/coomeet\/\">CooMeet<\/a><\/th>\n<th>Chatspin<\/th>\n<\/tr>\n<\/thead>\n<tbody>\n<tr>\n<td>Dopasowanie p\u0142ci<\/td>\n<td>Tak<\/td>\n<td>Nie<\/td>\n<td>Nie<\/td>\n<td>Tak<\/td>\n<td>Tak<\/td>\n<\/tr>\n<tr>\n<td>Wymagana rejestracja<\/td>\n<td>Nie<\/td>\n<td>Nie<\/td>\n<td>Opcjonalnie<\/td>\n<td>Tak<\/td>\n<td>Opcjonalnie<\/td>\n<\/tr>\n<tr>\n<td>Bezp\u0142atne u\u017cytkowanie<\/td>\n<td>Tylko wersja pr\u00f3bna<\/td>\n<td>Tak<\/td>\n<td>Tak\/P\u0142atne<\/td>\n<td>Tylko wersja pr\u00f3bna<\/td>\n<td>Tak\/P\u0142atne<\/td>\n<\/tr>\n<tr>\n<td>Czat wideo jeden na jednego<\/td>\n<td>Tak<\/td>\n<td>Tak<\/td>\n<td>Tak<\/td>\n<td>Tak<\/td>\n<td>Tak<\/td>\n<\/tr>\n<tr>\n<td>Mi\u0119dzynarodowy zasi\u0119g<\/td>\n<td>Tak<\/td>\n<td>Tak<\/td>\n<td>Tak<\/td>\n<td>Tak<\/td>\n<td>Tak<\/td>\n<\/tr>\n<tr>\n<td>P\u0142atne aktualizacje<\/td>\n<td>Tak<\/td>\n<td>Nie<\/td>\n<td>Tak<\/td>\n<td>Tak<\/td>\n<td>Tak<\/td>\n<\/tr>\n<tr>\n<td>Narz\u0119dzia moderacji<\/td>\n<td>Silny<\/td>\n<td>Podstawowy<\/td>\n<td>Umiarkowany<\/td>\n<td>Silny<\/td>\n<td>Umiarkowany<\/td>\n<\/tr>\n<\/tbody>\n<\/table>\n<p>Podsumowanie: LuckyCrush wyr\u00f3\u017cnia si\u0119 dopasowaniem wideo mi\u0119dzy m\u0119\u017cczyznami i kobietami, struktur\u0105 p\u0142atno\u015bci za minut\u0119 i wygl\u0105dem na poziomie premium, oferuj\u0105c inne wra\u017cenia ni\u017c strony, kt\u00f3re po prostu \u0142\u0105cz\u0105 ka\u017cdego z ka\u017cdym.<\/p>\n<h2>Plusy i minusy<\/h2>\n<p>Plusy:<\/p>\n<ul>\n<li>Dopasowywanie czat\u00f3w wideo mi\u0119dzy m\u0119\u017cczyznami i kobietami, \u015bwietne do flirtowania<\/li>\n<li>Bezp\u0142atna wersja pr\u00f3bna do przetestowania platformy<\/li>\n<li>Globalny zasi\u0119g z r\u00f3\u017cnorodnymi u\u017cytkownikami<\/li>\n<li>Nie wymaga rejestracji ani podawania danych osobowych<\/li>\n<li>Nowoczesny, responsywny design dla komputer\u00f3w stacjonarnych i urz\u0105dze\u0144 mobilnych<\/li>\n<li>Zaawansowane funkcje bezpiecze\u0144stwa i raportowania<\/li>\n<\/ul>\n<p>Wady:<\/p>\n<ul>\n<li>Dalsze korzystanie wymaga p\u0142atnych kredyt\u00f3w (p\u0142atno\u015b\u0107 za minut\u0119).<\/li>\n<li>Brak par tej samej p\u0142ci (obecnie tylko m\u0119\u017cczyzna i kobieta)<\/li>\n<li>Brak profili lub list znajomych do \u015bledzenia<\/li>\n<li>Niekt\u00f3rzy u\u017cytkownicy mog\u0105 szybko opuszcza\u0107 czaty lub cz\u0119sto je pomija\u0107<\/li>\n<li>Aby do\u0142\u0105czy\u0107, musisz mie\u0107 uko\u0144czone 18 lat<\/li>\n<\/ul>\n<h2>Idealne przypadki u\u017cycia<\/h2>\n<p>LuckyCrush jest idealny dla:<\/p>\n<ul>\n<li>Single szukaj\u0105cy szybkich randek wideo lub flirtu<\/li>\n<li>Doro\u015bli chc\u0105cy pozna\u0107 ludzi z innych kultur w czasie rzeczywistym<\/li>\n<li>Osoby ucz\u0105ce si\u0119 j\u0119zyk\u00f3w i podr\u00f3\u017cnicy zainteresowani globalnym czatem<\/li>\n<li>U\u017cytkownicy, kt\u00f3rzy ceni\u0105 sobie prywatno\u015b\u0107, spontaniczno\u015b\u0107 i \u017cywe relacje mi\u0119dzyludzkie.<\/li>\n<\/ul>\n<p>Jest mniej idealny dla:<\/p>\n<ul>\n<li>Ludzie szukaj\u0105cy ca\u0142kowicie darmowego, nieograniczonego czatu<\/li>\n<li>U\u017cytkownicy czuj\u0105cy si\u0119 niekomfortowo podczas nagrywania wideo lub bycia przed kamer\u0105<\/li>\n<li>Osoby szukaj\u0105ce d\u0142ugoterminowych randek opartych na profilach<\/li>\n<li>U\u017cytkownicy poni\u017cej 18 roku \u017cycia (wy\u0142\u0105cznie doro\u015bli)<\/li>\n<\/ul>\n<p>LuckyCrush wyr\u00f3\u017cnia si\u0119 w niszy losowych czat\u00f3w wideo i randek, oferuj\u0105c unikalne po\u0142\u0105czenie szybko\u015bci, prywatno\u015bci i prawdziwego flirtu. Koncentruj\u0105c si\u0119 na parach damsko-m\u0119skich i zapewniaj\u0105c dopracowane, bezpieczne wra\u017cenia u\u017cytkownika, odnosi sukcesy tam, gdzie wiele og\u00f3lnych platform czatowych zawodzi.<\/p>\n<p>Dzi\u0119ki natychmiastowemu dost\u0119powi, globalnemu zasi\u0119gowi i uczciwemu systemowi pr\u00f3bnemu, LuckyCrush jest absolutnie warty wypr\u00f3bowania dla ka\u017cdego, kto jest zainteresowany szybkimi, zalotnymi i autentycznymi kontaktami online w 2025 roku. Je\u015bli jeste\u015b zm\u0119czony nieko\u0144cz\u0105cym si\u0119 przesuwaniem i chcesz do\u015bwiadczy\u0107 prawdziwej chemii twarz\u0105 w twarz, jest to jedna z najlepszych dost\u0119pnych obecnie platform.<\/p>","protected":false},"excerpt":{"rendered":"<p>In a world of endless swiping and shallow text chats, platforms like LuckyCrush are shaking up online dating and random video chat by focusing on live, one-on-one connections with strangers of the opposite sex. LuckyCrush isn\u2019t just another cam chat site\u2014it\u2019s a unique, gamified platform designed to pair men with women (and vice versa) from [&hellip;]<\/p>\n","protected":false},"author":6,"featured_media":0,"parent":0,"menu_order":0,"comment_status":"closed","ping_status":"closed","template":"","meta":{"footnotes":""},"class_list":["post-11954","page","type-page","status-publish","hentry"],"yoast_head":"<!-- This site is optimized with the Yoast SEO plugin v26.9 - https:\/\/yoast.com\/product\/yoast-seo-wordpress\/ -->\n<title>LuckyCrush - Live Video Chat with Random People - StrangerCam<\/title>\n<meta name=\"description\" content=\"Like LuckyCrush? Come chat with more than 5.000.000 strangers on Stranger Cam for Free! Turn on your cam and find new friends &amp; maby a match!\" \/>\n<meta name=\"robots\" content=\"index, follow, max-snippet:-1, max-image-preview:large, max-video-preview:-1\" \/>\n<link rel=\"canonical\" href=\"https:\/\/strangercam.com\/pl\/luckycrush\/\" \/>\n<meta property=\"og:locale\" content=\"pl_PL\" \/>\n<meta property=\"og:type\" content=\"article\" \/>\n<meta property=\"og:title\" content=\"LuckyCrush - Live Video Chat with Random People - StrangerCam\" \/>\n<meta property=\"og:description\" content=\"Like LuckyCrush? Come chat with more than 5.000.000 strangers on Stranger Cam for Free! Turn on your cam and find new friends &amp; maby a match!\" \/>\n<meta property=\"og:url\" content=\"https:\/\/strangercam.com\/pl\/luckycrush\/\" \/>\n<meta property=\"og:site_name\" content=\"Strangercam\" \/>\n<meta property=\"article:publisher\" content=\"https:\/\/www.facebook.com\/strangercam\" \/>\n<meta property=\"article:modified_time\" content=\"2025-07-24T07:26:04+00:00\" \/>\n<meta property=\"og:image\" content=\"https:\/\/strangercam.com\/wp-content\/uploads\/2021\/10\/Untitled-2.png\" \/>\n\t<meta property=\"og:image:width\" content=\"800\" \/>\n\t<meta property=\"og:image:height\" content=\"532\" \/>\n\t<meta property=\"og:image:type\" content=\"image\/png\" \/>\n<meta name=\"twitter:card\" content=\"summary_large_image\" \/>\n<meta name=\"twitter:site\" content=\"@strangercamapp\" \/>\n<meta name=\"twitter:label1\" content=\"Szacowany czas czytania\" \/>\n\t<meta name=\"twitter:data1\" content=\"6 minut\" \/>\n<script type=\"application\/ld+json\" class=\"yoast-schema-graph\">{\"@context\":\"https:\/\/schema.org\",\"@graph\":[{\"@type\":\"WebPage\",\"@id\":\"https:\/\/strangercam.com\/luckycrush\/\",\"url\":\"https:\/\/strangercam.com\/luckycrush\/\",\"name\":\"LuckyCrush - Live Video Chat with Random People - StrangerCam\",\"isPartOf\":{\"@id\":\"https:\/\/strangercam.com\/#website\"},\"datePublished\":\"2025-07-24T07:21:22+00:00\",\"dateModified\":\"2025-07-24T07:26:04+00:00\",\"description\":\"Like LuckyCrush? Come chat with more than 5.000.000 strangers on Stranger Cam for Free! Turn on your cam and find new friends & maby a match!\",\"breadcrumb\":{\"@id\":\"https:\/\/strangercam.com\/luckycrush\/#breadcrumb\"},\"inLanguage\":\"pl-PL\",\"potentialAction\":[{\"@type\":\"ReadAction\",\"target\":[\"https:\/\/strangercam.com\/luckycrush\/\"]}]},{\"@type\":\"BreadcrumbList\",\"@id\":\"https:\/\/strangercam.com\/luckycrush\/#breadcrumb\",\"itemListElement\":[{\"@type\":\"ListItem\",\"position\":1,\"name\":\"Home\",\"item\":\"https:\/\/strangercam.com\/\"},{\"@type\":\"ListItem\",\"position\":2,\"name\":\"LuckyCrush\"}]},{\"@type\":\"WebSite\",\"@id\":\"https:\/\/strangercam.com\/#website\",\"url\":\"https:\/\/strangercam.com\/\",\"name\":\"Strangercam\",\"description\":\"Random Video Chat with Strangers\",\"publisher\":{\"@id\":\"https:\/\/strangercam.com\/#organization\"},\"alternateName\":\"Strangercam.com\",\"potentialAction\":[{\"@type\":\"SearchAction\",\"target\":{\"@type\":\"EntryPoint\",\"urlTemplate\":\"https:\/\/strangercam.com\/?s={search_term_string}\"},\"query-input\":{\"@type\":\"PropertyValueSpecification\",\"valueRequired\":true,\"valueName\":\"search_term_string\"}}],\"inLanguage\":\"pl-PL\"},{\"@type\":\"Organization\",\"@id\":\"https:\/\/strangercam.com\/#organization\",\"name\":\"Strangercam\",\"alternateName\":\"Strangercam.com\",\"url\":\"https:\/\/strangercam.com\/\",\"logo\":{\"@type\":\"ImageObject\",\"inLanguage\":\"pl-PL\",\"@id\":\"https:\/\/strangercam.com\/#\/schema\/logo\/image\/\",\"url\":\"https:\/\/strangercam.com\/wp-content\/uploads\/2020\/11\/cropped-new-favicon-black.png\",\"contentUrl\":\"https:\/\/strangercam.com\/wp-content\/uploads\/2020\/11\/cropped-new-favicon-black.png\",\"width\":512,\"height\":512,\"caption\":\"Strangercam\"},\"image\":{\"@id\":\"https:\/\/strangercam.com\/#\/schema\/logo\/image\/\"},\"sameAs\":[\"https:\/\/www.facebook.com\/strangercam\",\"https:\/\/x.com\/strangercamapp\"]}]}<\/script>\n<!-- \/ Yoast SEO plugin. -->","yoast_head_json":{"title":"LuckyCrush - Czat wideo na \u017cywo z przypadkowymi osobami - StrangerCam","description":"Jak LuckyCrush? Przyjd\u017a na czat z ponad 5.000.000 nieznajomych na Stranger Cam za darmo! W\u0142\u0105cz swoj\u0105 kamer\u0119 i znajd\u017a nowych przyjaci\u00f3\u0142!","robots":{"index":"index","follow":"follow","max-snippet":"max-snippet:-1","max-image-preview":"max-image-preview:large","max-video-preview":"max-video-preview:-1"},"canonical":"https:\/\/strangercam.com\/pl\/luckycrush\/","og_locale":"pl_PL","og_type":"article","og_title":"LuckyCrush - Live Video Chat with Random People - StrangerCam","og_description":"Like LuckyCrush? Come chat with more than 5.000.000 strangers on Stranger Cam for Free! Turn on your cam and find new friends & maby a match!","og_url":"https:\/\/strangercam.com\/pl\/luckycrush\/","og_site_name":"Strangercam","article_publisher":"https:\/\/www.facebook.com\/strangercam","article_modified_time":"2025-07-24T07:26:04+00:00","og_image":[{"width":800,"height":532,"url":"https:\/\/strangercam.com\/wp-content\/uploads\/2021\/10\/Untitled-2.png","type":"image\/png"}],"twitter_card":"summary_large_image","twitter_site":"@strangercamapp","twitter_misc":{"Szacowany czas czytania":"6 minut"},"schema":{"@context":"https:\/\/schema.org","@graph":[{"@type":"WebPage","@id":"https:\/\/strangercam.com\/luckycrush\/","url":"https:\/\/strangercam.com\/luckycrush\/","name":"LuckyCrush - Czat wideo na \u017cywo z przypadkowymi osobami - StrangerCam","isPartOf":{"@id":"https:\/\/strangercam.com\/#website"},"datePublished":"2025-07-24T07:21:22+00:00","dateModified":"2025-07-24T07:26:04+00:00","description":"Jak LuckyCrush? Przyjd\u017a na czat z ponad 5.000.000 nieznajomych na Stranger Cam za darmo! W\u0142\u0105cz swoj\u0105 kamer\u0119 i znajd\u017a nowych przyjaci\u00f3\u0142!","breadcrumb":{"@id":"https:\/\/strangercam.com\/luckycrush\/#breadcrumb"},"inLanguage":"pl-PL","potentialAction":[{"@type":"ReadAction","target":["https:\/\/strangercam.com\/luckycrush\/"]}]},{"@type":"BreadcrumbList","@id":"https:\/\/strangercam.com\/luckycrush\/#breadcrumb","itemListElement":[{"@type":"ListItem","position":1,"name":"Home","item":"https:\/\/strangercam.com\/"},{"@type":"ListItem","position":2,"name":"LuckyCrush"}]},{"@type":"WebSite","@id":"https:\/\/strangercam.com\/#website","url":"https:\/\/strangercam.com\/","name":"Strangercam","description":"Losowy czat wideo z nieznajomymi","publisher":{"@id":"https:\/\/strangercam.com\/#organization"},"alternateName":"Strangercam.com","potentialAction":[{"@type":"SearchAction","target":{"@type":"EntryPoint","urlTemplate":"https:\/\/strangercam.com\/?s={search_term_string}"},"query-input":{"@type":"PropertyValueSpecification","valueRequired":true,"valueName":"search_term_string"}}],"inLanguage":"pl-PL"},{"@type":"Organization","@id":"https:\/\/strangercam.com\/#organization","name":"Strangercam","alternateName":"Strangercam.com","url":"https:\/\/strangercam.com\/","logo":{"@type":"ImageObject","inLanguage":"pl-PL","@id":"https:\/\/strangercam.com\/#\/schema\/logo\/image\/","url":"https:\/\/strangercam.com\/wp-content\/uploads\/2020\/11\/cropped-new-favicon-black.png","contentUrl":"https:\/\/strangercam.com\/wp-content\/uploads\/2020\/11\/cropped-new-favicon-black.png","width":512,"height":512,"caption":"Strangercam"},"image":{"@id":"https:\/\/strangercam.com\/#\/schema\/logo\/image\/"},"sameAs":["https:\/\/www.facebook.com\/strangercam","https:\/\/x.com\/strangercamapp"]}]}},"_links":{"self":[{"href":"https:\/\/strangercam.com\/pl\/wp-json\/wp\/v2\/pages\/11954","targetHints":{"allow":["GET"]}}],"collection":[{"href":"https:\/\/strangercam.com\/pl\/wp-json\/wp\/v2\/pages"}],"about":[{"href":"https:\/\/strangercam.com\/pl\/wp-json\/wp\/v2\/types\/page"}],"author":[{"embeddable":true,"href":"https:\/\/strangercam.com\/pl\/wp-json\/wp\/v2\/users\/6"}],"replies":[{"embeddable":true,"href":"https:\/\/strangercam.com\/pl\/wp-json\/wp\/v2\/comments?post=11954"}],"version-history":[{"count":1,"href":"https:\/\/strangercam.com\/pl\/wp-json\/wp\/v2\/pages\/11954\/revisions"}],"predecessor-version":[{"id":12919,"href":"https:\/\/strangercam.com\/pl\/wp-json\/wp\/v2\/pages\/11954\/revisions\/12919"}],"wp:attachment":[{"href":"https:\/\/strangercam.com\/pl\/wp-json\/wp\/v2\/media?parent=11954"}],"curies":[{"name":"wp","href":"https:\/\/api.w.org\/{rel}","templated":true}]}}