{"id":11949,"date":"2023-10-24T11:57:43","date_gmt":"2023-10-24T09:57:43","guid":{"rendered":"https:\/\/strangercam.com\/?page_id=11949"},"modified":"2023-10-24T12:02:42","modified_gmt":"2023-10-24T10:02:42","slug":"cammatch","status":"publish","type":"page","link":"https:\/\/strangercam.com\/pl\/cammatch\/","title":{"rendered":"Cammatch"},"content":{"rendered":"<p>W rozleg\u0142ym \u015bwiecie komunikacji online znalezienie platformy, kt\u00f3ra naprawd\u0119 si\u0119 wyr\u00f3\u017cnia, mo\u017ce by\u0107 wyzwaniem. Wejd\u017a na Cammatch, platform\u0119 <a href=\"https:\/\/strangercam.com\/pl\/rabbit-video-chat\/\">wideo<\/a> kt\u00f3ra obiecuje wi\u0119cej ni\u017c tylko wirtualne spotkania. Podczas gdy wiele platform oferuje wideo <a href=\"https:\/\/strangercam.com\/pl\/chatroulette\/\">czat<\/a>Cammatch szybko wyrobi\u0142 sobie mark\u0119, zapewniaj\u0105c u\u017cytkownikom p\u0142ynne, anga\u017cuj\u0105ce i, co najwa\u017cniejsze, autentyczne wra\u017cenia. Od intuicyjnego interfejsu po unikalne funkcje, niniejsza recenzja zag\u0142\u0119bia si\u0119 w to, co sprawia, \u017ce Cammatch jest godnym uwagi konkurentem w dziedzinie platform do rozm\u00f3w wideo online. Niezale\u017cnie od tego, czy jeste\u015b do\u015bwiadczonym u\u017cytkownikiem takich us\u0142ug, czy te\u017c nowicjuszem szukaj\u0105cym niezawodnego miejsca do rozpocz\u0119cia, zrozumienie tego, co Cammatch wnosi do sto\u0142u, bez w\u0105tpienia oka\u017ce si\u0119 korzystne.<\/p>\n<h2>Czym jest Cammatch?<\/h2>\n<p>CamMatch, w cyfrowym krajobrazie czat\u00f3w wideo, jest latarni\u0105 innowacji i precyzji. Nie chodzi tylko o \u0142\u0105czenie os\u00f3b; chodzi o selekcjonowanie tych po\u0142\u0105cze\u0144, aby zapewni\u0107 ka\u017cdemu u\u017cytkownikowi warto\u015b\u0107 i satysfakcj\u0119 z ka\u017cdej interakcji. Tam, gdzie wi\u0119kszo\u015b\u0107 platform pozostawia proces dopasowywania <a href=\"https:\/\/strangercam.com\/pl\/chatbychance\/\">szansa<\/a>CamMatch skrupulatnie dostosowuje do\u015bwiadczenie.<\/p>\n<p>U podstaw CamMatch le\u017c\u0105 ukierunkowane interakcje. Uznaj\u0105c preferencje wielu u\u017cytkownik\u00f3w, platforma skrupulatnie zaprojektowa\u0142a algorytm zapewniaj\u0105cy, \u017ce m\u0119\u017cczy\u017ani \u0142\u0105cz\u0105 si\u0119 wy\u0142\u0105cznie z kobietami i odwrotnie. To specyficzne podej\u015bcie nie tylko eliminuje cz\u0119sto frustruj\u0105c\u0105 przypadkowo\u015b\u0107 innych platform, ale tak\u017ce tworzy \u015brodowisko dostosowane do wspierania prawdziwych po\u0142\u0105cze\u0144.<\/p>\n<p>W miar\u0119 jak wchodzimy coraz g\u0142\u0119biej w er\u0119 cyfrow\u0105, w kt\u00f3rej po\u0142\u0105czenia online s\u0105 nie tylko powszechne, ale cz\u0119sto preferowane, funkcje CamMatch, takie jak mechanizm szybkiego przej\u015bcia, wchodz\u0105 do gry. Wystarczy klikn\u0105\u0107 przycisk \"Dalej\", a u\u017cytkownicy poznaj\u0105 nowego potencjalnego przyjaciela, powiernika lub romantyczne zainteresowanie. To p\u0142ynne przej\u015bcie zapewnia, \u017ce u\u017cytkownicy pozostaj\u0105 zaanga\u017cowani, a platforma pozostaje dynamiczna.<\/p>\n<p>Nie chodzi jednak tylko o szybkie przej\u015bcia i ukierunkowane interakcje. CamMatch zdaje sobie spraw\u0119 z globalnego charakteru Internetu i zwi\u0105zanych z nim wyzwa\u0144. Jednym ze znacz\u0105cych wyzwa\u0144 jest bariera j\u0119zykowa. Ale dzi\u0119ki CamMatch ta przeszkoda praktycznie nie istnieje. System t\u0142umaczenia w czasie rzeczywistym platformy bez wysi\u0142ku t\u0142umaczy przychodz\u0105ce i wychodz\u0105ce wiadomo\u015bci, zapewniaj\u0105c, \u017ce r\u00f3\u017cnice j\u0119zykowe nie utrudniaj\u0105 znacz\u0105cych po\u0142\u0105cze\u0144. Nie tylko zwi\u0119ksza to do\u015bwiadczenie u\u017cytkownika, ale tak\u017ce zapewnia naturalny przep\u0142yw rozm\u00f3w, nawet je\u015bli uczestnicy pochodz\u0105 z przeciwnych kra\u0144c\u00f3w \u015bwiata.<\/p>\n<p>Zasadniczo CamMatch nie jest tylko kolejnym graczem na rozleg\u0142ym polu online. <a href=\"https:\/\/strangercam.com\/pl\/coomeet\/\">czat wideo<\/a> us\u0142ugi. To zmienia zasady gry. Skupiaj\u0105c si\u0119 na preferencjach u\u017cytkownik\u00f3w, eliminuj\u0105c bariery j\u0119zykowe i zapewniaj\u0105c dynamiczn\u0105 i anga\u017cuj\u0105c\u0105 platform\u0119, CamMatch na nowo definiuje spos\u00f3b, w jaki postrzegamy interakcje online. Dla tych, kt\u00f3rzy ceni\u0105 sobie znacz\u0105ce, ukierunkowane i p\u0142ynne rozmowy, CamMatch wy\u0142ania si\u0119 jako platforma z wyboru, obiecuj\u0105c wra\u017cenia z czatu wideo online, jak \u017cadne inne.<\/p>\n<h2>Funkcje Cammatch<\/h2>\n<p><strong>1. Ukierunkowane interakcje:<\/strong> Unikalna propozycja sprzeda\u017cy Cammatch polega na oferowaniu ukierunkowanych czat\u00f3w wideo. Uznaj\u0105c preferencje wielu u\u017cytkownik\u00f3w, Cammatch zapewnia, \u017ce m\u0119\u017cczy\u017ani s\u0105 \u0142\u0105czeni w pary wy\u0142\u0105cznie z kobietami i odwrotnie. To dostosowane podej\u015bcie minimalizuje przypadkowo\u015b\u0107 i poprawia jako\u015b\u0107 interakcji.<\/p>\n<p><strong>2. Mechanizm szybkiego przej\u015bcia:<\/strong> Przycisk \u201cDalej\u201d to co\u015b wi\u0119cej ni\u017c tylko funkcja; to brama do nowych rozm\u00f3w. Za pomoc\u0105 jednego klikni\u0119cia u\u017cytkownicy mog\u0105 p\u0142ynnie przej\u015b\u0107 do nowego partnera na czacie. Ta p\u0142ynno\u015b\u0107 zapewnia, \u017ce zawsze jest co\u015b \u015bwie\u017cego i ekscytuj\u0105cego za rogiem, utrzymuj\u0105c dynamiczne wra\u017cenia u\u017cytkownika.<\/p>\n<p><strong>3. System t\u0142umaczenia w czasie rzeczywistym:<\/strong> W zr\u00f3\u017cnicowanym \u015bwiecie Internetu bariery j\u0119zykowe mog\u0105 cz\u0119sto utrudnia\u0107 nawi\u0105zywanie znacz\u0105cych kontakt\u00f3w. Funkcja t\u0142umaczenia w czasie rzeczywistym Cammatch bez trudu wype\u0142nia t\u0119 luk\u0119. System automatycznie t\u0142umaczy przychodz\u0105ce wiadomo\u015bci na preferowany j\u0119zyk u\u017cytkownika i odwrotnie, zapewniaj\u0105c naturalny przep\u0142yw rozm\u00f3w, niezale\u017cnie od r\u00f3\u017cnic j\u0119zykowych.<\/p>\n<p><strong>4. Wysokiej jako\u015bci strumieniowanie wideo:<\/strong> Cammatch priorytetowo traktuje jako\u015b\u0107 interakcji, co jest widoczne w jego zaanga\u017cowaniu w wysokiej jako\u015bci strumieniowanie wideo. U\u017cytkownicy mog\u0105 oczekiwa\u0107 wyra\u017anego obrazu bez op\u00f3\u017anie\u0144, zapewniaj\u0105c, \u017ce ich rozmowy s\u0105 tak realne i wci\u0105gaj\u0105ce, jak to tylko mo\u017cliwe.<\/p>\n<p><strong>5. Przyjazny dla u\u017cytkownika interfejs:<\/strong> Platforma posiada intuicyjn\u0105 konstrukcj\u0119, dzi\u0119ki czemu zar\u00f3wno zaawansowani technicznie u\u017cytkownicy, jak i pocz\u0105tkuj\u0105cy mog\u0105 z \u0142atwo\u015bci\u0105 nawigowa\u0107 i korzysta\u0107 z jej funkcji. Od rejestracji po rozpocz\u0119cie rozmowy, ka\u017cdy krok jest usprawniony dla wygody u\u017cytkownika.<\/p>\n<p><strong>6. \u015arodki bezpiecze\u0144stwa i ochrony:<\/strong> Cammatch zapewnia bezpieczne \u015brodowisko dla swoich u\u017cytkownik\u00f3w. Dzi\u0119ki funkcjom umo\u017cliwiaj\u0105cym zg\u0142aszanie nieodpowiednich dzia\u0142a\u0144 i surowej polityce przeciwko oszustom internetowym, u\u017cytkownicy mog\u0105 anga\u017cowa\u0107 si\u0119 ze spokojem, wiedz\u0105c, \u017ce platforma priorytetowo traktuje ich bezpiecze\u0144stwo.<\/p>\n<p><strong>7. Plany cz\u0142onkowskie:<\/strong> Aby zaspokoi\u0107 potrzeby zr\u00f3\u017cnicowanej bazy u\u017cytkownik\u00f3w, Cammatch oferuje zar\u00f3wno plany cz\u0142onkostwa Basic, jak i Premium. Podczas gdy plan Basic zapewnia dost\u0119p do standardowych funkcji, plan Premium odblokowuje mn\u00f3stwo ulepszonych funkcji, w tym zaawansowane filtry, zapewniaj\u0105c bardziej wyrafinowane wra\u017cenia.<\/p>\n<p><strong>8. Globalny zasi\u0119g:<\/strong> Baza u\u017cytkownik\u00f3w Cammatch obejmuje r\u00f3\u017cne kraje, umo\u017cliwiaj\u0105c u\u017cytkownikom \u0142\u0105czenie si\u0119 z osobami z r\u00f3\u017cnych \u015brodowisk kulturowych i \u015brodowisk. Ten globalny zasi\u0119g zwi\u0119ksza atrakcyjno\u015b\u0107 platformy, oferuj\u0105c gobelin do\u015bwiadcze\u0144 i interakcji.<\/p>\n<table>\n<thead>\n<tr>\n<th><strong>Cechy<\/strong><\/th>\n<th><strong>Opis<\/strong><\/th>\n<\/tr>\n<\/thead>\n<tbody>\n<tr>\n<td>Ukierunkowane interakcje<\/td>\n<td>Samce \u0142\u0105czy\u0142y si\u0119 w pary wy\u0142\u0105cznie z samicami i odwrotnie.<\/td>\n<\/tr>\n<tr>\n<td>Mechanizm szybkiego przej\u015bcia<\/td>\n<td>\u0141atwe prze\u0142\u0105czanie si\u0119 na nowego partnera czatu za pomoc\u0105 przycisku \u201cDalej\u201d.<\/td>\n<\/tr>\n<tr>\n<td>System t\u0142umaczenia w czasie rzeczywistym<\/td>\n<td>Automatyczne t\u0142umaczenia wiadomo\u015bci przychodz\u0105cych i wychodz\u0105cych<\/td>\n<\/tr>\n<tr>\n<td>Wysokiej jako\u015bci strumieniowanie wideo<\/td>\n<td>Wyra\u017ane czaty wideo bez op\u00f3\u017anie\u0144 dla wci\u0105gaj\u0105cych rozm\u00f3w<\/td>\n<\/tr>\n<tr>\n<td>Przyjazny dla u\u017cytkownika interfejs<\/td>\n<td>Intuicyjna konstrukcja u\u0142atwiaj\u0105ca nawigacj\u0119 i u\u017cytkowanie<\/td>\n<\/tr>\n<tr>\n<td>\u015arodki bezpiecze\u0144stwa i ochrony<\/td>\n<td>Funkcje zg\u0142aszania nieodpowiednich dzia\u0142a\u0144; zasady dotycz\u0105ce oszust\u00f3w internetowych<\/td>\n<\/tr>\n<tr>\n<td>Plany cz\u0142onkostwa<\/td>\n<td>Plany Basic i Premium dostosowane do r\u00f3\u017cnych preferencji u\u017cytkownik\u00f3w<\/td>\n<\/tr>\n<tr>\n<td>Globalny zasi\u0119g<\/td>\n<td>Nawi\u0105zywanie kontakt\u00f3w z osobami z r\u00f3\u017cnych kraj\u00f3w i kultur<\/td>\n<\/tr>\n<\/tbody>\n<\/table>\n<p>Podsumowuj\u0105c, cechy Cammatch to nie tylko funkcje techniczne. S\u0105 one \u015bwiadectwem zaanga\u017cowania platformy w zapewnienie, \u017ce ka\u017cdy u\u017cytkownik znajdzie warto\u015b\u0107, po\u0142\u0105czenie i satysfakcj\u0119 w ka\u017cdej interakcji. Ka\u017cda funkcja jest skrupulatnie zaprojektowana, utrzymuj\u0105c do\u015bwiadczenie u\u017cytkownika w centrum uwagi, dzi\u0119ki czemu Cammatch wyr\u00f3\u017cnia si\u0119 w dziedzinie platform czat\u00f3w wideo online.<\/p>\n<h2>Wskaz\u00f3wki i porady<\/h2>\n<p><strong>1. Optymalizacja \u015brodowiska:<\/strong><\/p>\n<ul>\n<li><strong>O\u015bwietlenie<\/strong>: Upewnij si\u0119, \u017ce znajdujesz si\u0119 w dobrze o\u015bwietlonym miejscu. Naturalne \u015bwiat\u0142o dzia\u0142a najlepiej, ale je\u015bli nie jest to mo\u017cliwe, u\u017cyj mi\u0119kkiego sztucznego o\u015bwietlenia, aby unikn\u0105\u0107 ostrych cieni.<\/li>\n<li><strong>Kontekst<\/strong>: U\u017cywaj schludnego, wolnego od ba\u0142aganu t\u0142a. Pomaga to skupi\u0107 si\u0119 na tobie i sprawia, \u017ce rozmowa jest bardziej profesjonalna i przyjemna.<\/li>\n<\/ul>\n<p><strong>2. M\u0105dre korzystanie z filtr\u00f3w:<\/strong> Cammatch oferuje r\u00f3\u017cne filtry, w tym p\u0142e\u0107 i kraj. Skorzystaj z nich, aby dostosowa\u0107 swoje interakcje, zw\u0142aszcza je\u015bli masz okre\u015blone preferencje lub cele konwersacji.<\/p>\n<p><strong>3. Bezpiecze\u0144stwo przede wszystkim:<\/strong> Zawsze pami\u0119taj, aby unika\u0107 udost\u0119pniania danych osobowych, takich jak adres, informacje finansowe lub inne poufne dane. Chocia\u017c Cammatch stosuje \u015brodki bezpiecze\u0144stwa, zawsze warto zachowa\u0107 ostro\u017cno\u015b\u0107.<\/p>\n<p><strong>4. U\u017cywaj s\u0142uchawek:<\/strong> Aby zapewni\u0107 czysty d\u017awi\u0119k i unikn\u0105\u0107 sprz\u0119\u017cenia zwrotnego lub echa, dobrym pomys\u0142em jest u\u017cywanie s\u0142uchawek lub wk\u0142adek dousznych podczas rozm\u00f3w.<\/p>\n<p><strong>5. Poznaj funkcje Premium:<\/strong> Je\u015bli cz\u0119sto korzystasz z Cammatch, rozwa\u017c uaktualnienie do cz\u0142onkostwa Premium. Dodatkowe funkcje mog\u0105 znacznie poprawi\u0107 komfort u\u017cytkowania.<\/p>\n<p><strong>6. B\u0105d\u017a otwarty, ale z szacunkiem:<\/strong> Jedn\u0105 z rado\u015bci p\u0142yn\u0105cych z platform takich jak Cammatch jest poznawanie r\u00f3\u017cnych punkt\u00f3w widzenia i kultur. B\u0119d\u0105c otwartym na r\u00f3\u017cne perspektywy, zawsze zachowuj szacunek i uprzejmo\u015b\u0107.<\/p>\n<p><strong>7. Skorzystaj z przycisku \"Dalej\":<\/strong> Je\u015bli rozmowa nie jest zgodna z Twoimi preferencjami lub komfortem, nie wahaj si\u0119 u\u017cy\u0107 przycisku \"Dalej\". S\u0142u\u017cy on do zapewnienia przyjemnego do\u015bwiadczenia.<\/p>\n<p><strong>8. U\u017cyj funkcji t\u0142umaczenia:<\/strong> Wsp\u00f3\u0142pracuj z lud\u017ami z r\u00f3\u017cnych \u015brodowisk j\u0119zykowych. Niech j\u0119zyk nie b\u0119dzie barier\u0105. Funkcja t\u0142umaczenia w czasie rzeczywistym mo\u017ce by\u0107 prze\u0142omem w zrozumieniu i byciu zrozumianym.<\/p>\n<p><strong>9. Zg\u0142aszanie nieodpowiednich zachowa\u0144:<\/strong> Pom\u00f3\u017c utrzyma\u0107 spo\u0142eczno\u015b\u0107 Cammatch bezpieczn\u0105 i przyjemn\u0105 dla wszystkich. Je\u015bli napotkasz nieodpowiednie zachowanie lub podejrzewasz, \u017ce u\u017cytkownik ma z\u0142e intencje, skorzystaj z funkcji raportowania na platformie.<\/p>\n<p><strong>10. Dostosuj powiadomienia:<\/strong> Je\u015bli jeste\u015b regularnym u\u017cytkownikiem, dostosuj swoje powiadomienia, aby otrzymywa\u0107 powiadomienia o wiadomo\u015bciach lub innych wa\u017cnych aktualizacjach, nie b\u0119d\u0105c przyt\u0142oczonym.<\/p>\n<p>W\u0142\u0105czaj\u0105c te wskaz\u00f3wki i triki do swojego do\u015bwiadczenia z Cammatch, mo\u017cesz zapewni\u0107 bardziej znacz\u0105ce, przyjemne i bezpieczne interakcje. Niezale\u017cnie od tego, czy jeste\u015b do\u015bwiadczonym u\u017cytkownikiem, czy dopiero zaczynasz, te wskaz\u00f3wki pomog\u0105 Ci w pe\u0142ni wykorzysta\u0107 to, co Cammatch ma do zaoferowania.<\/p>\n<h2>Jak dzia\u0142a Cammatch?<\/h2>\n<p>Cammatch dzia\u0142a jako internetowa platforma do rozm\u00f3w wideo zaprojektowana w celu \u0142\u0105czenia os\u00f3b ze wszystkich zak\u0105tk\u00f3w \u015bwiata. Oto krok po kroku, jak to dzia\u0142a:<\/p>\n<ol>\n<li><strong>Rejestracja<\/strong>: U\u017cytkownicy rozpoczynaj\u0105 od rejestracji na platformie, zazwyczaj wymagaj\u0105cej podania podstawowych danych, takich jak nazwa u\u017cytkownika, adres e-mail i has\u0142o.<\/li>\n<li><strong>Personalizacja<\/strong>: Po zarejestrowaniu si\u0119 u\u017cytkownicy mog\u0105 skonfigurowa\u0107 swoje profile i, je\u015bli chc\u0105, korzysta\u0107 z filtr\u00f3w, takich jak p\u0142e\u0107 i kraj, aby doprecyzowa\u0107 swoje preferencje dotycz\u0105ce czatu.<\/li>\n<li><strong>Anga\u017cowanie si\u0119 w czaty<\/strong>: Po ustawieniu profilu u\u017cytkownicy mog\u0105 zanurzy\u0107 si\u0119 w \u015bwiecie Cammatch, klikaj\u0105c przycisk \u201cJoin Now\u201d lub podobny. Nast\u0119pnie zostan\u0105 losowo po\u0142\u0105czeni z innym u\u017cytkownikiem na czacie wideo.<\/li>\n<li><strong>Funkcje interaktywne<\/strong>: Podczas czatu u\u017cytkownicy mog\u0105 korzysta\u0107 z r\u00f3\u017cnych funkcji, takich jak t\u0142umaczenie w czasie rzeczywistym, kt\u00f3re pomaga prze\u0142ama\u0107 bariery j\u0119zykowe. Mog\u0105 r\u00f3wnie\u017c \u0142atwo prze\u0142\u0105cza\u0107 si\u0119 mi\u0119dzy partnerami czatu za pomoc\u0105 przycisku \u201cDalej\u201d, zapewniaj\u0105c dynamiczne interakcje.<\/li>\n<li><strong>Informacje zwrotne i raportowanie<\/strong>: Je\u015bli u\u017cytkownik napotka nieodpowiednie zachowanie lub tre\u015bci, istniej\u0105 mechanizmy zg\u0142aszania takich incydent\u00f3w w celu zachowania integralno\u015bci platformy.<\/li>\n<\/ol>\n<h2>Czy jest to bezpieczne?<\/h2>\n<p>Bezpiecze\u0144stwo i prywatno\u015b\u0107 u\u017cytkownik\u00f3w s\u0105 najwa\u017cniejszymi kwestiami dla ka\u017cdej platformy internetowej, a Cammatch nie jest wyj\u0105tkiem. Platforma zintegrowa\u0142a kilka \u015brodk\u00f3w w celu zwi\u0119kszenia bezpiecze\u0144stwa:<\/p>\n<ol>\n<li><strong>Wym\u00f3g rejestracji<\/strong>: W przeciwie\u0144stwie do niekt\u00f3rych platform, na kt\u00f3rych interakcje mog\u0105 by\u0107 ca\u0142kowicie anonimowe, Cammatch wymaga od u\u017cytkownik\u00f3w rejestracji. Ta warstwa odpowiedzialno\u015bci pomaga powstrzyma\u0107 potencjalne nadu\u017cycia.<\/li>\n<li><strong>Rygorystyczne zasady<\/strong>: Cammatch stosuje rygorystyczne zasady przeciwko oszustom internetowym, nieodpowiednim zachowaniom i wszelkim formom n\u0119kania. U\u017cytkownicy, kt\u00f3rzy naruszaj\u0105 te wytyczne, ponosz\u0105 konsekwencje, w tym potencjalne bany.<\/li>\n<li><strong>Mechanizmy raportowania<\/strong>: U\u017cytkownicy maj\u0105 narz\u0119dzia do zg\u0142aszania wszelkich podejrzanych lub niew\u0142a\u015bciwych dzia\u0142a\u0144, kt\u00f3re napotkaj\u0105. Zapewnia to nie tylko ich bezpiecze\u0144stwo, ale tak\u017ce przyczynia si\u0119 do og\u00f3lnego bezpiecze\u0144stwa platformy.<\/li>\n<li><strong>Ochrona danych<\/strong>: Cammatch stosuje szyfrowanie i inne \u015brodki bezpiecze\u0144stwa w celu ochrony danych u\u017cytkownik\u00f3w i zapewnienia ich prywatno\u015bci.<\/li>\n<li><strong>Dyskrecja u\u017cytkownika<\/strong>: Chocia\u017c Cammatch stosuje \u015brodki bezpiecze\u0144stwa, u\u017cytkownikom zaleca si\u0119 r\u00f3wnie\u017c zachowanie ostro\u017cno\u015bci, takie jak nieudost\u0119pnianie danych osobowych lub poufnych informacji podczas czat\u00f3w.<\/li>\n<\/ol>\n<p>Podsumowuj\u0105c, chocia\u017c Cammatch dok\u0142ada wszelkich stara\u0144, aby zapewni\u0107 bezpiecze\u0144stwo u\u017cytkownikom, wa\u017cne jest r\u00f3wnie\u017c, aby u\u017cytkownicy byli czujni i praktykowali bezpieczne zachowania online.<\/p>","protected":false},"excerpt":{"rendered":"<p>In the vast world of online communication, finding a platform that genuinely stands out can be a challenge. Enter Cammatch, a video chatting service that promises more than just virtual meet-ups. While many platforms offer video chat, Cammatch has quickly made a name for itself by ensuring that users have a seamless, engaging, and, most [&hellip;]<\/p>\n","protected":false},"author":6,"featured_media":0,"parent":0,"menu_order":0,"comment_status":"closed","ping_status":"closed","template":"","meta":{"footnotes":""},"class_list":["post-11949","page","type-page","status-publish","hentry"],"yoast_head":"<!-- This site is optimized with the Yoast SEO plugin v26.9 - https:\/\/yoast.com\/product\/yoast-seo-wordpress\/ -->\n<title>Cammatch with strangers on StrangerCam.com<\/title>\n<meta name=\"description\" content=\"Like Cammatch? Come chat with more than 5.000.000 strangers on Stranger Cam for Free! Turn on your cam and find new friends &amp; maby a match!\" \/>\n<meta name=\"robots\" content=\"index, follow, max-snippet:-1, max-image-preview:large, max-video-preview:-1\" \/>\n<link rel=\"canonical\" href=\"https:\/\/strangercam.com\/pl\/cammatch\/\" \/>\n<meta property=\"og:locale\" content=\"pl_PL\" \/>\n<meta property=\"og:type\" content=\"article\" \/>\n<meta property=\"og:title\" content=\"Cammatch with strangers on StrangerCam.com\" \/>\n<meta property=\"og:description\" content=\"Like Cammatch? Come chat with more than 5.000.000 strangers on Stranger Cam for Free! Turn on your cam and find new friends &amp; maby a match!\" \/>\n<meta property=\"og:url\" content=\"https:\/\/strangercam.com\/pl\/cammatch\/\" \/>\n<meta property=\"og:site_name\" content=\"Strangercam\" \/>\n<meta property=\"article:publisher\" content=\"https:\/\/www.facebook.com\/strangercam\" \/>\n<meta property=\"article:modified_time\" content=\"2023-10-24T10:02:42+00:00\" \/>\n<meta property=\"og:image\" content=\"https:\/\/strangercam.com\/wp-content\/uploads\/2021\/10\/Untitled-2.png\" \/>\n\t<meta property=\"og:image:width\" content=\"800\" \/>\n\t<meta property=\"og:image:height\" content=\"532\" \/>\n\t<meta property=\"og:image:type\" content=\"image\/png\" \/>\n<meta name=\"twitter:card\" content=\"summary_large_image\" \/>\n<meta name=\"twitter:site\" content=\"@strangercamapp\" \/>\n<meta name=\"twitter:label1\" content=\"Szacowany czas czytania\" \/>\n\t<meta name=\"twitter:data1\" content=\"8 minut\" \/>\n<script type=\"application\/ld+json\" class=\"yoast-schema-graph\">{\"@context\":\"https:\/\/schema.org\",\"@graph\":[{\"@type\":\"WebPage\",\"@id\":\"https:\/\/strangercam.com\/cammatch\/\",\"url\":\"https:\/\/strangercam.com\/cammatch\/\",\"name\":\"Cammatch with strangers on StrangerCam.com\",\"isPartOf\":{\"@id\":\"https:\/\/strangercam.com\/#website\"},\"datePublished\":\"2023-10-24T09:57:43+00:00\",\"dateModified\":\"2023-10-24T10:02:42+00:00\",\"description\":\"Like Cammatch? Come chat with more than 5.000.000 strangers on Stranger Cam for Free! Turn on your cam and find new friends & maby a match!\",\"breadcrumb\":{\"@id\":\"https:\/\/strangercam.com\/cammatch\/#breadcrumb\"},\"inLanguage\":\"pl-PL\",\"potentialAction\":[{\"@type\":\"ReadAction\",\"target\":[\"https:\/\/strangercam.com\/cammatch\/\"]}]},{\"@type\":\"BreadcrumbList\",\"@id\":\"https:\/\/strangercam.com\/cammatch\/#breadcrumb\",\"itemListElement\":[{\"@type\":\"ListItem\",\"position\":1,\"name\":\"Home\",\"item\":\"https:\/\/strangercam.com\/\"},{\"@type\":\"ListItem\",\"position\":2,\"name\":\"Cammatch\"}]},{\"@type\":\"WebSite\",\"@id\":\"https:\/\/strangercam.com\/#website\",\"url\":\"https:\/\/strangercam.com\/\",\"name\":\"Strangercam\",\"description\":\"Random Video Chat with Strangers\",\"publisher\":{\"@id\":\"https:\/\/strangercam.com\/#organization\"},\"alternateName\":\"Strangercam.com\",\"potentialAction\":[{\"@type\":\"SearchAction\",\"target\":{\"@type\":\"EntryPoint\",\"urlTemplate\":\"https:\/\/strangercam.com\/?s={search_term_string}\"},\"query-input\":{\"@type\":\"PropertyValueSpecification\",\"valueRequired\":true,\"valueName\":\"search_term_string\"}}],\"inLanguage\":\"pl-PL\"},{\"@type\":\"Organization\",\"@id\":\"https:\/\/strangercam.com\/#organization\",\"name\":\"Strangercam\",\"alternateName\":\"Strangercam.com\",\"url\":\"https:\/\/strangercam.com\/\",\"logo\":{\"@type\":\"ImageObject\",\"inLanguage\":\"pl-PL\",\"@id\":\"https:\/\/strangercam.com\/#\/schema\/logo\/image\/\",\"url\":\"https:\/\/strangercam.com\/wp-content\/uploads\/2020\/11\/cropped-new-favicon-black.png\",\"contentUrl\":\"https:\/\/strangercam.com\/wp-content\/uploads\/2020\/11\/cropped-new-favicon-black.png\",\"width\":512,\"height\":512,\"caption\":\"Strangercam\"},\"image\":{\"@id\":\"https:\/\/strangercam.com\/#\/schema\/logo\/image\/\"},\"sameAs\":[\"https:\/\/www.facebook.com\/strangercam\",\"https:\/\/x.com\/strangercamapp\"]}]}<\/script>\n<!-- \/ Yoast SEO plugin. -->","yoast_head_json":{"title":"Cammatch z nieznajomymi na StrangerCam.com","description":"Lubisz Cammatch? Przyjd\u017a na czat z ponad 5.000.000 nieznajomych na Stranger Cam za darmo! W\u0142\u0105cz kamer\u0119 i znajd\u017a nowych przyjaci\u00f3\u0142 i mo\u017ce mecz!","robots":{"index":"index","follow":"follow","max-snippet":"max-snippet:-1","max-image-preview":"max-image-preview:large","max-video-preview":"max-video-preview:-1"},"canonical":"https:\/\/strangercam.com\/pl\/cammatch\/","og_locale":"pl_PL","og_type":"article","og_title":"Cammatch with strangers on StrangerCam.com","og_description":"Like Cammatch? Come chat with more than 5.000.000 strangers on Stranger Cam for Free! Turn on your cam and find new friends & maby a match!","og_url":"https:\/\/strangercam.com\/pl\/cammatch\/","og_site_name":"Strangercam","article_publisher":"https:\/\/www.facebook.com\/strangercam","article_modified_time":"2023-10-24T10:02:42+00:00","og_image":[{"width":800,"height":532,"url":"https:\/\/strangercam.com\/wp-content\/uploads\/2021\/10\/Untitled-2.png","type":"image\/png"}],"twitter_card":"summary_large_image","twitter_site":"@strangercamapp","twitter_misc":{"Szacowany czas czytania":"8 minut"},"schema":{"@context":"https:\/\/schema.org","@graph":[{"@type":"WebPage","@id":"https:\/\/strangercam.com\/cammatch\/","url":"https:\/\/strangercam.com\/cammatch\/","name":"Cammatch z nieznajomymi na StrangerCam.com","isPartOf":{"@id":"https:\/\/strangercam.com\/#website"},"datePublished":"2023-10-24T09:57:43+00:00","dateModified":"2023-10-24T10:02:42+00:00","description":"Lubisz Cammatch? Przyjd\u017a na czat z ponad 5.000.000 nieznajomych na Stranger Cam za darmo! W\u0142\u0105cz kamer\u0119 i znajd\u017a nowych przyjaci\u00f3\u0142 i mo\u017ce mecz!","breadcrumb":{"@id":"https:\/\/strangercam.com\/cammatch\/#breadcrumb"},"inLanguage":"pl-PL","potentialAction":[{"@type":"ReadAction","target":["https:\/\/strangercam.com\/cammatch\/"]}]},{"@type":"BreadcrumbList","@id":"https:\/\/strangercam.com\/cammatch\/#breadcrumb","itemListElement":[{"@type":"ListItem","position":1,"name":"Home","item":"https:\/\/strangercam.com\/"},{"@type":"ListItem","position":2,"name":"Cammatch"}]},{"@type":"WebSite","@id":"https:\/\/strangercam.com\/#website","url":"https:\/\/strangercam.com\/","name":"Strangercam","description":"Losowy czat wideo z nieznajomymi","publisher":{"@id":"https:\/\/strangercam.com\/#organization"},"alternateName":"Strangercam.com","potentialAction":[{"@type":"SearchAction","target":{"@type":"EntryPoint","urlTemplate":"https:\/\/strangercam.com\/?s={search_term_string}"},"query-input":{"@type":"PropertyValueSpecification","valueRequired":true,"valueName":"search_term_string"}}],"inLanguage":"pl-PL"},{"@type":"Organization","@id":"https:\/\/strangercam.com\/#organization","name":"Strangercam","alternateName":"Strangercam.com","url":"https:\/\/strangercam.com\/","logo":{"@type":"ImageObject","inLanguage":"pl-PL","@id":"https:\/\/strangercam.com\/#\/schema\/logo\/image\/","url":"https:\/\/strangercam.com\/wp-content\/uploads\/2020\/11\/cropped-new-favicon-black.png","contentUrl":"https:\/\/strangercam.com\/wp-content\/uploads\/2020\/11\/cropped-new-favicon-black.png","width":512,"height":512,"caption":"Strangercam"},"image":{"@id":"https:\/\/strangercam.com\/#\/schema\/logo\/image\/"},"sameAs":["https:\/\/www.facebook.com\/strangercam","https:\/\/x.com\/strangercamapp"]}]}},"_links":{"self":[{"href":"https:\/\/strangercam.com\/pl\/wp-json\/wp\/v2\/pages\/11949","targetHints":{"allow":["GET"]}}],"collection":[{"href":"https:\/\/strangercam.com\/pl\/wp-json\/wp\/v2\/pages"}],"about":[{"href":"https:\/\/strangercam.com\/pl\/wp-json\/wp\/v2\/types\/page"}],"author":[{"embeddable":true,"href":"https:\/\/strangercam.com\/pl\/wp-json\/wp\/v2\/users\/6"}],"replies":[{"embeddable":true,"href":"https:\/\/strangercam.com\/pl\/wp-json\/wp\/v2\/comments?post=11949"}],"version-history":[{"count":0,"href":"https:\/\/strangercam.com\/pl\/wp-json\/wp\/v2\/pages\/11949\/revisions"}],"wp:attachment":[{"href":"https:\/\/strangercam.com\/pl\/wp-json\/wp\/v2\/media?parent=11949"}],"curies":[{"name":"wp","href":"https:\/\/api.w.org\/{rel}","templated":true}]}}