{"id":11922,"date":"2023-10-23T10:00:20","date_gmt":"2023-10-23T08:00:20","guid":{"rendered":"https:\/\/strangercam.com\/?page_id=11922"},"modified":"2023-10-23T12:31:54","modified_gmt":"2023-10-23T10:31:54","slug":"strangermeetup","status":"publish","type":"page","link":"https:\/\/strangercam.com\/pl\/strangermeetup\/","title":{"rendered":"StrangerMeetup"},"content":{"rendered":"<p>StrangerMeetup pozycjonuje si\u0119 w zat\u0142oczonym \u015bwiecie online. <a href=\"https:\/\/strangercam.com\/pl\/chatroulette\/\">czat<\/a> platformy jako popularny wyb\u00f3r dla tych, kt\u00f3rzy chc\u0105 anga\u017cowa\u0107 si\u0119 w anonimowe rozmowy. W przeciwie\u0144stwie do wielu platform medi\u00f3w spo\u0142eczno\u015bciowych, w kt\u00f3rych dominuj\u0105 osobiste profile, historie i zdj\u0119cia, StrangerMeetup oferuje \u015bwie\u017ce spojrzenie. Tutaj nacisk k\u0142adziony jest na interakcj\u0119 w czasie rzeczywistym bez baga\u017cu to\u017csamo\u015bci, co czyni j\u0105 atrakcyjn\u0105. <a href=\"https:\/\/strangercam.com\/pl\/mocospace\/\">przestrze\u0144<\/a> dla tych, kt\u00f3rzy priorytetowo traktuj\u0105 prywatno\u015b\u0107 lub po prostu chc\u0105 odpocz\u0105\u0107 od zwyk\u0142ej dynamiki online.<\/p>\n<p>Platforma zosta\u0142a zaprojektowana w celu u\u0142atwienia nawi\u0105zywania prawdziwych kontakt\u00f3w mi\u0119dzy lud\u017ami z r\u00f3\u017cnych \u015brodowisk. Przyjazny dla u\u017cytkownika interfejs i skupienie si\u0119 na anonimowo\u015bci oznaczaj\u0105, \u017ce uczestnicy mog\u0105 zanurzy\u0107 si\u0119 w rozmowach bez obaw cz\u0119sto zwi\u0105zanych z interakcjami cyfrowymi. Atrakcyjno\u015b\u0107 jest jasna: mo\u017cliwo\u015b\u0107 poszerzenia horyzont\u00f3w, uczenia si\u0119 od innych, a nawet po prostu cieszenia si\u0119 swobodn\u0105 rozmow\u0105, a wszystko to w komfortowym p\u0142aszczu anonimowo\u015bci.<\/p>\n<p>Jednak, podobnie jak wszystkie platformy, StrangerMeetup nie jest pozbawiony dziwactw i funkcji. Dla tych, kt\u00f3rzy s\u0105 nowicjuszami na platformie lub rozwa\u017caj\u0105 jej wypr\u00f3bowanie, kluczowe jest zrozumienie jej niuans\u00f3w, korzy\u015bci i potencjalnych wad. Era cyfrowa przynios\u0142a niezliczone sposoby komunikacji, a StrangerMeetup, dzi\u0119ki po\u0142\u0105czeniu prostoty i anonimowo\u015bci, z pewno\u015bci\u0105 odcisn\u0105\u0142 swoje pi\u0119tno.<\/p>\n<h2>Czym jest StrangerMeetup?<\/h2>\n<p>StrangerMeetup to internetowa platforma czatowa, kt\u00f3ra zapewnia u\u017cytkownikom przestrze\u0144 do prowadzenia anonimowych rozm\u00f3w z osobami z r\u00f3\u017cnych cz\u0119\u015bci \u015bwiata. W odr\u00f3\u017cnieniu od konwencjonalnych platform medi\u00f3w spo\u0142eczno\u015bciowych, gdzie dane osobowe, zdj\u0119cia i historie s\u0105 cz\u0119sto na pierwszym planie, StrangerMeetup koncentruje si\u0119 na interakcjach w czasie rzeczywistym pozbawionych osobistych znacznik\u00f3w to\u017csamo\u015bci. Ten nacisk na anonimowo\u015b\u0107 sprawia, \u017ce jest to wyj\u0105tkowe \u015brodowisko cyfrowe, pozwalaj\u0105ce u\u017cytkownikom komunikowa\u0107 si\u0119 bez konwencjonalnych barier lub obaw zwi\u0105zanych z ich rzeczywistymi osobowo\u015bciami.<\/p>\n<p>Konstrukcja platformy zach\u0119ca do spontanicznych i autentycznych kontakt\u00f3w. Dzi\u0119ki przyjaznemu dla u\u017cytkownika interfejsowi uczestnicy mog\u0105 \u0142atwo inicjowa\u0107 i podtrzymywa\u0107 rozmowy, niezale\u017cnie od ich umiej\u0119tno\u015bci technicznych. Zapewnia to skupienie si\u0119 na wymianie pomys\u0142\u00f3w, historii lub swobodnych pogaw\u0119dkach, pozwalaj\u0105c na bogaty wachlarz interakcji, kt\u00f3re mog\u0105 by\u0107 zar\u00f3wno pouczaj\u0105ce, jak i zabawne.<\/p>\n<p>Zasadniczo StrangerMeetup s\u0142u\u017cy jako wsp\u00f3\u0142czesne cyfrowe spotkanie, w kt\u00f3rym dreszczyk emocji zwi\u0105zany z poznaniem kogo\u015b nowego \u0142\u0105czy si\u0119 z bezpiecze\u0144stwem i prywatno\u015bci\u0105 \u015brodowiska online. Niezale\u017cnie od tego, czy szukaj\u0105 nowych przyja\u017ani, niezobowi\u0105zuj\u0105cych czat\u00f3w, czy te\u017c spojrzenia na r\u00f3\u017cne perspektywy, u\u017cytkownicy gromadz\u0105 si\u0119 w StrangerMeetup ze wzgl\u0119du na unikalne po\u0142\u0105czenie anonimowo\u015bci i prawdziwej wi\u0119zi mi\u0119dzyludzkiej.<\/p>\n<h2>Cechy StrangerMeetup<\/h2>\n<p>StrangerMeetup, dzi\u0119ki swojej wyj\u0105tkowej pozycji w dziedzinie platform czatu online, oferuje szereg funkcji, kt\u00f3re odr\u00f3\u017cniaj\u0105 go od konkurencji. Funkcje te zosta\u0142y starannie zaprojektowane w celu zwi\u0119kszenia komfortu u\u017cytkowania, przy jednoczesnym priorytetowym traktowaniu anonimowo\u015bci i \u0142atwo\u015bci u\u017cytkowania.<\/p>\n<ol>\n<li><strong>Anonimowo\u015b\u0107 u\u017cytkownika:<\/strong> Sercem StrangerMeetup jest zaanga\u017cowanie w anonimowo\u015b\u0107 u\u017cytkownik\u00f3w. W przeciwie\u0144stwie do wielu innych platform, nie wymaga ona od u\u017cytkownik\u00f3w podawania danych osobowych lub zdj\u0119\u0107. Zapewnia to prywatno\u015b\u0107 rozm\u00f3w i ochron\u0119 to\u017csamo\u015bci.<\/li>\n<li><strong>Czat w czasie rzeczywistym:<\/strong> Platforma oferuje p\u0142ynny system czatu w czasie rzeczywistym. U\u017cytkownicy mog\u0105 zanurzy\u0107 si\u0119 w rozmowach bez op\u00f3\u017anie\u0144, zapewniaj\u0105c p\u0142ynny i natychmiastowy przep\u0142yw dyskusji.<\/li>\n<li><strong>Globalna baza u\u017cytkownik\u00f3w:<\/strong> StrangerMeetup zapewnia mo\u017cliwo\u015b\u0107 \u0142\u0105czenia si\u0119 z lud\u017ami z ca\u0142ego \u015bwiata. Ten mi\u0119dzynarodowy zasi\u0119g pozwala u\u017cytkownikom uzyska\u0107 wgl\u0105d w r\u00f3\u017cne kultury, tradycje i perspektywy.<\/li>\n<li><strong>Przyjazny dla u\u017cytkownika interfejs:<\/strong> Projekt StrangerMeetup jest intuicyjny, dzi\u0119ki czemu nawet osoby niezaznajomione z technologi\u0105 mog\u0105 z \u0142atwo\u015bci\u0105 porusza\u0107 si\u0119 po platformie i z niej korzysta\u0107.<\/li>\n<li><strong>\u015arodki bezpiecze\u0144stwa:<\/strong> Platforma wdro\u017cy\u0142a kilka funkcji bezpiecze\u0144stwa. U\u017cytkownicy mog\u0105 zg\u0142asza\u0107 lub blokowa\u0107 innych, kt\u00f3rzy wykazuj\u0105 nieodpowiednie zachowanie, zapewniaj\u0105c, \u017ce \u015brodowisko czatu pozostaje pe\u0142ne szacunku i bezpieczne.<\/li>\n<li><strong>Prywatne pokoje rozm\u00f3w:<\/strong> Opr\u00f3cz losowych par czatowych, StrangerMeetup oferuje r\u00f3wnie\u017c prywatne pokoje czatowe. Funkcja ta pozwala u\u017cytkownikom anga\u017cowa\u0107 si\u0119 w bardziej skoncentrowane dyskusje bez zak\u0142\u00f3ce\u0144.<\/li>\n<li><strong>Kompatybilno\u015b\u0107 z urz\u0105dzeniami mobilnymi:<\/strong> Uznaj\u0105c znaczenie dost\u0119pno\u015bci w podr\u00f3\u017cy, StrangerMeetup jest kompatybilny z urz\u0105dzeniami mobilnymi, zapewniaj\u0105c u\u017cytkownikom mo\u017cliwo\u015b\u0107 czatowania z dowolnego miejsca i w dowolnym czasie.<\/li>\n<\/ol>\n<table>\n<thead>\n<tr>\n<th>Cecha<\/th>\n<th>Opis<\/th>\n<\/tr>\n<\/thead>\n<tbody>\n<tr>\n<td>Anonimowo\u015b\u0107 u\u017cytkownika<\/td>\n<td>Nie ma potrzeby podawania danych osobowych ani zdj\u0119\u0107; zapewnia prywatne rozmowy i ochron\u0119 to\u017csamo\u015bci.<\/td>\n<\/tr>\n<tr>\n<td>Czat w czasie rzeczywistym<\/td>\n<td>P\u0142ynny i natychmiastowy system czatu zapewniaj\u0105cy p\u0142ynne dyskusje.<\/td>\n<\/tr>\n<tr>\n<td>Globalna baza u\u017cytkownik\u00f3w<\/td>\n<td>Nawi\u0105zywanie kontakt\u00f3w z lud\u017ami z r\u00f3\u017cnych \u015brodowisk i kultur.<\/td>\n<\/tr>\n<tr>\n<td>Przyjazny dla u\u017cytkownika interfejs<\/td>\n<td>Intuicyjna konstrukcja u\u0142atwiaj\u0105ca nawigacj\u0119 i u\u017cytkowanie.<\/td>\n<\/tr>\n<tr>\n<td>\u015arodki bezpiecze\u0144stwa<\/td>\n<td>Opcje zg\u0142aszania lub blokowania nieodpowiednich zachowa\u0144, zapewniaj\u0105ce bezpieczne \u015brodowisko czatu.<\/td>\n<\/tr>\n<tr>\n<td>Prywatne pokoje rozm\u00f3w<\/td>\n<td>Zaanga\u017cuj si\u0119 w dyskusje na prywatnym czacie.<\/td>\n<\/tr>\n<tr>\n<td>Kompatybilno\u015b\u0107 z urz\u0105dzeniami mobilnymi<\/td>\n<td>Czat w podr\u00f3\u017cy dzi\u0119ki kompatybilno\u015bci z r\u00f3\u017cnymi urz\u0105dzeniami mobilnymi.<\/td>\n<\/tr>\n<\/tbody>\n<\/table>\n<h2>Wskaz\u00f3wki dotycz\u0105ce bezpiecznego korzystania ze StrangerMeetup<\/h2>\n<p>Poruszanie si\u0119 po cyfrowym krajobrazie platform czatu online, takich jak StrangerMeetup, wymaga zar\u00f3wno ciekawo\u015bci, jak i ostro\u017cno\u015bci. Podczas gdy platforma priorytetowo traktuje anonimowo\u015b\u0107 i oferuje funkcje zwi\u0119kszaj\u0105ce bezpiecze\u0144stwo u\u017cytkownik\u00f3w, osoby fizyczne musz\u0105 r\u00f3wnie\u017c podj\u0105\u0107 osobiste \u015brodki w celu zapewnienia sobie bezpiecze\u0144stwa i dobrego samopoczucia. Oto kilka wskaz\u00f3wek, o kt\u00f3rych nale\u017cy pami\u0119ta\u0107 podczas bezpiecznego korzystania z StrangerMeetup:<\/p>\n<ol>\n<li><strong>Ochrona danych osobowych:<\/strong> Urok anonimowo\u015bci mo\u017ce czasami prowadzi\u0107 do obni\u017cenia czujno\u015bci. Wa\u017cne jest, aby zachowa\u0107 ostro\u017cno\u015b\u0107 i powstrzyma\u0107 si\u0119 od udost\u0119pniania danych osobowych, takich jak prawdziwe imiona i nazwiska, adresy, numery telefon\u00f3w lub informacje finansowe.<\/li>\n<li><strong>U\u017cyj unikalnej nazwy u\u017cytkownika:<\/strong> Wybierz nazw\u0119 u\u017cytkownika, kt\u00f3rej nie u\u017cywasz na innych platformach. Utrudni to komu\u015b \u015bledzenie twojej aktywno\u015bci online lub powi\u0105zanie twojej to\u017csamo\u015bci StrangerMeetup z innymi profilami online.<\/li>\n<li><strong>Zaufaj swoim instynktom:<\/strong> Je\u015bli rozmowa wydaje si\u0119 niewygodna lub czyje\u015b zachowanie wydaje si\u0119 podejrzane, zaufaj swojemu instynktowi. Zawsze dobrze jest zako\u0144czy\u0107 czat lub zablokowa\u0107 u\u017cytkownika, je\u015bli czujesz si\u0119 nieswojo.<\/li>\n<li><strong>U\u017cyj funkcji raportowania:<\/strong> Je\u015bli spotkasz si\u0119 z niew\u0142a\u015bciwym zachowaniem, skorzystaj z funkcji raportowania na platformie. Pomo\u017ce to nie tylko tobie, ale tak\u017ce spo\u0142eczno\u015bci, sygnalizuj\u0105c potencjalne problemy.<\/li>\n<li><strong>Unikaj klikania nieznanych link\u00f3w:<\/strong> Z\u0142o\u015bliwe linki mog\u0105 by\u0107 czasami udost\u0119pniane na czatach. Rozs\u0105dnie jest unika\u0107 klikania jakichkolwiek link\u00f3w od nieznajomych, poniewa\u017c mog\u0105 one prowadzi\u0107 do szkodliwych witryn lub pobiera\u0107 z\u0142o\u015bliwe oprogramowanie na urz\u0105dzenie.<\/li>\n<li><strong>Spotkania w prawdziwym \u017cyciu:<\/strong> Je\u015bli z jakiegokolwiek powodu zdecydujesz si\u0119 <a href=\"https:\/\/strangercam.com\/pl\/coomeet\/\">spotkanie<\/a> Zawsze wybieraj miejsce publiczne, poinformuj zaufan\u0105 osob\u0119 o spotkaniu i zadbaj przede wszystkim o w\u0142asne bezpiecze\u0144stwo.<\/li>\n<li><strong>Dowiedz si\u0119 wi\u0119cej:<\/strong> Zapoznaj si\u0119 z wytycznymi i \u015brodkami bezpiecze\u0144stwa StrangerMeetup. Im wi\u0119cej wiesz o zasadach platformy, tym lepiej b\u0119dziesz przygotowany do bezpiecznego poruszania si\u0119 po niej.<\/li>\n<li><strong>B\u0105d\u017a na bie\u017c\u0105co:<\/strong> Upewnij si\u0119, \u017ce je\u015bli korzystasz z mobilnej lub stacjonarnej wersji aplikacji StrangerMeetup, jest ona zawsze zaktualizowana do najnowszej wersji. Aktualizacje cz\u0119sto zawieraj\u0105 ulepszenia bezpiecze\u0144stwa.<\/li>\n<\/ol>\n<p>Zasadniczo, podczas gdy StrangerMeetup zapewnia wyj\u0105tkow\u0105 przestrze\u0144 do anonimowych rozm\u00f3w, wa\u017cne jest, aby u\u017cytkownicy \u0142\u0105czyli funkcje bezpiecze\u0144stwa platformy z osobist\u0105 czujno\u015bci\u0105. R\u00f3wnowa\u017cenie emocji zwi\u0105zanych z poznawaniem nowych ludzi ze \u015bwiadomo\u015bci\u0105 bezpiecze\u0144stwa cyfrowego zapewni pozytywne i bezpieczne do\u015bwiadczenie.<\/p>\n<h2>Wnioski<\/h2>\n<p>StrangerMeetup jest niezwyk\u0142ym \u015bwiadectwem ewoluuj\u0105cej natury interakcji mi\u0119dzyludzkich w erze cyfrowej. Oferuj\u0105c <a href=\"https:\/\/strangercam.com\/pl\/chat-avenue\/\">aleja<\/a> Dla anonimowych czat\u00f3w w czasie rzeczywistym, wype\u0142nia luk\u0119 mi\u0119dzy kulturami, ideologiami i osobistymi do\u015bwiadczeniami z ca\u0142ego \u015bwiata. Jednak, podobnie jak w przypadku wszystkich platform cyfrowych, wi\u0105\u017ce si\u0119 to z podw\u00f3jnymi wyzwaniami zwi\u0105zanymi z zapewnieniem bezpiecze\u0144stwa przy jednoczesnym zachowaniu esencji <a href=\"https:\/\/strangercam.com\/pl\/chat4free\/\">darmowy<\/a> komunikacja. \u0141\u0105cz\u0105c wrodzone funkcje bezpiecze\u0144stwa platformy z osobistymi \u015brodkami ostro\u017cno\u015bci, u\u017cytkownicy mog\u0105 korzysta\u0107 ze \u015bwiata r\u00f3\u017cnorodnych interakcji, wspieraj\u0105c po\u0142\u0105czenia i zrozumienie w rozdrobnionym cyfrowym \u015bwiecie. Podsumowuj\u0105c, StrangerMeetup nie tylko s\u0142u\u017cy jako odzwierciedlenie wzajemnych powi\u0105za\u0144 naszego zglobalizowanego \u015bwiata, ale tak\u017ce podkre\u015bla ci\u0105g\u0142\u0105 potrzeb\u0119 czujno\u015bci w rozleg\u0142ym \u015bwiecie interakcji online.<\/p>","protected":false},"excerpt":{"rendered":"<p>StrangerMeetup has positioned itself in the crowded realm of online chat platforms as a popular choice for those looking to engage in anonymous conversations. Unlike many social media platforms where personal profiles, histories, and pictures dominate, StrangerMeetup offers a fresh perspective. Here, the emphasis is on real-time interaction without the baggage of identity, making it [&hellip;]<\/p>\n","protected":false},"author":6,"featured_media":559,"parent":0,"menu_order":0,"comment_status":"closed","ping_status":"closed","template":"","meta":{"footnotes":""},"class_list":["post-11922","page","type-page","status-publish","has-post-thumbnail","hentry"],"yoast_head":"<!-- This site is optimized with the Yoast SEO plugin v27.4 - https:\/\/yoast.com\/product\/yoast-seo-wordpress\/ -->\n<title>StrangerMeetup - Chat with strangers on StrangerCam.com<\/title>\n<meta name=\"description\" content=\"Like StrangerMeetup? Come chat with more than 5.000.000 strangers on Stranger Cam for Free! Turn on your cam and find new friends &amp; maby a match!\" \/>\n<meta name=\"robots\" content=\"index, follow, max-snippet:-1, max-image-preview:large, max-video-preview:-1\" \/>\n<link rel=\"canonical\" href=\"https:\/\/strangercam.com\/pl\/strangermeetup\/\" \/>\n<meta property=\"og:locale\" content=\"pl_PL\" \/>\n<meta property=\"og:type\" content=\"article\" \/>\n<meta property=\"og:title\" content=\"StrangerMeetup - Chat with strangers on StrangerCam.com\" \/>\n<meta property=\"og:description\" content=\"Like StrangerMeetup? Come chat with more than 5.000.000 strangers on Stranger Cam for Free! Turn on your cam and find new friends &amp; maby a match!\" \/>\n<meta property=\"og:url\" content=\"https:\/\/strangercam.com\/pl\/strangermeetup\/\" \/>\n<meta property=\"og:site_name\" content=\"Strangercam\" \/>\n<meta property=\"article:publisher\" content=\"https:\/\/www.facebook.com\/strangercam\" \/>\n<meta property=\"article:modified_time\" content=\"2023-10-23T10:31:54+00:00\" \/>\n<meta property=\"og:image\" content=\"https:\/\/strangercam.com\/wp-content\/uploads\/2020\/11\/stranger-cam-1.png\" \/>\n\t<meta property=\"og:image:width\" content=\"800\" \/>\n\t<meta property=\"og:image:height\" content=\"800\" \/>\n\t<meta property=\"og:image:type\" content=\"image\/png\" \/>\n<meta name=\"twitter:card\" content=\"summary_large_image\" \/>\n<meta name=\"twitter:site\" content=\"@strangercamapp\" \/>\n<meta name=\"twitter:label1\" content=\"Szacowany czas czytania\" \/>\n\t<meta name=\"twitter:data1\" content=\"6 minut\" \/>\n<script type=\"application\/ld+json\" class=\"yoast-schema-graph\">{\"@context\":\"https:\\\/\\\/schema.org\",\"@graph\":[{\"@type\":\"WebPage\",\"@id\":\"https:\\\/\\\/strangercam.com\\\/strangermeetup\\\/\",\"url\":\"https:\\\/\\\/strangercam.com\\\/strangermeetup\\\/\",\"name\":\"StrangerMeetup - Chat with strangers on StrangerCam.com\",\"isPartOf\":{\"@id\":\"https:\\\/\\\/strangercam.com\\\/#website\"},\"primaryImageOfPage\":{\"@id\":\"https:\\\/\\\/strangercam.com\\\/strangermeetup\\\/#primaryimage\"},\"image\":{\"@id\":\"https:\\\/\\\/strangercam.com\\\/strangermeetup\\\/#primaryimage\"},\"thumbnailUrl\":\"https:\\\/\\\/strangercam.com\\\/wp-content\\\/uploads\\\/2020\\\/11\\\/stranger-cam-1.png\",\"datePublished\":\"2023-10-23T08:00:20+00:00\",\"dateModified\":\"2023-10-23T10:31:54+00:00\",\"description\":\"Like StrangerMeetup? Come chat with more than 5.000.000 strangers on Stranger Cam for Free! Turn on your cam and find new friends & maby a match!\",\"breadcrumb\":{\"@id\":\"https:\\\/\\\/strangercam.com\\\/strangermeetup\\\/#breadcrumb\"},\"inLanguage\":\"pl-PL\",\"potentialAction\":[{\"@type\":\"ReadAction\",\"target\":[\"https:\\\/\\\/strangercam.com\\\/strangermeetup\\\/\"]}]},{\"@type\":\"ImageObject\",\"inLanguage\":\"pl-PL\",\"@id\":\"https:\\\/\\\/strangercam.com\\\/strangermeetup\\\/#primaryimage\",\"url\":\"https:\\\/\\\/strangercam.com\\\/wp-content\\\/uploads\\\/2020\\\/11\\\/stranger-cam-1.png\",\"contentUrl\":\"https:\\\/\\\/strangercam.com\\\/wp-content\\\/uploads\\\/2020\\\/11\\\/stranger-cam-1.png\",\"width\":800,\"height\":800,\"caption\":\"stranger cam random video chat\"},{\"@type\":\"BreadcrumbList\",\"@id\":\"https:\\\/\\\/strangercam.com\\\/strangermeetup\\\/#breadcrumb\",\"itemListElement\":[{\"@type\":\"ListItem\",\"position\":1,\"name\":\"Home\",\"item\":\"https:\\\/\\\/strangercam.com\\\/\"},{\"@type\":\"ListItem\",\"position\":2,\"name\":\"StrangerMeetup\"}]},{\"@type\":\"WebSite\",\"@id\":\"https:\\\/\\\/strangercam.com\\\/#website\",\"url\":\"https:\\\/\\\/strangercam.com\\\/\",\"name\":\"Strangercam\",\"description\":\"Random Video Chat with Strangers\",\"publisher\":{\"@id\":\"https:\\\/\\\/strangercam.com\\\/#organization\"},\"alternateName\":\"Strangercam.com\",\"potentialAction\":[{\"@type\":\"SearchAction\",\"target\":{\"@type\":\"EntryPoint\",\"urlTemplate\":\"https:\\\/\\\/strangercam.com\\\/?s={search_term_string}\"},\"query-input\":{\"@type\":\"PropertyValueSpecification\",\"valueRequired\":true,\"valueName\":\"search_term_string\"}}],\"inLanguage\":\"pl-PL\"},{\"@type\":\"Organization\",\"@id\":\"https:\\\/\\\/strangercam.com\\\/#organization\",\"name\":\"Strangercam\",\"alternateName\":\"Strangercam.com\",\"url\":\"https:\\\/\\\/strangercam.com\\\/\",\"logo\":{\"@type\":\"ImageObject\",\"inLanguage\":\"pl-PL\",\"@id\":\"https:\\\/\\\/strangercam.com\\\/#\\\/schema\\\/logo\\\/image\\\/\",\"url\":\"https:\\\/\\\/strangercam.com\\\/wp-content\\\/uploads\\\/2020\\\/11\\\/cropped-new-favicon-black.png\",\"contentUrl\":\"https:\\\/\\\/strangercam.com\\\/wp-content\\\/uploads\\\/2020\\\/11\\\/cropped-new-favicon-black.png\",\"width\":512,\"height\":512,\"caption\":\"Strangercam\"},\"image\":{\"@id\":\"https:\\\/\\\/strangercam.com\\\/#\\\/schema\\\/logo\\\/image\\\/\"},\"sameAs\":[\"https:\\\/\\\/www.facebook.com\\\/strangercam\",\"https:\\\/\\\/x.com\\\/strangercamapp\"]}]}<\/script>\n<!-- \/ Yoast SEO plugin. -->","yoast_head_json":{"title":"StrangerMeetup - Czat z nieznajomymi na StrangerCam.com","description":"Podoba ci si\u0119 StrangerMeetup? Czatuj z ponad 5.000.000 nieznajomych na Stranger Cam za darmo! W\u0142\u0105cz swoj\u0105 kamer\u0119 i znajd\u017a nowych przyjaci\u00f3\u0142 i maby mecz!","robots":{"index":"index","follow":"follow","max-snippet":"max-snippet:-1","max-image-preview":"max-image-preview:large","max-video-preview":"max-video-preview:-1"},"canonical":"https:\/\/strangercam.com\/pl\/strangermeetup\/","og_locale":"pl_PL","og_type":"article","og_title":"StrangerMeetup - Chat with strangers on StrangerCam.com","og_description":"Like StrangerMeetup? Come chat with more than 5.000.000 strangers on Stranger Cam for Free! Turn on your cam and find new friends & maby a match!","og_url":"https:\/\/strangercam.com\/pl\/strangermeetup\/","og_site_name":"Strangercam","article_publisher":"https:\/\/www.facebook.com\/strangercam","article_modified_time":"2023-10-23T10:31:54+00:00","og_image":[{"width":800,"height":800,"url":"https:\/\/strangercam.com\/wp-content\/uploads\/2020\/11\/stranger-cam-1.png","type":"image\/png"}],"twitter_card":"summary_large_image","twitter_site":"@strangercamapp","twitter_misc":{"Szacowany czas czytania":"6 minut"},"schema":{"@context":"https:\/\/schema.org","@graph":[{"@type":"WebPage","@id":"https:\/\/strangercam.com\/strangermeetup\/","url":"https:\/\/strangercam.com\/strangermeetup\/","name":"StrangerMeetup - Czat z nieznajomymi na StrangerCam.com","isPartOf":{"@id":"https:\/\/strangercam.com\/#website"},"primaryImageOfPage":{"@id":"https:\/\/strangercam.com\/strangermeetup\/#primaryimage"},"image":{"@id":"https:\/\/strangercam.com\/strangermeetup\/#primaryimage"},"thumbnailUrl":"https:\/\/strangercam.com\/wp-content\/uploads\/2020\/11\/stranger-cam-1.png","datePublished":"2023-10-23T08:00:20+00:00","dateModified":"2023-10-23T10:31:54+00:00","description":"Podoba ci si\u0119 StrangerMeetup? Czatuj z ponad 5.000.000 nieznajomych na Stranger Cam za darmo! W\u0142\u0105cz swoj\u0105 kamer\u0119 i znajd\u017a nowych przyjaci\u00f3\u0142 i maby mecz!","breadcrumb":{"@id":"https:\/\/strangercam.com\/strangermeetup\/#breadcrumb"},"inLanguage":"pl-PL","potentialAction":[{"@type":"ReadAction","target":["https:\/\/strangercam.com\/strangermeetup\/"]}]},{"@type":"ImageObject","inLanguage":"pl-PL","@id":"https:\/\/strangercam.com\/strangermeetup\/#primaryimage","url":"https:\/\/strangercam.com\/wp-content\/uploads\/2020\/11\/stranger-cam-1.png","contentUrl":"https:\/\/strangercam.com\/wp-content\/uploads\/2020\/11\/stranger-cam-1.png","width":800,"height":800,"caption":"stranger cam random video chat"},{"@type":"BreadcrumbList","@id":"https:\/\/strangercam.com\/strangermeetup\/#breadcrumb","itemListElement":[{"@type":"ListItem","position":1,"name":"Home","item":"https:\/\/strangercam.com\/"},{"@type":"ListItem","position":2,"name":"StrangerMeetup"}]},{"@type":"WebSite","@id":"https:\/\/strangercam.com\/#website","url":"https:\/\/strangercam.com\/","name":"Strangercam","description":"Losowy czat wideo z nieznajomymi","publisher":{"@id":"https:\/\/strangercam.com\/#organization"},"alternateName":"Strangercam.com","potentialAction":[{"@type":"SearchAction","target":{"@type":"EntryPoint","urlTemplate":"https:\/\/strangercam.com\/?s={search_term_string}"},"query-input":{"@type":"PropertyValueSpecification","valueRequired":true,"valueName":"search_term_string"}}],"inLanguage":"pl-PL"},{"@type":"Organization","@id":"https:\/\/strangercam.com\/#organization","name":"Strangercam","alternateName":"Strangercam.com","url":"https:\/\/strangercam.com\/","logo":{"@type":"ImageObject","inLanguage":"pl-PL","@id":"https:\/\/strangercam.com\/#\/schema\/logo\/image\/","url":"https:\/\/strangercam.com\/wp-content\/uploads\/2020\/11\/cropped-new-favicon-black.png","contentUrl":"https:\/\/strangercam.com\/wp-content\/uploads\/2020\/11\/cropped-new-favicon-black.png","width":512,"height":512,"caption":"Strangercam"},"image":{"@id":"https:\/\/strangercam.com\/#\/schema\/logo\/image\/"},"sameAs":["https:\/\/www.facebook.com\/strangercam","https:\/\/x.com\/strangercamapp"]}]}},"_links":{"self":[{"href":"https:\/\/strangercam.com\/pl\/wp-json\/wp\/v2\/pages\/11922","targetHints":{"allow":["GET"]}}],"collection":[{"href":"https:\/\/strangercam.com\/pl\/wp-json\/wp\/v2\/pages"}],"about":[{"href":"https:\/\/strangercam.com\/pl\/wp-json\/wp\/v2\/types\/page"}],"author":[{"embeddable":true,"href":"https:\/\/strangercam.com\/pl\/wp-json\/wp\/v2\/users\/6"}],"replies":[{"embeddable":true,"href":"https:\/\/strangercam.com\/pl\/wp-json\/wp\/v2\/comments?post=11922"}],"version-history":[{"count":0,"href":"https:\/\/strangercam.com\/pl\/wp-json\/wp\/v2\/pages\/11922\/revisions"}],"wp:featuredmedia":[{"embeddable":true,"href":"https:\/\/strangercam.com\/pl\/wp-json\/wp\/v2\/media\/559"}],"wp:attachment":[{"href":"https:\/\/strangercam.com\/pl\/wp-json\/wp\/v2\/media?parent=11922"}],"curies":[{"name":"wp","href":"https:\/\/api.w.org\/{rel}","templated":true}]}}