{"id":11273,"date":"2022-08-11T20:04:37","date_gmt":"2022-08-11T18:04:37","guid":{"rendered":"https:\/\/strangercam.com\/?page_id=11273"},"modified":"2023-08-21T11:40:07","modified_gmt":"2023-08-21T09:40:07","slug":"321chat","status":"publish","type":"page","link":"https:\/\/strangercam.com\/pl\/321chat\/","title":{"rendered":"321chat"},"content":{"rendered":"<p>Wszyscy znamy to uczucie niezr\u0119czno\u015bci, gdy znajdujemy si\u0119 w sytuacji towarzyskiej i nikogo nie znamy. Nawet je\u015bli w pobli\u017cu s\u0105 inni ludzie, mo\u017ce si\u0119 wydawa\u0107, \u017ce jeste\u015bmy jedynymi osobami w pomieszczeniu. Ale co by by\u0142o, gdyby istnia\u0142 spos\u00f3b na rozmow\u0119 z nieznajomymi, kt\u00f3ry nie wi\u0105za\u0142by si\u0119 z \u017cadn\u0105 niezr\u0119czno\u015bci\u0105 ani stresem?<\/p>\n<p>Wprowadzenie <a href=\"https:\/\/strangercam.com\/pl\/strangermeetup\/\">321chat<\/a>, a <a href=\"https:\/\/strangercam.com\/pl\/chatroulette\/\">czat<\/a> Strona, kt\u00f3ra pozwala \u0142\u0105czy\u0107 si\u0119 z lud\u017ami z ca\u0142ego \u015bwiata. Niezale\u017cnie od tego, czy szukasz nowego przyjaciela, czy po prostu chcesz porozmawia\u0107 o swoich hobby, 321chat jest idealnym miejscem dla Ciebie.<\/p>\n<h2>Co to jest 321chat?<\/h2>\n<p>321chat to strona internetowa, kt\u00f3ra zapewnia platform\u0119 do czatowania z nieznajomymi. Witryna zosta\u0142a zaprojektowana w celu u\u0142atwienia anonimowych rozm\u00f3w mi\u0119dzy dwiema osobami.<\/p>\n<p>321chat nie wymaga rejestracji ani podawania danych osobowych. Wszystko, co musisz zrobi\u0107, to wybra\u0107 nazw\u0119 u\u017cytkownika i rozpocz\u0105\u0107 czat.<\/p>\n<p>Rozmowy na 321chat s\u0105 ca\u0142kowicie anonimowe. Oznacza to, \u017ce mo\u017cesz m\u00f3wi\u0107, co chcesz, bez obawy, \u017ce zostaniesz oceniony.<\/p>\n<p>321chat to \u015bwietne miejsce do rozm\u00f3w o wszystkim i o niczym. Mo\u017cesz porozmawia\u0107 o swoim dniu, hobby, przemy\u015bleniach i wszystkim innym, o czym chcesz porozmawia\u0107.<\/p>\n<p>Je\u015bli czujesz si\u0119 samotny lub po prostu chcesz z kim\u015b porozmawia\u0107, 321chat jest idealnym miejscem dla Ciebie. Mo\u017cesz znale\u017a\u0107 ludzi, kt\u00f3rzy podzielaj\u0105 twoje zainteresowania i budowa\u0107 nowe relacje.<\/p>\n<h2>Jak dzia\u0142a 321chat?<\/h2>\n<p>321chat to strona internetowa, kt\u00f3ra umo\u017cliwia czatowanie z nieznajomymi z ca\u0142ego \u015bwiata.<\/p>\n<p>Aby rozpocz\u0105\u0107 czat, wpisz swoje imi\u0119 i wybierz pok\u00f3j czatu. Gdy znajdziesz si\u0119 w pokoju czatu, b\u0119dziesz m\u00f3g\u0142 zobaczy\u0107 innych u\u017cytkownik\u00f3w w pokoju i rozpocz\u0105\u0107 z nimi rozmow\u0119.<\/p>\n<p>Rozmowy w 321chat s\u0105 anonimowe, co oznacza, \u017ce mo\u017cesz m\u00f3wi\u0107, co chcesz, bez obawy, \u017ce zostaniesz oceniony.<\/p>\n<p>321chat to \u015bwietny spos\u00f3b na <a href=\"https:\/\/strangercam.com\/pl\/coomeet\/\">spotkanie<\/a> nowych ludzi i nawi\u0105zywa\u0107 nowe znajomo\u015bci. Jest to r\u00f3wnie\u017c \u015bwietny spos\u00f3b na poznanie innych kultur i \u0107wiczenie umiej\u0119tno\u015bci pos\u0142ugiwania si\u0119 j\u0119zykiem angielskim.<\/p>\n<h2>Jak rozpocz\u0105\u0107 rozmow\u0119 na 321chat?<\/h2>\n<p>Rozpocz\u0119cie rozmowy na 321chat mo\u017ce by\u0107 \u0142atwe, je\u015bli wiesz, jak do tego podej\u015b\u0107. Kluczem jest bycie sob\u0105 i nie banie si\u0119 zadawania pyta\u0144.<\/p>\n<p>Kiedy po raz pierwszy zaczynasz z kim\u015b rozmawia\u0107, wa\u017cne jest, aby si\u0119 przedstawi\u0107. Pomo\u017ce to drugiej osobie poczu\u0107 si\u0119 bardziej komfortowo podczas rozmowy. Po przedstawieniu si\u0119 mo\u017cesz zacz\u0105\u0107 zadawa\u0107 pytania dotycz\u0105ce drugiej osoby.<\/p>\n<p>Wa\u017cne jest r\u00f3wnie\u017c, aby by\u0107 aktywnym s\u0142uchaczem podczas rozmowy z kim\u015b. Oznacza to, \u017ce powiniene\u015b zwraca\u0107 uwag\u0119 na to, co m\u00f3wi druga osoba i stara\u0107 si\u0119 anga\u017cowa\u0107 w rozmow\u0119. Nie czekaj tylko na swoj\u0105 kolej!<\/p>\n<p>Je\u015bli masz trudno\u015bci z wymy\u015blaniem rzeczy do powiedzenia, zawsze mo\u017cesz zapyta\u0107 drug\u0105 osob\u0119 o jej hobby lub zainteresowania. Ludzie uwielbiaj\u0105 m\u00f3wi\u0107 o sobie, wi\u0119c jest to \u015bwietny spos\u00f3b na rozpocz\u0119cie rozmowy.<\/p>\n<p>Na koniec, nie zapomnij dobrze si\u0119 bawi\u0107! Czatowanie z nieznajomymi mo\u017ce by\u0107 \u015bwietnym sposobem na nawi\u0105zanie nowych znajomo\u015bci, wi\u0119c baw si\u0119 dobrze i nie b\u00f3j si\u0119 by\u0107 sob\u0105.<\/p>\n<h2>Co zrobi\u0107, je\u015bli czujesz si\u0119 nie\u015bmia\u0142y na 321chat?<\/h2>\n<p>Je\u015bli czujesz si\u0119 nie\u015bmia\u0142y na 321chat, nie martw si\u0119! Jest wiele rzeczy, kt\u00f3re mo\u017cesz zrobi\u0107, aby uczyni\u0107 to do\u015bwiadczenie przyjemniejszym.<\/p>\n<p>Po pierwsze, we\u017a g\u0142\u0119boki oddech i zrelaksuj si\u0119. Wa\u017cne jest, aby pami\u0119ta\u0107, \u017ce wszyscy s\u0105 tutaj tylko po to, aby porozmawia\u0107 i dobrze si\u0119 bawi\u0107. Nie ma potrzeby si\u0119 denerwowa\u0107.<\/p>\n<p>Po drugie, zacznij od czatowania z osobami, kt\u00f3re znajduj\u0105 si\u0119 w tym samym pokoju. W ten spos\u00f3b mo\u017cesz ich nieco pozna\u0107, zanim przejdziesz do prywatnych czat\u00f3w.<\/p>\n<p>Po trzecie, staraj si\u0119 by\u0107 sob\u0105! B\u0105d\u017a przyjazny i otwarty, a ludzie odpowiedz\u0105 tym samym. Nie b\u00f3j si\u0119 zadawa\u0107 pyta\u0144 i rozpoczyna\u0107 rozm\u00f3w.<\/p>\n<p>Po czwarte, je\u015bli kiedykolwiek poczujesz si\u0119 niekomfortowo, zawsze mo\u017cesz po prostu opu\u015bci\u0107 pok\u00f3j rozm\u00f3w. Nikt nie zmusi ci\u0119 do pozostania, je\u015bli nie b\u0119dziesz si\u0119 dobrze bawi\u0107.<\/p>\n<p>Wi\u0119c \u015bmia\u0142o i wypr\u00f3buj 321chat! Obiecujemy, \u017ce b\u0119dziesz si\u0119 dobrze bawi\u0107.<\/p>\n<h2>Jakie s\u0105 korzy\u015bci z rozmawiania z nieznajomymi na 321chat?<\/h2>\n<p>Wszyscy znamy to uczucie dyskomfortu, gdy znajdujemy si\u0119 w sytuacji spo\u0142ecznej, w kt\u00f3rej nikogo nie znamy. W ludzkiej naturze le\u017cy ch\u0119\u0107 nawi\u0105zania kontaktu z innymi, a czasami najlepszym sposobem na to jest rozmowa z nieznajomymi.<\/p>\n<p>Rozmowy z nieznajomymi na 321chat przynosz\u0105 wiele korzy\u015bci. Po pierwsze, mo\u017ce to pom\u00f3c w \u0107wiczeniu umiej\u0119tno\u015bci spo\u0142ecznych. Je\u015bli jeste\u015b nie\u015bmia\u0142y lub introwertyczny, rozmowa z nieznajomymi mo\u017ce by\u0107 \u015bwietnym sposobem na zbudowanie pewno\u015bci siebie.<\/p>\n<p>Mo\u017ce to r\u00f3wnie\u017c pom\u00f3c w poszerzeniu kr\u0119gu znajomych. Nigdy nie wiadomo, by\u0107 mo\u017ce spotkasz na 321chat kogo\u015b, kto stanie si\u0119 twoim dobrym przyjacielem, a nawet kim\u015b wi\u0119cej.<\/p>\n<p>Rozmowa z nieznajomymi mo\u017ce by\u0107 r\u00f3wnie\u017c \u015bwietnym sposobem na poznanie nowych kultur i do\u015bwiadcze\u0144. B\u0119dziesz zaskoczony, jak wiele mo\u017cesz si\u0119 o kim\u015b dowiedzie\u0107, rozmawiaj\u0105c z nim przez kilka minut.<\/p>\n<p>Wi\u0119c nast\u0119pnym razem, gdy znajdziesz si\u0119 na 321chat, nie b\u00f3j si\u0119 rozpocz\u0105\u0107 rozmowy z kim\u015b nowym. Mo\u017ce si\u0119 okaza\u0107, \u017ce to najlepsza decyzja, jak\u0105 kiedykolwiek podj\u0105\u0142e\u015b!<\/p>\n<h2>Plusy i minusy 321chat<\/h2>\n<p>Niekt\u00f3re zalety 321chat obejmuj\u0105 to, \u017ce jest to bezp\u0142atna i bezpieczna strona czatu, \u017ce ma du\u017c\u0105 baz\u0119 u\u017cytkownik\u00f3w i \u017ce jest dost\u0119pna w wielu j\u0119zykach. Ponadto 321chat oferuje takie funkcje, jak czat grupowy, po\u0142\u0105czenia VoIP i udost\u0119pnianie plik\u00f3w.<\/p>\n<p>Jednak niekt\u00f3re wady 321chat obejmuj\u0105 to, \u017ce znalezienie znajomych na stronie mo\u017ce by\u0107 trudne, a czasami mo\u017ce by\u0107 powolne.<\/p>\n<h2>Jak najlepiej wykorzysta\u0107 321chat?<\/h2>\n<p>321chat to \u015bwietny spos\u00f3b na nawi\u0105zywanie nowych znajomo\u015bci i \u0142\u0105czenie si\u0119 z lud\u017ami z ca\u0142ego \u015bwiata. To tak\u017ce \u015bwietny spos\u00f3b na prowadzenie rozm\u00f3w z nieznajomymi, co mo\u017ce by\u0107 naprawd\u0119 zabawne!<\/p>\n<p>Jest kilka rzeczy, kt\u00f3re mo\u017cna zrobi\u0107, aby jak najlepiej wykorzysta\u0107 321chat:<\/p>\n<ol>\n<li>U\u017cywaj czatu do prowadzenia swobodnych rozm\u00f3w z nieznajomymi. To \u015bwietny spos\u00f3b, by dowiedzie\u0107 si\u0119 o nich wi\u0119cej i potencjalnie nawi\u0105za\u0107 przyja\u017a\u0144.<\/li>\n<li>U\u017cywaj czatu do wyszukiwania informacji lub porad. Je\u015bli szukasz informacji na dany temat, korzystanie z czatu mo\u017ce by\u0107 szybszym i \u0142atwiejszym sposobem na ich znalezienie ni\u017c wyszukiwanie w Internecie.<\/li>\n<li>U\u017cyj czatu jako okazji do \u0107wiczenia swoich umiej\u0119tno\u015bci m\u00f3wienia po angielsku. Nigdy nie wiadomo, kiedy b\u0119dziesz musia\u0142 u\u017cy\u0107 angielskiego podczas rozmowy kwalifikacyjnej lub rozmowy poza 321chat!<\/li>\n<\/ol>\n<h2>Czy jest bezpieczny w u\u017cyciu?<\/h2>\n<p>Nie ma w\u0105tpliwo\u015bci, \u017ce rozmawianie z nieznajomymi na czacie jest zabawnym i ekscytuj\u0105cym do\u015bwiadczeniem. Nale\u017cy jednak pami\u0119ta\u0107, \u017ce nadal niezwykle wa\u017cne jest zachowanie ostro\u017cno\u015bci podczas prowadzenia rozm\u00f3w na czacie.<\/p>\n<p>Jedn\u0105 z najwi\u0119kszych obaw zwi\u0105zanych z bezpiecze\u0144stwem podczas korzystania z czatu jest cyberprzemoc. Cyberprzemoc odnosi si\u0119 do wszelkiego rodzaju n\u0119kania online lub offline, kt\u00f3re ma miejsce mi\u0119dzy osobami, kt\u00f3re si\u0119 znaj\u0105. Mo\u017ce to obejmowa\u0107 wysy\u0142anie rani\u0105cych wiadomo\u015bci, wy\u015bmiewanie si\u0119 z kogo\u015b lub publikowanie zawstydzaj\u0105cych zdj\u0119\u0107.<\/p>\n<p>Wa\u017cne jest, aby pami\u0119ta\u0107, \u017ce masz do czynienia z osobami, kt\u00f3rych nie znasz w miejscu publicznym. <a href=\"https:\/\/strangercam.com\/pl\/mocospace\/\">przestrze\u0144<\/a>. Oznacza to, \u017ce w ka\u017cdej chwili mog\u0105 by\u0107 zdenerwowani lub \u017ali. Je\u015bli poczujesz si\u0119 niekomfortowo lub zagro\u017cony, natychmiast przerwij kontakt z t\u0105 osob\u0105.<\/p>\n<h2>\u015arodki zapobiegawcze podczas korzystania z losowego czatu wideo<\/h2>\n<p>Jednym z najlepszych sposob\u00f3w, aby uchroni\u0107 si\u0119 przed atakiem lub n\u0119kaniem podczas korzystania z aplikacji <a href=\"https:\/\/strangercam.com\/pl\/chathub\/\">Losowy czat wideo<\/a> jest podj\u0119cie proaktywnych dzia\u0142a\u0144. Oto kilka wskaz\u00f3wek, kt\u00f3rych nale\u017cy przestrzega\u0107:<\/p>\n<ol>\n<li>Zawsze u\u017cywaj VPN podczas korzystania z losowego czatu wideo. VPN zaszyfruje Twoje dane i ochroni je przed zobaczeniem przez kogokolwiek innego w sieci. Pomo\u017ce to unikn\u0105\u0107 potencjalnych atak\u00f3w lub n\u0119kania.<\/li>\n<li>Zawsze u\u017cywaj innej nazwy u\u017cytkownika i has\u0142a dla ka\u017cdego losowo utworzonego konta czatu wideo. W ten spos\u00f3b, je\u015bli kto\u015b ci\u0119 zaatakuje lub b\u0119dzie ci\u0119 n\u0119ka\u0142, nie b\u0119dzie m\u00f3g\u0142 uzyska\u0107 dost\u0119pu do twoich innych kont za pomoc\u0105 tej nazwy u\u017cytkownika i has\u0142a.<\/li>\n<li>Nie udost\u0119pniaj danych osobowych, takich jak imi\u0119 i nazwisko lub adres, nieznajomym na przypadkowym czacie wideo. Je\u015bli kto\u015b ci\u0119 zaatakuje lub b\u0119dzie n\u0119ka\u0142, b\u0119dzie m\u00f3g\u0142 dowiedzie\u0107 si\u0119 o tobie wi\u0119cej w ten spos\u00f3b.<\/li>\n<\/ol>\n<p>Przestrzegaj\u0105c tych \u015brodk\u00f3w ostro\u017cno\u015bci, mo\u017cesz zapewni\u0107 sobie bezpieczne i przyjemne korzystanie z losowego czatu wideo<\/p>\n<h2>Wnioski<\/h2>\n<p>321chat to \u015bwietne \u017ar\u00f3d\u0142o informacji dla os\u00f3b, kt\u00f3re chc\u0105 nawi\u0105za\u0107 znajomo\u015bci lub znale\u017a\u0107 nowych przyjaci\u00f3\u0142. Pok\u00f3j czatowy jest otwarty 24\/7 i mo\u017cna do niego do\u0142\u0105czy\u0107, wpisuj\u0105c swoje miasto lub kraj i klikaj\u0105c link. Po zalogowaniu si\u0119, po prostu zacznij czatowa\u0107 z ka\u017cdym, kto wygl\u0105da interesuj\u0105co! Nigdy nie wiadomo, jakie znajomo\u015bci mo\u017cna w ten spos\u00f3b nawi\u0105za\u0107.<\/p>","protected":false},"excerpt":{"rendered":"<p>We all know that feeling of awkwardness when we&#8217;re in a social situation and we don&#8217;t know anyone. Even if there are other people around, it can feel like we&#8217;re the only ones in the room. But what if there was a way to talk to strangers that didn&#8217;t involve any of the awkwardness or [&hellip;]<\/p>\n","protected":false},"author":6,"featured_media":559,"parent":0,"menu_order":0,"comment_status":"closed","ping_status":"closed","template":"","meta":{"footnotes":""},"class_list":["post-11273","page","type-page","status-publish","has-post-thumbnail","hentry"],"yoast_head":"<!-- This site is optimized with the Yoast SEO plugin v26.9 - https:\/\/yoast.com\/product\/yoast-seo-wordpress\/ -->\n<title>321chat - Chat with strangers on StrangerCam.com<\/title>\n<meta name=\"description\" content=\"Like 321chat? Come chat with more than 5.000.000 strangers on Stranger Cam for Free! Turn on your cam and find new friends &amp; maby a match!\" \/>\n<meta name=\"robots\" content=\"index, follow, max-snippet:-1, max-image-preview:large, max-video-preview:-1\" \/>\n<link rel=\"canonical\" href=\"https:\/\/strangercam.com\/pl\/321chat\/\" \/>\n<meta property=\"og:locale\" content=\"pl_PL\" \/>\n<meta property=\"og:type\" content=\"article\" \/>\n<meta property=\"og:title\" content=\"321chat - Chat with strangers on StrangerCam.com\" \/>\n<meta property=\"og:description\" content=\"Like 321chat? Come chat with more than 5.000.000 strangers on Stranger Cam for Free! Turn on your cam and find new friends &amp; maby a match!\" \/>\n<meta property=\"og:url\" content=\"https:\/\/strangercam.com\/pl\/321chat\/\" \/>\n<meta property=\"og:site_name\" content=\"Strangercam\" \/>\n<meta property=\"article:publisher\" content=\"https:\/\/www.facebook.com\/strangercam\" \/>\n<meta property=\"article:modified_time\" content=\"2023-08-21T09:40:07+00:00\" \/>\n<meta property=\"og:image\" content=\"https:\/\/strangercam.com\/wp-content\/uploads\/2020\/11\/stranger-cam-1.png\" \/>\n\t<meta property=\"og:image:width\" content=\"800\" \/>\n\t<meta property=\"og:image:height\" content=\"800\" \/>\n\t<meta property=\"og:image:type\" content=\"image\/png\" \/>\n<meta name=\"twitter:card\" content=\"summary_large_image\" \/>\n<meta name=\"twitter:site\" content=\"@strangercamapp\" \/>\n<meta name=\"twitter:label1\" content=\"Szacowany czas czytania\" \/>\n\t<meta name=\"twitter:data1\" content=\"7 minut\" \/>\n<script type=\"application\/ld+json\" class=\"yoast-schema-graph\">{\"@context\":\"https:\/\/schema.org\",\"@graph\":[{\"@type\":\"WebPage\",\"@id\":\"https:\/\/strangercam.com\/321chat\/\",\"url\":\"https:\/\/strangercam.com\/321chat\/\",\"name\":\"321chat - Chat with strangers on StrangerCam.com\",\"isPartOf\":{\"@id\":\"https:\/\/strangercam.com\/#website\"},\"primaryImageOfPage\":{\"@id\":\"https:\/\/strangercam.com\/321chat\/#primaryimage\"},\"image\":{\"@id\":\"https:\/\/strangercam.com\/321chat\/#primaryimage\"},\"thumbnailUrl\":\"https:\/\/strangercam.com\/wp-content\/uploads\/2020\/11\/stranger-cam-1.png\",\"datePublished\":\"2022-08-11T18:04:37+00:00\",\"dateModified\":\"2023-08-21T09:40:07+00:00\",\"description\":\"Like 321chat? Come chat with more than 5.000.000 strangers on Stranger Cam for Free! Turn on your cam and find new friends & maby a match!\",\"breadcrumb\":{\"@id\":\"https:\/\/strangercam.com\/321chat\/#breadcrumb\"},\"inLanguage\":\"pl-PL\",\"potentialAction\":[{\"@type\":\"ReadAction\",\"target\":[\"https:\/\/strangercam.com\/321chat\/\"]}]},{\"@type\":\"ImageObject\",\"inLanguage\":\"pl-PL\",\"@id\":\"https:\/\/strangercam.com\/321chat\/#primaryimage\",\"url\":\"https:\/\/strangercam.com\/wp-content\/uploads\/2020\/11\/stranger-cam-1.png\",\"contentUrl\":\"https:\/\/strangercam.com\/wp-content\/uploads\/2020\/11\/stranger-cam-1.png\",\"width\":800,\"height\":800,\"caption\":\"stranger cam random video chat\"},{\"@type\":\"BreadcrumbList\",\"@id\":\"https:\/\/strangercam.com\/321chat\/#breadcrumb\",\"itemListElement\":[{\"@type\":\"ListItem\",\"position\":1,\"name\":\"Home\",\"item\":\"https:\/\/strangercam.com\/\"},{\"@type\":\"ListItem\",\"position\":2,\"name\":\"321chat\"}]},{\"@type\":\"WebSite\",\"@id\":\"https:\/\/strangercam.com\/#website\",\"url\":\"https:\/\/strangercam.com\/\",\"name\":\"Strangercam\",\"description\":\"Random Video Chat with Strangers\",\"publisher\":{\"@id\":\"https:\/\/strangercam.com\/#organization\"},\"alternateName\":\"Strangercam.com\",\"potentialAction\":[{\"@type\":\"SearchAction\",\"target\":{\"@type\":\"EntryPoint\",\"urlTemplate\":\"https:\/\/strangercam.com\/?s={search_term_string}\"},\"query-input\":{\"@type\":\"PropertyValueSpecification\",\"valueRequired\":true,\"valueName\":\"search_term_string\"}}],\"inLanguage\":\"pl-PL\"},{\"@type\":\"Organization\",\"@id\":\"https:\/\/strangercam.com\/#organization\",\"name\":\"Strangercam\",\"alternateName\":\"Strangercam.com\",\"url\":\"https:\/\/strangercam.com\/\",\"logo\":{\"@type\":\"ImageObject\",\"inLanguage\":\"pl-PL\",\"@id\":\"https:\/\/strangercam.com\/#\/schema\/logo\/image\/\",\"url\":\"https:\/\/strangercam.com\/wp-content\/uploads\/2020\/11\/cropped-new-favicon-black.png\",\"contentUrl\":\"https:\/\/strangercam.com\/wp-content\/uploads\/2020\/11\/cropped-new-favicon-black.png\",\"width\":512,\"height\":512,\"caption\":\"Strangercam\"},\"image\":{\"@id\":\"https:\/\/strangercam.com\/#\/schema\/logo\/image\/\"},\"sameAs\":[\"https:\/\/www.facebook.com\/strangercam\",\"https:\/\/x.com\/strangercamapp\"]}]}<\/script>\n<!-- \/ Yoast SEO plugin. -->","yoast_head_json":{"title":"321chat - Czat z nieznajomymi na StrangerCam.com","description":"Lubisz 321chat? Przyjd\u017a na czat z ponad 5.000.000 nieznajomych na Stranger Cam za darmo! W\u0142\u0105cz kamer\u0119 i znajd\u017a nowych przyjaci\u00f3\u0142 i mo\u017ce mecz!","robots":{"index":"index","follow":"follow","max-snippet":"max-snippet:-1","max-image-preview":"max-image-preview:large","max-video-preview":"max-video-preview:-1"},"canonical":"https:\/\/strangercam.com\/pl\/321chat\/","og_locale":"pl_PL","og_type":"article","og_title":"321chat - Chat with strangers on StrangerCam.com","og_description":"Like 321chat? Come chat with more than 5.000.000 strangers on Stranger Cam for Free! Turn on your cam and find new friends & maby a match!","og_url":"https:\/\/strangercam.com\/pl\/321chat\/","og_site_name":"Strangercam","article_publisher":"https:\/\/www.facebook.com\/strangercam","article_modified_time":"2023-08-21T09:40:07+00:00","og_image":[{"width":800,"height":800,"url":"https:\/\/strangercam.com\/wp-content\/uploads\/2020\/11\/stranger-cam-1.png","type":"image\/png"}],"twitter_card":"summary_large_image","twitter_site":"@strangercamapp","twitter_misc":{"Szacowany czas czytania":"7 minut"},"schema":{"@context":"https:\/\/schema.org","@graph":[{"@type":"WebPage","@id":"https:\/\/strangercam.com\/321chat\/","url":"https:\/\/strangercam.com\/321chat\/","name":"321chat - Czat z nieznajomymi na StrangerCam.com","isPartOf":{"@id":"https:\/\/strangercam.com\/#website"},"primaryImageOfPage":{"@id":"https:\/\/strangercam.com\/321chat\/#primaryimage"},"image":{"@id":"https:\/\/strangercam.com\/321chat\/#primaryimage"},"thumbnailUrl":"https:\/\/strangercam.com\/wp-content\/uploads\/2020\/11\/stranger-cam-1.png","datePublished":"2022-08-11T18:04:37+00:00","dateModified":"2023-08-21T09:40:07+00:00","description":"Lubisz 321chat? Przyjd\u017a na czat z ponad 5.000.000 nieznajomych na Stranger Cam za darmo! W\u0142\u0105cz kamer\u0119 i znajd\u017a nowych przyjaci\u00f3\u0142 i mo\u017ce mecz!","breadcrumb":{"@id":"https:\/\/strangercam.com\/321chat\/#breadcrumb"},"inLanguage":"pl-PL","potentialAction":[{"@type":"ReadAction","target":["https:\/\/strangercam.com\/321chat\/"]}]},{"@type":"ImageObject","inLanguage":"pl-PL","@id":"https:\/\/strangercam.com\/321chat\/#primaryimage","url":"https:\/\/strangercam.com\/wp-content\/uploads\/2020\/11\/stranger-cam-1.png","contentUrl":"https:\/\/strangercam.com\/wp-content\/uploads\/2020\/11\/stranger-cam-1.png","width":800,"height":800,"caption":"stranger cam random video chat"},{"@type":"BreadcrumbList","@id":"https:\/\/strangercam.com\/321chat\/#breadcrumb","itemListElement":[{"@type":"ListItem","position":1,"name":"Home","item":"https:\/\/strangercam.com\/"},{"@type":"ListItem","position":2,"name":"321chat"}]},{"@type":"WebSite","@id":"https:\/\/strangercam.com\/#website","url":"https:\/\/strangercam.com\/","name":"Strangercam","description":"Losowy czat wideo z nieznajomymi","publisher":{"@id":"https:\/\/strangercam.com\/#organization"},"alternateName":"Strangercam.com","potentialAction":[{"@type":"SearchAction","target":{"@type":"EntryPoint","urlTemplate":"https:\/\/strangercam.com\/?s={search_term_string}"},"query-input":{"@type":"PropertyValueSpecification","valueRequired":true,"valueName":"search_term_string"}}],"inLanguage":"pl-PL"},{"@type":"Organization","@id":"https:\/\/strangercam.com\/#organization","name":"Strangercam","alternateName":"Strangercam.com","url":"https:\/\/strangercam.com\/","logo":{"@type":"ImageObject","inLanguage":"pl-PL","@id":"https:\/\/strangercam.com\/#\/schema\/logo\/image\/","url":"https:\/\/strangercam.com\/wp-content\/uploads\/2020\/11\/cropped-new-favicon-black.png","contentUrl":"https:\/\/strangercam.com\/wp-content\/uploads\/2020\/11\/cropped-new-favicon-black.png","width":512,"height":512,"caption":"Strangercam"},"image":{"@id":"https:\/\/strangercam.com\/#\/schema\/logo\/image\/"},"sameAs":["https:\/\/www.facebook.com\/strangercam","https:\/\/x.com\/strangercamapp"]}]}},"_links":{"self":[{"href":"https:\/\/strangercam.com\/pl\/wp-json\/wp\/v2\/pages\/11273","targetHints":{"allow":["GET"]}}],"collection":[{"href":"https:\/\/strangercam.com\/pl\/wp-json\/wp\/v2\/pages"}],"about":[{"href":"https:\/\/strangercam.com\/pl\/wp-json\/wp\/v2\/types\/page"}],"author":[{"embeddable":true,"href":"https:\/\/strangercam.com\/pl\/wp-json\/wp\/v2\/users\/6"}],"replies":[{"embeddable":true,"href":"https:\/\/strangercam.com\/pl\/wp-json\/wp\/v2\/comments?post=11273"}],"version-history":[{"count":0,"href":"https:\/\/strangercam.com\/pl\/wp-json\/wp\/v2\/pages\/11273\/revisions"}],"wp:featuredmedia":[{"embeddable":true,"href":"https:\/\/strangercam.com\/pl\/wp-json\/wp\/v2\/media\/559"}],"wp:attachment":[{"href":"https:\/\/strangercam.com\/pl\/wp-json\/wp\/v2\/media?parent=11273"}],"curies":[{"name":"wp","href":"https:\/\/api.w.org\/{rel}","templated":true}]}}