{"id":11261,"date":"2022-08-11T20:01:47","date_gmt":"2022-08-11T18:01:47","guid":{"rendered":"https:\/\/strangercam.com\/?page_id=11261"},"modified":"2023-08-21T12:47:03","modified_gmt":"2023-08-21T10:47:03","slug":"yesichat","status":"publish","type":"page","link":"https:\/\/strangercam.com\/pl\/yesichat\/","title":{"rendered":"Yesichat"},"content":{"rendered":"<p>Je\u015bli szukasz miejsca do <a href=\"https:\/\/strangercam.com\/pl\/chatroulette\/\">czat<\/a> z nieznajomymi online, jeste\u015b we w\u0142a\u015bciwym miejscu! Yesichat to darmowa strona czatu, kt\u00f3ra pozwala rozmawia\u0107 z nieznajomymi bez konieczno\u015bci rejestracji. Po prostu wprowad\u017a nazw\u0119 u\u017cytkownika i zacznij czatowa\u0107!<\/p>\n<h2>Co to jest yesichat?<\/h2>\n<p>Yesichat to strona czatu, kt\u00f3ra pozwala rozmawia\u0107 z nieznajomymi. Jest to \u015bwietny spos\u00f3b na <a href=\"https:\/\/strangercam.com\/pl\/coomeet\/\">spotkanie<\/a> nowych ludzi i nawi\u0105zywa\u0107 nowe znajomo\u015bci. Mo\u017cesz tak\u017ce u\u017cy\u0107 yesichat, aby znale\u017a\u0107 randk\u0119 lub po prostu porozmawia\u0107 z kim\u015b, kim jeste\u015b zainteresowany.<\/p>\n<h2>Jak korzysta\u0107 z yesichat?<\/h2>\n<p>Yesichat to \u015bwietna platforma do rozm\u00f3w z nieznajomymi. Jest prosta i \u0142atwa w u\u017cyciu oraz stanowi \u015bwietny spos\u00f3b na nawi\u0105zywanie kontakt\u00f3w z lud\u017ami z ca\u0142ego \u015bwiata. Oto kilka wskaz\u00f3wek, jak korzysta\u0107 z yesichat:<\/p>\n<ol>\n<li>Zacznij od utworzenia profilu. Pomo\u017ce ci to znale\u017a\u0107 osoby do czatowania, kt\u00f3re podzielaj\u0105 twoje zainteresowania.<\/li>\n<li>Po utworzeniu profilu zapoznaj si\u0119 z r\u00f3\u017cnymi dost\u0119pnymi pokojami czatu. Mo\u017cesz wybra\u0107 czat w pokoju publicznym lub prywatnym.<\/li>\n<li>Gdy jeste\u015b w pokoju czatu, szanuj innych u\u017cytkownik\u00f3w. Nie spamuj pokoju wiadomo\u015bciami, nie b\u0105d\u017a niegrzeczny ani obra\u017aliwy.<\/li>\n<li>Yesichat to \u015bwietne miejsce do poznawania nowych ludzi i nawi\u0105zywania nowych znajomo\u015bci. Wi\u0119c ciesz si\u0119 czasem sp\u0119dzonym na stronie i nie wahaj si\u0119 skontaktowa\u0107 z kim\u015b, je\u015bli chcesz porozmawia\u0107!<\/li>\n<\/ol>\n<h2>Zalety korzystania z yesichat<\/h2>\n<p>Istnieje wiele powod\u00f3w, dla kt\u00f3rych warto korzysta\u0107 z yesichat, gdy chcesz rozmawia\u0107 z nieznajomymi online. Po pierwsze, jest to \u015bwietny spos\u00f3b na poznanie nowych ludzi z ca\u0142ego \u015bwiata. Mo\u017cesz tak\u017ce u\u017cy\u0107 yesichat, aby znale\u017a\u0107 nowych przyjaci\u00f3\u0142, a nawet potencjalne randki.<\/p>\n<p>Kolejn\u0105 wielk\u0105 zalet\u0105 yesichat jest to, \u017ce jest ca\u0142kowicie darmowy. Nie musisz martwi\u0107 si\u0119 o uiszczanie jakichkolwiek op\u0142at lub miesi\u0119cznych subskrypcji. Mo\u017cesz po prostu cieszy\u0107 si\u0119 czatowaniem z nieznajomymi bez \u017cadnych zobowi\u0105za\u0144.<\/p>\n<p>Wreszcie, yesichat to \u015bwietna platforma do budowania relacji. Niezale\u017cnie od tego, czy szukasz przyja\u017ani, czy mi\u0142o\u015bci, na pewno znajdziesz j\u0105 na yesichat. Dlaczego wi\u0119c nie spr\u00f3bowa\u0107 ju\u017c dzi\u015b?<\/p>\n<h2>Wady korzystania z yesichat<\/h2>\n<p>Je\u015bli szukasz aplikacji do czatowania z nieznajomymi, mo\u017cesz zastanowi\u0107 si\u0119 dwa razy nad skorzystaniem z yesichat. Chocia\u017c aplikacja ma pewne funkcje, kt\u00f3re mog\u0105 by\u0107 korzystne, istnieje r\u00f3wnie\u017c kilka wad, o kt\u00f3rych nale\u017cy pami\u0119ta\u0107.<\/p>\n<p>Jedn\u0105 z najwi\u0119kszych wad yesichat jest to, \u017ce nie jest ona zbyt bezpieczna. Aplikacja nie wymaga od u\u017cytkownik\u00f3w tworzenia konta ani logowania, co oznacza, \u017ce ka\u017cdy mo\u017ce do\u0142\u0105czy\u0107 do pokoju czatu i rozpocz\u0105\u0107 rozmow\u0119. Mo\u017ce to by\u0107 problematyczne, je\u015bli starasz si\u0119 ukry\u0107 swoj\u0105 to\u017csamo\u015b\u0107 lub je\u015bli obawiasz si\u0119, \u017ce inni mog\u0105 dowiedzie\u0107 si\u0119 o tobie osobistych informacji.<\/p>\n<p>Kolejn\u0105 wad\u0105 yesichat jest to, \u017ce nie jest on zbyt prywatny. Wszystkie rozmowy w aplikacji s\u0105 publiczne i mog\u0105 by\u0107 widoczne dla ka\u017cdego, kto do\u0142\u0105czy do pokoju rozm\u00f3w. Oznacza to, \u017ce potencjalnie mo\u017cesz prowadzi\u0107 poufne rozmowy z osobami, kt\u00f3rych dobrze nie znasz i kt\u00f3re mog\u0105 ci\u0119 wykorzystywa\u0107.<\/p>\n<p>Wreszcie, yesichat mo\u017ce by\u0107 do\u015b\u0107 wadliwy i zawodny. Wiadomo, \u017ce aplikacja zawiesza si\u0119 w \u015brodku rozmowy, co mo\u017ce by\u0107 frustruj\u0105ce, je\u015bli pr\u00f3bujesz rozmawia\u0107 z kim\u015b wa\u017cnym lub jeste\u015b w \u015brodku gor\u0105cej dyskusji.<\/p>\n<p>Og\u00f3lnie rzecz bior\u0105c, yesichat nie jest<\/p>\n<h2>Jak najlepiej wykorzysta\u0107 yesichat<\/h2>\n<p>Je\u015bli szukasz sposobu na nawi\u0105zanie kontaktu z nowymi i interesuj\u0105cymi lud\u017ami, yesichat jest \u015bwietn\u0105 opcj\u0105. Z ponad milionem u\u017cytkownik\u00f3w na ca\u0142ym \u015bwiecie, platforma oferuje bezpieczne i zabawne \u015brodowisko do czatowania z nieznajomymi z ca\u0142ego \u015bwiata.<\/p>\n<p>Oto kilka wskaz\u00f3wek, kt\u00f3re pomog\u0105 Ci w pe\u0142ni wykorzysta\u0107 do\u015bwiadczenie yesichat:<\/p>\n<ol>\n<li>Zachowuj si\u0119 z szacunkiem i uprzejmie. Jest to kluczowe w ka\u017cdym \u015brodowisku czatu, ale szczeg\u00f3lnie wa\u017cne, gdy rozmawiasz z nieznajomymi.<\/li>\n<li>Zadawaj pytania i b\u0105d\u017a ciekawy. Pytania rozpoczynaj\u0105ce rozmow\u0119, takie jak \"jaki jest tw\u00f3j ulubiony...\" lub \"opowiedz mi o...\" mog\u0105 pom\u00f3c prze\u0142ama\u0107 lody i utrzyma\u0107 zainteresowanie.<\/li>\n<li>Opowiedz troch\u0119 o sobie. Dobrze jest by\u0107 otwartym i szczerym na temat tego, kim jeste\u015b, ale nie podawaj zbyt wielu danych osobowych.<\/li>\n<li>B\u0105d\u017a cierpliwy i wyrozumia\u0142y. Ka\u017cdy ma inny poziom komfortu, je\u015bli chodzi o rozmow\u0119 z nieznajomymi. Szanuj ich granice i nie naciskaj zbyt mocno, aby uzyska\u0107 informacje lub intymno\u015b\u0107.<\/li>\n<li>Mi\u0142ej zabawy! Yesichat to \u015bwietne miejsce do poznawania nowych ludzi i zawierania nowych znajomo\u015bci. Wi\u0119c zrelaksuj si\u0119, baw si\u0119 dobrze i zobacz, dok\u0105d zaprowadzi Ci\u0119 rozmowa!<\/li>\n<\/ol>\n<h2>Dlaczego yesichat jest tak popularn\u0105 platform\u0105 do losowych rozm\u00f3w wideo?<\/h2>\n<p>Yesichat jest popularn\u0105 platform\u0105 do losowych rozm\u00f3w wideo z wielu powod\u00f3w. Po pierwsze, platforma jest ca\u0142kowicie darmowa. Po drugie, nie ma \u017cadnych wymaga\u0144 dotycz\u0105cych rejestracji lub rejestracji - wystarczy wprowadzi\u0107 wybran\u0105 nazw\u0119 u\u017cytkownika i rozpocz\u0105\u0107 czat. Po trzecie, interfejs jest niezwykle przyjazny dla u\u017cytkownika i \u0142atwy w nawigacji. Po czwarte, yesichat oferuje szerok\u0105 gam\u0119 funkcji, kt\u00f3re zwi\u0119kszaj\u0105 komfort u\u017cytkowania, takich jak mo\u017cliwo\u015b\u0107 tworzenia pokoj\u00f3w rozm\u00f3w, wysy\u0142ania prywatnych wiadomo\u015bci i udost\u0119pniania plik\u00f3w multimedialnych. Wreszcie, platforma ma du\u017c\u0105 i aktywn\u0105 spo\u0142eczno\u015b\u0107 u\u017cytkownik\u00f3w, co u\u0142atwia znalezienie os\u00f3b do czatowania.<\/p>\n<h2>Czy jest bezpieczny w u\u017cyciu?<\/h2>\n<p>Talk With Strangers to popularna aplikacja do czatowania online, kt\u00f3ra oferuje zar\u00f3wno czaty prywatne, jak i grupowe. Aplikacja jest dost\u0119pna na urz\u0105dzenia z systemem Android i iOS, a korzystanie z niej jest bezp\u0142atne. Istniej\u0105 jednak pewne \u015brodki ostro\u017cno\u015bci, kt\u00f3re nale\u017cy podj\u0105\u0107 przed u\u017cyciem aplikacji.<\/p>\n<p>Przede wszystkim Talk With Strangers jest platform\u0105 medi\u00f3w spo\u0142eczno\u015bciowych. Wa\u017cne jest wi\u0119c, aby pami\u0119ta\u0107, \u017ce to, co m\u00f3wisz na czacie, mo\u017ce by\u0107 widoczne dla ka\u017cdego, kto odwiedza stron\u0119 lub aplikacj\u0119, w kt\u00f3rej odby\u0142 si\u0119 czat. Ponadto Talk With Strangers nie jest szyfrowany, wi\u0119c rozmowy mog\u0105 by\u0107 monitorowane lub nawet przechwytywane. Wreszcie, Talk With Strangers nie ma polityki prywatno\u015bci, wi\u0119c firma nie mo\u017ce zagwarantowa\u0107, \u017ce rozmowy pozostan\u0105 poufne.<\/p>\n<p>Tak wi\u0119c, chocia\u017c Talk With Strangers jest zabawnym i wygodnym sposobem komunikowania si\u0119 z przyjaci\u00f3\u0142mi i rodzin\u0105, nale\u017cy zachowa\u0107 ostro\u017cno\u015b\u0107 podczas korzystania z aplikacji.<\/p>\n<h2>\u015arodki zapobiegawcze podczas korzystania z losowego czatu wideo<\/h2>\n<p>Podczas u\u017cywania <a href=\"https:\/\/strangercam.com\/pl\/chathub\/\">Losowy czat wideo<\/a>, wa\u017cne jest, aby podj\u0105\u0107 \u015brodki zapobiegawcze w celu unikni\u0119cia stania si\u0119 ofiar\u0105. Oto cztery wskaz\u00f3wki, kt\u00f3re zapewni\u0105 ci bezpiecze\u0144stwo:<\/p>\n<ol>\n<li>U\u017cywaj VPN podczas \u0142\u0105czenia si\u0119 z losowymi czatami wideo. VPN pomo\u017ce chroni\u0107 Twoj\u0105 prywatno\u015b\u0107 poprzez szyfrowanie ruchu i ukrywanie Twojej lokalizacji. Sieci VPN s\u0105 dost\u0119pne za darmo i mog\u0105 by\u0107 u\u017cywane zar\u00f3wno na komputerach stacjonarnych, jak i urz\u0105dzeniach mobilnych.<\/li>\n<li>Zachowaj zdrowy rozs\u0105dek, anga\u017cuj\u0105c si\u0119 w losowe dzia\u0142ania <a href=\"https:\/\/strangercam.com\/pl\/rabbit-video-chat\/\">czat wideo<\/a>. Je\u015bli co\u015b wydaje si\u0119 zbyt pi\u0119kne, by mog\u0142o by\u0107 prawdziwe, prawdopodobnie takie jest. Zawsze post\u0119puj ostro\u017cnie, gdy spotykasz si\u0119 z kim\u015b, kogo nie znasz. <a href=\"https:\/\/strangercam.com\/pl\/chamet\/\">spe\u0142niony<\/a> online za po\u015brednictwem losowej us\u0142ugi czatu wideo.<\/li>\n<li>Podczas korzystania z losowego czatu wideo nale\u017cy zawsze zwraca\u0107 uwag\u0119 na otoczenie. Nie udost\u0119pniaj danych osobowych, takich jak adres lub numer telefonu, osobom poznanym za po\u015brednictwem us\u0142ugi losowego czatu wideo. Zawsze zachowuj ostro\u017cno\u015b\u0107 podczas podawania danych osobowych online.<\/li>\n<li>Wszelkie podejrzane dzia\u0142ania nale\u017cy natychmiast zg\u0142asza\u0107 w\u0142adzom. Je\u015bli masz wra\u017cenie, \u017ce kto\u015b ci grozi lub n\u0119ka ci\u0119 w jakikolwiek spos\u00f3b podczas korzystania z losowego czatu wideo, jak najszybciej zg\u0142o\u015b to w\u0142adzom!<\/li>\n<\/ol>\n<h2>Wnioski<\/h2>\n<p>Je\u015bli chcesz pozna\u0107 nowych przyjaci\u00f3\u0142 i dobrze si\u0119 bawi\u0107, to yesichat jest stron\u0105 dla Ciebie! Na yesichat mo\u017cesz czatowa\u0107 z nieznajomymi z ca\u0142ego \u015bwiata w bezpiecznym i przyjaznym dla u\u017cytkownika \u015brodowisku. Z mn\u00f3stwem pokoj\u00f3w czatowych do wyboru, na pewno znajdzie si\u0119 taki, kt\u00f3ry pasuje do twoich zainteresowa\u0144. Na co wi\u0119c czekasz? Zarejestruj si\u0119 teraz i zacznij czatowa\u0107 z niesamowitymi lud\u017ami!<\/p>","protected":false},"excerpt":{"rendered":"<p>If you&#8217;re looking for a place to chat with strangers online, you&#8217;ve come to the right place! Yesichat is a free chat site that allows you to chat with strangers without having to register. Simply enter a username and start chatting! What is yesichat? Yesichat is a chat website that allows you to talk with [&hellip;]<\/p>\n","protected":false},"author":6,"featured_media":559,"parent":0,"menu_order":0,"comment_status":"closed","ping_status":"closed","template":"","meta":{"footnotes":""},"class_list":["post-11261","page","type-page","status-publish","has-post-thumbnail","hentry"],"yoast_head":"<!-- This site is optimized with the Yoast SEO plugin v27.4 - https:\/\/yoast.com\/product\/yoast-seo-wordpress\/ -->\n<title>Yesichat - Chat with strangers on StrangerCam.com<\/title>\n<meta name=\"description\" content=\"Like Yesichat? Come chat with more than 5.000.000 strangers on Stranger Cam for Free! Turn on your cam and find new friends &amp; maby a match!\" \/>\n<meta name=\"robots\" content=\"index, follow, max-snippet:-1, max-image-preview:large, max-video-preview:-1\" \/>\n<link rel=\"canonical\" href=\"https:\/\/strangercam.com\/pl\/yesichat\/\" \/>\n<meta property=\"og:locale\" content=\"pl_PL\" \/>\n<meta property=\"og:type\" content=\"article\" \/>\n<meta property=\"og:title\" content=\"Yesichat - Chat with strangers on StrangerCam.com\" \/>\n<meta property=\"og:description\" content=\"Like Yesichat? Come chat with more than 5.000.000 strangers on Stranger Cam for Free! Turn on your cam and find new friends &amp; maby a match!\" \/>\n<meta property=\"og:url\" content=\"https:\/\/strangercam.com\/pl\/yesichat\/\" \/>\n<meta property=\"og:site_name\" content=\"Strangercam\" \/>\n<meta property=\"article:publisher\" content=\"https:\/\/www.facebook.com\/strangercam\" \/>\n<meta property=\"article:modified_time\" content=\"2023-08-21T10:47:03+00:00\" \/>\n<meta property=\"og:image\" content=\"https:\/\/strangercam.com\/wp-content\/uploads\/2020\/11\/stranger-cam-1.png\" \/>\n\t<meta property=\"og:image:width\" content=\"800\" \/>\n\t<meta property=\"og:image:height\" content=\"800\" \/>\n\t<meta property=\"og:image:type\" content=\"image\/png\" \/>\n<meta name=\"twitter:card\" content=\"summary_large_image\" \/>\n<meta name=\"twitter:site\" content=\"@strangercamapp\" \/>\n<meta name=\"twitter:label1\" content=\"Szacowany czas czytania\" \/>\n\t<meta name=\"twitter:data1\" content=\"6 minut\" \/>\n<script type=\"application\/ld+json\" class=\"yoast-schema-graph\">{\"@context\":\"https:\\\/\\\/schema.org\",\"@graph\":[{\"@type\":\"WebPage\",\"@id\":\"https:\\\/\\\/strangercam.com\\\/yesichat\\\/\",\"url\":\"https:\\\/\\\/strangercam.com\\\/yesichat\\\/\",\"name\":\"Yesichat - Chat with strangers on StrangerCam.com\",\"isPartOf\":{\"@id\":\"https:\\\/\\\/strangercam.com\\\/#website\"},\"primaryImageOfPage\":{\"@id\":\"https:\\\/\\\/strangercam.com\\\/yesichat\\\/#primaryimage\"},\"image\":{\"@id\":\"https:\\\/\\\/strangercam.com\\\/yesichat\\\/#primaryimage\"},\"thumbnailUrl\":\"https:\\\/\\\/strangercam.com\\\/wp-content\\\/uploads\\\/2020\\\/11\\\/stranger-cam-1.png\",\"datePublished\":\"2022-08-11T18:01:47+00:00\",\"dateModified\":\"2023-08-21T10:47:03+00:00\",\"description\":\"Like Yesichat? Come chat with more than 5.000.000 strangers on Stranger Cam for Free! Turn on your cam and find new friends & maby a match!\",\"breadcrumb\":{\"@id\":\"https:\\\/\\\/strangercam.com\\\/yesichat\\\/#breadcrumb\"},\"inLanguage\":\"pl-PL\",\"potentialAction\":[{\"@type\":\"ReadAction\",\"target\":[\"https:\\\/\\\/strangercam.com\\\/yesichat\\\/\"]}]},{\"@type\":\"ImageObject\",\"inLanguage\":\"pl-PL\",\"@id\":\"https:\\\/\\\/strangercam.com\\\/yesichat\\\/#primaryimage\",\"url\":\"https:\\\/\\\/strangercam.com\\\/wp-content\\\/uploads\\\/2020\\\/11\\\/stranger-cam-1.png\",\"contentUrl\":\"https:\\\/\\\/strangercam.com\\\/wp-content\\\/uploads\\\/2020\\\/11\\\/stranger-cam-1.png\",\"width\":800,\"height\":800,\"caption\":\"stranger cam random video chat\"},{\"@type\":\"BreadcrumbList\",\"@id\":\"https:\\\/\\\/strangercam.com\\\/yesichat\\\/#breadcrumb\",\"itemListElement\":[{\"@type\":\"ListItem\",\"position\":1,\"name\":\"Home\",\"item\":\"https:\\\/\\\/strangercam.com\\\/\"},{\"@type\":\"ListItem\",\"position\":2,\"name\":\"Yesichat\"}]},{\"@type\":\"WebSite\",\"@id\":\"https:\\\/\\\/strangercam.com\\\/#website\",\"url\":\"https:\\\/\\\/strangercam.com\\\/\",\"name\":\"Strangercam\",\"description\":\"Random Video Chat with Strangers\",\"publisher\":{\"@id\":\"https:\\\/\\\/strangercam.com\\\/#organization\"},\"alternateName\":\"Strangercam.com\",\"potentialAction\":[{\"@type\":\"SearchAction\",\"target\":{\"@type\":\"EntryPoint\",\"urlTemplate\":\"https:\\\/\\\/strangercam.com\\\/?s={search_term_string}\"},\"query-input\":{\"@type\":\"PropertyValueSpecification\",\"valueRequired\":true,\"valueName\":\"search_term_string\"}}],\"inLanguage\":\"pl-PL\"},{\"@type\":\"Organization\",\"@id\":\"https:\\\/\\\/strangercam.com\\\/#organization\",\"name\":\"Strangercam\",\"alternateName\":\"Strangercam.com\",\"url\":\"https:\\\/\\\/strangercam.com\\\/\",\"logo\":{\"@type\":\"ImageObject\",\"inLanguage\":\"pl-PL\",\"@id\":\"https:\\\/\\\/strangercam.com\\\/#\\\/schema\\\/logo\\\/image\\\/\",\"url\":\"https:\\\/\\\/strangercam.com\\\/wp-content\\\/uploads\\\/2020\\\/11\\\/cropped-new-favicon-black.png\",\"contentUrl\":\"https:\\\/\\\/strangercam.com\\\/wp-content\\\/uploads\\\/2020\\\/11\\\/cropped-new-favicon-black.png\",\"width\":512,\"height\":512,\"caption\":\"Strangercam\"},\"image\":{\"@id\":\"https:\\\/\\\/strangercam.com\\\/#\\\/schema\\\/logo\\\/image\\\/\"},\"sameAs\":[\"https:\\\/\\\/www.facebook.com\\\/strangercam\",\"https:\\\/\\\/x.com\\\/strangercamapp\"]}]}<\/script>\n<!-- \/ Yoast SEO plugin. -->","yoast_head_json":{"title":"Yesichat - Czat z nieznajomymi na StrangerCam.com","description":"Jak Yesichat? Przyjd\u017a na czat z ponad 5.000.000 nieznajomych na Stranger Cam za darmo! W\u0142\u0105cz kamer\u0119 i znajd\u017a nowych przyjaci\u00f3\u0142 i mo\u017ce mecz!","robots":{"index":"index","follow":"follow","max-snippet":"max-snippet:-1","max-image-preview":"max-image-preview:large","max-video-preview":"max-video-preview:-1"},"canonical":"https:\/\/strangercam.com\/pl\/yesichat\/","og_locale":"pl_PL","og_type":"article","og_title":"Yesichat - Chat with strangers on StrangerCam.com","og_description":"Like Yesichat? Come chat with more than 5.000.000 strangers on Stranger Cam for Free! Turn on your cam and find new friends & maby a match!","og_url":"https:\/\/strangercam.com\/pl\/yesichat\/","og_site_name":"Strangercam","article_publisher":"https:\/\/www.facebook.com\/strangercam","article_modified_time":"2023-08-21T10:47:03+00:00","og_image":[{"width":800,"height":800,"url":"https:\/\/strangercam.com\/wp-content\/uploads\/2020\/11\/stranger-cam-1.png","type":"image\/png"}],"twitter_card":"summary_large_image","twitter_site":"@strangercamapp","twitter_misc":{"Szacowany czas czytania":"6 minut"},"schema":{"@context":"https:\/\/schema.org","@graph":[{"@type":"WebPage","@id":"https:\/\/strangercam.com\/yesichat\/","url":"https:\/\/strangercam.com\/yesichat\/","name":"Yesichat - Czat z nieznajomymi na StrangerCam.com","isPartOf":{"@id":"https:\/\/strangercam.com\/#website"},"primaryImageOfPage":{"@id":"https:\/\/strangercam.com\/yesichat\/#primaryimage"},"image":{"@id":"https:\/\/strangercam.com\/yesichat\/#primaryimage"},"thumbnailUrl":"https:\/\/strangercam.com\/wp-content\/uploads\/2020\/11\/stranger-cam-1.png","datePublished":"2022-08-11T18:01:47+00:00","dateModified":"2023-08-21T10:47:03+00:00","description":"Jak Yesichat? Przyjd\u017a na czat z ponad 5.000.000 nieznajomych na Stranger Cam za darmo! W\u0142\u0105cz kamer\u0119 i znajd\u017a nowych przyjaci\u00f3\u0142 i mo\u017ce mecz!","breadcrumb":{"@id":"https:\/\/strangercam.com\/yesichat\/#breadcrumb"},"inLanguage":"pl-PL","potentialAction":[{"@type":"ReadAction","target":["https:\/\/strangercam.com\/yesichat\/"]}]},{"@type":"ImageObject","inLanguage":"pl-PL","@id":"https:\/\/strangercam.com\/yesichat\/#primaryimage","url":"https:\/\/strangercam.com\/wp-content\/uploads\/2020\/11\/stranger-cam-1.png","contentUrl":"https:\/\/strangercam.com\/wp-content\/uploads\/2020\/11\/stranger-cam-1.png","width":800,"height":800,"caption":"stranger cam random video chat"},{"@type":"BreadcrumbList","@id":"https:\/\/strangercam.com\/yesichat\/#breadcrumb","itemListElement":[{"@type":"ListItem","position":1,"name":"Home","item":"https:\/\/strangercam.com\/"},{"@type":"ListItem","position":2,"name":"Yesichat"}]},{"@type":"WebSite","@id":"https:\/\/strangercam.com\/#website","url":"https:\/\/strangercam.com\/","name":"Strangercam","description":"Losowy czat wideo z nieznajomymi","publisher":{"@id":"https:\/\/strangercam.com\/#organization"},"alternateName":"Strangercam.com","potentialAction":[{"@type":"SearchAction","target":{"@type":"EntryPoint","urlTemplate":"https:\/\/strangercam.com\/?s={search_term_string}"},"query-input":{"@type":"PropertyValueSpecification","valueRequired":true,"valueName":"search_term_string"}}],"inLanguage":"pl-PL"},{"@type":"Organization","@id":"https:\/\/strangercam.com\/#organization","name":"Strangercam","alternateName":"Strangercam.com","url":"https:\/\/strangercam.com\/","logo":{"@type":"ImageObject","inLanguage":"pl-PL","@id":"https:\/\/strangercam.com\/#\/schema\/logo\/image\/","url":"https:\/\/strangercam.com\/wp-content\/uploads\/2020\/11\/cropped-new-favicon-black.png","contentUrl":"https:\/\/strangercam.com\/wp-content\/uploads\/2020\/11\/cropped-new-favicon-black.png","width":512,"height":512,"caption":"Strangercam"},"image":{"@id":"https:\/\/strangercam.com\/#\/schema\/logo\/image\/"},"sameAs":["https:\/\/www.facebook.com\/strangercam","https:\/\/x.com\/strangercamapp"]}]}},"_links":{"self":[{"href":"https:\/\/strangercam.com\/pl\/wp-json\/wp\/v2\/pages\/11261","targetHints":{"allow":["GET"]}}],"collection":[{"href":"https:\/\/strangercam.com\/pl\/wp-json\/wp\/v2\/pages"}],"about":[{"href":"https:\/\/strangercam.com\/pl\/wp-json\/wp\/v2\/types\/page"}],"author":[{"embeddable":true,"href":"https:\/\/strangercam.com\/pl\/wp-json\/wp\/v2\/users\/6"}],"replies":[{"embeddable":true,"href":"https:\/\/strangercam.com\/pl\/wp-json\/wp\/v2\/comments?post=11261"}],"version-history":[{"count":0,"href":"https:\/\/strangercam.com\/pl\/wp-json\/wp\/v2\/pages\/11261\/revisions"}],"wp:featuredmedia":[{"embeddable":true,"href":"https:\/\/strangercam.com\/pl\/wp-json\/wp\/v2\/media\/559"}],"wp:attachment":[{"href":"https:\/\/strangercam.com\/pl\/wp-json\/wp\/v2\/media?parent=11261"}],"curies":[{"name":"wp","href":"https:\/\/api.w.org\/{rel}","templated":true}]}}