{"id":11248,"date":"2022-08-11T19:57:16","date_gmt":"2022-08-11T17:57:16","guid":{"rendered":"https:\/\/strangercam.com\/?page_id=11248"},"modified":"2023-08-21T12:38:41","modified_gmt":"2023-08-21T10:38:41","slug":"spinchat","status":"publish","type":"page","link":"https:\/\/strangercam.com\/pl\/spinchat\/","title":{"rendered":"Spinchat"},"content":{"rendered":"<p>Je\u015bli czujesz si\u0119 samotny lub po prostu chcesz z kim\u015b porozmawia\u0107, SpinChat to \u015bwietne miejsce, by to zrobi\u0107. To <a href=\"https:\/\/strangercam.com\/pl\/chatroulette\/\">czat<\/a> Witryna pozwala rozmawia\u0107 z nieznajomymi na ca\u0142ym \u015bwiecie i nigdy nie wiadomo, z kim mo\u017cesz si\u0119 spotka\u0107. <a href=\"https:\/\/strangercam.com\/pl\/coomeet\/\">spotkanie<\/a>. Mo\u017cesz pozna\u0107 nowego przyjaciela, a nawet znale\u017a\u0107 bratni\u0105 dusz\u0119. Dlaczego wi\u0119c nie spr\u00f3bowa\u0107?<\/p>\n<h2>Czym jest spinchat?<\/h2>\n<p>SpinChat jest <a href=\"https:\/\/strangercam.com\/pl\/chathub\/\">Losowy czat wideo<\/a> kt\u00f3ra umo\u017cliwia czatowanie z nieznajomymi z ca\u0142ego \u015bwiata. To \u015bwietny spos\u00f3b na poznanie nowych ludzi i nawi\u0105zanie nowych znajomo\u015bci. Mo\u017cesz tak\u017ce u\u017cy\u0107 SpinChat, aby znale\u017a\u0107 mi\u0142o\u015b\u0107 lub po prostu dobrze si\u0119 bawi\u0107.<\/p>\n<h2>Jak u\u017cywa\u0107 spinchat?<\/h2>\n<p>Je\u015bli szukasz zabawnego i \u0142atwego sposobu na poznanie nowych ludzi, powiniene\u015b wypr\u00f3bowa\u0107 spinchat! Oto jak z niego korzysta\u0107:<\/p>\n<ul>\n<li style=\"font-weight: 400;\" aria-level=\"1\">Wejd\u017a na stron\u0119 spinchat i utw\u00f3rz konto.<\/li>\n<li style=\"font-weight: 400;\" aria-level=\"1\">Po zalogowaniu b\u0119dziesz m\u00f3g\u0142 zobaczy\u0107 list\u0119 wszystkich dost\u0119pnych pokoj\u00f3w rozm\u00f3w.<\/li>\n<li style=\"font-weight: 400;\" aria-level=\"1\">Wybierz pok\u00f3j, kt\u00f3ry Ci\u0119 interesuje i zacznij czatowa\u0107!<\/li>\n<li style=\"font-weight: 400;\" aria-level=\"1\">Aby by\u0142o ciekawiej, spr\u00f3buj u\u017cy\u0107 trybu anonimowego, aby ukry\u0107 swoj\u0105 to\u017csamo\u015b\u0107.<\/li>\n<li style=\"font-weight: 400;\" aria-level=\"1\">Baw si\u0119 dobrze i poznaj nowych przyjaci\u00f3\u0142!<\/li>\n<\/ul>\n<h2>Korzy\u015bci p\u0142yn\u0105ce z u\u017cywania spinchat<\/h2>\n<p>Korzystanie ze spinchat ma wiele zalet, w tym mo\u017cliwo\u015b\u0107 \u0142\u0105czenia si\u0119 z lud\u017ami z ca\u0142ego \u015bwiata. Dzi\u0119ki spinchat mo\u017cesz rozmawia\u0107 z nieznajomymi w bezpiecznym \u015brodowisku. Mo\u017ce to by\u0107 \u015bwietny spos\u00f3b na nawi\u0105zanie nowych znajomo\u015bci, a nawet znalezienie romantycznego partnera. Ponadto spinchat to \u015bwietny spos\u00f3b na poznanie innych kultur i uzyskanie wgl\u0105du w r\u00f3\u017cne cz\u0119\u015bci \u015bwiata.<\/p>\n<h2>Niebezpiecze\u0144stwa zwi\u0105zane z u\u017cywaniem spinchat<\/h2>\n<p>Istnieje wiele niebezpiecze\u0144stw zwi\u0105zanych z korzystaniem ze spinchat, serwisu spo\u0142eczno\u015bciowego, kt\u00f3ry pozwala u\u017cytkownikom komunikowa\u0107 si\u0119 z nieznajomymi. Niekt\u00f3re z tych zagro\u017ce\u0144 obejmuj\u0105:<\/p>\n<ul>\n<li style=\"font-weight: 400;\" aria-level=\"1\">Drapie\u017cniki: Istniej\u0105 drapie\u017cniki, kt\u00f3re wykorzystuj\u0105 spinchat do \u017cerowania na dzieciach i bezbronnych doros\u0142ych. Mog\u0105 udawa\u0107 kogo\u015b, kim nie s\u0105, aby zdoby\u0107 zaufanie u\u017cytkownika, a nast\u0119pnie wykorzystywa\u0107 go emocjonalnie lub seksualnie.<\/li>\n<li style=\"font-weight: 400;\" aria-level=\"1\">Cyberprzemoc: Mo\u017cesz by\u0107 cyberprzemoc\u0105 na spinchacie przez kogo\u015b, kto Ci\u0119 nie lubi lub si\u0119 z Tob\u0105 nie zgadza. Mo\u017ce to by\u0107 bardzo bolesne i sprawi\u0107, \u017ce poczujesz si\u0119 odizolowany.<\/li>\n<li style=\"font-weight: 400;\" aria-level=\"1\">Oszustwa i wy\u0142udzenia: Na Spinchat dzia\u0142aj\u0105 r\u00f3wnie\u017c oszu\u015bci, kt\u00f3rzy pr\u00f3buj\u0105 nak\u0142oni\u0107 u\u017cytkownika do przekazania im pieni\u0119dzy lub danych osobowych. Mog\u0105 podawa\u0107 si\u0119 za kogo\u015b innego, aby zdoby\u0107 zaufanie u\u017cytkownika, a nast\u0119pnie go okra\u015b\u0107.<\/li>\n<li style=\"font-weight: 400;\" aria-level=\"1\">Wirusy i z\u0142o\u015bliwe oprogramowanie: Podczas korzystania ze spinchat mo\u017cesz r\u00f3wnie\u017c nieumy\u015blnie pobra\u0107 na sw\u00f3j komputer wirusy lub z\u0142o\u015bliwe oprogramowanie. Mog\u0105 one uszkodzi\u0107 komputer i narazi\u0107 dane osobowe u\u017cytkownika na niebezpiecze\u0144stwo.<\/li>\n<li style=\"font-weight: 400;\" aria-level=\"1\">Uzale\u017cnienie: Niekt\u00f3rzy ludzie uzale\u017cniaj\u0105 si\u0119 od spinchata i sp\u0119dzaj\u0105 ca\u0142y sw\u00f3j czas na rozmowach z nieznajomymi, zamiast robi\u0107 bardziej produktywne rzeczy. Mo\u017ce to prowadzi\u0107 do problem\u00f3w w prawdziwym \u017cyciu, takich jak utrata pracy lub zaniedbywanie przyjaci\u00f3\u0142 i cz\u0142onk\u00f3w rodziny.<\/li>\n<\/ul>\n<h2>Plusy i minusy spinchat<\/h2>\n<p>Je\u015bli szukasz sposobu na \u0142\u0105czenie si\u0119 z lud\u017ami z ca\u0142ego \u015bwiata, by\u0107 mo\u017ce zastanawiasz si\u0119, czy SpinChat jest odpowiedni\u0105 platform\u0105 dla Ciebie. W tym wpisie na blogu przyjrzymy si\u0119 zaletom i wadom korzystania ze SpinChat, aby\u015b m\u00f3g\u0142 sam zdecydowa\u0107, czy jest on odpowiedni dla Ciebie.<\/p>\n<p>Z drugiej strony, SpinChat zapewnia \u015bwietny spos\u00f3b na \u0142\u0105czenie si\u0119 z lud\u017ami ze wszystkich zak\u0105tk\u00f3w \u015bwiata. Mo\u017cesz do\u0142\u0105czy\u0107 do pokoj\u00f3w rozm\u00f3w na r\u00f3\u017cne tematy lub za\u0142o\u017cy\u0107 w\u0142asny pok\u00f3j rozm\u00f3w i zaprosi\u0107 do niego innych. Mo\u017cesz tak\u017ce wysy\u0142a\u0107 prywatne wiadomo\u015bci do innych u\u017cytkownik\u00f3w platformy.<\/p>\n<p>Kolejn\u0105 zalet\u0105 SpinChat jest to, \u017ce jest to darmowa platforma. Nie musisz nic p\u0142aci\u0107, aby si\u0119 zarejestrowa\u0107 lub korzysta\u0107 z funkcji strony.<\/p>\n<p>Korzystanie ze SpinChat ma jednak r\u00f3wnie\u017c pewne wady. Jednym z minus\u00f3w jest to, \u017ce strona nie ma \u017cadnych funkcji, kt\u00f3re pomog\u0142yby ci zweryfikowa\u0107 osoby, z kt\u00f3rymi rozmawiasz. Oznacza to, \u017ce mo\u017cesz sko\u0144czy\u0107 rozmawiaj\u0105c z kim\u015b, kto nie jest tym, za kogo si\u0119 podaje, lub kto ma z\u0142o\u015bliwe zamiary.<\/p>\n<p>Kolejnym potencjalnym minusem jest to, \u017ce SpinChat nie ma \u017cadnego aktywnego wsparcia klienta.<\/p>\n<h2>Jak najlepiej wykorzysta\u0107 spinchat?<\/h2>\n<p>Je\u015bli chcesz rozmawia\u0107 z nieznajomymi i nawi\u0105zywa\u0107 nowe znajomo\u015bci, spinchat to \u015bwietne miejsce, by zacz\u0105\u0107. Oto kilka wskaz\u00f3wek, kt\u00f3re pomog\u0105 ci w pe\u0142ni wykorzysta\u0107 swoje do\u015bwiadczenie:<\/p>\n<ul>\n<li style=\"font-weight: 400;\" aria-level=\"1\">B\u0105d\u017a sob\u0105 - nie ma potrzeby, aby przybiera\u0107 jak\u0105\u015b posta\u0107 lub zachowywa\u0107 si\u0119 jak kto\u015b, kim nie jeste\u015b. Po prostu b\u0105d\u017a sob\u0105, a o wiele \u0142atwiej nawi\u0105\u017cesz kontakt z innymi.<\/li>\n<li style=\"font-weight: 400;\" aria-level=\"1\">Zadawaj pytania - ludzie uwielbiaj\u0105 opowiada\u0107 o sobie, wi\u0119c zadawaj du\u017co pyta\u0144, aby rozmowa by\u0142a p\u0142ynna.<\/li>\n<li style=\"font-weight: 400;\" aria-level=\"1\">B\u0105d\u017a pe\u0142en szacunku - pami\u0119taj, \u017ce ka\u017cdy, z kim rozmawiasz, jest prawdziw\u0105 osob\u0105, tak jak ty, wi\u0119c traktuj ich z szacunkiem i uprzejmo\u015bci\u0105.<\/li>\n<li style=\"font-weight: 400;\" aria-level=\"1\">\u00a0Baw si\u0119 dobrze! - Czatowanie z nowymi lud\u017ami mo\u017ce by\u0107 przyjemne, wi\u0119c zrelaksuj si\u0119 i baw si\u0119 dobrze!<\/li>\n<\/ul>\n<h2>O czym rozmawia\u0107 z nieznajomymi na czacie wideo?<\/h2>\n<p>W dzisiejszym \u015bwiecie \u0142atwo jest czu\u0107 si\u0119 od\u0142\u0105czonym i samotnym. Przy ca\u0142ej technologii, kt\u00f3r\u0105 mamy na wyci\u0105gni\u0119cie r\u0119ki, \u0142atwo jest przej\u015b\u0107 przez \u017cycie, nigdy tak naprawd\u0119 nie \u0142\u0105cz\u0105c si\u0119 z nikim na g\u0142\u0119bszym poziomie. W\u0142a\u015bnie dlatego czaty wideo mog\u0105 by\u0107 \u015bwietnym sposobem na nawi\u0105zanie kontaktu z innymi.<\/p>\n<p>Kiedy rozmawiasz z nieznajomymi na <a href=\"https:\/\/strangercam.com\/pl\/rabbit-video-chat\/\">czat wideo<\/a>, istniej\u0105 niesko\u0144czone mo\u017cliwo\u015bci prowadzenia interesuj\u0105cych rozm\u00f3w. Niezale\u017cnie od tego, czy chcesz porozmawia\u0107 o bie\u017c\u0105cych wydarzeniach, popkulturze, czy po prostu o swoim codziennym \u017cyciu, na pewno b\u0119dzie o czym rozmawia\u0107. I kto wie? By\u0107 mo\u017ce przy okazji poznasz nowego przyjaciela.<\/p>\n<h2>Dlaczego spinchat jest tak popularn\u0105 platform\u0105 do losowych rozm\u00f3w wideo?<\/h2>\n<p>Istnieje wiele powod\u00f3w, dla kt\u00f3rych spinchat jest tak popularn\u0105 platform\u0105 do losowych rozm\u00f3w wideo. Jednym z powod\u00f3w jest to, \u017ce jest darmowy. Innym powodem jest to, \u017ce jest \u0142atwy w u\u017cyciu i nie wymaga \u017cadnej rejestracji. Wreszcie, zapewnia u\u017cytkownikom \u015bwietny spos\u00f3b na poznawanie nowych ludzi i nawi\u0105zywanie nowych przyja\u017ani.<\/p>\n<h2>Jak zachowa\u0107 bezpiecze\u0144stwo na spinchat<\/h2>\n<p>Spinchat to \u015bwietna platforma do poznawania nowych ludzi i nawi\u0105zywania znajomo\u015bci. Wa\u017cne jest jednak, aby zachowa\u0107 bezpiecze\u0144stwo podczas rozmowy z nieznajomymi online. Oto kilka wskaz\u00f3wek, kt\u00f3re pomog\u0105 Ci zachowa\u0107 bezpiecze\u0144stwo na spinchat:<\/p>\n<ul>\n<li style=\"font-weight: 400;\" aria-level=\"1\">Nie podawaj swoich danych osobowych. Obejmuje to imi\u0119 i nazwisko, adres, numer telefonu itp.<\/li>\n<li style=\"font-weight: 400;\" aria-level=\"1\">Je\u015bli kto\u015b sprawia, \u017ce czujesz si\u0119 niekomfortowo, zablokuj go i zg\u0142o\u015b moderatorom.<\/li>\n<li style=\"font-weight: 400;\" aria-level=\"1\">Nie spotykaj si\u0119 z kim\u015b, z kim <a href=\"https:\/\/strangercam.com\/pl\/chamet\/\">spe\u0142niony<\/a> online osobi\u015bcie.<\/li>\n<li style=\"font-weight: 400;\" aria-level=\"1\">Korzystaj z funkcji wiadomo\u015bci prywatnych, aby rozmawia\u0107 z osobami, kt\u00f3re znasz i kt\u00f3rym ufasz.<\/li>\n<\/ul>\n<p>Przestrzegaj\u0105c tych prostych wskaz\u00f3wek dotycz\u0105cych bezpiecze\u0144stwa, mo\u017cesz \u015bwietnie si\u0119 bawi\u0107 na spinchacie, zachowuj\u0105c przy tym bezpiecze\u0144stwo.<\/p>\n<h2>Wnioski<\/h2>\n<p>Jedn\u0105 z najlepszych rzeczy w mediach spo\u0142eczno\u015bciowych jest mo\u017cliwo\u015b\u0107 \u0142\u0105czenia si\u0119 z podobnie my\u015bl\u0105cymi lud\u017ami z ca\u0142ego \u015bwiata. Niezale\u017cnie od tego, czy szukasz przyja\u017ani, profesjonalnej porady, czy po prostu kogo\u015b do rozmowy, istnieje wiele spo\u0142eczno\u015bci, kt\u00f3re zaspokoj\u0105 Twoje potrzeby. \u015awietnym przyk\u0142adem jest spinchat - platforma, kt\u00f3ra pozwala u\u017cytkownikom rozmawia\u0107 z nieznajomymi za po\u015brednictwem czatu wideo. Je\u015bli kiedykolwiek czujesz si\u0119 zagubiony i nie wiesz, gdzie si\u0119 zwr\u00f3ci\u0107, wypr\u00f3buj spinchat!<\/p>","protected":false},"excerpt":{"rendered":"<p>If you&#8217;re feeling lonely or just want to talk to someone, SpinChat is a great place to do it. This chat site lets you talk to strangers all over the world, and you never know who you might meet. You might make a new friend, or even find your soulmate. So why not give it [&hellip;]<\/p>\n","protected":false},"author":6,"featured_media":559,"parent":0,"menu_order":0,"comment_status":"closed","ping_status":"closed","template":"","meta":{"footnotes":""},"class_list":["post-11248","page","type-page","status-publish","has-post-thumbnail","hentry"],"yoast_head":"<!-- This site is optimized with the Yoast SEO plugin v26.9 - https:\/\/yoast.com\/product\/yoast-seo-wordpress\/ -->\n<title>Spinchat - Chat with strangers on StrangerCam.com<\/title>\n<meta name=\"description\" content=\"Like Spinchat? Come chat with more than 5.000.000 strangers on Stranger Cam for Free! Turn on your cam and find new friends &amp; maby a match!\" \/>\n<meta name=\"robots\" content=\"index, follow, max-snippet:-1, max-image-preview:large, max-video-preview:-1\" \/>\n<link rel=\"canonical\" href=\"https:\/\/strangercam.com\/pl\/spinchat\/\" \/>\n<meta property=\"og:locale\" content=\"pl_PL\" \/>\n<meta property=\"og:type\" content=\"article\" \/>\n<meta property=\"og:title\" content=\"Spinchat - Chat with strangers on StrangerCam.com\" \/>\n<meta property=\"og:description\" content=\"Like Spinchat? Come chat with more than 5.000.000 strangers on Stranger Cam for Free! Turn on your cam and find new friends &amp; maby a match!\" \/>\n<meta property=\"og:url\" content=\"https:\/\/strangercam.com\/pl\/spinchat\/\" \/>\n<meta property=\"og:site_name\" content=\"Strangercam\" \/>\n<meta property=\"article:publisher\" content=\"https:\/\/www.facebook.com\/strangercam\" \/>\n<meta property=\"article:modified_time\" content=\"2023-08-21T10:38:41+00:00\" \/>\n<meta property=\"og:image\" content=\"https:\/\/strangercam.com\/wp-content\/uploads\/2020\/11\/stranger-cam-1.png\" \/>\n\t<meta property=\"og:image:width\" content=\"800\" \/>\n\t<meta property=\"og:image:height\" content=\"800\" \/>\n\t<meta property=\"og:image:type\" content=\"image\/png\" \/>\n<meta name=\"twitter:card\" content=\"summary_large_image\" \/>\n<meta name=\"twitter:site\" content=\"@strangercamapp\" \/>\n<meta name=\"twitter:label1\" content=\"Szacowany czas czytania\" \/>\n\t<meta name=\"twitter:data1\" content=\"6 minut\" \/>\n<script type=\"application\/ld+json\" class=\"yoast-schema-graph\">{\"@context\":\"https:\/\/schema.org\",\"@graph\":[{\"@type\":\"WebPage\",\"@id\":\"https:\/\/strangercam.com\/spinchat\/\",\"url\":\"https:\/\/strangercam.com\/spinchat\/\",\"name\":\"Spinchat - Chat with strangers on StrangerCam.com\",\"isPartOf\":{\"@id\":\"https:\/\/strangercam.com\/#website\"},\"primaryImageOfPage\":{\"@id\":\"https:\/\/strangercam.com\/spinchat\/#primaryimage\"},\"image\":{\"@id\":\"https:\/\/strangercam.com\/spinchat\/#primaryimage\"},\"thumbnailUrl\":\"https:\/\/strangercam.com\/wp-content\/uploads\/2020\/11\/stranger-cam-1.png\",\"datePublished\":\"2022-08-11T17:57:16+00:00\",\"dateModified\":\"2023-08-21T10:38:41+00:00\",\"description\":\"Like Spinchat? Come chat with more than 5.000.000 strangers on Stranger Cam for Free! Turn on your cam and find new friends & maby a match!\",\"breadcrumb\":{\"@id\":\"https:\/\/strangercam.com\/spinchat\/#breadcrumb\"},\"inLanguage\":\"pl-PL\",\"potentialAction\":[{\"@type\":\"ReadAction\",\"target\":[\"https:\/\/strangercam.com\/spinchat\/\"]}]},{\"@type\":\"ImageObject\",\"inLanguage\":\"pl-PL\",\"@id\":\"https:\/\/strangercam.com\/spinchat\/#primaryimage\",\"url\":\"https:\/\/strangercam.com\/wp-content\/uploads\/2020\/11\/stranger-cam-1.png\",\"contentUrl\":\"https:\/\/strangercam.com\/wp-content\/uploads\/2020\/11\/stranger-cam-1.png\",\"width\":800,\"height\":800,\"caption\":\"stranger cam random video chat\"},{\"@type\":\"BreadcrumbList\",\"@id\":\"https:\/\/strangercam.com\/spinchat\/#breadcrumb\",\"itemListElement\":[{\"@type\":\"ListItem\",\"position\":1,\"name\":\"Home\",\"item\":\"https:\/\/strangercam.com\/\"},{\"@type\":\"ListItem\",\"position\":2,\"name\":\"Spinchat\"}]},{\"@type\":\"WebSite\",\"@id\":\"https:\/\/strangercam.com\/#website\",\"url\":\"https:\/\/strangercam.com\/\",\"name\":\"Strangercam\",\"description\":\"Random Video Chat with Strangers\",\"publisher\":{\"@id\":\"https:\/\/strangercam.com\/#organization\"},\"alternateName\":\"Strangercam.com\",\"potentialAction\":[{\"@type\":\"SearchAction\",\"target\":{\"@type\":\"EntryPoint\",\"urlTemplate\":\"https:\/\/strangercam.com\/?s={search_term_string}\"},\"query-input\":{\"@type\":\"PropertyValueSpecification\",\"valueRequired\":true,\"valueName\":\"search_term_string\"}}],\"inLanguage\":\"pl-PL\"},{\"@type\":\"Organization\",\"@id\":\"https:\/\/strangercam.com\/#organization\",\"name\":\"Strangercam\",\"alternateName\":\"Strangercam.com\",\"url\":\"https:\/\/strangercam.com\/\",\"logo\":{\"@type\":\"ImageObject\",\"inLanguage\":\"pl-PL\",\"@id\":\"https:\/\/strangercam.com\/#\/schema\/logo\/image\/\",\"url\":\"https:\/\/strangercam.com\/wp-content\/uploads\/2020\/11\/cropped-new-favicon-black.png\",\"contentUrl\":\"https:\/\/strangercam.com\/wp-content\/uploads\/2020\/11\/cropped-new-favicon-black.png\",\"width\":512,\"height\":512,\"caption\":\"Strangercam\"},\"image\":{\"@id\":\"https:\/\/strangercam.com\/#\/schema\/logo\/image\/\"},\"sameAs\":[\"https:\/\/www.facebook.com\/strangercam\",\"https:\/\/x.com\/strangercamapp\"]}]}<\/script>\n<!-- \/ Yoast SEO plugin. -->","yoast_head_json":{"title":"Spinchat - Czat z nieznajomymi na StrangerCam.com","description":"Jak Spinchat? Przyjd\u017a na czat z ponad 5.000.000 nieznajomych na Stranger Cam za darmo! W\u0142\u0105cz kamer\u0119 i znajd\u017a nowych przyjaci\u00f3\u0142 i mo\u017ce mecz!","robots":{"index":"index","follow":"follow","max-snippet":"max-snippet:-1","max-image-preview":"max-image-preview:large","max-video-preview":"max-video-preview:-1"},"canonical":"https:\/\/strangercam.com\/pl\/spinchat\/","og_locale":"pl_PL","og_type":"article","og_title":"Spinchat - Chat with strangers on StrangerCam.com","og_description":"Like Spinchat? Come chat with more than 5.000.000 strangers on Stranger Cam for Free! Turn on your cam and find new friends & maby a match!","og_url":"https:\/\/strangercam.com\/pl\/spinchat\/","og_site_name":"Strangercam","article_publisher":"https:\/\/www.facebook.com\/strangercam","article_modified_time":"2023-08-21T10:38:41+00:00","og_image":[{"width":800,"height":800,"url":"https:\/\/strangercam.com\/wp-content\/uploads\/2020\/11\/stranger-cam-1.png","type":"image\/png"}],"twitter_card":"summary_large_image","twitter_site":"@strangercamapp","twitter_misc":{"Szacowany czas czytania":"6 minut"},"schema":{"@context":"https:\/\/schema.org","@graph":[{"@type":"WebPage","@id":"https:\/\/strangercam.com\/spinchat\/","url":"https:\/\/strangercam.com\/spinchat\/","name":"Spinchat - Czat z nieznajomymi na StrangerCam.com","isPartOf":{"@id":"https:\/\/strangercam.com\/#website"},"primaryImageOfPage":{"@id":"https:\/\/strangercam.com\/spinchat\/#primaryimage"},"image":{"@id":"https:\/\/strangercam.com\/spinchat\/#primaryimage"},"thumbnailUrl":"https:\/\/strangercam.com\/wp-content\/uploads\/2020\/11\/stranger-cam-1.png","datePublished":"2022-08-11T17:57:16+00:00","dateModified":"2023-08-21T10:38:41+00:00","description":"Jak Spinchat? Przyjd\u017a na czat z ponad 5.000.000 nieznajomych na Stranger Cam za darmo! W\u0142\u0105cz kamer\u0119 i znajd\u017a nowych przyjaci\u00f3\u0142 i mo\u017ce mecz!","breadcrumb":{"@id":"https:\/\/strangercam.com\/spinchat\/#breadcrumb"},"inLanguage":"pl-PL","potentialAction":[{"@type":"ReadAction","target":["https:\/\/strangercam.com\/spinchat\/"]}]},{"@type":"ImageObject","inLanguage":"pl-PL","@id":"https:\/\/strangercam.com\/spinchat\/#primaryimage","url":"https:\/\/strangercam.com\/wp-content\/uploads\/2020\/11\/stranger-cam-1.png","contentUrl":"https:\/\/strangercam.com\/wp-content\/uploads\/2020\/11\/stranger-cam-1.png","width":800,"height":800,"caption":"stranger cam random video chat"},{"@type":"BreadcrumbList","@id":"https:\/\/strangercam.com\/spinchat\/#breadcrumb","itemListElement":[{"@type":"ListItem","position":1,"name":"Home","item":"https:\/\/strangercam.com\/"},{"@type":"ListItem","position":2,"name":"Spinchat"}]},{"@type":"WebSite","@id":"https:\/\/strangercam.com\/#website","url":"https:\/\/strangercam.com\/","name":"Strangercam","description":"Losowy czat wideo z nieznajomymi","publisher":{"@id":"https:\/\/strangercam.com\/#organization"},"alternateName":"Strangercam.com","potentialAction":[{"@type":"SearchAction","target":{"@type":"EntryPoint","urlTemplate":"https:\/\/strangercam.com\/?s={search_term_string}"},"query-input":{"@type":"PropertyValueSpecification","valueRequired":true,"valueName":"search_term_string"}}],"inLanguage":"pl-PL"},{"@type":"Organization","@id":"https:\/\/strangercam.com\/#organization","name":"Strangercam","alternateName":"Strangercam.com","url":"https:\/\/strangercam.com\/","logo":{"@type":"ImageObject","inLanguage":"pl-PL","@id":"https:\/\/strangercam.com\/#\/schema\/logo\/image\/","url":"https:\/\/strangercam.com\/wp-content\/uploads\/2020\/11\/cropped-new-favicon-black.png","contentUrl":"https:\/\/strangercam.com\/wp-content\/uploads\/2020\/11\/cropped-new-favicon-black.png","width":512,"height":512,"caption":"Strangercam"},"image":{"@id":"https:\/\/strangercam.com\/#\/schema\/logo\/image\/"},"sameAs":["https:\/\/www.facebook.com\/strangercam","https:\/\/x.com\/strangercamapp"]}]}},"_links":{"self":[{"href":"https:\/\/strangercam.com\/pl\/wp-json\/wp\/v2\/pages\/11248","targetHints":{"allow":["GET"]}}],"collection":[{"href":"https:\/\/strangercam.com\/pl\/wp-json\/wp\/v2\/pages"}],"about":[{"href":"https:\/\/strangercam.com\/pl\/wp-json\/wp\/v2\/types\/page"}],"author":[{"embeddable":true,"href":"https:\/\/strangercam.com\/pl\/wp-json\/wp\/v2\/users\/6"}],"replies":[{"embeddable":true,"href":"https:\/\/strangercam.com\/pl\/wp-json\/wp\/v2\/comments?post=11248"}],"version-history":[{"count":0,"href":"https:\/\/strangercam.com\/pl\/wp-json\/wp\/v2\/pages\/11248\/revisions"}],"wp:featuredmedia":[{"embeddable":true,"href":"https:\/\/strangercam.com\/pl\/wp-json\/wp\/v2\/media\/559"}],"wp:attachment":[{"href":"https:\/\/strangercam.com\/pl\/wp-json\/wp\/v2\/media?parent=11248"}],"curies":[{"name":"wp","href":"https:\/\/api.w.org\/{rel}","templated":true}]}}