{"id":11235,"date":"2022-08-11T19:54:01","date_gmt":"2022-08-11T17:54:01","guid":{"rendered":"https:\/\/strangercam.com\/?page_id=11235"},"modified":"2023-10-23T09:41:42","modified_gmt":"2023-10-23T07:41:42","slug":"dateway","status":"publish","type":"page","link":"https:\/\/strangercam.com\/pl\/dateway\/","title":{"rendered":"Dateway"},"content":{"rendered":"<p>W dzisiejszym \u015bwiecie mo\u017ce by\u0107 trudno <a href=\"https:\/\/strangercam.com\/pl\/coomeet\/\">spotkanie<\/a> poznawa\u0107 nowych ludzi i nawi\u0105zywa\u0107 kontakty. Poniewa\u017c harmonogramy wszystkich s\u0105 tak napi\u0119te, trudno jest znale\u017a\u0107 czas na spotkania towarzyskie. Na szcz\u0119\u015bcie istniej\u0105 teraz platformy internetowe, kt\u00f3re mog\u0105 w tym pom\u00f3c, takie jak Dateway.<\/p>\n<p>Dateway to aplikacja, kt\u00f3ra pozwala na <a href=\"https:\/\/strangercam.com\/pl\/chatroulette\/\">czat<\/a> z nieznajomymi z ca\u0142ego \u015bwiata. To \u015bwietny spos\u00f3b na poznanie nowych ludzi i r\u00f3\u017cnych kultur. Nigdy nie wiadomo, kogo mo\u017cna spotka\u0107 na Dateway - wi\u0119c na co czekasz? Spr\u00f3buj ju\u017c dzi\u015b!<\/p>\n<h2>Czym jest dateway?<\/h2>\n<p>Dateway to platforma medi\u00f3w spo\u0142eczno\u015bciowych, kt\u00f3ra pozwala u\u017cytkownikom \u0142\u0105czy\u0107 si\u0119 z lud\u017ami z ca\u0142ego \u015bwiata. Platforma zapewnia bezpieczne \u015brodowisko, w kt\u00f3rym u\u017cytkownicy mog\u0105 si\u0119 ze sob\u0105 komunikowa\u0107. Dateway oferuje r\u00f3wnie\u017c wiele funkcji, takich jak czat wideo i wiadomo\u015bci, kt\u00f3re u\u0142atwiaj\u0105 u\u017cytkownikom \u0142\u0105czenie si\u0119 ze sob\u0105.<\/p>\n<h2>Jakie s\u0105 korzy\u015bci z rozmawiania z nieznajomymi na portalu randkowym?<\/h2>\n<p>Rozmowa z nieznajomymi na portalu randkowym ma wiele zalet. Mo\u017ce to pom\u00f3c w poznawaniu nowych ludzi, nawi\u0105zywaniu nowych znajomo\u015bci i poznawaniu r\u00f3\u017cnych kultur i styl\u00f3w \u017cycia. Mo\u017ce r\u00f3wnie\u017c pom\u00f3c poprawi\u0107 umiej\u0119tno\u015bci komunikacyjne i zbudowa\u0107 pewno\u015b\u0107 siebie. Rozmowa z nieznajomymi mo\u017ce by\u0107 \u015bwietnym sposobem, aby dowiedzie\u0107 si\u0119 wi\u0119cej o sobie i otaczaj\u0105cym \u015bwiecie.<\/p>\n<h2>Jak rozpocz\u0105\u0107 rozmow\u0119 na dateway?<\/h2>\n<p>Je\u015bli szukasz sposob\u00f3w na rozpocz\u0119cie rozmowy na portalu randkowym, trafi\u0142e\u015b we w\u0142a\u015bciwe miejsce. Damy Ci kilka wskaz\u00f3wek, jak prze\u0142ama\u0107 lody i rozpocz\u0105\u0107 rozmow\u0119.<\/p>\n<p>Najpierw sp\u00f3jrz na profil danej osoby i sprawd\u017a, czy jest tam co\u015b, co Ci\u0119 interesuje. Je\u015bli zauwa\u017cysz co\u015b, co was \u0142\u0105czy, wspomnij o tym w wiadomo\u015bci otwieraj\u0105cej. Na przyk\u0142ad: \"Widzia\u0142em, \u017ce jeste\u015b fanem The Beatles. Ja te\u017c jestem ich wielkim fanem!\". To \u015bwietny spos\u00f3b na rozpocz\u0119cie rozmowy, poniewa\u017c pokazuje, \u017ce macie ze sob\u0105 co\u015b wsp\u00f3lnego.<\/p>\n<p>Innym \u015bwietnym sposobem na rozpocz\u0119cie rozmowy jest zadanie pytania. Mo\u017ce ono dotyczy\u0107 wszystkiego, co ci\u0119 ciekawi. Na przyk\u0142ad: \"Zastanawia\u0142em si\u0119, czy m\u00f3g\u0142by\u015b poleci\u0107 jakie\u015b dobre ksi\u0105\u017cki na temat randek?\". Pokazuje to, \u017ce jeste\u015b zainteresowany poznaniem drugiej osoby i chcesz zaanga\u017cowa\u0107 si\u0119 w dyskusj\u0119.<\/p>\n<p>Wreszcie, nie b\u00f3j si\u0119 by\u0107 sob\u0105! Najgorsze, co mo\u017ce si\u0119 zdarzy\u0107, to brak reakcji drugiej osoby. Ale nawet je\u015bli tak si\u0119 stanie, to nie koniec \u015bwiata. Znajdziesz kogo\u015b innego, kto b\u0119dzie zainteresowany rozmow\u0105 z Tob\u0105. Wi\u0119c wyjd\u017a tam i zacznij<\/p>\n<h2>O czym warto rozmawia\u0107 na portalu randkowym?<\/h2>\n<p>Je\u015bli chodzi o randki online, istnieje wiele rzeczy, o kt\u00f3rych mo\u017cna rozmawia\u0107 na Dateway. Wa\u017cne jest, aby rozmowa przebiega\u0142a p\u0142ynnie i aby unikn\u0105\u0107 niezr\u0119cznej ciszy. Oto kilka rzeczy, o kt\u00f3rych mo\u017cna rozmawia\u0107 na Dateway:<\/p>\n<p>Twoje hobby i zainteresowania: Jest to \u015bwietny spos\u00f3b, aby dowiedzie\u0107 si\u0119, czy masz jakie\u015b wsp\u00f3lne zainteresowania z drug\u0105 osob\u0105. Rozmowa o hobby i zainteresowaniach mo\u017ce r\u00f3wnie\u017c pom\u00f3c prze\u0142ama\u0107 lody i rozpocz\u0105\u0107 rozmow\u0119.<\/p>\n<p>Twoja praca lub studia: To kolejny \u015bwietny temat do rozmowy na Dateway. Mo\u017ce pom\u00f3c dowiedzie\u0107 si\u0119, czy masz jakie\u015b wsp\u00f3lne p\u0142aszczyzny z drug\u0105 osob\u0105. M\u00f3wienie o swojej pracy lub studiach mo\u017ce r\u00f3wnie\u017c pom\u00f3c w utrzymaniu p\u0142ynno\u015bci rozmowy.<\/p>\n<p>Rodzina i przyjaciele: To \u015bwietny spos\u00f3b na lepsze poznanie drugiej osoby. Rozmowa o rodzinie i przyjacio\u0142ach mo\u017ce pom\u00f3c w budowaniu wi\u0119zi z drug\u0105 osob\u0105.<\/p>\n<p>Twoje marzenia i aspiracje: To \u015bwietny spos\u00f3b na zmotywowanie i zainspirowanie drugiej osoby. M\u00f3wienie o swoich marzeniach i aspiracjach mo\u017ce r\u00f3wnie\u017c pom\u00f3c w utrzymaniu p\u0142ynno\u015bci rozmowy.<\/p>\n<h2>Jak zako\u0144czy\u0107 rozmow\u0119 na portalu randkowym?<\/h2>\n<p>Je\u015bli jeste\u015b na dateway i chcesz zako\u0144czy\u0107 rozmow\u0119, mo\u017cesz zrobi\u0107 kilka rzeczy. Po pierwsze, mo\u017cesz spr\u00f3bowa\u0107 odrzuci\u0107 wszelkie dalsze zaproszenia do rozmowy. Je\u015bli druga osoba b\u0119dzie si\u0119 upiera\u0107, mo\u017cesz by\u0107 bezpo\u015bredni i powiedzie\u0107, \u017ce nie jeste\u015b zainteresowany rozmow\u0105. Mo\u017cesz tak\u017ce zablokowa\u0107 t\u0119 osob\u0119, je\u015bli b\u0119dzie zbyt natarczywa.<\/p>\n<h2>Jakie s\u0105 zalecenia i zakazy dotycz\u0105ce rozmawiania z nieznajomymi na portalu randkowym?<\/h2>\n<p>Kiedy rozmawiasz z nieznajomymi na portalu randkowym, wa\u017cne jest, aby pami\u0119ta\u0107 o kilku podstawowych zasadach. Po pierwsze, upewnij si\u0119, \u017ce jeste\u015b bezpieczny, nie udost\u0119pniaj\u0105c \u017cadnych danych osobowych osobie, z kt\u00f3r\u0105 rozmawiasz. Po drugie, szanuj drug\u0105 osob\u0119 i jej osobiste granice. Wreszcie, je\u015bli rozmowa przebiega dobrze, nale\u017cy j\u0105 prowadzi\u0107 w do\u015b\u0107 wolnym tempie, aby nie zaatakowa\u0107 zbyt mocno.<\/p>\n<h2>Dlaczego dateway jest tak popularn\u0105 platform\u0105 do losowych rozm\u00f3w wideo?<\/h2>\n<p>Istnieje wiele powod\u00f3w, dla kt\u00f3rych <a href=\"https:\/\/strangercam.com\/pl\/echat\/\">EChat<\/a> jest tak popularn\u0105 platform\u0105 do losowych rozm\u00f3w wideo. Po pierwsze, jest ca\u0142kowicie darmowa. Nie musisz zak\u0142ada\u0107 konta ani nic podobnego. Wystarczy otworzy\u0107 aplikacj\u0119 i rozpocz\u0105\u0107 czat. Innym powodem jest to, \u017ce jest bardzo \u0142atwa w u\u017cyciu. Interfejs jest prosty i nieskomplikowany. Wreszcie, zawsze s\u0105 tysi\u0105ce ludzi online w danym momencie, wi\u0119c nigdy nie b\u0119dziesz si\u0119 nudzi\u0107.<\/p>\n<h2>Jak dzia\u0142a dateway?<\/h2>\n<p>Nie ma jednoznacznej odpowiedzi na to pytanie, poniewa\u017c Dateway mo\u017ce by\u0107 u\u017cywany na wiele r\u00f3\u017cnych sposob\u00f3w. Niekt\u00f3rzy u\u017cywaj\u0105 go do poznawania nowych ludzi i nawi\u0105zywania przyja\u017ani, podczas gdy inni u\u017cywaj\u0105 go do znajdowania potencjalnych romantycznych partner\u00f3w. Bez wzgl\u0119du na to, w jaki spos\u00f3b go u\u017cywasz, Dateway zosta\u0142 zaprojektowany, aby pom\u00f3c Ci po\u0142\u0105czy\u0107 si\u0119 z innymi, kt\u00f3rzy podzielaj\u0105 Twoje zainteresowania i warto\u015bci.<\/p>\n<h2>Jak zachowa\u0107 bezpiecze\u0144stwo podczas korzystania z dowolnej platformy czatu wideo?<\/h2>\n<p>Je\u015bli chodzi o bezpiecze\u0144stwo w sieci, jedn\u0105 z najwa\u017cniejszych rzeczy, o kt\u00f3rych nale\u017cy pami\u0119ta\u0107, jest to, aby nigdy nie spotyka\u0107 si\u0119 z kim\u015b, z kim si\u0119 <a href=\"https:\/\/strangercam.com\/pl\/chamet\/\">spe\u0142niony<\/a> online osobi\u015bcie. Chocia\u017c istnieje wiele sposob\u00f3w na zachowanie bezpiecze\u0144stwa podczas korzystania z <a href=\"https:\/\/strangercam.com\/pl\/chathub\/\">Losowy czat wideo<\/a> Platformy takie jak Dateway wi\u0105\u017c\u0105 si\u0119 r\u00f3wnie\u017c z pewnym ryzykiem.<\/p>\n<p>Najlepszym sposobem na zachowanie bezpiecze\u0144stwa podczas korzystania z dowolnej losowej platformy czatu wideo jest upewnienie si\u0119, \u017ce nigdy nie podajesz nikomu swoich danych osobowych. Obejmuje to imi\u0119 i nazwisko, adres, numer telefonu, a nawet konta w mediach spo\u0142eczno\u015bciowych. Wa\u017cne jest r\u00f3wnie\u017c, aby nigdy nie zgadza\u0107 si\u0119 na osobiste spotkanie z osob\u0105 poznan\u0105 online.<\/p>\n<p>Je\u015bli zdecydujesz si\u0119 spotka\u0107 z kim\u015b poznanym online, upewnij si\u0119, \u017ce robisz to w miejscu publicznym i m\u00f3wisz znajomemu lub cz\u0142onkowi rodziny, dok\u0105d idziesz. Nigdy nie id\u017a sam i zawsze miej plan wyj\u015bcia, je\u015bli poczujesz si\u0119 niebezpiecznie.<\/p>\n<p>Losowe platformy czat\u00f3w wideo mog\u0105 by\u0107 \u015bwietn\u0105 zabaw\u0105, ale wa\u017cne jest, aby zawsze stawia\u0107 swoje bezpiecze\u0144stwo na pierwszym miejscu. Przestrzegaj\u0105c tych prostych wskaz\u00f3wek, mo\u017cesz zapewni\u0107 sobie bezpieczne i przyjemne do\u015bwiadczenie.<\/p>\n<h2>Wnioski<\/h2>\n<p>Je\u015bli szukasz zabawnego i \u0142atwego sposobu na poznanie nowych ludzi, polecam skorzystanie z aplikacji Dateway. To \u015bwietny spos\u00f3b na nawi\u0105zywanie kontakt\u00f3w z lud\u017ami z ca\u0142ego \u015bwiata i nigdy nie wiadomo, kogo mo\u017cna spotka\u0107. \u015amia\u0142o pobierz aplikacj\u0119, utw\u00f3rz profil i zacznij rozmawia\u0107 z nieznajomymi ju\u017c dzi\u015b!<\/p>","protected":false},"excerpt":{"rendered":"<p>In today&#8217;s world, it can be difficult to meet new people and form connections. With everyone&#8217;s schedules being so busy, it&#8217;s hard to find the time to go out and socialize. Thankfully, there are now online platforms that can help with this, such as Dateway. Dateway is a app that allows you to chat with [&hellip;]<\/p>\n","protected":false},"author":6,"featured_media":559,"parent":0,"menu_order":0,"comment_status":"closed","ping_status":"closed","template":"","meta":{"footnotes":""},"class_list":["post-11235","page","type-page","status-publish","has-post-thumbnail","hentry"],"yoast_head":"<!-- This site is optimized with the Yoast SEO plugin v26.9 - https:\/\/yoast.com\/product\/yoast-seo-wordpress\/ -->\n<title>Dateway - Chat with strangers on StrangerCam.com<\/title>\n<meta name=\"description\" content=\"Like Dateway? Come chat with more than 5.000.000 strangers on Stranger Cam for Free! Turn on your cam and find new friends &amp; maby a match!\" \/>\n<meta name=\"robots\" content=\"index, follow, max-snippet:-1, max-image-preview:large, max-video-preview:-1\" \/>\n<link rel=\"canonical\" href=\"https:\/\/strangercam.com\/pl\/dateway\/\" \/>\n<meta property=\"og:locale\" content=\"pl_PL\" \/>\n<meta property=\"og:type\" content=\"article\" \/>\n<meta property=\"og:title\" content=\"Dateway - Chat with strangers on StrangerCam.com\" \/>\n<meta property=\"og:description\" content=\"Like Dateway? Come chat with more than 5.000.000 strangers on Stranger Cam for Free! Turn on your cam and find new friends &amp; maby a match!\" \/>\n<meta property=\"og:url\" content=\"https:\/\/strangercam.com\/pl\/dateway\/\" \/>\n<meta property=\"og:site_name\" content=\"Strangercam\" \/>\n<meta property=\"article:publisher\" content=\"https:\/\/www.facebook.com\/strangercam\" \/>\n<meta property=\"article:modified_time\" content=\"2023-10-23T07:41:42+00:00\" \/>\n<meta property=\"og:image\" content=\"https:\/\/strangercam.com\/wp-content\/uploads\/2020\/11\/stranger-cam-1.png\" \/>\n\t<meta property=\"og:image:width\" content=\"800\" \/>\n\t<meta property=\"og:image:height\" content=\"800\" \/>\n\t<meta property=\"og:image:type\" content=\"image\/png\" \/>\n<meta name=\"twitter:card\" content=\"summary_large_image\" \/>\n<meta name=\"twitter:site\" content=\"@strangercamapp\" \/>\n<meta name=\"twitter:label1\" content=\"Szacowany czas czytania\" \/>\n\t<meta name=\"twitter:data1\" content=\"6 minut\" \/>\n<script type=\"application\/ld+json\" class=\"yoast-schema-graph\">{\"@context\":\"https:\/\/schema.org\",\"@graph\":[{\"@type\":\"WebPage\",\"@id\":\"https:\/\/strangercam.com\/dateway\/\",\"url\":\"https:\/\/strangercam.com\/dateway\/\",\"name\":\"Dateway - Chat with strangers on StrangerCam.com\",\"isPartOf\":{\"@id\":\"https:\/\/strangercam.com\/#website\"},\"primaryImageOfPage\":{\"@id\":\"https:\/\/strangercam.com\/dateway\/#primaryimage\"},\"image\":{\"@id\":\"https:\/\/strangercam.com\/dateway\/#primaryimage\"},\"thumbnailUrl\":\"https:\/\/strangercam.com\/wp-content\/uploads\/2020\/11\/stranger-cam-1.png\",\"datePublished\":\"2022-08-11T17:54:01+00:00\",\"dateModified\":\"2023-10-23T07:41:42+00:00\",\"description\":\"Like Dateway? Come chat with more than 5.000.000 strangers on Stranger Cam for Free! Turn on your cam and find new friends & maby a match!\",\"breadcrumb\":{\"@id\":\"https:\/\/strangercam.com\/dateway\/#breadcrumb\"},\"inLanguage\":\"pl-PL\",\"potentialAction\":[{\"@type\":\"ReadAction\",\"target\":[\"https:\/\/strangercam.com\/dateway\/\"]}]},{\"@type\":\"ImageObject\",\"inLanguage\":\"pl-PL\",\"@id\":\"https:\/\/strangercam.com\/dateway\/#primaryimage\",\"url\":\"https:\/\/strangercam.com\/wp-content\/uploads\/2020\/11\/stranger-cam-1.png\",\"contentUrl\":\"https:\/\/strangercam.com\/wp-content\/uploads\/2020\/11\/stranger-cam-1.png\",\"width\":800,\"height\":800,\"caption\":\"stranger cam random video chat\"},{\"@type\":\"BreadcrumbList\",\"@id\":\"https:\/\/strangercam.com\/dateway\/#breadcrumb\",\"itemListElement\":[{\"@type\":\"ListItem\",\"position\":1,\"name\":\"Home\",\"item\":\"https:\/\/strangercam.com\/\"},{\"@type\":\"ListItem\",\"position\":2,\"name\":\"Dateway\"}]},{\"@type\":\"WebSite\",\"@id\":\"https:\/\/strangercam.com\/#website\",\"url\":\"https:\/\/strangercam.com\/\",\"name\":\"Strangercam\",\"description\":\"Random Video Chat with Strangers\",\"publisher\":{\"@id\":\"https:\/\/strangercam.com\/#organization\"},\"alternateName\":\"Strangercam.com\",\"potentialAction\":[{\"@type\":\"SearchAction\",\"target\":{\"@type\":\"EntryPoint\",\"urlTemplate\":\"https:\/\/strangercam.com\/?s={search_term_string}\"},\"query-input\":{\"@type\":\"PropertyValueSpecification\",\"valueRequired\":true,\"valueName\":\"search_term_string\"}}],\"inLanguage\":\"pl-PL\"},{\"@type\":\"Organization\",\"@id\":\"https:\/\/strangercam.com\/#organization\",\"name\":\"Strangercam\",\"alternateName\":\"Strangercam.com\",\"url\":\"https:\/\/strangercam.com\/\",\"logo\":{\"@type\":\"ImageObject\",\"inLanguage\":\"pl-PL\",\"@id\":\"https:\/\/strangercam.com\/#\/schema\/logo\/image\/\",\"url\":\"https:\/\/strangercam.com\/wp-content\/uploads\/2020\/11\/cropped-new-favicon-black.png\",\"contentUrl\":\"https:\/\/strangercam.com\/wp-content\/uploads\/2020\/11\/cropped-new-favicon-black.png\",\"width\":512,\"height\":512,\"caption\":\"Strangercam\"},\"image\":{\"@id\":\"https:\/\/strangercam.com\/#\/schema\/logo\/image\/\"},\"sameAs\":[\"https:\/\/www.facebook.com\/strangercam\",\"https:\/\/x.com\/strangercamapp\"]}]}<\/script>\n<!-- \/ Yoast SEO plugin. -->","yoast_head_json":{"title":"Dateway - Czat z nieznajomymi na StrangerCam.com","description":"Jak Dateway? Przyjd\u017a na czat z ponad 5.000.000 nieznajomych na Stranger Cam za darmo! W\u0142\u0105cz kamer\u0119 i znajd\u017a nowych przyjaci\u00f3\u0142 i mo\u017ce mecz!","robots":{"index":"index","follow":"follow","max-snippet":"max-snippet:-1","max-image-preview":"max-image-preview:large","max-video-preview":"max-video-preview:-1"},"canonical":"https:\/\/strangercam.com\/pl\/dateway\/","og_locale":"pl_PL","og_type":"article","og_title":"Dateway - Chat with strangers on StrangerCam.com","og_description":"Like Dateway? Come chat with more than 5.000.000 strangers on Stranger Cam for Free! Turn on your cam and find new friends & maby a match!","og_url":"https:\/\/strangercam.com\/pl\/dateway\/","og_site_name":"Strangercam","article_publisher":"https:\/\/www.facebook.com\/strangercam","article_modified_time":"2023-10-23T07:41:42+00:00","og_image":[{"width":800,"height":800,"url":"https:\/\/strangercam.com\/wp-content\/uploads\/2020\/11\/stranger-cam-1.png","type":"image\/png"}],"twitter_card":"summary_large_image","twitter_site":"@strangercamapp","twitter_misc":{"Szacowany czas czytania":"6 minut"},"schema":{"@context":"https:\/\/schema.org","@graph":[{"@type":"WebPage","@id":"https:\/\/strangercam.com\/dateway\/","url":"https:\/\/strangercam.com\/dateway\/","name":"Dateway - Czat z nieznajomymi na StrangerCam.com","isPartOf":{"@id":"https:\/\/strangercam.com\/#website"},"primaryImageOfPage":{"@id":"https:\/\/strangercam.com\/dateway\/#primaryimage"},"image":{"@id":"https:\/\/strangercam.com\/dateway\/#primaryimage"},"thumbnailUrl":"https:\/\/strangercam.com\/wp-content\/uploads\/2020\/11\/stranger-cam-1.png","datePublished":"2022-08-11T17:54:01+00:00","dateModified":"2023-10-23T07:41:42+00:00","description":"Jak Dateway? Przyjd\u017a na czat z ponad 5.000.000 nieznajomych na Stranger Cam za darmo! W\u0142\u0105cz kamer\u0119 i znajd\u017a nowych przyjaci\u00f3\u0142 i mo\u017ce mecz!","breadcrumb":{"@id":"https:\/\/strangercam.com\/dateway\/#breadcrumb"},"inLanguage":"pl-PL","potentialAction":[{"@type":"ReadAction","target":["https:\/\/strangercam.com\/dateway\/"]}]},{"@type":"ImageObject","inLanguage":"pl-PL","@id":"https:\/\/strangercam.com\/dateway\/#primaryimage","url":"https:\/\/strangercam.com\/wp-content\/uploads\/2020\/11\/stranger-cam-1.png","contentUrl":"https:\/\/strangercam.com\/wp-content\/uploads\/2020\/11\/stranger-cam-1.png","width":800,"height":800,"caption":"stranger cam random video chat"},{"@type":"BreadcrumbList","@id":"https:\/\/strangercam.com\/dateway\/#breadcrumb","itemListElement":[{"@type":"ListItem","position":1,"name":"Home","item":"https:\/\/strangercam.com\/"},{"@type":"ListItem","position":2,"name":"Dateway"}]},{"@type":"WebSite","@id":"https:\/\/strangercam.com\/#website","url":"https:\/\/strangercam.com\/","name":"Strangercam","description":"Losowy czat wideo z nieznajomymi","publisher":{"@id":"https:\/\/strangercam.com\/#organization"},"alternateName":"Strangercam.com","potentialAction":[{"@type":"SearchAction","target":{"@type":"EntryPoint","urlTemplate":"https:\/\/strangercam.com\/?s={search_term_string}"},"query-input":{"@type":"PropertyValueSpecification","valueRequired":true,"valueName":"search_term_string"}}],"inLanguage":"pl-PL"},{"@type":"Organization","@id":"https:\/\/strangercam.com\/#organization","name":"Strangercam","alternateName":"Strangercam.com","url":"https:\/\/strangercam.com\/","logo":{"@type":"ImageObject","inLanguage":"pl-PL","@id":"https:\/\/strangercam.com\/#\/schema\/logo\/image\/","url":"https:\/\/strangercam.com\/wp-content\/uploads\/2020\/11\/cropped-new-favicon-black.png","contentUrl":"https:\/\/strangercam.com\/wp-content\/uploads\/2020\/11\/cropped-new-favicon-black.png","width":512,"height":512,"caption":"Strangercam"},"image":{"@id":"https:\/\/strangercam.com\/#\/schema\/logo\/image\/"},"sameAs":["https:\/\/www.facebook.com\/strangercam","https:\/\/x.com\/strangercamapp"]}]}},"_links":{"self":[{"href":"https:\/\/strangercam.com\/pl\/wp-json\/wp\/v2\/pages\/11235","targetHints":{"allow":["GET"]}}],"collection":[{"href":"https:\/\/strangercam.com\/pl\/wp-json\/wp\/v2\/pages"}],"about":[{"href":"https:\/\/strangercam.com\/pl\/wp-json\/wp\/v2\/types\/page"}],"author":[{"embeddable":true,"href":"https:\/\/strangercam.com\/pl\/wp-json\/wp\/v2\/users\/6"}],"replies":[{"embeddable":true,"href":"https:\/\/strangercam.com\/pl\/wp-json\/wp\/v2\/comments?post=11235"}],"version-history":[{"count":0,"href":"https:\/\/strangercam.com\/pl\/wp-json\/wp\/v2\/pages\/11235\/revisions"}],"wp:featuredmedia":[{"embeddable":true,"href":"https:\/\/strangercam.com\/pl\/wp-json\/wp\/v2\/media\/559"}],"wp:attachment":[{"href":"https:\/\/strangercam.com\/pl\/wp-json\/wp\/v2\/media?parent=11235"}],"curies":[{"name":"wp","href":"https:\/\/api.w.org\/{rel}","templated":true}]}}