{"id":11221,"date":"2022-08-11T16:07:53","date_gmt":"2022-08-11T14:07:53","guid":{"rendered":"https:\/\/strangercam.com\/?page_id=11221"},"modified":"2023-08-21T12:24:42","modified_gmt":"2023-08-21T10:24:42","slug":"meetme","status":"publish","type":"page","link":"https:\/\/strangercam.com\/pl\/meetme\/","title":{"rendered":"Meetme"},"content":{"rendered":"<p>Je\u015bli szukasz nowego sposobu na <a href=\"https:\/\/strangercam.com\/pl\/coomeet\/\">spotkanie<\/a> ludzie i <a href=\"https:\/\/strangercam.com\/pl\/flingster\/\">flirt<\/a> z nieznajomymi, powiniene\u015b sprawdzi\u0107 meetme. Ta aplikacja pozwala \u0142\u0105czy\u0107 si\u0119 z osobami w pobli\u017cu, kt\u00f3re r\u00f3wnie\u017c szukaj\u0105 nowych przyjaci\u00f3\u0142 lub romantycznego partnera. Mo\u017cesz <a href=\"https:\/\/strangercam.com\/pl\/chatroulette\/\">czat<\/a> z nimi, dzieli\u0107 si\u0119 zdj\u0119ciami i zainteresowaniami, a nawet spotka\u0107 si\u0119 osobi\u015bcie, je\u015bli oboje jeste\u015bcie zainteresowani. Dlaczego wi\u0119c nie spr\u00f3bowa\u0107? Nigdy nie wiadomo, kogo mo\u017cna spotka\u0107!<\/p>\n<h2>Czym jest meetme?<\/h2>\n<p>Meetme to <a href=\"https:\/\/strangercam.com\/pl\/chathub\/\">Losowy czat wideo<\/a> kt\u00f3ra pozwala poznawa\u0107 nowych ludzi i flirtowa\u0107 z nieznajomymi. To \u015bwietny spos\u00f3b na poznanie nowych przyjaci\u00f3\u0142 lub potencjalnych partner\u00f3w. Mo\u017cesz tak\u017ce u\u017cy\u0107 meetme, aby znale\u017a\u0107 osoby o podobnych zainteresowaniach lub rozpocz\u0105\u0107 rozmow\u0119 z kim\u015b, kto Ci\u0119 interesuje.<\/p>\n<h2>Jak korzysta\u0107 z meetme<\/h2>\n<p>Je\u015bli szukasz nowego sposobu na poznawanie ludzi i flirtowanie z nieznajomymi, powiniene\u015b sprawdzi\u0107 meetme. To \u015bwietny spos\u00f3b na nawi\u0105zanie kontaktu z nowymi lud\u017ami i potencjalne znalezienie mi\u0142o\u015bci. Oto jak korzysta\u0107 z meetme:<\/p>\n<ul>\n<li style=\"font-weight: 400;\" aria-level=\"1\">Najpierw utw\u00f3rz profil, rejestruj\u0105c si\u0119 za pomoc\u0105 adresu e-mail lub \u0142\u0105cz\u0105c swoje konto na Facebooku. Pami\u0119taj, aby doda\u0107 zdj\u0119cie i kilka podstawowych informacji o sobie, aby inni mogli Ci\u0119 pozna\u0107.<\/li>\n<li style=\"font-weight: 400;\" aria-level=\"1\">Po utworzeniu profilu zacznij przegl\u0105da\u0107 profile innych u\u017cytkownik\u00f3w. Gdy znajdziesz kogo\u015b, kto Ci\u0119 zainteresuje, wy\u015blij mu wiadomo\u015b\u0107 i sprawd\u017a, czy jest zainteresowany rozmow\u0105.<\/li>\n<li style=\"font-weight: 400;\" aria-level=\"1\">Je\u015bli wpadniesz komu\u015b w oko, mo\u017cesz zacz\u0105\u0107 z nim flirtowa\u0107. Mo\u017ce to by\u0107 wszystko, od wysy\u0142ania komplement\u00f3w po \u017cartobliwe przekomarzanie si\u0119. Po prostu baw si\u0119 dobrze i zobacz, jak potocz\u0105 si\u0119 sprawy!<\/li>\n<li style=\"font-weight: 400;\" aria-level=\"1\">Je\u015bli wszystko wydaje si\u0119 i\u015b\u0107 dobrze, mo\u017cesz zaprosi\u0107 t\u0119 osob\u0119 na randk\u0119. Upewnij si\u0119 tylko, \u017ce oboje jeste\u015bcie zgodni co do tego, czego szukasz, zanim spotkacie si\u0119 osobi\u015bcie.<\/li>\n<li style=\"font-weight: 400;\" aria-level=\"1\">I to wszystko! Korzystaj z meetme aby poznawa\u0107 nowych ludzi i flirtowa\u0107 z nieznajomymi w bezpiecznym i przyjemnym \u015brodowisku.<\/li>\n<\/ul>\n<h2>Plusy i minusy meetme<\/h2>\n<p>Aplikacja meetme ma zar\u00f3wno dobre, jak i z\u0142e strony. Z jednej strony mo\u017ce to by\u0107 \u015bwietny spos\u00f3b na poznanie nowych ludzi i nawi\u0105zanie nowych przyja\u017ani. Z drugiej strony istnieje r\u00f3wnie\u017c mo\u017cliwo\u015b\u0107 spotkania niebezpiecznych nieznajomych. Wa\u017cne jest, aby by\u0107 \u015bwiadomym zar\u00f3wno zalet, jak i wad przed skorzystaniem z tej aplikacji.<\/p>\n<p>Zalet\u0105 meetme jest to, \u017ce mo\u017cesz rozmawia\u0107 z lud\u017ami z ca\u0142ego \u015bwiata. Daje to mo\u017cliwo\u015b\u0107 poznania r\u00f3\u017cnych kultur i nawi\u0105zania nowych znajomo\u015bci. Mo\u017cesz tak\u017ce flirtowa\u0107 z lud\u017ami na meetme, co mo\u017ce by\u0107 zabawne, je\u015bli jeste\u015b singlem i szukasz randki.<\/p>\n<p>Wad\u0105 meetme jest to, \u017ce mo\u017cesz potencjalnie spotka\u0107 niebezpiecznych nieznajomych. Poniewa\u017c rozmawiasz z osobami, kt\u00f3rych nie znasz, wa\u017cne jest, aby uwa\u017ca\u0107 na to, jakie informacje udost\u0119pniasz. Nigdy nie powiniene\u015b podawa\u0107 swoich danych osobowych ani zgadza\u0107 si\u0119 na spotkanie z kim\u015b osobi\u015bcie, chyba \u017ce masz absolutn\u0105 pewno\u015b\u0107, \u017ce dana osoba jest bezpieczna.<\/p>\n<p>Og\u00f3lnie rzecz bior\u0105c, meetme mo\u017ce by\u0107 \u015bwietnym sposobem na poznanie nowych ludzi i dobr\u0105 zabaw\u0119. Wa\u017cne jest jednak, aby zdawa\u0107 sobie spraw\u0119 z ryzyka przed skorzystaniem z tej aplikacji.<\/p>\n<h2>Dlaczego meetme jest tak popularn\u0105 platform\u0105 do losowych rozm\u00f3w wideo?<\/h2>\n<p>Istnieje wiele powod\u00f3w, dla kt\u00f3rych meetme jest tak popularn\u0105 platform\u0105 do losowych rozm\u00f3w wideo. Po pierwsze, jest niezwykle \u0142atwa w u\u017cyciu. Nie trzeba zak\u0142ada\u0107 konta ani nic podobnego. Wystarczy otworzy\u0107 aplikacj\u0119 i zacz\u0105\u0107 rozmawia\u0107 z lud\u017ami z ca\u0142ego \u015bwiata.<\/p>\n<p>Innym powodem, dla kt\u00f3rego meetme jest tak popularny, jest jego anonimowo\u015b\u0107. Nie musisz podawa\u0107 swojego imienia i nazwiska ani \u017cadnych danych osobowych, gdy z niego korzystasz. To sprawia, \u017ce jest to \u015bwietna platforma dla os\u00f3b, kt\u00f3re chc\u0105 rozmawia\u0107 z nieznajomymi, nie ujawniaj\u0105c zbyt wiele o sobie.<\/p>\n<p>Wreszcie, meetme jest popularny, poniewa\u017c jest to \u015bwietny spos\u00f3b na poznanie nowych ludzi i nawi\u0105zanie nowych przyja\u017ani. Mo\u017cesz rozmawia\u0107 z lud\u017ami z ca\u0142ego \u015bwiata i lepiej ich pozna\u0107. Niezale\u017cnie od tego, czy szukasz nowego przyjaciela, czy potencjalnego romantycznego partnera, meetme to \u015bwietne miejsce, aby zacz\u0105\u0107.<\/p>\n<h2>Jak najlepiej wykorzysta\u0107 meetme?<\/h2>\n<p>Je\u015bli szukasz mi\u0142o\u015bci lub po prostu dobrej zabawy, nie mo\u017cesz si\u0119 pomyli\u0107 z meetme. Ten portal spo\u0142eczno\u015bciowy pozwala poznawa\u0107 nowych ludzi i flirtowa\u0107 z nieznajomymi w bezpiecznym i przyjemnym \u015brodowisku. Oto kilka wskaz\u00f3wek, kt\u00f3re pomog\u0105 Ci w pe\u0142ni wykorzysta\u0107 mo\u017cliwo\u015bci meetme:<\/p>\n<ol>\n<li style=\"font-weight: 400;\" aria-level=\"1\">Uzupe\u0142nij sw\u00f3j profil. Im wi\u0119cej informacji o sobie podasz, tym \u0142atwiej b\u0119dzie innym Ci\u0119 znale\u017a\u0107 i nawi\u0105za\u0107 z Tob\u0105 kontakt. Pami\u0119taj, aby do\u0142\u0105czy\u0107 aktualne zdj\u0119cie, aby inni mogli zobaczy\u0107, jak wygl\u0105dasz.<\/li>\n<li style=\"font-weight: 400;\" aria-level=\"1\">Skorzystaj z funkcji wyszukiwania. meetme ma \u015bwietn\u0105 funkcj\u0119 wyszukiwania, kt\u00f3ra pozwala znale\u017a\u0107 osoby, kt\u00f3re podzielaj\u0105 Twoje zainteresowania i mieszkaj\u0105 w pobli\u017cu. Skorzystaj z funkcji wyszukiwania, aby znale\u017a\u0107 potencjalnych partner\u00f3w i rozpocz\u0105\u0107 z nimi czat.<\/li>\n<li style=\"font-weight: 400;\" aria-level=\"1\">Nie b\u00f3j si\u0119 flirtowa\u0107. Flirtowanie to \u015bwietny spos\u00f3b na lepsze poznanie kogo\u015b. Je\u015bli czujesz si\u0119 na si\u0142ach, spr\u00f3buj wys\u0142a\u0107 prywatn\u0105 wiadomo\u015b\u0107 lub flirtowa\u0107 z kim\u015b na publicznym czacie. Pami\u0119taj tylko, by zachowa\u0107 dobre maniery i nie kr\u0119powa\u0107 si\u0119, by nikt nie poczu\u0142 si\u0119 niekomfortowo.<\/li>\n<li style=\"font-weight: 400;\" aria-level=\"1\">Spotkajmy si\u0119 osobi\u015bcie. Gdy ju\u017c poznasz kogo\u015b do\u015b\u0107 dobrze online, nadszed\u0142 czas, aby przej\u015b\u0107 do trybu offline i spotka\u0107 si\u0119 osobi\u015bcie. Spotkanie<\/li>\n<\/ol>\n<h2>Czego mo\u017cna si\u0119 spodziewa\u0107 podczas korzystania z losowej platformy czatu wideo?<\/h2>\n<p>Korzystaj\u0105c z losowej platformy czatu wideo, takiej jak meetme, mo\u017cesz spodziewa\u0107 si\u0119 poznania nowych ludzi z ca\u0142ego \u015bwiata. B\u0119dziesz m\u00f3g\u0142 z nimi rozmawia\u0107 i lepiej ich pozna\u0107. Mo\u017cesz nawet z nimi flirtowa\u0107!<\/p>\n<h2>Zalety korzystania z losowego czatu wideo<\/h2>\n<p>Korzystanie z us\u0142ugi losowego czatu wideo, takiej jak meetme, ma wiele zalet. Po pierwsze, jest to \u015bwietny spos\u00f3b na poznanie nowych ludzi z ca\u0142ego \u015bwiata. Nigdy nie wiesz, kogo spotkasz i sk\u0105d pochodz\u0105, co mo\u017ce prowadzi\u0107 do ciekawych rozm\u00f3w.<\/p>\n<p>Kolejn\u0105 zalet\u0105 jest to, \u017ce jest to \u015bwietny spos\u00f3b na \u0107wiczenie umiej\u0119tno\u015bci spo\u0142ecznych. Je\u015bli jeste\u015b nie\u015bmia\u0142y lub nie jeste\u015b zbyt dobry w rozmowach z lud\u017ami, losowy czat wideo mo\u017ce by\u0107 \u015bwietnym sposobem na \u0107wiczenie. Mo\u017cesz tak\u017ce dowiedzie\u0107 si\u0119 wi\u0119cej o mowie cia\u0142a i czytaniu innych ludzi, rozmawiaj\u0105c z nimi online.<\/p>\n<p>Wreszcie, losowy czat wideo mo\u017ce by\u0107 \u015bwietn\u0105 zabaw\u0105. To \u015bwietny spos\u00f3b na zabicie czasu i poznanie nowych, interesuj\u0105cych os\u00f3b. Wi\u0119c je\u015bli szukasz czego\u015b do zrobienia, dlaczego nie spr\u00f3bowa\u0107?<\/p>\n<h2>Czy jest bezpieczny w u\u017cyciu?<\/h2>\n<p>Istnieje wiele os\u00f3b, kt\u00f3re szukaj\u0105 mi\u0142o\u015bci, towarzystwa, a nawet po prostu podrywu. Ale czy poznawanie kogo\u015b online i flirtowanie z nim jest naprawd\u0119 bezpieczne? Istnieje wiele zagro\u017ce\u0144 zwi\u0105zanych z poznawaniem kogo\u015b online, ale jest te\u017c wiele korzy\u015bci. Trzeba tylko zachowa\u0107 ostro\u017cno\u015b\u0107 i kierowa\u0107 si\u0119 najlepsz\u0105 ocen\u0105 sytuacji.<\/p>\n<p>Je\u015bli szukasz mi\u0142o\u015bci, poznanie kogo\u015b online mo\u017ce by\u0107 \u015bwietnym sposobem na znalezienie bratniej duszy. Musisz jednak uwa\u017ca\u0107 na to, z kim rozmawiasz i jak wiele o sobie ujawniasz. Nale\u017cy pami\u0119ta\u0107, \u017ce nie ka\u017cdy jest tym, za kogo podaje si\u0119 w sieci. Istnieje wiele drapie\u017cnik\u00f3w, kt\u00f3rzy chc\u0105 wykorzysta\u0107 ludzi. Musisz wi\u0119c uwa\u017ca\u0107 na to, z kim rozmawiasz i upewni\u0107 si\u0119, \u017ce nie ujawniasz zbyt wiele o sobie.<\/p>\n<p>Je\u015bli szukasz tylko podrywu, poznanie kogo\u015b online mo\u017ce by\u0107 \u015bwietnym sposobem na uzyskanie tego, czego chcesz. Musisz jednak uwa\u017ca\u0107 na to, z kim rozmawiasz i jak wiele o sobie ujawniasz.<\/p>\n<h2>Jak zachowa\u0107 bezpiecze\u0144stwo na meetme<\/h2>\n<p>Je\u015bli chcesz pozna\u0107 nowych ludzi, a mo\u017ce nawet poflirtowa\u0107 z nieznajomymi, meetme to \u015bwietna opcja. Wa\u017cne jest jednak, aby zachowa\u0107 bezpiecze\u0144stwo podczas korzystania z tej lub innej aplikacji randkowej. Oto kilka wskaz\u00f3wek, kt\u00f3re pomog\u0105 ci zachowa\u0107 bezpiecze\u0144stwo podczas korzystania z meetme:<\/p>\n<ul>\n<li style=\"font-weight: 400;\" aria-level=\"1\">Nie podawaj zbyt wielu danych osobowych. Kiedy poznajesz kogo\u015b po raz pierwszy, najlepiej jest zachowa\u0107 w tajemnicy takie rzeczy jak adres i numer telefonu.<\/li>\n<li style=\"font-weight: 400;\" aria-level=\"1\">Zachowaj ostro\u017cno\u015b\u0107 podczas osobistych spotka\u0144. Je\u015bli zdecydujesz si\u0119 spotka\u0107 z kim\u015b z meetme osobi\u015bcie, upewnij si\u0119, \u017ce robisz to w miejscu publicznym i poinformuj znajomego lub cz\u0142onka rodziny, gdzie b\u0119dziesz.<\/li>\n<li style=\"font-weight: 400;\" aria-level=\"1\">Nie wysy\u0142aj \u017cadnych pieni\u0119dzy ani prezent\u00f3w komu\u015b, kogo znasz. <a href=\"https:\/\/strangercam.com\/pl\/chamet\/\">spe\u0142niony<\/a> online, bez wzgl\u0119du na to, jak dobrze my\u015blisz, \u017ce ich znasz.<\/li>\n<li style=\"font-weight: 400;\" aria-level=\"1\">Zaufaj swojemu instynktowi. Je\u015bli co\u015b jest nie tak, nie wahaj si\u0119 zablokowa\u0107 lub zg\u0142osi\u0107 u\u017cytkownika.<\/li>\n<\/ul>\n<h2>Wnioski<\/h2>\n<p>Je\u015bli szukasz nowego sposobu na poznawanie ludzi i flirtowanie z nieznajomymi, to MeetMe mo\u017ce by\u0107 aplikacj\u0105 dla Ciebie. Dzi\u0119ki \u0142atwemu w u\u017cyciu interfejsowi i \u015bwietnym funkcjom, zdecydowanie warto j\u0105 sprawdzi\u0107. Kto wie, mo\u017ce w\u0142a\u015bnie na MeetMe znajdziesz swoj\u0105 nast\u0119pn\u0105 randk\u0119 lub podryw!<\/p>","protected":false},"excerpt":{"rendered":"<p>If you&#8217;re looking for a new way to meet people and flirt with strangers, then you should check out meetme. This app allows you to connect with people near you who are also looking for new friends or a romantic partner. You can chat with them, share photos and interests, and even meet up in [&hellip;]<\/p>\n","protected":false},"author":6,"featured_media":559,"parent":0,"menu_order":0,"comment_status":"closed","ping_status":"closed","template":"","meta":{"footnotes":""},"class_list":["post-11221","page","type-page","status-publish","has-post-thumbnail","hentry"],"yoast_head":"<!-- This site is optimized with the Yoast SEO plugin v27.4 - https:\/\/yoast.com\/product\/yoast-seo-wordpress\/ -->\n<title>Meetme - Chat with strangers on StrangerCam.com<\/title>\n<meta name=\"description\" content=\"Like Meetme? Come chat with more than 5.000.000 strangers on Stranger Cam for Free! Turn on your cam and find new friends &amp; maby a match!\" \/>\n<meta name=\"robots\" content=\"index, follow, max-snippet:-1, max-image-preview:large, max-video-preview:-1\" \/>\n<link rel=\"canonical\" href=\"https:\/\/strangercam.com\/pl\/meetme\/\" \/>\n<meta property=\"og:locale\" content=\"pl_PL\" \/>\n<meta property=\"og:type\" content=\"article\" \/>\n<meta property=\"og:title\" content=\"Meetme - Chat with strangers on StrangerCam.com\" \/>\n<meta property=\"og:description\" content=\"Like Meetme? Come chat with more than 5.000.000 strangers on Stranger Cam for Free! Turn on your cam and find new friends &amp; maby a match!\" \/>\n<meta property=\"og:url\" content=\"https:\/\/strangercam.com\/pl\/meetme\/\" \/>\n<meta property=\"og:site_name\" content=\"Strangercam\" \/>\n<meta property=\"article:publisher\" content=\"https:\/\/www.facebook.com\/strangercam\" \/>\n<meta property=\"article:modified_time\" content=\"2023-08-21T10:24:42+00:00\" \/>\n<meta property=\"og:image\" content=\"https:\/\/strangercam.com\/wp-content\/uploads\/2020\/11\/stranger-cam-1.png\" \/>\n\t<meta property=\"og:image:width\" content=\"800\" \/>\n\t<meta property=\"og:image:height\" content=\"800\" \/>\n\t<meta property=\"og:image:type\" content=\"image\/png\" \/>\n<meta name=\"twitter:card\" content=\"summary_large_image\" \/>\n<meta name=\"twitter:site\" content=\"@strangercamapp\" \/>\n<meta name=\"twitter:label1\" content=\"Szacowany czas czytania\" \/>\n\t<meta name=\"twitter:data1\" content=\"7 minut\" \/>\n<script type=\"application\/ld+json\" class=\"yoast-schema-graph\">{\"@context\":\"https:\\\/\\\/schema.org\",\"@graph\":[{\"@type\":\"WebPage\",\"@id\":\"https:\\\/\\\/strangercam.com\\\/meetme\\\/\",\"url\":\"https:\\\/\\\/strangercam.com\\\/meetme\\\/\",\"name\":\"Meetme - Chat with strangers on StrangerCam.com\",\"isPartOf\":{\"@id\":\"https:\\\/\\\/strangercam.com\\\/#website\"},\"primaryImageOfPage\":{\"@id\":\"https:\\\/\\\/strangercam.com\\\/meetme\\\/#primaryimage\"},\"image\":{\"@id\":\"https:\\\/\\\/strangercam.com\\\/meetme\\\/#primaryimage\"},\"thumbnailUrl\":\"https:\\\/\\\/strangercam.com\\\/wp-content\\\/uploads\\\/2020\\\/11\\\/stranger-cam-1.png\",\"datePublished\":\"2022-08-11T14:07:53+00:00\",\"dateModified\":\"2023-08-21T10:24:42+00:00\",\"description\":\"Like Meetme? Come chat with more than 5.000.000 strangers on Stranger Cam for Free! Turn on your cam and find new friends & maby a match!\",\"breadcrumb\":{\"@id\":\"https:\\\/\\\/strangercam.com\\\/meetme\\\/#breadcrumb\"},\"inLanguage\":\"pl-PL\",\"potentialAction\":[{\"@type\":\"ReadAction\",\"target\":[\"https:\\\/\\\/strangercam.com\\\/meetme\\\/\"]}]},{\"@type\":\"ImageObject\",\"inLanguage\":\"pl-PL\",\"@id\":\"https:\\\/\\\/strangercam.com\\\/meetme\\\/#primaryimage\",\"url\":\"https:\\\/\\\/strangercam.com\\\/wp-content\\\/uploads\\\/2020\\\/11\\\/stranger-cam-1.png\",\"contentUrl\":\"https:\\\/\\\/strangercam.com\\\/wp-content\\\/uploads\\\/2020\\\/11\\\/stranger-cam-1.png\",\"width\":800,\"height\":800,\"caption\":\"stranger cam random video chat\"},{\"@type\":\"BreadcrumbList\",\"@id\":\"https:\\\/\\\/strangercam.com\\\/meetme\\\/#breadcrumb\",\"itemListElement\":[{\"@type\":\"ListItem\",\"position\":1,\"name\":\"Home\",\"item\":\"https:\\\/\\\/strangercam.com\\\/\"},{\"@type\":\"ListItem\",\"position\":2,\"name\":\"Meetme\"}]},{\"@type\":\"WebSite\",\"@id\":\"https:\\\/\\\/strangercam.com\\\/#website\",\"url\":\"https:\\\/\\\/strangercam.com\\\/\",\"name\":\"Strangercam\",\"description\":\"Random Video Chat with Strangers\",\"publisher\":{\"@id\":\"https:\\\/\\\/strangercam.com\\\/#organization\"},\"alternateName\":\"Strangercam.com\",\"potentialAction\":[{\"@type\":\"SearchAction\",\"target\":{\"@type\":\"EntryPoint\",\"urlTemplate\":\"https:\\\/\\\/strangercam.com\\\/?s={search_term_string}\"},\"query-input\":{\"@type\":\"PropertyValueSpecification\",\"valueRequired\":true,\"valueName\":\"search_term_string\"}}],\"inLanguage\":\"pl-PL\"},{\"@type\":\"Organization\",\"@id\":\"https:\\\/\\\/strangercam.com\\\/#organization\",\"name\":\"Strangercam\",\"alternateName\":\"Strangercam.com\",\"url\":\"https:\\\/\\\/strangercam.com\\\/\",\"logo\":{\"@type\":\"ImageObject\",\"inLanguage\":\"pl-PL\",\"@id\":\"https:\\\/\\\/strangercam.com\\\/#\\\/schema\\\/logo\\\/image\\\/\",\"url\":\"https:\\\/\\\/strangercam.com\\\/wp-content\\\/uploads\\\/2020\\\/11\\\/cropped-new-favicon-black.png\",\"contentUrl\":\"https:\\\/\\\/strangercam.com\\\/wp-content\\\/uploads\\\/2020\\\/11\\\/cropped-new-favicon-black.png\",\"width\":512,\"height\":512,\"caption\":\"Strangercam\"},\"image\":{\"@id\":\"https:\\\/\\\/strangercam.com\\\/#\\\/schema\\\/logo\\\/image\\\/\"},\"sameAs\":[\"https:\\\/\\\/www.facebook.com\\\/strangercam\",\"https:\\\/\\\/x.com\\\/strangercamapp\"]}]}<\/script>\n<!-- \/ Yoast SEO plugin. -->","yoast_head_json":{"title":"Meetme - Czat z nieznajomymi na StrangerCam.com","description":"Jak Meetme? Przyjd\u017a na czat z ponad 5.000.000 nieznajomych na Stranger Cam za darmo! W\u0142\u0105cz kamer\u0119 i znajd\u017a nowych przyjaci\u00f3\u0142 i mo\u017ce mecz!","robots":{"index":"index","follow":"follow","max-snippet":"max-snippet:-1","max-image-preview":"max-image-preview:large","max-video-preview":"max-video-preview:-1"},"canonical":"https:\/\/strangercam.com\/pl\/meetme\/","og_locale":"pl_PL","og_type":"article","og_title":"Meetme - Chat with strangers on StrangerCam.com","og_description":"Like Meetme? Come chat with more than 5.000.000 strangers on Stranger Cam for Free! Turn on your cam and find new friends & maby a match!","og_url":"https:\/\/strangercam.com\/pl\/meetme\/","og_site_name":"Strangercam","article_publisher":"https:\/\/www.facebook.com\/strangercam","article_modified_time":"2023-08-21T10:24:42+00:00","og_image":[{"width":800,"height":800,"url":"https:\/\/strangercam.com\/wp-content\/uploads\/2020\/11\/stranger-cam-1.png","type":"image\/png"}],"twitter_card":"summary_large_image","twitter_site":"@strangercamapp","twitter_misc":{"Szacowany czas czytania":"7 minut"},"schema":{"@context":"https:\/\/schema.org","@graph":[{"@type":"WebPage","@id":"https:\/\/strangercam.com\/meetme\/","url":"https:\/\/strangercam.com\/meetme\/","name":"Meetme - Czat z nieznajomymi na StrangerCam.com","isPartOf":{"@id":"https:\/\/strangercam.com\/#website"},"primaryImageOfPage":{"@id":"https:\/\/strangercam.com\/meetme\/#primaryimage"},"image":{"@id":"https:\/\/strangercam.com\/meetme\/#primaryimage"},"thumbnailUrl":"https:\/\/strangercam.com\/wp-content\/uploads\/2020\/11\/stranger-cam-1.png","datePublished":"2022-08-11T14:07:53+00:00","dateModified":"2023-08-21T10:24:42+00:00","description":"Jak Meetme? Przyjd\u017a na czat z ponad 5.000.000 nieznajomych na Stranger Cam za darmo! W\u0142\u0105cz kamer\u0119 i znajd\u017a nowych przyjaci\u00f3\u0142 i mo\u017ce mecz!","breadcrumb":{"@id":"https:\/\/strangercam.com\/meetme\/#breadcrumb"},"inLanguage":"pl-PL","potentialAction":[{"@type":"ReadAction","target":["https:\/\/strangercam.com\/meetme\/"]}]},{"@type":"ImageObject","inLanguage":"pl-PL","@id":"https:\/\/strangercam.com\/meetme\/#primaryimage","url":"https:\/\/strangercam.com\/wp-content\/uploads\/2020\/11\/stranger-cam-1.png","contentUrl":"https:\/\/strangercam.com\/wp-content\/uploads\/2020\/11\/stranger-cam-1.png","width":800,"height":800,"caption":"stranger cam random video chat"},{"@type":"BreadcrumbList","@id":"https:\/\/strangercam.com\/meetme\/#breadcrumb","itemListElement":[{"@type":"ListItem","position":1,"name":"Home","item":"https:\/\/strangercam.com\/"},{"@type":"ListItem","position":2,"name":"Meetme"}]},{"@type":"WebSite","@id":"https:\/\/strangercam.com\/#website","url":"https:\/\/strangercam.com\/","name":"Strangercam","description":"Losowy czat wideo z nieznajomymi","publisher":{"@id":"https:\/\/strangercam.com\/#organization"},"alternateName":"Strangercam.com","potentialAction":[{"@type":"SearchAction","target":{"@type":"EntryPoint","urlTemplate":"https:\/\/strangercam.com\/?s={search_term_string}"},"query-input":{"@type":"PropertyValueSpecification","valueRequired":true,"valueName":"search_term_string"}}],"inLanguage":"pl-PL"},{"@type":"Organization","@id":"https:\/\/strangercam.com\/#organization","name":"Strangercam","alternateName":"Strangercam.com","url":"https:\/\/strangercam.com\/","logo":{"@type":"ImageObject","inLanguage":"pl-PL","@id":"https:\/\/strangercam.com\/#\/schema\/logo\/image\/","url":"https:\/\/strangercam.com\/wp-content\/uploads\/2020\/11\/cropped-new-favicon-black.png","contentUrl":"https:\/\/strangercam.com\/wp-content\/uploads\/2020\/11\/cropped-new-favicon-black.png","width":512,"height":512,"caption":"Strangercam"},"image":{"@id":"https:\/\/strangercam.com\/#\/schema\/logo\/image\/"},"sameAs":["https:\/\/www.facebook.com\/strangercam","https:\/\/x.com\/strangercamapp"]}]}},"_links":{"self":[{"href":"https:\/\/strangercam.com\/pl\/wp-json\/wp\/v2\/pages\/11221","targetHints":{"allow":["GET"]}}],"collection":[{"href":"https:\/\/strangercam.com\/pl\/wp-json\/wp\/v2\/pages"}],"about":[{"href":"https:\/\/strangercam.com\/pl\/wp-json\/wp\/v2\/types\/page"}],"author":[{"embeddable":true,"href":"https:\/\/strangercam.com\/pl\/wp-json\/wp\/v2\/users\/6"}],"replies":[{"embeddable":true,"href":"https:\/\/strangercam.com\/pl\/wp-json\/wp\/v2\/comments?post=11221"}],"version-history":[{"count":0,"href":"https:\/\/strangercam.com\/pl\/wp-json\/wp\/v2\/pages\/11221\/revisions"}],"wp:featuredmedia":[{"embeddable":true,"href":"https:\/\/strangercam.com\/pl\/wp-json\/wp\/v2\/media\/559"}],"wp:attachment":[{"href":"https:\/\/strangercam.com\/pl\/wp-json\/wp\/v2\/media?parent=11221"}],"curies":[{"name":"wp","href":"https:\/\/api.w.org\/{rel}","templated":true}]}}