{"id":11208,"date":"2022-08-11T16:02:32","date_gmt":"2022-08-11T14:02:32","guid":{"rendered":"https:\/\/strangercam.com\/?page_id=11208"},"modified":"2023-08-21T12:24:41","modified_gmt":"2023-08-21T10:24:41","slug":"epikchat","status":"publish","type":"page","link":"https:\/\/strangercam.com\/pl\/epikchat\/","title":{"rendered":"Epikchat"},"content":{"rendered":"<p>Epikchat to nowa aplikacja spo\u0142eczno\u015bciowa i randkowa, kt\u00f3ra umo\u017cliwia <a href=\"https:\/\/strangercam.com\/pl\/coomeet\/\">spotkanie<\/a> nowych ludzi i flirtowa\u0107 z nieznajomymi. Aplikacja jest obecnie dost\u0119pna na urz\u0105dzenia z systemem iOS i Android.<\/p>\n<h2>Co to jest Epikchat?<\/h2>\n<p>Epikchat to wideo na \u017cywo <a href=\"https:\/\/strangercam.com\/pl\/chathub\/\">czat<\/a> Platforma, kt\u00f3ra pozwala u\u017cytkownikom \u0142\u0105czy\u0107 si\u0119 ze sob\u0105 w czasie rzeczywistym. Epikchat zapewnia unikalny i wygodny spos\u00f3b komunikowania si\u0119 i sp\u0119dzania czasu.<\/p>\n<h2>Jak u\u017cywa\u0107 Epikchat<\/h2>\n<p>Pierwszym krokiem jest utworzenie konta w Epikchat. Mo\u017cesz to zrobi\u0107, przechodz\u0105c na ich stron\u0119 internetow\u0105 i klikaj\u0105c przycisk \"Zarejestruj si\u0119\". Po utworzeniu konta nale\u017cy zweryfikowa\u0107 sw\u00f3j adres e-mail. Po zweryfikowaniu adresu e-mail b\u0119dziesz m\u00f3g\u0142 zalogowa\u0107 si\u0119 na swoje konto.<\/p>\n<p>Po zalogowaniu b\u0119dziesz m\u00f3g\u0142 zobaczy\u0107 list\u0119 wszystkich dost\u0119pnych pokoj\u00f3w czatu. Mo\u017cesz do\u0142\u0105czy\u0107 do dowolnego z nich lub utworzy\u0107 w\u0142asny pok\u00f3j czatu. Je\u015bli zdecydujesz si\u0119 utworzy\u0107 w\u0142asny pok\u00f3j czatu, b\u0119dziesz musia\u0142 wybra\u0107 jego nazw\u0119 i has\u0142o. Po wybraniu nazwy i has\u0142a do swojego pokoju b\u0119dziesz m\u00f3g\u0142 zaprasza\u0107 do niego inne osoby<\/p>\n<h2>Plusy i minusy korzystania z Epikchat<\/h2>\n<p>Istnieje wiele powod\u00f3w, dla kt\u00f3rych ludzie korzystaj\u0105 zEpikchat. Niekt\u00f3rzy u\u017cywaj\u0105 go do poznawania nowych przyjaci\u00f3\u0142, inni do flirtowania z nieznajomymi, a jeszcze inni do znalezienia randki. Istniej\u0105 jednak r\u00f3wnie\u017c pewne wady korzystania z Epikchat. Oto kilka zalet i wad korzystania z Epikchat:<\/p>\n<h4>Plusy:<\/h4>\n<ul>\n<li style=\"font-weight: 400;\" aria-level=\"1\">Mo\u017cesz pozna\u0107 nowych ludzi z ca\u0142ego \u015bwiata.<\/li>\n<li style=\"font-weight: 400;\" aria-level=\"1\">To \u015bwietny spos\u00f3b na \u0107wiczenie umiej\u0119tno\u015bci flirtowania.<\/li>\n<li style=\"font-weight: 400;\" aria-level=\"1\">Mo\u017cesz pozna\u0107 inne kultury, rozmawiaj\u0105c z lud\u017ami z r\u00f3\u017cnych kraj\u00f3w.<\/li>\n<li style=\"font-weight: 400;\" aria-level=\"1\">To \u015bwietny spos\u00f3b na nawi\u0105zanie nowych znajomo\u015bci.<\/li>\n<\/ul>\n<h4>Wady:<\/h4>\n<ul>\n<li style=\"font-weight: 400;\" aria-level=\"1\">Niekt\u00f3rzy u\u017cywaj\u0105 Epikchat do cyberprzemocy.<\/li>\n<li style=\"font-weight: 400;\" aria-level=\"1\">Podczas czatowania z nieznajomymi mo\u017cesz natkn\u0105\u0107 si\u0119 na nieodpowiednie tre\u015bci.<\/li>\n<li style=\"font-weight: 400;\" aria-level=\"1\">Dane osobowe u\u017cytkownika mog\u0105 by\u0107 zagro\u017cone, je\u015bli nie korzysta on prawid\u0142owo z ustawie\u0144 prywatno\u015bci.<\/li>\n<\/ul>\n<h2>Czego mo\u017cna si\u0119 spodziewa\u0107 podczas korzystania z Epikchat<\/h2>\n<p>Epikchat to nowy serwis spo\u0142eczno\u015bciowy, kt\u00f3ry pozwala poznawa\u0107 nowych ludzi i flirtowa\u0107 z nimi. To \u015bwietny spos\u00f3b na nawi\u0105zanie nowych znajomo\u015bci, a mo\u017ce nawet znalezienie mi\u0142o\u015bci. Jest jednak kilka rzeczy, kt\u00f3rych nale\u017cy si\u0119 spodziewa\u0107 podczas korzystania z tej strony.<\/p>\n<p>Najpierw nale\u017cy utworzy\u0107 profil. B\u0119dzie on zawiera\u0142 imi\u0119 i nazwisko, wiek, p\u0142e\u0107 i zainteresowania. Mo\u017cesz r\u00f3wnie\u017c przes\u0142a\u0107 swoje zdj\u0119cie. Po utworzeniu profilu mo\u017cesz rozpocz\u0105\u0107 wyszukiwanie innych u\u017cytkownik\u00f3w.<\/p>\n<p>Mo\u017cesz wyszukiwa\u0107 u\u017cytkownik\u00f3w wed\u0142ug ich lokalizacji, wieku lub zainteresowa\u0144. Po znalezieniu osoby, z kt\u00f3r\u0105 chcesz porozmawia\u0107, mo\u017cesz wys\u0142a\u0107 jej wiadomo\u015b\u0107. Je\u015bli dana osoba jest online, mo\u017cesz rozmawia\u0107 z ni\u0105 w czasie rzeczywistym. Je\u015bli nie s\u0105 online, nadal mo\u017cesz wysy\u0142a\u0107 im wiadomo\u015bci, ale nie b\u0119d\u0105 mogli odpowiedzie\u0107, dop\u00f3ki nie zaloguj\u0105 si\u0119 ponownie.<\/p>\n<p>Epikchat to \u015bwietny spos\u00f3b na poznanie nowych ludzi i flirtowanie z nimi. Jest jednak kilka rzeczy, kt\u00f3rych nale\u017cy si\u0119 spodziewa\u0107 podczas korzystania z tej strony. Wi\u0119c \u015bmia\u0142o, stw\u00f3rz profil ju\u017c dzi\u015b i zacznij czatowa\u0107 z nowymi znajomymi!<\/p>\n<h2>Dlaczego Epikchat jest tak popularn\u0105 platform\u0105 do losowych rozm\u00f3w wideo?<\/h2>\n<p>Epikchat jest popularn\u0105 platform\u0105 do losowych rozm\u00f3w wideo z wielu powod\u00f3w. Po pierwsze, jest niezwykle \u0142atwa w u\u017cyciu. Wszystko, czego potrzebujesz, to kamera internetowa i po\u0142\u0105czenie internetowe, i mo\u017cesz zacz\u0105\u0107 rozmawia\u0107 z nieznajomymi z ca\u0142ego \u015bwiata. Po drugie, strona ma bardzo aktywn\u0105 spo\u0142eczno\u015b\u0107 u\u017cytkownik\u00f3w, kt\u00f3rzy zawsze ch\u0119tnie rozmawiaj\u0105 i flirtuj\u0105 z nowymi osobami. Wreszcie, Epikchat jest ca\u0142kowicie darmowy, wi\u0119c mo\u017cesz czatowa\u0107 tyle, ile chcesz, bez martwienia si\u0119 o jakiekolwiek op\u0142aty.<\/p>\n<h2>Epikchat vs inna losowa platforma czatu wideo<\/h2>\n<p>Epikchat to nowa platforma do losowych rozm\u00f3w wideo, kt\u00f3ra szybko zyskuje na popularno\u015bci. Chocia\u017c istnieje wiele innych podobnych platform, Epikchat ma kilka funkcji, kt\u00f3re wyr\u00f3\u017cniaj\u0105 go na tle konkurencji.<\/p>\n<p>Przede wszystkim, Epikchat jest ca\u0142kowicie darmowy. Nie ma \u017cadnych ukrytych op\u0142at ani p\u0142atnego cz\u0142onkostwa wymaganego w celu uzyskania dost\u0119pu do wszystkich funkcji. Sprawia to, \u017ce jest on bardzo atrakcyjny dla u\u017cytkownik\u00f3w, kt\u00f3rzy szukaj\u0105 opcji przyjaznej dla bud\u017cetu.<\/p>\n<p>Po drugie, Epikchat ma znacznie czystszy i bardziej przyjazny dla u\u017cytkownika interfejs ni\u017c wi\u0119kszo\u015b\u0107 innych platform czatowych. Projekt jest elegancki i nowoczesny, a nawigacja \u0142atwa do zrozumienia. To sprawia, \u017ce jest to idealne rozwi\u0105zanie dla u\u017cytkownik\u00f3w, kt\u00f3rzy chc\u0105 bezproblemowej obs\u0142ugi.<\/p>\n<p>Wreszcie, Epikchat oferuje unikaln\u0105 funkcj\u0119 \"flirtowania\", kt\u00f3ra pozwala u\u017cytkownikom anonimowo wysy\u0142a\u0107 zalotne wiadomo\u015bci do nieznajomych. Je\u015bli odbiorcy spodoba si\u0119 rozmowa, mo\u017ce zdecydowa\u0107 si\u0119 na ujawnienie swojej to\u017csamo\u015bci. Mo\u017ce to prowadzi\u0107 do zabawnych i interesuj\u0105cych interakcji!<\/p>\n<h2>Korzy\u015bci z korzystania z dowolnej losowej platformy czatu wideo<\/h2>\n<p>Korzystanie z dowolnej losowej platformy czatu wideo ma wiele zalet. Najwa\u017cniejsz\u0105 z nich jest mo\u017cliwo\u015b\u0107 nawi\u0105zywania kontakt\u00f3w z lud\u017ami z ca\u0142ego \u015bwiata. Na tych platformach mo\u017cna nawi\u0105zywa\u0107 nowe znajomo\u015bci, poznawa\u0107 nowe kultury i j\u0119zyki, a nawet znale\u017a\u0107 mi\u0142o\u015b\u0107.<\/p>\n<p>Kolejn\u0105 wielk\u0105 zalet\u0105 jest to, \u017ce na tych platformach mo\u017cna si\u0119 \u015bwietnie bawi\u0107. Mo\u017cesz gra\u0107 w gry, udost\u0119pnia\u0107 zdj\u0119cia i filmy oraz po prostu dobrze si\u0119 bawi\u0107. Istnieje r\u00f3wnie\u017c wiele mo\u017cliwo\u015bci poznawania nowych ludzi i flirtowania z nimi na tych platformach. Je\u015bli wi\u0119c szukasz zabawnego i \u0142atwego sposobu na poznanie nowych ludzi, zdecydowanie powiniene\u015b sprawdzi\u0107 dowoln\u0105 losow\u0105 platform\u0119 czatu wideo.<\/p>\n<h2>Jak zachowa\u0107 bezpiecze\u0144stwo podczas korzystania z Epikchat<\/h2>\n<p>Je\u015bli chcesz pozna\u0107 nowych ludzi i flirtowa\u0107 z nieznajomymi, Epikchat to \u015bwietna opcja. Jest jednak kilka rzeczy, o kt\u00f3rych nale\u017cy pami\u0119ta\u0107, aby zachowa\u0107 bezpiecze\u0144stwo podczas korzystania z aplikacji.<\/p>\n<p>Przede wszystkim nigdy nie podawaj danych osobowych osobom, kt\u00f3rych nie znasz. Obejmuje to imi\u0119 i nazwisko, adres, numer telefonu, adres e-mail lub inne poufne informacje. Powiniene\u015b tak\u017ce unika\u0107 udost\u0119pniania jakichkolwiek zdj\u0119\u0107 lub film\u00f3w, kt\u00f3re mog\u0142yby pos\u0142u\u017cy\u0107 do Twojej identyfikacji.<\/p>\n<p>Kolejn\u0105 wa\u017cn\u0105 wskaz\u00f3wk\u0105 dotycz\u0105c\u0105 bezpiecze\u0144stwa jest to, aby nigdy nie spotyka\u0107 si\u0119 osobi\u015bcie z osob\u0105 poznan\u0105 online. Je\u015bli zdecydujesz si\u0119 z kim\u015b spotka\u0107, upewnij si\u0119, \u017ce robisz to w miejscu publicznym i zabierz ze sob\u0105 przyjaciela lub cz\u0142onka rodziny. Nigdy nie wychod\u017a sam na sam z kim\u015b, kogo nie znasz.<\/p>\n<p>Wreszcie, je\u015bli kiedykolwiek poczujesz si\u0119 niekomfortowo lub niebezpiecznie podczas korzystania z Epikchat, zg\u0142o\u015b u\u017cytkownika moderatorom aplikacji. Podejm\u0105 oni odpowiednie dzia\u0142ania, aby zapewni\u0107 ci bezpiecze\u0144stwo.<\/p>\n<p>Przestrzegaj\u0105c tych prostych wskaz\u00f3wek dotycz\u0105cych bezpiecze\u0144stwa, mo\u017cesz \u015bwietnie si\u0119 bawi\u0107, korzystaj\u0105c z Epikchat bez nara\u017cania si\u0119 na ryzyko.<\/p>\n<h2>Alternatywy dla Epikchat<\/h2>\n<p>Je\u015bli szukasz alternatywy dla Epikchat, istnieje wiele opcji. Oto kilka naszych ulubionych:<\/p>\n<ol>\n<li><a href=\"https:\/\/strangercam.com\/pl\/chatroulette\/\">Chatroulette<\/a>: Ta strona jest bardzo podobna do Epikchat, umo\u017cliwiaj\u0105c czatowanie z przypadkowymi nieznajomymi z ca\u0142ego \u015bwiata. Ma jednak r\u00f3wnie\u017c kilka dodatkowych funkcji, takich jak mo\u017cliwo\u015b\u0107 filtrowania wynik\u00f3w wed\u0142ug kraju lub p\u0142ci.<\/li>\n<li><a href=\"https:\/\/strangercam.com\/pl\/omegle\/\">Omegle<\/a>: Omegle to kolejna popularna witryna czatowa, kt\u00f3ra oferuje podobne wra\u017cenia jak Epikchat. Jednak jedn\u0105 z unikalnych cech tej witryny jest to, \u017ce opr\u00f3cz czat\u00f3w wideo ma ona r\u00f3wnie\u017c sekcj\u0119 do czat\u00f3w tekstowych.<\/li>\n<li>TinyChat: TinyChat to nowsza opcja, kt\u00f3ra sta\u0142a si\u0119 do\u015b\u0107 popularna w ostatnich latach. Oferuje prosty interfejs i pozwala tworzy\u0107 \u201cpokoje\u201d do czat\u00f3w grupowych z maksymalnie 12 osobami. Mo\u017cesz tak\u017ce do\u0142\u0105czy\u0107 do publicznych pokoi na TinyChat, aby pozna\u0107 nowych ludzi.<\/li>\n<\/ol>\n<h2>Wnioski<\/h2>\n<p>Epikchat to \u015bwietny spos\u00f3b na poznawanie nowych ludzi i flirtowanie z nieznajomymi. Jest \u0142atwy w u\u017cyciu i mo\u017cna \u0142\u0105czy\u0107 si\u0119 z lud\u017ami z ca\u0142ego \u015bwiata. Je\u015bli szukasz fajnego sposobu na poznanie nowych ludzi, Epikchat jest zdecydowanie warty sprawdzenia.<\/p>","protected":false},"excerpt":{"rendered":"<p>Epikchat is a new social networking and dating app that lets you meet new people and flirt with strangers. The app is currently available for iOS and Android devices. What is Epikchat? Epikchat is a live video chat platform that allows users to connect with each other in real time. Epikchat provides a unique and [&hellip;]<\/p>\n","protected":false},"author":6,"featured_media":559,"parent":0,"menu_order":0,"comment_status":"closed","ping_status":"closed","template":"","meta":{"footnotes":""},"class_list":["post-11208","page","type-page","status-publish","has-post-thumbnail","hentry"],"yoast_head":"<!-- This site is optimized with the Yoast SEO plugin v27.4 - https:\/\/yoast.com\/product\/yoast-seo-wordpress\/ -->\n<title>Epikchat - Chat with strangers on StrangerCam.com<\/title>\n<meta name=\"description\" content=\"Like Epikchat? Come chat with more than 5.000.000 strangers on Stranger Cam for Free! Turn on your cam and find new friends &amp; maby a match!\" \/>\n<meta name=\"robots\" content=\"index, follow, max-snippet:-1, max-image-preview:large, max-video-preview:-1\" \/>\n<link rel=\"canonical\" href=\"https:\/\/strangercam.com\/pl\/epikchat\/\" \/>\n<meta property=\"og:locale\" content=\"pl_PL\" \/>\n<meta property=\"og:type\" content=\"article\" \/>\n<meta property=\"og:title\" content=\"Epikchat - Chat with strangers on StrangerCam.com\" \/>\n<meta property=\"og:description\" content=\"Like Epikchat? Come chat with more than 5.000.000 strangers on Stranger Cam for Free! Turn on your cam and find new friends &amp; maby a match!\" \/>\n<meta property=\"og:url\" content=\"https:\/\/strangercam.com\/pl\/epikchat\/\" \/>\n<meta property=\"og:site_name\" content=\"Strangercam\" \/>\n<meta property=\"article:publisher\" content=\"https:\/\/www.facebook.com\/strangercam\" \/>\n<meta property=\"article:modified_time\" content=\"2023-08-21T10:24:41+00:00\" \/>\n<meta property=\"og:image\" content=\"https:\/\/strangercam.com\/wp-content\/uploads\/2020\/11\/stranger-cam-1.png\" \/>\n\t<meta property=\"og:image:width\" content=\"800\" \/>\n\t<meta property=\"og:image:height\" content=\"800\" \/>\n\t<meta property=\"og:image:type\" content=\"image\/png\" \/>\n<meta name=\"twitter:card\" content=\"summary_large_image\" \/>\n<meta name=\"twitter:site\" content=\"@strangercamapp\" \/>\n<meta name=\"twitter:label1\" content=\"Szacowany czas czytania\" \/>\n\t<meta name=\"twitter:data1\" content=\"6 minut\" \/>\n<script type=\"application\/ld+json\" class=\"yoast-schema-graph\">{\"@context\":\"https:\\\/\\\/schema.org\",\"@graph\":[{\"@type\":\"WebPage\",\"@id\":\"https:\\\/\\\/strangercam.com\\\/epikchat\\\/\",\"url\":\"https:\\\/\\\/strangercam.com\\\/epikchat\\\/\",\"name\":\"Epikchat - Chat with strangers on StrangerCam.com\",\"isPartOf\":{\"@id\":\"https:\\\/\\\/strangercam.com\\\/#website\"},\"primaryImageOfPage\":{\"@id\":\"https:\\\/\\\/strangercam.com\\\/epikchat\\\/#primaryimage\"},\"image\":{\"@id\":\"https:\\\/\\\/strangercam.com\\\/epikchat\\\/#primaryimage\"},\"thumbnailUrl\":\"https:\\\/\\\/strangercam.com\\\/wp-content\\\/uploads\\\/2020\\\/11\\\/stranger-cam-1.png\",\"datePublished\":\"2022-08-11T14:02:32+00:00\",\"dateModified\":\"2023-08-21T10:24:41+00:00\",\"description\":\"Like Epikchat? Come chat with more than 5.000.000 strangers on Stranger Cam for Free! Turn on your cam and find new friends & maby a match!\",\"breadcrumb\":{\"@id\":\"https:\\\/\\\/strangercam.com\\\/epikchat\\\/#breadcrumb\"},\"inLanguage\":\"pl-PL\",\"potentialAction\":[{\"@type\":\"ReadAction\",\"target\":[\"https:\\\/\\\/strangercam.com\\\/epikchat\\\/\"]}]},{\"@type\":\"ImageObject\",\"inLanguage\":\"pl-PL\",\"@id\":\"https:\\\/\\\/strangercam.com\\\/epikchat\\\/#primaryimage\",\"url\":\"https:\\\/\\\/strangercam.com\\\/wp-content\\\/uploads\\\/2020\\\/11\\\/stranger-cam-1.png\",\"contentUrl\":\"https:\\\/\\\/strangercam.com\\\/wp-content\\\/uploads\\\/2020\\\/11\\\/stranger-cam-1.png\",\"width\":800,\"height\":800,\"caption\":\"stranger cam random video chat\"},{\"@type\":\"BreadcrumbList\",\"@id\":\"https:\\\/\\\/strangercam.com\\\/epikchat\\\/#breadcrumb\",\"itemListElement\":[{\"@type\":\"ListItem\",\"position\":1,\"name\":\"Home\",\"item\":\"https:\\\/\\\/strangercam.com\\\/\"},{\"@type\":\"ListItem\",\"position\":2,\"name\":\"Epikchat\"}]},{\"@type\":\"WebSite\",\"@id\":\"https:\\\/\\\/strangercam.com\\\/#website\",\"url\":\"https:\\\/\\\/strangercam.com\\\/\",\"name\":\"Strangercam\",\"description\":\"Random Video Chat with Strangers\",\"publisher\":{\"@id\":\"https:\\\/\\\/strangercam.com\\\/#organization\"},\"alternateName\":\"Strangercam.com\",\"potentialAction\":[{\"@type\":\"SearchAction\",\"target\":{\"@type\":\"EntryPoint\",\"urlTemplate\":\"https:\\\/\\\/strangercam.com\\\/?s={search_term_string}\"},\"query-input\":{\"@type\":\"PropertyValueSpecification\",\"valueRequired\":true,\"valueName\":\"search_term_string\"}}],\"inLanguage\":\"pl-PL\"},{\"@type\":\"Organization\",\"@id\":\"https:\\\/\\\/strangercam.com\\\/#organization\",\"name\":\"Strangercam\",\"alternateName\":\"Strangercam.com\",\"url\":\"https:\\\/\\\/strangercam.com\\\/\",\"logo\":{\"@type\":\"ImageObject\",\"inLanguage\":\"pl-PL\",\"@id\":\"https:\\\/\\\/strangercam.com\\\/#\\\/schema\\\/logo\\\/image\\\/\",\"url\":\"https:\\\/\\\/strangercam.com\\\/wp-content\\\/uploads\\\/2020\\\/11\\\/cropped-new-favicon-black.png\",\"contentUrl\":\"https:\\\/\\\/strangercam.com\\\/wp-content\\\/uploads\\\/2020\\\/11\\\/cropped-new-favicon-black.png\",\"width\":512,\"height\":512,\"caption\":\"Strangercam\"},\"image\":{\"@id\":\"https:\\\/\\\/strangercam.com\\\/#\\\/schema\\\/logo\\\/image\\\/\"},\"sameAs\":[\"https:\\\/\\\/www.facebook.com\\\/strangercam\",\"https:\\\/\\\/x.com\\\/strangercamapp\"]}]}<\/script>\n<!-- \/ Yoast SEO plugin. -->","yoast_head_json":{"title":"Epikchat - Czat z nieznajomymi na StrangerCam.com","description":"Jak Epikchat? Przyjd\u017a na czat z ponad 5.000.000 nieznajomych na Stranger Cam za darmo! W\u0142\u0105cz kamer\u0119 i znajd\u017a nowych przyjaci\u00f3\u0142 i mo\u017ce mecz!","robots":{"index":"index","follow":"follow","max-snippet":"max-snippet:-1","max-image-preview":"max-image-preview:large","max-video-preview":"max-video-preview:-1"},"canonical":"https:\/\/strangercam.com\/pl\/epikchat\/","og_locale":"pl_PL","og_type":"article","og_title":"Epikchat - Chat with strangers on StrangerCam.com","og_description":"Like Epikchat? Come chat with more than 5.000.000 strangers on Stranger Cam for Free! Turn on your cam and find new friends & maby a match!","og_url":"https:\/\/strangercam.com\/pl\/epikchat\/","og_site_name":"Strangercam","article_publisher":"https:\/\/www.facebook.com\/strangercam","article_modified_time":"2023-08-21T10:24:41+00:00","og_image":[{"width":800,"height":800,"url":"https:\/\/strangercam.com\/wp-content\/uploads\/2020\/11\/stranger-cam-1.png","type":"image\/png"}],"twitter_card":"summary_large_image","twitter_site":"@strangercamapp","twitter_misc":{"Szacowany czas czytania":"6 minut"},"schema":{"@context":"https:\/\/schema.org","@graph":[{"@type":"WebPage","@id":"https:\/\/strangercam.com\/epikchat\/","url":"https:\/\/strangercam.com\/epikchat\/","name":"Epikchat - Czat z nieznajomymi na StrangerCam.com","isPartOf":{"@id":"https:\/\/strangercam.com\/#website"},"primaryImageOfPage":{"@id":"https:\/\/strangercam.com\/epikchat\/#primaryimage"},"image":{"@id":"https:\/\/strangercam.com\/epikchat\/#primaryimage"},"thumbnailUrl":"https:\/\/strangercam.com\/wp-content\/uploads\/2020\/11\/stranger-cam-1.png","datePublished":"2022-08-11T14:02:32+00:00","dateModified":"2023-08-21T10:24:41+00:00","description":"Jak Epikchat? Przyjd\u017a na czat z ponad 5.000.000 nieznajomych na Stranger Cam za darmo! W\u0142\u0105cz kamer\u0119 i znajd\u017a nowych przyjaci\u00f3\u0142 i mo\u017ce mecz!","breadcrumb":{"@id":"https:\/\/strangercam.com\/epikchat\/#breadcrumb"},"inLanguage":"pl-PL","potentialAction":[{"@type":"ReadAction","target":["https:\/\/strangercam.com\/epikchat\/"]}]},{"@type":"ImageObject","inLanguage":"pl-PL","@id":"https:\/\/strangercam.com\/epikchat\/#primaryimage","url":"https:\/\/strangercam.com\/wp-content\/uploads\/2020\/11\/stranger-cam-1.png","contentUrl":"https:\/\/strangercam.com\/wp-content\/uploads\/2020\/11\/stranger-cam-1.png","width":800,"height":800,"caption":"stranger cam random video chat"},{"@type":"BreadcrumbList","@id":"https:\/\/strangercam.com\/epikchat\/#breadcrumb","itemListElement":[{"@type":"ListItem","position":1,"name":"Home","item":"https:\/\/strangercam.com\/"},{"@type":"ListItem","position":2,"name":"Epikchat"}]},{"@type":"WebSite","@id":"https:\/\/strangercam.com\/#website","url":"https:\/\/strangercam.com\/","name":"Strangercam","description":"Losowy czat wideo z nieznajomymi","publisher":{"@id":"https:\/\/strangercam.com\/#organization"},"alternateName":"Strangercam.com","potentialAction":[{"@type":"SearchAction","target":{"@type":"EntryPoint","urlTemplate":"https:\/\/strangercam.com\/?s={search_term_string}"},"query-input":{"@type":"PropertyValueSpecification","valueRequired":true,"valueName":"search_term_string"}}],"inLanguage":"pl-PL"},{"@type":"Organization","@id":"https:\/\/strangercam.com\/#organization","name":"Strangercam","alternateName":"Strangercam.com","url":"https:\/\/strangercam.com\/","logo":{"@type":"ImageObject","inLanguage":"pl-PL","@id":"https:\/\/strangercam.com\/#\/schema\/logo\/image\/","url":"https:\/\/strangercam.com\/wp-content\/uploads\/2020\/11\/cropped-new-favicon-black.png","contentUrl":"https:\/\/strangercam.com\/wp-content\/uploads\/2020\/11\/cropped-new-favicon-black.png","width":512,"height":512,"caption":"Strangercam"},"image":{"@id":"https:\/\/strangercam.com\/#\/schema\/logo\/image\/"},"sameAs":["https:\/\/www.facebook.com\/strangercam","https:\/\/x.com\/strangercamapp"]}]}},"_links":{"self":[{"href":"https:\/\/strangercam.com\/pl\/wp-json\/wp\/v2\/pages\/11208","targetHints":{"allow":["GET"]}}],"collection":[{"href":"https:\/\/strangercam.com\/pl\/wp-json\/wp\/v2\/pages"}],"about":[{"href":"https:\/\/strangercam.com\/pl\/wp-json\/wp\/v2\/types\/page"}],"author":[{"embeddable":true,"href":"https:\/\/strangercam.com\/pl\/wp-json\/wp\/v2\/users\/6"}],"replies":[{"embeddable":true,"href":"https:\/\/strangercam.com\/pl\/wp-json\/wp\/v2\/comments?post=11208"}],"version-history":[{"count":0,"href":"https:\/\/strangercam.com\/pl\/wp-json\/wp\/v2\/pages\/11208\/revisions"}],"wp:featuredmedia":[{"embeddable":true,"href":"https:\/\/strangercam.com\/pl\/wp-json\/wp\/v2\/media\/559"}],"wp:attachment":[{"href":"https:\/\/strangercam.com\/pl\/wp-json\/wp\/v2\/media?parent=11208"}],"curies":[{"name":"wp","href":"https:\/\/api.w.org\/{rel}","templated":true}]}}