{"id":11194,"date":"2022-08-11T15:50:53","date_gmt":"2022-08-11T13:50:53","guid":{"rendered":"https:\/\/strangercam.com\/?page_id=11194"},"modified":"2023-08-21T11:40:39","modified_gmt":"2023-08-21T09:40:39","slug":"camskip","status":"publish","type":"page","link":"https:\/\/strangercam.com\/pl\/camskip\/","title":{"rendered":"Camskip"},"content":{"rendered":"<p>Czy kiedykolwiek marzy\u0142e\u015b o tym, aby omin\u0105\u0107 wszystkie pogaw\u0119dki i przej\u015b\u0107 do przyjemnej cz\u0119\u015bci poznawania nowych ludzi? C\u00f3\u017c, teraz jest na to aplikacja! Camskip to nowa aplikacja randkowa, kt\u00f3ra pozwala w\u0142a\u015bnie na to -... <a href=\"https:\/\/strangercam.com\/pl\/coomeet\/\">spotkanie<\/a> nowych ludzi i <a href=\"https:\/\/strangercam.com\/pl\/flingster\/\">flirt<\/a> z nieznajomymi, bez wszystkich k\u0142opot\u00f3w.<\/p>\n<h2>Co to jest camskip?<\/h2>\n<p>camskip jest nowym randomem <a href=\"https:\/\/strangercam.com\/pl\/chatroulette\/\">czat<\/a> platforma, kt\u00f3ra pozwala poznawa\u0107 nowych ludzi i flirtowa\u0107 z nieznajomymi. Platforma zyskuje coraz wi\u0119ksz\u0105 popularno\u015b\u0107 w\u015br\u00f3d u\u017cytkownik\u00f3w. Koncepcja platformy jest prosta: mo\u017cesz do\u0142\u0105czy\u0107 do istniej\u0105cego pokoju rozm\u00f3w lub stworzy\u0107 w\u0142asny i zaprosi\u0107 do niego inne osoby. Gdy ju\u017c znajdziesz si\u0119 w czacie, mo\u017cesz zacz\u0105\u0107 flirtowa\u0107 z innymi u\u017cytkownikami. Je\u015bli kto\u015b wzbudzi twoje zainteresowanie, mo\u017cesz doda\u0107 go do listy znajomych i kontynuowa\u0107 z nim rozmow\u0119.<\/p>\n<h2>Jak korzysta\u0107 z camskip<\/h2>\n<p>Je\u015bli chcesz pozna\u0107 nowych ludzi i flirtowa\u0107 z nieznajomymi, camskip jest idealn\u0105 platform\u0105 dla Ciebie. Oto kr\u00f3tki przewodnik po tym, jak korzysta\u0107 z camskip:<\/p>\n<ol>\n<li>Za\u0142\u00f3\u017c bezp\u0142atne konto. Musisz poda\u0107 prawid\u0142owy adres e-mail oraz utworzy\u0107 nazw\u0119 u\u017cytkownika i has\u0142o.<\/li>\n<li>Po zalogowaniu mo\u017cesz rozpocz\u0105\u0107 czat z ka\u017cdym, kto jest online. Aby to zrobi\u0107, wystarczy klikn\u0105\u0107 przycisk \"Czat\" w g\u00f3rnej cz\u0119\u015bci strony.<\/li>\n<li>Je\u015bli zobaczysz kogo\u015b, kto Ci si\u0119 podoba, mo\u017cesz wys\u0142a\u0107 mu prywatn\u0105 wiadomo\u015b\u0107, klikaj\u0105c przycisk \"Wiadomo\u015b\u0107\".<\/li>\n<li>Aby z kim\u015b poflirtowa\u0107, kliknij przycisk \u201cFlirtuj\u201d. Spowoduje to wys\u0142anie zalotnej wiadomo\u015bci, kt\u00f3r\u0105 dana osoba mo\u017ce zaakceptowa\u0107 lub odrzuci\u0107.<\/li>\n<li>Je\u015bli chcesz przenie\u015b\u0107 sprawy na wy\u017cszy poziom, mo\u017cesz doda\u0107 ich do listy znajomych, klikaj\u0105c przycisk \u201cDodaj znajomego\u201d. W ten spos\u00f3b mo\u017cesz czatowa\u0107 z nimi za ka\u017cdym razem, gdy s\u0105 online.<\/li>\n<\/ol>\n<h2>Plusy i minusy camskip<\/h2>\n<p>Kamerowanie ma zar\u00f3wno zalety, jak i wady. Pozytywne aspekty obejmuj\u0105 mo\u017cliwo\u015b\u0107 zarabiania pieni\u0119dzy z domu, elastyczno\u015b\u0107 pracy, kiedy chcesz, oraz mo\u017cliwo\u015b\u0107 nawi\u0105zywania kontakt\u00f3w z lud\u017ami z ca\u0142ego \u015bwiata. Z drugiej strony, kamerowanie mo\u017ce by\u0107 do\u015b\u0107 uzale\u017cniaj\u0105ce i mo\u017ce prowadzi\u0107 do trudno\u015bci finansowych, je\u015bli nie jest zarz\u0105dzane ostro\u017cnie.<\/p>\n<p>Camskip ma wiele zalet w por\u00f3wnaniu z innymi metodami komunikacji online. By\u0107 mo\u017ce najbardziej oczywist\u0105 zalet\u0105 jest to, \u017ce jest darmowy. Oznacza to, \u017ce ka\u017cdy, kto ma po\u0142\u0105czenie z Internetem, mo\u017ce korzysta\u0107 z camskip bez konieczno\u015bci uiszczania jakichkolwiek op\u0142at.<\/p>\n<p>Kolejn\u0105 zalet\u0105 camskip jest to, \u017ce zapewnia u\u017cytkownikom bardziej intymn\u0105 form\u0119 komunikacji ni\u017c inne metody, takie jak czaty lub fora. Wynika to z faktu, \u017ce u\u017cytkownicy mog\u0105 widzie\u0107 swoje twarze podczas rozmowy. Mo\u017ce to pom\u00f3c w budowaniu zaufania i relacji mi\u0119dzy u\u017cytkownikami.<\/p>\n<p>Istniej\u0105 jednak r\u00f3wnie\u017c pewne wady zwi\u0105zane z camskip. Jedn\u0105 z nich jest to, \u017ce znalezienie os\u00f3b, z kt\u00f3rymi chcesz porozmawia\u0107 na camskip mo\u017ce by\u0107 do\u015b\u0107 trudne. Dzieje si\u0119 tak dlatego, \u017ce strona opiera si\u0119 na u\u017cytkownikach wyszukuj\u0105cych si\u0119 nawzajem za pomoc\u0105 s\u0142\u00f3w kluczowych i tag\u00f3w. W rezultacie znalezienie kogo\u015b, kto podziela twoje zainteresowania na camskip mo\u017ce by\u0107 do\u015b\u0107 trudne.<\/p>\n<h2>Czego mo\u017cna si\u0119 spodziewa\u0107 podczas korzystania z camskip<\/h2>\n<p>Korzystaj\u0105c z camskip, mo\u017cesz spodziewa\u0107 si\u0119 poznania nowych ludzi z ca\u0142ego \u015bwiata. B\u0119dziesz m\u00f3g\u0142 z nimi rozmawia\u0107 i flirtowa\u0107. Mo\u017cesz nawet znale\u017a\u0107 si\u0119 w zwi\u0105zku z kim\u015b poznanym na camskip.<\/p>\n<h2>Dlaczego camskip jest tak popularn\u0105 platform\u0105 do losowych rozm\u00f3w wideo?<\/h2>\n<p>Od momentu uruchomienia na pocz\u0105tku 2020 roku, camskip sta\u0142 si\u0119 jedn\u0105 z najpopularniejszych platform do losowych rozm\u00f3w wideo w Internecie. Istnieje kilka kluczowych powod\u00f3w, dla kt\u00f3rych camskip jest tak popularny:<\/p>\n<ul>\n<li style=\"font-weight: 400;\" aria-level=\"1\">Camskip jest ca\u0142kowicie darmowy - nie ma \u017cadnych ukrytych op\u0142at ani prowizji.<\/li>\n<li style=\"font-weight: 400;\" aria-level=\"1\">Camskip jest bardzo \u0142atwy w u\u017cyciu - wystarczy kamera internetowa i po\u0142\u0105czenie z Internetem.<\/li>\n<li style=\"font-weight: 400;\" aria-level=\"1\">Camskip oferuje ogromn\u0105 r\u00f3\u017cnorodno\u015b\u0107 funkcji, w tym mo\u017cliwo\u015b\u0107 poznawania nowych ludzi i flirtowania z nieznajomymi.<\/li>\n<li style=\"font-weight: 400;\" aria-level=\"1\">Camskip jest dost\u0119pny w wielu j\u0119zykach, dzi\u0119ki czemu mog\u0105 z niego korzysta\u0107 u\u017cytkownicy z ca\u0142ego \u015bwiata.<\/li>\n<li style=\"font-weight: 400;\" aria-level=\"1\">Camskip stale dodaje nowe funkcje i poprawia komfort u\u017cytkowania.<\/li>\n<\/ul>\n<p>Je\u015bli szukasz zabawnego i \u0142atwego sposobu na poznawanie nowych ludzi i flirtowanie z nieznajomymi, to camskip jest zdecydowanie warty sprawdzenia!<\/p>\n<h2>Jak najlepiej wykorzysta\u0107 camskip<\/h2>\n<p>Nie ma w\u0105tpliwo\u015bci, \u017ce camskip to \u015bwietny spos\u00f3b na poznawanie nowych ludzi i flirtowanie z nieznajomymi. Ale je\u015bli naprawd\u0119 chcesz w pe\u0142ni wykorzysta\u0107 ten portal spo\u0142eczno\u015bciowy, jest kilka rzeczy, o kt\u00f3rych powiniene\u015b pami\u0119ta\u0107.<\/p>\n<p>Po pierwsze, pami\u0119taj o bezpiecze\u0144stwie. Nie podawaj danych osobowych nikomu, kogo nie znasz i uwa\u017caj na to, co m\u00f3wisz na czatach. Nigdy nie wiadomo, kto mo\u017ce czai\u0107 si\u0119 po drugiej stronie.<\/p>\n<p>Po drugie, skorzystaj ze wszystkich funkcji oferowanych przez camskip. U\u017cyj funkcji wyszukiwania, aby znale\u017a\u0107 osoby o podobnych zainteresowaniach, do\u0142\u0105cz do grup i bierz udzia\u0142 w dyskusjach. Im wi\u0119cej interakcji z innymi, tym wi\u0119ksze prawdopodobie\u0144stwo, \u017ce znajdziesz kogo\u015b wyj\u0105tkowego.<\/p>\n<p>Wreszcie, baw si\u0119 dobrze! Flirtowanie i poznawanie nowych ludzi mo\u017ce by\u0107 \u015bwietn\u0105 zabaw\u0105, wi\u0119c nie traktuj siebie zbyt powa\u017cnie. Zrelaksuj si\u0119 i ciesz si\u0119 do\u015bwiadczeniem, a na pewno b\u0119dziesz si\u0119 dobrze bawi\u0107.<\/p>\n<h2>Jakich ludzi mo\u017cna si\u0119 spodziewa\u0107 na dowolnej platformie czatu wideo?<\/h2>\n<p>Ludzie, kt\u00f3rych spotkasz na ka\u017cdym <a href=\"https:\/\/strangercam.com\/pl\/chathub\/\">Losowy czat wideo<\/a> Platforma b\u0119dzie mieszank\u0105. Niekt\u00f3rzy b\u0119d\u0105 przyja\u017ani i otwarci, podczas gdy inni b\u0119d\u0105 bardziej pow\u015bci\u0105gliwi. Mo\u017cesz tak\u017ce spotka\u0107 ludzi z r\u00f3\u017cnych \u015brodowisk, w tym z r\u00f3\u017cnych kultur i \u015brodowisk.<\/p>\n<p>Je\u015bli szukasz mi\u0142o\u015bci lub po prostu odrobiny zabawy, z pewno\u015bci\u0105 znajdziesz j\u0105 na losowej platformie czatu wideo, takiej jak camskip. Nigdy nie wiesz, kogo spotkasz na tych platformach - mo\u017ce to by\u0107 zupe\u0142nie obca osoba z dowolnego miejsca na \u015bwiecie. Ale jedno jest pewne: b\u0119dziesz si\u0119 dobrze bawi\u0107 flirtuj\u0105c i rozmawiaj\u0105c z nowymi osobami na camskip.<\/p>\n<h2>Czy jest bezpieczny w u\u017cyciu?<\/h2>\n<p>Je\u015bli rozwa\u017casz korzystanie z CamSkip do poznawania nowych ludzi i flirtowania z nieznajomymi, mo\u017cesz si\u0119 zastanawia\u0107, czy korzystanie z niego jest bezpieczne. Chocia\u017c nie ma gwarancji, \u017ce b\u0119dziesz mie\u0107 pozytywne do\u015bwiadczenia z korzystania z witryny, jest kilka rzeczy, kt\u00f3re mo\u017cesz zrobi\u0107, aby zapewni\u0107 sobie bezpiecze\u0144stwo. Po pierwsze, po\u015bwi\u0119\u0107 troch\u0119 czasu na zapoznanie si\u0119 ze wskaz\u00f3wkami dotycz\u0105cymi bezpiecze\u0144stwa na stronie. Wskaz\u00f3wki te pomog\u0105 ci unikn\u0105\u0107 potencjalnych zagro\u017ce\u0144 i upewni\u0107 si\u0119, \u017ce wiesz, jak zachowa\u0107 bezpiecze\u0144stwo podczas korzystania z witryny. Ponadto pami\u0119taj, aby rozmawia\u0107 z nieznajomymi tylko w miejscach publicznych. Pomo\u017ce to zmniejszy\u0107 ryzyko spotkania kogo\u015b, kto mo\u017ce nie by\u0107 tak godny zaufania, jak by\u015b chcia\u0142. Wreszcie, zaufaj swojemu instynktowi. Je\u015bli co\u015b jest nie tak z osob\u0105, z kt\u00f3r\u0105 rozmawiasz, prawdopodobnie najlepiej b\u0119dzie przej\u015b\u0107 do kogo\u015b innego. Przestrzegaj\u0105c tych prostych wskaz\u00f3wek dotycz\u0105cych bezpiecze\u0144stwa, mo\u017cesz upewni\u0107 si\u0119, \u017ce Twoje do\u015bwiadczenia z CamSkip s\u0105 pozytywne.<\/p>\n<h2>\u015arodki zapobiegawcze podczas korzystania z losowego czatu wideo<\/h2>\n<p>Podczas korzystania z losowego czatu wideo istniej\u0105 pewne \u015brodki, kt\u00f3re mo\u017cna podj\u0105\u0107, aby zapobiec negatywnym do\u015bwiadczeniom. Po pierwsze, upewnij si\u0119, \u017ce \u0142\u0105czysz si\u0119 tylko z osobami, kt\u00f3re znasz i kt\u00f3rym ufasz. Je\u015bli nie znasz osoby, z kt\u00f3r\u0105 si\u0119 \u0142\u0105czysz, najpierw zr\u00f3b rozeznanie. Po drugie, unikaj udost\u0119pniania jakichkolwiek danych osobowych lub anga\u017cowania si\u0119 w jakiekolwiek dzia\u0142ania, kt\u00f3re mog\u0105 prowadzi\u0107 do kradzie\u017cy to\u017csamo\u015bci lub oszustwa. Wreszcie, zawsze zachowuj ostro\u017cno\u015b\u0107, gdy spotykasz kogo\u015b osobi\u015bcie po raz pierwszy. Je\u015bli to mo\u017cliwe, spotkaj si\u0119 w miejscu publicznym i zabierz kogo\u015b ze sob\u0105. Przestrzegaj\u0105c tych prostych wskaz\u00f3wek, mo\u017cesz mie\u0107 pewno\u015b\u0107, \u017ce twoje do\u015bwiadczenia z losowym czatem wideo b\u0119d\u0105 pozytywne.<\/p>\n<h2>Alternatywa dla camskip<\/h2>\n<p>Istnieje wiele alternatyw dla camskip. Niezale\u017cnie od tego, czy szukasz bardziej zalotnego do\u015bwiadczenia, czy po prostu chcesz pozna\u0107 nowych ludzi, istnieje opcja dla Ciebie. Oto niekt\u00f3re z najlepszych alternatyw dla camskip:<\/p>\n<ol>\n<li><a href=\"https:\/\/strangercam.com\/pl\/omegle\/\">Omegle<\/a>: Ta strona jest podobna do camskip, poniewa\u017c pozwala na czatowanie z nieznajomymi. Ma jednak r\u00f3wnie\u017c sekcj\u0119, w kt\u00f3rej mo\u017cna flirtowa\u0107 z lud\u017ami. To sprawia, \u017ce jest to \u015bwietne rozwi\u0105zanie dla tych, kt\u00f3rzy szukaj\u0105 bardziej zalotnych wra\u017ce\u0144.<\/li>\n<li>Chatrandom: Ta strona jest podobna do camskip, poniewa\u017c umo\u017cliwia czatowanie z nieznajomymi. Ma jednak r\u00f3wnie\u017c sekcj\u0119, w kt\u00f3rej mo\u017cna flirtowa\u0107 z lud\u017ami. To sprawia, \u017ce jest to \u015bwietne rozwi\u0105zanie dla tych, kt\u00f3rzy szukaj\u0105 bardziej zalotnych wra\u017ce\u0144.<\/li>\n<li>DirtyRoulette: Ta strona jest podobna do camskip, poniewa\u017c pozwala na czatowanie z nieznajomymi. Ma jednak r\u00f3wnie\u017c sekcj\u0119, w kt\u00f3rej mo\u017cna flirtowa\u0107 z lud\u017ami. To sprawia, \u017ce jest \u015bwietna dla tych, kt\u00f3rzy szukaj\u0105 bardziej zalotnych wra\u017ce\u0144.<\/li>\n<\/ol>\n<h2>Wnioski<\/h2>\n<p>Je\u015bli szukasz nowego sposobu na poznawanie ludzi i flirtowanie z nieznajomymi, zdecydowanie warto sprawdzi\u0107 camskip. Aplikacja jest darmowa i \u0142atwa w nawigacji, dzi\u0119ki czemu jest \u015bwietn\u0105 opcj\u0105 dla ka\u017cdego, kto jest ciekawy randek online lub po prostu chce rozmawia\u0107 z lud\u017ami z ca\u0142ego \u015bwiata. Niezale\u017cnie od tego, czy szukasz przyja\u017ani, czy czego\u015b wi\u0119cej, camskip mo\u017ce pom\u00f3c ci po\u0142\u0105czy\u0107 si\u0119 z podobnie my\u015bl\u0105cymi lud\u017ami w bezpiecznym i zabawnym \u015brodowisku. Dlaczego wi\u0119c nie spr\u00f3bowa\u0107 ju\u017c dzi\u015b?<\/p>","protected":false},"excerpt":{"rendered":"<p>Have you ever wished you could just skip past all the small talk and get to the fun part of meeting new people? Well, now there&#8217;s an app for that! Camskip is a new dating app that allows you to do just that &#8211; meet new people and flirt with strangers, without all the hassle. [&hellip;]<\/p>\n","protected":false},"author":6,"featured_media":559,"parent":0,"menu_order":0,"comment_status":"closed","ping_status":"closed","template":"","meta":{"footnotes":""},"class_list":["post-11194","page","type-page","status-publish","has-post-thumbnail","hentry"],"yoast_head":"<!-- This site is optimized with the Yoast SEO plugin v26.9 - https:\/\/yoast.com\/product\/yoast-seo-wordpress\/ -->\n<title>Camskip - Chat with strangers on StrangerCam.com<\/title>\n<meta name=\"description\" content=\"Like Camskip? Come chat with more than 5.000.000 strangers on Stranger Cam for Free! Turn on your cam and find new friends &amp; maby a match!\" \/>\n<meta name=\"robots\" content=\"index, follow, max-snippet:-1, max-image-preview:large, max-video-preview:-1\" \/>\n<link rel=\"canonical\" href=\"https:\/\/strangercam.com\/pl\/camskip\/\" \/>\n<meta property=\"og:locale\" content=\"pl_PL\" \/>\n<meta property=\"og:type\" content=\"article\" \/>\n<meta property=\"og:title\" content=\"Camskip - Chat with strangers on StrangerCam.com\" \/>\n<meta property=\"og:description\" content=\"Like Camskip? Come chat with more than 5.000.000 strangers on Stranger Cam for Free! Turn on your cam and find new friends &amp; maby a match!\" \/>\n<meta property=\"og:url\" content=\"https:\/\/strangercam.com\/pl\/camskip\/\" \/>\n<meta property=\"og:site_name\" content=\"Strangercam\" \/>\n<meta property=\"article:publisher\" content=\"https:\/\/www.facebook.com\/strangercam\" \/>\n<meta property=\"article:modified_time\" content=\"2023-08-21T09:40:39+00:00\" \/>\n<meta property=\"og:image\" content=\"https:\/\/strangercam.com\/wp-content\/uploads\/2020\/11\/stranger-cam-1.png\" \/>\n\t<meta property=\"og:image:width\" content=\"800\" \/>\n\t<meta property=\"og:image:height\" content=\"800\" \/>\n\t<meta property=\"og:image:type\" content=\"image\/png\" \/>\n<meta name=\"twitter:card\" content=\"summary_large_image\" \/>\n<meta name=\"twitter:site\" content=\"@strangercamapp\" \/>\n<meta name=\"twitter:label1\" content=\"Szacowany czas czytania\" \/>\n\t<meta name=\"twitter:data1\" content=\"7 minut\" \/>\n<script type=\"application\/ld+json\" class=\"yoast-schema-graph\">{\"@context\":\"https:\/\/schema.org\",\"@graph\":[{\"@type\":\"WebPage\",\"@id\":\"https:\/\/strangercam.com\/camskip\/\",\"url\":\"https:\/\/strangercam.com\/camskip\/\",\"name\":\"Camskip - Chat with strangers on StrangerCam.com\",\"isPartOf\":{\"@id\":\"https:\/\/strangercam.com\/#website\"},\"primaryImageOfPage\":{\"@id\":\"https:\/\/strangercam.com\/camskip\/#primaryimage\"},\"image\":{\"@id\":\"https:\/\/strangercam.com\/camskip\/#primaryimage\"},\"thumbnailUrl\":\"https:\/\/strangercam.com\/wp-content\/uploads\/2020\/11\/stranger-cam-1.png\",\"datePublished\":\"2022-08-11T13:50:53+00:00\",\"dateModified\":\"2023-08-21T09:40:39+00:00\",\"description\":\"Like Camskip? Come chat with more than 5.000.000 strangers on Stranger Cam for Free! Turn on your cam and find new friends & maby a match!\",\"breadcrumb\":{\"@id\":\"https:\/\/strangercam.com\/camskip\/#breadcrumb\"},\"inLanguage\":\"pl-PL\",\"potentialAction\":[{\"@type\":\"ReadAction\",\"target\":[\"https:\/\/strangercam.com\/camskip\/\"]}]},{\"@type\":\"ImageObject\",\"inLanguage\":\"pl-PL\",\"@id\":\"https:\/\/strangercam.com\/camskip\/#primaryimage\",\"url\":\"https:\/\/strangercam.com\/wp-content\/uploads\/2020\/11\/stranger-cam-1.png\",\"contentUrl\":\"https:\/\/strangercam.com\/wp-content\/uploads\/2020\/11\/stranger-cam-1.png\",\"width\":800,\"height\":800,\"caption\":\"stranger cam random video chat\"},{\"@type\":\"BreadcrumbList\",\"@id\":\"https:\/\/strangercam.com\/camskip\/#breadcrumb\",\"itemListElement\":[{\"@type\":\"ListItem\",\"position\":1,\"name\":\"Home\",\"item\":\"https:\/\/strangercam.com\/\"},{\"@type\":\"ListItem\",\"position\":2,\"name\":\"Camskip\"}]},{\"@type\":\"WebSite\",\"@id\":\"https:\/\/strangercam.com\/#website\",\"url\":\"https:\/\/strangercam.com\/\",\"name\":\"Strangercam\",\"description\":\"Random Video Chat with Strangers\",\"publisher\":{\"@id\":\"https:\/\/strangercam.com\/#organization\"},\"alternateName\":\"Strangercam.com\",\"potentialAction\":[{\"@type\":\"SearchAction\",\"target\":{\"@type\":\"EntryPoint\",\"urlTemplate\":\"https:\/\/strangercam.com\/?s={search_term_string}\"},\"query-input\":{\"@type\":\"PropertyValueSpecification\",\"valueRequired\":true,\"valueName\":\"search_term_string\"}}],\"inLanguage\":\"pl-PL\"},{\"@type\":\"Organization\",\"@id\":\"https:\/\/strangercam.com\/#organization\",\"name\":\"Strangercam\",\"alternateName\":\"Strangercam.com\",\"url\":\"https:\/\/strangercam.com\/\",\"logo\":{\"@type\":\"ImageObject\",\"inLanguage\":\"pl-PL\",\"@id\":\"https:\/\/strangercam.com\/#\/schema\/logo\/image\/\",\"url\":\"https:\/\/strangercam.com\/wp-content\/uploads\/2020\/11\/cropped-new-favicon-black.png\",\"contentUrl\":\"https:\/\/strangercam.com\/wp-content\/uploads\/2020\/11\/cropped-new-favicon-black.png\",\"width\":512,\"height\":512,\"caption\":\"Strangercam\"},\"image\":{\"@id\":\"https:\/\/strangercam.com\/#\/schema\/logo\/image\/\"},\"sameAs\":[\"https:\/\/www.facebook.com\/strangercam\",\"https:\/\/x.com\/strangercamapp\"]}]}<\/script>\n<!-- \/ Yoast SEO plugin. -->","yoast_head_json":{"title":"Camskip - Czat z nieznajomymi na StrangerCam.com","description":"Jak Camskip? Przyjd\u017a na czat z ponad 5.000.000 nieznajomych na Stranger Cam za darmo! W\u0142\u0105cz kamer\u0119 i znajd\u017a nowych przyjaci\u00f3\u0142 i mo\u017ce mecz!","robots":{"index":"index","follow":"follow","max-snippet":"max-snippet:-1","max-image-preview":"max-image-preview:large","max-video-preview":"max-video-preview:-1"},"canonical":"https:\/\/strangercam.com\/pl\/camskip\/","og_locale":"pl_PL","og_type":"article","og_title":"Camskip - Chat with strangers on StrangerCam.com","og_description":"Like Camskip? Come chat with more than 5.000.000 strangers on Stranger Cam for Free! Turn on your cam and find new friends & maby a match!","og_url":"https:\/\/strangercam.com\/pl\/camskip\/","og_site_name":"Strangercam","article_publisher":"https:\/\/www.facebook.com\/strangercam","article_modified_time":"2023-08-21T09:40:39+00:00","og_image":[{"width":800,"height":800,"url":"https:\/\/strangercam.com\/wp-content\/uploads\/2020\/11\/stranger-cam-1.png","type":"image\/png"}],"twitter_card":"summary_large_image","twitter_site":"@strangercamapp","twitter_misc":{"Szacowany czas czytania":"7 minut"},"schema":{"@context":"https:\/\/schema.org","@graph":[{"@type":"WebPage","@id":"https:\/\/strangercam.com\/camskip\/","url":"https:\/\/strangercam.com\/camskip\/","name":"Camskip - Czat z nieznajomymi na StrangerCam.com","isPartOf":{"@id":"https:\/\/strangercam.com\/#website"},"primaryImageOfPage":{"@id":"https:\/\/strangercam.com\/camskip\/#primaryimage"},"image":{"@id":"https:\/\/strangercam.com\/camskip\/#primaryimage"},"thumbnailUrl":"https:\/\/strangercam.com\/wp-content\/uploads\/2020\/11\/stranger-cam-1.png","datePublished":"2022-08-11T13:50:53+00:00","dateModified":"2023-08-21T09:40:39+00:00","description":"Jak Camskip? Przyjd\u017a na czat z ponad 5.000.000 nieznajomych na Stranger Cam za darmo! W\u0142\u0105cz kamer\u0119 i znajd\u017a nowych przyjaci\u00f3\u0142 i mo\u017ce mecz!","breadcrumb":{"@id":"https:\/\/strangercam.com\/camskip\/#breadcrumb"},"inLanguage":"pl-PL","potentialAction":[{"@type":"ReadAction","target":["https:\/\/strangercam.com\/camskip\/"]}]},{"@type":"ImageObject","inLanguage":"pl-PL","@id":"https:\/\/strangercam.com\/camskip\/#primaryimage","url":"https:\/\/strangercam.com\/wp-content\/uploads\/2020\/11\/stranger-cam-1.png","contentUrl":"https:\/\/strangercam.com\/wp-content\/uploads\/2020\/11\/stranger-cam-1.png","width":800,"height":800,"caption":"stranger cam random video chat"},{"@type":"BreadcrumbList","@id":"https:\/\/strangercam.com\/camskip\/#breadcrumb","itemListElement":[{"@type":"ListItem","position":1,"name":"Home","item":"https:\/\/strangercam.com\/"},{"@type":"ListItem","position":2,"name":"Camskip"}]},{"@type":"WebSite","@id":"https:\/\/strangercam.com\/#website","url":"https:\/\/strangercam.com\/","name":"Strangercam","description":"Losowy czat wideo z nieznajomymi","publisher":{"@id":"https:\/\/strangercam.com\/#organization"},"alternateName":"Strangercam.com","potentialAction":[{"@type":"SearchAction","target":{"@type":"EntryPoint","urlTemplate":"https:\/\/strangercam.com\/?s={search_term_string}"},"query-input":{"@type":"PropertyValueSpecification","valueRequired":true,"valueName":"search_term_string"}}],"inLanguage":"pl-PL"},{"@type":"Organization","@id":"https:\/\/strangercam.com\/#organization","name":"Strangercam","alternateName":"Strangercam.com","url":"https:\/\/strangercam.com\/","logo":{"@type":"ImageObject","inLanguage":"pl-PL","@id":"https:\/\/strangercam.com\/#\/schema\/logo\/image\/","url":"https:\/\/strangercam.com\/wp-content\/uploads\/2020\/11\/cropped-new-favicon-black.png","contentUrl":"https:\/\/strangercam.com\/wp-content\/uploads\/2020\/11\/cropped-new-favicon-black.png","width":512,"height":512,"caption":"Strangercam"},"image":{"@id":"https:\/\/strangercam.com\/#\/schema\/logo\/image\/"},"sameAs":["https:\/\/www.facebook.com\/strangercam","https:\/\/x.com\/strangercamapp"]}]}},"_links":{"self":[{"href":"https:\/\/strangercam.com\/pl\/wp-json\/wp\/v2\/pages\/11194","targetHints":{"allow":["GET"]}}],"collection":[{"href":"https:\/\/strangercam.com\/pl\/wp-json\/wp\/v2\/pages"}],"about":[{"href":"https:\/\/strangercam.com\/pl\/wp-json\/wp\/v2\/types\/page"}],"author":[{"embeddable":true,"href":"https:\/\/strangercam.com\/pl\/wp-json\/wp\/v2\/users\/6"}],"replies":[{"embeddable":true,"href":"https:\/\/strangercam.com\/pl\/wp-json\/wp\/v2\/comments?post=11194"}],"version-history":[{"count":0,"href":"https:\/\/strangercam.com\/pl\/wp-json\/wp\/v2\/pages\/11194\/revisions"}],"wp:featuredmedia":[{"embeddable":true,"href":"https:\/\/strangercam.com\/pl\/wp-json\/wp\/v2\/media\/559"}],"wp:attachment":[{"href":"https:\/\/strangercam.com\/pl\/wp-json\/wp\/v2\/media?parent=11194"}],"curies":[{"name":"wp","href":"https:\/\/api.w.org\/{rel}","templated":true}]}}