{"id":11167,"date":"2022-08-11T15:18:17","date_gmt":"2022-08-11T13:18:17","guid":{"rendered":"https:\/\/strangercam.com\/?page_id=11167"},"modified":"2023-08-21T12:48:49","modified_gmt":"2023-08-21T10:48:49","slug":"czat-ulive","status":"publish","type":"page","link":"https:\/\/strangercam.com\/pl\/ulive-chat\/","title":{"rendered":"Ulive Chat"},"content":{"rendered":"<p>W dzisiejszych czasach dystansu spo\u0142ecznego mo\u017ce by\u0107 trudno znale\u017a\u0107 sposoby na nawi\u0105zanie kontaktu z innymi. Jest jednak jedno miejsce, w kt\u00f3rym zawsze mo\u017cesz porozmawia\u0107 z nieznajomymi: ulive-chat. Na ulive-chat mo\u017cesz <a href=\"https:\/\/strangercam.com\/pl\/chatroulette\/\">czat<\/a> z lud\u017ami z ca\u0142ego \u015bwiata o wszystkim i o niczym. Wi\u0119c wejd\u017a i zacznij <a href=\"https:\/\/strangercam.com\/pl\/chatingly\/\">czat<\/a>!<\/p>\n<h2>Czym jest czat ulive?<\/h2>\n<p>ulive-chat to nowa platforma medi\u00f3w spo\u0142eczno\u015bciowych, kt\u00f3ra pozwala u\u017cytkownikom \u0142\u0105czy\u0107 si\u0119 ze sob\u0105 za pomoc\u0105 kr\u00f3tkich, 10-sekundowych wiadomo\u015bci. <a href=\"https:\/\/strangercam.com\/pl\/rabbit-video-chat\/\">wideo<\/a> czaty. To \u015bwietny spos\u00f3b na <a href=\"https:\/\/strangercam.com\/pl\/coomeet\/\">spotkanie<\/a> nowych ludzi i nawi\u0105zywa\u0107 znajomo\u015bci z ca\u0142ego \u015bwiata. Mo\u017cesz u\u017cy\u0107 ulive-chat, aby porozmawia\u0107 o czymkolwiek chcesz, czy to o swoim ulubionym programie telewizyjnym, najnowszych wiadomo\u015bciach, czy po prostu o tym, co masz na my\u015bli.<\/p>\n<h2>Jak rozpocz\u0105\u0107 czat na czacie ulive<\/h2>\n<p>Je\u015bli czujesz si\u0119 samotny i chcesz z kim\u015b porozmawia\u0107, ulive-chat jest \u015bwietn\u0105 opcj\u0105. Jest to us\u0142uga czatu, kt\u00f3ra \u0142\u0105czy Ci\u0119 z lud\u017ami z ca\u0142ego \u015bwiata, dzi\u0119ki czemu mo\u017cesz nawi\u0105zywa\u0107 nowe znajomo\u015bci i poznawa\u0107 nowe kultury. Oto jak rozpocz\u0105\u0107 czat na ulive-chat:<\/p>\n<ol>\n<li>Wejd\u017a na stron\u0119 ulive-chat i utw\u00f3rz konto.<\/li>\n<li>Po zalogowaniu kliknij przycisk \"Rozpocznij czat\".<\/li>\n<li>Pojawi si\u0119 lista os\u00f3b, kt\u00f3re s\u0105 aktualnie online. Wybierz osob\u0119, z kt\u00f3r\u0105 chcesz porozmawia\u0107 i kliknij jej imi\u0119.<\/li>\n<li>Otworzy si\u0119 nowe okno czatu. Zacznij rozmawia\u0107 z nowym znajomym!<\/li>\n<\/ol>\n<h2>O czym rozmawia\u0107 z nieznajomymi na czacie ulive?<\/h2>\n<p>Je\u015bli szukasz czego\u015b, o czym m\u00f3g\u0142by\u015b porozmawia\u0107 z nieznajomymi na czacie ulive, oto kilka pomys\u0142\u00f3w:<\/p>\n<ul>\n<li style=\"font-weight: 400;\" aria-level=\"1\">Przedstaw si\u0119 i zapytaj drug\u0105 osob\u0119, jak ma na imi\u0119?<\/li>\n<li style=\"font-weight: 400;\" aria-level=\"1\">Sk\u0105d oni s\u0105?<\/li>\n<li style=\"font-weight: 400;\" aria-level=\"1\">Czym si\u0119 zajmuj\u0105 na co dzie\u0144?<\/li>\n<li style=\"font-weight: 400;\" aria-level=\"1\">Jakie s\u0105 ich hobby?<\/li>\n<li style=\"font-weight: 400;\" aria-level=\"1\">Czy maj\u0105 jakie\u015b zwierz\u0119ta?<\/li>\n<li style=\"font-weight: 400;\" aria-level=\"1\">Jaka jest ich ulubiona muzyka\/film\/program telewizyjny?<\/li>\n<li style=\"font-weight: 400;\" aria-level=\"1\">Jaki by\u0142 najlepszy dzie\u0144 w ich \u017cyciu?<\/li>\n<li style=\"font-weight: 400;\" aria-level=\"1\">Jaki jest ich najgorszy strach?<\/li>\n<li style=\"font-weight: 400;\" aria-level=\"1\">Jakie jest ich najwi\u0119ksze osi\u0105gni\u0119cie?<\/li>\n<li style=\"font-weight: 400;\" aria-level=\"1\">Czy maj\u0105 jakie\u015b dziwne talenty?<\/li>\n<li style=\"font-weight: 400;\" aria-level=\"1\">Jaka jest najlepsza rada, jak\u0105 kiedykolwiek otrzymali?<\/li>\n<\/ul>\n<h2>Plusy i minusy czatu na \u017cywo<\/h2>\n<p>ulive-chat to serwis spo\u0142eczno\u015bciowy, kt\u00f3ry pozwala u\u017cytkownikom komunikowa\u0107 si\u0119 ze sob\u0105 w czasie rzeczywistym. Witryna istnieje od kilku lat i zyska\u0142a lojaln\u0105 rzesz\u0119 u\u017cytkownik\u00f3w. Jednak, podobnie jak w przypadku wszystkich portali spo\u0142eczno\u015bciowych, korzystanie z ulive-chat ma swoje wady i zalety.<\/p>\n<p>Zalety korzystania z ulive-chat s\u0105 nast\u0119puj\u0105ce:<\/p>\n<ul>\n<li style=\"font-weight: 400;\" aria-level=\"1\">Strona jest \u0142atwa w obs\u0142udze i nawigacji.<\/li>\n<li style=\"font-weight: 400;\" aria-level=\"1\">U\u017cytkownicy mog\u0105 komunikowa\u0107 si\u0119 ze sob\u0105 w czasie rzeczywistym.<\/li>\n<li style=\"font-weight: 400;\" aria-level=\"1\">Strona ma lojalnych u\u017cytkownik\u00f3w.<\/li>\n<li style=\"font-weight: 400;\" aria-level=\"1\">Strona jest <a href=\"https:\/\/strangercam.com\/pl\/chat4free\/\">darmowy<\/a> do u\u017cycia.<\/li>\n<\/ul>\n<p>Wady korzystania z ulive-chat s\u0105 nast\u0119puj\u0105ce:<\/p>\n<ul>\n<li style=\"font-weight: 400;\" aria-level=\"1\">Niekt\u00f3rzy u\u017cytkownicy zg\u0142aszali, \u017ce witryna czasami dzia\u0142a nieprawid\u0142owo i wolno.<\/li>\n<li style=\"font-weight: 400;\" aria-level=\"1\">Nie ma sposobu na zweryfikowanie to\u017csamo\u015bci innych u\u017cytkownik\u00f3w, wi\u0119c istnieje mo\u017cliwo\u015b\u0107 oszustwa.<\/li>\n<li style=\"font-weight: 400;\" aria-level=\"1\">Niekt\u00f3rzy u\u017cytkownicy skar\u017cyli si\u0119, \u017ce interfejs strony nie jest tak przyjazny dla u\u017cytkownika, jak m\u00f3g\u0142by by\u0107.<\/li>\n<\/ul>\n<h2>Dlaczego czat ulive jest tak popularn\u0105 platform\u0105 do losowych rozm\u00f3w wideo?<\/h2>\n<p>ulive-chat jest popularn\u0105 platform\u0105 do losowych rozm\u00f3w wideo z wielu powod\u00f3w. Po pierwsze, jest \u0142atwa w u\u017cyciu i nie wymaga rejestracji. Po drugie, oferuje szeroki zakres funkcji, kt\u00f3re pozwalaj\u0105 u\u017cytkownikom dostosowa\u0107 swoje do\u015bwiadczenia. Wreszcie, ma siln\u0105 spo\u0142eczno\u015b\u0107 u\u017cytkownik\u00f3w, kt\u00f3rzy zawsze ch\u0119tnie pomagaj\u0105 pocz\u0105tkuj\u0105cym.<\/p>\n<h2>Jak zako\u0144czy\u0107 czat na czacie ulive<\/h2>\n<p>Je\u015bli sko\u0144czysz rozmawia\u0107 z kim\u015b na ulive-chat, po prostu kliknij przycisk \"zako\u0144cz czat\". Spowoduje to zako\u0144czenie rozmowy i powr\u00f3t do g\u0142\u00f3wnej strony ulive-chat.<\/p>\n<h2>Korzy\u015bci z rozmawiania z nieznajomymi na czacie ulive<\/h2>\n<p>Wszyscy znamy powiedzenie: \"Dobrze jest rozmawia\u0107 z nieznajomymi\". I jest w tym wiele prawdy. Rozmowa z nieznajomymi mo\u017ce by\u0107 \u015bwietnym sposobem na wyj\u015bcie ze strefy komfortu i poznanie nowych ludzi. Ale co zrobi\u0107, je\u015bli nie wiesz, jak rozpocz\u0105\u0107 rozmow\u0119 z nieznajomym? Tutaj z pomoc\u0105 przychodzi ulive-chat.<\/p>\n<p>ulive-chat to strona internetowa, kt\u00f3ra umo\u017cliwia czatowanie z nieznajomymi z ca\u0142ego \u015bwiata. To \u015bwietny spos\u00f3b na \u0107wiczenie umiej\u0119tno\u015bci spo\u0142ecznych i poznawanie ludzi z r\u00f3\u017cnych kultur. A co najlepsze, jest ca\u0142kowicie darmowy!<\/p>\n<p>Dlaczego wi\u0119c nie spr\u00f3bowa\u0107? Mo\u017ce si\u0119 okaza\u0107, \u017ce rozmowa z nieznajomymi jest przyjemniejsza ni\u017c my\u015bla\u0142e\u015b!<\/p>\n<h2>Jak najlepiej wykorzysta\u0107 ulive chat?<\/h2>\n<p>ulive-chat to \u015bwietna platforma do rozm\u00f3w z nieznajomymi i nawi\u0105zywania nowych znajomo\u015bci. Oto kilka wskaz\u00f3wek, jak najlepiej wykorzysta\u0107 ulive-chat:<\/p>\n<ol>\n<li>B\u0105d\u017a otwarty i przyjazny. Nikt nie chce rozmawia\u0107 ze zrz\u0119dliw\u0105 osob\u0105, wi\u0119c u\u015bmiechnij si\u0119 i b\u0105d\u017a gotowy do rozmowy.<\/li>\n<li>Nie b\u00f3j si\u0119 rozpocz\u0105\u0107 rozmowy. Prze\u0142amanie lod\u00f3w mo\u017ce by\u0107 trudne, ale pami\u0119taj, \u017ce wszyscy inni s\u0105 na tej samej \u0142odzi. Po prostu przywitaj si\u0119 i zobacz, dok\u0105d zaprowadzi Ci\u0119 rozmowa.<\/li>\n<li>Zadawaj pytania. Ludzie uwielbiaj\u0105 m\u00f3wi\u0107 o sobie, wi\u0119c zadawaj du\u017co pyta\u0144, aby sk\u0142oni\u0107 drug\u0105 osob\u0119 do m\u00f3wienia. W ten spos\u00f3b dowiesz si\u0119 o nich wielu interesuj\u0105cych rzeczy.<\/li>\n<li>B\u0105d\u017a aktywnym s\u0142uchaczem. Naprawd\u0119 zwracaj uwag\u0119 na to, co m\u00f3wi druga osoba, a szybko zbudujesz z ni\u0105 relacj\u0119.<\/li>\n<li>Baw si\u0119 dobrze! Rozmowa z nieznajomymi mo\u017ce by\u0107 \u015bwietn\u0105 zabaw\u0105, wi\u0119c zrelaksuj si\u0119 i ciesz si\u0119 tym do\u015bwiadczeniem.<\/li>\n<\/ol>\n<h2>Ryzyko zwi\u0105zane z rozmawianiem z nieznajomymi na czacie ulive<\/h2>\n<p>Kiedy rozmawiasz z kim\u015b na czacie ulive, nigdy nie masz pewno\u015bci, kim ta osoba jest. Mo\u017ce to by\u0107 ka\u017cdy, z dowolnego miejsca na \u015bwiecie i nie wiesz, jakie s\u0105 jego intencje. Chocia\u017c poznawanie nowych ludzi i prowadzenie zabawnych rozm\u00f3w jest \u015bwietne, musisz zdawa\u0107 sobie spraw\u0119 z ryzyka zwi\u0105zanego z rozmowami z nieznajomymi online. Oto kilka rzeczy, o kt\u00f3rych nale\u017cy pami\u0119ta\u0107:<\/p>\n<ol>\n<li>Nie wiesz, kim jest dana osoba. Osoba, z kt\u00f3r\u0105 rozmawiasz, mo\u017ce k\u0142ama\u0107 na temat swojej to\u017csamo\u015bci. Mo\u017ce udawa\u0107 kogo\u015b, kim nie jest lub u\u017cywa\u0107 fa\u0142szywego zdj\u0119cia profilowego. Zachowaj ostro\u017cno\u015b\u0107, udost\u0119pniaj\u0105c dane osobowe osobie, kt\u00f3rej nie znasz.<\/li>\n<li>Mog\u0105 pr\u00f3bowa\u0107 ci\u0119 oszuka\u0107. Niestety, istniej\u0105 ludzie, kt\u00f3rzy pr\u00f3buj\u0105 wykorzysta\u0107 innych, nak\u0142aniaj\u0105c ich do wys\u0142ania pieni\u0119dzy lub udost\u0119pnienia danych osobowych. Je\u015bli kto\u015b na ulive-chat prosi Ci\u0119 o pieni\u0105dze lub numer karty kredytowej, uwa\u017caj!<\/li>\n<li>Mo\u017cesz ujawnia\u0107 zbyt wiele o sobie. Kiedy rozmawiasz z kim\u015b, kogo nie znasz, \u0142atwo jest da\u0107 si\u0119 wci\u0105gn\u0105\u0107 w rozmow\u0119 i ujawni\u0107 wi\u0119cej, ni\u017c zamierza\u0142e\u015b. Uwa\u017caj na to, co udost\u0119pniasz, i nie zdradzaj tego.<\/li>\n<\/ol>\n<h2>Czy jest bezpieczny w u\u017cyciu?<\/h2>\n<p>Je\u015bli zastanawiasz si\u0119, czy korzystanie z ulive-chat do rozm\u00f3w z nieznajomymi jest bezpieczne, odpowied\u017a brzmi: to zale\u017cy. Chocia\u017c ulive-chat ma pewne \u015brodki bezpiecze\u0144stwa, takie jak zezwalanie na korzystanie z witryny tylko u\u017cytkownikom, kt\u00f3rzy uko\u0144czyli 18 lat, zawsze istnieje ryzyko podczas rozmowy z osobami, kt\u00f3rych nie znasz online.<\/p>\n<p>Bior\u0105c to pod uwag\u0119, je\u015bli zachowasz zdrowy rozs\u0105dek i podejmiesz podstawowe \u015brodki ostro\u017cno\u015bci, takie jak nieudost\u0119pnianie danych osobowych lub spotykanie si\u0119 z nieznajomymi osobi\u015bcie, powiniene\u015b by\u0107 bezpieczny. Tak d\u0142ugo, jak jeste\u015b \u015bwiadomy ryzyka, korzystanie z ulive-chat do rozmowy z nieznajomymi mo\u017ce by\u0107 zabawnym i interesuj\u0105cym do\u015bwiadczeniem.<\/p>\n<h2>Wnioski<\/h2>\n<p>Je\u015bli szukasz zabawnego i \u0142atwego sposobu na nawi\u0105zywanie kontakt\u00f3w z nowymi lud\u017ami, to zdecydowanie warto sprawdzi\u0107 ulive-chat. Najlepsze jest to, \u017ce na ulive-chat nie ma nieznajomych - wszyscy s\u0105 tam, aby rozmawia\u0107 i dobrze si\u0119 bawi\u0107. Wi\u0119c \u015bmia\u0142o i spr\u00f3buj - by\u0107 mo\u017ce poznasz nowych przyjaci\u00f3\u0142.<\/p>","protected":false},"excerpt":{"rendered":"<p>In these days of social distancing, it can be hard to find ways to connect with others. But there&#8217;s one place you can always go to talk with strangers: ulive-chat. On ulive-chat, you can chat with people from all over the world about anything and everything. So come on in and start chatting! What is [&hellip;]<\/p>\n","protected":false},"author":6,"featured_media":559,"parent":0,"menu_order":0,"comment_status":"closed","ping_status":"closed","template":"","meta":{"footnotes":""},"class_list":["post-11167","page","type-page","status-publish","has-post-thumbnail","hentry"],"yoast_head":"<!-- This site is optimized with the Yoast SEO plugin v27.4 - https:\/\/yoast.com\/product\/yoast-seo-wordpress\/ -->\n<title>Ulive Chat - Chat with strangers on StrangerCam.com<\/title>\n<meta name=\"description\" content=\"Like Ulive Chat? Come chat with more than 5.000.000 strangers on Stranger Cam for Free! Turn on your cam and find new friends &amp; maby a match!\" \/>\n<meta name=\"robots\" content=\"index, follow, max-snippet:-1, max-image-preview:large, max-video-preview:-1\" \/>\n<link rel=\"canonical\" href=\"https:\/\/strangercam.com\/pl\/czat-ulive\/\" \/>\n<meta property=\"og:locale\" content=\"pl_PL\" \/>\n<meta property=\"og:type\" content=\"article\" \/>\n<meta property=\"og:title\" content=\"Ulive Chat - Chat with strangers on StrangerCam.com\" \/>\n<meta property=\"og:description\" content=\"Like Ulive Chat? Come chat with more than 5.000.000 strangers on Stranger Cam for Free! Turn on your cam and find new friends &amp; maby a match!\" \/>\n<meta property=\"og:url\" content=\"https:\/\/strangercam.com\/pl\/czat-ulive\/\" \/>\n<meta property=\"og:site_name\" content=\"Strangercam\" \/>\n<meta property=\"article:publisher\" content=\"https:\/\/www.facebook.com\/strangercam\" \/>\n<meta property=\"article:modified_time\" content=\"2023-08-21T10:48:49+00:00\" \/>\n<meta property=\"og:image\" content=\"https:\/\/strangercam.com\/wp-content\/uploads\/2020\/11\/stranger-cam-1.png\" \/>\n\t<meta property=\"og:image:width\" content=\"800\" \/>\n\t<meta property=\"og:image:height\" content=\"800\" \/>\n\t<meta property=\"og:image:type\" content=\"image\/png\" \/>\n<meta name=\"twitter:card\" content=\"summary_large_image\" \/>\n<meta name=\"twitter:site\" content=\"@strangercamapp\" \/>\n<meta name=\"twitter:label1\" content=\"Szacowany czas czytania\" \/>\n\t<meta name=\"twitter:data1\" content=\"6 minut\" \/>\n<script type=\"application\/ld+json\" class=\"yoast-schema-graph\">{\"@context\":\"https:\\\/\\\/schema.org\",\"@graph\":[{\"@type\":\"WebPage\",\"@id\":\"https:\\\/\\\/strangercam.com\\\/ulive-chat\\\/\",\"url\":\"https:\\\/\\\/strangercam.com\\\/ulive-chat\\\/\",\"name\":\"Ulive Chat - Chat with strangers on StrangerCam.com\",\"isPartOf\":{\"@id\":\"https:\\\/\\\/strangercam.com\\\/#website\"},\"primaryImageOfPage\":{\"@id\":\"https:\\\/\\\/strangercam.com\\\/ulive-chat\\\/#primaryimage\"},\"image\":{\"@id\":\"https:\\\/\\\/strangercam.com\\\/ulive-chat\\\/#primaryimage\"},\"thumbnailUrl\":\"https:\\\/\\\/strangercam.com\\\/wp-content\\\/uploads\\\/2020\\\/11\\\/stranger-cam-1.png\",\"datePublished\":\"2022-08-11T13:18:17+00:00\",\"dateModified\":\"2023-08-21T10:48:49+00:00\",\"description\":\"Like Ulive Chat? Come chat with more than 5.000.000 strangers on Stranger Cam for Free! Turn on your cam and find new friends & maby a match!\",\"breadcrumb\":{\"@id\":\"https:\\\/\\\/strangercam.com\\\/ulive-chat\\\/#breadcrumb\"},\"inLanguage\":\"pl-PL\",\"potentialAction\":[{\"@type\":\"ReadAction\",\"target\":[\"https:\\\/\\\/strangercam.com\\\/ulive-chat\\\/\"]}]},{\"@type\":\"ImageObject\",\"inLanguage\":\"pl-PL\",\"@id\":\"https:\\\/\\\/strangercam.com\\\/ulive-chat\\\/#primaryimage\",\"url\":\"https:\\\/\\\/strangercam.com\\\/wp-content\\\/uploads\\\/2020\\\/11\\\/stranger-cam-1.png\",\"contentUrl\":\"https:\\\/\\\/strangercam.com\\\/wp-content\\\/uploads\\\/2020\\\/11\\\/stranger-cam-1.png\",\"width\":800,\"height\":800,\"caption\":\"stranger cam random video chat\"},{\"@type\":\"BreadcrumbList\",\"@id\":\"https:\\\/\\\/strangercam.com\\\/ulive-chat\\\/#breadcrumb\",\"itemListElement\":[{\"@type\":\"ListItem\",\"position\":1,\"name\":\"Home\",\"item\":\"https:\\\/\\\/strangercam.com\\\/\"},{\"@type\":\"ListItem\",\"position\":2,\"name\":\"Ulive Chat\"}]},{\"@type\":\"WebSite\",\"@id\":\"https:\\\/\\\/strangercam.com\\\/#website\",\"url\":\"https:\\\/\\\/strangercam.com\\\/\",\"name\":\"Strangercam\",\"description\":\"Random Video Chat with Strangers\",\"publisher\":{\"@id\":\"https:\\\/\\\/strangercam.com\\\/#organization\"},\"alternateName\":\"Strangercam.com\",\"potentialAction\":[{\"@type\":\"SearchAction\",\"target\":{\"@type\":\"EntryPoint\",\"urlTemplate\":\"https:\\\/\\\/strangercam.com\\\/?s={search_term_string}\"},\"query-input\":{\"@type\":\"PropertyValueSpecification\",\"valueRequired\":true,\"valueName\":\"search_term_string\"}}],\"inLanguage\":\"pl-PL\"},{\"@type\":\"Organization\",\"@id\":\"https:\\\/\\\/strangercam.com\\\/#organization\",\"name\":\"Strangercam\",\"alternateName\":\"Strangercam.com\",\"url\":\"https:\\\/\\\/strangercam.com\\\/\",\"logo\":{\"@type\":\"ImageObject\",\"inLanguage\":\"pl-PL\",\"@id\":\"https:\\\/\\\/strangercam.com\\\/#\\\/schema\\\/logo\\\/image\\\/\",\"url\":\"https:\\\/\\\/strangercam.com\\\/wp-content\\\/uploads\\\/2020\\\/11\\\/cropped-new-favicon-black.png\",\"contentUrl\":\"https:\\\/\\\/strangercam.com\\\/wp-content\\\/uploads\\\/2020\\\/11\\\/cropped-new-favicon-black.png\",\"width\":512,\"height\":512,\"caption\":\"Strangercam\"},\"image\":{\"@id\":\"https:\\\/\\\/strangercam.com\\\/#\\\/schema\\\/logo\\\/image\\\/\"},\"sameAs\":[\"https:\\\/\\\/www.facebook.com\\\/strangercam\",\"https:\\\/\\\/x.com\\\/strangercamapp\"]}]}<\/script>\n<!-- \/ Yoast SEO plugin. -->","yoast_head_json":{"title":"Ulive Chat - Czat z nieznajomymi na StrangerCam.com","description":"Jak Ulive Chat? Przyjd\u017a na czat z ponad 5.000.000 nieznajomych na Stranger Cam za darmo! W\u0142\u0105cz kamer\u0119 i znajd\u017a nowych przyjaci\u00f3\u0142 i mo\u017ce mecz!","robots":{"index":"index","follow":"follow","max-snippet":"max-snippet:-1","max-image-preview":"max-image-preview:large","max-video-preview":"max-video-preview:-1"},"canonical":"https:\/\/strangercam.com\/pl\/czat-ulive\/","og_locale":"pl_PL","og_type":"article","og_title":"Ulive Chat - Chat with strangers on StrangerCam.com","og_description":"Like Ulive Chat? Come chat with more than 5.000.000 strangers on Stranger Cam for Free! Turn on your cam and find new friends & maby a match!","og_url":"https:\/\/strangercam.com\/pl\/czat-ulive\/","og_site_name":"Strangercam","article_publisher":"https:\/\/www.facebook.com\/strangercam","article_modified_time":"2023-08-21T10:48:49+00:00","og_image":[{"width":800,"height":800,"url":"https:\/\/strangercam.com\/wp-content\/uploads\/2020\/11\/stranger-cam-1.png","type":"image\/png"}],"twitter_card":"summary_large_image","twitter_site":"@strangercamapp","twitter_misc":{"Szacowany czas czytania":"6 minut"},"schema":{"@context":"https:\/\/schema.org","@graph":[{"@type":"WebPage","@id":"https:\/\/strangercam.com\/ulive-chat\/","url":"https:\/\/strangercam.com\/ulive-chat\/","name":"Ulive Chat - Czat z nieznajomymi na StrangerCam.com","isPartOf":{"@id":"https:\/\/strangercam.com\/#website"},"primaryImageOfPage":{"@id":"https:\/\/strangercam.com\/ulive-chat\/#primaryimage"},"image":{"@id":"https:\/\/strangercam.com\/ulive-chat\/#primaryimage"},"thumbnailUrl":"https:\/\/strangercam.com\/wp-content\/uploads\/2020\/11\/stranger-cam-1.png","datePublished":"2022-08-11T13:18:17+00:00","dateModified":"2023-08-21T10:48:49+00:00","description":"Jak Ulive Chat? Przyjd\u017a na czat z ponad 5.000.000 nieznajomych na Stranger Cam za darmo! W\u0142\u0105cz kamer\u0119 i znajd\u017a nowych przyjaci\u00f3\u0142 i mo\u017ce mecz!","breadcrumb":{"@id":"https:\/\/strangercam.com\/ulive-chat\/#breadcrumb"},"inLanguage":"pl-PL","potentialAction":[{"@type":"ReadAction","target":["https:\/\/strangercam.com\/ulive-chat\/"]}]},{"@type":"ImageObject","inLanguage":"pl-PL","@id":"https:\/\/strangercam.com\/ulive-chat\/#primaryimage","url":"https:\/\/strangercam.com\/wp-content\/uploads\/2020\/11\/stranger-cam-1.png","contentUrl":"https:\/\/strangercam.com\/wp-content\/uploads\/2020\/11\/stranger-cam-1.png","width":800,"height":800,"caption":"stranger cam random video chat"},{"@type":"BreadcrumbList","@id":"https:\/\/strangercam.com\/ulive-chat\/#breadcrumb","itemListElement":[{"@type":"ListItem","position":1,"name":"Home","item":"https:\/\/strangercam.com\/"},{"@type":"ListItem","position":2,"name":"Ulive Chat"}]},{"@type":"WebSite","@id":"https:\/\/strangercam.com\/#website","url":"https:\/\/strangercam.com\/","name":"Strangercam","description":"Losowy czat wideo z nieznajomymi","publisher":{"@id":"https:\/\/strangercam.com\/#organization"},"alternateName":"Strangercam.com","potentialAction":[{"@type":"SearchAction","target":{"@type":"EntryPoint","urlTemplate":"https:\/\/strangercam.com\/?s={search_term_string}"},"query-input":{"@type":"PropertyValueSpecification","valueRequired":true,"valueName":"search_term_string"}}],"inLanguage":"pl-PL"},{"@type":"Organization","@id":"https:\/\/strangercam.com\/#organization","name":"Strangercam","alternateName":"Strangercam.com","url":"https:\/\/strangercam.com\/","logo":{"@type":"ImageObject","inLanguage":"pl-PL","@id":"https:\/\/strangercam.com\/#\/schema\/logo\/image\/","url":"https:\/\/strangercam.com\/wp-content\/uploads\/2020\/11\/cropped-new-favicon-black.png","contentUrl":"https:\/\/strangercam.com\/wp-content\/uploads\/2020\/11\/cropped-new-favicon-black.png","width":512,"height":512,"caption":"Strangercam"},"image":{"@id":"https:\/\/strangercam.com\/#\/schema\/logo\/image\/"},"sameAs":["https:\/\/www.facebook.com\/strangercam","https:\/\/x.com\/strangercamapp"]}]}},"_links":{"self":[{"href":"https:\/\/strangercam.com\/pl\/wp-json\/wp\/v2\/pages\/11167","targetHints":{"allow":["GET"]}}],"collection":[{"href":"https:\/\/strangercam.com\/pl\/wp-json\/wp\/v2\/pages"}],"about":[{"href":"https:\/\/strangercam.com\/pl\/wp-json\/wp\/v2\/types\/page"}],"author":[{"embeddable":true,"href":"https:\/\/strangercam.com\/pl\/wp-json\/wp\/v2\/users\/6"}],"replies":[{"embeddable":true,"href":"https:\/\/strangercam.com\/pl\/wp-json\/wp\/v2\/comments?post=11167"}],"version-history":[{"count":0,"href":"https:\/\/strangercam.com\/pl\/wp-json\/wp\/v2\/pages\/11167\/revisions"}],"wp:featuredmedia":[{"embeddable":true,"href":"https:\/\/strangercam.com\/pl\/wp-json\/wp\/v2\/media\/559"}],"wp:attachment":[{"href":"https:\/\/strangercam.com\/pl\/wp-json\/wp\/v2\/media?parent=11167"}],"curies":[{"name":"wp","href":"https:\/\/api.w.org\/{rel}","templated":true}]}}