{"id":11154,"date":"2022-08-11T15:12:40","date_gmt":"2022-08-11T13:12:40","guid":{"rendered":"https:\/\/strangercam.com\/?page_id=11154"},"modified":"2023-08-21T12:24:41","modified_gmt":"2023-08-21T10:24:41","slug":"chatride","status":"publish","type":"page","link":"https:\/\/strangercam.com\/pl\/chatride\/","title":{"rendered":"Chatride"},"content":{"rendered":"<p>Losowe wideo <a href=\"https:\/\/strangercam.com\/pl\/chatroulette\/\">czat<\/a> to nowy trend, a Chatride jest jedn\u0105 z najpopularniejszych platform do losowych rozm\u00f3w wideo. Je\u015bli chcesz pozna\u0107 wszystkie szczeg\u00f3\u0142y dotycz\u0105ce Chatride, czytaj dalej, w tym artykule om\u00f3wimy wszystkie szczeg\u00f3\u0142y, kt\u00f3re musisz zna\u0107 przed skorzystaniem z tej platformy.<\/p>\n<h2>Czym jest chatride?<\/h2>\n<p>Chatride to nowy spos\u00f3b na czatowanie z przyjaci\u00f3\u0142mi i rodzin\u0105. To \u015bwietny spos\u00f3b, aby pozosta\u0107 w kontakcie z bliskimi, niezale\u017cnie od tego, czy jeste\u015b blisko, czy daleko. Mo\u017cesz u\u017cywa\u0107 Chatride do czatowania z kimkolwiek na \u015bwiecie, o ile ma po\u0142\u0105czenie z Internetem. Wszystko, czego potrzebujesz, to przegl\u0105darka internetowa i konto w Chatride. Po zalogowaniu mo\u017cesz od razu rozpocz\u0105\u0107 czat. Wystarczy wpisa\u0107 wiadomo\u015b\u0107 i nacisn\u0105\u0107 przycisk Wy\u015blij. Wiadomo\u015b\u0107 pojawi si\u0119 w oknie czatu, aby ka\u017cdy m\u00f3g\u0142 j\u0105 zobaczy\u0107. Mo\u017cesz r\u00f3wnie\u017c doda\u0107 znajomych i rodzin\u0119 do czatu, aby mogli do\u0142\u0105czy\u0107 do rozmowy. Na co wi\u0119c czekasz? Zacznij czatowa\u0107 z bliskimi ju\u017c dzi\u015b!<\/p>\n<h2>Jakie s\u0105 zalety chatride?<\/h2>\n<p>Niekt\u00f3re zalety Chatride to<\/p>\n<ul>\n<li style=\"font-weight: 400;\" aria-level=\"1\">Jest to \u015bwietny spos\u00f3b na <a href=\"https:\/\/strangercam.com\/pl\/coomeet\/\">spotkanie<\/a> nowych ludzi z ca\u0142ego \u015bwiata.<\/li>\n<li style=\"font-weight: 400;\" aria-level=\"1\">Mo\u017cesz pozna\u0107 r\u00f3\u017cne kultury i style \u017cycia.<\/li>\n<li style=\"font-weight: 400;\" aria-level=\"1\">Mo\u017cesz \u0107wiczy\u0107 swoje umiej\u0119tno\u015bci j\u0119zykowe z native speakerami.<\/li>\n<li style=\"font-weight: 400;\" aria-level=\"1\">To zabawny i \u0142atwy spos\u00f3b na nawi\u0105zanie nowych znajomo\u015bci.<\/li>\n<\/ul>\n<h2>Jak korzysta\u0107 z chatride?<\/h2>\n<p>Chatride to nowy i rewolucyjny spos\u00f3b na czatowanie z przypadkowymi osobami na ca\u0142ym \u015bwiecie. Oto kr\u00f3tki przewodnik po tym, jak korzysta\u0107 z Chatride:<\/p>\n<ul>\n<li style=\"font-weight: 400;\" aria-level=\"1\">Najpierw pobierz aplikacj\u0119 ze swojego sklepu z aplikacjami (dost\u0119pn\u0105 zar\u00f3wno dla iPhone'a, jak i Androida).<\/li>\n<li style=\"font-weight: 400;\" aria-level=\"1\">Po zainstalowaniu aplikacji otw\u00f3rz j\u0105 i utw\u00f3rz konto. B\u0119dziesz musia\u0142 poda\u0107 swoje imi\u0119 i nazwisko, adres e-mail i has\u0142o.<\/li>\n<li style=\"font-weight: 400;\" aria-level=\"1\">Po zalogowaniu b\u0119dziesz m\u00f3g\u0142 zacz\u0105\u0107 czatowa\u0107 z przypadkowymi osobami. Chatride znajdzie najlepsze dopasowanie na podstawie<\/li>\n<\/ul>\n<h2>Wskaz\u00f3wki, jak rozpocz\u0105\u0107 korzystanie z chatride?<\/h2>\n<p>Oto kilka wskaz\u00f3wek na pocz\u0105tek:<\/p>\n<ol>\n<li style=\"font-weight: 400;\" aria-level=\"1\">U\u017cyj paska wyszukiwania: Pasek wyszukiwania jest najlepszym przyjacielem na Chatride. Mo\u017cesz go u\u017cy\u0107 do znalezienia os\u00f3b o podobnych zainteresowaniach lub do znalezienia temat\u00f3w, kt\u00f3re Ci\u0119 interesuj\u0105.<\/li>\n<li style=\"font-weight: 400;\" aria-level=\"1\">Nawi\u0105zywanie kontakt\u00f3w z lud\u017ami: Chatride polega na nawi\u0105zywaniu kontakt\u00f3w z lud\u017ami, wi\u0119c nie wstyd\u017a si\u0119, wyci\u0105gnij r\u0119k\u0119 i zacznij z kim\u015b rozmawia\u0107. Nigdy nie wiesz, kogo spotkasz!<\/li>\n<li style=\"font-weight: 400;\" aria-level=\"1\">Do\u0142\u0105cz do grup: Grupy to \u015bwietny spos\u00f3b na poznanie nowych ludzi i znalezienie podobnie my\u015bl\u0105cych os\u00f3b. Je\u015bli istnieje grupa, kt\u00f3ra Ci\u0119 interesuje, do\u0142\u0105cz do niej i zacznij rozmawia\u0107!<\/li>\n<li style=\"font-weight: 400;\" aria-level=\"1\">Korzystaj z czat\u00f3w: Czaty na Chatride to \u015bwietne miejsca do poznawania nowych ludzi i prowadzenia ciekawych rozm\u00f3w. Wi\u0119c \u015bmia\u0142o i zanurz si\u0119!<\/li>\n<li style=\"font-weight: 400;\" aria-level=\"1\">Baw si\u0119 dobrze! To najwa\u017cniejsza wskaz\u00f3wka ze wszystkich.<\/li>\n<\/ol>\n<h2>Plusy i minusy chatride<\/h2>\n<h4>Plusy:<\/h4>\n<ul>\n<li style=\"font-weight: 400;\" aria-level=\"1\">Bezp\u0142atne pobieranie i u\u017cywanie<\/li>\n<li style=\"font-weight: 400;\" aria-level=\"1\">Mo\u017cliwo\u015b\u0107 \u0142\u0105czenia si\u0119 z lud\u017ami z ca\u0142ego \u015bwiata<\/li>\n<li style=\"font-weight: 400;\" aria-level=\"1\">Jako\u015b\u0107 obrazu i d\u017awi\u0119ku jest dobra<\/li>\n<li style=\"font-weight: 400;\" aria-level=\"1\">Posiada r\u00f3\u017cnorodne funkcje, takie jak tekst, g\u0142os i <a href=\"https:\/\/strangercam.com\/pl\/amerykanskie-losowe-polaczenie-wideo\/\">po\u0142\u0105czenie wideo<\/a>, czat grupowy itp.<\/li>\n<\/ul>\n<h4>Wady:<\/h4>\n<ol>\n<li style=\"font-weight: 400;\" aria-level=\"1\">Aplikacja mo\u017ce czasami dzia\u0142a\u0107 nieprawid\u0142owo<\/li>\n<li style=\"font-weight: 400;\" aria-level=\"1\">Po\u0142\u0105czenie mo\u017cna \u0142atwo utraci\u0107<\/li>\n<\/ol>\n<h2>Chatride vs. inne platformy komunikacyjne<\/h2>\n<p>Istnieje wiele platform komunikacyjnych, ale Chatride jest zdecydowanie jedn\u0105 z najlepszych. Oto dlaczego:<\/p>\n<ul>\n<li style=\"font-weight: 400;\" aria-level=\"1\">Chatride jest niezwykle przyjazny dla u\u017cytkownika. Nie musisz by\u0107 ekspertem technicznym, aby z niego korzysta\u0107 - ka\u017cdy mo\u017ce go podnie\u015b\u0107 i rozpocz\u0105\u0107 rozmow\u0119 w ci\u0105gu kilku minut.<\/li>\n<li style=\"font-weight: 400;\" aria-level=\"1\">Chatride jest ca\u0142kowicie darmowy. Nie ma \u017cadnych ukrytych koszt\u00f3w ani op\u0142at abonamentowych - mo\u017cesz rozmawia\u0107 tyle, ile chcesz, nie martwi\u0105c si\u0119 o sw\u00f3j portfel.<\/li>\n<li style=\"font-weight: 400;\" aria-level=\"1\">Chatride jest niezwykle szybki i niezawodny. Korzystaj\u0105c z Chatride nigdy nie b\u0119dziesz musia\u0142 martwi\u0107 si\u0119 o op\u00f3\u017anienia lub problemy z po\u0142\u0105czeniem.<\/li>\n<li style=\"font-weight: 400;\" aria-level=\"1\">Chatride oferuje szeroki wyb\u00f3r funkcji i opcji. Niezale\u017cnie od tego, czy szukasz czatu grupowego, czy prywatnych wiadomo\u015bci, Chatride ma dla Ciebie wszystko.<\/li>\n<li style=\"font-weight: 400;\" aria-level=\"1\">Chatride jest stale aktualizowany o nowe funkcje i ulepszenia. Zesp\u00f3\u0142 stoj\u0105cy za Chatride zawsze ci\u0119\u017cko pracuje, aby upewni\u0107 si\u0119, \u017ce platforma jest najlepsza z mo\u017cliwych.<\/li>\n<\/ul>\n<p>Je\u015bli szukasz platformy komunikacyjnej, kt\u00f3ra spe\u0142nia wszystkie wymagania, nie szukaj dalej ni\u017c Chatride!<\/p>\n<h2>Dlaczego Chatride jest tak popularn\u0105 platform\u0105 do losowych rozm\u00f3w wideo?<\/h2>\n<p>Istnieje wiele powod\u00f3w, dla kt\u00f3rych Chatride jest tak popularn\u0105 platform\u0105 do losowych rozm\u00f3w wideo. Po pierwsze, korzystanie z niej jest ca\u0142kowicie darmowe. Nie musisz zak\u0142ada\u0107 konta ani uiszcza\u0107 \u017cadnych op\u0142at, aby rozpocz\u0105\u0107 czat.<\/p>\n<p>Innym powodem jest to, \u017ce Chatride jest niezwykle \u0142atwy w u\u017cyciu. Wszystko, co musisz zrobi\u0107, to wej\u015b\u0107 na stron\u0119 i klikn\u0105\u0107 przycisk \"rozpocznij czat\". Zostaniesz natychmiast po\u0142\u0105czony z przypadkowym nieznajomym z dowolnego miejsca na \u015bwiecie.<\/p>\n<p>Interfejs czatu jest r\u00f3wnie\u017c bardzo przyjazny dla u\u017cytkownika. \u0141atwo jest pisa\u0107 wiadomo\u015bci, a nawet wysy\u0142a\u0107 emoji i naklejki. Je\u015bli chcesz zobaczy\u0107 osob\u0119, z kt\u00f3r\u0105 rozmawiasz, mo\u017cesz w\u0142\u0105czy\u0107 funkcj\u0119 kamery internetowej za pomoc\u0105 kilku klikni\u0119\u0107.<\/p>\n<p>Wreszcie, Chatride jest jedn\u0105 z najpopularniejszych platform czat\u00f3w losowych, poniewa\u017c oferuje wiele r\u00f3\u017cnych funkcji. Opr\u00f3cz czat\u00f3w tekstowych i <a href=\"https:\/\/strangercam.com\/pl\/rabbit-video-chat\/\">czat wideo<\/a>, Mo\u017cesz tak\u017ce gra\u0107 w gry, udost\u0119pnia\u0107 zdj\u0119cia, a nawet korzysta\u0107 z czatu g\u0142osowego. Na Chatride ka\u017cdy znajdzie co\u015b dla siebie!<\/p>\n<h2>Czy jest bezpieczny w u\u017cyciu?<\/h2>\n<p>Je\u015bli chodzi o czatowanie online, chcesz mie\u0107 pewno\u015b\u0107, \u017ce korzystasz z bezpiecznej platformy. Chatride to \u015bwietna opcja dla tych, kt\u00f3rzy szukaj\u0105 bezpiecznego sposobu na czatowanie online. Witryna korzysta z szyfrowania SSL w celu ochrony informacji, a wszystkie czaty s\u0105 moderowane przez pracownik\u00f3w. Mo\u017cesz tak\u017ce skonfigurowa\u0107 profil osobisty, aby tylko osoby, kt\u00f3re znasz, mog\u0142y si\u0119 z tob\u0105 skontaktowa\u0107.<\/p>\n<h2>Jak zachowa\u0107 bezpiecze\u0144stwo podczas korzystania z dowolnej losowej platformy czatu wideo?<\/h2>\n<p>Wi\u0119kszo\u015b\u0107 <a href=\"https:\/\/strangercam.com\/pl\/chathub\/\">Losowy czat wideo<\/a> platformy s\u0105 bezpieczne w u\u017cyciu. Istnieje jednak kilka rzeczy, kt\u00f3re mo\u017cna zrobi\u0107, aby zapewni\u0107 sobie bezpiecze\u0144stwo podczas korzystania z tych platform. Oto kilka wskaz\u00f3wek:<\/p>\n<ul>\n<li style=\"font-weight: 400;\" aria-level=\"1\">Unikaj udost\u0119pniania danych osobowych osobom poznanym na przypadkowej platformie czatu wideo. Obejmuje to imi\u0119 i nazwisko, adres, numer telefonu, adres e-mail itp.<\/li>\n<li style=\"font-weight: 400;\" aria-level=\"1\">Je\u015bli kto\u015b poznany na przypadkowej platformie czatu wideo poprosi o podanie danych osobowych, nie podawaj mu ich.<\/li>\n<li style=\"font-weight: 400;\" aria-level=\"1\">Nie spotykaj si\u0119 osobi\u015bcie z nikim, kogo spotka\u0142e\u015b na przypadkowej platformie czatu wideo.<\/li>\n<li style=\"font-weight: 400;\" aria-level=\"1\">Nie wysy\u0142aj \u017cadnych pieni\u0119dzy osobom poznanym na przypadkowej platformie czatu wideo.<\/li>\n<li style=\"font-weight: 400;\" aria-level=\"1\">Je\u015bli kto\u015b poznany na przypadkowej platformie czatu wideo prosi o pieni\u0105dze, nie dawaj mu ich.<\/li>\n<\/ul>\n<h2>Wnioski<\/h2>\n<p>Og\u00f3lnie rzecz bior\u0105c, Chatride to \u015bwietny spos\u00f3b na pozostanie w kontakcie z przyjaci\u00f3\u0142mi i rodzin\u0105 na ca\u0142ym \u015bwiecie. Najlepsze w niej jest to, \u017ce jest darmowa, wi\u0119c nie musisz martwi\u0107 si\u0119 o wydawanie pieni\u0119dzy. Mo\u017cesz tak\u017ce tworzy\u0107 czaty grupowe, aby pozosta\u0107 w kontakcie z wieloma osobami jednocze\u015bnie. Na co wi\u0119c czekasz? \u015amia\u0142o i pobierz Chatride ju\u017c dzi\u015b!<\/p>","protected":false},"excerpt":{"rendered":"<p>Random video chat is the new trend, and Chatride is one of the most popular random video chatting platform. If you want to know all the details about Chatride keep on reading, Here in this article we are going to cover the all details which you need to know before using this platform. What is [&hellip;]<\/p>\n","protected":false},"author":6,"featured_media":559,"parent":0,"menu_order":0,"comment_status":"closed","ping_status":"closed","template":"","meta":{"footnotes":""},"class_list":["post-11154","page","type-page","status-publish","has-post-thumbnail","hentry"],"yoast_head":"<!-- This site is optimized with the Yoast SEO plugin v26.9 - https:\/\/yoast.com\/product\/yoast-seo-wordpress\/ -->\n<title>Chatride - Chat with strangers on StrangerCam.com<\/title>\n<meta name=\"description\" content=\"Like Chatride? Come chat with more than 5.000.000 strangers on Stranger Cam for Free! Turn on your cam and find new friends &amp; maby a match!\" \/>\n<meta name=\"robots\" content=\"index, follow, max-snippet:-1, max-image-preview:large, max-video-preview:-1\" \/>\n<link rel=\"canonical\" href=\"https:\/\/strangercam.com\/pl\/chatride\/\" \/>\n<meta property=\"og:locale\" content=\"pl_PL\" \/>\n<meta property=\"og:type\" content=\"article\" \/>\n<meta property=\"og:title\" content=\"Chatride - Chat with strangers on StrangerCam.com\" \/>\n<meta property=\"og:description\" content=\"Like Chatride? Come chat with more than 5.000.000 strangers on Stranger Cam for Free! Turn on your cam and find new friends &amp; maby a match!\" \/>\n<meta property=\"og:url\" content=\"https:\/\/strangercam.com\/pl\/chatride\/\" \/>\n<meta property=\"og:site_name\" content=\"Strangercam\" \/>\n<meta property=\"article:publisher\" content=\"https:\/\/www.facebook.com\/strangercam\" \/>\n<meta property=\"article:modified_time\" content=\"2023-08-21T10:24:41+00:00\" \/>\n<meta property=\"og:image\" content=\"https:\/\/strangercam.com\/wp-content\/uploads\/2020\/11\/stranger-cam-1.png\" \/>\n\t<meta property=\"og:image:width\" content=\"800\" \/>\n\t<meta property=\"og:image:height\" content=\"800\" \/>\n\t<meta property=\"og:image:type\" content=\"image\/png\" \/>\n<meta name=\"twitter:card\" content=\"summary_large_image\" \/>\n<meta name=\"twitter:site\" content=\"@strangercamapp\" \/>\n<meta name=\"twitter:label1\" content=\"Szacowany czas czytania\" \/>\n\t<meta name=\"twitter:data1\" content=\"5 minut\" \/>\n<script type=\"application\/ld+json\" class=\"yoast-schema-graph\">{\"@context\":\"https:\/\/schema.org\",\"@graph\":[{\"@type\":\"WebPage\",\"@id\":\"https:\/\/strangercam.com\/chatride\/\",\"url\":\"https:\/\/strangercam.com\/chatride\/\",\"name\":\"Chatride - Chat with strangers on StrangerCam.com\",\"isPartOf\":{\"@id\":\"https:\/\/strangercam.com\/#website\"},\"primaryImageOfPage\":{\"@id\":\"https:\/\/strangercam.com\/chatride\/#primaryimage\"},\"image\":{\"@id\":\"https:\/\/strangercam.com\/chatride\/#primaryimage\"},\"thumbnailUrl\":\"https:\/\/strangercam.com\/wp-content\/uploads\/2020\/11\/stranger-cam-1.png\",\"datePublished\":\"2022-08-11T13:12:40+00:00\",\"dateModified\":\"2023-08-21T10:24:41+00:00\",\"description\":\"Like Chatride? Come chat with more than 5.000.000 strangers on Stranger Cam for Free! Turn on your cam and find new friends & maby a match!\",\"breadcrumb\":{\"@id\":\"https:\/\/strangercam.com\/chatride\/#breadcrumb\"},\"inLanguage\":\"pl-PL\",\"potentialAction\":[{\"@type\":\"ReadAction\",\"target\":[\"https:\/\/strangercam.com\/chatride\/\"]}]},{\"@type\":\"ImageObject\",\"inLanguage\":\"pl-PL\",\"@id\":\"https:\/\/strangercam.com\/chatride\/#primaryimage\",\"url\":\"https:\/\/strangercam.com\/wp-content\/uploads\/2020\/11\/stranger-cam-1.png\",\"contentUrl\":\"https:\/\/strangercam.com\/wp-content\/uploads\/2020\/11\/stranger-cam-1.png\",\"width\":800,\"height\":800,\"caption\":\"stranger cam random video chat\"},{\"@type\":\"BreadcrumbList\",\"@id\":\"https:\/\/strangercam.com\/chatride\/#breadcrumb\",\"itemListElement\":[{\"@type\":\"ListItem\",\"position\":1,\"name\":\"Home\",\"item\":\"https:\/\/strangercam.com\/\"},{\"@type\":\"ListItem\",\"position\":2,\"name\":\"Chatride\"}]},{\"@type\":\"WebSite\",\"@id\":\"https:\/\/strangercam.com\/#website\",\"url\":\"https:\/\/strangercam.com\/\",\"name\":\"Strangercam\",\"description\":\"Random Video Chat with Strangers\",\"publisher\":{\"@id\":\"https:\/\/strangercam.com\/#organization\"},\"alternateName\":\"Strangercam.com\",\"potentialAction\":[{\"@type\":\"SearchAction\",\"target\":{\"@type\":\"EntryPoint\",\"urlTemplate\":\"https:\/\/strangercam.com\/?s={search_term_string}\"},\"query-input\":{\"@type\":\"PropertyValueSpecification\",\"valueRequired\":true,\"valueName\":\"search_term_string\"}}],\"inLanguage\":\"pl-PL\"},{\"@type\":\"Organization\",\"@id\":\"https:\/\/strangercam.com\/#organization\",\"name\":\"Strangercam\",\"alternateName\":\"Strangercam.com\",\"url\":\"https:\/\/strangercam.com\/\",\"logo\":{\"@type\":\"ImageObject\",\"inLanguage\":\"pl-PL\",\"@id\":\"https:\/\/strangercam.com\/#\/schema\/logo\/image\/\",\"url\":\"https:\/\/strangercam.com\/wp-content\/uploads\/2020\/11\/cropped-new-favicon-black.png\",\"contentUrl\":\"https:\/\/strangercam.com\/wp-content\/uploads\/2020\/11\/cropped-new-favicon-black.png\",\"width\":512,\"height\":512,\"caption\":\"Strangercam\"},\"image\":{\"@id\":\"https:\/\/strangercam.com\/#\/schema\/logo\/image\/\"},\"sameAs\":[\"https:\/\/www.facebook.com\/strangercam\",\"https:\/\/x.com\/strangercamapp\"]}]}<\/script>\n<!-- \/ Yoast SEO plugin. -->","yoast_head_json":{"title":"Chatride - Czat z nieznajomymi na StrangerCam.com","description":"Jak Chatride? Przyjd\u017a na czat z ponad 5.000.000 nieznajomych na Stranger Cam za darmo! W\u0142\u0105cz kamer\u0119 i znajd\u017a nowych przyjaci\u00f3\u0142 i mo\u017ce mecz!","robots":{"index":"index","follow":"follow","max-snippet":"max-snippet:-1","max-image-preview":"max-image-preview:large","max-video-preview":"max-video-preview:-1"},"canonical":"https:\/\/strangercam.com\/pl\/chatride\/","og_locale":"pl_PL","og_type":"article","og_title":"Chatride - Chat with strangers on StrangerCam.com","og_description":"Like Chatride? Come chat with more than 5.000.000 strangers on Stranger Cam for Free! Turn on your cam and find new friends & maby a match!","og_url":"https:\/\/strangercam.com\/pl\/chatride\/","og_site_name":"Strangercam","article_publisher":"https:\/\/www.facebook.com\/strangercam","article_modified_time":"2023-08-21T10:24:41+00:00","og_image":[{"width":800,"height":800,"url":"https:\/\/strangercam.com\/wp-content\/uploads\/2020\/11\/stranger-cam-1.png","type":"image\/png"}],"twitter_card":"summary_large_image","twitter_site":"@strangercamapp","twitter_misc":{"Szacowany czas czytania":"5 minut"},"schema":{"@context":"https:\/\/schema.org","@graph":[{"@type":"WebPage","@id":"https:\/\/strangercam.com\/chatride\/","url":"https:\/\/strangercam.com\/chatride\/","name":"Chatride - Czat z nieznajomymi na StrangerCam.com","isPartOf":{"@id":"https:\/\/strangercam.com\/#website"},"primaryImageOfPage":{"@id":"https:\/\/strangercam.com\/chatride\/#primaryimage"},"image":{"@id":"https:\/\/strangercam.com\/chatride\/#primaryimage"},"thumbnailUrl":"https:\/\/strangercam.com\/wp-content\/uploads\/2020\/11\/stranger-cam-1.png","datePublished":"2022-08-11T13:12:40+00:00","dateModified":"2023-08-21T10:24:41+00:00","description":"Jak Chatride? Przyjd\u017a na czat z ponad 5.000.000 nieznajomych na Stranger Cam za darmo! W\u0142\u0105cz kamer\u0119 i znajd\u017a nowych przyjaci\u00f3\u0142 i mo\u017ce mecz!","breadcrumb":{"@id":"https:\/\/strangercam.com\/chatride\/#breadcrumb"},"inLanguage":"pl-PL","potentialAction":[{"@type":"ReadAction","target":["https:\/\/strangercam.com\/chatride\/"]}]},{"@type":"ImageObject","inLanguage":"pl-PL","@id":"https:\/\/strangercam.com\/chatride\/#primaryimage","url":"https:\/\/strangercam.com\/wp-content\/uploads\/2020\/11\/stranger-cam-1.png","contentUrl":"https:\/\/strangercam.com\/wp-content\/uploads\/2020\/11\/stranger-cam-1.png","width":800,"height":800,"caption":"stranger cam random video chat"},{"@type":"BreadcrumbList","@id":"https:\/\/strangercam.com\/chatride\/#breadcrumb","itemListElement":[{"@type":"ListItem","position":1,"name":"Home","item":"https:\/\/strangercam.com\/"},{"@type":"ListItem","position":2,"name":"Chatride"}]},{"@type":"WebSite","@id":"https:\/\/strangercam.com\/#website","url":"https:\/\/strangercam.com\/","name":"Strangercam","description":"Losowy czat wideo z nieznajomymi","publisher":{"@id":"https:\/\/strangercam.com\/#organization"},"alternateName":"Strangercam.com","potentialAction":[{"@type":"SearchAction","target":{"@type":"EntryPoint","urlTemplate":"https:\/\/strangercam.com\/?s={search_term_string}"},"query-input":{"@type":"PropertyValueSpecification","valueRequired":true,"valueName":"search_term_string"}}],"inLanguage":"pl-PL"},{"@type":"Organization","@id":"https:\/\/strangercam.com\/#organization","name":"Strangercam","alternateName":"Strangercam.com","url":"https:\/\/strangercam.com\/","logo":{"@type":"ImageObject","inLanguage":"pl-PL","@id":"https:\/\/strangercam.com\/#\/schema\/logo\/image\/","url":"https:\/\/strangercam.com\/wp-content\/uploads\/2020\/11\/cropped-new-favicon-black.png","contentUrl":"https:\/\/strangercam.com\/wp-content\/uploads\/2020\/11\/cropped-new-favicon-black.png","width":512,"height":512,"caption":"Strangercam"},"image":{"@id":"https:\/\/strangercam.com\/#\/schema\/logo\/image\/"},"sameAs":["https:\/\/www.facebook.com\/strangercam","https:\/\/x.com\/strangercamapp"]}]}},"_links":{"self":[{"href":"https:\/\/strangercam.com\/pl\/wp-json\/wp\/v2\/pages\/11154","targetHints":{"allow":["GET"]}}],"collection":[{"href":"https:\/\/strangercam.com\/pl\/wp-json\/wp\/v2\/pages"}],"about":[{"href":"https:\/\/strangercam.com\/pl\/wp-json\/wp\/v2\/types\/page"}],"author":[{"embeddable":true,"href":"https:\/\/strangercam.com\/pl\/wp-json\/wp\/v2\/users\/6"}],"replies":[{"embeddable":true,"href":"https:\/\/strangercam.com\/pl\/wp-json\/wp\/v2\/comments?post=11154"}],"version-history":[{"count":0,"href":"https:\/\/strangercam.com\/pl\/wp-json\/wp\/v2\/pages\/11154\/revisions"}],"wp:featuredmedia":[{"embeddable":true,"href":"https:\/\/strangercam.com\/pl\/wp-json\/wp\/v2\/media\/559"}],"wp:attachment":[{"href":"https:\/\/strangercam.com\/pl\/wp-json\/wp\/v2\/media?parent=11154"}],"curies":[{"name":"wp","href":"https:\/\/api.w.org\/{rel}","templated":true}]}}