{"id":11142,"date":"2022-08-11T15:06:21","date_gmt":"2022-08-11T13:06:21","guid":{"rendered":"https:\/\/strangercam.com\/?page_id=11142"},"modified":"2023-08-21T11:40:39","modified_gmt":"2023-08-21T09:40:39","slug":"camki","status":"publish","type":"page","link":"https:\/\/strangercam.com\/pl\/camki\/","title":{"rendered":"Camki"},"content":{"rendered":"<p>Obecnie dost\u0119pnych jest wiele platform do czatowania online. W\u015br\u00f3d nich Camki jest niezawodn\u0105 platform\u0105 do czatowania online, kt\u00f3ra oferuje swoim u\u017cytkownikom r\u00f3\u017cne funkcje. Niekt\u00f3re z tych funkcji obejmuj\u0105 obs\u0142ug\u0119 po\u0142\u0105cze\u0144 audio i wideo, wiadomo\u015bci b\u0142yskawiczne, udost\u0119pnianie plik\u00f3w itp.<\/p>\n<h2>Co to jest Camki?<\/h2>\n<p>Camki to nowa platforma do czatowania online, kt\u00f3ra ostatnio zyskuje na popularno\u015bci. Jest to niezawodna i przyjazna dla u\u017cytkownika platforma, kt\u00f3ra oferuje wiele funkcji swoim u\u017cytkownikom. Camki to \u015bwietne miejsce do \u0142\u0105czenia si\u0119 z przyjaci\u00f3\u0142mi i cz\u0142onkami rodziny, a tak\u017ce <a href=\"https:\/\/strangercam.com\/pl\/coomeet\/\">spotkanie<\/a> nowych ludzi z ca\u0142ego \u015bwiata. Platforma jest r\u00f3wnie\u017c idealna dla firm, poniewa\u017c pozwala im komunikowa\u0107 si\u0119 z klientami w czasie rzeczywistym.<\/p>\n<h2>Jak korzysta\u0107 z Camki?<\/h2>\n<p>Je\u015bli szukasz niezawodnej platformy do czatowania online, Camki jest idealnym wyborem. Camki jest \u0142atwy w u\u017cyciu i oferuje wiele funkcji, kt\u00f3re czyni\u0105 go doskona\u0142ym wyborem do czatowania online. Oto kilka wskaz\u00f3wek, jak korzysta\u0107 z Camki:<\/p>\n<ul>\n<li style=\"font-weight: 400;\" aria-level=\"1\">Aby rozpocz\u0105\u0107 korzystanie z Camki, za\u0142\u00f3\u017c bezp\u0142atne konto. Konieczne b\u0119dzie podanie imienia i nazwiska, adresu e-mail i utworzenie has\u0142a.<\/li>\n<li style=\"font-weight: 400;\" aria-level=\"1\">Po utworzeniu konta zaloguj si\u0119 i kliknij przycisk \"Utw\u00f3rz pok\u00f3j\".<\/li>\n<li style=\"font-weight: 400;\" aria-level=\"1\">Wprowad\u017a nazw\u0119 pokoju i has\u0142o (opcjonalnie).<\/li>\n<li style=\"font-weight: 400;\" aria-level=\"1\">Aby rozpocz\u0105\u0107 czat, kliknij przycisk \"Rozpocznij czat\". Mo\u017cesz tak\u017ce u\u017cy\u0107 aplikacji internetowejCamki, aby <a href=\"https:\/\/strangercam.com\/pl\/chathub\/\">czat<\/a> z przypadkowymi nieznajomymi.<\/li>\n<\/ul>\n<h2>Zalety korzystania z Camki<\/h2>\n<p>Korzystanie z Camki jako platformy do czatowania online ma wiele zalet. Oto kilka powod\u00f3w, dla kt\u00f3rych Camki jest najlepszym wyborem:<\/p>\n<ol>\n<li style=\"font-weight: 400;\" aria-level=\"1\">Camki jest niezwykle przyjazny dla u\u017cytkownika i \u0142atwy w u\u017cyciu. Nie potrzebujesz \u017cadnych specjalnych umiej\u0119tno\u015bci technicznych, aby zacz\u0105\u0107 - po prostu zaloguj si\u0119 i zacznij czatowa\u0107!<\/li>\n<li style=\"font-weight: 400;\" aria-level=\"1\">Camki jest ca\u0142kowicie bezpieczny i poufny. Wszystkie rozmowy s\u0105 prywatne i nigdy nie zostan\u0105 udost\u0119pnione nikomu innemu.<\/li>\n<li style=\"font-weight: 400;\" aria-level=\"1\">Camki jest ca\u0142kowicie darmowy. Nie ma \u017cadnych ukrytych koszt\u00f3w ani op\u0142at - mo\u017cesz czatowa\u0107 tak d\u0142ugo, jak chcesz, nie wydaj\u0105c ani grosza.<\/li>\n<li style=\"font-weight: 400;\" aria-level=\"1\">Camki oferuje szeroki wyb\u00f3r funkcji i opcji, dzi\u0119ki czemu mo\u017cesz dostosowa\u0107 czat do swoich potrzeb. Mo\u017cesz wybiera\u0107 spo\u015br\u00f3d r\u00f3\u017cnych awatar\u00f3w, te\u0142 i czcionek, a nawet dodawa\u0107 efekty specjalne do swoich czat\u00f3w.<\/li>\n<li style=\"font-weight: 400;\" aria-level=\"1\">Camki stale si\u0119 rozwija i ulepsza. Nieustannie dodajemy nowe funkcje i wprowadzamy ulepszenia w oparciu o opinie naszych u\u017cytkownik\u00f3w. Dzi\u0119ki temu mo\u017cesz mie\u0107 pewno\u015b\u0107, \u017ce Camki zawsze zapewnia najlepsz\u0105 mo\u017cliw\u0105 obs\u0142ug\u0119 czatu.<\/li>\n<\/ol>\n<h2>Wady korzystania z Camki<\/h2>\n<p>Istnieje kilka wad korzystania z Camki, o kt\u00f3rych u\u017cytkownicy powinni wiedzie\u0107. Po pierwsze, platforma nie jest tak bezpieczna, jak niekt\u00f3re inne dost\u0119pne opcje. Oznacza to, \u017ce rozmowy mog\u0105 by\u0107 nara\u017cone na zhakowanie lub przechwycenie. Dodatkowo, Camki nie ma zbyt wielu funkcji w por\u00f3wnaniu do innych platform, wi\u0119c mo\u017cesz mie\u0107 ograniczone mo\u017cliwo\u015bci.<\/p>\n<h2>Istotne cechy Camki<\/h2>\n<p>Je\u015bli szukasz niezawodnej platformy do czatowania online, Camki jest idealnym wyborem. Oferuje ona wiele funkcji, kt\u00f3re wyr\u00f3\u017cniaj\u0105 j\u0105 na tle innych platform czatowych. Oto niekt\u00f3re z najwa\u017cniejszych cech Camki:<\/p>\n<ul>\n<li style=\"font-weight: 400;\" aria-level=\"1\">Camki jest niezwykle przyjazny dla u\u017cytkownika i \u0142atwy w u\u017cyciu. Nawet je\u015bli nie jeste\u015b zaznajomiony z platformami czatu, b\u0119dziesz w stanie dowiedzie\u0107 si\u0119, jak korzysta\u0107 z Camki w ci\u0105gu kilku minut.<\/li>\n<li style=\"font-weight: 400;\" aria-level=\"1\">Camki oferuje wysoki poziom bezpiecze\u0144stwa i prywatno\u015bci. Wszystkie rozmowy i czaty s\u0105 chronione i nikt nie b\u0119dzie m\u00f3g\u0142 uzyska\u0107 do nich dost\u0119pu, chyba \u017ce u\u017cytkownik wyrazi na to zgod\u0119.<\/li>\n<li style=\"font-weight: 400;\" aria-level=\"1\">Camki to \u015bwietna platforma do nawi\u0105zywania kontakt\u00f3w i poznawania nowych ludzi. Mo\u017cna tu znale\u017a\u0107 osoby o podobnych zainteresowaniach i \u0142atwo nawi\u0105za\u0107 z nimi kontakt.<\/li>\n<li style=\"font-weight: 400;\" aria-level=\"1\">Camki oferuje r\u00f3wnie\u017c szereg funkcji, kt\u00f3re pozwalaj\u0105 dostosowa\u0107 czat do w\u0142asnych potrzeb. Mo\u017cna na przyk\u0142ad zmieni\u0107 rozmiar czcionki, kolor i t\u0142o okna czatu, aby uczyni\u0107 go bardziej spersonalizowanym.<\/li>\n<\/ul>\n<p>Je\u015bli szukasz niezawodnej i bogatej w funkcje platformy czatu online, Camki jest idealnym wyborem!<\/p>\n<h2>Jak najlepiej wykorzysta\u0107 Camki?<\/h2>\n<p>Je\u015bli szukasz niezawodnej platformy do czatowania online, Camki jest zdecydowanie warta sprawdzenia. Dzi\u0119ki \u0142atwemu w u\u017cyciu interfejsowi i szerokiej gamie funkcji, Camki u\u0142atwia pozostawanie w kontakcie z przyjaci\u00f3\u0142mi i cz\u0142onkami rodziny bez wzgl\u0119du na to, gdzie si\u0119 znajduj\u0105. Oto kilka wskaz\u00f3wek, jak najlepiej wykorzysta\u0107 Camki:<\/p>\n<ol>\n<li style=\"font-weight: 400;\" aria-level=\"1\">U\u017cyj funkcji wyszukiwania, aby znale\u017a\u0107 osoby, kt\u00f3re znasz lub chcesz pozna\u0107. Mo\u017cesz wyszukiwa\u0107 osoby wed\u0142ug ich nazwy u\u017cytkownika, adresu e-mail, a nawet lokalizacji.<\/li>\n<li style=\"font-weight: 400;\" aria-level=\"1\">Po znalezieniu osoby, z kt\u00f3r\u0105 chcesz porozmawia\u0107, po prostu kliknij jej nazw\u0119 i rozpocznij czat. Camki umo\u017cliwia r\u00f3wnie\u017c wykonywanie po\u0142\u0105cze\u0144 wideo, dzi\u0119ki czemu mo\u017cesz naprawd\u0119 poczu\u0107 si\u0119, jakby\u015b rozmawia\u0142 twarz\u0105 w twarz bez wzgl\u0119du na to, gdzie jeste\u015b.<\/li>\n<li style=\"font-weight: 400;\" aria-level=\"1\">Nie zapomnij skorzysta\u0107 z innych funkcji Camki, takich jak czat grupowy i udost\u0119pnianie plik\u00f3w. Mog\u0105 si\u0119 one przyda\u0107, gdy pracujesz nad projektem ze znajomymi lub chcesz szybko i \u0142atwo udost\u0119pni\u0107 du\u017cy plik.<\/li>\n<li style=\"font-weight: 400;\" aria-level=\"1\">I wreszcie, co nie mniej wa\u017cne, baw si\u0119 dobrze! Camki to \u015bwietny spos\u00f3b na pozostanie w kontakcie z lud\u017ami, na kt\u00f3rych ci zale\u017cy, wi\u0119c upewnij si\u0119, \u017ce dobrze si\u0119 bawisz podczas korzystania z niego<\/li>\n<\/ol>\n<h2>Czy jest bezpieczny w u\u017cyciu?<\/h2>\n<p>Je\u015bli chodzi o platformy do czatowania online, zawsze pojawia si\u0119 pytanie o bezpiecze\u0144stwo. Czy korzystanie z Camki jest bezpieczne? Odpowied\u017a brzmi: tak! Camki to niezawodna platforma do czatowania online, kt\u00f3ra powa\u017cnie traktuje bezpiecze\u0144stwo i prywatno\u015b\u0107. Wszystkie czaty na Camki s\u0105 szyfrowane od ko\u0144ca do ko\u0144ca, co oznacza, \u017ce tylko nadawca i odbiorca mog\u0105 odczyta\u0107 wiadomo\u015bci. Ponadto Camki nie gromadzi ani nie przechowuje \u017cadnych danych u\u017cytkownika. Mo\u017cesz wi\u0119c mie\u0107 pewno\u015b\u0107, \u017ce Twoje rozmowy s\u0105 prywatne i bezpieczne.<\/p>\n<h2>\u015arodki zapobiegawcze podczas korzystania z Camki<\/h2>\n<p>Wszyscy wiemy, jak wa\u017cne jest zachowanie ostro\u017cno\u015bci podczas korzystania z medi\u00f3w spo\u0142eczno\u015bciowych i innych platform internetowych. To samo dotyczy Camki, platformy do czatowania online. Oto kilka \u015brodk\u00f3w zapobiegawczych, kt\u00f3re nale\u017cy podj\u0105\u0107 podczas korzystania z Camki:<\/p>\n<ol>\n<li style=\"font-weight: 400;\" aria-level=\"1\">Nie udost\u0119pniaj swoich danych osobowych nikomu na Camki. Obejmuje to imi\u0119 i nazwisko, adres, numer telefonu, adres e-mail itp.<\/li>\n<li style=\"font-weight: 400;\" aria-level=\"1\">Nale\u017cy uwa\u017ca\u0107 na linki klikane podczas korzystania z Camki. Niekt\u00f3re linki mog\u0105 by\u0107 z\u0142o\u015bliwe i mog\u0105 prowadzi\u0107 do stron phishingowych lub pobiera\u0107 z\u0142o\u015bliwe oprogramowanie na urz\u0105dzenie.<\/li>\n<li style=\"font-weight: 400;\" aria-level=\"1\">Nie anga\u017cuj si\u0119 w \u017cadne nielegalne dzia\u0142ania na Camki. Obejmuje to udost\u0119pnianie materia\u0142\u00f3w chronionych prawem autorskim lub anga\u017cowanie si\u0119 w cyberprzemoc.<\/li>\n<li style=\"font-weight: 400;\" aria-level=\"1\">Je\u015bli natkniesz si\u0119 na jak\u0105kolwiek podejrzan\u0105 aktywno\u015b\u0107 na Camki, natychmiast zg\u0142o\u015b to administratorom platformy.<\/li>\n<\/ol>\n<p>Post\u0119puj\u0105c zgodnie z tymi prostymi wskaz\u00f3wkami, mo\u017cesz zapewni\u0107 sobie bezpieczne i przyjemne do\u015bwiadczenie podczas korzystania z Camki!<\/p>\n<h2>Alternatywy dla Camki<\/h2>\n<p>Je\u015bli chodzi o platformy do losowych rozm\u00f3w wideo online, Camki jest jedn\u0105 z najbardziej niezawodnych opcji. Istniej\u0105 jednak inne platformy, kt\u00f3re oferuj\u0105 podobne funkcje i funkcjonalno\u015b\u0107. Oto kilka alternatyw dla Camki, kt\u00f3re warto rozwa\u017cy\u0107:<\/p>\n<p><a href=\"https:\/\/strangercam.com\/pl\/omegle\/\">Omegle<\/a>: Omegle to jedna z najbardziej znanych platform losowych czat\u00f3w wideo. Oferuje wiele funkcji, w tym czaty tekstowe i wideo, i jest dost\u0119pna na r\u00f3\u017cnych urz\u0105dzeniach.<\/p>\n<p><a href=\"https:\/\/strangercam.com\/pl\/chatroulette\/\">Chatroulette<\/a>: Chatroulette to kolejna popularna platforma czatu wideo, kt\u00f3ra umo\u017cliwia \u0142\u0105czenie si\u0119 z lud\u017ami z ca\u0142ego \u015bwiata. Oferuje wiele funkcji, w tym mo\u017cliwo\u015b\u0107 czatowania z osobami z okre\u015blonych kraj\u00f3w.<\/p>\n<p><a href=\"https:\/\/strangercam.com\/pl\/bazoocam\/\">Bazoocam<\/a>: Bazoocam to kolejna platforma do losowego czatu wideo, kt\u00f3ra oferuje wiele funkcji, w tym mo\u017cliwo\u015b\u0107 czatowania z osobami z okre\u015blonych kraj\u00f3w.<\/p>\n<h2>Wnioski<\/h2>\n<p>Mamy nadziej\u0119, \u017ce spodoba\u0142 ci si\u0119 nasz artyku\u0142 na temat Camki, niezawodnej platformy do czatowania online. Niezale\u017cnie od tego, czy szukasz nowego sposobu komunikowania si\u0119 ze znajomymi, czy po prostu jeste\u015b ciekawy, co Camki ma do zaoferowania, uwa\u017camy, \u017ce b\u0119dziesz pod wra\u017ceniem jego funkcji. Je\u015bli masz jakie\u015b pytania lub komentarze, zostaw je w sekcji poni\u017cej.<\/p>","protected":false},"excerpt":{"rendered":"<p>There are many online chatting platforms available today. Among them, Camki is a reliable online chatting platform that offers various features to its users. Some of these features include audio and video call support, instant messaging, file sharing, etc. What is Camki? Camki is a new online chatting platform that has been gaining popularity lately. [&hellip;]<\/p>\n","protected":false},"author":6,"featured_media":559,"parent":0,"menu_order":0,"comment_status":"closed","ping_status":"closed","template":"","meta":{"footnotes":""},"class_list":["post-11142","page","type-page","status-publish","has-post-thumbnail","hentry"],"yoast_head":"<!-- This site is optimized with the Yoast SEO plugin v27.4 - https:\/\/yoast.com\/product\/yoast-seo-wordpress\/ -->\n<title>Camki - Chat with strangers on StrangerCam.com<\/title>\n<meta name=\"description\" content=\"Like Camki? Come chat with more than 5.000.000 strangers on Stranger Cam for Free! Turn on your cam and find new friends &amp; maby a match!\" \/>\n<meta name=\"robots\" content=\"index, follow, max-snippet:-1, max-image-preview:large, max-video-preview:-1\" \/>\n<link rel=\"canonical\" href=\"https:\/\/strangercam.com\/pl\/camki\/\" \/>\n<meta property=\"og:locale\" content=\"pl_PL\" \/>\n<meta property=\"og:type\" content=\"article\" \/>\n<meta property=\"og:title\" content=\"Camki - Chat with strangers on StrangerCam.com\" \/>\n<meta property=\"og:description\" content=\"Like Camki? Come chat with more than 5.000.000 strangers on Stranger Cam for Free! Turn on your cam and find new friends &amp; maby a match!\" \/>\n<meta property=\"og:url\" content=\"https:\/\/strangercam.com\/pl\/camki\/\" \/>\n<meta property=\"og:site_name\" content=\"Strangercam\" \/>\n<meta property=\"article:publisher\" content=\"https:\/\/www.facebook.com\/strangercam\" \/>\n<meta property=\"article:modified_time\" content=\"2023-08-21T09:40:39+00:00\" \/>\n<meta property=\"og:image\" content=\"https:\/\/strangercam.com\/wp-content\/uploads\/2020\/11\/stranger-cam-1.png\" \/>\n\t<meta property=\"og:image:width\" content=\"800\" \/>\n\t<meta property=\"og:image:height\" content=\"800\" \/>\n\t<meta property=\"og:image:type\" content=\"image\/png\" \/>\n<meta name=\"twitter:card\" content=\"summary_large_image\" \/>\n<meta name=\"twitter:site\" content=\"@strangercamapp\" \/>\n<meta name=\"twitter:label1\" content=\"Szacowany czas czytania\" \/>\n\t<meta name=\"twitter:data1\" content=\"6 minut\" \/>\n<script type=\"application\/ld+json\" class=\"yoast-schema-graph\">{\"@context\":\"https:\\\/\\\/schema.org\",\"@graph\":[{\"@type\":\"WebPage\",\"@id\":\"https:\\\/\\\/strangercam.com\\\/camki\\\/\",\"url\":\"https:\\\/\\\/strangercam.com\\\/camki\\\/\",\"name\":\"Camki - Chat with strangers on StrangerCam.com\",\"isPartOf\":{\"@id\":\"https:\\\/\\\/strangercam.com\\\/#website\"},\"primaryImageOfPage\":{\"@id\":\"https:\\\/\\\/strangercam.com\\\/camki\\\/#primaryimage\"},\"image\":{\"@id\":\"https:\\\/\\\/strangercam.com\\\/camki\\\/#primaryimage\"},\"thumbnailUrl\":\"https:\\\/\\\/strangercam.com\\\/wp-content\\\/uploads\\\/2020\\\/11\\\/stranger-cam-1.png\",\"datePublished\":\"2022-08-11T13:06:21+00:00\",\"dateModified\":\"2023-08-21T09:40:39+00:00\",\"description\":\"Like Camki? Come chat with more than 5.000.000 strangers on Stranger Cam for Free! Turn on your cam and find new friends & maby a match!\",\"breadcrumb\":{\"@id\":\"https:\\\/\\\/strangercam.com\\\/camki\\\/#breadcrumb\"},\"inLanguage\":\"pl-PL\",\"potentialAction\":[{\"@type\":\"ReadAction\",\"target\":[\"https:\\\/\\\/strangercam.com\\\/camki\\\/\"]}]},{\"@type\":\"ImageObject\",\"inLanguage\":\"pl-PL\",\"@id\":\"https:\\\/\\\/strangercam.com\\\/camki\\\/#primaryimage\",\"url\":\"https:\\\/\\\/strangercam.com\\\/wp-content\\\/uploads\\\/2020\\\/11\\\/stranger-cam-1.png\",\"contentUrl\":\"https:\\\/\\\/strangercam.com\\\/wp-content\\\/uploads\\\/2020\\\/11\\\/stranger-cam-1.png\",\"width\":800,\"height\":800,\"caption\":\"stranger cam random video chat\"},{\"@type\":\"BreadcrumbList\",\"@id\":\"https:\\\/\\\/strangercam.com\\\/camki\\\/#breadcrumb\",\"itemListElement\":[{\"@type\":\"ListItem\",\"position\":1,\"name\":\"Home\",\"item\":\"https:\\\/\\\/strangercam.com\\\/\"},{\"@type\":\"ListItem\",\"position\":2,\"name\":\"Camki\"}]},{\"@type\":\"WebSite\",\"@id\":\"https:\\\/\\\/strangercam.com\\\/#website\",\"url\":\"https:\\\/\\\/strangercam.com\\\/\",\"name\":\"Strangercam\",\"description\":\"Random Video Chat with Strangers\",\"publisher\":{\"@id\":\"https:\\\/\\\/strangercam.com\\\/#organization\"},\"alternateName\":\"Strangercam.com\",\"potentialAction\":[{\"@type\":\"SearchAction\",\"target\":{\"@type\":\"EntryPoint\",\"urlTemplate\":\"https:\\\/\\\/strangercam.com\\\/?s={search_term_string}\"},\"query-input\":{\"@type\":\"PropertyValueSpecification\",\"valueRequired\":true,\"valueName\":\"search_term_string\"}}],\"inLanguage\":\"pl-PL\"},{\"@type\":\"Organization\",\"@id\":\"https:\\\/\\\/strangercam.com\\\/#organization\",\"name\":\"Strangercam\",\"alternateName\":\"Strangercam.com\",\"url\":\"https:\\\/\\\/strangercam.com\\\/\",\"logo\":{\"@type\":\"ImageObject\",\"inLanguage\":\"pl-PL\",\"@id\":\"https:\\\/\\\/strangercam.com\\\/#\\\/schema\\\/logo\\\/image\\\/\",\"url\":\"https:\\\/\\\/strangercam.com\\\/wp-content\\\/uploads\\\/2020\\\/11\\\/cropped-new-favicon-black.png\",\"contentUrl\":\"https:\\\/\\\/strangercam.com\\\/wp-content\\\/uploads\\\/2020\\\/11\\\/cropped-new-favicon-black.png\",\"width\":512,\"height\":512,\"caption\":\"Strangercam\"},\"image\":{\"@id\":\"https:\\\/\\\/strangercam.com\\\/#\\\/schema\\\/logo\\\/image\\\/\"},\"sameAs\":[\"https:\\\/\\\/www.facebook.com\\\/strangercam\",\"https:\\\/\\\/x.com\\\/strangercamapp\"]}]}<\/script>\n<!-- \/ Yoast SEO plugin. -->","yoast_head_json":{"title":"Camki - Czat z nieznajomymi na StrangerCam.com","description":"Jak Camki? Przyjd\u017a na czat z ponad 5.000.000 nieznajomych na Stranger Cam za darmo! W\u0142\u0105cz kamer\u0119 i znajd\u017a nowych przyjaci\u00f3\u0142 i mo\u017ce mecz!","robots":{"index":"index","follow":"follow","max-snippet":"max-snippet:-1","max-image-preview":"max-image-preview:large","max-video-preview":"max-video-preview:-1"},"canonical":"https:\/\/strangercam.com\/pl\/camki\/","og_locale":"pl_PL","og_type":"article","og_title":"Camki - Chat with strangers on StrangerCam.com","og_description":"Like Camki? Come chat with more than 5.000.000 strangers on Stranger Cam for Free! Turn on your cam and find new friends & maby a match!","og_url":"https:\/\/strangercam.com\/pl\/camki\/","og_site_name":"Strangercam","article_publisher":"https:\/\/www.facebook.com\/strangercam","article_modified_time":"2023-08-21T09:40:39+00:00","og_image":[{"width":800,"height":800,"url":"https:\/\/strangercam.com\/wp-content\/uploads\/2020\/11\/stranger-cam-1.png","type":"image\/png"}],"twitter_card":"summary_large_image","twitter_site":"@strangercamapp","twitter_misc":{"Szacowany czas czytania":"6 minut"},"schema":{"@context":"https:\/\/schema.org","@graph":[{"@type":"WebPage","@id":"https:\/\/strangercam.com\/camki\/","url":"https:\/\/strangercam.com\/camki\/","name":"Camki - Czat z nieznajomymi na StrangerCam.com","isPartOf":{"@id":"https:\/\/strangercam.com\/#website"},"primaryImageOfPage":{"@id":"https:\/\/strangercam.com\/camki\/#primaryimage"},"image":{"@id":"https:\/\/strangercam.com\/camki\/#primaryimage"},"thumbnailUrl":"https:\/\/strangercam.com\/wp-content\/uploads\/2020\/11\/stranger-cam-1.png","datePublished":"2022-08-11T13:06:21+00:00","dateModified":"2023-08-21T09:40:39+00:00","description":"Jak Camki? Przyjd\u017a na czat z ponad 5.000.000 nieznajomych na Stranger Cam za darmo! W\u0142\u0105cz kamer\u0119 i znajd\u017a nowych przyjaci\u00f3\u0142 i mo\u017ce mecz!","breadcrumb":{"@id":"https:\/\/strangercam.com\/camki\/#breadcrumb"},"inLanguage":"pl-PL","potentialAction":[{"@type":"ReadAction","target":["https:\/\/strangercam.com\/camki\/"]}]},{"@type":"ImageObject","inLanguage":"pl-PL","@id":"https:\/\/strangercam.com\/camki\/#primaryimage","url":"https:\/\/strangercam.com\/wp-content\/uploads\/2020\/11\/stranger-cam-1.png","contentUrl":"https:\/\/strangercam.com\/wp-content\/uploads\/2020\/11\/stranger-cam-1.png","width":800,"height":800,"caption":"stranger cam random video chat"},{"@type":"BreadcrumbList","@id":"https:\/\/strangercam.com\/camki\/#breadcrumb","itemListElement":[{"@type":"ListItem","position":1,"name":"Home","item":"https:\/\/strangercam.com\/"},{"@type":"ListItem","position":2,"name":"Camki"}]},{"@type":"WebSite","@id":"https:\/\/strangercam.com\/#website","url":"https:\/\/strangercam.com\/","name":"Strangercam","description":"Losowy czat wideo z nieznajomymi","publisher":{"@id":"https:\/\/strangercam.com\/#organization"},"alternateName":"Strangercam.com","potentialAction":[{"@type":"SearchAction","target":{"@type":"EntryPoint","urlTemplate":"https:\/\/strangercam.com\/?s={search_term_string}"},"query-input":{"@type":"PropertyValueSpecification","valueRequired":true,"valueName":"search_term_string"}}],"inLanguage":"pl-PL"},{"@type":"Organization","@id":"https:\/\/strangercam.com\/#organization","name":"Strangercam","alternateName":"Strangercam.com","url":"https:\/\/strangercam.com\/","logo":{"@type":"ImageObject","inLanguage":"pl-PL","@id":"https:\/\/strangercam.com\/#\/schema\/logo\/image\/","url":"https:\/\/strangercam.com\/wp-content\/uploads\/2020\/11\/cropped-new-favicon-black.png","contentUrl":"https:\/\/strangercam.com\/wp-content\/uploads\/2020\/11\/cropped-new-favicon-black.png","width":512,"height":512,"caption":"Strangercam"},"image":{"@id":"https:\/\/strangercam.com\/#\/schema\/logo\/image\/"},"sameAs":["https:\/\/www.facebook.com\/strangercam","https:\/\/x.com\/strangercamapp"]}]}},"_links":{"self":[{"href":"https:\/\/strangercam.com\/pl\/wp-json\/wp\/v2\/pages\/11142","targetHints":{"allow":["GET"]}}],"collection":[{"href":"https:\/\/strangercam.com\/pl\/wp-json\/wp\/v2\/pages"}],"about":[{"href":"https:\/\/strangercam.com\/pl\/wp-json\/wp\/v2\/types\/page"}],"author":[{"embeddable":true,"href":"https:\/\/strangercam.com\/pl\/wp-json\/wp\/v2\/users\/6"}],"replies":[{"embeddable":true,"href":"https:\/\/strangercam.com\/pl\/wp-json\/wp\/v2\/comments?post=11142"}],"version-history":[{"count":0,"href":"https:\/\/strangercam.com\/pl\/wp-json\/wp\/v2\/pages\/11142\/revisions"}],"wp:featuredmedia":[{"embeddable":true,"href":"https:\/\/strangercam.com\/pl\/wp-json\/wp\/v2\/media\/559"}],"wp:attachment":[{"href":"https:\/\/strangercam.com\/pl\/wp-json\/wp\/v2\/media?parent=11142"}],"curies":[{"name":"wp","href":"https:\/\/api.w.org\/{rel}","templated":true}]}}