{"id":11129,"date":"2022-08-11T14:56:49","date_gmt":"2022-08-11T12:56:49","guid":{"rendered":"https:\/\/strangercam.com\/?page_id=11129"},"modified":"2023-08-21T12:38:21","modified_gmt":"2023-08-21T10:38:21","slug":"roulette-chat","status":"publish","type":"page","link":"https:\/\/strangercam.com\/pl\/roulette-chat\/","title":{"rendered":"Roulette Chat"},"content":{"rendered":"<p><a href=\"https:\/\/strangercam.com\/pl\/chathub\/\">Czat<\/a> ruletka to wyj\u0105tkowa us\u0142uga czatu, kt\u00f3ra pozwala \u0142\u0105czy\u0107 si\u0119 z lud\u017ami z ca\u0142ego \u015bwiata. Us\u0142uga jest ca\u0142kowicie darmowa i nie ma \u017cadnych ukrytych op\u0142at. Mo\u017cesz korzysta\u0107 z us\u0142ugi, aby rozmawia\u0107 z nieznajomymi, nawi\u0105zywa\u0107 nowe znajomo\u015bci, a nawet znale\u017a\u0107 randk\u0119!<\/p>\n<h2>Czym jest czat w ruletce?<\/h2>\n<p>Roulette-chat to rodzaj czatu online, kt\u00f3ry pozwala u\u017cytkownikom \u0142\u0105czy\u0107 si\u0119 z innymi losowo. Jest to podobne do tradycyjnego pokoju rozm\u00f3w, ale z dodatkowym elementem mo\u017cliwo\u015bci zobaczenia osoby, z kt\u00f3r\u0105 rozmawiasz. Mo\u017ce to by\u0107 \u015bwietny spos\u00f3b na <a href=\"https:\/\/strangercam.com\/pl\/coomeet\/\">spotkanie<\/a> nowych ludzi lub po prostu porozmawia\u0107 z kim\u015b, z kim normalnie by\u015bmy nie rozmawiali.<\/p>\n<h2>Korzy\u015bci z czatu w ruletce<\/h2>\n<p>Istnieje wiele korzy\u015bci z ruletki-czatu-ruletki. Po pierwsze, jest to \u015bwietny spos\u00f3b na poznanie nowych ludzi z ca\u0142ego \u015bwiata. Mo\u017cesz tak\u017ce dowiedzie\u0107 si\u0119 o r\u00f3\u017cnych kulturach i stylach \u017cycia, rozmawiaj\u0105c z lud\u017ami z r\u00f3\u017cnych kraj\u00f3w. Ponadto jest to \u015bwietny spos\u00f3b na nawi\u0105zanie nowych znajomo\u015bci, a nawet znalezienie mi\u0142o\u015bci.<\/p>\n<h2>Jak znale\u017a\u0107 najlepszy czat do ruletki?<\/h2>\n<p>Je\u015bli chcesz znale\u017a\u0107 najlepszy chatroom do gry w ruletk\u0119, powiniene\u015b pami\u0119ta\u0107 o kilku rzeczach. Po pierwsze, upewnij si\u0119, \u017ce czat jest dobrze moderowany. Zapewni to, \u017ce rozmowy b\u0119d\u0105 prowadzone z szacunkiem i w spos\u00f3b cywilizowany. Po drugie, szukaj czatu, kt\u00f3ry ma dobr\u0105 reputacj\u0119. Mo\u017cna to sprawdzi\u0107 czytaj\u0105c recenzje lub pytaj\u0105c na innych czatach. Wreszcie, upewnij si\u0119, \u017ce wybrany przez ciebie chatroom ma dobry wyb\u00f3r gier i funkcji. Dzi\u0119ki temu b\u0119dziesz mia\u0142 co robi\u0107 i nie b\u0119dziesz si\u0119 nudzi\u0142.<\/p>\n<h2>Jak najlepiej wykorzysta\u0107 czat w ruletce?<\/h2>\n<p>Istnieje wiele sposob\u00f3w, aby cieszy\u0107 si\u0119 ruletk\u0105 i czerpa\u0107 z niej jak najwi\u0119cej korzy\u015bci. Oto kilka wskaz\u00f3wek:<\/p>\n<ol>\n<li style=\"font-weight: 400;\" aria-level=\"1\">Poznaj innych u\u017cytkownik\u00f3w. Po\u015bwi\u0119\u0107 troch\u0119 czasu na przejrzenie profili innych u\u017cytkownik\u00f3w i dowiedz si\u0119 czego\u015b o nich. U\u0142atwi to nawi\u0105zanie rozmowy.<\/li>\n<li style=\"font-weight: 400;\" aria-level=\"1\">B\u0105d\u017a przyjazny i przyst\u0119pny. Nie b\u00f3j si\u0119 rozpocz\u0105\u0107 z kim\u015b rozmowy. Wszyscy s\u0105 tutaj, aby rozmawia\u0107 i dobrze si\u0119 bawi\u0107, wi\u0119c po prostu b\u0105d\u017a sob\u0105!<\/li>\n<li style=\"font-weight: 400;\" aria-level=\"1\">Korzystaj z funkcji czatu. Roulette-chat oferuje wiele funkcji, kt\u00f3re mog\u0105 sprawi\u0107, \u017ce gra b\u0119dzie przyjemniejsza. Skorzystaj z nich!<\/li>\n<li style=\"font-weight: 400;\" aria-level=\"1\">Zosta\u0144 w pobli\u017cu i porozmawiaj przez chwil\u0119. Im wi\u0119cej rozmawiasz, tym lepiej poznajesz innych u\u017cytkownik\u00f3w i tym lepiej si\u0119 bawisz.<\/li>\n<li style=\"font-weight: 400;\" aria-level=\"1\">Baw si\u0119 dobrze! O to w\u0142a\u015bnie chodzi w ruletce, wi\u0119c zrelaksuj si\u0119 i baw si\u0119 dobrze!<\/li>\n<\/ol>\n<h2>Dlaczego roulette-chat jest tak popularn\u0105 platform\u0105 do losowych rozm\u00f3w wideo?<\/h2>\n<p>Istnieje wiele powod\u00f3w, dla kt\u00f3rych roulette-chat jest tak popularn\u0105 platform\u0105 do losowych rozm\u00f3w wideo. Po pierwsze, jest niezwykle \u0142atwy w u\u017cyciu. Nie musisz zak\u0142ada\u0107 konta ani pobiera\u0107 \u017cadnego oprogramowania. Wystarczy otworzy\u0107 stron\u0119 i rozpocz\u0105\u0107 czat.<\/p>\n<p>Po drugie, roulette-chat jest ca\u0142kowicie darmowy. Nie musisz nic p\u0142aci\u0107, aby czatowa\u0107 z przypadkowymi nieznajomymi. Nie ma \u017cadnych ukrytych op\u0142at ani plan\u00f3w subskrypcji.<\/p>\n<p>Po trzecie <a href=\"https:\/\/strangercam.com\/pl\/chatroulette\/\">chatroulette<\/a> jest bardzo wyj\u0105tkowa i interesuj\u0105ca. R\u00f3\u017cni si\u0119 od innych platform czatowych, poniewa\u017c nigdy nie wiesz, z kim b\u0119dziesz rozmawia\u0107. Ten element zaskoczenia sprawia, \u017ce do\u015bwiadczenie jest bardziej ekscytuj\u0105ce i zabawne.<\/p>\n<p>Po czwarte, roulette-chat ma du\u017c\u0105 baz\u0119 u\u017cytkownik\u00f3w. Zawsze s\u0105 tysi\u0105ce os\u00f3b online w danym momencie, wi\u0119c na pewno znajdziesz kogo\u015b, z kim mo\u017cesz porozmawia\u0107, niezale\u017cnie od tego, kiedy si\u0119 zalogujesz.<\/p>\n<p>Wreszcie, roulette-chat jest dost\u0119pny w wielu r\u00f3\u017cnych j\u0119zykach. Dzi\u0119ki temu jest dost\u0119pny dla ludzi z ca\u0142ego \u015bwiata. Bez wzgl\u0119du na to, w jakim j\u0119zyku m\u00f3wisz, b\u0119dziesz w stanie znale\u017a\u0107 kogo\u015b do rozmowy na roulette-chat.<\/p>\n<h2>Czy jest bezpieczny w u\u017cyciu?<\/h2>\n<p>Je\u015bli zastanawiasz si\u0119, czy korzystanie z czatu w ruletce jest bezpieczne, odpowied\u017a brzmi: tak - o ile korzystasz z renomowanej witryny. Niemniej jednak, zawsze istnieje ryzyko zwi\u0105zane z jak\u0105kolwiek aktywno\u015bci\u0105 online, wi\u0119c wa\u017cne jest, aby by\u0107 ich \u015bwiadomym i podj\u0105\u0107 kroki w celu ochrony siebie. Je\u015bli chodzi o czat w ruletce, g\u0142\u00f3wne zagro\u017cenia zwi\u0105zane s\u0105 z kradzie\u017c\u0105 to\u017csamo\u015bci i oszustwami. Kradzie\u017c to\u017csamo\u015bci mo\u017ce mie\u0107 miejsce, je\u015bli kto\u015b jest w stanie uzyska\u0107 dost\u0119p do twoich danych osobowych, takich jak imi\u0119 i nazwisko, adres i data urodzenia. Oszustwo mo\u017ce wyst\u0105pi\u0107, je\u015bli zostaniesz nak\u0142oniony do podania swoich informacji finansowych lub wys\u0142ania pieni\u0119dzy komu\u015b, kogo nie znasz.<\/p>\n<h2>Jak zachowa\u0107 bezpiecze\u0144stwo podczas korzystania z losowej aplikacji do rozm\u00f3w wideo?<\/h2>\n<p>Korzystaj\u0105c z dowolnej aplikacji do losowego czatu wideo, nale\u017cy podj\u0105\u0107 pewne \u015brodki ostro\u017cno\u015bci, aby si\u0119 chroni\u0107. Oto kilka wskaz\u00f3wek, jak zachowa\u0107 bezpiecze\u0144stwo podczas korzystania z ruletki-czatu:<\/p>\n<ol>\n<li style=\"font-weight: 400;\" aria-level=\"1\">Nigdy nie podawaj danych osobowych osobom, kt\u00f3rych nie znasz. Obejmuje to imi\u0119 i nazwisko, adres, numer telefonu, adres e-mail itp.<\/li>\n<li style=\"font-weight: 400;\" aria-level=\"1\">Je\u015bli kto\u015b poprosi Ci\u0119 o pieni\u0105dze lub osobiste informacje finansowe, natychmiast zako\u0144cz rozmow\u0119 i zg\u0142o\u015b t\u0119 osob\u0119 moderatorom aplikacji.<\/li>\n<li style=\"font-weight: 400;\" aria-level=\"1\">Uwa\u017caj na oszust\u00f3w i \u0142owc\u00f3w kot\u00f3w, kt\u00f3rzy pr\u00f3buj\u0105 zwabi\u0107 ludzi, udaj\u0105c kogo\u015b, kim nie s\u0105. Je\u015bli kto\u015b wydaje si\u0119 zbyt dobry, by m\u00f3g\u0142 by\u0107 prawdziwy, prawdopodobnie taki jest.<\/li>\n<li style=\"font-weight: 400;\" aria-level=\"1\">Ustawienia prywatno\u015bci powinny by\u0107 aktualne i ustawione na najwy\u017cszym mo\u017cliwym poziomie. Pomo\u017ce to zapobiec dost\u0119powi nieznajomych do twoich danych osobowych.<\/li>\n<li style=\"font-weight: 400;\" aria-level=\"1\">Zawsze korzystaj z renomowanej i zaufanej aplikacji do losowych czat\u00f3w wideo, takiej jak Roulette-Chat, kt\u00f3ra stosuje rygorystyczne \u015brodki bezpiecze\u0144stwa w celu ochrony swoich u\u017cytkownik\u00f3w.<\/li>\n<\/ol>\n<h2>Alternatywy dla czatu w ruletce<\/h2>\n<p>W Internecie dost\u0119pnych jest wiele alternatyw dla czatu w ruletce. Niekt\u00f3re z tych alternatyw to:<\/p>\n<ol>\n<li style=\"font-weight: 400;\" aria-level=\"1\"><a href=\"https:\/\/strangercam.com\/pl\/omegle\/\">Omegle<\/a>: Jest to popularna strona chatroulette z milionami u\u017cytkownik\u00f3w. Korzystanie z niej jest bezp\u0142atne i mo\u017cna rozmawia\u0107 z nieznajomymi z ca\u0142ego \u015bwiata.<\/li>\n<li style=\"font-weight: 400;\" aria-level=\"1\">Chatrandom: Ta strona jest podobna do Omegle i r\u00f3wnie\u017c ma miliony u\u017cytkownik\u00f3w. Jest r\u00f3wnie\u017c darmowy i mo\u017cna na nim czatowa\u0107 z nieznajomymi z ca\u0142ego \u015bwiata.<\/li>\n<li style=\"font-weight: 400;\" aria-level=\"1\"><a href=\"https:\/\/strangercam.com\/pl\/bazoocam\/\">Bazoocam<\/a>: Jest to francuska strona chatroulette z tysi\u0105cami u\u017cytkownik\u00f3w. Korzystanie z niej jest bezp\u0142atne i mo\u017cna rozmawia\u0107 z nieznajomymi z Francji i innych kraj\u00f3w francuskoj\u0119zycznych.<\/li>\n<li style=\"font-weight: 400;\" aria-level=\"1\">Camsurf: Jest to popularna strona chatroulette z milionami u\u017cytkownik\u00f3w z ca\u0142ego \u015bwiata. Korzystanie z niej jest bezp\u0142atne i mo\u017cna rozmawia\u0107 z nieznajomymi z ca\u0142ego \u015bwiata.<\/li>\n<li style=\"font-weight: 400;\" aria-level=\"1\">Tinychat: Ta strona jest podobna do chatroulette i ma tysi\u0105ce u\u017cytkownik\u00f3w z ca\u0142ego \u015bwiata. Korzystanie z niej jest bezp\u0142atne i mo\u017cna rozmawia\u0107 z nieznajomymi z ca\u0142ego \u015bwiata.<\/li>\n<\/ol>\n<h2>Wnioski<\/h2>\n<p>Roulette chat to \u015bwietny spos\u00f3b na poznanie nowych ludzi i dobr\u0105 zabaw\u0119. \u0141atwo jest zacz\u0105\u0107 i jest mn\u00f3stwo ludzi, z kt\u00f3rymi mo\u017cna rozmawia\u0107. Niezale\u017cnie od tego, czy szukasz powa\u017cnego zwi\u0105zku, czy po prostu niezobowi\u0105zuj\u0105cej zabawy, czat ruletka to \u015bwietna opcja.<\/p>","protected":false},"excerpt":{"rendered":"<p>Chat roulette is a unique chat service that allows you to connect with people from all over the world. The service is completely free, and there are no hidden fees or charges. You can use the service to chat with strangers, make new friends, or even find a date! What is roulette chat? Roulette-chat is [&hellip;]<\/p>\n","protected":false},"author":6,"featured_media":559,"parent":0,"menu_order":0,"comment_status":"closed","ping_status":"closed","template":"","meta":{"footnotes":""},"class_list":["post-11129","page","type-page","status-publish","has-post-thumbnail","hentry"],"yoast_head":"<!-- This site is optimized with the Yoast SEO plugin v26.9 - https:\/\/yoast.com\/product\/yoast-seo-wordpress\/ -->\n<title>Roulette Chat - Chat with strangers on StrangerCam.com<\/title>\n<meta name=\"description\" content=\"Like Roulette Chat? Come chat with more than 5.000.000 strangers on Stranger Cam for Free! Turn on your cam and find new friends &amp; maby a match!\" \/>\n<meta name=\"robots\" content=\"index, follow, max-snippet:-1, max-image-preview:large, max-video-preview:-1\" \/>\n<link rel=\"canonical\" href=\"https:\/\/strangercam.com\/pl\/roulette-chat\/\" \/>\n<meta property=\"og:locale\" content=\"pl_PL\" \/>\n<meta property=\"og:type\" content=\"article\" \/>\n<meta property=\"og:title\" content=\"Roulette Chat - Chat with strangers on StrangerCam.com\" \/>\n<meta property=\"og:description\" content=\"Like Roulette Chat? Come chat with more than 5.000.000 strangers on Stranger Cam for Free! Turn on your cam and find new friends &amp; maby a match!\" \/>\n<meta property=\"og:url\" content=\"https:\/\/strangercam.com\/pl\/roulette-chat\/\" \/>\n<meta property=\"og:site_name\" content=\"Strangercam\" \/>\n<meta property=\"article:publisher\" content=\"https:\/\/www.facebook.com\/strangercam\" \/>\n<meta property=\"article:modified_time\" content=\"2023-08-21T10:38:21+00:00\" \/>\n<meta property=\"og:image\" content=\"https:\/\/strangercam.com\/wp-content\/uploads\/2020\/11\/stranger-cam-1.png\" \/>\n\t<meta property=\"og:image:width\" content=\"800\" \/>\n\t<meta property=\"og:image:height\" content=\"800\" \/>\n\t<meta property=\"og:image:type\" content=\"image\/png\" \/>\n<meta name=\"twitter:card\" content=\"summary_large_image\" \/>\n<meta name=\"twitter:site\" content=\"@strangercamapp\" \/>\n<meta name=\"twitter:label1\" content=\"Szacowany czas czytania\" \/>\n\t<meta name=\"twitter:data1\" content=\"5 minut\" \/>\n<script type=\"application\/ld+json\" class=\"yoast-schema-graph\">{\"@context\":\"https:\/\/schema.org\",\"@graph\":[{\"@type\":\"WebPage\",\"@id\":\"https:\/\/strangercam.com\/roulette-chat\/\",\"url\":\"https:\/\/strangercam.com\/roulette-chat\/\",\"name\":\"Roulette Chat - Chat with strangers on StrangerCam.com\",\"isPartOf\":{\"@id\":\"https:\/\/strangercam.com\/#website\"},\"primaryImageOfPage\":{\"@id\":\"https:\/\/strangercam.com\/roulette-chat\/#primaryimage\"},\"image\":{\"@id\":\"https:\/\/strangercam.com\/roulette-chat\/#primaryimage\"},\"thumbnailUrl\":\"https:\/\/strangercam.com\/wp-content\/uploads\/2020\/11\/stranger-cam-1.png\",\"datePublished\":\"2022-08-11T12:56:49+00:00\",\"dateModified\":\"2023-08-21T10:38:21+00:00\",\"description\":\"Like Roulette Chat? Come chat with more than 5.000.000 strangers on Stranger Cam for Free! Turn on your cam and find new friends & maby a match!\",\"breadcrumb\":{\"@id\":\"https:\/\/strangercam.com\/roulette-chat\/#breadcrumb\"},\"inLanguage\":\"pl-PL\",\"potentialAction\":[{\"@type\":\"ReadAction\",\"target\":[\"https:\/\/strangercam.com\/roulette-chat\/\"]}]},{\"@type\":\"ImageObject\",\"inLanguage\":\"pl-PL\",\"@id\":\"https:\/\/strangercam.com\/roulette-chat\/#primaryimage\",\"url\":\"https:\/\/strangercam.com\/wp-content\/uploads\/2020\/11\/stranger-cam-1.png\",\"contentUrl\":\"https:\/\/strangercam.com\/wp-content\/uploads\/2020\/11\/stranger-cam-1.png\",\"width\":800,\"height\":800,\"caption\":\"stranger cam random video chat\"},{\"@type\":\"BreadcrumbList\",\"@id\":\"https:\/\/strangercam.com\/roulette-chat\/#breadcrumb\",\"itemListElement\":[{\"@type\":\"ListItem\",\"position\":1,\"name\":\"Home\",\"item\":\"https:\/\/strangercam.com\/\"},{\"@type\":\"ListItem\",\"position\":2,\"name\":\"Roulette Chat\"}]},{\"@type\":\"WebSite\",\"@id\":\"https:\/\/strangercam.com\/#website\",\"url\":\"https:\/\/strangercam.com\/\",\"name\":\"Strangercam\",\"description\":\"Random Video Chat with Strangers\",\"publisher\":{\"@id\":\"https:\/\/strangercam.com\/#organization\"},\"alternateName\":\"Strangercam.com\",\"potentialAction\":[{\"@type\":\"SearchAction\",\"target\":{\"@type\":\"EntryPoint\",\"urlTemplate\":\"https:\/\/strangercam.com\/?s={search_term_string}\"},\"query-input\":{\"@type\":\"PropertyValueSpecification\",\"valueRequired\":true,\"valueName\":\"search_term_string\"}}],\"inLanguage\":\"pl-PL\"},{\"@type\":\"Organization\",\"@id\":\"https:\/\/strangercam.com\/#organization\",\"name\":\"Strangercam\",\"alternateName\":\"Strangercam.com\",\"url\":\"https:\/\/strangercam.com\/\",\"logo\":{\"@type\":\"ImageObject\",\"inLanguage\":\"pl-PL\",\"@id\":\"https:\/\/strangercam.com\/#\/schema\/logo\/image\/\",\"url\":\"https:\/\/strangercam.com\/wp-content\/uploads\/2020\/11\/cropped-new-favicon-black.png\",\"contentUrl\":\"https:\/\/strangercam.com\/wp-content\/uploads\/2020\/11\/cropped-new-favicon-black.png\",\"width\":512,\"height\":512,\"caption\":\"Strangercam\"},\"image\":{\"@id\":\"https:\/\/strangercam.com\/#\/schema\/logo\/image\/\"},\"sameAs\":[\"https:\/\/www.facebook.com\/strangercam\",\"https:\/\/x.com\/strangercamapp\"]}]}<\/script>\n<!-- \/ Yoast SEO plugin. -->","yoast_head_json":{"title":"Roulette Chat - Czat z nieznajomymi na StrangerCam.com","description":"Jak Roulette Chat? Przyjd\u017a na czat z ponad 5.000.000 nieznajomych na Stranger Cam za darmo! W\u0142\u0105cz kamer\u0119 i znajd\u017a nowych przyjaci\u00f3\u0142 i mo\u017ce mecz!","robots":{"index":"index","follow":"follow","max-snippet":"max-snippet:-1","max-image-preview":"max-image-preview:large","max-video-preview":"max-video-preview:-1"},"canonical":"https:\/\/strangercam.com\/pl\/roulette-chat\/","og_locale":"pl_PL","og_type":"article","og_title":"Roulette Chat - Chat with strangers on StrangerCam.com","og_description":"Like Roulette Chat? Come chat with more than 5.000.000 strangers on Stranger Cam for Free! Turn on your cam and find new friends & maby a match!","og_url":"https:\/\/strangercam.com\/pl\/roulette-chat\/","og_site_name":"Strangercam","article_publisher":"https:\/\/www.facebook.com\/strangercam","article_modified_time":"2023-08-21T10:38:21+00:00","og_image":[{"width":800,"height":800,"url":"https:\/\/strangercam.com\/wp-content\/uploads\/2020\/11\/stranger-cam-1.png","type":"image\/png"}],"twitter_card":"summary_large_image","twitter_site":"@strangercamapp","twitter_misc":{"Szacowany czas czytania":"5 minut"},"schema":{"@context":"https:\/\/schema.org","@graph":[{"@type":"WebPage","@id":"https:\/\/strangercam.com\/roulette-chat\/","url":"https:\/\/strangercam.com\/roulette-chat\/","name":"Roulette Chat - Czat z nieznajomymi na StrangerCam.com","isPartOf":{"@id":"https:\/\/strangercam.com\/#website"},"primaryImageOfPage":{"@id":"https:\/\/strangercam.com\/roulette-chat\/#primaryimage"},"image":{"@id":"https:\/\/strangercam.com\/roulette-chat\/#primaryimage"},"thumbnailUrl":"https:\/\/strangercam.com\/wp-content\/uploads\/2020\/11\/stranger-cam-1.png","datePublished":"2022-08-11T12:56:49+00:00","dateModified":"2023-08-21T10:38:21+00:00","description":"Jak Roulette Chat? Przyjd\u017a na czat z ponad 5.000.000 nieznajomych na Stranger Cam za darmo! W\u0142\u0105cz kamer\u0119 i znajd\u017a nowych przyjaci\u00f3\u0142 i mo\u017ce mecz!","breadcrumb":{"@id":"https:\/\/strangercam.com\/roulette-chat\/#breadcrumb"},"inLanguage":"pl-PL","potentialAction":[{"@type":"ReadAction","target":["https:\/\/strangercam.com\/roulette-chat\/"]}]},{"@type":"ImageObject","inLanguage":"pl-PL","@id":"https:\/\/strangercam.com\/roulette-chat\/#primaryimage","url":"https:\/\/strangercam.com\/wp-content\/uploads\/2020\/11\/stranger-cam-1.png","contentUrl":"https:\/\/strangercam.com\/wp-content\/uploads\/2020\/11\/stranger-cam-1.png","width":800,"height":800,"caption":"stranger cam random video chat"},{"@type":"BreadcrumbList","@id":"https:\/\/strangercam.com\/roulette-chat\/#breadcrumb","itemListElement":[{"@type":"ListItem","position":1,"name":"Home","item":"https:\/\/strangercam.com\/"},{"@type":"ListItem","position":2,"name":"Roulette Chat"}]},{"@type":"WebSite","@id":"https:\/\/strangercam.com\/#website","url":"https:\/\/strangercam.com\/","name":"Strangercam","description":"Losowy czat wideo z nieznajomymi","publisher":{"@id":"https:\/\/strangercam.com\/#organization"},"alternateName":"Strangercam.com","potentialAction":[{"@type":"SearchAction","target":{"@type":"EntryPoint","urlTemplate":"https:\/\/strangercam.com\/?s={search_term_string}"},"query-input":{"@type":"PropertyValueSpecification","valueRequired":true,"valueName":"search_term_string"}}],"inLanguage":"pl-PL"},{"@type":"Organization","@id":"https:\/\/strangercam.com\/#organization","name":"Strangercam","alternateName":"Strangercam.com","url":"https:\/\/strangercam.com\/","logo":{"@type":"ImageObject","inLanguage":"pl-PL","@id":"https:\/\/strangercam.com\/#\/schema\/logo\/image\/","url":"https:\/\/strangercam.com\/wp-content\/uploads\/2020\/11\/cropped-new-favicon-black.png","contentUrl":"https:\/\/strangercam.com\/wp-content\/uploads\/2020\/11\/cropped-new-favicon-black.png","width":512,"height":512,"caption":"Strangercam"},"image":{"@id":"https:\/\/strangercam.com\/#\/schema\/logo\/image\/"},"sameAs":["https:\/\/www.facebook.com\/strangercam","https:\/\/x.com\/strangercamapp"]}]}},"_links":{"self":[{"href":"https:\/\/strangercam.com\/pl\/wp-json\/wp\/v2\/pages\/11129","targetHints":{"allow":["GET"]}}],"collection":[{"href":"https:\/\/strangercam.com\/pl\/wp-json\/wp\/v2\/pages"}],"about":[{"href":"https:\/\/strangercam.com\/pl\/wp-json\/wp\/v2\/types\/page"}],"author":[{"embeddable":true,"href":"https:\/\/strangercam.com\/pl\/wp-json\/wp\/v2\/users\/6"}],"replies":[{"embeddable":true,"href":"https:\/\/strangercam.com\/pl\/wp-json\/wp\/v2\/comments?post=11129"}],"version-history":[{"count":0,"href":"https:\/\/strangercam.com\/pl\/wp-json\/wp\/v2\/pages\/11129\/revisions"}],"wp:featuredmedia":[{"embeddable":true,"href":"https:\/\/strangercam.com\/pl\/wp-json\/wp\/v2\/media\/559"}],"wp:attachment":[{"href":"https:\/\/strangercam.com\/pl\/wp-json\/wp\/v2\/media?parent=11129"}],"curies":[{"name":"wp","href":"https:\/\/api.w.org\/{rel}","templated":true}]}}