{"id":11108,"date":"2022-08-11T14:46:42","date_gmt":"2022-08-11T12:46:42","guid":{"rendered":"https:\/\/strangercam.com\/?page_id=11108"},"modified":"2023-08-21T11:40:39","modified_gmt":"2023-08-21T09:40:39","slug":"camround","status":"publish","type":"page","link":"https:\/\/strangercam.com\/pl\/camround\/","title":{"rendered":"Camround"},"content":{"rendered":"<p>W dzisiejszym \u015bwiecie \u0142atwo jest czu\u0107 si\u0119 samotnym i nie mie\u0107 z kim porozmawia\u0107. Je\u015bli szukasz sposobu na <a href=\"https:\/\/strangercam.com\/pl\/coomeet\/\">spotkanie<\/a> nowych ludzi i nawi\u0105zywa\u0107 znajomo\u015bci, Camround jest idealn\u0105 aplikacj\u0105 dla Ciebie! Camround to aplikacja spo\u0142eczno\u015bciowa, kt\u00f3ra \u0142\u0105czy Ci\u0119 z przypadkowymi lud\u017ami z ca\u0142ego \u015bwiata.<\/p>\n<h2>Co to jest Camround?<\/h2>\n<p>Camround to nowy serwis spo\u0142eczno\u015bciowy, kt\u00f3ry pomaga poznawa\u0107 przypadkowych ludzi i nawi\u0105zywa\u0107 nowe znajomo\u015bci. Jest prosty w u\u017cyciu; wystarczy si\u0119 zarejestrowa\u0107 i zacz\u0105\u0107 rozmawia\u0107 z lud\u017ami z ca\u0142ego \u015bwiata. Camround to \u015bwietny spos\u00f3b na poznanie nowych ludzi, r\u00f3\u017cnych kultur i nawi\u0105zanie nowych znajomo\u015bci.<\/p>\n<h2>Jak dzia\u0142a Camround?<\/h2>\n<p>Camround to serwis spo\u0142eczno\u015bciowy, kt\u00f3ry \u0142\u0105czy ludzi z ca\u0142ego \u015bwiata. Jest prosty w u\u017cyciu - wystarczy si\u0119 zarejestrowa\u0107 i zacz\u0105\u0107 czatowa\u0107! Mo\u017cesz pozna\u0107 nowych przyjaci\u00f3\u0142, nowe kultury, a mo\u017ce nawet znale\u017a\u0107 mi\u0142o\u015b\u0107!<\/p>\n<h2>Plusy i minusy Camround<\/h2>\n<p>Je\u015bli szukasz nowego sposobu na poznawanie ludzi i nawi\u0105zywanie znajomo\u015bci, mo\u017cesz si\u0119 zastanawia\u0107, czy Camround jest dla ciebie w\u0142a\u015bciwym wyborem. W tym wpisie na blogu om\u00f3wimy niekt\u00f3re zalety i wady korzystania z Camround, aby\u015b m\u00f3g\u0142 sam zdecydowa\u0107, czy jest to dla Ciebie odpowiednie.<\/p>\n<h4>Plusy:<\/h4>\n<ul>\n<li style=\"font-weight: 400;\" aria-level=\"1\">Camround to \u015bwietny spos\u00f3b na poznanie nowych ludzi z ca\u0142ego \u015bwiata. Mo\u017cesz \u0142\u0105czy\u0107 si\u0119 z lud\u017ami, kt\u00f3rzy podzielaj\u0105 twoje zainteresowania i nigdy nie wiesz, kogo mo\u017cesz spotka\u0107!<\/li>\n<li style=\"font-weight: 400;\" aria-level=\"1\">To zabawny i \u0142atwy spos\u00f3b na nawi\u0105zywanie kontakt\u00f3w towarzyskich online. Mo\u017cesz \u0142atwo rozpocz\u0105\u0107 rozmow\u0119 z lud\u017ami i nie ma presji, aby spotka\u0107 si\u0119 osobi\u015bcie, je\u015bli nie jeste\u015b jeszcze gotowy.<\/li>\n<li style=\"font-weight: 400;\" aria-level=\"1\">Camround jest darmowy, wi\u0119c mo\u017cna go wypr\u00f3bowa\u0107 bez \u017cadnych zobowi\u0105za\u0144.<\/li>\n<\/ul>\n<h4>Wady:<\/h4>\n<ul>\n<li style=\"font-weight: 400;\" aria-level=\"1\">Poniewa\u017c Camround jest losowy <a href=\"https:\/\/strangercam.com\/pl\/chatroulette\/\">czat<\/a> Na miejscu zawsze istnieje mo\u017cliwo\u015b\u0107 natkni\u0119cia si\u0119 na nieodpowiednie zachowanie lub drapie\u017cniki. Je\u015bli nie b\u0119dziesz ostro\u017cny, mo\u017cesz znale\u017a\u0107 si\u0119 w niebezpiecznej sytuacji.<\/li>\n<li style=\"font-weight: 400;\" aria-level=\"1\">Istnieje r\u00f3wnie\u017c mo\u017cliwo\u015b\u0107 zmarnowania du\u017cej ilo\u015bci czasu na Camround, je\u015bli nie b\u0119dziesz ostro\u017cny. \u0141atwo jest da\u0107 si\u0119 wci\u0105gn\u0105\u0107 w wielogodzinne czatowanie, tak naprawd\u0119 niczego nie osi\u0105gaj\u0105c<\/li>\n<\/ul>\n<h2>Istotne cechy Camround<\/h2>\n<p>Jedn\u0105 z istotnych cech Camround jest to, \u017ce pomaga on w poznawaniu przypadkowych os\u00f3b i nawi\u0105zywaniu nowych znajomo\u015bci. Jest to serwis spo\u0142eczno\u015bciowy, kt\u00f3ry pozwala \u0142\u0105czy\u0107 si\u0119 z lud\u017ami z ca\u0142ego \u015bwiata. Najlepsze w Camround jest to, \u017ce jest ca\u0142kowicie darmowy!<\/p>\n<p>Kolejn\u0105 wspania\u0142\u0105 cech\u0105 Camround jest mo\u017cliwo\u015b\u0107 poznania r\u00f3\u017cnych kultur. Mo\u017cesz wchodzi\u0107 w interakcje z lud\u017ami z r\u00f3\u017cnych cz\u0119\u015bci \u015bwiata i poznawa\u0107 ich zwyczaje i tradycje. To \u015bwietny spos\u00f3b na poszerzenie horyzont\u00f3w i lepsze zrozumienie otaczaj\u0105cego \u015bwiata.<\/p>\n<p>Camround to tak\u017ce \u015bwietny spos\u00f3b na utrzymywanie kontaktu ze starymi znajomymi. Mo\u017cesz ponownie po\u0142\u0105czy\u0107 si\u0119 ze starymi kolegami z klasy, a nawet pozna\u0107 nowych przyjaci\u00f3\u0142, kt\u00f3rzy podzielaj\u0105 twoje zainteresowania. Camround u\u0142atwia pozostawanie w kontakcie z lud\u017ami, kt\u00f3rzy s\u0105 dla ciebie najwa\u017cniejsi.<\/p>\n<p>Wi\u0119c na co czekasz? Zarejestruj si\u0119 na Camround ju\u017c dzi\u015b i zacznij poznawa\u0107 nowych ludzi z ca\u0142ego \u015bwiata!<\/p>\n<h2>Jak najlepiej wykorzysta\u0107 Camround?<\/h2>\n<p>Je\u015bli chcesz pozna\u0107 nowych przyjaci\u00f3\u0142 i przypadkowych ludzi, Camround to idealne miejsce dla Ciebie! Oto kilka wskaz\u00f3wek, jak najlepiej wykorzysta\u0107 to do\u015bwiadczenie:<\/p>\n<ul>\n<li style=\"font-weight: 400;\" aria-level=\"1\">B\u0105d\u017a sob\u0105! Najlepszym sposobem na zdobycie przyjaci\u00f3\u0142 jest bycie sob\u0105 i pozwolenie innym pozna\u0107 prawdziwego siebie.<\/li>\n<li style=\"font-weight: 400;\" aria-level=\"1\">B\u0105d\u017a otwarty na poznawanie nowych ludzi. Nie b\u00f3j si\u0119 nawi\u0105za\u0107 rozmowy z kim\u015b, kogo nie znasz.<\/li>\n<li style=\"font-weight: 400;\" aria-level=\"1\">Zaanga\u017cuj si\u0119 w \u017cycie spo\u0142eczno\u015bci. W spo\u0142eczno\u015bci Camround zawsze dziej\u0105 si\u0119 fajne rzeczy, wi\u0119c zaanga\u017cuj si\u0119 i do\u0142\u0105cz do zabawy!<\/li>\n<li style=\"font-weight: 400;\" aria-level=\"1\">B\u0105d\u017a pe\u0142en szacunku. Pami\u0119taj, aby szanowa\u0107 innych i ich opinie, nawet je\u015bli si\u0119 z nimi nie zgadzasz.<\/li>\n<li style=\"font-weight: 400;\" aria-level=\"1\">Baw si\u0119 dobrze! Nawi\u0105zywanie nowych znajomo\u015bci powinno by\u0107 przyjemne, wi\u0119c zrelaksuj si\u0119 i baw si\u0119 dobrze!<\/li>\n<\/ul>\n<h2>Dlaczego Camround jest tak popularn\u0105 platform\u0105 do losowych rozm\u00f3w wideo?<\/h2>\n<p><a href=\"https:\/\/strangercam.com\/pl\/chathub\/\">Losowy czat wideo<\/a> Platformy takie jak Camround staj\u0105 si\u0119 coraz bardziej popularne, poniewa\u017c ludzie szukaj\u0105 nowych sposob\u00f3w \u0142\u0105czenia si\u0119 z innymi online. Istnieje wiele powod\u00f3w, dla kt\u00f3rych Camround jest tak popularny, w tym mo\u017cliwo\u015b\u0107 poznawania nowych ludzi z ca\u0142ego \u015bwiata i fakt, \u017ce jest darmowy w u\u017cyciu.<\/p>\n<p>Jedn\u0105 z najlepszych rzeczy w Camround jest to, \u017ce daje u\u017cytkownikom mo\u017cliwo\u015b\u0107 poznania nowych ludzi z ca\u0142ego \u015bwiata. Bez wzgl\u0119du na to, gdzie jeste\u015b, mo\u017cesz si\u0119 zalogowa\u0107 i rozpocz\u0105\u0107 rozmow\u0119 z kim\u015b nowym. To \u015bwietny spos\u00f3b na poznanie nowych przyjaci\u00f3\u0142 i poszerzenie kr\u0119gu znajomych.<\/p>\n<p>Innym powodem, dla kt\u00f3rego Camround jest tak popularny, jest to, \u017ce jest darmowy. Nie musisz nic p\u0142aci\u0107, aby si\u0119 zarejestrowa\u0107 lub czatowa\u0107, co czyni go dost\u0119pnym dla ka\u017cdego. Oznacza to r\u00f3wnie\u017c, \u017ce nie ma reklam, wi\u0119c mo\u017cesz cieszy\u0107 si\u0119 rozmowami bez \u017cadnych zak\u0142\u00f3ce\u0144.<\/p>\n<p>Je\u015bli szukasz zabawnego i \u0142atwego sposobu na poznanie nowych ludzi, to Camround jest zdecydowanie warte sprawdzenia.<\/p>\n<h2>Czego mo\u017cna si\u0119 spodziewa\u0107 podczas korzystania z losowej platformy czatu wideo?<\/h2>\n<p>Przypadkowy <a href=\"https:\/\/strangercam.com\/pl\/rabbit-video-chat\/\">czat wideo<\/a> mo\u017ce by\u0107 \u015bwietnym sposobem na poznanie nowych ludzi i nawi\u0105zanie nowych znajomo\u015bci. Jest jednak kilka rzeczy, o kt\u00f3rych nale\u017cy pami\u0119ta\u0107 podczas korzystania z takiej platformy.<\/p>\n<p>Po pierwsze, pami\u0119taj, \u017ce nie ka\u017cdy, kogo spotkasz na przypadkowej platformie czatu wideo, b\u0119dzie tym, za kogo si\u0119 podaje. Istniej\u0105 oszu\u015bci i drapie\u017cnicy, kt\u00f3rzy wykorzystuj\u0105 te platformy do \u017cerowania na niczego niepodejrzewaj\u0105cych u\u017cytkownikach. Pami\u0119taj, aby zachowa\u0107 zdrowy rozs\u0105dek i ostro\u017cno\u015b\u0107 podczas interakcji z kimkolwiek, kogo spotkasz na losowej platformie czatu wideo.<\/p>\n<p>Po drugie, pami\u0119taj, \u017ce niekt\u00f3re osoby poznane na przypadkowej platformie czatu wideo mog\u0105 nie by\u0107 zainteresowane rozmow\u0105 z tob\u0105. Je\u015bli kto\u015b wydaje si\u0119 niezainteresowany lub nie reaguje, nie bierz tego do siebie; po prostu przejd\u017a do kogo\u015b innego.<\/p>\n<p>Wreszcie, nie podawaj danych osobowych ani nie wysy\u0142aj \u017cadnych pieni\u0119dzy nikomu, kogo spotkasz na przypadkowej platformie czatu wideo.<\/p>\n<h2>Czy jest bezpieczny w u\u017cyciu?<\/h2>\n<p>Je\u015bli chodzi o bezpiecze\u0144stwo online, Camround podejmuje \u015brodki w celu zapewnienia, \u017ce jego u\u017cytkownicy s\u0105 chronieni przed oszustami i scammerami. Witryna korzysta z system\u00f3w weryfikacji w celu potwierdzenia to\u017csamo\u015bci swoich cz\u0142onk\u00f3w, a tak\u017ce ma \u015bcis\u0142\u0105 polityk\u0119 antyspamow\u0105. Ponadto Camround oferuje tryb bezpieczny dla u\u017cytkownik\u00f3w, kt\u00f3rzy chc\u0105 ograniczy\u0107 swoje interakcje tylko do tych, kt\u00f3rzy zostali zweryfikowani przez witryn\u0119.<\/p>\n<h2>Alternatywy dla Camround<\/h2>\n<p>Szukasz alternatywy dla Camround? Oto kilka innych sposob\u00f3w na poznanie przypadkowych os\u00f3b i nawi\u0105zanie nowych znajomo\u015bci:<\/p>\n<ul>\n<li style=\"font-weight: 400;\" aria-level=\"1\">Cam4 - Cam4 to witryna umo\u017cliwiaj\u0105ca prowadzenie rozm\u00f3w wideo z przypadkowymi osobami. Jest bardzo podobna do Camround, ale nie ma tych samych funkcji.<\/li>\n<li style=\"font-weight: 400;\" aria-level=\"1\"><a href=\"https:\/\/strangercam.com\/pl\/omegle\/\">Omegle<\/a> to kolejna witryna umo\u017cliwiaj\u0105ca prowadzenie rozm\u00f3w wideo z przypadkowymi osobami. Nie ma tak wielu funkcji jak Camround, ale nadal jest \u015bwietn\u0105 opcj\u0105.<\/li>\n<li style=\"font-weight: 400;\" aria-level=\"1\">Chaturbate: \u015awietna alternatywa dla Camround, Chaturbate to platforma kamer internetowych na \u017cywo z milionami u\u017cytkownik\u00f3w.<\/li>\n<\/ul>\n<h2>Wnioski<\/h2>\n<p>Camround to \u015bwietna aplikacja do nawi\u0105zywania nowych znajomo\u015bci i poznawania przypadkowych os\u00f3b. Jest \u0142atwa w u\u017cyciu i darmowa, wi\u0119c nic nie stoi na przeszkodzie, by j\u0105 wypr\u00f3bowa\u0107. Niezale\u017cnie od tego, czy szukasz kogo\u015b do rozmowy, czy chcesz spotka\u0107 si\u0119 z kim\u015b osobi\u015bcie, Camround jest zdecydowanie warte sprawdzenia.<\/p>","protected":false},"excerpt":{"rendered":"<p>In today&#8217;s world, it&#8217;s easy to feel alone and like you don&#8217;t have anyone to talk to. If you&#8217;re looking for a way to meet new people and make friends, Camround is the perfect app for you! Camround is a social networking app that connects you with random people from all over the world. What [&hellip;]<\/p>\n","protected":false},"author":6,"featured_media":559,"parent":0,"menu_order":0,"comment_status":"closed","ping_status":"closed","template":"","meta":{"footnotes":""},"class_list":["post-11108","page","type-page","status-publish","has-post-thumbnail","hentry"],"yoast_head":"<!-- This site is optimized with the Yoast SEO plugin v26.9 - https:\/\/yoast.com\/product\/yoast-seo-wordpress\/ -->\n<title>Camround - Chat with strangers on StrangerCam.com<\/title>\n<meta name=\"description\" content=\"Like Camround? Come chat with more than 5.000.000 strangers on Stranger Cam for Free! Turn on your cam and find new friends &amp; maby a match!\" \/>\n<meta name=\"robots\" content=\"index, follow, max-snippet:-1, max-image-preview:large, max-video-preview:-1\" \/>\n<link rel=\"canonical\" href=\"https:\/\/strangercam.com\/pl\/camround\/\" \/>\n<meta property=\"og:locale\" content=\"pl_PL\" \/>\n<meta property=\"og:type\" content=\"article\" \/>\n<meta property=\"og:title\" content=\"Camround - Chat with strangers on StrangerCam.com\" \/>\n<meta property=\"og:description\" content=\"Like Camround? Come chat with more than 5.000.000 strangers on Stranger Cam for Free! Turn on your cam and find new friends &amp; maby a match!\" \/>\n<meta property=\"og:url\" content=\"https:\/\/strangercam.com\/pl\/camround\/\" \/>\n<meta property=\"og:site_name\" content=\"Strangercam\" \/>\n<meta property=\"article:publisher\" content=\"https:\/\/www.facebook.com\/strangercam\" \/>\n<meta property=\"article:modified_time\" content=\"2023-08-21T09:40:39+00:00\" \/>\n<meta property=\"og:image\" content=\"https:\/\/strangercam.com\/wp-content\/uploads\/2020\/11\/stranger-cam-1.png\" \/>\n\t<meta property=\"og:image:width\" content=\"800\" \/>\n\t<meta property=\"og:image:height\" content=\"800\" \/>\n\t<meta property=\"og:image:type\" content=\"image\/png\" \/>\n<meta name=\"twitter:card\" content=\"summary_large_image\" \/>\n<meta name=\"twitter:site\" content=\"@strangercamapp\" \/>\n<meta name=\"twitter:label1\" content=\"Szacowany czas czytania\" \/>\n\t<meta name=\"twitter:data1\" content=\"6 minut\" \/>\n<script type=\"application\/ld+json\" class=\"yoast-schema-graph\">{\"@context\":\"https:\/\/schema.org\",\"@graph\":[{\"@type\":\"WebPage\",\"@id\":\"https:\/\/strangercam.com\/camround\/\",\"url\":\"https:\/\/strangercam.com\/camround\/\",\"name\":\"Camround - Chat with strangers on StrangerCam.com\",\"isPartOf\":{\"@id\":\"https:\/\/strangercam.com\/#website\"},\"primaryImageOfPage\":{\"@id\":\"https:\/\/strangercam.com\/camround\/#primaryimage\"},\"image\":{\"@id\":\"https:\/\/strangercam.com\/camround\/#primaryimage\"},\"thumbnailUrl\":\"https:\/\/strangercam.com\/wp-content\/uploads\/2020\/11\/stranger-cam-1.png\",\"datePublished\":\"2022-08-11T12:46:42+00:00\",\"dateModified\":\"2023-08-21T09:40:39+00:00\",\"description\":\"Like Camround? Come chat with more than 5.000.000 strangers on Stranger Cam for Free! Turn on your cam and find new friends & maby a match!\",\"breadcrumb\":{\"@id\":\"https:\/\/strangercam.com\/camround\/#breadcrumb\"},\"inLanguage\":\"pl-PL\",\"potentialAction\":[{\"@type\":\"ReadAction\",\"target\":[\"https:\/\/strangercam.com\/camround\/\"]}]},{\"@type\":\"ImageObject\",\"inLanguage\":\"pl-PL\",\"@id\":\"https:\/\/strangercam.com\/camround\/#primaryimage\",\"url\":\"https:\/\/strangercam.com\/wp-content\/uploads\/2020\/11\/stranger-cam-1.png\",\"contentUrl\":\"https:\/\/strangercam.com\/wp-content\/uploads\/2020\/11\/stranger-cam-1.png\",\"width\":800,\"height\":800,\"caption\":\"stranger cam random video chat\"},{\"@type\":\"BreadcrumbList\",\"@id\":\"https:\/\/strangercam.com\/camround\/#breadcrumb\",\"itemListElement\":[{\"@type\":\"ListItem\",\"position\":1,\"name\":\"Home\",\"item\":\"https:\/\/strangercam.com\/\"},{\"@type\":\"ListItem\",\"position\":2,\"name\":\"Camround\"}]},{\"@type\":\"WebSite\",\"@id\":\"https:\/\/strangercam.com\/#website\",\"url\":\"https:\/\/strangercam.com\/\",\"name\":\"Strangercam\",\"description\":\"Random Video Chat with Strangers\",\"publisher\":{\"@id\":\"https:\/\/strangercam.com\/#organization\"},\"alternateName\":\"Strangercam.com\",\"potentialAction\":[{\"@type\":\"SearchAction\",\"target\":{\"@type\":\"EntryPoint\",\"urlTemplate\":\"https:\/\/strangercam.com\/?s={search_term_string}\"},\"query-input\":{\"@type\":\"PropertyValueSpecification\",\"valueRequired\":true,\"valueName\":\"search_term_string\"}}],\"inLanguage\":\"pl-PL\"},{\"@type\":\"Organization\",\"@id\":\"https:\/\/strangercam.com\/#organization\",\"name\":\"Strangercam\",\"alternateName\":\"Strangercam.com\",\"url\":\"https:\/\/strangercam.com\/\",\"logo\":{\"@type\":\"ImageObject\",\"inLanguage\":\"pl-PL\",\"@id\":\"https:\/\/strangercam.com\/#\/schema\/logo\/image\/\",\"url\":\"https:\/\/strangercam.com\/wp-content\/uploads\/2020\/11\/cropped-new-favicon-black.png\",\"contentUrl\":\"https:\/\/strangercam.com\/wp-content\/uploads\/2020\/11\/cropped-new-favicon-black.png\",\"width\":512,\"height\":512,\"caption\":\"Strangercam\"},\"image\":{\"@id\":\"https:\/\/strangercam.com\/#\/schema\/logo\/image\/\"},\"sameAs\":[\"https:\/\/www.facebook.com\/strangercam\",\"https:\/\/x.com\/strangercamapp\"]}]}<\/script>\n<!-- \/ Yoast SEO plugin. -->","yoast_head_json":{"title":"Camround - Czat z nieznajomymi na StrangerCam.com","description":"Jak Camround? Przyjd\u017a na czat z ponad 5.000.000 nieznajomych na Stranger Cam za darmo! W\u0142\u0105cz kamer\u0119 i znajd\u017a nowych przyjaci\u00f3\u0142 i mo\u017ce mecz!","robots":{"index":"index","follow":"follow","max-snippet":"max-snippet:-1","max-image-preview":"max-image-preview:large","max-video-preview":"max-video-preview:-1"},"canonical":"https:\/\/strangercam.com\/pl\/camround\/","og_locale":"pl_PL","og_type":"article","og_title":"Camround - Chat with strangers on StrangerCam.com","og_description":"Like Camround? Come chat with more than 5.000.000 strangers on Stranger Cam for Free! Turn on your cam and find new friends & maby a match!","og_url":"https:\/\/strangercam.com\/pl\/camround\/","og_site_name":"Strangercam","article_publisher":"https:\/\/www.facebook.com\/strangercam","article_modified_time":"2023-08-21T09:40:39+00:00","og_image":[{"width":800,"height":800,"url":"https:\/\/strangercam.com\/wp-content\/uploads\/2020\/11\/stranger-cam-1.png","type":"image\/png"}],"twitter_card":"summary_large_image","twitter_site":"@strangercamapp","twitter_misc":{"Szacowany czas czytania":"6 minut"},"schema":{"@context":"https:\/\/schema.org","@graph":[{"@type":"WebPage","@id":"https:\/\/strangercam.com\/camround\/","url":"https:\/\/strangercam.com\/camround\/","name":"Camround - Czat z nieznajomymi na StrangerCam.com","isPartOf":{"@id":"https:\/\/strangercam.com\/#website"},"primaryImageOfPage":{"@id":"https:\/\/strangercam.com\/camround\/#primaryimage"},"image":{"@id":"https:\/\/strangercam.com\/camround\/#primaryimage"},"thumbnailUrl":"https:\/\/strangercam.com\/wp-content\/uploads\/2020\/11\/stranger-cam-1.png","datePublished":"2022-08-11T12:46:42+00:00","dateModified":"2023-08-21T09:40:39+00:00","description":"Jak Camround? Przyjd\u017a na czat z ponad 5.000.000 nieznajomych na Stranger Cam za darmo! W\u0142\u0105cz kamer\u0119 i znajd\u017a nowych przyjaci\u00f3\u0142 i mo\u017ce mecz!","breadcrumb":{"@id":"https:\/\/strangercam.com\/camround\/#breadcrumb"},"inLanguage":"pl-PL","potentialAction":[{"@type":"ReadAction","target":["https:\/\/strangercam.com\/camround\/"]}]},{"@type":"ImageObject","inLanguage":"pl-PL","@id":"https:\/\/strangercam.com\/camround\/#primaryimage","url":"https:\/\/strangercam.com\/wp-content\/uploads\/2020\/11\/stranger-cam-1.png","contentUrl":"https:\/\/strangercam.com\/wp-content\/uploads\/2020\/11\/stranger-cam-1.png","width":800,"height":800,"caption":"stranger cam random video chat"},{"@type":"BreadcrumbList","@id":"https:\/\/strangercam.com\/camround\/#breadcrumb","itemListElement":[{"@type":"ListItem","position":1,"name":"Home","item":"https:\/\/strangercam.com\/"},{"@type":"ListItem","position":2,"name":"Camround"}]},{"@type":"WebSite","@id":"https:\/\/strangercam.com\/#website","url":"https:\/\/strangercam.com\/","name":"Strangercam","description":"Losowy czat wideo z nieznajomymi","publisher":{"@id":"https:\/\/strangercam.com\/#organization"},"alternateName":"Strangercam.com","potentialAction":[{"@type":"SearchAction","target":{"@type":"EntryPoint","urlTemplate":"https:\/\/strangercam.com\/?s={search_term_string}"},"query-input":{"@type":"PropertyValueSpecification","valueRequired":true,"valueName":"search_term_string"}}],"inLanguage":"pl-PL"},{"@type":"Organization","@id":"https:\/\/strangercam.com\/#organization","name":"Strangercam","alternateName":"Strangercam.com","url":"https:\/\/strangercam.com\/","logo":{"@type":"ImageObject","inLanguage":"pl-PL","@id":"https:\/\/strangercam.com\/#\/schema\/logo\/image\/","url":"https:\/\/strangercam.com\/wp-content\/uploads\/2020\/11\/cropped-new-favicon-black.png","contentUrl":"https:\/\/strangercam.com\/wp-content\/uploads\/2020\/11\/cropped-new-favicon-black.png","width":512,"height":512,"caption":"Strangercam"},"image":{"@id":"https:\/\/strangercam.com\/#\/schema\/logo\/image\/"},"sameAs":["https:\/\/www.facebook.com\/strangercam","https:\/\/x.com\/strangercamapp"]}]}},"_links":{"self":[{"href":"https:\/\/strangercam.com\/pl\/wp-json\/wp\/v2\/pages\/11108","targetHints":{"allow":["GET"]}}],"collection":[{"href":"https:\/\/strangercam.com\/pl\/wp-json\/wp\/v2\/pages"}],"about":[{"href":"https:\/\/strangercam.com\/pl\/wp-json\/wp\/v2\/types\/page"}],"author":[{"embeddable":true,"href":"https:\/\/strangercam.com\/pl\/wp-json\/wp\/v2\/users\/6"}],"replies":[{"embeddable":true,"href":"https:\/\/strangercam.com\/pl\/wp-json\/wp\/v2\/comments?post=11108"}],"version-history":[{"count":0,"href":"https:\/\/strangercam.com\/pl\/wp-json\/wp\/v2\/pages\/11108\/revisions"}],"wp:featuredmedia":[{"embeddable":true,"href":"https:\/\/strangercam.com\/pl\/wp-json\/wp\/v2\/media\/559"}],"wp:attachment":[{"href":"https:\/\/strangercam.com\/pl\/wp-json\/wp\/v2\/media?parent=11108"}],"curies":[{"name":"wp","href":"https:\/\/api.w.org\/{rel}","templated":true}]}}