{"id":10182,"date":"2022-05-30T14:44:10","date_gmt":"2022-05-30T12:44:10","guid":{"rendered":"https:\/\/strangercam.com\/?page_id=10182"},"modified":"2023-08-21T12:24:41","modified_gmt":"2023-08-21T10:24:41","slug":"funyo","status":"publish","type":"page","link":"https:\/\/strangercam.com\/pl\/funyo\/","title":{"rendered":"Funyo"},"content":{"rendered":"<p>Korzystaj\u0105c z aparatu, FunYo pomaga \u0142\u0105czy\u0107 przypadkowych ludzi z ca\u0142ego \u015bwiata. Nie ma potrzeby rejestracji, a korzystanie z FunYo jest ca\u0142kowicie bezp\u0142atne! Us\u0142uga jest prosta w u\u017cyciu i zapewnia ekscytuj\u0105ce funkcje, takie jak mo\u017cliwo\u015b\u0107 interakcji z osobami w okre\u015blonych krajach lub tylko z <a href=\"https:\/\/strangercam.com\/pl\/wideo-rozmowa-z-dziewczynami\/\">dziewczyny<\/a>.<\/p>\n<h3>G\u0142\u00f3wne cechy aplikacji randkowej Funyo<\/h3>\n<p>Poni\u017cej opisali\u015bmy wszystkie szczeg\u00f3\u0142y, kt\u00f3re powiniene\u015b wiedzie\u0107 o aplikacji randkowej Funyo:<\/p>\n<h4>Funyo to aplikacja umo\u017cliwiaj\u0105ca czatowanie z przypadkowymi nieznajomymi.<\/h4>\n<p>Darmowe losowe <a href=\"https:\/\/strangercam.com\/pl\/chatroulette\/\">czat<\/a> na Funyo to idealny spos\u00f3b na interakcj\u0119 z nowymi lud\u017ami z ca\u0142ego \u015bwiata. Stworzyli\u015bmy prosty system, kt\u00f3ry koncentruje si\u0119 na u\u0142atwieniu wam wszystkim \u0142\u0105czenia si\u0119 z aktualnie odbywaj\u0105cymi si\u0119 czatami przed kamerami internetowymi! Random Chat, Webcam Girls i Gay Chat to trzy inteligentne sposoby na <a href=\"https:\/\/strangercam.com\/pl\/bazoocam\/\">krzywka<\/a> rozmawia\u0107 z nieznajomymi. Ka\u017cdy <a href=\"https:\/\/strangercam.com\/pl\/chathub\/\">Losowy czat wideo<\/a> System \u0142\u0105czy Ci\u0119 z setkami innych os\u00f3b, kt\u00f3re transmituj\u0105 na \u017cywo swoje kamery internetowe i szukaj\u0105 <a href=\"https:\/\/strangercam.com\/pl\/coomeet\/\">spotkanie<\/a> nowych ludzi, takich jak Ty. Zacznij nawi\u0105zywa\u0107 kontakty towarzyskie ju\u017c dzi\u015b dzi\u0119ki modnym i zabawnym rozmowom przez kamer\u0119 internetow\u0105 Funyo!<\/p>\n<h4>Czat z dziewczynami za darmo<\/h4>\n<p>Czy masz do\u015b\u0107 p\u0142acenia ukrytych op\u0142at, aby rozmawia\u0107 ze wspania\u0142ymi dziewczynami z kamerkami online? Funyo ma dla ciebie odpowied\u017a w postaci darmowych kamerek dla ka\u017cdego! Mo\u017cesz odkrywa\u0107 du\u017cy wyb\u00f3r fantastycznych kamerek na \u017cywo i rozm\u00f3w wideo z dziewczynami przez nieko\u0144cz\u0105cy si\u0119 okres czasu za darmo w naszej sekcji dziewczyn z kamerkami. Odkryj dziewczyny z ca\u0142ego \u015bwiata, kt\u00f3re transmituj\u0105 swoje kamery internetowe w r\u00f3\u017cnych kategoriach i zacznij z nimi rozmawia\u0107 za darmo ju\u017c teraz!<\/p>\n<h4>Czat gejowski za darmo<\/h4>\n<p>Dzi\u0119ki darmowym gejowskim rozmowom wideo online Funyo mo\u017cesz znale\u017a\u0107 tysi\u0105ce m\u0119\u017cczyzn pokazuj\u0105cych swoje kamery internetowe w\u0142a\u015bnie teraz! Losowy czat homoseksualny, w przeciwie\u0144stwie do zwyk\u0142ego czatu z przypadkowymi osobami, \u0142\u0105czy Ci\u0119 tylko z m\u0119\u017cczyznami. Geje, biseksuali\u015bci i ciekawscy m\u0119\u017cczy\u017ani z ca\u0142ego \u015bwiata s\u0105 gotowi na spotkanie z Tob\u0105. Wi\u0119kszo\u015b\u0107 witryn z kamerkami gejowskimi wymaga p\u0142atno\u015bci, aby uzyska\u0107 dost\u0119p do kamerek gejowskich, ale na Funyo kontaktujemy Ci\u0119 z prawdziwymi lud\u017ami, dzi\u0119ki czemu mo\u017cesz mie\u0107 kamerk\u0119 gejowsk\u0105 do czatu z kamerk\u0105 internetow\u0105 i mie\u0107 troch\u0119 rado\u015bci.<\/p>\n<h3>Wnioski<\/h3>\n<p>Chatrandom wykona\u0142 du\u017cy skok w stosunku do Funyo pod wzgl\u0119dem bazy u\u017cytkownik\u00f3w, z wi\u0119ksz\u0105 liczb\u0105 os\u00f3b online na Funyo. Tak te\u017c si\u0119 sta\u0142o z tego samego powodu. Ale Funyo wci\u0105\u017c ma wystarczaj\u0105co du\u017co os\u00f3b, aby uczyni\u0107 go interesuj\u0105cym do odwiedzenia. Wejd\u017a wi\u0119c na www.funyo.com i zacznij cieszy\u0107 si\u0119 \u017cyciem.<\/p>","protected":false},"excerpt":{"rendered":"<p>Using your camera, FunYo helps to connect random people from all over the world. There is no need to register, and FunYo is completely free to use! The service is simple to use, and we provide exciting features such as the option to interact with individuals in specified countries or just with girls. Main Features [&hellip;]<\/p>\n","protected":false},"author":6,"featured_media":559,"parent":0,"menu_order":0,"comment_status":"closed","ping_status":"closed","template":"","meta":{"footnotes":""},"class_list":["post-10182","page","type-page","status-publish","has-post-thumbnail","hentry"],"yoast_head":"<!-- This site is optimized with the Yoast SEO plugin v26.9 - https:\/\/yoast.com\/product\/yoast-seo-wordpress\/ -->\n<title>Funyo - Chat Roulette Anonymously - Cam on StrangerCam.com<\/title>\n<meta name=\"description\" content=\"Like Funyo? Come chat with more than 5.000.000 strangers on Stranger Cam for Free! Turn on your cam and find new friends &amp; maby a match!\" \/>\n<meta name=\"robots\" content=\"index, follow, max-snippet:-1, max-image-preview:large, max-video-preview:-1\" \/>\n<link rel=\"canonical\" href=\"https:\/\/strangercam.com\/pl\/funyo\/\" \/>\n<meta property=\"og:locale\" content=\"pl_PL\" \/>\n<meta property=\"og:type\" content=\"article\" \/>\n<meta property=\"og:title\" content=\"Funyo - Chat Roulette Anonymously - Cam on StrangerCam.com\" \/>\n<meta property=\"og:description\" content=\"Like Funyo? Come chat with more than 5.000.000 strangers on Stranger Cam for Free! Turn on your cam and find new friends &amp; maby a match!\" \/>\n<meta property=\"og:url\" content=\"https:\/\/strangercam.com\/pl\/funyo\/\" \/>\n<meta property=\"og:site_name\" content=\"Strangercam\" \/>\n<meta property=\"article:publisher\" content=\"https:\/\/www.facebook.com\/strangercam\" \/>\n<meta property=\"article:modified_time\" content=\"2023-08-21T10:24:41+00:00\" \/>\n<meta property=\"og:image\" content=\"https:\/\/strangercam.com\/wp-content\/uploads\/2020\/11\/stranger-cam-1.png\" \/>\n\t<meta property=\"og:image:width\" content=\"800\" \/>\n\t<meta property=\"og:image:height\" content=\"800\" \/>\n\t<meta property=\"og:image:type\" content=\"image\/png\" \/>\n<meta name=\"twitter:card\" content=\"summary_large_image\" \/>\n<meta name=\"twitter:site\" content=\"@strangercamapp\" \/>\n<meta name=\"twitter:label1\" content=\"Szacowany czas czytania\" \/>\n\t<meta name=\"twitter:data1\" content=\"2 minuty\" \/>\n<script type=\"application\/ld+json\" class=\"yoast-schema-graph\">{\"@context\":\"https:\/\/schema.org\",\"@graph\":[{\"@type\":\"WebPage\",\"@id\":\"https:\/\/strangercam.com\/funyo\/\",\"url\":\"https:\/\/strangercam.com\/funyo\/\",\"name\":\"Funyo - Chat Roulette Anonymously - Cam on StrangerCam.com\",\"isPartOf\":{\"@id\":\"https:\/\/strangercam.com\/#website\"},\"primaryImageOfPage\":{\"@id\":\"https:\/\/strangercam.com\/funyo\/#primaryimage\"},\"image\":{\"@id\":\"https:\/\/strangercam.com\/funyo\/#primaryimage\"},\"thumbnailUrl\":\"https:\/\/strangercam.com\/wp-content\/uploads\/2020\/11\/stranger-cam-1.png\",\"datePublished\":\"2022-05-30T12:44:10+00:00\",\"dateModified\":\"2023-08-21T10:24:41+00:00\",\"description\":\"Like Funyo? Come chat with more than 5.000.000 strangers on Stranger Cam for Free! Turn on your cam and find new friends & maby a match!\",\"breadcrumb\":{\"@id\":\"https:\/\/strangercam.com\/funyo\/#breadcrumb\"},\"inLanguage\":\"pl-PL\",\"potentialAction\":[{\"@type\":\"ReadAction\",\"target\":[\"https:\/\/strangercam.com\/funyo\/\"]}]},{\"@type\":\"ImageObject\",\"inLanguage\":\"pl-PL\",\"@id\":\"https:\/\/strangercam.com\/funyo\/#primaryimage\",\"url\":\"https:\/\/strangercam.com\/wp-content\/uploads\/2020\/11\/stranger-cam-1.png\",\"contentUrl\":\"https:\/\/strangercam.com\/wp-content\/uploads\/2020\/11\/stranger-cam-1.png\",\"width\":800,\"height\":800,\"caption\":\"stranger cam random video chat\"},{\"@type\":\"BreadcrumbList\",\"@id\":\"https:\/\/strangercam.com\/funyo\/#breadcrumb\",\"itemListElement\":[{\"@type\":\"ListItem\",\"position\":1,\"name\":\"Home\",\"item\":\"https:\/\/strangercam.com\/\"},{\"@type\":\"ListItem\",\"position\":2,\"name\":\"Funyo\"}]},{\"@type\":\"WebSite\",\"@id\":\"https:\/\/strangercam.com\/#website\",\"url\":\"https:\/\/strangercam.com\/\",\"name\":\"Strangercam\",\"description\":\"Random Video Chat with Strangers\",\"publisher\":{\"@id\":\"https:\/\/strangercam.com\/#organization\"},\"alternateName\":\"Strangercam.com\",\"potentialAction\":[{\"@type\":\"SearchAction\",\"target\":{\"@type\":\"EntryPoint\",\"urlTemplate\":\"https:\/\/strangercam.com\/?s={search_term_string}\"},\"query-input\":{\"@type\":\"PropertyValueSpecification\",\"valueRequired\":true,\"valueName\":\"search_term_string\"}}],\"inLanguage\":\"pl-PL\"},{\"@type\":\"Organization\",\"@id\":\"https:\/\/strangercam.com\/#organization\",\"name\":\"Strangercam\",\"alternateName\":\"Strangercam.com\",\"url\":\"https:\/\/strangercam.com\/\",\"logo\":{\"@type\":\"ImageObject\",\"inLanguage\":\"pl-PL\",\"@id\":\"https:\/\/strangercam.com\/#\/schema\/logo\/image\/\",\"url\":\"https:\/\/strangercam.com\/wp-content\/uploads\/2020\/11\/cropped-new-favicon-black.png\",\"contentUrl\":\"https:\/\/strangercam.com\/wp-content\/uploads\/2020\/11\/cropped-new-favicon-black.png\",\"width\":512,\"height\":512,\"caption\":\"Strangercam\"},\"image\":{\"@id\":\"https:\/\/strangercam.com\/#\/schema\/logo\/image\/\"},\"sameAs\":[\"https:\/\/www.facebook.com\/strangercam\",\"https:\/\/x.com\/strangercamapp\"]}]}<\/script>\n<!-- \/ Yoast SEO plugin. -->","yoast_head_json":{"title":"Funyo - Ruletka na czacie anonimowo - kamera na StrangerCam.com","description":"Jak Funyo? Przyjd\u017a na czat z ponad 5.000.000 nieznajomych na Stranger Cam za darmo! W\u0142\u0105cz kamer\u0119 i znajd\u017a nowych przyjaci\u00f3\u0142 i mo\u017ce mecz!","robots":{"index":"index","follow":"follow","max-snippet":"max-snippet:-1","max-image-preview":"max-image-preview:large","max-video-preview":"max-video-preview:-1"},"canonical":"https:\/\/strangercam.com\/pl\/funyo\/","og_locale":"pl_PL","og_type":"article","og_title":"Funyo - Chat Roulette Anonymously - Cam on StrangerCam.com","og_description":"Like Funyo? Come chat with more than 5.000.000 strangers on Stranger Cam for Free! Turn on your cam and find new friends & maby a match!","og_url":"https:\/\/strangercam.com\/pl\/funyo\/","og_site_name":"Strangercam","article_publisher":"https:\/\/www.facebook.com\/strangercam","article_modified_time":"2023-08-21T10:24:41+00:00","og_image":[{"width":800,"height":800,"url":"https:\/\/strangercam.com\/wp-content\/uploads\/2020\/11\/stranger-cam-1.png","type":"image\/png"}],"twitter_card":"summary_large_image","twitter_site":"@strangercamapp","twitter_misc":{"Szacowany czas czytania":"2 minuty"},"schema":{"@context":"https:\/\/schema.org","@graph":[{"@type":"WebPage","@id":"https:\/\/strangercam.com\/funyo\/","url":"https:\/\/strangercam.com\/funyo\/","name":"Funyo - Ruletka na czacie anonimowo - kamera na StrangerCam.com","isPartOf":{"@id":"https:\/\/strangercam.com\/#website"},"primaryImageOfPage":{"@id":"https:\/\/strangercam.com\/funyo\/#primaryimage"},"image":{"@id":"https:\/\/strangercam.com\/funyo\/#primaryimage"},"thumbnailUrl":"https:\/\/strangercam.com\/wp-content\/uploads\/2020\/11\/stranger-cam-1.png","datePublished":"2022-05-30T12:44:10+00:00","dateModified":"2023-08-21T10:24:41+00:00","description":"Jak Funyo? Przyjd\u017a na czat z ponad 5.000.000 nieznajomych na Stranger Cam za darmo! W\u0142\u0105cz kamer\u0119 i znajd\u017a nowych przyjaci\u00f3\u0142 i mo\u017ce mecz!","breadcrumb":{"@id":"https:\/\/strangercam.com\/funyo\/#breadcrumb"},"inLanguage":"pl-PL","potentialAction":[{"@type":"ReadAction","target":["https:\/\/strangercam.com\/funyo\/"]}]},{"@type":"ImageObject","inLanguage":"pl-PL","@id":"https:\/\/strangercam.com\/funyo\/#primaryimage","url":"https:\/\/strangercam.com\/wp-content\/uploads\/2020\/11\/stranger-cam-1.png","contentUrl":"https:\/\/strangercam.com\/wp-content\/uploads\/2020\/11\/stranger-cam-1.png","width":800,"height":800,"caption":"stranger cam random video chat"},{"@type":"BreadcrumbList","@id":"https:\/\/strangercam.com\/funyo\/#breadcrumb","itemListElement":[{"@type":"ListItem","position":1,"name":"Home","item":"https:\/\/strangercam.com\/"},{"@type":"ListItem","position":2,"name":"Funyo"}]},{"@type":"WebSite","@id":"https:\/\/strangercam.com\/#website","url":"https:\/\/strangercam.com\/","name":"Strangercam","description":"Losowy czat wideo z nieznajomymi","publisher":{"@id":"https:\/\/strangercam.com\/#organization"},"alternateName":"Strangercam.com","potentialAction":[{"@type":"SearchAction","target":{"@type":"EntryPoint","urlTemplate":"https:\/\/strangercam.com\/?s={search_term_string}"},"query-input":{"@type":"PropertyValueSpecification","valueRequired":true,"valueName":"search_term_string"}}],"inLanguage":"pl-PL"},{"@type":"Organization","@id":"https:\/\/strangercam.com\/#organization","name":"Strangercam","alternateName":"Strangercam.com","url":"https:\/\/strangercam.com\/","logo":{"@type":"ImageObject","inLanguage":"pl-PL","@id":"https:\/\/strangercam.com\/#\/schema\/logo\/image\/","url":"https:\/\/strangercam.com\/wp-content\/uploads\/2020\/11\/cropped-new-favicon-black.png","contentUrl":"https:\/\/strangercam.com\/wp-content\/uploads\/2020\/11\/cropped-new-favicon-black.png","width":512,"height":512,"caption":"Strangercam"},"image":{"@id":"https:\/\/strangercam.com\/#\/schema\/logo\/image\/"},"sameAs":["https:\/\/www.facebook.com\/strangercam","https:\/\/x.com\/strangercamapp"]}]}},"_links":{"self":[{"href":"https:\/\/strangercam.com\/pl\/wp-json\/wp\/v2\/pages\/10182","targetHints":{"allow":["GET"]}}],"collection":[{"href":"https:\/\/strangercam.com\/pl\/wp-json\/wp\/v2\/pages"}],"about":[{"href":"https:\/\/strangercam.com\/pl\/wp-json\/wp\/v2\/types\/page"}],"author":[{"embeddable":true,"href":"https:\/\/strangercam.com\/pl\/wp-json\/wp\/v2\/users\/6"}],"replies":[{"embeddable":true,"href":"https:\/\/strangercam.com\/pl\/wp-json\/wp\/v2\/comments?post=10182"}],"version-history":[{"count":0,"href":"https:\/\/strangercam.com\/pl\/wp-json\/wp\/v2\/pages\/10182\/revisions"}],"wp:featuredmedia":[{"embeddable":true,"href":"https:\/\/strangercam.com\/pl\/wp-json\/wp\/v2\/media\/559"}],"wp:attachment":[{"href":"https:\/\/strangercam.com\/pl\/wp-json\/wp\/v2\/media?parent=10182"}],"curies":[{"name":"wp","href":"https:\/\/api.w.org\/{rel}","templated":true}]}}