{"id":10138,"date":"2022-05-30T14:33:56","date_gmt":"2022-05-30T12:33:56","guid":{"rendered":"https:\/\/strangercam.com\/?page_id=10138"},"modified":"2023-08-21T12:24:42","modified_gmt":"2023-08-21T10:24:42","slug":"omega","status":"publish","type":"page","link":"https:\/\/strangercam.com\/pl\/omega\/","title":{"rendered":"Omega"},"content":{"rendered":"<p>Omega to nowy i ulepszony <a href=\"https:\/\/strangercam.com\/pl\/omegle\/\">Omegle<\/a> \u017ce, jak <a href=\"https:\/\/strangercam.com\/pl\/ometv\/\">OmeTv<\/a>, LivU, DODO, Chamet, HOLLA i Facha. Umo\u017cliwia r\u00f3wnie\u017c komunikowanie si\u0119 i nawi\u0105zywanie nowych znajomo\u015bci z osobami na ca\u0142ym \u015bwiecie w rozmowach g\u0142osowych, losowych nagraniach wideo i innych. <a href=\"https:\/\/strangercam.com\/pl\/chatroulette\/\">czat<\/a>, i przesy\u0142anie wiadomo\u015bci mi\u0119dzy osobami. Omega, nowy i ulepszony Omegle, po\u0142\u0105czy Ci\u0119 z ogromn\u0105 liczb\u0105 os\u00f3b z ponad 100 kraj\u00f3w za pomoc\u0105 jednego dotkni\u0119cia. Spontaniczne spotkania poszerzaj\u0105 kr\u0105g znajomych, a przypadkowe rozmowy wideo i konwersacje zbli\u017caj\u0105 ludzi.<\/p>\n<p>Zautomatyzowany system ochrony AI w Omega zabezpieczy wszystkie rozmowy wideo na \u017cywo i sesje czatu na \u017cywo, zapewniaj\u0105c, \u017ce nie napotkasz \u017cadnych narusze\u0144 ani niedopuszczalnych zachowa\u0144.<\/p>\n<h3>G\u0142\u00f3wne cechy najlepszej platformy randkowej Omega<\/h3>\n<p>Poni\u017cej znajduj\u0105 si\u0119 niekt\u00f3re z najwa\u017cniejszych funkcji najlepszych platform randkowych Omega:<\/p>\n<ul>\n<li>Rozmowy na \u017cywo i czat wideo na \u017cywo. Platforma umo\u017cliwia komunikacj\u0119 z dowoln\u0105 osob\u0105 online.<\/li>\n<li>DMs. Mo\u017cesz tak\u017ce bezpo\u015brednio rozmawia\u0107 ze znajomymi online na platformie Omega.<\/li>\n<li>Filtr regionu i p\u0142ci. Je\u015bli chcesz wej\u015b\u0107 w interakcj\u0119 i <a href=\"https:\/\/strangercam.com\/pl\/coomeet\/\">spotkanie<\/a> okre\u015blonych os\u00f3b, filtr mo\u017ce pom\u00f3c w uzyskaniu dost\u0119pu do odpowiednich os\u00f3b.<\/li>\n<li>Prezenty. Je\u015bli chcesz okaza\u0107 prawdziw\u0105 sympati\u0119 innej osobie, mo\u017cesz podarowa\u0107 jej prezent online.<\/li>\n<\/ul>\n<h3>Dlaczego warto korzysta\u0107 z platformy Omega do cel\u00f3w randkowych?<\/h3>\n<p>Poni\u017cej przedstawiamy niekt\u00f3re z najwa\u017cniejszych powod\u00f3w, kt\u00f3re wyr\u00f3\u017cniaj\u0105 nas spo\u015br\u00f3d innych istniej\u0105cych aplikacji online:<\/p>\n<ul>\n<li>Poznaj nowych ludzi z ca\u0142ego \u015bwiata na losowym czacie wideo w czasie rzeczywistym!<\/li>\n<li>Dla os\u00f3b, kt\u00f3re uwielbiaj\u0105 nawi\u0105zywa\u0107 nowe znajomo\u015bci z nieznajomymi, tworzymy przyjemn\u0105, bezpieczn\u0105 i zdrow\u0105 spo\u0142eczno\u015b\u0107 online.<\/li>\n<li>W grupie Omega - nowej i ulepszonej grupie Omegle mo\u017cesz rozmawia\u0107 przez FaceTime z zupe\u0142nie obcymi osobami z ca\u0142ego \u015bwiata, z kt\u00f3rych ka\u017cda ma do opowiedzenia w\u0142asne wspania\u0142e historie i do\u015bwiadczenia.<\/li>\n<li>Ka\u017cda losowa wideokonferencja dostosowana do indywidualnych potrzeb jest warto\u015bciowa i cenna, z mo\u017cliwo\u015bci\u0105 nawi\u0105zania nowej wi\u0119zi na ca\u0142e \u017cycie.<\/li>\n<li>Mo\u017cesz tak\u017ce ponownie po\u0142\u0105czy\u0107 si\u0119 ze starymi znajomymi za po\u015brednictwem osobistych wiadomo\u015bci i losowych wideokonferencji online.<\/li>\n<li>Dopasuj losowo, aby nawi\u0105za\u0107 nowe kontakty poprzez dyskusje na \u017cywo, pozna\u0107 r\u00f3\u017cne kultury i poszerzy\u0107 swoje horyzonty.<\/li>\n<li>Obs\u0142uga klienta platformy jest r\u00f3wnie\u017c do\u015b\u0107 responsywna. Odpowiadaj\u0105 na ka\u017cd\u0105 skarg\u0119 w ci\u0105gu kilku minut. Zesp\u00f3\u0142 zapewnia wspania\u0142e wra\u017cenia na platformie bez \u017cadnych waha\u0144 i obaw. Mamy szczer\u0105 nadziej\u0119, \u017ce korzystanie z Omega, najwi\u0119kszego <a href=\"https:\/\/strangercam.com\/pl\/chathub\/\">Losowy czat wideo<\/a> i dost\u0119pne narz\u0119dzie do czatu na \u017cywo!<\/li>\n<\/ul>\n<h3>Wnioski<\/h3>\n<p>Omega to przyjemna platforma, kt\u00f3ra pomaga komunikowa\u0107 si\u0119 z w\u0142a\u015bciw\u0105 osob\u0105 i znale\u017a\u0107 bratni\u0105 dusz\u0119, kt\u00f3ra sprawi, \u017ce poczujesz si\u0119 podekscytowany i wa\u017cny na ca\u0142ym \u015bwiecie.<\/p>","protected":false},"excerpt":{"rendered":"<p>Omega is a new and improved Omegle that, like OmeTv, LivU, DODO, Chamet, HOLLA, and Facha. It also enables you to communicate and make some new friends with individuals all over the world in voice conversations, random video chat, and messaging in person to person. Omega, the new and improved Omegle, will link you with [&hellip;]<\/p>\n","protected":false},"author":6,"featured_media":559,"parent":0,"menu_order":0,"comment_status":"closed","ping_status":"closed","template":"","meta":{"footnotes":""},"class_list":["post-10138","page","type-page","status-publish","has-post-thumbnail","hentry"],"yoast_head":"<!-- This site is optimized with the Yoast SEO plugin v26.9 - https:\/\/yoast.com\/product\/yoast-seo-wordpress\/ -->\n<title>Omega - Chat Roulette Anonymously - Cam on StrangerCam.com<\/title>\n<meta name=\"description\" content=\"Like Omega? Come chat with more than 5.000.000 strangers on Stranger Cam for Free! Turn on your cam and find new friends &amp; maby a match!\" \/>\n<meta name=\"robots\" content=\"index, follow, max-snippet:-1, max-image-preview:large, max-video-preview:-1\" \/>\n<link rel=\"canonical\" href=\"https:\/\/strangercam.com\/pl\/omega\/\" \/>\n<meta property=\"og:locale\" content=\"pl_PL\" \/>\n<meta property=\"og:type\" content=\"article\" \/>\n<meta property=\"og:title\" content=\"Omega - Chat Roulette Anonymously - Cam on StrangerCam.com\" \/>\n<meta property=\"og:description\" content=\"Like Omega? Come chat with more than 5.000.000 strangers on Stranger Cam for Free! Turn on your cam and find new friends &amp; maby a match!\" \/>\n<meta property=\"og:url\" content=\"https:\/\/strangercam.com\/pl\/omega\/\" \/>\n<meta property=\"og:site_name\" content=\"Strangercam\" \/>\n<meta property=\"article:publisher\" content=\"https:\/\/www.facebook.com\/strangercam\" \/>\n<meta property=\"article:modified_time\" content=\"2023-08-21T10:24:42+00:00\" \/>\n<meta property=\"og:image\" content=\"https:\/\/strangercam.com\/wp-content\/uploads\/2020\/11\/stranger-cam-1.png\" \/>\n\t<meta property=\"og:image:width\" content=\"800\" \/>\n\t<meta property=\"og:image:height\" content=\"800\" \/>\n\t<meta property=\"og:image:type\" content=\"image\/png\" \/>\n<meta name=\"twitter:card\" content=\"summary_large_image\" \/>\n<meta name=\"twitter:site\" content=\"@strangercamapp\" \/>\n<meta name=\"twitter:label1\" content=\"Szacowany czas czytania\" \/>\n\t<meta name=\"twitter:data1\" content=\"2 minuty\" \/>\n<script type=\"application\/ld+json\" class=\"yoast-schema-graph\">{\"@context\":\"https:\/\/schema.org\",\"@graph\":[{\"@type\":\"WebPage\",\"@id\":\"https:\/\/strangercam.com\/omega\/\",\"url\":\"https:\/\/strangercam.com\/omega\/\",\"name\":\"Omega - Chat Roulette Anonymously - Cam on StrangerCam.com\",\"isPartOf\":{\"@id\":\"https:\/\/strangercam.com\/#website\"},\"primaryImageOfPage\":{\"@id\":\"https:\/\/strangercam.com\/omega\/#primaryimage\"},\"image\":{\"@id\":\"https:\/\/strangercam.com\/omega\/#primaryimage\"},\"thumbnailUrl\":\"https:\/\/strangercam.com\/wp-content\/uploads\/2020\/11\/stranger-cam-1.png\",\"datePublished\":\"2022-05-30T12:33:56+00:00\",\"dateModified\":\"2023-08-21T10:24:42+00:00\",\"description\":\"Like Omega? Come chat with more than 5.000.000 strangers on Stranger Cam for Free! Turn on your cam and find new friends & maby a match!\",\"breadcrumb\":{\"@id\":\"https:\/\/strangercam.com\/omega\/#breadcrumb\"},\"inLanguage\":\"pl-PL\",\"potentialAction\":[{\"@type\":\"ReadAction\",\"target\":[\"https:\/\/strangercam.com\/omega\/\"]}]},{\"@type\":\"ImageObject\",\"inLanguage\":\"pl-PL\",\"@id\":\"https:\/\/strangercam.com\/omega\/#primaryimage\",\"url\":\"https:\/\/strangercam.com\/wp-content\/uploads\/2020\/11\/stranger-cam-1.png\",\"contentUrl\":\"https:\/\/strangercam.com\/wp-content\/uploads\/2020\/11\/stranger-cam-1.png\",\"width\":800,\"height\":800,\"caption\":\"stranger cam random video chat\"},{\"@type\":\"BreadcrumbList\",\"@id\":\"https:\/\/strangercam.com\/omega\/#breadcrumb\",\"itemListElement\":[{\"@type\":\"ListItem\",\"position\":1,\"name\":\"Home\",\"item\":\"https:\/\/strangercam.com\/\"},{\"@type\":\"ListItem\",\"position\":2,\"name\":\"Omega\"}]},{\"@type\":\"WebSite\",\"@id\":\"https:\/\/strangercam.com\/#website\",\"url\":\"https:\/\/strangercam.com\/\",\"name\":\"Strangercam\",\"description\":\"Random Video Chat with Strangers\",\"publisher\":{\"@id\":\"https:\/\/strangercam.com\/#organization\"},\"alternateName\":\"Strangercam.com\",\"potentialAction\":[{\"@type\":\"SearchAction\",\"target\":{\"@type\":\"EntryPoint\",\"urlTemplate\":\"https:\/\/strangercam.com\/?s={search_term_string}\"},\"query-input\":{\"@type\":\"PropertyValueSpecification\",\"valueRequired\":true,\"valueName\":\"search_term_string\"}}],\"inLanguage\":\"pl-PL\"},{\"@type\":\"Organization\",\"@id\":\"https:\/\/strangercam.com\/#organization\",\"name\":\"Strangercam\",\"alternateName\":\"Strangercam.com\",\"url\":\"https:\/\/strangercam.com\/\",\"logo\":{\"@type\":\"ImageObject\",\"inLanguage\":\"pl-PL\",\"@id\":\"https:\/\/strangercam.com\/#\/schema\/logo\/image\/\",\"url\":\"https:\/\/strangercam.com\/wp-content\/uploads\/2020\/11\/cropped-new-favicon-black.png\",\"contentUrl\":\"https:\/\/strangercam.com\/wp-content\/uploads\/2020\/11\/cropped-new-favicon-black.png\",\"width\":512,\"height\":512,\"caption\":\"Strangercam\"},\"image\":{\"@id\":\"https:\/\/strangercam.com\/#\/schema\/logo\/image\/\"},\"sameAs\":[\"https:\/\/www.facebook.com\/strangercam\",\"https:\/\/x.com\/strangercamapp\"]}]}<\/script>\n<!-- \/ Yoast SEO plugin. -->","yoast_head_json":{"title":"Omega - Ruletka na czacie anonimowo - kamera na StrangerCam.com","description":"Jak Omega? Przyjd\u017a na czat z ponad 5.000.000 nieznajomych na Stranger Cam za darmo! W\u0142\u0105cz kamer\u0119 i znajd\u017a nowych przyjaci\u00f3\u0142 i mo\u017ce mecz!","robots":{"index":"index","follow":"follow","max-snippet":"max-snippet:-1","max-image-preview":"max-image-preview:large","max-video-preview":"max-video-preview:-1"},"canonical":"https:\/\/strangercam.com\/pl\/omega\/","og_locale":"pl_PL","og_type":"article","og_title":"Omega - Chat Roulette Anonymously - Cam on StrangerCam.com","og_description":"Like Omega? Come chat with more than 5.000.000 strangers on Stranger Cam for Free! Turn on your cam and find new friends & maby a match!","og_url":"https:\/\/strangercam.com\/pl\/omega\/","og_site_name":"Strangercam","article_publisher":"https:\/\/www.facebook.com\/strangercam","article_modified_time":"2023-08-21T10:24:42+00:00","og_image":[{"width":800,"height":800,"url":"https:\/\/strangercam.com\/wp-content\/uploads\/2020\/11\/stranger-cam-1.png","type":"image\/png"}],"twitter_card":"summary_large_image","twitter_site":"@strangercamapp","twitter_misc":{"Szacowany czas czytania":"2 minuty"},"schema":{"@context":"https:\/\/schema.org","@graph":[{"@type":"WebPage","@id":"https:\/\/strangercam.com\/omega\/","url":"https:\/\/strangercam.com\/omega\/","name":"Omega - Ruletka na czacie anonimowo - kamera na StrangerCam.com","isPartOf":{"@id":"https:\/\/strangercam.com\/#website"},"primaryImageOfPage":{"@id":"https:\/\/strangercam.com\/omega\/#primaryimage"},"image":{"@id":"https:\/\/strangercam.com\/omega\/#primaryimage"},"thumbnailUrl":"https:\/\/strangercam.com\/wp-content\/uploads\/2020\/11\/stranger-cam-1.png","datePublished":"2022-05-30T12:33:56+00:00","dateModified":"2023-08-21T10:24:42+00:00","description":"Jak Omega? Przyjd\u017a na czat z ponad 5.000.000 nieznajomych na Stranger Cam za darmo! W\u0142\u0105cz kamer\u0119 i znajd\u017a nowych przyjaci\u00f3\u0142 i mo\u017ce mecz!","breadcrumb":{"@id":"https:\/\/strangercam.com\/omega\/#breadcrumb"},"inLanguage":"pl-PL","potentialAction":[{"@type":"ReadAction","target":["https:\/\/strangercam.com\/omega\/"]}]},{"@type":"ImageObject","inLanguage":"pl-PL","@id":"https:\/\/strangercam.com\/omega\/#primaryimage","url":"https:\/\/strangercam.com\/wp-content\/uploads\/2020\/11\/stranger-cam-1.png","contentUrl":"https:\/\/strangercam.com\/wp-content\/uploads\/2020\/11\/stranger-cam-1.png","width":800,"height":800,"caption":"stranger cam random video chat"},{"@type":"BreadcrumbList","@id":"https:\/\/strangercam.com\/omega\/#breadcrumb","itemListElement":[{"@type":"ListItem","position":1,"name":"Home","item":"https:\/\/strangercam.com\/"},{"@type":"ListItem","position":2,"name":"Omega"}]},{"@type":"WebSite","@id":"https:\/\/strangercam.com\/#website","url":"https:\/\/strangercam.com\/","name":"Strangercam","description":"Losowy czat wideo z nieznajomymi","publisher":{"@id":"https:\/\/strangercam.com\/#organization"},"alternateName":"Strangercam.com","potentialAction":[{"@type":"SearchAction","target":{"@type":"EntryPoint","urlTemplate":"https:\/\/strangercam.com\/?s={search_term_string}"},"query-input":{"@type":"PropertyValueSpecification","valueRequired":true,"valueName":"search_term_string"}}],"inLanguage":"pl-PL"},{"@type":"Organization","@id":"https:\/\/strangercam.com\/#organization","name":"Strangercam","alternateName":"Strangercam.com","url":"https:\/\/strangercam.com\/","logo":{"@type":"ImageObject","inLanguage":"pl-PL","@id":"https:\/\/strangercam.com\/#\/schema\/logo\/image\/","url":"https:\/\/strangercam.com\/wp-content\/uploads\/2020\/11\/cropped-new-favicon-black.png","contentUrl":"https:\/\/strangercam.com\/wp-content\/uploads\/2020\/11\/cropped-new-favicon-black.png","width":512,"height":512,"caption":"Strangercam"},"image":{"@id":"https:\/\/strangercam.com\/#\/schema\/logo\/image\/"},"sameAs":["https:\/\/www.facebook.com\/strangercam","https:\/\/x.com\/strangercamapp"]}]}},"_links":{"self":[{"href":"https:\/\/strangercam.com\/pl\/wp-json\/wp\/v2\/pages\/10138","targetHints":{"allow":["GET"]}}],"collection":[{"href":"https:\/\/strangercam.com\/pl\/wp-json\/wp\/v2\/pages"}],"about":[{"href":"https:\/\/strangercam.com\/pl\/wp-json\/wp\/v2\/types\/page"}],"author":[{"embeddable":true,"href":"https:\/\/strangercam.com\/pl\/wp-json\/wp\/v2\/users\/6"}],"replies":[{"embeddable":true,"href":"https:\/\/strangercam.com\/pl\/wp-json\/wp\/v2\/comments?post=10138"}],"version-history":[{"count":0,"href":"https:\/\/strangercam.com\/pl\/wp-json\/wp\/v2\/pages\/10138\/revisions"}],"wp:featuredmedia":[{"embeddable":true,"href":"https:\/\/strangercam.com\/pl\/wp-json\/wp\/v2\/media\/559"}],"wp:attachment":[{"href":"https:\/\/strangercam.com\/pl\/wp-json\/wp\/v2\/media?parent=10138"}],"curies":[{"name":"wp","href":"https:\/\/api.w.org\/{rel}","templated":true}]}}