{"id":10116,"date":"2022-05-30T14:29:33","date_gmt":"2022-05-30T12:29:33","guid":{"rendered":"https:\/\/strangercam.com\/?page_id=10116"},"modified":"2023-08-21T12:39:40","modified_gmt":"2023-08-21T10:39:40","slug":"stickam","status":"publish","type":"page","link":"https:\/\/strangercam.com\/pl\/stickam\/","title":{"rendered":"Stickam"},"content":{"rendered":"<p>Stickam zosta\u0142 za\u0142o\u017cony w 2005 roku jako strona do udost\u0119pniania wideo na \u017cywo. Stickam umo\u017cliwia\u0142 u\u017cytkownikom przesy\u0142anie zdj\u0119\u0107, audio, <a href=\"https:\/\/strangercam.com\/pl\/rabbit-video-chat\/\">wideo<\/a>i, co najwa\u017cniejsze, <a href=\"https:\/\/strangercam.com\/pl\/mili\/\">na \u017cywo<\/a> strumieniowe wideokonferencje. Witryna szybko rozros\u0142a si\u0119, obejmuj\u0105c programy na \u017cywo i tre\u015bci tworzone przez MTV, G4 TV, CBS Radio, NATPE, CES i wiele innych, a tak\u017ce koncerty na \u017cywo i pokazy r\u00f3\u017cnych zespo\u0142\u00f3w i celebryt\u00f3w.<\/p>\n<p>Stickam pozwala osobom fizycznym na w\u0142\u0105czenie strumieniowego przekazu z kamery do innych witryn za po\u015brednictwem odtwarzacza Flash, opr\u00f3cz nadawania wideo na \u017cywo. Mo\u017cliwo\u015b\u0107 \u201cprzyklejenia\u201d transmisji z kamery internetowej do innej witryny zosta\u0142a nazwana \u201cStickam\u201d.\u201d<\/p>\n<h2>Jak dzia\u0142a Stickam?<\/h2>\n<p>U\u017cytkownik mo\u017ce korzysta\u0107 z funkcji Live <a href=\"https:\/\/strangercam.com\/pl\/chatroulette\/\">Czat<\/a> do transmitowania strumienia z kamery internetowej przez Internet. U\u017cytkownik mia\u0142 kontrol\u0119 nad tym, kto mo\u017ce ogl\u0105da\u0107 jego transmisj\u0119 na \u017cywo. W prawdziwym pokoju streamingowym znajdowa\u0142o si\u0119 siedem stanowisk kamer. Najwi\u0119ksza <a href=\"https:\/\/strangercam.com\/pl\/1v1-chat\/\">jeden<\/a> by\u0142o przeznaczone dla tw\u00f3rcy czatu. Pozosta\u0142e sze\u015b\u0107 miejsc by\u0142o zarezerwowanych dla kolejnych sze\u015bciu os\u00f3b, kt\u00f3re mog\u0142y transmitowa\u0107 swoje transmisje na \u017cywo z kamery internetowej. U\u017cytkownicy mogli r\u00f3wnie\u017c korzysta\u0107 z czatu na \u017cywo, aby komunikowa\u0107 si\u0119 za po\u015brednictwem okna czatu identycznego z tym, kt\u00f3re mo\u017cna znale\u017a\u0107 na konwencjonalnej stronie czatu. Osoby, kt\u00f3re zachowywa\u0142y si\u0119 niesfornie lub stanowi\u0142y zagro\u017cenie, mog\u0142y zosta\u0107 \u201cwyrzucone\u201d lub zbanowane przez g\u0142\u00f3wnego u\u017cytkownika. G\u0142\u00f3wny u\u017cytkownik m\u00f3g\u0142 r\u00f3wnie\u017c wyznaczy\u0107 moderator\u00f3w, kt\u00f3rzy byli godnymi zaufania osobami, kt\u00f3re mog\u0142y usuwa\u0107 u\u017cytkownik\u00f3w, je\u015bli g\u0142\u00f3wny u\u017cytkownik nie by\u0142 w stanie tego zrobi\u0107.<\/p>\n<h2>G\u0142\u00f3wne cechy strony internetowej<\/h2>\n<p>Poni\u017cej przedstawiono niekt\u00f3re z najwa\u017cniejszych funkcji platformy Stickam:<\/p>\n<h3>Aktywacja konta<\/h3>\n<p>W ci\u0105gu kilku minut ka\u017cdy mo\u017ce \u201cwej\u015b\u0107 na \u017cywo\u201d na Stickam i przesy\u0142a\u0107 strumienie wideo ze swoich komputer\u00f3w, iPhone'\u00f3w lub iPad\u00f3w. Stickam mo\u017ce by\u0107 r\u00f3wnie\u017c wykorzystywany do transmisji strumieni HD i komercyjnych transmisji poprzez pod\u0142\u0105czenie HD i innych urz\u0105dze\u0144. <a href=\"https:\/\/strangercam.com\/pl\/camzey\/\">kamery<\/a>, procesory i wej\u015bcia audio.<\/p>\n<h3>Logowanie do medi\u00f3w spo\u0142eczno\u015bciowych<\/h3>\n<p>Stickam zadebiutowa\u0142 z systemem logowania spo\u0142eczno\u015bciowego na VidCon 2012, gdzie firma wsp\u00f3\u0142pracowa\u0142a z Maker Studios, aby transmitowa\u0107 wydarzenie na \u017cywo. Nadawcy na Stickam mog\u0105 korzysta\u0107 z Linkedin, Facebook, Instagram, Tumblr, Google, Myspace lub Gmail, aby umo\u017cliwi\u0107 swoim znajomym i fanom wej\u015bcie na fora dyskusyjne. Nadawcy mog\u0105 jeszcze bardziej ograniczy\u0107 liczb\u0119 os\u00f3b w swoich pokojach.<\/p>\n<h3>Program dla VIP-\u00f3w<\/h3>\n<p>Stickam posiada\u0142 taki program dla u\u017cytkownik\u00f3w VIP od sierpnia 2012 roku. Ci, kt\u00f3rzy do\u0142\u0105czyli do programu VIP, otrzymali dost\u0119p bez reklam, miejsce w zak\u0142adce \"kto jest na \u017cywo\", 25 monet z rynku remiks\u00f3w i odznak\u0119 Premium na swoim zdj\u0119ciu profilowym.<\/p>\n<h3>API dla streamingu<\/h3>\n<p>W 2008 roku firma zaoferowa\u0142a r\u00f3wnie\u017c StreamAPI (wcze\u015bniej Stickam API), rozwi\u0105zanie typu white label. StreamAPI by\u0142a firm\u0105 typu white label, kt\u00f3ra umo\u017cliwia\u0142a klientom osadzanie transmisji na \u017cywo w ich aplikacjach lub witrynach internetowych bez konieczno\u015bci posiadania jakiejkolwiek wiedzy programistycznej.<\/p>\n<h2>Wnioski<\/h2>\n<p>Stickam to niezawodna i wysokiej jako\u015bci platforma do nawi\u0105zywania znajomo\u015bci online.<\/p>","protected":false},"excerpt":{"rendered":"<p>Stickam was established in 2005 as a live-streaming video-sharing site. Stickam allowed users to upload photos, audio, video, and, most importantly, live stream video conferencing. The website quickly grew to incorporate live shows and created content from MTV, G4 TV, CBS Radio, NATPE, CES, and a variety of other outlets, as well as live concerts [&hellip;]<\/p>\n","protected":false},"author":6,"featured_media":559,"parent":0,"menu_order":0,"comment_status":"closed","ping_status":"closed","template":"","meta":{"footnotes":""},"class_list":["post-10116","page","type-page","status-publish","has-post-thumbnail","hentry"],"yoast_head":"<!-- This site is optimized with the Yoast SEO plugin v26.9 - https:\/\/yoast.com\/product\/yoast-seo-wordpress\/ -->\n<title>Stickam - Chat Roulette Anonymously - Cam on StrangerCam.com<\/title>\n<meta name=\"description\" content=\"Like Stickam? Come chat with more than 5.000.000 strangers on Stranger Cam for Free! Turn on your cam and find new friends &amp; maby a match!\" \/>\n<meta name=\"robots\" content=\"index, follow, max-snippet:-1, max-image-preview:large, max-video-preview:-1\" \/>\n<link rel=\"canonical\" href=\"https:\/\/strangercam.com\/pl\/stickam\/\" \/>\n<meta property=\"og:locale\" content=\"pl_PL\" \/>\n<meta property=\"og:type\" content=\"article\" \/>\n<meta property=\"og:title\" content=\"Stickam - Chat Roulette Anonymously - Cam on StrangerCam.com\" \/>\n<meta property=\"og:description\" content=\"Like Stickam? Come chat with more than 5.000.000 strangers on Stranger Cam for Free! Turn on your cam and find new friends &amp; maby a match!\" \/>\n<meta property=\"og:url\" content=\"https:\/\/strangercam.com\/pl\/stickam\/\" \/>\n<meta property=\"og:site_name\" content=\"Strangercam\" \/>\n<meta property=\"article:publisher\" content=\"https:\/\/www.facebook.com\/strangercam\" \/>\n<meta property=\"article:modified_time\" content=\"2023-08-21T10:39:40+00:00\" \/>\n<meta property=\"og:image\" content=\"https:\/\/strangercam.com\/wp-content\/uploads\/2020\/11\/stranger-cam-1.png\" \/>\n\t<meta property=\"og:image:width\" content=\"800\" \/>\n\t<meta property=\"og:image:height\" content=\"800\" \/>\n\t<meta property=\"og:image:type\" content=\"image\/png\" \/>\n<meta name=\"twitter:card\" content=\"summary_large_image\" \/>\n<meta name=\"twitter:site\" content=\"@strangercamapp\" \/>\n<meta name=\"twitter:label1\" content=\"Szacowany czas czytania\" \/>\n\t<meta name=\"twitter:data1\" content=\"2 minuty\" \/>\n<script type=\"application\/ld+json\" class=\"yoast-schema-graph\">{\"@context\":\"https:\/\/schema.org\",\"@graph\":[{\"@type\":\"WebPage\",\"@id\":\"https:\/\/strangercam.com\/stickam\/\",\"url\":\"https:\/\/strangercam.com\/stickam\/\",\"name\":\"Stickam - Chat Roulette Anonymously - Cam on StrangerCam.com\",\"isPartOf\":{\"@id\":\"https:\/\/strangercam.com\/#website\"},\"primaryImageOfPage\":{\"@id\":\"https:\/\/strangercam.com\/stickam\/#primaryimage\"},\"image\":{\"@id\":\"https:\/\/strangercam.com\/stickam\/#primaryimage\"},\"thumbnailUrl\":\"https:\/\/strangercam.com\/wp-content\/uploads\/2020\/11\/stranger-cam-1.png\",\"datePublished\":\"2022-05-30T12:29:33+00:00\",\"dateModified\":\"2023-08-21T10:39:40+00:00\",\"description\":\"Like Stickam? Come chat with more than 5.000.000 strangers on Stranger Cam for Free! Turn on your cam and find new friends & maby a match!\",\"breadcrumb\":{\"@id\":\"https:\/\/strangercam.com\/stickam\/#breadcrumb\"},\"inLanguage\":\"pl-PL\",\"potentialAction\":[{\"@type\":\"ReadAction\",\"target\":[\"https:\/\/strangercam.com\/stickam\/\"]}]},{\"@type\":\"ImageObject\",\"inLanguage\":\"pl-PL\",\"@id\":\"https:\/\/strangercam.com\/stickam\/#primaryimage\",\"url\":\"https:\/\/strangercam.com\/wp-content\/uploads\/2020\/11\/stranger-cam-1.png\",\"contentUrl\":\"https:\/\/strangercam.com\/wp-content\/uploads\/2020\/11\/stranger-cam-1.png\",\"width\":800,\"height\":800,\"caption\":\"stranger cam random video chat\"},{\"@type\":\"BreadcrumbList\",\"@id\":\"https:\/\/strangercam.com\/stickam\/#breadcrumb\",\"itemListElement\":[{\"@type\":\"ListItem\",\"position\":1,\"name\":\"Home\",\"item\":\"https:\/\/strangercam.com\/\"},{\"@type\":\"ListItem\",\"position\":2,\"name\":\"Stickam\"}]},{\"@type\":\"WebSite\",\"@id\":\"https:\/\/strangercam.com\/#website\",\"url\":\"https:\/\/strangercam.com\/\",\"name\":\"Strangercam\",\"description\":\"Random Video Chat with Strangers\",\"publisher\":{\"@id\":\"https:\/\/strangercam.com\/#organization\"},\"alternateName\":\"Strangercam.com\",\"potentialAction\":[{\"@type\":\"SearchAction\",\"target\":{\"@type\":\"EntryPoint\",\"urlTemplate\":\"https:\/\/strangercam.com\/?s={search_term_string}\"},\"query-input\":{\"@type\":\"PropertyValueSpecification\",\"valueRequired\":true,\"valueName\":\"search_term_string\"}}],\"inLanguage\":\"pl-PL\"},{\"@type\":\"Organization\",\"@id\":\"https:\/\/strangercam.com\/#organization\",\"name\":\"Strangercam\",\"alternateName\":\"Strangercam.com\",\"url\":\"https:\/\/strangercam.com\/\",\"logo\":{\"@type\":\"ImageObject\",\"inLanguage\":\"pl-PL\",\"@id\":\"https:\/\/strangercam.com\/#\/schema\/logo\/image\/\",\"url\":\"https:\/\/strangercam.com\/wp-content\/uploads\/2020\/11\/cropped-new-favicon-black.png\",\"contentUrl\":\"https:\/\/strangercam.com\/wp-content\/uploads\/2020\/11\/cropped-new-favicon-black.png\",\"width\":512,\"height\":512,\"caption\":\"Strangercam\"},\"image\":{\"@id\":\"https:\/\/strangercam.com\/#\/schema\/logo\/image\/\"},\"sameAs\":[\"https:\/\/www.facebook.com\/strangercam\",\"https:\/\/x.com\/strangercamapp\"]}]}<\/script>\n<!-- \/ Yoast SEO plugin. -->","yoast_head_json":{"title":"Stickam - Ruletka na czacie anonimowo - kamera na StrangerCam.com","description":"Jak Stickam? Przyjd\u017a na czat z ponad 5.000.000 nieznajomych na Stranger Cam za darmo! W\u0142\u0105cz kamer\u0119 i znajd\u017a nowych przyjaci\u00f3\u0142 i mo\u017ce mecz!","robots":{"index":"index","follow":"follow","max-snippet":"max-snippet:-1","max-image-preview":"max-image-preview:large","max-video-preview":"max-video-preview:-1"},"canonical":"https:\/\/strangercam.com\/pl\/stickam\/","og_locale":"pl_PL","og_type":"article","og_title":"Stickam - Chat Roulette Anonymously - Cam on StrangerCam.com","og_description":"Like Stickam? Come chat with more than 5.000.000 strangers on Stranger Cam for Free! Turn on your cam and find new friends & maby a match!","og_url":"https:\/\/strangercam.com\/pl\/stickam\/","og_site_name":"Strangercam","article_publisher":"https:\/\/www.facebook.com\/strangercam","article_modified_time":"2023-08-21T10:39:40+00:00","og_image":[{"width":800,"height":800,"url":"https:\/\/strangercam.com\/wp-content\/uploads\/2020\/11\/stranger-cam-1.png","type":"image\/png"}],"twitter_card":"summary_large_image","twitter_site":"@strangercamapp","twitter_misc":{"Szacowany czas czytania":"2 minuty"},"schema":{"@context":"https:\/\/schema.org","@graph":[{"@type":"WebPage","@id":"https:\/\/strangercam.com\/stickam\/","url":"https:\/\/strangercam.com\/stickam\/","name":"Stickam - Ruletka na czacie anonimowo - kamera na StrangerCam.com","isPartOf":{"@id":"https:\/\/strangercam.com\/#website"},"primaryImageOfPage":{"@id":"https:\/\/strangercam.com\/stickam\/#primaryimage"},"image":{"@id":"https:\/\/strangercam.com\/stickam\/#primaryimage"},"thumbnailUrl":"https:\/\/strangercam.com\/wp-content\/uploads\/2020\/11\/stranger-cam-1.png","datePublished":"2022-05-30T12:29:33+00:00","dateModified":"2023-08-21T10:39:40+00:00","description":"Jak Stickam? Przyjd\u017a na czat z ponad 5.000.000 nieznajomych na Stranger Cam za darmo! W\u0142\u0105cz kamer\u0119 i znajd\u017a nowych przyjaci\u00f3\u0142 i mo\u017ce mecz!","breadcrumb":{"@id":"https:\/\/strangercam.com\/stickam\/#breadcrumb"},"inLanguage":"pl-PL","potentialAction":[{"@type":"ReadAction","target":["https:\/\/strangercam.com\/stickam\/"]}]},{"@type":"ImageObject","inLanguage":"pl-PL","@id":"https:\/\/strangercam.com\/stickam\/#primaryimage","url":"https:\/\/strangercam.com\/wp-content\/uploads\/2020\/11\/stranger-cam-1.png","contentUrl":"https:\/\/strangercam.com\/wp-content\/uploads\/2020\/11\/stranger-cam-1.png","width":800,"height":800,"caption":"stranger cam random video chat"},{"@type":"BreadcrumbList","@id":"https:\/\/strangercam.com\/stickam\/#breadcrumb","itemListElement":[{"@type":"ListItem","position":1,"name":"Home","item":"https:\/\/strangercam.com\/"},{"@type":"ListItem","position":2,"name":"Stickam"}]},{"@type":"WebSite","@id":"https:\/\/strangercam.com\/#website","url":"https:\/\/strangercam.com\/","name":"Strangercam","description":"Losowy czat wideo z nieznajomymi","publisher":{"@id":"https:\/\/strangercam.com\/#organization"},"alternateName":"Strangercam.com","potentialAction":[{"@type":"SearchAction","target":{"@type":"EntryPoint","urlTemplate":"https:\/\/strangercam.com\/?s={search_term_string}"},"query-input":{"@type":"PropertyValueSpecification","valueRequired":true,"valueName":"search_term_string"}}],"inLanguage":"pl-PL"},{"@type":"Organization","@id":"https:\/\/strangercam.com\/#organization","name":"Strangercam","alternateName":"Strangercam.com","url":"https:\/\/strangercam.com\/","logo":{"@type":"ImageObject","inLanguage":"pl-PL","@id":"https:\/\/strangercam.com\/#\/schema\/logo\/image\/","url":"https:\/\/strangercam.com\/wp-content\/uploads\/2020\/11\/cropped-new-favicon-black.png","contentUrl":"https:\/\/strangercam.com\/wp-content\/uploads\/2020\/11\/cropped-new-favicon-black.png","width":512,"height":512,"caption":"Strangercam"},"image":{"@id":"https:\/\/strangercam.com\/#\/schema\/logo\/image\/"},"sameAs":["https:\/\/www.facebook.com\/strangercam","https:\/\/x.com\/strangercamapp"]}]}},"_links":{"self":[{"href":"https:\/\/strangercam.com\/pl\/wp-json\/wp\/v2\/pages\/10116","targetHints":{"allow":["GET"]}}],"collection":[{"href":"https:\/\/strangercam.com\/pl\/wp-json\/wp\/v2\/pages"}],"about":[{"href":"https:\/\/strangercam.com\/pl\/wp-json\/wp\/v2\/types\/page"}],"author":[{"embeddable":true,"href":"https:\/\/strangercam.com\/pl\/wp-json\/wp\/v2\/users\/6"}],"replies":[{"embeddable":true,"href":"https:\/\/strangercam.com\/pl\/wp-json\/wp\/v2\/comments?post=10116"}],"version-history":[{"count":0,"href":"https:\/\/strangercam.com\/pl\/wp-json\/wp\/v2\/pages\/10116\/revisions"}],"wp:featuredmedia":[{"embeddable":true,"href":"https:\/\/strangercam.com\/pl\/wp-json\/wp\/v2\/media\/559"}],"wp:attachment":[{"href":"https:\/\/strangercam.com\/pl\/wp-json\/wp\/v2\/media?parent=10116"}],"curies":[{"name":"wp","href":"https:\/\/api.w.org\/{rel}","templated":true}]}}