{"id":10047,"date":"2022-05-30T13:54:47","date_gmt":"2022-05-30T11:54:47","guid":{"rendered":"https:\/\/strangercam.com\/?page_id=10047"},"modified":"2023-08-21T12:24:42","modified_gmt":"2023-08-21T10:24:42","slug":"livu","status":"publish","type":"page","link":"https:\/\/strangercam.com\/pl\/livu\/","title":{"rendered":"Livu"},"content":{"rendered":"<p>Celem Livu jest zjednoczenie nowej globalnej spo\u0142eczno\u015bci poprzez umo\u017cliwienie osobom znacz\u0105cego zaanga\u017cowania si\u0119 ponad kulturami, j\u0119zykami i granicami w bezpiecznym \u015brodowisku. Livu to platforma czasu rzeczywistego <a href=\"https:\/\/strangercam.com\/pl\/rabbit-video-chat\/\">wideo<\/a> <a href=\"https:\/\/strangercam.com\/pl\/chatingly\/\">czat<\/a> Platforma, kt\u00f3ra \u0142\u0105czy osoby za naci\u015bni\u0119ciem jednego przycisku, umo\u017cliwiaj\u0105c im interesuj\u0105ce i znacz\u0105ce interakcje spo\u0142eczne online. LivU zapewnia wideokonferencje, parowanie wideo i tekst <a href=\"https:\/\/strangercam.com\/pl\/chatroulette\/\">Czat<\/a> aby nasi u\u017cytkownicy mogli \u0142\u0105czy\u0107 si\u0119 i poznawa\u0107 swoich znajomych w spos\u00f3b, kt\u00f3ry najbardziej im odpowiada.<\/p>\n<h3>Komunikowanie si\u0119 z lud\u017ami na platformie internetowej w wygodny spos\u00f3b<\/h3>\n<p>Za pomoc\u0105 smartfona z systemem Android mo\u017cna przegl\u0105da\u0107 r\u00f3\u017cnych u\u017cytkownik\u00f3w i przechodzi\u0107 od jednego do drugiego. <a href=\"https:\/\/strangercam.com\/pl\/nextcam\/\">nast\u0119pny<\/a>, Rozmawiaj wy\u0142\u0105cznie z osobami, z kt\u00f3rymi chcesz rozmawia\u0107. Mo\u017cesz kontynuowa\u0107 rozmow\u0119 z kim\u015b, je\u015bli masz z nim wi\u0119\u017a. Je\u015bli jednak kto\u015b ci\u0119 irytuje lub po prostu nie chcesz si\u0119 z nim komunikowa\u0107, mo\u017cesz szybko przej\u015b\u0107 do nast\u0119pnej osoby. Mo\u017cesz wybra\u0107, czy chcesz rozmawia\u0107 tylko z m\u0119\u017cczyznami, tylko z kobietami, czy z obojgiem.<\/p>\n<h3>Funkcja rozmycia - ciesz si\u0119 ciekaw\u0105 funkcj\u0105 aplikacji Livu<\/h3>\n<p>Obraz b\u0119dzie rozmazany, je\u015bli kamera telefonu nie jest wy\u015brodkowana na twarzy u\u017cytkownika, co jest nietypow\u0105 funkcj\u0105 bezpiecze\u0144stwa, kt\u00f3r\u0105 LivU udost\u0119pnia domy\u015blnie. Funkcja ta zapewnia, \u017ce u\u017cytkownik nie jest zmuszony do czytania potencjalnie obra\u017aliwych materia\u0142\u00f3w. LivU to zabawna technologia, kt\u00f3ra pozwala nawi\u0105zywa\u0107 nowe znajomo\u015bci, anga\u017cowa\u0107 si\u0119 w stymuluj\u0105ce rozmowy i by\u0107 mo\u017ce nawi\u0105zywa\u0107 nowe znajomo\u015bci.<\/p>\n<h3>Wysoce bezpieczna aplikacja dla u\u017cytkownik\u00f3w w tym wysoce zaawansowanym technologicznie \u015bwiecie<\/h3>\n<p>Cenimy bezpiecze\u0144stwo i poufno\u015b\u0107 u\u017cytkownik\u00f3w i dok\u0142adamy wszelkich stara\u0144, aby dostarcza\u0107 bezpieczne produkty i us\u0142ugi. Opr\u00f3cz naszych regularnych audyt\u00f3w bezpiecze\u0144stwa, cenimy sobie wk\u0142ad ca\u0142ej spo\u0142eczno\u015bci bezpiecze\u0144stwa i z zadowoleniem przyjmujemy wszelkie zg\u0142oszenia potencjalnych problem\u00f3w z bezpiecze\u0144stwem, kt\u00f3re s\u0105 przedstawiane w spos\u00f3b zorganizowany, oparty na wsp\u00f3\u0142pracy i przejrzysty.<\/p>\n<h3>Jak odkry\u0107 kogo\u015b na LivU?<\/h3>\n<p>Aby rozpocz\u0105\u0107, zaloguj si\u0119 do aplikacji, wybierz \"Szukaj\" i naci\u015bnij przycisk. Otrzymasz mo\u017cliwo\u015b\u0107 interakcji z lud\u017ami z ca\u0142ego \u015bwiata. Na ekranie zobaczysz pseudonimy, wiek i kraje zamieszkania innych u\u017cytkownik\u00f3w.<\/p>\n<p>Je\u015bli podoba Ci si\u0119 dana osoba, mo\u017cesz przesun\u0105\u0107 palcem dalej i znale\u017a\u0107 inny wyb\u00f3r. Nie jest konieczne zadowalanie si\u0119 kimkolwiek na platformie. Szanujemy Tw\u00f3j wyb\u00f3r. Sprawili\u015bmy wi\u0119c, \u017ce ca\u0142y proces filtrowania i odkrywania kogo\u015b jest tak wygodny, jak to tylko mo\u017cliwe.<\/p>\n<h3>Wnioski<\/h3>\n<p>LivU to <a href=\"https:\/\/strangercam.com\/pl\/coomeet\/\">czat wideo<\/a> aplikacja, kt\u00f3ra pozwala na prowadzenie prawdziwie losowych czat\u00f3w wideo z wieloma innymi osobami z ca\u0142ego \u015bwiata.<\/p>","protected":false},"excerpt":{"rendered":"<p>Livu&#8217;s purpose is to bring a new global community together by allowing individuals to engage meaningfully across cultures, languages, and boundaries in a safe and secure environment. Livu is a real-time video chatting platform that connects individuals with only a press of a button, allowing them to have an interesting and meaningful online social interaction. [&hellip;]<\/p>\n","protected":false},"author":6,"featured_media":559,"parent":0,"menu_order":0,"comment_status":"closed","ping_status":"closed","template":"","meta":{"footnotes":""},"class_list":["post-10047","page","type-page","status-publish","has-post-thumbnail","hentry"],"yoast_head":"<!-- This site is optimized with the Yoast SEO plugin v27.4 - https:\/\/yoast.com\/product\/yoast-seo-wordpress\/ -->\n<title>Livu - Chat Roulette Anonymously - Cam on StrangerCam.com<\/title>\n<meta name=\"description\" content=\"Like Livu? Come chat with more than 5.000.000 strangers on Stranger Cam for Free! Turn on your cam and find new friends &amp; maby a match!\" \/>\n<meta name=\"robots\" content=\"index, follow, max-snippet:-1, max-image-preview:large, max-video-preview:-1\" \/>\n<link rel=\"canonical\" href=\"https:\/\/strangercam.com\/pl\/livu\/\" \/>\n<meta property=\"og:locale\" content=\"pl_PL\" \/>\n<meta property=\"og:type\" content=\"article\" \/>\n<meta property=\"og:title\" content=\"Livu - Chat Roulette Anonymously - Cam on StrangerCam.com\" \/>\n<meta property=\"og:description\" content=\"Like Livu? Come chat with more than 5.000.000 strangers on Stranger Cam for Free! Turn on your cam and find new friends &amp; maby a match!\" \/>\n<meta property=\"og:url\" content=\"https:\/\/strangercam.com\/pl\/livu\/\" \/>\n<meta property=\"og:site_name\" content=\"Strangercam\" \/>\n<meta property=\"article:publisher\" content=\"https:\/\/www.facebook.com\/strangercam\" \/>\n<meta property=\"article:modified_time\" content=\"2023-08-21T10:24:42+00:00\" \/>\n<meta property=\"og:image\" content=\"https:\/\/strangercam.com\/wp-content\/uploads\/2020\/11\/stranger-cam-1.png\" \/>\n\t<meta property=\"og:image:width\" content=\"800\" \/>\n\t<meta property=\"og:image:height\" content=\"800\" \/>\n\t<meta property=\"og:image:type\" content=\"image\/png\" \/>\n<meta name=\"twitter:card\" content=\"summary_large_image\" \/>\n<meta name=\"twitter:site\" content=\"@strangercamapp\" \/>\n<meta name=\"twitter:label1\" content=\"Szacowany czas czytania\" \/>\n\t<meta name=\"twitter:data1\" content=\"2 minuty\" \/>\n<script type=\"application\/ld+json\" class=\"yoast-schema-graph\">{\"@context\":\"https:\\\/\\\/schema.org\",\"@graph\":[{\"@type\":\"WebPage\",\"@id\":\"https:\\\/\\\/strangercam.com\\\/livu\\\/\",\"url\":\"https:\\\/\\\/strangercam.com\\\/livu\\\/\",\"name\":\"Livu - Chat Roulette Anonymously - Cam on StrangerCam.com\",\"isPartOf\":{\"@id\":\"https:\\\/\\\/strangercam.com\\\/#website\"},\"primaryImageOfPage\":{\"@id\":\"https:\\\/\\\/strangercam.com\\\/livu\\\/#primaryimage\"},\"image\":{\"@id\":\"https:\\\/\\\/strangercam.com\\\/livu\\\/#primaryimage\"},\"thumbnailUrl\":\"https:\\\/\\\/strangercam.com\\\/wp-content\\\/uploads\\\/2020\\\/11\\\/stranger-cam-1.png\",\"datePublished\":\"2022-05-30T11:54:47+00:00\",\"dateModified\":\"2023-08-21T10:24:42+00:00\",\"description\":\"Like Livu? Come chat with more than 5.000.000 strangers on Stranger Cam for Free! Turn on your cam and find new friends & maby a match!\",\"breadcrumb\":{\"@id\":\"https:\\\/\\\/strangercam.com\\\/livu\\\/#breadcrumb\"},\"inLanguage\":\"pl-PL\",\"potentialAction\":[{\"@type\":\"ReadAction\",\"target\":[\"https:\\\/\\\/strangercam.com\\\/livu\\\/\"]}]},{\"@type\":\"ImageObject\",\"inLanguage\":\"pl-PL\",\"@id\":\"https:\\\/\\\/strangercam.com\\\/livu\\\/#primaryimage\",\"url\":\"https:\\\/\\\/strangercam.com\\\/wp-content\\\/uploads\\\/2020\\\/11\\\/stranger-cam-1.png\",\"contentUrl\":\"https:\\\/\\\/strangercam.com\\\/wp-content\\\/uploads\\\/2020\\\/11\\\/stranger-cam-1.png\",\"width\":800,\"height\":800,\"caption\":\"stranger cam random video chat\"},{\"@type\":\"BreadcrumbList\",\"@id\":\"https:\\\/\\\/strangercam.com\\\/livu\\\/#breadcrumb\",\"itemListElement\":[{\"@type\":\"ListItem\",\"position\":1,\"name\":\"Home\",\"item\":\"https:\\\/\\\/strangercam.com\\\/\"},{\"@type\":\"ListItem\",\"position\":2,\"name\":\"Livu\"}]},{\"@type\":\"WebSite\",\"@id\":\"https:\\\/\\\/strangercam.com\\\/#website\",\"url\":\"https:\\\/\\\/strangercam.com\\\/\",\"name\":\"Strangercam\",\"description\":\"Random Video Chat with Strangers\",\"publisher\":{\"@id\":\"https:\\\/\\\/strangercam.com\\\/#organization\"},\"alternateName\":\"Strangercam.com\",\"potentialAction\":[{\"@type\":\"SearchAction\",\"target\":{\"@type\":\"EntryPoint\",\"urlTemplate\":\"https:\\\/\\\/strangercam.com\\\/?s={search_term_string}\"},\"query-input\":{\"@type\":\"PropertyValueSpecification\",\"valueRequired\":true,\"valueName\":\"search_term_string\"}}],\"inLanguage\":\"pl-PL\"},{\"@type\":\"Organization\",\"@id\":\"https:\\\/\\\/strangercam.com\\\/#organization\",\"name\":\"Strangercam\",\"alternateName\":\"Strangercam.com\",\"url\":\"https:\\\/\\\/strangercam.com\\\/\",\"logo\":{\"@type\":\"ImageObject\",\"inLanguage\":\"pl-PL\",\"@id\":\"https:\\\/\\\/strangercam.com\\\/#\\\/schema\\\/logo\\\/image\\\/\",\"url\":\"https:\\\/\\\/strangercam.com\\\/wp-content\\\/uploads\\\/2020\\\/11\\\/cropped-new-favicon-black.png\",\"contentUrl\":\"https:\\\/\\\/strangercam.com\\\/wp-content\\\/uploads\\\/2020\\\/11\\\/cropped-new-favicon-black.png\",\"width\":512,\"height\":512,\"caption\":\"Strangercam\"},\"image\":{\"@id\":\"https:\\\/\\\/strangercam.com\\\/#\\\/schema\\\/logo\\\/image\\\/\"},\"sameAs\":[\"https:\\\/\\\/www.facebook.com\\\/strangercam\",\"https:\\\/\\\/x.com\\\/strangercamapp\"]}]}<\/script>\n<!-- \/ Yoast SEO plugin. -->","yoast_head_json":{"title":"Livu - Ruletka na czacie anonimowo - kamera na StrangerCam.com","description":"Jak Livu? Przyjd\u017a na czat z ponad 5.000.000 nieznajomych na Stranger Cam za darmo! W\u0142\u0105cz kamer\u0119 i znajd\u017a nowych przyjaci\u00f3\u0142 i mo\u017ce mecz!","robots":{"index":"index","follow":"follow","max-snippet":"max-snippet:-1","max-image-preview":"max-image-preview:large","max-video-preview":"max-video-preview:-1"},"canonical":"https:\/\/strangercam.com\/pl\/livu\/","og_locale":"pl_PL","og_type":"article","og_title":"Livu - Chat Roulette Anonymously - Cam on StrangerCam.com","og_description":"Like Livu? Come chat with more than 5.000.000 strangers on Stranger Cam for Free! Turn on your cam and find new friends & maby a match!","og_url":"https:\/\/strangercam.com\/pl\/livu\/","og_site_name":"Strangercam","article_publisher":"https:\/\/www.facebook.com\/strangercam","article_modified_time":"2023-08-21T10:24:42+00:00","og_image":[{"width":800,"height":800,"url":"https:\/\/strangercam.com\/wp-content\/uploads\/2020\/11\/stranger-cam-1.png","type":"image\/png"}],"twitter_card":"summary_large_image","twitter_site":"@strangercamapp","twitter_misc":{"Szacowany czas czytania":"2 minuty"},"schema":{"@context":"https:\/\/schema.org","@graph":[{"@type":"WebPage","@id":"https:\/\/strangercam.com\/livu\/","url":"https:\/\/strangercam.com\/livu\/","name":"Livu - Ruletka na czacie anonimowo - kamera na StrangerCam.com","isPartOf":{"@id":"https:\/\/strangercam.com\/#website"},"primaryImageOfPage":{"@id":"https:\/\/strangercam.com\/livu\/#primaryimage"},"image":{"@id":"https:\/\/strangercam.com\/livu\/#primaryimage"},"thumbnailUrl":"https:\/\/strangercam.com\/wp-content\/uploads\/2020\/11\/stranger-cam-1.png","datePublished":"2022-05-30T11:54:47+00:00","dateModified":"2023-08-21T10:24:42+00:00","description":"Jak Livu? Przyjd\u017a na czat z ponad 5.000.000 nieznajomych na Stranger Cam za darmo! W\u0142\u0105cz kamer\u0119 i znajd\u017a nowych przyjaci\u00f3\u0142 i mo\u017ce mecz!","breadcrumb":{"@id":"https:\/\/strangercam.com\/livu\/#breadcrumb"},"inLanguage":"pl-PL","potentialAction":[{"@type":"ReadAction","target":["https:\/\/strangercam.com\/livu\/"]}]},{"@type":"ImageObject","inLanguage":"pl-PL","@id":"https:\/\/strangercam.com\/livu\/#primaryimage","url":"https:\/\/strangercam.com\/wp-content\/uploads\/2020\/11\/stranger-cam-1.png","contentUrl":"https:\/\/strangercam.com\/wp-content\/uploads\/2020\/11\/stranger-cam-1.png","width":800,"height":800,"caption":"stranger cam random video chat"},{"@type":"BreadcrumbList","@id":"https:\/\/strangercam.com\/livu\/#breadcrumb","itemListElement":[{"@type":"ListItem","position":1,"name":"Home","item":"https:\/\/strangercam.com\/"},{"@type":"ListItem","position":2,"name":"Livu"}]},{"@type":"WebSite","@id":"https:\/\/strangercam.com\/#website","url":"https:\/\/strangercam.com\/","name":"Strangercam","description":"Losowy czat wideo z nieznajomymi","publisher":{"@id":"https:\/\/strangercam.com\/#organization"},"alternateName":"Strangercam.com","potentialAction":[{"@type":"SearchAction","target":{"@type":"EntryPoint","urlTemplate":"https:\/\/strangercam.com\/?s={search_term_string}"},"query-input":{"@type":"PropertyValueSpecification","valueRequired":true,"valueName":"search_term_string"}}],"inLanguage":"pl-PL"},{"@type":"Organization","@id":"https:\/\/strangercam.com\/#organization","name":"Strangercam","alternateName":"Strangercam.com","url":"https:\/\/strangercam.com\/","logo":{"@type":"ImageObject","inLanguage":"pl-PL","@id":"https:\/\/strangercam.com\/#\/schema\/logo\/image\/","url":"https:\/\/strangercam.com\/wp-content\/uploads\/2020\/11\/cropped-new-favicon-black.png","contentUrl":"https:\/\/strangercam.com\/wp-content\/uploads\/2020\/11\/cropped-new-favicon-black.png","width":512,"height":512,"caption":"Strangercam"},"image":{"@id":"https:\/\/strangercam.com\/#\/schema\/logo\/image\/"},"sameAs":["https:\/\/www.facebook.com\/strangercam","https:\/\/x.com\/strangercamapp"]}]}},"_links":{"self":[{"href":"https:\/\/strangercam.com\/pl\/wp-json\/wp\/v2\/pages\/10047","targetHints":{"allow":["GET"]}}],"collection":[{"href":"https:\/\/strangercam.com\/pl\/wp-json\/wp\/v2\/pages"}],"about":[{"href":"https:\/\/strangercam.com\/pl\/wp-json\/wp\/v2\/types\/page"}],"author":[{"embeddable":true,"href":"https:\/\/strangercam.com\/pl\/wp-json\/wp\/v2\/users\/6"}],"replies":[{"embeddable":true,"href":"https:\/\/strangercam.com\/pl\/wp-json\/wp\/v2\/comments?post=10047"}],"version-history":[{"count":0,"href":"https:\/\/strangercam.com\/pl\/wp-json\/wp\/v2\/pages\/10047\/revisions"}],"wp:featuredmedia":[{"embeddable":true,"href":"https:\/\/strangercam.com\/pl\/wp-json\/wp\/v2\/media\/559"}],"wp:attachment":[{"href":"https:\/\/strangercam.com\/pl\/wp-json\/wp\/v2\/media?parent=10047"}],"curies":[{"name":"wp","href":"https:\/\/api.w.org\/{rel}","templated":true}]}}