{"id":1004,"date":"2021-01-10T16:44:29","date_gmt":"2021-01-10T14:44:29","guid":{"rendered":"https:\/\/strangercam.com\/?page_id=1004"},"modified":"2023-08-21T12:24:41","modified_gmt":"2023-08-21T10:24:41","slug":"emerald-chat","status":"publish","type":"page","link":"https:\/\/strangercam.com\/pl\/emerald-chat\/","title":{"rendered":"Emerald Chat"},"content":{"rendered":"<p>Wi\u0119kszo\u015b\u0107 ludzi prowadzi obecnie intensywny tryb \u017cycia, aby osi\u0105gn\u0105\u0107 swoje cele. W rezultacie trudno jest im nawi\u0105zywa\u0107 nowe znajomo\u015bci, aby dzieli\u0107 si\u0119 swoimi emocjami i innymi rzeczami. Poniewa\u017c technologie rozwijaj\u0105 si\u0119 szybko z dnia na dzie\u0144, staje si\u0119 prostym procesem \u0142atwego \u0142\u0105czenia si\u0119 z nieznajomymi, co mo\u017ce pom\u00f3c w budowaniu nowych relacji. Obecnie istniej\u0105 platformy internetowe i aplikacje mobilne, kt\u00f3re maj\u0105 na celu spe\u0142nienie oczekiwa\u0144 u\u017cytkownik\u00f3w, kt\u00f3rzy chc\u0105 <a href=\"https:\/\/strangercam.com\/pl\/chatroulette\/\">czat<\/a> z innymi. Jednocze\u015bnie nale\u017cy je ocenia\u0107 z du\u017c\u0105 uwag\u0105, aby wybra\u0107 w\u0142a\u015bciw\u0105.<\/p>\n<h2>Szmaragdowa platforma internetowa do poznawania nowych ludzi<\/h2>\n<p>Emerald to platforma internetowa przeznaczona do szybkiego poznawania nowych os\u00f3b online. Platforma pozwala u\u017cytkownikom znale\u017a\u0107 interesuj\u0105ce osoby z r\u00f3\u017cnych \u015brodowisk tak szybko, jak to mo\u017cliwe. Daje mo\u017cliwo\u015b\u0107 nawi\u0105zania kontaktu z osobami o podobnych zainteresowaniach. Ka\u017cdy, kto chce rozmawia\u0107 z nieznajomymi, mo\u017ce skorzysta\u0107 z tej platformy, poniewa\u017c oferuje ona najlepsze funkcje. W rzeczywisto\u015bci platforma jest w\u0142a\u015bciwym miejscem dla tych, kt\u00f3rzy chc\u0105 zidentyfikowa\u0107 swoj\u0105 wyj\u0105tkow\u0105 osob\u0119 w prostych krokach. Jednocze\u015bnie u\u017cytkownicy powinni uwa\u017cnie przeczyta\u0107 instrukcje przed nawi\u0105zaniem czatu.<\/p>\n<h2>Jak to dzia\u0142a?<\/h2>\n<p>EmeraldChat jest uwa\u017cany za alternatyw\u0119 dla <a href=\"https:\/\/strangercam.com\/pl\/omegle\/\">Omegle<\/a> a jego interfejs u\u017cytkownika jest prawie taki sam. Podobnie jak Omegle, nie wymaga zbyt wielu informacji do rejestracji i mo\u017cna uruchomi\u0107 <a href=\"https:\/\/strangercam.com\/pl\/czat-wideo-z-nieznajomymi\/\">czat wideo z nieznajomymi<\/a> swobodnie.<\/p>\n<p>Aby rozpocz\u0105\u0107 czat wideo z nieznajomymi, nale\u017cy przej\u015b\u0107 do strony g\u0142\u00f3wnej i klikn\u0105\u0107 przycisk Start. Nast\u0119pnie nale\u017cy wybra\u0107 p\u0142e\u0107 m\u0119sk\u0105 lub \u017ce\u0144sk\u0105, po czym zostaniesz poproszony o wybranie jednej z nast\u0119puj\u0105cych opcji<\/p>\n<ul>\n<li>Jeden na jednego Czat tekstowy<\/li>\n<li><a href=\"https:\/\/strangercam.com\/pl\/rabbit-video-chat\/\">Czat wideo<\/a><\/li>\n<li>Czat grupowy<\/li>\n<\/ul>\n<h3>Czat tekstowy jeden na jednego:<\/h3>\n<p>W czacie jeden na jednego masz mo\u017cliwo\u015b\u0107 czatowania tylko z jedn\u0105 osob\u0105 i mo\u017cesz wybra\u0107 t\u0119 osob\u0119 spo\u015br\u00f3d 13 r\u00f3\u017cnych hashtag\u00f3w, a po klikni\u0119ciu na interesuj\u0105cy Ci\u0119 hashtag Emerald znajdzie dla Ciebie dopasowanie, a nast\u0119pnie mo\u017cesz rozpocz\u0105\u0107 rozmow\u0119 z t\u0105 osob\u0105.<\/p>\n<h3>Czat wideo<\/h3>\n<p>W czacie tekstowym jeden na jednego, mo\u017cesz tylko rozmawia\u0107 tekstowo z dan\u0105 osob\u0105. Je\u015bli chcesz zobaczy\u0107 drug\u0105 osob\u0119 przez kamer\u0119 internetow\u0105, musisz wybra\u0107 opcj\u0119 czatu wideo. Wiele os\u00f3b preferuje t\u0119 opcj\u0119 i chce rozmawia\u0107 na czacie wideo z nieznajomymi. Jest to miejsce, w kt\u00f3rym mo\u017cna znale\u017a\u0107 dobrych przyjaci\u00f3\u0142, romans lub cieszy\u0107 si\u0119 towarzystwem w odpowiednim czasie. Podczas korzystania z czatu wideo nale\u017cy by\u0107 bardziej ostro\u017cnym i nigdy nie podawa\u0107 \u017cadnych danych osobowych ani podobnych informacji nieznajomym, poniewa\u017c wielu oszust\u00f3w internetowych zawsze szuka niewinnych os\u00f3b do oszustwa.<\/p>\n<h3>Czat grupowy<\/h3>\n<p>Funkcje czatu grupowego Emerald zapewniaj\u0105 u\u017cytkownikom mo\u017cliwo\u015b\u0107 do\u0142\u0105czenia do r\u00f3\u017cnych grup o wsp\u00f3lnych zainteresowaniach. U\u017cytkownicy mog\u0105 do\u0142\u0105czy\u0107 do czatu grupowego, wybieraj\u0105c interesuj\u0105ce ich hashtagi.<\/p>\n<h2>Jakie funkcje s\u0105 dost\u0119pne na platformie internetowej Emerald?<\/h2>\n<p>Platforma internetowa umo\u017cliwia u\u017cytkownikom prowadzenie rozm\u00f3w za pomoc\u0105 wiadomo\u015bci tekstowych i czat\u00f3w wideo, aby zapewni\u0107 lepsze wra\u017cenia. Poza tym platforma internetowa emerald chat umo\u017cliwia u\u017cytkownikom udost\u0119pnianie zdj\u0119\u0107 i plik\u00f3w multimedialnych bez \u017cadnych trudno\u015bci. U\u017cytkownicy mog\u0105 nawet filtrowa\u0107 dopasowania wed\u0142ug p\u0142ci i lokalizacji na tej platformie, gdy chc\u0105 <a href=\"https:\/\/strangercam.com\/pl\/coomeet\/\">spotkanie<\/a> nowych ludzi. Proces rejestracji jest prosty, umo\u017cliwiaj\u0105c osobie wyszukiwanie dobrych znajomych z r\u00f3\u017cnych cz\u0119\u015bci \u015bwiata. Poniewa\u017c platforma internetowa jest bezp\u0142atna, umo\u017cliwia ona jak najszybsze nawi\u0105zanie kontaktu z innymi osobami.<\/p>\n<h2>Funkcje oferowane przez aplikacj\u0119 emerald chat<\/h2>\n<p>Aplikacja jest obecnie w fazie rozwoju i b\u0119dzie oferowa\u0107 unikalne funkcje. Niekt\u00f3re z nich obejmuj\u0105 lekko\u015b\u0107, personalizacj\u0119, cz\u0119ste aktualizacje, moderacj\u0119 w pe\u0142nym wymiarze godzin i doskona\u0142e wsparcie. B\u0119dzie dzia\u0142a\u0107 na wszystkich urz\u0105dzeniach mobilnych, umo\u017cliwiaj\u0105c u\u017cytkownikom wykonywanie po\u0142\u0105cze\u0144 z innymi osobami z du\u017c\u0105 pr\u0119dko\u015bci\u0105. Ci, kt\u00f3rzy chc\u0105 dowiedzie\u0107 si\u0119 wi\u0119cej o szczeg\u00f3\u0142ach, mog\u0105 odwiedzi\u0107 oficjaln\u0105 stron\u0119 internetow\u0105, kt\u00f3ra mo\u017ce pom\u00f3c w znalezieniu kogo\u015b, kto ma doskona\u0142e cechy. Platforma internetowa emerald chat umo\u017cliwia budowanie nowych relacji w r\u00f3\u017cnych lokalizacjach, aby dzieli\u0107 si\u0119 wszystkim w bezpiecznym \u015brodowisku. Z drugiej strony, konieczne jest prawid\u0142owe przeczytanie warunk\u00f3w przed skorzystaniem z platformy.<\/p>\n<h2>Wycena<\/h2>\n<p>Emerald to nieznajoma aplikacja do czat\u00f3w wideo, kt\u00f3ra oferuje swoje podstawowe us\u0142ugi za darmo. Zawsze mo\u017cna jednak wykupi\u0107 cz\u0142onkostwo i cieszy\u0107 si\u0119 dodatkowymi korzy\u015bciami. Oferuje ona dwa rodzaje program\u00f3w cz\u0142onkowskich.<\/p>\n<ul>\n<li>Cz\u0142onkostwo Emerald Gold<\/li>\n<li>Szmaragdowa Galeria S\u0142aw<\/li>\n<\/ul>\n<h3>Cz\u0142onkostwo Emerald Gold<\/h3>\n<p>U\u017cytkownicy Emerald mog\u0105 subskrybowa\u0107 z\u0142ote cz\u0142onkostwo, p\u0142ac\u0105c 3,89$ miesi\u0119cznie. Cz\u0142onkowie Emerald Gold mog\u0105 korzysta\u0107 z wielu funkcji premium, w tym filtr\u00f3w p\u0142ci i niebieskiego znacznika obok nazw u\u017cytkownik\u00f3w.<\/p>\n<h3>Szmaragdowa Galeria S\u0142aw<\/h3>\n<p>U\u017cytkownicy Emerald mog\u0105 dosta\u0107 si\u0119 do Emerald Hall of Fame p\u0142ac\u0105c 8.89$ miesi\u0119cznie. Profile u\u017cytkownik\u00f3w Emerald Hall of Fame pojawiaj\u0105 si\u0119 w najlepszych wynikach i otrzymuj\u0105 wiele zaprosze\u0144 do znajomych, a ostatecznie wiele szans na rozmow\u0119 z lud\u017ami z ca\u0142ego \u015bwiata.<\/p>\n<h2>Czy jest bezpieczny w u\u017cyciu?<\/h2>\n<p>Wiele os\u00f3b korzysta obecnie z aplikacji do czat\u00f3w wideo, aby znale\u017a\u0107 nowych przyjaci\u00f3\u0142, nawi\u0105za\u0107 romans lub zabi\u0107 czas. Jednak wiele nieznajomych aplikacji do czat\u00f3w wideo nie jest w og\u00f3le bezpiecznych, albo s\u0105 one pe\u0142ne oszust\u00f3w internetowych i nieodpowiednich tre\u015bci, albo istnieje ryzyko naruszenia prywatno\u015bci. EmeraldChat jest uwa\u017cany za alternatyw\u0119 dla Omegle i skopiowanego Omegle we wszystkim, ale tutaj wydaje si\u0119, \u017ce ich brakuje. Poniewa\u017c nie wymaga aplikacji mobilnej Emerald jest nadal w fazie rozwoju, ale mo\u017cna z niej korzysta\u0107 i ma ten sam przyjazny dla u\u017cytkownika pulpit nawigacyjny, co strona internetowa.<\/p>","protected":false},"excerpt":{"rendered":"<p>Most people are having a busy lifestyle today to accomplish their goals. As a result, they find it difficult to make new friends for sharing their emotions and other things. With technologies are growing fast day by day, it becomes a simple process to connect with strangers easily that can help build new relationships. Nowadays, [&hellip;]<\/p>\n","protected":false},"author":6,"featured_media":559,"parent":0,"menu_order":0,"comment_status":"closed","ping_status":"closed","template":"","meta":{"footnotes":""},"class_list":["post-1004","page","type-page","status-publish","has-post-thumbnail","hentry"],"yoast_head":"<!-- This site is optimized with the Yoast SEO plugin v26.9 - https:\/\/yoast.com\/product\/yoast-seo-wordpress\/ -->\n<title>Emerald Chat - Cam with Strangers on StrangerCam.com<\/title>\n<meta name=\"description\" content=\"Like Emerald Chat? Come chat with more than 5.000.000 strangers on Stranger Cam for Free! Turn on your cam and find new friends!\" \/>\n<meta name=\"robots\" content=\"index, follow, max-snippet:-1, max-image-preview:large, max-video-preview:-1\" \/>\n<link rel=\"canonical\" href=\"https:\/\/strangercam.com\/pl\/emerald-chat\/\" \/>\n<meta property=\"og:locale\" content=\"pl_PL\" \/>\n<meta property=\"og:type\" content=\"article\" \/>\n<meta property=\"og:title\" content=\"Emerald Chat - Cam with Strangers on StrangerCam.com\" \/>\n<meta property=\"og:description\" content=\"Like Emerald Chat? Come chat with more than 5.000.000 strangers on Stranger Cam for Free! Turn on your cam and find new friends!\" \/>\n<meta property=\"og:url\" content=\"https:\/\/strangercam.com\/pl\/emerald-chat\/\" \/>\n<meta property=\"og:site_name\" content=\"Strangercam\" \/>\n<meta property=\"article:publisher\" content=\"https:\/\/www.facebook.com\/strangercam\" \/>\n<meta property=\"article:modified_time\" content=\"2023-08-21T10:24:41+00:00\" \/>\n<meta property=\"og:image\" content=\"https:\/\/strangercam.com\/wp-content\/uploads\/2020\/11\/stranger-cam-1.png\" \/>\n\t<meta property=\"og:image:width\" content=\"800\" \/>\n\t<meta property=\"og:image:height\" content=\"800\" \/>\n\t<meta property=\"og:image:type\" content=\"image\/png\" \/>\n<meta name=\"twitter:card\" content=\"summary_large_image\" \/>\n<meta name=\"twitter:site\" content=\"@strangercamapp\" \/>\n<meta name=\"twitter:label1\" content=\"Szacowany czas czytania\" \/>\n\t<meta name=\"twitter:data1\" content=\"5 minut\" \/>\n<script type=\"application\/ld+json\" class=\"yoast-schema-graph\">{\"@context\":\"https:\/\/schema.org\",\"@graph\":[{\"@type\":\"WebPage\",\"@id\":\"https:\/\/strangercam.com\/emerald-chat\/\",\"url\":\"https:\/\/strangercam.com\/emerald-chat\/\",\"name\":\"Emerald Chat - Cam with Strangers on StrangerCam.com\",\"isPartOf\":{\"@id\":\"https:\/\/strangercam.com\/#website\"},\"primaryImageOfPage\":{\"@id\":\"https:\/\/strangercam.com\/emerald-chat\/#primaryimage\"},\"image\":{\"@id\":\"https:\/\/strangercam.com\/emerald-chat\/#primaryimage\"},\"thumbnailUrl\":\"https:\/\/strangercam.com\/wp-content\/uploads\/2020\/11\/stranger-cam-1.png\",\"datePublished\":\"2021-01-10T14:44:29+00:00\",\"dateModified\":\"2023-08-21T10:24:41+00:00\",\"description\":\"Like Emerald Chat? Come chat with more than 5.000.000 strangers on Stranger Cam for Free! Turn on your cam and find new friends!\",\"breadcrumb\":{\"@id\":\"https:\/\/strangercam.com\/emerald-chat\/#breadcrumb\"},\"inLanguage\":\"pl-PL\",\"potentialAction\":[{\"@type\":\"ReadAction\",\"target\":[\"https:\/\/strangercam.com\/emerald-chat\/\"]}]},{\"@type\":\"ImageObject\",\"inLanguage\":\"pl-PL\",\"@id\":\"https:\/\/strangercam.com\/emerald-chat\/#primaryimage\",\"url\":\"https:\/\/strangercam.com\/wp-content\/uploads\/2020\/11\/stranger-cam-1.png\",\"contentUrl\":\"https:\/\/strangercam.com\/wp-content\/uploads\/2020\/11\/stranger-cam-1.png\",\"width\":800,\"height\":800,\"caption\":\"stranger cam random video chat\"},{\"@type\":\"BreadcrumbList\",\"@id\":\"https:\/\/strangercam.com\/emerald-chat\/#breadcrumb\",\"itemListElement\":[{\"@type\":\"ListItem\",\"position\":1,\"name\":\"Home\",\"item\":\"https:\/\/strangercam.com\/\"},{\"@type\":\"ListItem\",\"position\":2,\"name\":\"Emerald Chat\"}]},{\"@type\":\"WebSite\",\"@id\":\"https:\/\/strangercam.com\/#website\",\"url\":\"https:\/\/strangercam.com\/\",\"name\":\"Strangercam\",\"description\":\"Random Video Chat with Strangers\",\"publisher\":{\"@id\":\"https:\/\/strangercam.com\/#organization\"},\"alternateName\":\"Strangercam.com\",\"potentialAction\":[{\"@type\":\"SearchAction\",\"target\":{\"@type\":\"EntryPoint\",\"urlTemplate\":\"https:\/\/strangercam.com\/?s={search_term_string}\"},\"query-input\":{\"@type\":\"PropertyValueSpecification\",\"valueRequired\":true,\"valueName\":\"search_term_string\"}}],\"inLanguage\":\"pl-PL\"},{\"@type\":\"Organization\",\"@id\":\"https:\/\/strangercam.com\/#organization\",\"name\":\"Strangercam\",\"alternateName\":\"Strangercam.com\",\"url\":\"https:\/\/strangercam.com\/\",\"logo\":{\"@type\":\"ImageObject\",\"inLanguage\":\"pl-PL\",\"@id\":\"https:\/\/strangercam.com\/#\/schema\/logo\/image\/\",\"url\":\"https:\/\/strangercam.com\/wp-content\/uploads\/2020\/11\/cropped-new-favicon-black.png\",\"contentUrl\":\"https:\/\/strangercam.com\/wp-content\/uploads\/2020\/11\/cropped-new-favicon-black.png\",\"width\":512,\"height\":512,\"caption\":\"Strangercam\"},\"image\":{\"@id\":\"https:\/\/strangercam.com\/#\/schema\/logo\/image\/\"},\"sameAs\":[\"https:\/\/www.facebook.com\/strangercam\",\"https:\/\/x.com\/strangercamapp\"]}]}<\/script>\n<!-- \/ Yoast SEO plugin. -->","yoast_head_json":{"title":"Emerald Chat - Kamerowanie z nieznajomymi na StrangerCam.com","description":"Jak Emerald Chat? Przyjd\u017a na czat z ponad 5.000.000 nieznajomych na Stranger Cam za darmo! W\u0142\u0105cz kamer\u0119 i znajd\u017a nowych przyjaci\u00f3\u0142!","robots":{"index":"index","follow":"follow","max-snippet":"max-snippet:-1","max-image-preview":"max-image-preview:large","max-video-preview":"max-video-preview:-1"},"canonical":"https:\/\/strangercam.com\/pl\/emerald-chat\/","og_locale":"pl_PL","og_type":"article","og_title":"Emerald Chat - Cam with Strangers on StrangerCam.com","og_description":"Like Emerald Chat? Come chat with more than 5.000.000 strangers on Stranger Cam for Free! Turn on your cam and find new friends!","og_url":"https:\/\/strangercam.com\/pl\/emerald-chat\/","og_site_name":"Strangercam","article_publisher":"https:\/\/www.facebook.com\/strangercam","article_modified_time":"2023-08-21T10:24:41+00:00","og_image":[{"width":800,"height":800,"url":"https:\/\/strangercam.com\/wp-content\/uploads\/2020\/11\/stranger-cam-1.png","type":"image\/png"}],"twitter_card":"summary_large_image","twitter_site":"@strangercamapp","twitter_misc":{"Szacowany czas czytania":"5 minut"},"schema":{"@context":"https:\/\/schema.org","@graph":[{"@type":"WebPage","@id":"https:\/\/strangercam.com\/emerald-chat\/","url":"https:\/\/strangercam.com\/emerald-chat\/","name":"Emerald Chat - Kamerowanie z nieznajomymi na StrangerCam.com","isPartOf":{"@id":"https:\/\/strangercam.com\/#website"},"primaryImageOfPage":{"@id":"https:\/\/strangercam.com\/emerald-chat\/#primaryimage"},"image":{"@id":"https:\/\/strangercam.com\/emerald-chat\/#primaryimage"},"thumbnailUrl":"https:\/\/strangercam.com\/wp-content\/uploads\/2020\/11\/stranger-cam-1.png","datePublished":"2021-01-10T14:44:29+00:00","dateModified":"2023-08-21T10:24:41+00:00","description":"Jak Emerald Chat? Przyjd\u017a na czat z ponad 5.000.000 nieznajomych na Stranger Cam za darmo! W\u0142\u0105cz kamer\u0119 i znajd\u017a nowych przyjaci\u00f3\u0142!","breadcrumb":{"@id":"https:\/\/strangercam.com\/emerald-chat\/#breadcrumb"},"inLanguage":"pl-PL","potentialAction":[{"@type":"ReadAction","target":["https:\/\/strangercam.com\/emerald-chat\/"]}]},{"@type":"ImageObject","inLanguage":"pl-PL","@id":"https:\/\/strangercam.com\/emerald-chat\/#primaryimage","url":"https:\/\/strangercam.com\/wp-content\/uploads\/2020\/11\/stranger-cam-1.png","contentUrl":"https:\/\/strangercam.com\/wp-content\/uploads\/2020\/11\/stranger-cam-1.png","width":800,"height":800,"caption":"stranger cam random video chat"},{"@type":"BreadcrumbList","@id":"https:\/\/strangercam.com\/emerald-chat\/#breadcrumb","itemListElement":[{"@type":"ListItem","position":1,"name":"Home","item":"https:\/\/strangercam.com\/"},{"@type":"ListItem","position":2,"name":"Emerald Chat"}]},{"@type":"WebSite","@id":"https:\/\/strangercam.com\/#website","url":"https:\/\/strangercam.com\/","name":"Strangercam","description":"Losowy czat wideo z nieznajomymi","publisher":{"@id":"https:\/\/strangercam.com\/#organization"},"alternateName":"Strangercam.com","potentialAction":[{"@type":"SearchAction","target":{"@type":"EntryPoint","urlTemplate":"https:\/\/strangercam.com\/?s={search_term_string}"},"query-input":{"@type":"PropertyValueSpecification","valueRequired":true,"valueName":"search_term_string"}}],"inLanguage":"pl-PL"},{"@type":"Organization","@id":"https:\/\/strangercam.com\/#organization","name":"Strangercam","alternateName":"Strangercam.com","url":"https:\/\/strangercam.com\/","logo":{"@type":"ImageObject","inLanguage":"pl-PL","@id":"https:\/\/strangercam.com\/#\/schema\/logo\/image\/","url":"https:\/\/strangercam.com\/wp-content\/uploads\/2020\/11\/cropped-new-favicon-black.png","contentUrl":"https:\/\/strangercam.com\/wp-content\/uploads\/2020\/11\/cropped-new-favicon-black.png","width":512,"height":512,"caption":"Strangercam"},"image":{"@id":"https:\/\/strangercam.com\/#\/schema\/logo\/image\/"},"sameAs":["https:\/\/www.facebook.com\/strangercam","https:\/\/x.com\/strangercamapp"]}]}},"_links":{"self":[{"href":"https:\/\/strangercam.com\/pl\/wp-json\/wp\/v2\/pages\/1004","targetHints":{"allow":["GET"]}}],"collection":[{"href":"https:\/\/strangercam.com\/pl\/wp-json\/wp\/v2\/pages"}],"about":[{"href":"https:\/\/strangercam.com\/pl\/wp-json\/wp\/v2\/types\/page"}],"author":[{"embeddable":true,"href":"https:\/\/strangercam.com\/pl\/wp-json\/wp\/v2\/users\/6"}],"replies":[{"embeddable":true,"href":"https:\/\/strangercam.com\/pl\/wp-json\/wp\/v2\/comments?post=1004"}],"version-history":[{"count":0,"href":"https:\/\/strangercam.com\/pl\/wp-json\/wp\/v2\/pages\/1004\/revisions"}],"wp:featuredmedia":[{"embeddable":true,"href":"https:\/\/strangercam.com\/pl\/wp-json\/wp\/v2\/media\/559"}],"wp:attachment":[{"href":"https:\/\/strangercam.com\/pl\/wp-json\/wp\/v2\/media?parent=1004"}],"curies":[{"name":"wp","href":"https:\/\/api.w.org\/{rel}","templated":true}]}}