{"id":10021,"date":"2022-05-30T13:39:35","date_gmt":"2022-05-30T11:39:35","guid":{"rendered":"https:\/\/strangercam.com\/?page_id=10021"},"modified":"2023-08-21T12:38:00","modified_gmt":"2023-08-21T10:38:00","slug":"randochat","status":"publish","type":"page","link":"https:\/\/strangercam.com\/pl\/randochat\/","title":{"rendered":"Randochat"},"content":{"rendered":"<p>RandoChat jest losowym <a href=\"https:\/\/strangercam.com\/pl\/chatroulette\/\">czat<\/a> program, kt\u00f3ry umo\u017cliwia <a href=\"https:\/\/strangercam.com\/pl\/coomeet\/\">spotkanie<\/a> nowe osoby anonimowo. Nie ma potrzeby zak\u0142adania konta ani logowania si\u0119. Wystarczy jedno dotkni\u0119cie, aby rozpocz\u0105\u0107 rozmow\u0119 jeden na jeden. Witryna oferuje \u0142atw\u0105 w u\u017cyciu platform\u0119 do interakcji z nowymi osobami online. Randochat oferuje najwy\u017cszej jako\u015bci us\u0142ugi obs\u0142ugi klienta.<\/p>\n<h3>Jak korzysta\u0107 z aplikacji randkowej Randochat?<\/h3>\n<p>Mo\u017cna korzysta\u0107 z aplikacji na smartfony, kt\u00f3ra pozwala komunikowa\u0107 si\u0119 z innymi u\u017cytkownikami, kt\u00f3rzy zarejestrowali si\u0119 w systemie. U\u017cytkownicy nie musz\u0105 uiszcza\u0107 \u017cadnych op\u0142at za korzystanie z interesuj\u0105cych funkcji serwisu. Jest ca\u0142kowicie <a href=\"https:\/\/strangercam.com\/pl\/chat4free\/\">darmowy<\/a> dla u\u017cytkownik\u00f3w. Nie ma potrzeby rejestracji. Pakiet ten dzia\u0142a podobnie do standardowej us\u0142ugi SMS i umo\u017cliwia przesy\u0142anie zar\u00f3wno tekstu, jak i obraz\u00f3w. Losowo\u015b\u0107 tego systemu sprawia, \u017ce korzystanie z niego jest \u015bwietn\u0105 zabaw\u0105.<\/p>\n<h3>G\u0142\u00f3wne cechy strony internetowej Randochat<\/h3>\n<p>Poni\u017cej przedstawiono niekt\u00f3re z najwa\u017cniejszych cech Randochat:<\/p>\n<ul>\n<li>Uczy\u0144 RandoChat swoim kumplem. Kontaktuj si\u0119 z nowymi lud\u017ami podczas <a href=\"https:\/\/strangercam.com\/pl\/chatingly\/\">czat<\/a> anonimowo! Jest to ca\u0142kowicie bezp\u0142atna us\u0142uga.<\/li>\n<li>Nie zachowywanie danych. Twoje rozmowy s\u0105 przechowywane na naszych serwerach tylko przez ograniczony czas i zostan\u0105 usuni\u0119te po wys\u0142aniu ich do Twojego znajomego na czacie.<\/li>\n<li>Aby korzysta\u0107 z tego oprogramowania, u\u017cytkownik musi mie\u0107 uko\u0144czone 18 lat. Nie przesy\u0142a\u0107 \u017cadnych nieodpowiednich tre\u015bci, takich jak nago\u015b\u0107, materia\u0142y rasistowskie lub obra\u017aliwe. Je\u015bli u\u017cytkownik naruszy nasze warunki, jego konto mo\u017ce zosta\u0107 zawieszone na czas nieokre\u015blony.<\/li>\n<li>Bezpiecze\u0144stwo danych. Wiedza o tym, w jaki spos\u00f3b deweloperzy pozyskuj\u0105 i udost\u0119pniaj\u0105 dane u\u017cytkownika, jest pierwszym krokiem w kierunku bezpiecze\u0144stwa. Praktyki w zakresie prywatno\u015bci i poufno\u015bci danych mog\u0105 si\u0119 r\u00f3\u017cni\u0107 w zale\u017cno\u015bci od sposobu korzystania z witryny, miejsca, w kt\u00f3rym si\u0119 znajdujesz. <a href=\"https:\/\/strangercam.com\/pl\/mili\/\">na \u017cywo<\/a>i ile masz lat. Informacje te zosta\u0142y dostarczone przez dewelopera, kt\u00f3ry mo\u017ce je zaktualizowa\u0107 w przysz\u0142o\u015bci.<\/li>\n<li>Dane nie b\u0119d\u0105 udost\u0119pniane stronom trzecim. Witryna nie przekazuje danych reklamodawcom, kt\u00f3rzy mog\u0105 je wykorzystywa\u0107 do r\u00f3\u017cnych cel\u00f3w. Mo\u017cesz dowiedzie\u0107 si\u0119 wi\u0119cej o deklaracjach udost\u0119pniania danych, kontaktuj\u0105c si\u0119 z obs\u0142ug\u0105 klienta.<\/li>\n<li>Te typy danych mog\u0105 by\u0107 gromadzone przez t\u0119 aplikacj\u0119. Oznacza to, \u017ce witryna nie udost\u0119pnia ani nie przechowuje \u017cadnych danych osobowych, zdj\u0119\u0107 ani film\u00f3w. Podczas przesy\u0142ania dane s\u0105 szyfrowane.<\/li>\n<li>Usuni\u0119cie danych. Je\u015bli u\u017cytkownik nie czuje si\u0119 komfortowo z danymi opublikowanymi online, mo\u017ce poprosi\u0107 o ich usuni\u0119cie.<\/li>\n<\/ul>\n<h3>Wnioski<\/h3>\n<p>Randochat to doskona\u0142ej jako\u015bci platforma do interakcji z odpowiednimi osobami online. Mo\u017cesz u\u017cy\u0107 filtr\u00f3w, aby dotrze\u0107 do ukochanej osoby i sp\u0119dzi\u0107 razem mi\u0142o czas.<\/p>","protected":false},"excerpt":{"rendered":"<p>RandoChat is a random chat program that allows you to meet new people anonymously. There is no need to establish an account or log in. With a single tap, you may start a one-on-one conversation. The website offers an easy-to-use platform for interacting with new people online. The Randochat offers the highest quality customer support [&hellip;]<\/p>\n","protected":false},"author":6,"featured_media":559,"parent":0,"menu_order":0,"comment_status":"closed","ping_status":"closed","template":"","meta":{"footnotes":""},"class_list":["post-10021","page","type-page","status-publish","has-post-thumbnail","hentry"],"yoast_head":"<!-- This site is optimized with the Yoast SEO plugin v26.9 - https:\/\/yoast.com\/product\/yoast-seo-wordpress\/ -->\n<title>Randochat - Chat Roulette Anonymously - Cam on StrangerCam.com<\/title>\n<meta name=\"description\" content=\"Like Randochat? Come chat with more than 5.000.000 strangers on Stranger Cam for Free! Turn on your cam and find new friends &amp; maby a match!\" \/>\n<meta name=\"robots\" content=\"index, follow, max-snippet:-1, max-image-preview:large, max-video-preview:-1\" \/>\n<link rel=\"canonical\" href=\"https:\/\/strangercam.com\/pl\/randochat\/\" \/>\n<meta property=\"og:locale\" content=\"pl_PL\" \/>\n<meta property=\"og:type\" content=\"article\" \/>\n<meta property=\"og:title\" content=\"Randochat - Chat Roulette Anonymously - Cam on StrangerCam.com\" \/>\n<meta property=\"og:description\" content=\"Like Randochat? Come chat with more than 5.000.000 strangers on Stranger Cam for Free! Turn on your cam and find new friends &amp; maby a match!\" \/>\n<meta property=\"og:url\" content=\"https:\/\/strangercam.com\/pl\/randochat\/\" \/>\n<meta property=\"og:site_name\" content=\"Strangercam\" \/>\n<meta property=\"article:publisher\" content=\"https:\/\/www.facebook.com\/strangercam\" \/>\n<meta property=\"article:modified_time\" content=\"2023-08-21T10:38:00+00:00\" \/>\n<meta property=\"og:image\" content=\"https:\/\/strangercam.com\/wp-content\/uploads\/2020\/11\/stranger-cam-1.png\" \/>\n\t<meta property=\"og:image:width\" content=\"800\" \/>\n\t<meta property=\"og:image:height\" content=\"800\" \/>\n\t<meta property=\"og:image:type\" content=\"image\/png\" \/>\n<meta name=\"twitter:card\" content=\"summary_large_image\" \/>\n<meta name=\"twitter:site\" content=\"@strangercamapp\" \/>\n<meta name=\"twitter:label1\" content=\"Szacowany czas czytania\" \/>\n\t<meta name=\"twitter:data1\" content=\"2 minuty\" \/>\n<script type=\"application\/ld+json\" class=\"yoast-schema-graph\">{\"@context\":\"https:\/\/schema.org\",\"@graph\":[{\"@type\":\"WebPage\",\"@id\":\"https:\/\/strangercam.com\/randochat\/\",\"url\":\"https:\/\/strangercam.com\/randochat\/\",\"name\":\"Randochat - Chat Roulette Anonymously - Cam on StrangerCam.com\",\"isPartOf\":{\"@id\":\"https:\/\/strangercam.com\/#website\"},\"primaryImageOfPage\":{\"@id\":\"https:\/\/strangercam.com\/randochat\/#primaryimage\"},\"image\":{\"@id\":\"https:\/\/strangercam.com\/randochat\/#primaryimage\"},\"thumbnailUrl\":\"https:\/\/strangercam.com\/wp-content\/uploads\/2020\/11\/stranger-cam-1.png\",\"datePublished\":\"2022-05-30T11:39:35+00:00\",\"dateModified\":\"2023-08-21T10:38:00+00:00\",\"description\":\"Like Randochat? Come chat with more than 5.000.000 strangers on Stranger Cam for Free! Turn on your cam and find new friends & maby a match!\",\"breadcrumb\":{\"@id\":\"https:\/\/strangercam.com\/randochat\/#breadcrumb\"},\"inLanguage\":\"pl-PL\",\"potentialAction\":[{\"@type\":\"ReadAction\",\"target\":[\"https:\/\/strangercam.com\/randochat\/\"]}]},{\"@type\":\"ImageObject\",\"inLanguage\":\"pl-PL\",\"@id\":\"https:\/\/strangercam.com\/randochat\/#primaryimage\",\"url\":\"https:\/\/strangercam.com\/wp-content\/uploads\/2020\/11\/stranger-cam-1.png\",\"contentUrl\":\"https:\/\/strangercam.com\/wp-content\/uploads\/2020\/11\/stranger-cam-1.png\",\"width\":800,\"height\":800,\"caption\":\"stranger cam random video chat\"},{\"@type\":\"BreadcrumbList\",\"@id\":\"https:\/\/strangercam.com\/randochat\/#breadcrumb\",\"itemListElement\":[{\"@type\":\"ListItem\",\"position\":1,\"name\":\"Home\",\"item\":\"https:\/\/strangercam.com\/\"},{\"@type\":\"ListItem\",\"position\":2,\"name\":\"Randochat\"}]},{\"@type\":\"WebSite\",\"@id\":\"https:\/\/strangercam.com\/#website\",\"url\":\"https:\/\/strangercam.com\/\",\"name\":\"Strangercam\",\"description\":\"Random Video Chat with Strangers\",\"publisher\":{\"@id\":\"https:\/\/strangercam.com\/#organization\"},\"alternateName\":\"Strangercam.com\",\"potentialAction\":[{\"@type\":\"SearchAction\",\"target\":{\"@type\":\"EntryPoint\",\"urlTemplate\":\"https:\/\/strangercam.com\/?s={search_term_string}\"},\"query-input\":{\"@type\":\"PropertyValueSpecification\",\"valueRequired\":true,\"valueName\":\"search_term_string\"}}],\"inLanguage\":\"pl-PL\"},{\"@type\":\"Organization\",\"@id\":\"https:\/\/strangercam.com\/#organization\",\"name\":\"Strangercam\",\"alternateName\":\"Strangercam.com\",\"url\":\"https:\/\/strangercam.com\/\",\"logo\":{\"@type\":\"ImageObject\",\"inLanguage\":\"pl-PL\",\"@id\":\"https:\/\/strangercam.com\/#\/schema\/logo\/image\/\",\"url\":\"https:\/\/strangercam.com\/wp-content\/uploads\/2020\/11\/cropped-new-favicon-black.png\",\"contentUrl\":\"https:\/\/strangercam.com\/wp-content\/uploads\/2020\/11\/cropped-new-favicon-black.png\",\"width\":512,\"height\":512,\"caption\":\"Strangercam\"},\"image\":{\"@id\":\"https:\/\/strangercam.com\/#\/schema\/logo\/image\/\"},\"sameAs\":[\"https:\/\/www.facebook.com\/strangercam\",\"https:\/\/x.com\/strangercamapp\"]}]}<\/script>\n<!-- \/ Yoast SEO plugin. -->","yoast_head_json":{"title":"Randochat - Ruletka na czacie anonimowo - kamera na StrangerCam.com","description":"Jak Randochat? Przyjd\u017a na czat z ponad 5.000.000 nieznajomych na Stranger Cam za darmo! W\u0142\u0105cz kamer\u0119 i znajd\u017a nowych przyjaci\u00f3\u0142 i mo\u017ce mecz!","robots":{"index":"index","follow":"follow","max-snippet":"max-snippet:-1","max-image-preview":"max-image-preview:large","max-video-preview":"max-video-preview:-1"},"canonical":"https:\/\/strangercam.com\/pl\/randochat\/","og_locale":"pl_PL","og_type":"article","og_title":"Randochat - Chat Roulette Anonymously - Cam on StrangerCam.com","og_description":"Like Randochat? Come chat with more than 5.000.000 strangers on Stranger Cam for Free! Turn on your cam and find new friends & maby a match!","og_url":"https:\/\/strangercam.com\/pl\/randochat\/","og_site_name":"Strangercam","article_publisher":"https:\/\/www.facebook.com\/strangercam","article_modified_time":"2023-08-21T10:38:00+00:00","og_image":[{"width":800,"height":800,"url":"https:\/\/strangercam.com\/wp-content\/uploads\/2020\/11\/stranger-cam-1.png","type":"image\/png"}],"twitter_card":"summary_large_image","twitter_site":"@strangercamapp","twitter_misc":{"Szacowany czas czytania":"2 minuty"},"schema":{"@context":"https:\/\/schema.org","@graph":[{"@type":"WebPage","@id":"https:\/\/strangercam.com\/randochat\/","url":"https:\/\/strangercam.com\/randochat\/","name":"Randochat - Ruletka na czacie anonimowo - kamera na StrangerCam.com","isPartOf":{"@id":"https:\/\/strangercam.com\/#website"},"primaryImageOfPage":{"@id":"https:\/\/strangercam.com\/randochat\/#primaryimage"},"image":{"@id":"https:\/\/strangercam.com\/randochat\/#primaryimage"},"thumbnailUrl":"https:\/\/strangercam.com\/wp-content\/uploads\/2020\/11\/stranger-cam-1.png","datePublished":"2022-05-30T11:39:35+00:00","dateModified":"2023-08-21T10:38:00+00:00","description":"Jak Randochat? Przyjd\u017a na czat z ponad 5.000.000 nieznajomych na Stranger Cam za darmo! W\u0142\u0105cz kamer\u0119 i znajd\u017a nowych przyjaci\u00f3\u0142 i mo\u017ce mecz!","breadcrumb":{"@id":"https:\/\/strangercam.com\/randochat\/#breadcrumb"},"inLanguage":"pl-PL","potentialAction":[{"@type":"ReadAction","target":["https:\/\/strangercam.com\/randochat\/"]}]},{"@type":"ImageObject","inLanguage":"pl-PL","@id":"https:\/\/strangercam.com\/randochat\/#primaryimage","url":"https:\/\/strangercam.com\/wp-content\/uploads\/2020\/11\/stranger-cam-1.png","contentUrl":"https:\/\/strangercam.com\/wp-content\/uploads\/2020\/11\/stranger-cam-1.png","width":800,"height":800,"caption":"stranger cam random video chat"},{"@type":"BreadcrumbList","@id":"https:\/\/strangercam.com\/randochat\/#breadcrumb","itemListElement":[{"@type":"ListItem","position":1,"name":"Home","item":"https:\/\/strangercam.com\/"},{"@type":"ListItem","position":2,"name":"Randochat"}]},{"@type":"WebSite","@id":"https:\/\/strangercam.com\/#website","url":"https:\/\/strangercam.com\/","name":"Strangercam","description":"Losowy czat wideo z nieznajomymi","publisher":{"@id":"https:\/\/strangercam.com\/#organization"},"alternateName":"Strangercam.com","potentialAction":[{"@type":"SearchAction","target":{"@type":"EntryPoint","urlTemplate":"https:\/\/strangercam.com\/?s={search_term_string}"},"query-input":{"@type":"PropertyValueSpecification","valueRequired":true,"valueName":"search_term_string"}}],"inLanguage":"pl-PL"},{"@type":"Organization","@id":"https:\/\/strangercam.com\/#organization","name":"Strangercam","alternateName":"Strangercam.com","url":"https:\/\/strangercam.com\/","logo":{"@type":"ImageObject","inLanguage":"pl-PL","@id":"https:\/\/strangercam.com\/#\/schema\/logo\/image\/","url":"https:\/\/strangercam.com\/wp-content\/uploads\/2020\/11\/cropped-new-favicon-black.png","contentUrl":"https:\/\/strangercam.com\/wp-content\/uploads\/2020\/11\/cropped-new-favicon-black.png","width":512,"height":512,"caption":"Strangercam"},"image":{"@id":"https:\/\/strangercam.com\/#\/schema\/logo\/image\/"},"sameAs":["https:\/\/www.facebook.com\/strangercam","https:\/\/x.com\/strangercamapp"]}]}},"_links":{"self":[{"href":"https:\/\/strangercam.com\/pl\/wp-json\/wp\/v2\/pages\/10021","targetHints":{"allow":["GET"]}}],"collection":[{"href":"https:\/\/strangercam.com\/pl\/wp-json\/wp\/v2\/pages"}],"about":[{"href":"https:\/\/strangercam.com\/pl\/wp-json\/wp\/v2\/types\/page"}],"author":[{"embeddable":true,"href":"https:\/\/strangercam.com\/pl\/wp-json\/wp\/v2\/users\/6"}],"replies":[{"embeddable":true,"href":"https:\/\/strangercam.com\/pl\/wp-json\/wp\/v2\/comments?post=10021"}],"version-history":[{"count":0,"href":"https:\/\/strangercam.com\/pl\/wp-json\/wp\/v2\/pages\/10021\/revisions"}],"wp:featuredmedia":[{"embeddable":true,"href":"https:\/\/strangercam.com\/pl\/wp-json\/wp\/v2\/media\/559"}],"wp:attachment":[{"href":"https:\/\/strangercam.com\/pl\/wp-json\/wp\/v2\/media?parent=10021"}],"curies":[{"name":"wp","href":"https:\/\/api.w.org\/{rel}","templated":true}]}}