{"id":5006,"date":"2025-09-29T10:59:56","date_gmt":"2025-09-29T08:59:56","guid":{"rendered":"https:\/\/strangercam.com\/?page_id=5006"},"modified":"2025-09-29T12:01:40","modified_gmt":"2025-09-29T10:01:40","slug":"nu-gratis-chatten","status":"publish","type":"page","link":"https:\/\/strangercam.com\/nl\/free-chat-now\/","title":{"rendered":"Gratis Chat Nu"},"content":{"rendered":"<p>Bent u op zoek naar Gratis <a href=\"https:\/\/strangercam.com\/nl\/chathub\/\">Chat<\/a> Nu? U bent niet de enige. Miljoenen mensen typen elke maand precies deze woorden in op Google, in de hoop een eenvoudige, snelle en gratis manier te vinden om online in contact te komen met nieuwe mensen. Het idee is duidelijk: geen lange aanmeldingen, geen downloads, geen verborgen kosten, alleen de mogelijkheid om direct te chatten met vreemden over de hele wereld.<\/p>\n<p>In 2025 maken platforms zoals StrangerCam dit mogelijk. Met \u00e9\u00e9n klik kun je een gratis tekst- of videochat beginnen met mensen over de hele wereld. Of je nu ge\u00efnteresseerd bent in ongedwongen gesprekken, het ontmoeten van nieuwe vrienden, culturele uitwisselingen of luchtig flirten, de platforms van Free Chat Now brengen de spanning van spontane interactie terug.<\/p>\n<p>Deze gids behandelt alles wat je moet weten: wat Free Chat Now betekent, waarom het zo populair is, hoe het werkt, de geschiedenis, op welke functies je moet letten, een vergelijking van de beste platforms, getuigenissen van echte gebruikers, veiligheidsstrategie\u00ebn en waarom StrangerCam een van de beste keuzes van dit moment is.<\/p>\n<h2>Wat betekent \"Gratis Chat Nu\"?<\/h2>\n<p>Als mensen zoeken naar Gratis Chat Nu, willen ze meestal een platform dat dit aanbiedt:<\/p>\n<ul>\n<li>Directe verbinding: Geen formulieren, geen profielen, gewoon direct chatten.<\/li>\n<li>Gratis toegang: Geen betaalmuren na vijf minuten of verborgen kredietsystemen.<\/li>\n<li>Tekst- of video-opties: Afhankelijk van het comfortniveau.<\/li>\n<li>Random Matching: Ontmoet vreemden wereldwijd, niet alleen mensen in de buurt.<\/li>\n<li>Geen aanmelding: Anoniem en probleemloos blijven.<\/li>\n<\/ul>\n<p>Met andere woorden, het is het tegenovergestelde van moderne datingapps die swipen, bios en verificatiestappen vereisen. Free Chat Now draait om snelheid en spontaniteit.<\/p>\n<h2>Een korte geschiedenis van online chatten<\/h2>\n<p>Om te begrijpen waarom Free Chat Now zo populair is, helpt het om te kijken hoe online chat zich heeft ontwikkeld:<\/p>\n<ul>\n<li>Jaren 1990 - De opkomst van chatrooms: Platformen zoals AOL Chat en IRC lieten gebruikers samenkomen in onderwerp-gebaseerde kamers. Ze hadden alleen tekst en werden vaak niet gemodereerd.<\/li>\n<li>Jaren 2000 - Sociale netwerken nemen de overhand: MSN Messenger, Yahoo Chat en vroege sociale media voegen vriendenlijsten en priv\u00e9chats toe.<\/li>\n<li>2009 - <a href=\"https:\/\/strangercam.com\/nl\/omegle\/\">Omegle<\/a> Lanceringen: Willekeurige \u00e9\u00e9n-op-\u00e9\u00e9n chats werden de nieuwe trend, waaraan later video werd toegevoegd. Dit vormde de moderne \u201cchat met vreemden\u201d-cultuur.<\/li>\n<li>Jaren 2010 - Wereldwijde Video Chat Boom: <a href=\"https:\/\/strangercam.com\/nl\/chatroulette\/\">Chatroulette<\/a>, Chatrandom en Shagle explodeerden in populariteit. Mobiele apps zoals <a href=\"https:\/\/strangercam.com\/nl\/ometv\/\">OmeTV<\/a> maakte chatten nog gemakkelijker.<\/li>\n<li>2020 - Het nieuwe tijdperk: Nadat Omegle in 2023 werd gesloten, stroomden gebruikers toe naar veiligere, moderne alternatieven zoals StrangerCam die vrije toegang combineren met moderatie.<\/li>\n<\/ul>\n<p>Vandaag de dag vertegenwoordigt Free Chat Now het beste van twee werelden: de nostalgie van ouderwetse chatrooms en de opwinding van live videogesprekken.<\/p>\n<h2>Waarom mensen van gratis chatten houden<\/h2>\n<p>Het trefwoord \"Gratis Chat Nu\" scoort niet voor niets hoog - mensen hunkeren naar directe sociale interactie. Dit is waarom:<\/p>\n<ol>\n<li>Eenzaamheid &amp; sociaal isolement: Veel mensen voelen zich niet verbonden en willen snel zinvolle interactie.<\/li>\n<li>Spontaniteit: Elke chat is uniek - het is spannend om niet te weten wie je zult ontmoeten. <a href=\"https:\/\/strangercam.com\/nl\/coomeet\/\">Ontmoet<\/a>.<\/li>\n<li>Culturele nieuwsgierigheid: Praten met mensen over de hele wereld verbreedt je perspectieven.<\/li>\n<li>Flirten &amp; plezier: Veel gebruikers zijn op zoek naar luchtige gesprekken met potenti\u00eble romantische vonken.<\/li>\n<li>Toegankelijkheid: Het is gemakkelijk, gratis en vereist geen verbintenis.<\/li>\n<\/ol>\n<p>In tegenstelling tot datingapps waar afwijzing of ghosting vaak voorkomt, zijn willekeurige chats drukloos en wegwerpbaar-als het niet klikt, klik je gewoon op \"Volgende\".<\/p>\n<h2>Hoe gratis chatten nu platforms werken<\/h2>\n<p>Het proces is snel en eenvoudig:<\/p>\n<ol>\n<li>Open een platform zoals StrangerCam.<\/li>\n<li>Kies je modus (tekstchat of videochat).<\/li>\n<li>Sta toegang tot camera\/microfoon toe als video is ingeschakeld.<\/li>\n<li>Klik op \"Start Chat\" om direct verbinding te maken.<\/li>\n<li>Ontmoet een vreemde wereldwijd binnen enkele seconden.<\/li>\n<li>Druk op elk moment op \"Volgende\" om een nieuw gesprek te starten.<\/li>\n<\/ol>\n<p>Sommige platforms hebben ook functies zoals:<\/p>\n<ul>\n<li>Genderfilters.<\/li>\n<li>Op locatie gebaseerde wedstrijden.<\/li>\n<li>In-chat vertalingen.<\/li>\n<li>Themachatrooms.<\/li>\n<\/ul>\n<h2>Belangrijkste functies<\/h2>\n<p>Let bij het kiezen van een Gratis Chat Nu service op:<\/p>\n<ul>\n<li>Gratis toegang: Echt onbeperkt gebruik, geen \"kredietsysteem\".<\/li>\n<li>Geen aanmelding: Geen gedoe met accounts.<\/li>\n<li>Tekst + Video-opties: Voor flexibiliteit.<\/li>\n<li>Mobielvriendelijk ontwerp: Moet soepel werken op smartphones.<\/li>\n<li>Actieve matiging: Essentieel voor veiligheid.<\/li>\n<li>Wereldwijd bereik: Meer gebruikers betekent meer variatie en plezier.<\/li>\n<\/ul>\n<h2>Beste Gratis Chat Nu-platforms in 2025<\/h2>\n<p>Hier zie je hoe de populairste platforms zich tot elkaar verhouden:<\/p>\n<table>\n<thead>\n<tr>\n<th>Platform<\/th>\n<th align=\"center\">Gratis toegang<\/th>\n<th align=\"center\">Aanmelden nodig<\/th>\n<th align=\"center\">Video chatten<\/th>\n<th align=\"center\">Mobiele ondersteuning<\/th>\n<th align=\"center\">Moderatie<\/th>\n<th>Opmerkingen<\/th>\n<\/tr>\n<\/thead>\n<tbody>\n<tr>\n<td>StrangerCam<\/td>\n<td align=\"center\">\u2705<\/td>\n<td align=\"center\">\u274c<\/td>\n<td align=\"center\">\u2705<\/td>\n<td align=\"center\">\u2705<\/td>\n<td align=\"center\">\u2705<\/td>\n<td>Al met al het beste: gratis, veilig en direct<\/td>\n<\/tr>\n<tr>\n<td>Chatroulette<\/td>\n<td align=\"center\">\u2705<\/td>\n<td align=\"center\">\u274c<\/td>\n<td align=\"center\">\u2705<\/td>\n<td align=\"center\">\u2705<\/td>\n<td align=\"center\">\u2705<\/td>\n<td>Klassiek, maar beperkte functies<\/td>\n<\/tr>\n<tr>\n<td>Chatrandom<\/td>\n<td align=\"center\">\u2705<\/td>\n<td align=\"center\">\u274c<\/td>\n<td align=\"center\">\u2705<\/td>\n<td align=\"center\">\u2705<\/td>\n<td align=\"center\">\u2705<\/td>\n<td>Populair, maar duwt upgrades<\/td>\n<\/tr>\n<tr>\n<td>OmeTV<\/td>\n<td align=\"center\">\u2705<\/td>\n<td align=\"center\">\u274c<\/td>\n<td align=\"center\">\u2705<\/td>\n<td align=\"center\">\u2705<\/td>\n<td align=\"center\">\u2705<\/td>\n<td>App-eerst, alleen willekeurig matchen<\/td>\n<\/tr>\n<tr>\n<td>Shagle<\/td>\n<td align=\"center\">\u2705<\/td>\n<td align=\"center\">\u274c<\/td>\n<td align=\"center\">\u2705<\/td>\n<td align=\"center\">\u2705<\/td>\n<td align=\"center\">\u2705<\/td>\n<td>Gratis start, premium vergrendelde filters<\/td>\n<\/tr>\n<tr>\n<td>WireClub<\/td>\n<td align=\"center\">\u2705<\/td>\n<td align=\"center\">\u2705<\/td>\n<td align=\"center\">\u274c<\/td>\n<td align=\"center\">\u2705<\/td>\n<td align=\"center\">\u2705<\/td>\n<td>Chatrooms met alleen tekst<\/td>\n<\/tr>\n<\/tbody>\n<\/table>\n<p>StrangerCam onderscheidt zich als een van de weinige platforms die echt gratis toegang, geen inschrijving en zowel tekst- als videochat op \u00e9\u00e9n plek bieden.<\/p>\n<h2>Waarom StrangerCam de beste keuze is op het gebied van gratis chatten<\/h2>\n<p>Dit is waarom StrangerCam een van de beste antwoorden is op de vraag \"Waar kan ik nu gratis chatten?\":<\/p>\n<ul>\n<li>Gratis &amp; Onbeperkt - Geen beperkingen of verborgen kosten.<\/li>\n<li>Directe toegang - Begin te chatten in minder dan 10 seconden.<\/li>\n<li>Video- en tekstopties - Schakel naar wens.<\/li>\n<li>Veilig en gemodereerd - Veel veiliger dan Omegle ooit was.<\/li>\n<li>Mobile + Desktop Friendly - Werkt op alle apparaten.<\/li>\n<li>Wereldwijde gemeenschap - Ontmoet mensen uit meer dan 100 landen.<\/li>\n<\/ul>\n<p>Het is spontaan, echt en inclusief - precies de ervaring waar mensen naar op zoek zijn als ze Free Chat Now typen.<\/p>\n<h2>Getuigenissen van echte gebruikers<\/h2>\n<blockquote><p>\"Ik zocht op Free Chat Now en vond StrangerCam. Binnen een minuut praatte ik met iemand in Brazili\u00eb. Het is snel en leuk.\"<br \/>\n- Daniel, 27<\/p><\/blockquote>\n<blockquote><p>\"In tegenstelling tot andere sites is StrangerCam echt gratis. Geen credits, geen verborgen betaalmuren.\"<br \/>\n- Sophia, 21<\/p><\/blockquote>\n<blockquote><p>\"Ik heb andere apps geprobeerd, maar die voelden te traag aan. Dit was direct, precies wat ik wilde.\"<br \/>\n- Ryan, 30<\/p><\/blockquote>\n<blockquote><p>\"Het is fijn dat ik gewoon weg kan gaan wanneer ik wil, geen verplichtingen. Free Chat Now werkt hier echt.\"<br \/>\n- Emma, 19<\/p><\/blockquote>\n<h2>De psychologie achter \"Gratis Chat Nu<\/h2>\n<p>Waarom zoeken zoveel mensen precies op die woorden? Het gaat om drie dingen:<\/p>\n<ol>\n<li>Onmiddellijkheid: Mensen hunkeren naar onmiddellijke bevrediging. Het idee van \"chat nu\" is onweerstaanbaar.<\/li>\n<li>Sociale nieuwsgierigheid: We zijn geprogrammeerd om te genieten van nieuwigheid en onvoorspelbaarheid. Onbekenden online ontmoeten vervult die behoefte.<\/li>\n<li>Betaalbaarheid: Door \"gratis\" toe te voegen wordt het voor iedereen toegankelijk. Niemand wil betalen om hallo te zeggen.<\/li>\n<\/ol>\n<p>Dit verklaart waarom Free Chat Now wereldwijd nog steeds zo'n veelgezocht trefwoord is.<\/p>\n<h2>Veiligheidstips voor Gratis Chat Nu<\/h2>\n<p>Hoewel online chatten leuk is, moet veiligheid altijd op de eerste plaats komen. Hier zijn regels die je moet volgen:<\/p>\n<ul>\n<li>Deel geen persoonlijke informatie (telefoon, e-mail, adres).<\/li>\n<li>Vermijd verdachte links tijdens chats.<\/li>\n<li>Gebruik Overslaan\/Blokkeren voor ongemakkelijke situaties.<\/li>\n<li>Controleer je achtergrond voordat je de camera aanzet.<\/li>\n<li>Gebruik bijnamen, geen echte namen.<\/li>\n<li>Respecteer de leeftijdsregels - ga geen kamers voor volwassenen binnen als je jonger bent dan 18 jaar.<\/li>\n<\/ul>\n<h2>Hoe te beginnen - stap voor stap<\/h2>\n<p>Het duurt slechts een minuut om een Gratis Chat Nu sessie te starten:<\/p>\n<ol>\n<li>Open StrangerCam op je browser of telefoon.<\/li>\n<li>Selecteer uw chatmodus (tekst of video).<\/li>\n<li>Toestemming geven voor camera\/mic (bij video).<\/li>\n<li>Klik op Start Chat om direct gematcht te worden.<\/li>\n<li>Geniet van gesprekken of klik op Volgende om iemand nieuw te ontmoeten.<\/li>\n<\/ol>\n<p>Dat is het - snel, gratis en anoniem.<\/p>\n<p>In 2025 is Free Chat Now populairder dan ooit. Mensen willen geen lange aanmeldingen, nepprofielen of betaalmuren - ze willen directe, echte gesprekken met vreemden over de hele wereld.<\/p>\n<p>Platformen zoals StrangerCam leveren precies dat: gratis, veilig en spontane chats met echte mensen 24\/7. Of je nu op zoek bent naar vrienden, ongedwongen plezier of culturele uitwisselingen, Free Chat Now geeft je de sensatie van onmiddellijke verbinding.<\/p>\n<p>Klaar om het te proberen? Begin vandaag nog een Gratis Chat en ontdek wie je gaat ontmoeten.<\/p>","protected":false},"excerpt":{"rendered":"<p>Are you searching for Free Chat Now? You\u2019re not alone. Millions of people every month type those exact words into Google, hoping to find a simple, fast, and free way to connect with new people online. The idea is clear: no long signups, no downloads, no hidden costs\u2014just the ability to start chatting instantly with [&hellip;]<\/p>\n","protected":false},"author":8,"featured_media":0,"parent":0,"menu_order":0,"comment_status":"closed","ping_status":"closed","template":"","meta":{"footnotes":""},"class_list":["post-5006","page","type-page","status-publish","hentry"],"yoast_head":"<!-- This site is optimized with the Yoast SEO plugin v27.4 - https:\/\/yoast.com\/product\/yoast-seo-wordpress\/ -->\n<title>Free Chat Now with Video Chat on Strangercam.com<\/title>\n<meta name=\"description\" content=\"Liking Free Chat Now? Join millions on StrangerCam.com! Start a random video chat, turn on your cam, and meet strangers instantly.\" \/>\n<meta name=\"robots\" content=\"index, follow, max-snippet:-1, max-image-preview:large, max-video-preview:-1\" \/>\n<link rel=\"canonical\" href=\"https:\/\/strangercam.com\/nl\/nu-gratis-chatten\/\" \/>\n<meta property=\"og:locale\" content=\"nl_NL\" \/>\n<meta property=\"og:type\" content=\"article\" \/>\n<meta property=\"og:title\" content=\"Free Chat Now with Video Chat on Strangercam.com\" \/>\n<meta property=\"og:description\" content=\"Liking Free Chat Now? Join millions on StrangerCam.com! Start a random video chat, turn on your cam, and meet strangers instantly.\" \/>\n<meta property=\"og:url\" content=\"https:\/\/strangercam.com\/nl\/nu-gratis-chatten\/\" \/>\n<meta property=\"og:site_name\" content=\"Strangercam\" \/>\n<meta property=\"article:publisher\" content=\"https:\/\/www.facebook.com\/strangercam\" \/>\n<meta property=\"article:modified_time\" content=\"2025-09-29T10:01:40+00:00\" \/>\n<meta property=\"og:image\" content=\"https:\/\/strangercam.com\/wp-content\/uploads\/2021\/10\/Untitled-2.png\" \/>\n\t<meta property=\"og:image:width\" content=\"800\" \/>\n\t<meta property=\"og:image:height\" content=\"532\" \/>\n\t<meta property=\"og:image:type\" content=\"image\/png\" \/>\n<meta name=\"twitter:card\" content=\"summary_large_image\" \/>\n<meta name=\"twitter:site\" content=\"@strangercamapp\" \/>\n<meta name=\"twitter:label1\" content=\"Geschatte leestijd\" \/>\n\t<meta name=\"twitter:data1\" content=\"5 minuten\" \/>\n<script type=\"application\/ld+json\" class=\"yoast-schema-graph\">{\"@context\":\"https:\\\/\\\/schema.org\",\"@graph\":[{\"@type\":\"WebPage\",\"@id\":\"https:\\\/\\\/strangercam.com\\\/free-chat-now\\\/\",\"url\":\"https:\\\/\\\/strangercam.com\\\/free-chat-now\\\/\",\"name\":\"Free Chat Now with Video Chat on Strangercam.com\",\"isPartOf\":{\"@id\":\"https:\\\/\\\/strangercam.com\\\/#website\"},\"datePublished\":\"2025-09-29T08:59:56+00:00\",\"dateModified\":\"2025-09-29T10:01:40+00:00\",\"description\":\"Liking Free Chat Now? Join millions on StrangerCam.com! Start a random video chat, turn on your cam, and meet strangers instantly.\",\"breadcrumb\":{\"@id\":\"https:\\\/\\\/strangercam.com\\\/free-chat-now\\\/#breadcrumb\"},\"inLanguage\":\"nl-NL\",\"potentialAction\":[{\"@type\":\"ReadAction\",\"target\":[\"https:\\\/\\\/strangercam.com\\\/free-chat-now\\\/\"]}]},{\"@type\":\"BreadcrumbList\",\"@id\":\"https:\\\/\\\/strangercam.com\\\/free-chat-now\\\/#breadcrumb\",\"itemListElement\":[{\"@type\":\"ListItem\",\"position\":1,\"name\":\"Home\",\"item\":\"https:\\\/\\\/strangercam.com\\\/\"},{\"@type\":\"ListItem\",\"position\":2,\"name\":\"Free Chat Now\"}]},{\"@type\":\"WebSite\",\"@id\":\"https:\\\/\\\/strangercam.com\\\/#website\",\"url\":\"https:\\\/\\\/strangercam.com\\\/\",\"name\":\"Strangercam\",\"description\":\"Random Video Chat with Strangers\",\"publisher\":{\"@id\":\"https:\\\/\\\/strangercam.com\\\/#organization\"},\"alternateName\":\"Strangercam.com\",\"potentialAction\":[{\"@type\":\"SearchAction\",\"target\":{\"@type\":\"EntryPoint\",\"urlTemplate\":\"https:\\\/\\\/strangercam.com\\\/?s={search_term_string}\"},\"query-input\":{\"@type\":\"PropertyValueSpecification\",\"valueRequired\":true,\"valueName\":\"search_term_string\"}}],\"inLanguage\":\"nl-NL\"},{\"@type\":\"Organization\",\"@id\":\"https:\\\/\\\/strangercam.com\\\/#organization\",\"name\":\"Strangercam\",\"alternateName\":\"Strangercam.com\",\"url\":\"https:\\\/\\\/strangercam.com\\\/\",\"logo\":{\"@type\":\"ImageObject\",\"inLanguage\":\"nl-NL\",\"@id\":\"https:\\\/\\\/strangercam.com\\\/#\\\/schema\\\/logo\\\/image\\\/\",\"url\":\"https:\\\/\\\/strangercam.com\\\/wp-content\\\/uploads\\\/2020\\\/11\\\/cropped-new-favicon-black.png\",\"contentUrl\":\"https:\\\/\\\/strangercam.com\\\/wp-content\\\/uploads\\\/2020\\\/11\\\/cropped-new-favicon-black.png\",\"width\":512,\"height\":512,\"caption\":\"Strangercam\"},\"image\":{\"@id\":\"https:\\\/\\\/strangercam.com\\\/#\\\/schema\\\/logo\\\/image\\\/\"},\"sameAs\":[\"https:\\\/\\\/www.facebook.com\\\/strangercam\",\"https:\\\/\\\/x.com\\\/strangercamapp\"]}]}<\/script>\n<!-- \/ Yoast SEO plugin. -->","yoast_head_json":{"title":"Gratis chat nu met videochat op Strangercam.com","description":"Vind je Free Chat nu leuk? Join miljoenen op StrangerCam.com! Begin een willekeurige videochat, zet je cam aan en ontmoet meteen vreemden.","robots":{"index":"index","follow":"follow","max-snippet":"max-snippet:-1","max-image-preview":"max-image-preview:large","max-video-preview":"max-video-preview:-1"},"canonical":"https:\/\/strangercam.com\/nl\/nu-gratis-chatten\/","og_locale":"nl_NL","og_type":"article","og_title":"Free Chat Now with Video Chat on Strangercam.com","og_description":"Liking Free Chat Now? Join millions on StrangerCam.com! Start a random video chat, turn on your cam, and meet strangers instantly.","og_url":"https:\/\/strangercam.com\/nl\/nu-gratis-chatten\/","og_site_name":"Strangercam","article_publisher":"https:\/\/www.facebook.com\/strangercam","article_modified_time":"2025-09-29T10:01:40+00:00","og_image":[{"width":800,"height":532,"url":"https:\/\/strangercam.com\/wp-content\/uploads\/2021\/10\/Untitled-2.png","type":"image\/png"}],"twitter_card":"summary_large_image","twitter_site":"@strangercamapp","twitter_misc":{"Geschatte leestijd":"5 minuten"},"schema":{"@context":"https:\/\/schema.org","@graph":[{"@type":"WebPage","@id":"https:\/\/strangercam.com\/free-chat-now\/","url":"https:\/\/strangercam.com\/free-chat-now\/","name":"Gratis chat nu met videochat op Strangercam.com","isPartOf":{"@id":"https:\/\/strangercam.com\/#website"},"datePublished":"2025-09-29T08:59:56+00:00","dateModified":"2025-09-29T10:01:40+00:00","description":"Vind je Free Chat nu leuk? Join miljoenen op StrangerCam.com! Begin een willekeurige videochat, zet je cam aan en ontmoet meteen vreemden.","breadcrumb":{"@id":"https:\/\/strangercam.com\/free-chat-now\/#breadcrumb"},"inLanguage":"nl-NL","potentialAction":[{"@type":"ReadAction","target":["https:\/\/strangercam.com\/free-chat-now\/"]}]},{"@type":"BreadcrumbList","@id":"https:\/\/strangercam.com\/free-chat-now\/#breadcrumb","itemListElement":[{"@type":"ListItem","position":1,"name":"Home","item":"https:\/\/strangercam.com\/"},{"@type":"ListItem","position":2,"name":"Free Chat Now"}]},{"@type":"WebSite","@id":"https:\/\/strangercam.com\/#website","url":"https:\/\/strangercam.com\/","name":"Strangercam","description":"Willekeurige videochat met vreemden","publisher":{"@id":"https:\/\/strangercam.com\/#organization"},"alternateName":"Strangercam.com","potentialAction":[{"@type":"SearchAction","target":{"@type":"EntryPoint","urlTemplate":"https:\/\/strangercam.com\/?s={search_term_string}"},"query-input":{"@type":"PropertyValueSpecification","valueRequired":true,"valueName":"search_term_string"}}],"inLanguage":"nl-NL"},{"@type":"Organization","@id":"https:\/\/strangercam.com\/#organization","name":"Strangercam","alternateName":"Strangercam.com","url":"https:\/\/strangercam.com\/","logo":{"@type":"ImageObject","inLanguage":"nl-NL","@id":"https:\/\/strangercam.com\/#\/schema\/logo\/image\/","url":"https:\/\/strangercam.com\/wp-content\/uploads\/2020\/11\/cropped-new-favicon-black.png","contentUrl":"https:\/\/strangercam.com\/wp-content\/uploads\/2020\/11\/cropped-new-favicon-black.png","width":512,"height":512,"caption":"Strangercam"},"image":{"@id":"https:\/\/strangercam.com\/#\/schema\/logo\/image\/"},"sameAs":["https:\/\/www.facebook.com\/strangercam","https:\/\/x.com\/strangercamapp"]}]}},"_links":{"self":[{"href":"https:\/\/strangercam.com\/nl\/wp-json\/wp\/v2\/pages\/5006","targetHints":{"allow":["GET"]}}],"collection":[{"href":"https:\/\/strangercam.com\/nl\/wp-json\/wp\/v2\/pages"}],"about":[{"href":"https:\/\/strangercam.com\/nl\/wp-json\/wp\/v2\/types\/page"}],"author":[{"embeddable":true,"href":"https:\/\/strangercam.com\/nl\/wp-json\/wp\/v2\/users\/8"}],"replies":[{"embeddable":true,"href":"https:\/\/strangercam.com\/nl\/wp-json\/wp\/v2\/comments?post=5006"}],"version-history":[{"count":1,"href":"https:\/\/strangercam.com\/nl\/wp-json\/wp\/v2\/pages\/5006\/revisions"}],"predecessor-version":[{"id":13045,"href":"https:\/\/strangercam.com\/nl\/wp-json\/wp\/v2\/pages\/5006\/revisions\/13045"}],"wp:attachment":[{"href":"https:\/\/strangercam.com\/nl\/wp-json\/wp\/v2\/media?parent=5006"}],"curies":[{"name":"wp","href":"https:\/\/api.w.org\/{rel}","templated":true}]}}