{"id":4141,"date":"2025-09-08T08:04:51","date_gmt":"2025-09-08T06:04:51","guid":{"rendered":"https:\/\/strangercam.com\/?page_id=4141"},"modified":"2025-09-08T10:12:00","modified_gmt":"2025-09-08T08:12:00","slug":"cam-dating","status":"publish","type":"page","link":"https:\/\/strangercam.com\/nl\/cam-dating\/","title":{"rendered":"Cam Dating"},"content":{"rendered":"<p>Ben je nieuwsgierig naar <a href=\"https:\/\/strangercam.com\/nl\/bazoocam\/\">cam<\/a> aan het daten? Je bent niet de enige. Steeds meer mensen kiezen voor online videochats als een leuke en authentieke manier om contact te leggen. In tegenstelling tot traditionele datingapps waar gesprekken traag of nep kunnen aanvoelen, kun je met camdating iemand direct zien en spreken. Het is persoonlijk, echt en vaak spannender dan alleen maar profielen swipen.<\/p>\n<p>Met platforms zoals StrangerCam kun je een <a href=\"https:\/\/strangercam.com\/nl\/cam-to-cam-chat\/\">gratis cam<\/a> datingervaring nu meteen-geen inschrijving, geen downloads en geen verborgen kosten. Of je nu op zoek bent naar vriendschap, ongedwongen flirten of iets serieuzers, cam dating is een van de snelst groeiende manieren om nieuwe mensen te ontmoeten in 2025.<\/p>\n<p>Deze gids behandelt alles wat je moet weten: wat camdating is, waarom het zo populair is, hoe het werkt, op welke functies je moet letten, een vergelijking van de beste platforms, veiligheidstips en waarom StrangerCam vandaag de dag een van de beste keuzes is voor gratis camdating.<\/p>\n<h2>Wat is camdating?<\/h2>\n<p>Cam dating is een vorm van online dating die gebruik maakt van live video <a href=\"https:\/\/strangercam.com\/nl\/chathub\/\">chat<\/a> om twee mensen face-to-face met elkaar te verbinden in realtime. In plaats van door eindeloze profielen te scrollen of te wachten op matches, richt cam dating zich op directe chemie-je ziet de andere persoon meteen en beslist of de vibe goed is.<\/p>\n<p>De indeling is priv\u00e9, eenvoudig en direct. Je laat je camera toe, klikt op \"Start\" en je bent meteen verbonden met iemand die ook op zoek is naar een gesprek. Als het niet klikt, druk je op \"Volgende\" en word je aan iemand anders gekoppeld.<\/p>\n<h2>Waarom mensen van gratis camdating houden<\/h2>\n<p>De aantrekkingskracht van gratis camdating is duidelijk:<\/p>\n<ul>\n<li>Authenticiteit: Je weet dat de persoon echt is en geen nepprofiel of bot.<\/li>\n<li>Directe chemie: Je hoeft niet te wachten - beslis snel of er een vonk is.<\/li>\n<li>Spontaniteit: Elke videochat voelt uniek en onvoorspelbaar aan.<\/li>\n<li>Privacy: In tegenstelling tot groepsruimtes is camdating \u00e9\u00e9n op \u00e9\u00e9n.<\/li>\n<li>Wereldwijd bereik: Ontmoet 24\/7 mensen van over de hele wereld.<\/li>\n<li>Leuk en opwindend: Een mix van flirten, vriendschap en culturele uitwisseling.<\/li>\n<\/ul>\n<h2>Hoe werkt cam dating?<\/h2>\n<p>Aan de slag gaan met camdating is eenvoudig:<\/p>\n<ol>\n<li>Open een cam dating platform zoals StrangerCam.<\/li>\n<li>Geef camera- en microfoontoegang.<\/li>\n<li>Klik op \"Chat starten\".<\/li>\n<li>Ontmoet direct iemand in een priv\u00e9videogesprek.<\/li>\n<li>Klik op \"Volgende\" om verder te gaan als de sfeer niet goed is.<\/li>\n<\/ol>\n<p>Het hele proces duurt minder dan een minuut en kan leiden tot uren van leuke, spontane gesprekken.<\/p>\n<h2>Belangrijkste functies om naar te zoeken<\/h2>\n<p>Houd bij het kiezen van een cam datingsite rekening met deze kenmerken:<\/p>\n<h3>1. Echt vrije toegang<\/h3>\n<p>Veel sites claimen gratis te zijn, maar sluiten essenti\u00eble functies achter betaalmuren. Kijk voor onbeperkt gratis chatten.<\/p>\n<h3>2. Geen inschrijving vereist<\/h3>\n<p>Bij de beste cam datingplatforms kun je beginnen zonder een account aan te maken.<\/p>\n<h3>3. Geslacht en locatie filters<\/h3>\n<p>Handig om mensen te vinden die aan je voorkeuren voldoen.<\/p>\n<h3>4. Veilige matiging<\/h3>\n<p>Sterke rapportage- en blokkeringstools houden de ruimte veilig.<\/p>\n<h3>5. Mobiel-vriendelijke ervaring<\/h3>\n<p>Zorg ervoor dat het platform net zo goed werkt op smartphones als op desktop.<\/p>\n<h3>6. Hoogwaardige video en audio<\/h3>\n<p>Duidelijke verbanden maken het gemakkelijker om chemie op te bouwen.<\/p>\n<h2>Beste Cam Dating Platforms in 2025<\/h2>\n<p>Hier volgt een vergelijking van de populairste platforms voor camdating:<\/p>\n<table>\n<thead>\n<tr>\n<th>Platform<\/th>\n<th align=\"center\">Gratis toegang<\/th>\n<th align=\"center\">Geslacht filter<\/th>\n<th align=\"center\">Aanmelden nodig<\/th>\n<th align=\"center\">Mobiele ondersteuning<\/th>\n<th align=\"center\">Moderatie<\/th>\n<th>Opmerkingen<\/th>\n<\/tr>\n<\/thead>\n<tbody>\n<tr>\n<td>StrangerCam<\/td>\n<td align=\"center\">\u2705<\/td>\n<td align=\"center\">Gratis<\/td>\n<td align=\"center\">\u274c<\/td>\n<td align=\"center\">\u2705<\/td>\n<td align=\"center\">\u2705<\/td>\n<td>Beste keuze voor gratis camdating<\/td>\n<\/tr>\n<tr>\n<td><a href=\"https:\/\/strangercam.com\/nl\/chatroulette\/\">Chatroulette<\/a><\/td>\n<td align=\"center\">\u2705<\/td>\n<td align=\"center\">(Betaald)<\/td>\n<td align=\"center\">\u274c<\/td>\n<td align=\"center\">\u2705<\/td>\n<td align=\"center\">\u2705<\/td>\n<td>Klassiek, maar genderfilters kosten<\/td>\n<\/tr>\n<tr>\n<td>Chatrandom<\/td>\n<td align=\"center\">\u2705<\/td>\n<td align=\"center\">(Betaald)<\/td>\n<td align=\"center\">\u274c<\/td>\n<td align=\"center\">\u2705<\/td>\n<td align=\"center\">\u2705<\/td>\n<td>Groot gebruikersbestand, gepushte upgrades<\/td>\n<\/tr>\n<tr>\n<td>Shagle<\/td>\n<td align=\"center\">\u2705<\/td>\n<td align=\"center\">(Betaald)<\/td>\n<td align=\"center\">\u274c<\/td>\n<td align=\"center\">\u2705<\/td>\n<td align=\"center\">\u2705<\/td>\n<td>Gratis toegang, premium voor filters<\/td>\n<\/tr>\n<tr>\n<td><a href=\"https:\/\/strangercam.com\/nl\/coomeet\/\">CooMeet<\/a><\/td>\n<td align=\"center\">(Proef)<\/td>\n<td align=\"center\">\u2705<\/td>\n<td align=\"center\">\u2705<\/td>\n<td align=\"center\">\u2705<\/td>\n<td align=\"center\">\u2705<\/td>\n<td>Betaald platform gericht op daten met meisjes<\/td>\n<\/tr>\n<tr>\n<td>LuckyCrush<\/td>\n<td align=\"center\">\u274c<\/td>\n<td align=\"center\">\u2705<\/td>\n<td align=\"center\">\u2705<\/td>\n<td align=\"center\">\u2705<\/td>\n<td align=\"center\">\u2705<\/td>\n<td>Altijd betaald, koppelt mannen aan vrouwen<\/td>\n<\/tr>\n<\/tbody>\n<\/table>\n<p>StrangerCam is een van de enige platforms die gratis camdating aanbiedt zonder inschrijving en met een werkende genderfilter.<\/p>\n<h2>Waarom StrangerCam de beste keuze is<\/h2>\n<p>Dit is waarom StrangerCam de beste keuze is voor camdating in 2025:<\/p>\n<h3>1. Volledig gratis &amp; onbeperkt<\/h3>\n<p>Geen verborgen kosten, proefversies of kredieten - chat zoveel als je wilt.<\/p>\n<h3>2. Gratis Geslachtsfilter<\/h3>\n<p>Kies wie je wilt ontmoeten - jongens, meisjes of allebei - zonder extra te betalen.<\/p>\n<h3>3. Priv\u00e9 \u00e9\u00e9n-op-\u00e9\u00e9n chats<\/h3>\n<p>Gerichte, persoonlijke gesprekken in plaats van overvolle chatrooms.<\/p>\n<h3>4. Geen inschrijving vereist<\/h3>\n<p>Blijf anoniem en maak onmiddellijk contact.<\/p>\n<h3>5. Veilig en gemodereerd<\/h3>\n<p>Actieve moderatie houdt bots en ongepaste gebruikers op afstand.<\/p>\n<h3>6. Werkt op alle apparaten<\/h3>\n<p>Geoptimaliseerd voor desktop, tablet en mobiel gebruik.<\/p>\n<h2>Getuigenissen van echte gebruikers<\/h2>\n<blockquote><p><em>\"Ik wilde camdating proberen omdat gewone apps te traag aanvoelden. StrangerCam gaf me direct connecties, en ik heb echt iemand gevonden met wie ik regelmatig blijf chatten.\"<\/em><br \/>\n- David, 29<\/p><\/blockquote>\n<blockquote><p><em>\"Het voelt echter dan swipen op apps. Ik kan meteen zien of het klikt met iemand.\"<\/em><br \/>\n- Sophia, 23<\/p><\/blockquote>\n<blockquote><p><em>\"Eindelijk een cam datingsite waar de genderfilter gratis is en werkt zoals beloofd.\"<\/em><br \/>\n- Ryan, 31<\/p><\/blockquote>\n<blockquote><p><em>\"Ik heb al mensen ontmoet uit drie continenten. Het is spannend en veel leuker dan traditioneel online daten.\"<\/em><br \/>\n- Leah, 20<\/p><\/blockquote>\n<h2>Veiligheidstips voor camdating<\/h2>\n<p>Hoewel camdating leuk en opwindend is, moet je deze veiligheidsregels in acht nemen:<\/p>\n<ul>\n<li>Deel geen persoonlijke gegevens zoals je telefoonnummer, e-mailadres of adres.<\/li>\n<li>Sla iedereen over of blokkeer iedereen die je ongemakkelijk laat voelen.<\/li>\n<li>Klik nooit op verdachte koppelingen.<\/li>\n<li>Controleer je achtergrond voordat je je webcam aanzet.<\/li>\n<li>Houd je aan de tools van het platform voor rapportage en blokkering.<\/li>\n<li>Respecteer leeftijdsbeperkingen: als je jonger bent dan 18, gebruik dan geen camdating sites voor volwassenen.<\/li>\n<\/ul>\n<h2>Hoe te beginnen - stap voor stap<\/h2>\n<p>Het duurt minder dan een minuut om te beginnen met camdaten:<\/p>\n<ol>\n<li>Open StrangerCam op je apparaat.<\/li>\n<li>Geef camera- en microfoontoegang.<\/li>\n<li>Kies je voorkeuren (zoals genderfilters).<\/li>\n<li>Klik op Start Chat om direct verbinding te maken.<\/li>\n<li>Als er geen vonk is, druk dan op Volgende om verder te gaan.<\/li>\n<\/ol>\n<p>Snel, eenvoudig en 100% gratis.<\/p>\n<p>In 2025 is cam dating een van de snelste, meest authentieke manieren om online contact te leggen. In tegenstelling tot traditionele datingapps is het face-to-face, direct en leuk.<\/p>\n<p>Maar niet elk platform levert. Veel platforms verbergen essenti\u00eble functies achter betaalmuren of worden overspoeld door bots. Daarom is StrangerCam de beste optie: het is gratis, veilig, priv\u00e9 en altijd vol met echte gebruikers die klaar staan om verbinding te maken.<\/p>\n<p>Klaar om het te proberen? Begin vandaag nog met gratis camdaten en ontdek wie je hierna zult ontmoeten.<\/p>","protected":false},"excerpt":{"rendered":"<p>Are you curious about cam dating? You\u2019re not alone. More and more people are turning to online video chats as a fun and authentic way to connect. Unlike traditional dating apps where conversations can feel slow or fake, cam dating lets you see and talk to someone instantly. It\u2019s personal, real, and often more exciting [&hellip;]<\/p>\n","protected":false},"author":8,"featured_media":0,"parent":0,"menu_order":0,"comment_status":"closed","ping_status":"closed","template":"","meta":{"footnotes":""},"class_list":["post-4141","page","type-page","status-publish","hentry"],"yoast_head":"<!-- This site is optimized with the Yoast SEO plugin v27.4 - https:\/\/yoast.com\/product\/yoast-seo-wordpress\/ -->\n<title>Cam Dating with Video Chat on Strangercam.com<\/title>\n<meta name=\"description\" content=\"Liking Cam Dating? Join millions on StrangerCam.com! Start a random video chat, turn on your cam, and meet strangers instantly.\" \/>\n<meta name=\"robots\" content=\"index, follow, max-snippet:-1, max-image-preview:large, max-video-preview:-1\" \/>\n<link rel=\"canonical\" href=\"https:\/\/strangercam.com\/nl\/cam-dating\/\" \/>\n<meta property=\"og:locale\" content=\"nl_NL\" \/>\n<meta property=\"og:type\" content=\"article\" \/>\n<meta property=\"og:title\" content=\"Cam Dating with Video Chat on Strangercam.com\" \/>\n<meta property=\"og:description\" content=\"Liking Cam Dating? Join millions on StrangerCam.com! Start a random video chat, turn on your cam, and meet strangers instantly.\" \/>\n<meta property=\"og:url\" content=\"https:\/\/strangercam.com\/nl\/cam-dating\/\" \/>\n<meta property=\"og:site_name\" content=\"Strangercam\" \/>\n<meta property=\"article:publisher\" content=\"https:\/\/www.facebook.com\/strangercam\" \/>\n<meta property=\"article:modified_time\" content=\"2025-09-08T08:12:00+00:00\" \/>\n<meta property=\"og:image\" content=\"https:\/\/strangercam.com\/wp-content\/uploads\/2021\/10\/Untitled-2.png\" \/>\n\t<meta property=\"og:image:width\" content=\"800\" \/>\n\t<meta property=\"og:image:height\" content=\"532\" \/>\n\t<meta property=\"og:image:type\" content=\"image\/png\" \/>\n<meta name=\"twitter:card\" content=\"summary_large_image\" \/>\n<meta name=\"twitter:site\" content=\"@strangercamapp\" \/>\n<meta name=\"twitter:label1\" content=\"Geschatte leestijd\" \/>\n\t<meta name=\"twitter:data1\" content=\"4 minuten\" \/>\n<script type=\"application\/ld+json\" class=\"yoast-schema-graph\">{\"@context\":\"https:\\\/\\\/schema.org\",\"@graph\":[{\"@type\":\"WebPage\",\"@id\":\"https:\\\/\\\/strangercam.com\\\/cam-dating\\\/\",\"url\":\"https:\\\/\\\/strangercam.com\\\/cam-dating\\\/\",\"name\":\"Cam Dating with Video Chat on Strangercam.com\",\"isPartOf\":{\"@id\":\"https:\\\/\\\/strangercam.com\\\/#website\"},\"datePublished\":\"2025-09-08T06:04:51+00:00\",\"dateModified\":\"2025-09-08T08:12:00+00:00\",\"description\":\"Liking Cam Dating? Join millions on StrangerCam.com! Start a random video chat, turn on your cam, and meet strangers instantly.\",\"breadcrumb\":{\"@id\":\"https:\\\/\\\/strangercam.com\\\/cam-dating\\\/#breadcrumb\"},\"inLanguage\":\"nl-NL\",\"potentialAction\":[{\"@type\":\"ReadAction\",\"target\":[\"https:\\\/\\\/strangercam.com\\\/cam-dating\\\/\"]}]},{\"@type\":\"BreadcrumbList\",\"@id\":\"https:\\\/\\\/strangercam.com\\\/cam-dating\\\/#breadcrumb\",\"itemListElement\":[{\"@type\":\"ListItem\",\"position\":1,\"name\":\"Home\",\"item\":\"https:\\\/\\\/strangercam.com\\\/\"},{\"@type\":\"ListItem\",\"position\":2,\"name\":\"Cam Dating\"}]},{\"@type\":\"WebSite\",\"@id\":\"https:\\\/\\\/strangercam.com\\\/#website\",\"url\":\"https:\\\/\\\/strangercam.com\\\/\",\"name\":\"Strangercam\",\"description\":\"Random Video Chat with Strangers\",\"publisher\":{\"@id\":\"https:\\\/\\\/strangercam.com\\\/#organization\"},\"alternateName\":\"Strangercam.com\",\"potentialAction\":[{\"@type\":\"SearchAction\",\"target\":{\"@type\":\"EntryPoint\",\"urlTemplate\":\"https:\\\/\\\/strangercam.com\\\/?s={search_term_string}\"},\"query-input\":{\"@type\":\"PropertyValueSpecification\",\"valueRequired\":true,\"valueName\":\"search_term_string\"}}],\"inLanguage\":\"nl-NL\"},{\"@type\":\"Organization\",\"@id\":\"https:\\\/\\\/strangercam.com\\\/#organization\",\"name\":\"Strangercam\",\"alternateName\":\"Strangercam.com\",\"url\":\"https:\\\/\\\/strangercam.com\\\/\",\"logo\":{\"@type\":\"ImageObject\",\"inLanguage\":\"nl-NL\",\"@id\":\"https:\\\/\\\/strangercam.com\\\/#\\\/schema\\\/logo\\\/image\\\/\",\"url\":\"https:\\\/\\\/strangercam.com\\\/wp-content\\\/uploads\\\/2020\\\/11\\\/cropped-new-favicon-black.png\",\"contentUrl\":\"https:\\\/\\\/strangercam.com\\\/wp-content\\\/uploads\\\/2020\\\/11\\\/cropped-new-favicon-black.png\",\"width\":512,\"height\":512,\"caption\":\"Strangercam\"},\"image\":{\"@id\":\"https:\\\/\\\/strangercam.com\\\/#\\\/schema\\\/logo\\\/image\\\/\"},\"sameAs\":[\"https:\\\/\\\/www.facebook.com\\\/strangercam\",\"https:\\\/\\\/x.com\\\/strangercamapp\"]}]}<\/script>\n<!-- \/ Yoast SEO plugin. -->","yoast_head_json":{"title":"Cam Dating met Videochatten op Strangercam.com","description":"Hou je van Cam Dating? Join miljoenen op StrangerCam.com! Begin een willekeurige videochat, zet je cam aan en ontmoet meteen vreemden.","robots":{"index":"index","follow":"follow","max-snippet":"max-snippet:-1","max-image-preview":"max-image-preview:large","max-video-preview":"max-video-preview:-1"},"canonical":"https:\/\/strangercam.com\/nl\/cam-dating\/","og_locale":"nl_NL","og_type":"article","og_title":"Cam Dating with Video Chat on Strangercam.com","og_description":"Liking Cam Dating? Join millions on StrangerCam.com! Start a random video chat, turn on your cam, and meet strangers instantly.","og_url":"https:\/\/strangercam.com\/nl\/cam-dating\/","og_site_name":"Strangercam","article_publisher":"https:\/\/www.facebook.com\/strangercam","article_modified_time":"2025-09-08T08:12:00+00:00","og_image":[{"width":800,"height":532,"url":"https:\/\/strangercam.com\/wp-content\/uploads\/2021\/10\/Untitled-2.png","type":"image\/png"}],"twitter_card":"summary_large_image","twitter_site":"@strangercamapp","twitter_misc":{"Geschatte leestijd":"4 minuten"},"schema":{"@context":"https:\/\/schema.org","@graph":[{"@type":"WebPage","@id":"https:\/\/strangercam.com\/cam-dating\/","url":"https:\/\/strangercam.com\/cam-dating\/","name":"Cam Dating met Videochatten op Strangercam.com","isPartOf":{"@id":"https:\/\/strangercam.com\/#website"},"datePublished":"2025-09-08T06:04:51+00:00","dateModified":"2025-09-08T08:12:00+00:00","description":"Hou je van Cam Dating? Join miljoenen op StrangerCam.com! Begin een willekeurige videochat, zet je cam aan en ontmoet meteen vreemden.","breadcrumb":{"@id":"https:\/\/strangercam.com\/cam-dating\/#breadcrumb"},"inLanguage":"nl-NL","potentialAction":[{"@type":"ReadAction","target":["https:\/\/strangercam.com\/cam-dating\/"]}]},{"@type":"BreadcrumbList","@id":"https:\/\/strangercam.com\/cam-dating\/#breadcrumb","itemListElement":[{"@type":"ListItem","position":1,"name":"Home","item":"https:\/\/strangercam.com\/"},{"@type":"ListItem","position":2,"name":"Cam Dating"}]},{"@type":"WebSite","@id":"https:\/\/strangercam.com\/#website","url":"https:\/\/strangercam.com\/","name":"Strangercam","description":"Willekeurige videochat met vreemden","publisher":{"@id":"https:\/\/strangercam.com\/#organization"},"alternateName":"Strangercam.com","potentialAction":[{"@type":"SearchAction","target":{"@type":"EntryPoint","urlTemplate":"https:\/\/strangercam.com\/?s={search_term_string}"},"query-input":{"@type":"PropertyValueSpecification","valueRequired":true,"valueName":"search_term_string"}}],"inLanguage":"nl-NL"},{"@type":"Organization","@id":"https:\/\/strangercam.com\/#organization","name":"Strangercam","alternateName":"Strangercam.com","url":"https:\/\/strangercam.com\/","logo":{"@type":"ImageObject","inLanguage":"nl-NL","@id":"https:\/\/strangercam.com\/#\/schema\/logo\/image\/","url":"https:\/\/strangercam.com\/wp-content\/uploads\/2020\/11\/cropped-new-favicon-black.png","contentUrl":"https:\/\/strangercam.com\/wp-content\/uploads\/2020\/11\/cropped-new-favicon-black.png","width":512,"height":512,"caption":"Strangercam"},"image":{"@id":"https:\/\/strangercam.com\/#\/schema\/logo\/image\/"},"sameAs":["https:\/\/www.facebook.com\/strangercam","https:\/\/x.com\/strangercamapp"]}]}},"_links":{"self":[{"href":"https:\/\/strangercam.com\/nl\/wp-json\/wp\/v2\/pages\/4141","targetHints":{"allow":["GET"]}}],"collection":[{"href":"https:\/\/strangercam.com\/nl\/wp-json\/wp\/v2\/pages"}],"about":[{"href":"https:\/\/strangercam.com\/nl\/wp-json\/wp\/v2\/types\/page"}],"author":[{"embeddable":true,"href":"https:\/\/strangercam.com\/nl\/wp-json\/wp\/v2\/users\/8"}],"replies":[{"embeddable":true,"href":"https:\/\/strangercam.com\/nl\/wp-json\/wp\/v2\/comments?post=4141"}],"version-history":[{"count":2,"href":"https:\/\/strangercam.com\/nl\/wp-json\/wp\/v2\/pages\/4141\/revisions"}],"predecessor-version":[{"id":13014,"href":"https:\/\/strangercam.com\/nl\/wp-json\/wp\/v2\/pages\/4141\/revisions\/13014"}],"wp:attachment":[{"href":"https:\/\/strangercam.com\/nl\/wp-json\/wp\/v2\/media?parent=4141"}],"curies":[{"name":"wp","href":"https:\/\/api.w.org\/{rel}","templated":true}]}}