{"id":4107,"date":"2025-09-08T08:58:53","date_gmt":"2025-09-08T06:58:53","guid":{"rendered":"https:\/\/strangercam.com\/?page_id=4107"},"modified":"2025-09-08T10:03:26","modified_gmt":"2025-09-08T08:03:26","slug":"een-op-een-cam","status":"publish","type":"page","link":"https:\/\/strangercam.com\/nl\/one-on-one-cam\/","title":{"rendered":"E\u00e9n op \u00e9\u00e9n cam"},"content":{"rendered":"<p>Ben je op zoek naar de beste \u00e9\u00e9n op \u00e9\u00e9n <a href=\"https:\/\/strangercam.com\/nl\/bazoocam\/\">cam<\/a> ervaring? U bent niet de enige. Miljoenen mensen over de hele wereld geven de voorkeur aan persoonlijke, persoonlijke chats in plaats van lawaaierige groepsruimtes of drukke sociale netwerken. Met \u00e9\u00e9n-op-\u00e9\u00e9n cam krijg je directe, persoonlijke gesprekken met vreemden of nieuwe vrienden - alleen jij en \u00e9\u00e9n andere persoon op video, zonder afleiding.<\/p>\n<p>In 2025 maken platforms zoals StrangerCam het mogelijk om gratis \u00e9\u00e9n op \u00e9\u00e9n te genieten van <a href=\"https:\/\/strangercam.com\/nl\/cam-to-cam-chat\/\">cam chat<\/a> direct-geen aanmelding, geen downloads en geen verborgen kosten. Of je nu op zoek bent naar vriendschap, ongedwongen plezier, flirten of gewoon een zinvol gesprek, \u00e9\u00e9n op \u00e9\u00e9n cam geeft je de privacy en spontaniteit die groepschats of datingapps niet kunnen bieden.<\/p>\n<p>In deze gids wordt alles uitgelegd wat je moet weten: wat \u00e9\u00e9n op \u00e9\u00e9n cam is, waarom mensen ervan houden, hoe het werkt, de belangrijkste functies, platformvergelijkingen, veiligheidstips en waarom StrangerCam een van de beste plaatsen is voor \u00e9\u00e9n op \u00e9\u00e9n cam chat in 2025.<\/p>\n<h2>Wat is \u00e9\u00e9n op \u00e9\u00e9n cam?<\/h2>\n<p>One on one cam is een priv\u00e9 live videochat waarbij je direct verbonden bent met slechts \u00e9\u00e9n andere persoon via webcam en microfoon. In tegenstelling tot chatrooms in groepen of tekstgebaseerde chat, is de ervaring persoonlijker en gerichter.<\/p>\n<p>Het idee is eenvoudig: druk op een knop, laat je webcam toe en binnen enkele seconden zit je in een priv\u00e9 face-to-face videogesprek met een vreemde. Als het gesprek niet klikt, druk je op Volgende en word je verbonden met iemand anders.<\/p>\n<h2>Waarom mensen van gratis \u00e9\u00e9n-op-\u00e9\u00e9n chatten houden<\/h2>\n<p>De populariteit van gratis \u00e9\u00e9n op \u00e9\u00e9n cam is gegroeid omdat het iets unieks biedt:<\/p>\n<ul>\n<li>Privacy: Gesprekken zijn \u00e9\u00e9n-op-\u00e9\u00e9n, niet in een drukke groep.<\/li>\n<li>Authenticiteit: Videochat zorgt ervoor dat je met een echt persoon spreekt, niet met een bot.<\/li>\n<li>Spontaniteit: Elke nieuwe chat is een verrassing.<\/li>\n<li>Geen afleiding: Geen toeschouwers - alleen jij en \u00e9\u00e9n andere persoon.<\/li>\n<li>Vriendschap en flirten: Geweldig om vrienden te maken, verhalen te delen of gewoon plezier te hebben.<\/li>\n<li>Directe toegang: Geen profielen, biografie\u00ebn of lange aanmeldingen, gewoon klikken en verbinding maken.<\/li>\n<\/ul>\n<h2>Hoe werkt een-op-eencam?<\/h2>\n<p>Het proces is eenvoudig en beginnersvriendelijk:<\/p>\n<ol>\n<li>Open het platform (desktop of mobiel).<\/li>\n<li>Geef camera- en microfoontoegang.<\/li>\n<li>Klik op \"Chat starten\".<\/li>\n<li>Maak direct contact met \u00e9\u00e9n persoon in een priv\u00e9-camsessie.<\/li>\n<li>Druk op \"Volgende\" om verder te gaan wanneer je maar wilt.<\/li>\n<\/ol>\n<p>Sommige platforms bieden ook genderfilters, landselectie of zelfs automatische vertaaltools voor internationale verbindingen.<\/p>\n<h2>Belangrijkste functies om naar te zoeken<\/h2>\n<p>Let bij het kiezen van een \u00e9\u00e9n-op-\u00e9\u00e9n camplatform op deze belangrijke kenmerken:<\/p>\n<h3>1. Echt vrije toegang<\/h3>\n<p>Vermijd platforms die \"gratis\" adverteren maar belangrijke functies blokkeren achter betaalmuren.<\/p>\n<h3>2. Aanmelden niet nodig<\/h3>\n<p>Blijf anoniem - registratie is niet nodig.<\/p>\n<h3>3. Geslacht en locatie filters<\/h3>\n<p>Handig om het type persoon te vinden waarmee je wilt chatten.<\/p>\n<h3>4. Priv\u00e9 en veilig<\/h3>\n<p>Zorg ervoor dat het platform moderatie en tools voor blokkering\/melding biedt.<\/p>\n<h3>5. Mobiel-vriendelijk ontwerp<\/h3>\n<p>De service zou zowel op telefoons als desktops moeten werken.<\/p>\n<h3>6. Hoogwaardige video en audio<\/h3>\n<p>Duidelijke verbindingen maken gesprekken soepeler en leuker.<\/p>\n<h2>Beste \u00e9\u00e9n-op-\u00e9\u00e9n cam-platforms in 2025<\/h2>\n<p>Dit is hoe de top platforms zich vergelijken voor priv\u00e9 \u00e9\u00e9n op \u00e9\u00e9n cam chat:<\/p>\n<table>\n<thead>\n<tr>\n<th>Platform<\/th>\n<th align=\"center\">Gratis toegang<\/th>\n<th align=\"center\">Geslacht filter<\/th>\n<th align=\"center\">Aanmelden nodig<\/th>\n<th align=\"center\">Mobiele ondersteuning<\/th>\n<th align=\"center\">Moderatie<\/th>\n<th>Opmerkingen<\/th>\n<\/tr>\n<\/thead>\n<tbody>\n<tr>\n<td>StrangerCam<\/td>\n<td align=\"center\">\u2705<\/td>\n<td align=\"center\">Gratis<\/td>\n<td align=\"center\">\u274c<\/td>\n<td align=\"center\">\u2705<\/td>\n<td align=\"center\">\u2705<\/td>\n<td>Beste allround keuze, priv\u00e9 \u00e9\u00e9n op \u00e9\u00e9n cam<\/td>\n<\/tr>\n<tr>\n<td><a href=\"https:\/\/strangercam.com\/nl\/chatroulette\/\">Chatroulette<\/a><\/td>\n<td align=\"center\">\u2705<\/td>\n<td align=\"center\">(Betaald)<\/td>\n<td align=\"center\">\u274c<\/td>\n<td align=\"center\">\u2705<\/td>\n<td align=\"center\">\u2705<\/td>\n<td>Klassiek, maar met genderfilters<\/td>\n<\/tr>\n<tr>\n<td>Chatrandom<\/td>\n<td align=\"center\">\u2705<\/td>\n<td align=\"center\">(Betaald)<\/td>\n<td align=\"center\">\u274c<\/td>\n<td align=\"center\">\u2705<\/td>\n<td align=\"center\">\u2705<\/td>\n<td>Populair, maar gepushte upgrades<\/td>\n<\/tr>\n<tr>\n<td><a href=\"https:\/\/strangercam.com\/nl\/ometv\/\">OmeTV<\/a><\/td>\n<td align=\"center\">\u2705<\/td>\n<td align=\"center\">\u274c<\/td>\n<td align=\"center\">\u274c<\/td>\n<td align=\"center\">\u2705<\/td>\n<td align=\"center\">\u2705<\/td>\n<td>Alleen willekeurig, mobiele app<\/td>\n<\/tr>\n<tr>\n<td>Shagle<\/td>\n<td align=\"center\">\u2705<\/td>\n<td align=\"center\">(Betaald)<\/td>\n<td align=\"center\">\u274c<\/td>\n<td align=\"center\">\u2705<\/td>\n<td align=\"center\">\u2705<\/td>\n<td>Gratis basisgebruik, premium upgrades<\/td>\n<\/tr>\n<tr>\n<td><a href=\"https:\/\/strangercam.com\/nl\/coomeet\/\">CooMeet<\/a><\/td>\n<td align=\"center\">(Proef)<\/td>\n<td align=\"center\">\u2705<\/td>\n<td align=\"center\">\u2705<\/td>\n<td align=\"center\">\u2705<\/td>\n<td align=\"center\">\u2705<\/td>\n<td>Betaald na rechtszaak, richt zich op meidenchats<\/td>\n<\/tr>\n<tr>\n<td>LuckyCrush<\/td>\n<td align=\"center\">\u274c<\/td>\n<td align=\"center\">\u2705<\/td>\n<td align=\"center\">\u2705<\/td>\n<td align=\"center\">\u2705<\/td>\n<td align=\"center\">\u2705<\/td>\n<td>Altijd betaald, op basis van geslacht<\/td>\n<\/tr>\n<\/tbody>\n<\/table>\n<p>StrangerCam onderscheidt zich als een van de weinige platforms die gratis \u00e9\u00e9n op \u00e9\u00e9n camchatten aanbieden met een werkende genderfilter en zonder inschrijving.<\/p>\n<h2>Waarom StrangerCam de beste keuze is<\/h2>\n<p>Dit is waarom StrangerCam de beste keuze is in 2025 voor \u00e9\u00e9n-op-\u00e9\u00e9n cammen:<\/p>\n<h3>1. Volledig gratis &amp; onbeperkt<\/h3>\n<p>Geen verborgen kosten, credits of proeflimieten.<\/p>\n<h3>2. Priv\u00e9 \u00e9\u00e9n op \u00e9\u00e9n namsessies<\/h3>\n<p>Gefocuste, persoonlijke videogesprekken zonder afleiding in de groep.<\/p>\n<h3>3. Gratis genderfilter<\/h3>\n<p>Selecteer wie je wilt ontmoeten zonder te betalen.<\/p>\n<h3>4. Geen inschrijving vereist<\/h3>\n<p>Blijf anoniem en maak onmiddellijk contact.<\/p>\n<h3>5. Veilig en gemodereerd<\/h3>\n<p>Robuuste rapportage en moderatie maken het veiliger dan de meeste andere.<\/p>\n<h3>6. Werkt op alle apparaten<\/h3>\n<p>Geoptimaliseerd voor desktop, tablets en mobiel.<\/p>\n<h2>Getuigenissen van echte gebruikers<\/h2>\n<blockquote><p><em>\"Ik was de groepschats beu en wilde iets meer priv\u00e9. De \u00e9\u00e9n op \u00e9\u00e9n cam van StrangerCam is perfect - alleen ik en de persoon met wie ik praat.\"<\/em><br \/>\n- Daniel, 28<\/p><\/blockquote>\n<blockquote><p><em>\"Het genderfilter werkt gratis, waardoor het veel beter is dan andere platforms die ik heb geprobeerd.\"<\/em><br \/>\n- Sophia, 21<\/p><\/blockquote>\n<blockquote><p><em>\"Ik heb vrienden van over de hele wereld gemaakt via \u00e9\u00e9n op \u00e9\u00e9n cam. Het voelt persoonlijker dan groepschatrooms.\"<\/em><br \/>\n- Ryan, 30<\/p><\/blockquote>\n<blockquote><p><em>\"Het is eenvoudig, snel en veilig. Precies wat ik wilde in een gratis \u00e9\u00e9n op \u00e9\u00e9n cam chat.\"<\/em><br \/>\n- Mia, 19<\/p><\/blockquote>\n<h2>Veiligheidstips voor \u00e9\u00e9n-op-\u00e9\u00e9n-camera's<\/h2>\n<p>Hoewel \u00e9\u00e9n-op-\u00e9\u00e9n cam chats leuk zijn, moet je deze veiligheidstips in gedachten houden:<\/p>\n<ul>\n<li>Deel geen persoonlijke gegevens (telefoonnummer, adres, e-mail).<\/li>\n<li>Sla iedereen over of blokkeer iedereen die je ongemakkelijk laat voelen.<\/li>\n<li>Klik niet op links die door vreemden worden gedeeld.<\/li>\n<li>Controleer je achtergrond om je privacy te beschermen.<\/li>\n<li>Gebruik platformtools zoals rapportage en blokkering.<\/li>\n<li>Respecteer leeftijdsgrenzen-als je jonger bent dan 18, gebruik dan geen cam chatsites voor volwassenen.<\/li>\n<\/ul>\n<h2>Hoe te beginnen - stap voor stap<\/h2>\n<p>Het duurt minder dan een minuut om een \u00e9\u00e9n-op-\u00e9\u00e9n camchat te beginnen:<\/p>\n<ol>\n<li>Open StrangerCam op je apparaat.<\/li>\n<li>Geef toegang tot je camera en microfoon.<\/li>\n<li>Kies je voorkeuren (zoals een genderfilter).<\/li>\n<li>Klik op Start Chat om direct verbinding te maken.<\/li>\n<li>Geniet van je priv\u00e9 \u00e9\u00e9n op \u00e9\u00e9n cam chat.<\/li>\n<\/ol>\n<p>Snel, gemakkelijk en gratis.<\/p>\n<p>In 2025 blijft one on one cam een van de beste manieren om online contact te leggen. Het is persoonlijk, spontaan en authentiek, waardoor je echte gesprekken kunt voeren met vreemden over de hele wereld.<\/p>\n<p>Maar niet elk platform is je tijd waard. Veel platforms verbergen functies achter betaalmuren of overspoelen hun sites met bots. Daarom is StrangerCam de beste optie: het is gratis, priv\u00e9, veilig en altijd actief met mensen die willen chatten.<\/p>\n<p>Klaar om het te proberen? Begin vandaag nog een gratis \u00e9\u00e9n op \u00e9\u00e9n camchat en zie wie je gaat ontmoeten.<\/p>","protected":false},"excerpt":{"rendered":"<p>Are you searching for the best one on one cam experience? You\u2019re not alone. Millions of people around the world prefer private, face-to-face chats instead of noisy group rooms or crowded social networks. With one on one cam, you get direct, personal conversations with strangers or new friends\u2014just you and one other person on video, [&hellip;]<\/p>\n","protected":false},"author":8,"featured_media":0,"parent":0,"menu_order":0,"comment_status":"closed","ping_status":"closed","template":"","meta":{"footnotes":""},"class_list":["post-4107","page","type-page","status-publish","hentry"],"yoast_head":"<!-- This site is optimized with the Yoast SEO plugin v27.4 - https:\/\/yoast.com\/product\/yoast-seo-wordpress\/ -->\n<title>One On One Cam with Video Chat on Strangercam.com<\/title>\n<meta name=\"description\" content=\"Liking One On One Cam? Join millions on StrangerCam.com! Start a random video chat, turn on your cam, and meet strangers instantly.\" \/>\n<meta name=\"robots\" content=\"index, follow, max-snippet:-1, max-image-preview:large, max-video-preview:-1\" \/>\n<link rel=\"canonical\" href=\"https:\/\/strangercam.com\/nl\/een-op-een-cam\/\" \/>\n<meta property=\"og:locale\" content=\"nl_NL\" \/>\n<meta property=\"og:type\" content=\"article\" \/>\n<meta property=\"og:title\" content=\"One On One Cam with Video Chat on Strangercam.com\" \/>\n<meta property=\"og:description\" content=\"Liking One On One Cam? Join millions on StrangerCam.com! Start a random video chat, turn on your cam, and meet strangers instantly.\" \/>\n<meta property=\"og:url\" content=\"https:\/\/strangercam.com\/nl\/een-op-een-cam\/\" \/>\n<meta property=\"og:site_name\" content=\"Strangercam\" \/>\n<meta property=\"article:publisher\" content=\"https:\/\/www.facebook.com\/strangercam\" \/>\n<meta property=\"article:modified_time\" content=\"2025-09-08T08:03:26+00:00\" \/>\n<meta property=\"og:image\" content=\"https:\/\/strangercam.com\/wp-content\/uploads\/2021\/10\/Untitled-2.png\" \/>\n\t<meta property=\"og:image:width\" content=\"800\" \/>\n\t<meta property=\"og:image:height\" content=\"532\" \/>\n\t<meta property=\"og:image:type\" content=\"image\/png\" \/>\n<meta name=\"twitter:card\" content=\"summary_large_image\" \/>\n<meta name=\"twitter:site\" content=\"@strangercamapp\" \/>\n<meta name=\"twitter:label1\" content=\"Geschatte leestijd\" \/>\n\t<meta name=\"twitter:data1\" content=\"5 minuten\" \/>\n<script type=\"application\/ld+json\" class=\"yoast-schema-graph\">{\"@context\":\"https:\\\/\\\/schema.org\",\"@graph\":[{\"@type\":\"WebPage\",\"@id\":\"https:\\\/\\\/strangercam.com\\\/one-on-one-cam\\\/\",\"url\":\"https:\\\/\\\/strangercam.com\\\/one-on-one-cam\\\/\",\"name\":\"One On One Cam with Video Chat on Strangercam.com\",\"isPartOf\":{\"@id\":\"https:\\\/\\\/strangercam.com\\\/#website\"},\"datePublished\":\"2025-09-08T06:58:53+00:00\",\"dateModified\":\"2025-09-08T08:03:26+00:00\",\"description\":\"Liking One On One Cam? Join millions on StrangerCam.com! Start a random video chat, turn on your cam, and meet strangers instantly.\",\"breadcrumb\":{\"@id\":\"https:\\\/\\\/strangercam.com\\\/one-on-one-cam\\\/#breadcrumb\"},\"inLanguage\":\"nl-NL\",\"potentialAction\":[{\"@type\":\"ReadAction\",\"target\":[\"https:\\\/\\\/strangercam.com\\\/one-on-one-cam\\\/\"]}]},{\"@type\":\"BreadcrumbList\",\"@id\":\"https:\\\/\\\/strangercam.com\\\/one-on-one-cam\\\/#breadcrumb\",\"itemListElement\":[{\"@type\":\"ListItem\",\"position\":1,\"name\":\"Home\",\"item\":\"https:\\\/\\\/strangercam.com\\\/\"},{\"@type\":\"ListItem\",\"position\":2,\"name\":\"One On One Cam\"}]},{\"@type\":\"WebSite\",\"@id\":\"https:\\\/\\\/strangercam.com\\\/#website\",\"url\":\"https:\\\/\\\/strangercam.com\\\/\",\"name\":\"Strangercam\",\"description\":\"Random Video Chat with Strangers\",\"publisher\":{\"@id\":\"https:\\\/\\\/strangercam.com\\\/#organization\"},\"alternateName\":\"Strangercam.com\",\"potentialAction\":[{\"@type\":\"SearchAction\",\"target\":{\"@type\":\"EntryPoint\",\"urlTemplate\":\"https:\\\/\\\/strangercam.com\\\/?s={search_term_string}\"},\"query-input\":{\"@type\":\"PropertyValueSpecification\",\"valueRequired\":true,\"valueName\":\"search_term_string\"}}],\"inLanguage\":\"nl-NL\"},{\"@type\":\"Organization\",\"@id\":\"https:\\\/\\\/strangercam.com\\\/#organization\",\"name\":\"Strangercam\",\"alternateName\":\"Strangercam.com\",\"url\":\"https:\\\/\\\/strangercam.com\\\/\",\"logo\":{\"@type\":\"ImageObject\",\"inLanguage\":\"nl-NL\",\"@id\":\"https:\\\/\\\/strangercam.com\\\/#\\\/schema\\\/logo\\\/image\\\/\",\"url\":\"https:\\\/\\\/strangercam.com\\\/wp-content\\\/uploads\\\/2020\\\/11\\\/cropped-new-favicon-black.png\",\"contentUrl\":\"https:\\\/\\\/strangercam.com\\\/wp-content\\\/uploads\\\/2020\\\/11\\\/cropped-new-favicon-black.png\",\"width\":512,\"height\":512,\"caption\":\"Strangercam\"},\"image\":{\"@id\":\"https:\\\/\\\/strangercam.com\\\/#\\\/schema\\\/logo\\\/image\\\/\"},\"sameAs\":[\"https:\\\/\\\/www.facebook.com\\\/strangercam\",\"https:\\\/\\\/x.com\\\/strangercamapp\"]}]}<\/script>\n<!-- \/ Yoast SEO plugin. -->","yoast_head_json":{"title":"E\u00e9n op \u00e9\u00e9n cam met videochat op Strangercam.com","description":"Vind je E\u00e9n op \u00e9\u00e9n cam leuk? Join miljoenen op StrangerCam.com! Begin een willekeurige videochat, zet je cam aan en ontmoet meteen vreemden.","robots":{"index":"index","follow":"follow","max-snippet":"max-snippet:-1","max-image-preview":"max-image-preview:large","max-video-preview":"max-video-preview:-1"},"canonical":"https:\/\/strangercam.com\/nl\/een-op-een-cam\/","og_locale":"nl_NL","og_type":"article","og_title":"One On One Cam with Video Chat on Strangercam.com","og_description":"Liking One On One Cam? Join millions on StrangerCam.com! Start a random video chat, turn on your cam, and meet strangers instantly.","og_url":"https:\/\/strangercam.com\/nl\/een-op-een-cam\/","og_site_name":"Strangercam","article_publisher":"https:\/\/www.facebook.com\/strangercam","article_modified_time":"2025-09-08T08:03:26+00:00","og_image":[{"width":800,"height":532,"url":"https:\/\/strangercam.com\/wp-content\/uploads\/2021\/10\/Untitled-2.png","type":"image\/png"}],"twitter_card":"summary_large_image","twitter_site":"@strangercamapp","twitter_misc":{"Geschatte leestijd":"5 minuten"},"schema":{"@context":"https:\/\/schema.org","@graph":[{"@type":"WebPage","@id":"https:\/\/strangercam.com\/one-on-one-cam\/","url":"https:\/\/strangercam.com\/one-on-one-cam\/","name":"E\u00e9n op \u00e9\u00e9n cam met videochat op Strangercam.com","isPartOf":{"@id":"https:\/\/strangercam.com\/#website"},"datePublished":"2025-09-08T06:58:53+00:00","dateModified":"2025-09-08T08:03:26+00:00","description":"Vind je E\u00e9n op \u00e9\u00e9n cam leuk? Join miljoenen op StrangerCam.com! Begin een willekeurige videochat, zet je cam aan en ontmoet meteen vreemden.","breadcrumb":{"@id":"https:\/\/strangercam.com\/one-on-one-cam\/#breadcrumb"},"inLanguage":"nl-NL","potentialAction":[{"@type":"ReadAction","target":["https:\/\/strangercam.com\/one-on-one-cam\/"]}]},{"@type":"BreadcrumbList","@id":"https:\/\/strangercam.com\/one-on-one-cam\/#breadcrumb","itemListElement":[{"@type":"ListItem","position":1,"name":"Home","item":"https:\/\/strangercam.com\/"},{"@type":"ListItem","position":2,"name":"One On One Cam"}]},{"@type":"WebSite","@id":"https:\/\/strangercam.com\/#website","url":"https:\/\/strangercam.com\/","name":"Strangercam","description":"Willekeurige videochat met vreemden","publisher":{"@id":"https:\/\/strangercam.com\/#organization"},"alternateName":"Strangercam.com","potentialAction":[{"@type":"SearchAction","target":{"@type":"EntryPoint","urlTemplate":"https:\/\/strangercam.com\/?s={search_term_string}"},"query-input":{"@type":"PropertyValueSpecification","valueRequired":true,"valueName":"search_term_string"}}],"inLanguage":"nl-NL"},{"@type":"Organization","@id":"https:\/\/strangercam.com\/#organization","name":"Strangercam","alternateName":"Strangercam.com","url":"https:\/\/strangercam.com\/","logo":{"@type":"ImageObject","inLanguage":"nl-NL","@id":"https:\/\/strangercam.com\/#\/schema\/logo\/image\/","url":"https:\/\/strangercam.com\/wp-content\/uploads\/2020\/11\/cropped-new-favicon-black.png","contentUrl":"https:\/\/strangercam.com\/wp-content\/uploads\/2020\/11\/cropped-new-favicon-black.png","width":512,"height":512,"caption":"Strangercam"},"image":{"@id":"https:\/\/strangercam.com\/#\/schema\/logo\/image\/"},"sameAs":["https:\/\/www.facebook.com\/strangercam","https:\/\/x.com\/strangercamapp"]}]}},"_links":{"self":[{"href":"https:\/\/strangercam.com\/nl\/wp-json\/wp\/v2\/pages\/4107","targetHints":{"allow":["GET"]}}],"collection":[{"href":"https:\/\/strangercam.com\/nl\/wp-json\/wp\/v2\/pages"}],"about":[{"href":"https:\/\/strangercam.com\/nl\/wp-json\/wp\/v2\/types\/page"}],"author":[{"embeddable":true,"href":"https:\/\/strangercam.com\/nl\/wp-json\/wp\/v2\/users\/8"}],"replies":[{"embeddable":true,"href":"https:\/\/strangercam.com\/nl\/wp-json\/wp\/v2\/comments?post=4107"}],"version-history":[{"count":2,"href":"https:\/\/strangercam.com\/nl\/wp-json\/wp\/v2\/pages\/4107\/revisions"}],"predecessor-version":[{"id":13012,"href":"https:\/\/strangercam.com\/nl\/wp-json\/wp\/v2\/pages\/4107\/revisions\/13012"}],"wp:attachment":[{"href":"https:\/\/strangercam.com\/nl\/wp-json\/wp\/v2\/media?parent=4107"}],"curies":[{"name":"wp","href":"https:\/\/api.w.org\/{rel}","templated":true}]}}