{"id":3953,"date":"2025-08-28T17:28:59","date_gmt":"2025-08-28T15:28:59","guid":{"rendered":"https:\/\/strangercam.com\/?page_id=3953"},"modified":"2025-09-03T13:31:49","modified_gmt":"2025-09-03T11:31:49","slug":"willekeurige-videochat-online","status":"publish","type":"page","link":"https:\/\/strangercam.com\/nl\/random-video-chat-online\/","title":{"rendered":"Willekeurige videochat online"},"content":{"rendered":"<p>Op zoek naar de beste manier om te genieten van willekeurige video <a href=\"https:\/\/strangercam.com\/nl\/chathub\/\">chat<\/a> online? Je bent niet de enige. Sinds de dagen van <a href=\"https:\/\/strangercam.com\/nl\/omegle\/\">Omegle<\/a> en <a href=\"https:\/\/strangercam.com\/nl\/chatroulette\/\">Chatroulette<\/a>, Miljoenen mensen over de hele wereld worden aangetrokken door de opwinding om face-to-face in contact te komen met vreemden. In tegenstelling tot datingapps of sociale media, die ge\u00ebnsceneerd of langzaam kunnen aanvoelen, is online willekeurige videochat snel, echt en spontaan.<\/p>\n<p>In 2025 maken platforms zoals StrangerCam het makkelijker dan ooit om een gratis random online videochat te beginnen - zonder downloads, zonder aanmeldingen en zonder verborgen kosten. Of je hier nu bent om nieuwe vrienden te maken, te flirten, talen te oefenen of gewoon de tijd te doden, deze gids laat je alles zien wat je moet weten: hoe het werkt, waarom mensen ervan houden, de functies die er het meest toe doen, veiligheidstips, vergelijkingen van de beste platforms en waarom StrangerCam een van de beste keuzes van dit moment is.<\/p>\n<h2>Wat is willekeurige videochat online?<\/h2>\n<p>Random videochat online is een \u00e9\u00e9n-op-\u00e9\u00e9n live videochatervaring waarbij je onmiddellijk verbonden bent met een vreemde via je webcam en microfoon. Het \"willekeurige\" aspect betekent dat je nooit weet wie je zult ontmoeten totdat de chat begint - het kan iemand in de buurt zijn of iemand van de andere kant van de wereld.<\/p>\n<p>Het formaat is eenvoudig: klik op \"Start\" en binnen enkele seconden sta je oog in oog met een nieuw iemand. Bevalt het gesprek je niet? Klik gewoon op \"Volgende\" om meteen aan een andere persoon gekoppeld te worden. Elke chat is uniek - leuk, verrassend en altijd onvoorspelbaar.<\/p>\n<h2>Waarom mensen houden van gratis online willekeurige videochat<\/h2>\n<p>Er is een reden waarom miljoenen mensen elke maand online zoeken naar gratis willekeurige videochat. Dit is wat het zo aantrekkelijk maakt:<\/p>\n<ul>\n<li>Spontaniteit: Elke chat is een verrassing en cre\u00ebert opwinding en nieuwsgierigheid.<\/li>\n<li>Authenticiteit: In tegenstelling tot tekstchat, zorgt video ervoor dat de persoon echt is. Geen bots, geen neppers.<\/li>\n<li>Wereldwijd bereik: Ontmoet mensen uit tientallen landen, 24\/7.<\/li>\n<li>Geen aanmeldingen of verplichtingen: Veel platforms vereisen niets meer dan een klik.<\/li>\n<li>Vriendschap en plezier: Sommigen gebruiken het om vrienden te maken, anderen om terloops te flirten of voor amusement.<\/li>\n<li>Snel ontsnappen aan verveling: Willekeurige chats zijn de perfecte manier om de routine te doorbreken.<\/li>\n<\/ul>\n<h2>Hoe werkt willekeurige videochat online?<\/h2>\n<p>Aan de slag gaan is eenvoudig en snel:<\/p>\n<ol>\n<li>Open een platform zoals StrangerCam in je browser of op je telefoon.<\/li>\n<li>Geef camera- en microfoontoegang.<\/li>\n<li>Klik op \"Start Chat\" om direct contact te maken met een onbekende.<\/li>\n<li>Chat live via video.<\/li>\n<li>Klik op \"Volgende\" om verder te gaan en iemand anders te ontmoeten.<\/li>\n<\/ol>\n<p>Sommige platforms hebben ook extra's zoals geslachtsfilters, landselectie en zelfs automatische vertaling voor internationale chats.<\/p>\n<h2>Belangrijkste functies om naar te zoeken<\/h2>\n<p>Niet elk platform dat online willekeurige videochat aanbiedt, is hetzelfde. Dit is waar je op moet letten:<\/p>\n<h3>1. Vrije toegang zonder beperkingen<\/h3>\n<p>Pas op voor platforms die beweren gratis te zijn, maar vervolgens functies blokkeren achter betaalmuren.<\/p>\n<h3>2. Aanmelden niet nodig<\/h3>\n<p>De beste sites vereisen geen account of persoonlijke gegevens.<\/p>\n<h3>3. Geslacht en locatie filters<\/h3>\n<p>Deze helpen je om in contact te komen met het soort mensen waarin je ge\u00efnteresseerd bent.<\/p>\n<h3>4. Matiging en veiligheid<\/h3>\n<p>Sterke rapporteringstools en moderatiesystemen houden de gemeenschap veilig.<\/p>\n<h3>5. Mobiel-vriendelijke ervaring<\/h3>\n<p>Je moet gemakkelijk kunnen videochatten vanaf zowel je desktop als je mobiel.<\/p>\n<h3>6. Hoge kwaliteit video en audio<\/h3>\n<p>Een soepele verbinding maakt gesprekken natuurlijker en aangenamer.<\/p>\n<h2>Beste platforms voor willekeurige online videochat in 2025<\/h2>\n<p>Hier is een vergelijking van populaire platforms voor willekeurige online videochat:<\/p>\n<table>\n<thead>\n<tr>\n<th>Platform<\/th>\n<th align=\"center\">Gratis toegang<\/th>\n<th align=\"center\">Geslacht filter<\/th>\n<th align=\"center\">Aanmelden nodig<\/th>\n<th align=\"center\">Mobiele ondersteuning<\/th>\n<th align=\"center\">Moderatie<\/th>\n<th>Opmerkingen<\/th>\n<\/tr>\n<\/thead>\n<tbody>\n<tr>\n<td>StrangerCam<\/td>\n<td align=\"center\">\u2705<\/td>\n<td align=\"center\">Gratis<\/td>\n<td align=\"center\">\u274c<\/td>\n<td align=\"center\">\u2705<\/td>\n<td align=\"center\">\u2705<\/td>\n<td>Beste algemene keuze, echt gratis<\/td>\n<\/tr>\n<tr>\n<td>Chatroulette<\/td>\n<td align=\"center\">\u2705<\/td>\n<td align=\"center\">(Betaald)<\/td>\n<td align=\"center\">\u274c<\/td>\n<td align=\"center\">\u2705<\/td>\n<td align=\"center\">\u2705<\/td>\n<td>Klassiek, maar genderfilters kosten<\/td>\n<\/tr>\n<tr>\n<td>Chatrandom<\/td>\n<td align=\"center\">\u2705<\/td>\n<td align=\"center\">(Betaald)<\/td>\n<td align=\"center\">\u274c<\/td>\n<td align=\"center\">\u2705<\/td>\n<td align=\"center\">\u2705<\/td>\n<td>Populair, maar gepushte upgrades<\/td>\n<\/tr>\n<tr>\n<td><a href=\"https:\/\/strangercam.com\/nl\/ometv\/\">OmeTV<\/a><\/td>\n<td align=\"center\">\u2705<\/td>\n<td align=\"center\">\u274c<\/td>\n<td align=\"center\">\u274c<\/td>\n<td align=\"center\">\u2705<\/td>\n<td align=\"center\">\u2705<\/td>\n<td>Mobiele app, alleen willekeurig<\/td>\n<\/tr>\n<tr>\n<td>Shagle<\/td>\n<td align=\"center\">\u2705<\/td>\n<td align=\"center\">(Betaald)<\/td>\n<td align=\"center\">\u274c<\/td>\n<td align=\"center\">\u2705<\/td>\n<td align=\"center\">\u2705<\/td>\n<td>Premium upgrades vereist voor filters<\/td>\n<\/tr>\n<tr>\n<td><a href=\"https:\/\/strangercam.com\/nl\/coomeet\/\">CooMeet<\/a><\/td>\n<td align=\"center\">(Proef)<\/td>\n<td align=\"center\">\u2705<\/td>\n<td align=\"center\">\u2705<\/td>\n<td align=\"center\">\u2705<\/td>\n<td align=\"center\">\u2705<\/td>\n<td>Betaald na beperkte gratis proefperiode<\/td>\n<\/tr>\n<tr>\n<td>LuckyCrush<\/td>\n<td align=\"center\">\u274c<\/td>\n<td align=\"center\">\u2705<\/td>\n<td align=\"center\">\u2705<\/td>\n<td align=\"center\">\u2705<\/td>\n<td align=\"center\">\u2705<\/td>\n<td>Altijd betaald, genderspecifieke chat<\/td>\n<\/tr>\n<\/tbody>\n<\/table>\n<p>StrangerCam is een van de enige platforms die gratis en onbeperkt willekeurig online videochatten aanbiedt met een werkende genderfilter en zonder inschrijving.<\/p>\n<h2>Waarom StrangerCam de beste plek is voor willekeurige online videochat<\/h2>\n<p>Dit is waarom StrangerCam opvalt in 2025 voor mensen die op zoek zijn naar willekeurige online videochat:<\/p>\n<h3>1. Volledig gratis<\/h3>\n<p>Onbeperkt chatten, geen verborgen kosten of credits nodig.<\/p>\n<h3>2. Gratis Geslachtsfilter<\/h3>\n<p>Kies wie je wilt ontmoeten - jongens, meisjes of allebei - zonder te betalen.<\/p>\n<h3>3. Geen inschrijving of registratie<\/h3>\n<p>Blijf anoniem en chat direct.<\/p>\n<h3>4. Veilig en gemodereerd<\/h3>\n<p>Sterke moderatie- en rapporteringstools beschermen de gemeenschap.<\/p>\n<h3>5. Wereldwijde gebruikersbasis<\/h3>\n<p>Ontmoet mensen uit meer dan 100 landen, op elk moment.<\/p>\n<h3>6. Werkt overal<\/h3>\n<p>Geoptimaliseerd voor desktop, tablet en mobiel.<\/p>\n<h2>Getuigenissen van echte gebruikers<\/h2>\n<blockquote><p><em>\"Ik was op zoek naar een manier om willekeurig online te videochatten zonder vast te komen zitten in betaalmuren. StrangerCam was de enige site die het echt gratis hield.\"<\/em><br \/>\n- Chris, 25<\/p><\/blockquote>\n<blockquote><p><em>\"Ik heb op \u00e9\u00e9n avond mensen ontmoet uit Europa, Azi\u00eb en de VS. Het is de beste manier om direct met vreemden in contact te komen.\"<\/em><br \/>\n- Maya, 21<\/p><\/blockquote>\n<blockquote><p><em>\"De genderfilter is gratis en werkt perfect. De meeste sites proberen daar geld voor te vragen.\"<\/em><br \/>\n- Daniel, 28<\/p><\/blockquote>\n<blockquote><p><em>\"Eenvoudig, veilig en leuk. StrangerCam is mijn go-to wanneer ik online met vreemden wil afspreken.\"<\/em><br \/>\n- Sophia, 23<\/p><\/blockquote>\n<h2>Veiligheidstips voor willekeurige online videochat<\/h2>\n<p>Hoewel videochatten leuk is, moet veiligheid altijd op de eerste plaats komen:<\/p>\n<ul>\n<li>Deel geen persoonlijke informatie zoals je telefoonnummer, adres of e-mail.<\/li>\n<li>Gebruik de knop \"Volgende\" als je je ongemakkelijk voelt.<\/li>\n<li>Vermijd het klikken op links die vreemden versturen.<\/li>\n<li>Controleer je achtergrond om er zeker van te zijn dat je geen priv\u00e9gegevens onthult.<\/li>\n<li>Blijf bij platformtools (slechte gebruikers blokkeren\/rapporteren).<\/li>\n<li>Volg de leeftijdsregels-als je jonger bent dan 18, vermijd dan videochatplatforms voor volwassenen.<\/li>\n<\/ul>\n<h2>Hoe te beginnen - stap voor stap<\/h2>\n<p>Joining een willekeurige videochat online duurt minder dan een minuut:<\/p>\n<ol>\n<li>Open StrangerCam in je browser of op je telefoon.<\/li>\n<li>Toegang tot webcam en microfoon toestaan.<\/li>\n<li>Selecteer voorkeuren (zoals een genderfilter als je dat wilt).<\/li>\n<li>Klik op Start Chat om direct verbinding te maken.<\/li>\n<li>Chat face-to-face en klik altijd op Volgende.<\/li>\n<\/ol>\n<p>Snel, eenvoudig en gratis.<\/p>\n<h2>Veelgestelde vragen<\/h2>\n<h3>Is willekeurige videochat online echt gratis?<\/h3>\n<p>Ja. StrangerCam biedt onbeperkt gratis chats zonder verborgen kosten.<\/p>\n<h3>Moet ik me inschrijven?<\/h3>\n<p>StrangerCam vereist geen account of login.<\/p>\n<h3>Zijn de mensen echt?<\/h3>\n<p>Ja. Live video zorgt ervoor dat je met echte mensen praat, niet met bots.<\/p>\n<h3>Kan ik het op mijn mobiel gebruiken?<\/h3>\n<p>Ja. StrangerCam is volledig mobielvriendelijk.<\/p>\n<h3>Is het veilig?<\/h3>\n<p>Ja, zolang je de veiligheidstips volgt en de meldingsfuncties van StrangerCam gebruikt.<\/p>\n<h2>Slotopmerkingen - Probeer vandaag nog gratis willekeurige online videochat<\/h2>\n<p>In 2025 is willekeurig online videochatten een van de spannendste en meest authentieke manieren om nieuwe mensen te ontmoeten. Het is spontaan, gratis en verbindt je direct met echte mensen over de hele wereld.<\/p>\n<p>Niet alle platforms leveren wat ze beloven - veel verbergen functies achter betaalmuren of hebben te veel bots. Daarom is StrangerCam de beste keuze: het is gratis, anoniem, gemodereerd en zit vol met wereldwijde gebruikers die klaar staan om jou 24\/7 te ontmoeten.<\/p>\n<p>Klaar om het te proberen? Begin nu een gratis willekeurige videochat online en kijk wie je hierna zult ontmoeten.<\/p>","protected":false},"excerpt":{"rendered":"<p>Looking for the best way to enjoy random video chat online? You\u2019re not alone. Since the days of Omegle and Chatroulette, millions of people around the world have been drawn to the excitement of connecting face-to-face with strangers. Unlike dating apps or social media, which can feel staged or slow, random video chat online is [&hellip;]<\/p>\n","protected":false},"author":8,"featured_media":0,"parent":0,"menu_order":0,"comment_status":"closed","ping_status":"closed","template":"","meta":{"footnotes":""},"class_list":["post-3953","page","type-page","status-publish","hentry"],"yoast_head":"<!-- This site is optimized with the Yoast SEO plugin v27.4 - https:\/\/yoast.com\/product\/yoast-seo-wordpress\/ -->\n<title>Random Video Chat Online on Strangercam.com<\/title>\n<meta name=\"description\" content=\"Liking Random Video Chat Online? Join millions on StrangerCam.com! Start a random video chat, turn on your cam, and meet strangers instantly.\" \/>\n<meta name=\"robots\" content=\"index, follow, max-snippet:-1, max-image-preview:large, max-video-preview:-1\" \/>\n<link rel=\"canonical\" href=\"https:\/\/strangercam.com\/nl\/willekeurige-videochat-online\/\" \/>\n<meta property=\"og:locale\" content=\"nl_NL\" \/>\n<meta property=\"og:type\" content=\"article\" \/>\n<meta property=\"og:title\" content=\"Random Video Chat Online on Strangercam.com\" \/>\n<meta property=\"og:description\" content=\"Liking Random Video Chat Online? Join millions on StrangerCam.com! Start a random video chat, turn on your cam, and meet strangers instantly.\" \/>\n<meta property=\"og:url\" content=\"https:\/\/strangercam.com\/nl\/willekeurige-videochat-online\/\" \/>\n<meta property=\"og:site_name\" content=\"Strangercam\" \/>\n<meta property=\"article:publisher\" content=\"https:\/\/www.facebook.com\/strangercam\" \/>\n<meta property=\"article:modified_time\" content=\"2025-09-03T11:31:49+00:00\" \/>\n<meta property=\"og:image\" content=\"https:\/\/strangercam.com\/wp-content\/uploads\/2021\/10\/Untitled-2.png\" \/>\n\t<meta property=\"og:image:width\" content=\"800\" \/>\n\t<meta property=\"og:image:height\" content=\"532\" \/>\n\t<meta property=\"og:image:type\" content=\"image\/png\" \/>\n<meta name=\"twitter:card\" content=\"summary_large_image\" \/>\n<meta name=\"twitter:site\" content=\"@strangercamapp\" \/>\n<meta name=\"twitter:label1\" content=\"Geschatte leestijd\" \/>\n\t<meta name=\"twitter:data1\" content=\"5 minuten\" \/>\n<script type=\"application\/ld+json\" class=\"yoast-schema-graph\">{\"@context\":\"https:\\\/\\\/schema.org\",\"@graph\":[{\"@type\":\"WebPage\",\"@id\":\"https:\\\/\\\/strangercam.com\\\/random-video-chat-online\\\/\",\"url\":\"https:\\\/\\\/strangercam.com\\\/random-video-chat-online\\\/\",\"name\":\"Random Video Chat Online on Strangercam.com\",\"isPartOf\":{\"@id\":\"https:\\\/\\\/strangercam.com\\\/#website\"},\"datePublished\":\"2025-08-28T15:28:59+00:00\",\"dateModified\":\"2025-09-03T11:31:49+00:00\",\"description\":\"Liking Random Video Chat Online? Join millions on StrangerCam.com! Start a random video chat, turn on your cam, and meet strangers instantly.\",\"breadcrumb\":{\"@id\":\"https:\\\/\\\/strangercam.com\\\/random-video-chat-online\\\/#breadcrumb\"},\"inLanguage\":\"nl-NL\",\"potentialAction\":[{\"@type\":\"ReadAction\",\"target\":[\"https:\\\/\\\/strangercam.com\\\/random-video-chat-online\\\/\"]}]},{\"@type\":\"BreadcrumbList\",\"@id\":\"https:\\\/\\\/strangercam.com\\\/random-video-chat-online\\\/#breadcrumb\",\"itemListElement\":[{\"@type\":\"ListItem\",\"position\":1,\"name\":\"Home\",\"item\":\"https:\\\/\\\/strangercam.com\\\/\"},{\"@type\":\"ListItem\",\"position\":2,\"name\":\"Random Video Chat Online\"}]},{\"@type\":\"WebSite\",\"@id\":\"https:\\\/\\\/strangercam.com\\\/#website\",\"url\":\"https:\\\/\\\/strangercam.com\\\/\",\"name\":\"Strangercam\",\"description\":\"Random Video Chat with Strangers\",\"publisher\":{\"@id\":\"https:\\\/\\\/strangercam.com\\\/#organization\"},\"alternateName\":\"Strangercam.com\",\"potentialAction\":[{\"@type\":\"SearchAction\",\"target\":{\"@type\":\"EntryPoint\",\"urlTemplate\":\"https:\\\/\\\/strangercam.com\\\/?s={search_term_string}\"},\"query-input\":{\"@type\":\"PropertyValueSpecification\",\"valueRequired\":true,\"valueName\":\"search_term_string\"}}],\"inLanguage\":\"nl-NL\"},{\"@type\":\"Organization\",\"@id\":\"https:\\\/\\\/strangercam.com\\\/#organization\",\"name\":\"Strangercam\",\"alternateName\":\"Strangercam.com\",\"url\":\"https:\\\/\\\/strangercam.com\\\/\",\"logo\":{\"@type\":\"ImageObject\",\"inLanguage\":\"nl-NL\",\"@id\":\"https:\\\/\\\/strangercam.com\\\/#\\\/schema\\\/logo\\\/image\\\/\",\"url\":\"https:\\\/\\\/strangercam.com\\\/wp-content\\\/uploads\\\/2020\\\/11\\\/cropped-new-favicon-black.png\",\"contentUrl\":\"https:\\\/\\\/strangercam.com\\\/wp-content\\\/uploads\\\/2020\\\/11\\\/cropped-new-favicon-black.png\",\"width\":512,\"height\":512,\"caption\":\"Strangercam\"},\"image\":{\"@id\":\"https:\\\/\\\/strangercam.com\\\/#\\\/schema\\\/logo\\\/image\\\/\"},\"sameAs\":[\"https:\\\/\\\/www.facebook.com\\\/strangercam\",\"https:\\\/\\\/x.com\\\/strangercamapp\"]}]}<\/script>\n<!-- \/ Yoast SEO plugin. -->","yoast_head_json":{"title":"Willekeurige videochat online op Strangercam.com","description":"Hou je van Willekeurige Video Chat Online? Join miljoenen op StrangerCam.com! Begin een willekeurige videochat, zet je cam aan en ontmoet meteen vreemden.","robots":{"index":"index","follow":"follow","max-snippet":"max-snippet:-1","max-image-preview":"max-image-preview:large","max-video-preview":"max-video-preview:-1"},"canonical":"https:\/\/strangercam.com\/nl\/willekeurige-videochat-online\/","og_locale":"nl_NL","og_type":"article","og_title":"Random Video Chat Online on Strangercam.com","og_description":"Liking Random Video Chat Online? Join millions on StrangerCam.com! Start a random video chat, turn on your cam, and meet strangers instantly.","og_url":"https:\/\/strangercam.com\/nl\/willekeurige-videochat-online\/","og_site_name":"Strangercam","article_publisher":"https:\/\/www.facebook.com\/strangercam","article_modified_time":"2025-09-03T11:31:49+00:00","og_image":[{"width":800,"height":532,"url":"https:\/\/strangercam.com\/wp-content\/uploads\/2021\/10\/Untitled-2.png","type":"image\/png"}],"twitter_card":"summary_large_image","twitter_site":"@strangercamapp","twitter_misc":{"Geschatte leestijd":"5 minuten"},"schema":{"@context":"https:\/\/schema.org","@graph":[{"@type":"WebPage","@id":"https:\/\/strangercam.com\/random-video-chat-online\/","url":"https:\/\/strangercam.com\/random-video-chat-online\/","name":"Willekeurige videochat online op Strangercam.com","isPartOf":{"@id":"https:\/\/strangercam.com\/#website"},"datePublished":"2025-08-28T15:28:59+00:00","dateModified":"2025-09-03T11:31:49+00:00","description":"Hou je van Willekeurige Video Chat Online? Join miljoenen op StrangerCam.com! Begin een willekeurige videochat, zet je cam aan en ontmoet meteen vreemden.","breadcrumb":{"@id":"https:\/\/strangercam.com\/random-video-chat-online\/#breadcrumb"},"inLanguage":"nl-NL","potentialAction":[{"@type":"ReadAction","target":["https:\/\/strangercam.com\/random-video-chat-online\/"]}]},{"@type":"BreadcrumbList","@id":"https:\/\/strangercam.com\/random-video-chat-online\/#breadcrumb","itemListElement":[{"@type":"ListItem","position":1,"name":"Home","item":"https:\/\/strangercam.com\/"},{"@type":"ListItem","position":2,"name":"Random Video Chat Online"}]},{"@type":"WebSite","@id":"https:\/\/strangercam.com\/#website","url":"https:\/\/strangercam.com\/","name":"Strangercam","description":"Willekeurige videochat met vreemden","publisher":{"@id":"https:\/\/strangercam.com\/#organization"},"alternateName":"Strangercam.com","potentialAction":[{"@type":"SearchAction","target":{"@type":"EntryPoint","urlTemplate":"https:\/\/strangercam.com\/?s={search_term_string}"},"query-input":{"@type":"PropertyValueSpecification","valueRequired":true,"valueName":"search_term_string"}}],"inLanguage":"nl-NL"},{"@type":"Organization","@id":"https:\/\/strangercam.com\/#organization","name":"Strangercam","alternateName":"Strangercam.com","url":"https:\/\/strangercam.com\/","logo":{"@type":"ImageObject","inLanguage":"nl-NL","@id":"https:\/\/strangercam.com\/#\/schema\/logo\/image\/","url":"https:\/\/strangercam.com\/wp-content\/uploads\/2020\/11\/cropped-new-favicon-black.png","contentUrl":"https:\/\/strangercam.com\/wp-content\/uploads\/2020\/11\/cropped-new-favicon-black.png","width":512,"height":512,"caption":"Strangercam"},"image":{"@id":"https:\/\/strangercam.com\/#\/schema\/logo\/image\/"},"sameAs":["https:\/\/www.facebook.com\/strangercam","https:\/\/x.com\/strangercamapp"]}]}},"_links":{"self":[{"href":"https:\/\/strangercam.com\/nl\/wp-json\/wp\/v2\/pages\/3953","targetHints":{"allow":["GET"]}}],"collection":[{"href":"https:\/\/strangercam.com\/nl\/wp-json\/wp\/v2\/pages"}],"about":[{"href":"https:\/\/strangercam.com\/nl\/wp-json\/wp\/v2\/types\/page"}],"author":[{"embeddable":true,"href":"https:\/\/strangercam.com\/nl\/wp-json\/wp\/v2\/users\/8"}],"replies":[{"embeddable":true,"href":"https:\/\/strangercam.com\/nl\/wp-json\/wp\/v2\/comments?post=3953"}],"version-history":[{"count":2,"href":"https:\/\/strangercam.com\/nl\/wp-json\/wp\/v2\/pages\/3953\/revisions"}],"predecessor-version":[{"id":12979,"href":"https:\/\/strangercam.com\/nl\/wp-json\/wp\/v2\/pages\/3953\/revisions\/12979"}],"wp:attachment":[{"href":"https:\/\/strangercam.com\/nl\/wp-json\/wp\/v2\/media?parent=3953"}],"curies":[{"name":"wp","href":"https:\/\/api.w.org\/{rel}","templated":true}]}}