{"id":3516,"date":"2025-08-18T13:21:58","date_gmt":"2025-08-18T11:21:58","guid":{"rendered":"https:\/\/strangercam.com\/?page_id=3516"},"modified":"2025-08-18T14:14:10","modified_gmt":"2025-08-18T12:14:10","slug":"videochatten-met-vreemden","status":"publish","type":"page","link":"https:\/\/strangercam.com\/nl\/video-chat-with-strangers\/","title":{"rendered":"Videochatten met vreemden"},"content":{"rendered":"<p>Ben je op zoek naar de beste manier om video <a href=\"https:\/\/strangercam.com\/nl\/chathub\/\">chat<\/a> met vreemden? Je bent niet de enige. Sinds de opkomst van <a href=\"https:\/\/strangercam.com\/nl\/omegle\/\">Omegle<\/a>, <a href=\"https:\/\/strangercam.com\/nl\/chatroulette\/\">Chatroulette<\/a>, en soortgelijke platforms hebben miljoenen mensen wereldwijd de sensatie van instant videochat met willekeurige mensen over de hele wereld ontdekt. In 2025 is de trend groter dan ooit, met nieuwe platforms die veiligere, soepelere en leukere ervaringen bieden.<\/p>\n<p>Dankzij moderne platforms zoals StrangerCam kun je op elk moment genieten van gratis videochatten met vreemden - geen aanmeldingen, geen downloads en geen verborgen betaalmuren. Of je nu nieuwe vrienden wilt ontmoeten, wilt flirten, talen wilt oefenen of gewoon de verveling wilt overwinnen, videochatten met vreemden is een van de spannendste en spontaanste manieren om online contact te maken.<\/p>\n<p>Deze gids behandelt alles wat je moet weten: hoe het werkt, waarom het populair is, de functies waar je op moet letten, vergelijkingen van de beste platforms, veiligheidstips en waarom StrangerCam een van de beste keuzes is om te videochatten met vreemden in 2025.<\/p>\n<h2>Wat is videochatten met vreemden?<\/h2>\n<p>Videochat met vreemden is een online dienst die je koppelt aan willekeurige mensen voor live, \u00e9\u00e9n-op-\u00e9\u00e9n videogesprekken. Met behulp van je webcam en microfoon kun je elkaar in realtime zien en horen.<\/p>\n<p>In tegenstelling tot sociale media, waar interacties gecureerd en vaak kunstmatig zijn, is videochatten met vreemden rauw, authentiek en onvoorspelbaar. Elke klik op de \"Volgende\" knop brengt een nieuw gezicht en een nieuw verhaal, waardoor het een van de meest opwindende online ervaringen van dit moment is.<\/p>\n<h2>Waarom mensen van gratis videochat met vreemden houden<\/h2>\n<p>De populariteit van gratis videochat met vreemden komt door verschillende belangrijke voordelen:<\/p>\n<ul>\n<li>Spontaniteit &amp; verrassing - Elke chat is anders; je weet nooit wie je hierna zult ontmoeten.<\/li>\n<li>Wereldwijde vriendschappen - Kom in contact met mensen over de hele wereld, ervaar nieuwe culturen en verbreed je perspectief.<\/li>\n<li>Geen nepprofielen - Video bewijst dat de persoon echt is, in tegenstelling tot tekstgebaseerde apps vol bots en meervallen.<\/li>\n<li>Anonimiteit - Geen account nodig; blijf zo priv\u00e9 als je zelf wilt.<\/li>\n<li>Verschillende intenties - Sommige mensen zijn op zoek naar plezier, sommigen naar vriendschap, anderen naar ongedwongen flirten.<\/li>\n<li>Directe bevrediging - Niet wachten op antwoorden of eindeloos swipen - directe verbindingen.<\/li>\n<\/ul>\n<h2>Hoe werkt videochatten met vreemden?<\/h2>\n<p>Joining een videochat met vreemden platform is eenvoudig en snel:<\/p>\n<ol>\n<li>Open het platform (desktop of mobiel).<\/li>\n<li>Geef toegang tot je webcam en microfoon.<\/li>\n<li>Klik op \"Start\" om direct verbinding te maken met een willekeurige vreemdeling.<\/li>\n<li>Chat live face-to-face. Als je niet ge\u00efnteresseerd bent, klik dan op \"Volgende\" om iemand anders te ontmoeten.<\/li>\n<li>Herhaal dit eindeloos - het proces is snel, leuk en gratis.<\/li>\n<\/ol>\n<p>Sommige platforms bevatten ook genderfilters, locatiegebaseerde matching en vertaaltools om de ervaring te verbeteren.<\/p>\n<h2>Belangrijkste functies om naar te zoeken<\/h2>\n<p>Als je op zoek bent naar de beste plek om met vreemden te videochatten, zijn hier de functies die er het meest toe doen:<\/p>\n<h3>1. Echt vrije toegang<\/h3>\n<p>Pas op voor platforms die \"gratis\" zeggen, maar chats na een paar minuten beperken. Zoek naar onbeperkt, gratis gebruik.<\/p>\n<h3>2. Aanmelden niet nodig<\/h3>\n<p>De beste sites vereisen geen account of persoonlijke gegevens.<\/p>\n<h3>3. Geslacht en locatie filters<\/h3>\n<p>Handig als je met specifieke soorten mensen wilt praten (bijvoorbeeld alleen meisjes of mensen uit je eigen land).<\/p>\n<h3>4. Sterke matiging<\/h3>\n<p>Actieve meldsystemen en moderatoren houden het platform veilig en plezierig.<\/p>\n<h3>5. Mobiel-vriendelijk ontwerp<\/h3>\n<p>Een goed platform moet soepel werken op telefoons, tablets en computers.<\/p>\n<h3>6. Hoogwaardige video en audio<\/h3>\n<p>Duidelijke verbindingen zorgen voor een betere, natuurlijkere ervaring.<\/p>\n<h2>Beste platforms voor videochat met vreemden in 2025<\/h2>\n<p>Hier ziet u hoe enkele van de beste platforms zich tot elkaar verhouden:<\/p>\n<table>\n<thead>\n<tr>\n<th>Platform<\/th>\n<th align=\"center\">Gratis te gebruiken<\/th>\n<th align=\"center\">Geslacht filter<\/th>\n<th align=\"center\">Aanmelden nodig<\/th>\n<th align=\"center\">Mobiele ondersteuning<\/th>\n<th align=\"center\">Moderatie<\/th>\n<th>Opmerkingen<\/th>\n<\/tr>\n<\/thead>\n<tbody>\n<tr>\n<td>StrangerCam<\/td>\n<td align=\"center\">\u2705<\/td>\n<td align=\"center\">Gratis<\/td>\n<td align=\"center\">\u274c<\/td>\n<td align=\"center\">\u2705<\/td>\n<td align=\"center\">\u2705<\/td>\n<td>Beste allround gratis videochat met vreemden<\/td>\n<\/tr>\n<tr>\n<td>Chatroulette<\/td>\n<td align=\"center\">\u2705<\/td>\n<td align=\"center\">(Betaald)<\/td>\n<td align=\"center\">\u274c<\/td>\n<td align=\"center\">\u2705<\/td>\n<td align=\"center\">\u2705<\/td>\n<td>Klassiek, maar met genderfilters<\/td>\n<\/tr>\n<tr>\n<td>Chatrandom<\/td>\n<td align=\"center\">\u2705<\/td>\n<td align=\"center\">(Betaald)<\/td>\n<td align=\"center\">\u274c<\/td>\n<td align=\"center\">\u2705<\/td>\n<td align=\"center\">\u2705<\/td>\n<td>Populair, maar upgrades nodig voor filters<\/td>\n<\/tr>\n<tr>\n<td><a href=\"https:\/\/strangercam.com\/nl\/ometv\/\">OmeTV<\/a><\/td>\n<td align=\"center\">\u2705<\/td>\n<td align=\"center\">\u274c<\/td>\n<td align=\"center\">\u274c<\/td>\n<td align=\"center\">\u2705<\/td>\n<td align=\"center\">\u2705<\/td>\n<td>Alleen willekeurige matching, mobiele app beschikbaar<\/td>\n<\/tr>\n<tr>\n<td>Shagle<\/td>\n<td align=\"center\">\u2705<\/td>\n<td align=\"center\">(Betaald)<\/td>\n<td align=\"center\">\u274c<\/td>\n<td align=\"center\">\u2705<\/td>\n<td align=\"center\">\u2705<\/td>\n<td>Prijst premium functies zwaar aan<\/td>\n<\/tr>\n<tr>\n<td><a href=\"https:\/\/strangercam.com\/nl\/coomeet\/\">CooMeet<\/a><\/td>\n<td align=\"center\">(Proef)<\/td>\n<td align=\"center\">\u2705<\/td>\n<td align=\"center\">\u2705<\/td>\n<td align=\"center\">\u2705<\/td>\n<td align=\"center\">\u2705<\/td>\n<td>Meestal betaald na gratis proefabonnement<\/td>\n<\/tr>\n<tr>\n<td>LuckyCrush<\/td>\n<td align=\"center\">\u274c<\/td>\n<td align=\"center\">\u2705<\/td>\n<td align=\"center\">\u2705<\/td>\n<td align=\"center\">\u2705<\/td>\n<td align=\"center\">\u2705<\/td>\n<td>Altijd betaald, chat op basis van geslacht<\/td>\n<\/tr>\n<\/tbody>\n<\/table>\n<p>StrangerCam is een van de enige platforms die een echte gratis videochatervaring met vreemden biedt, compleet met een werkende genderfilter en zonder aanmeldingen.<\/p>\n<h2>Waarom StrangerCam de beste keuze is<\/h2>\n<p>Dit is waarom StrangerCam wordt beschouwd als een van de beste plaatsen voor videochat met vreemden in 2025:<\/p>\n<h3>1. 100% Gratis en onbeperkt<\/h3>\n<p>In tegenstelling tot veel concurrenten vergrendelt StrangerCam functies niet achter betaalmuren.<\/p>\n<h3>2. Gratis Geslachtsfilter<\/h3>\n<p>Ontmoet precies wie je wilt - jongens, meisjes of allebei - zonder extra kosten.<\/p>\n<h3>3. Geen aanmelding of persoonlijke informatie<\/h3>\n<p>Blijf anoniem. Geen registratie, geen gegevensverzameling.<\/p>\n<h3>4. Wereldwijde gemeenschap<\/h3>\n<p>Vreemden uit meer dan 100 landen zijn 24\/7 online.<\/p>\n<h3>5. Veilig en gemodereerd<\/h3>\n<p>Met krachtige rapportagemiddelen en actieve moderatie is de omgeving veiliger en vriendelijker.<\/p>\n<h3>6. Mobiel- en desktopvriendelijk<\/h3>\n<p>Gebruik het op elk apparaat, altijd en overal.<\/p>\n<h2>Getuigenissen van echte gebruikers<\/h2>\n<blockquote><p><em>\"Ik wilde een platform om te videochatten met vreemden na het sluiten van Omegle, en StrangerCam werd mijn favoriet. Het is gratis, snel en vol met echte mensen.\"<\/em><br \/>\n- Adam, 27<\/p><\/blockquote>\n<blockquote><p><em>\"In tegenstelling tot andere sites werkt de genderfilter echt gratis. Ik heb geweldige chats gehad met mensen van over de hele wereld.\"<\/em><br \/>\n- Sophia, 22<\/p><\/blockquote>\n<blockquote><p><em>\"Geen app downloaden, geen registratie, gewoon directe verbindingen. Precies wat ik zocht.\"<\/em><br \/>\n- Liam, 30<\/p><\/blockquote>\n<blockquote><p><em>\"De moderatie geeft me een veilig gevoel. Als iemand onbeleefd is, kan ik hem meteen overslaan of rapporteren.\"<\/em><br \/>\n- Isabella, 24<\/p><\/blockquote>\n<h2>Veiligheidstips voor videochatten met vreemden<\/h2>\n<p>Hoewel willekeurige videochat leuk is, is het belangrijk om jezelf te beschermen:<\/p>\n<ul>\n<li>Deel geen persoonlijke gegevens (echte naam, telefoon, adres).<\/li>\n<li>Vermijd het om op links te klikken die door vreemden zijn gestuurd.<\/li>\n<li>Gebruik \"Volgende\" als je je ongemakkelijk voelt.<\/li>\n<li>Controleer je achtergrond om te voorkomen dat je priv\u00e9gegevens laat zien.<\/li>\n<li>Houd je aan platformtools (blokkeren\/rapporteren wanneer nodig).<\/li>\n<li>Als je jonger bent dan 18, gebruik dan geen chatplatforms voor volwassenen.<\/li>\n<\/ul>\n<h2>Hoe te beginnen - stap voor stap<\/h2>\n<p>Het duurt minder dan een minuut om een videochat met vreemden te starten:<\/p>\n<ol>\n<li>Open StrangerCam op je apparaat.<\/li>\n<li>Geef camera- en microfoontoegang.<\/li>\n<li>Selecteer je voorkeuren (bijv. geslachtsfilter).<\/li>\n<li>Klik op Start Chat om direct verbinding te maken.<\/li>\n<li>Ontmoet vreemden face-to-face en klik altijd op Volgende.<\/li>\n<\/ol>\n<p>Dat is allemaal snel, gemakkelijk en gratis.<\/p>\n<h2>Slotopmerkingen - Probeer nu gratis videochat met vreemden<\/h2>\n<p>In 2025 blijft videochat met vreemden een van de spannendste manieren om online nieuwe mensen te ontmoeten. Het is spontaan, authentiek en verbindt je onmiddellijk met echte mensen wereldwijd. Maar niet alle platforms maken hun beloften waar - sommige beperken functies of plaatsen betaalmuren.<\/p>\n<p>Daarom onderscheidt StrangerCam zich: het is gratis, veilig, anoniem en wereldwijd. Of je nu vrienden wilt maken, meisjes wilt ontmoeten of gewoon wilt genieten van willekeurige gesprekken, het is een van de beste opties die vandaag de dag beschikbaar zijn.<\/p>\n<p>Klaar om verbinding te maken? Begin nu een gratis videochat met vreemden en kijk wie je hierna zult ontmoeten.<\/p>","protected":false},"excerpt":{"rendered":"<p>Are you searching for the best way to video chat with strangers? You\u2019re not alone. Since the rise of Omegle, Chatroulette, and similar platforms, millions of people worldwide have discovered the thrill of instant video chat with random people across the globe. In 2025, the trend is bigger than ever\u2014with new platforms offering safer, smoother, [&hellip;]<\/p>\n","protected":false},"author":8,"featured_media":0,"parent":0,"menu_order":0,"comment_status":"closed","ping_status":"closed","template":"","meta":{"footnotes":""},"class_list":["post-3516","page","type-page","status-publish","hentry"],"yoast_head":"<!-- This site is optimized with the Yoast SEO plugin v27.4 - https:\/\/yoast.com\/product\/yoast-seo-wordpress\/ -->\n<title>Video Chat With Strangers with Random Chat on Strangercam.com<\/title>\n<meta name=\"description\" content=\"Liking Video Chat With Strangers? Join millions on StrangerCam.com! Start a random video chat, turn on your cam, and meet strangers instantly.\" \/>\n<meta name=\"robots\" content=\"index, follow, max-snippet:-1, max-image-preview:large, max-video-preview:-1\" \/>\n<link rel=\"canonical\" href=\"https:\/\/strangercam.com\/nl\/videochatten-met-vreemden\/\" \/>\n<meta property=\"og:locale\" content=\"nl_NL\" \/>\n<meta property=\"og:type\" content=\"article\" \/>\n<meta property=\"og:title\" content=\"Video Chat With Strangers with Random Chat on Strangercam.com\" \/>\n<meta property=\"og:description\" content=\"Liking Video Chat With Strangers? Join millions on StrangerCam.com! Start a random video chat, turn on your cam, and meet strangers instantly.\" \/>\n<meta property=\"og:url\" content=\"https:\/\/strangercam.com\/nl\/videochatten-met-vreemden\/\" \/>\n<meta property=\"og:site_name\" content=\"Strangercam\" \/>\n<meta property=\"article:publisher\" content=\"https:\/\/www.facebook.com\/strangercam\" \/>\n<meta property=\"article:modified_time\" content=\"2025-08-18T12:14:10+00:00\" \/>\n<meta property=\"og:image\" content=\"https:\/\/strangercam.com\/wp-content\/uploads\/2021\/10\/Untitled-2.png\" \/>\n\t<meta property=\"og:image:width\" content=\"800\" \/>\n\t<meta property=\"og:image:height\" content=\"532\" \/>\n\t<meta property=\"og:image:type\" content=\"image\/png\" \/>\n<meta name=\"twitter:card\" content=\"summary_large_image\" \/>\n<meta name=\"twitter:site\" content=\"@strangercamapp\" \/>\n<meta name=\"twitter:label1\" content=\"Geschatte leestijd\" \/>\n\t<meta name=\"twitter:data1\" content=\"5 minuten\" \/>\n<script type=\"application\/ld+json\" class=\"yoast-schema-graph\">{\"@context\":\"https:\\\/\\\/schema.org\",\"@graph\":[{\"@type\":\"WebPage\",\"@id\":\"https:\\\/\\\/strangercam.com\\\/video-chat-with-strangers\\\/\",\"url\":\"https:\\\/\\\/strangercam.com\\\/video-chat-with-strangers\\\/\",\"name\":\"Video Chat With Strangers with Random Chat on Strangercam.com\",\"isPartOf\":{\"@id\":\"https:\\\/\\\/strangercam.com\\\/#website\"},\"datePublished\":\"2025-08-18T11:21:58+00:00\",\"dateModified\":\"2025-08-18T12:14:10+00:00\",\"description\":\"Liking Video Chat With Strangers? Join millions on StrangerCam.com! Start a random video chat, turn on your cam, and meet strangers instantly.\",\"breadcrumb\":{\"@id\":\"https:\\\/\\\/strangercam.com\\\/video-chat-with-strangers\\\/#breadcrumb\"},\"inLanguage\":\"nl-NL\",\"potentialAction\":[{\"@type\":\"ReadAction\",\"target\":[\"https:\\\/\\\/strangercam.com\\\/video-chat-with-strangers\\\/\"]}]},{\"@type\":\"BreadcrumbList\",\"@id\":\"https:\\\/\\\/strangercam.com\\\/video-chat-with-strangers\\\/#breadcrumb\",\"itemListElement\":[{\"@type\":\"ListItem\",\"position\":1,\"name\":\"Home\",\"item\":\"https:\\\/\\\/strangercam.com\\\/\"},{\"@type\":\"ListItem\",\"position\":2,\"name\":\"Video Chat With Strangers\"}]},{\"@type\":\"WebSite\",\"@id\":\"https:\\\/\\\/strangercam.com\\\/#website\",\"url\":\"https:\\\/\\\/strangercam.com\\\/\",\"name\":\"Strangercam\",\"description\":\"Random Video Chat with Strangers\",\"publisher\":{\"@id\":\"https:\\\/\\\/strangercam.com\\\/#organization\"},\"alternateName\":\"Strangercam.com\",\"potentialAction\":[{\"@type\":\"SearchAction\",\"target\":{\"@type\":\"EntryPoint\",\"urlTemplate\":\"https:\\\/\\\/strangercam.com\\\/?s={search_term_string}\"},\"query-input\":{\"@type\":\"PropertyValueSpecification\",\"valueRequired\":true,\"valueName\":\"search_term_string\"}}],\"inLanguage\":\"nl-NL\"},{\"@type\":\"Organization\",\"@id\":\"https:\\\/\\\/strangercam.com\\\/#organization\",\"name\":\"Strangercam\",\"alternateName\":\"Strangercam.com\",\"url\":\"https:\\\/\\\/strangercam.com\\\/\",\"logo\":{\"@type\":\"ImageObject\",\"inLanguage\":\"nl-NL\",\"@id\":\"https:\\\/\\\/strangercam.com\\\/#\\\/schema\\\/logo\\\/image\\\/\",\"url\":\"https:\\\/\\\/strangercam.com\\\/wp-content\\\/uploads\\\/2020\\\/11\\\/cropped-new-favicon-black.png\",\"contentUrl\":\"https:\\\/\\\/strangercam.com\\\/wp-content\\\/uploads\\\/2020\\\/11\\\/cropped-new-favicon-black.png\",\"width\":512,\"height\":512,\"caption\":\"Strangercam\"},\"image\":{\"@id\":\"https:\\\/\\\/strangercam.com\\\/#\\\/schema\\\/logo\\\/image\\\/\"},\"sameAs\":[\"https:\\\/\\\/www.facebook.com\\\/strangercam\",\"https:\\\/\\\/x.com\\\/strangercamapp\"]}]}<\/script>\n<!-- \/ Yoast SEO plugin. -->","yoast_head_json":{"title":"Videochat met vreemden met Willekeurige Chat op Strangercam.com","description":"Hou je van videochatten met vreemden? Join miljoenen op StrangerCam.com! Begin een willekeurige videochat, zet je cam aan en ontmoet meteen vreemden.","robots":{"index":"index","follow":"follow","max-snippet":"max-snippet:-1","max-image-preview":"max-image-preview:large","max-video-preview":"max-video-preview:-1"},"canonical":"https:\/\/strangercam.com\/nl\/videochatten-met-vreemden\/","og_locale":"nl_NL","og_type":"article","og_title":"Video Chat With Strangers with Random Chat on Strangercam.com","og_description":"Liking Video Chat With Strangers? Join millions on StrangerCam.com! Start a random video chat, turn on your cam, and meet strangers instantly.","og_url":"https:\/\/strangercam.com\/nl\/videochatten-met-vreemden\/","og_site_name":"Strangercam","article_publisher":"https:\/\/www.facebook.com\/strangercam","article_modified_time":"2025-08-18T12:14:10+00:00","og_image":[{"width":800,"height":532,"url":"https:\/\/strangercam.com\/wp-content\/uploads\/2021\/10\/Untitled-2.png","type":"image\/png"}],"twitter_card":"summary_large_image","twitter_site":"@strangercamapp","twitter_misc":{"Geschatte leestijd":"5 minuten"},"schema":{"@context":"https:\/\/schema.org","@graph":[{"@type":"WebPage","@id":"https:\/\/strangercam.com\/video-chat-with-strangers\/","url":"https:\/\/strangercam.com\/video-chat-with-strangers\/","name":"Videochat met vreemden met Willekeurige Chat op Strangercam.com","isPartOf":{"@id":"https:\/\/strangercam.com\/#website"},"datePublished":"2025-08-18T11:21:58+00:00","dateModified":"2025-08-18T12:14:10+00:00","description":"Hou je van videochatten met vreemden? Join miljoenen op StrangerCam.com! Begin een willekeurige videochat, zet je cam aan en ontmoet meteen vreemden.","breadcrumb":{"@id":"https:\/\/strangercam.com\/video-chat-with-strangers\/#breadcrumb"},"inLanguage":"nl-NL","potentialAction":[{"@type":"ReadAction","target":["https:\/\/strangercam.com\/video-chat-with-strangers\/"]}]},{"@type":"BreadcrumbList","@id":"https:\/\/strangercam.com\/video-chat-with-strangers\/#breadcrumb","itemListElement":[{"@type":"ListItem","position":1,"name":"Home","item":"https:\/\/strangercam.com\/"},{"@type":"ListItem","position":2,"name":"Video Chat With Strangers"}]},{"@type":"WebSite","@id":"https:\/\/strangercam.com\/#website","url":"https:\/\/strangercam.com\/","name":"Strangercam","description":"Willekeurige videochat met vreemden","publisher":{"@id":"https:\/\/strangercam.com\/#organization"},"alternateName":"Strangercam.com","potentialAction":[{"@type":"SearchAction","target":{"@type":"EntryPoint","urlTemplate":"https:\/\/strangercam.com\/?s={search_term_string}"},"query-input":{"@type":"PropertyValueSpecification","valueRequired":true,"valueName":"search_term_string"}}],"inLanguage":"nl-NL"},{"@type":"Organization","@id":"https:\/\/strangercam.com\/#organization","name":"Strangercam","alternateName":"Strangercam.com","url":"https:\/\/strangercam.com\/","logo":{"@type":"ImageObject","inLanguage":"nl-NL","@id":"https:\/\/strangercam.com\/#\/schema\/logo\/image\/","url":"https:\/\/strangercam.com\/wp-content\/uploads\/2020\/11\/cropped-new-favicon-black.png","contentUrl":"https:\/\/strangercam.com\/wp-content\/uploads\/2020\/11\/cropped-new-favicon-black.png","width":512,"height":512,"caption":"Strangercam"},"image":{"@id":"https:\/\/strangercam.com\/#\/schema\/logo\/image\/"},"sameAs":["https:\/\/www.facebook.com\/strangercam","https:\/\/x.com\/strangercamapp"]}]}},"_links":{"self":[{"href":"https:\/\/strangercam.com\/nl\/wp-json\/wp\/v2\/pages\/3516","targetHints":{"allow":["GET"]}}],"collection":[{"href":"https:\/\/strangercam.com\/nl\/wp-json\/wp\/v2\/pages"}],"about":[{"href":"https:\/\/strangercam.com\/nl\/wp-json\/wp\/v2\/types\/page"}],"author":[{"embeddable":true,"href":"https:\/\/strangercam.com\/nl\/wp-json\/wp\/v2\/users\/8"}],"replies":[{"embeddable":true,"href":"https:\/\/strangercam.com\/nl\/wp-json\/wp\/v2\/comments?post=3516"}],"version-history":[{"count":2,"href":"https:\/\/strangercam.com\/nl\/wp-json\/wp\/v2\/pages\/3516\/revisions"}],"predecessor-version":[{"id":12969,"href":"https:\/\/strangercam.com\/nl\/wp-json\/wp\/v2\/pages\/3516\/revisions\/12969"}],"wp:attachment":[{"href":"https:\/\/strangercam.com\/nl\/wp-json\/wp\/v2\/media?parent=3516"}],"curies":[{"name":"wp","href":"https:\/\/api.w.org\/{rel}","templated":true}]}}