{"id":201,"date":"2025-08-18T13:43:14","date_gmt":"2025-08-18T11:43:14","guid":{"rendered":"https:\/\/strangercam.com\/?page_id=201"},"modified":"2025-08-18T14:08:48","modified_gmt":"2025-08-18T12:08:48","slug":"willekeurige-cam-chat","status":"publish","type":"page","link":"https:\/\/strangercam.com\/nl\/willekeurige-cam-chat\/","title":{"rendered":"Willekeurige Cam Chat"},"content":{"rendered":"<p>Ben je op zoek naar de spanning van willekeurige <a href=\"https:\/\/strangercam.com\/nl\/bazoocam\/\">cam<\/a> chatten? Je bent niet de enige. Sinds de begindagen van <a href=\"https:\/\/strangercam.com\/nl\/omegle\/\">Omegle<\/a> en <a href=\"https:\/\/strangercam.com\/nl\/chatroulette\/\">Chatroulette<\/a>, hebben miljoenen mensen zich gewend tot willekeurige <a href=\"https:\/\/strangercam.com\/nl\/cam-naar-cam-chat\/\">cam chat<\/a> sites om vreemden direct face-to-face te ontmoeten. Het idee is eenvoudig maar krachtig: zet je webcam aan, klik op een knop en binnen enkele seconden ben je verbonden met een nieuw iemand.<\/p>\n<p>Vandaag de dag maken platforms zoals StrangerCam het gemakkelijker dan ooit om te genieten van gratis random cam chat zonder inschrijvingen, downloads of verborgen betaalmuren. Of je nu op zoek bent naar vriendschap, flirten, culturele uitwisseling of gewoon een manier om je te vervelen, random cam chat biedt een unieke online ervaring.<\/p>\n<p>In deze diepgaande gids onderzoeken we hoe het werkt, welke functies het belangrijkst zijn, waarom mensen er dol op zijn en waarom StrangerCam zich onderscheidt als een van de beste plaatsen voor random cam chat in 2025.<\/p>\n<h2>Wat is willekeurige cam-chat?<\/h2>\n<p>Random cam chat is een online dienst die je via webcam en microfoon koppelt aan vreemden voor live \u00e9\u00e9n-op-\u00e9\u00e9n videogesprekken. Het \"willekeurige\" gedeelte betekent dat je nooit weet wie je gaat ontmoeten. Het kan iemand uit jouw land zijn, of iemand aan de andere kant van de wereld.<\/p>\n<p>In tegenstelling tot sociale netwerken of datingapps, verwijdert random cam chat de filters van gecureerde profielen en biografie\u00ebn. Je ontmoet mensen live, in realtime, zonder opzet. Als het gesprek niet goed voelt, klik je gewoon op \"Volgende\" om direct met iemand anders te worden verbonden.<\/p>\n<h2>Waarom mensen van gratis willekeurige cam chats houden<\/h2>\n<p>De populariteit van gratis random cam chat heeft verschillende redenen:<\/p>\n<ul>\n<li>Spontaniteit: Elk gesprek is een verrassing, wat het spannend en verslavend maakt.<\/li>\n<li>Menselijke verbinding: Vooral in een wereld vol sms'jes en sociale media voelt face-to-face interactie verfrissend.<\/li>\n<li>Anonimiteit: De meeste platforms vereisen geen accounts of persoonlijke info. Je kunt zo priv\u00e9 blijven als je wilt.<\/li>\n<li>Culturele uitwisseling: Ontmoet mensen van over de hele wereld, leer over hun culturen en deel je eigen ervaringen.<\/li>\n<li>Geen nepprofielen: Omdat video live is, weet je dat je met echte mensen praat, niet met bots of meelopers.<\/li>\n<li>Ontspanning en plezier: Het is een gemakkelijke manier om te ontspannen, te lachen en ongedwongen te kletsen zonder druk.<\/li>\n<\/ul>\n<h2>Hoe willekeurige camchats werken<\/h2>\n<p>Aan de slag gaan met willekeurige camchat is eenvoudig:<\/p>\n<ol>\n<li>Open het platform op je computer of smartphone.<\/li>\n<li>Geef toegang tot je webcam en microfoon.<\/li>\n<li>Klik op \"Chat starten\". Je wordt onmiddellijk verbonden met een willekeurige vreemdeling.<\/li>\n<li>Praat face-to-face. Blijf zo lang als je wilt, of klik op \"Volgende\" om naar iemand anders over te stappen.<\/li>\n<li>Eindeloos herhalen. De meeste platforms bieden gratis onbeperkte chats aan.<\/li>\n<\/ol>\n<p>Sommige sites hebben extra's zoals genderfilters, locatievoorkeuren of ingebouwde vertaaltools om wereldwijde chats nog makkelijker te maken.<\/p>\n<h2>Belangrijkste functies om naar te zoeken<\/h2>\n<p>Niet alle willekeurige cam chatplatforms zijn gelijk. Om de beste ervaring te krijgen, lees je hier waar je op moet letten:<\/p>\n<h3>1. Echt vrije toegang<\/h3>\n<p>Vermijd platforms die gratis chats beloven maar je in betaalmuren duwen. De beste sites staan onbeperkt gratis gebruik toe.<\/p>\n<h3>2. Geen inschrijving vereist<\/h3>\n<p>Je hoeft je niet te registreren of persoonlijke gegevens te verstrekken om gebruik te kunnen maken van willekeurige camchat.<\/p>\n<h3>3. Geslacht en locatie filters<\/h3>\n<p>Deze maken het gemakkelijker om in contact te komen met het soort mensen dat je zoekt.<\/p>\n<h3>4. Mobiel-vriendelijk ontwerp<\/h3>\n<p>Een goed platform moet naadloos werken op zowel desktop als mobiel.<\/p>\n<h3>5. Sterke matiging<\/h3>\n<p>Actieve moderatie en rapporteringstools helpen de ruimte te beschermen tegen ongepast gedrag.<\/p>\n<h3>6. Hoogwaardige video en audio<\/h3>\n<p>Soepele, duidelijke verbindingen maken chats aangenamer.<\/p>\n<h2>Beste Random Cam Chat-platforms in 2025<\/h2>\n<p>Dit is hoe enkele van de populairste willekeurige cam chatplatforms zich tot elkaar verhouden:<\/p>\n<table>\n<thead>\n<tr>\n<th>Platform<\/th>\n<th align=\"center\">Gratis te gebruiken<\/th>\n<th align=\"center\">Geslacht filter<\/th>\n<th align=\"center\">Aanmelden nodig<\/th>\n<th align=\"center\">Mobiele ondersteuning<\/th>\n<th>Opmerkingen<\/th>\n<\/tr>\n<\/thead>\n<tbody>\n<tr>\n<td>StrangerCam<\/td>\n<td align=\"center\">\u2705<\/td>\n<td align=\"center\">Gratis<\/td>\n<td align=\"center\">\u274c<\/td>\n<td align=\"center\">\u2705<\/td>\n<td>Beste all-round keuze voor gratis random cam chat<\/td>\n<\/tr>\n<tr>\n<td>Chatroulette<\/td>\n<td align=\"center\">\u2705<\/td>\n<td align=\"center\">(Betaald)<\/td>\n<td align=\"center\">\u274c<\/td>\n<td align=\"center\">\u2705<\/td>\n<td>Klassiek, maar met genderfilter<\/td>\n<\/tr>\n<tr>\n<td>Chatrandom<\/td>\n<td align=\"center\">\u2705<\/td>\n<td align=\"center\">(Betaald)<\/td>\n<td align=\"center\">\u274c<\/td>\n<td align=\"center\">\u2705<\/td>\n<td>Groot gebruikersbestand, betaalmuren voor filters<\/td>\n<\/tr>\n<tr>\n<td>OmeTV<\/td>\n<td align=\"center\">\u2705<\/td>\n<td align=\"center\">\u274c<\/td>\n<td align=\"center\">\u274c<\/td>\n<td align=\"center\">\u2705<\/td>\n<td>Mobiele app beschikbaar, alleen willekeurig<\/td>\n<\/tr>\n<tr>\n<td>Shagle<\/td>\n<td align=\"center\">\u2705<\/td>\n<td align=\"center\">(Betaald)<\/td>\n<td align=\"center\">\u274c<\/td>\n<td align=\"center\">\u2705<\/td>\n<td>Gratis chats maar premium upgrades gepusht<\/td>\n<\/tr>\n<tr>\n<td><a href=\"https:\/\/strangercam.com\/nl\/coomeet\/\">CooMeet<\/a><\/td>\n<td align=\"center\">(Proef)<\/td>\n<td align=\"center\">\u2705<\/td>\n<td align=\"center\">\u2705<\/td>\n<td align=\"center\">\u2705<\/td>\n<td>Meestal betaald na afloop van proefperiode<\/td>\n<\/tr>\n<tr>\n<td>LuckyCrush<\/td>\n<td align=\"center\">\u274c<\/td>\n<td align=\"center\">\u2705<\/td>\n<td align=\"center\">\u2705<\/td>\n<td align=\"center\">\u2705<\/td>\n<td>Altijd betaald, op basis van geslacht<\/td>\n<\/tr>\n<\/tbody>\n<\/table>\n<p>StrangerCam onderscheidt zich doordat het gratis, veilig en filtervriendelijk is, in tegenstelling tot de meeste concurrenten die geld vragen voor geavanceerde functies.<\/p>\n<h2>Waarom StrangerCam de beste keuze is voor Willekeurige Cam Chat<\/h2>\n<p>Dit is waarom StrangerCam een van de beste Omegle-platforms in 2025 is:<\/p>\n<h3>1. Volledig gratis<\/h3>\n<p>Geen verborgen kosten, credits of beperkte proefabonnementen. Je kunt zoveel chatten als je wilt, gratis.<\/p>\n<h3>2. Echt geslacht filter<\/h3>\n<p>In tegenstelling tot de meeste gratis sites, kun je bij StrangerCam kiezen of je contact wilt maken met mannen, vrouwen of allebei zonder dat er kosten in rekening worden gebracht.<\/p>\n<h3>3. Geen account nodig<\/h3>\n<p>Begin direct met chatten. Geen inschrijving, e-mail of persoonlijke info nodig.<\/p>\n<h3>4. 24\/7 Wereldwijde gemeenschap<\/h3>\n<p>Altijd actief, dus je zult nooit zonder mensen komen te zitten om te ontmoeten.<\/p>\n<h3>5. Mobiel geoptimaliseerd<\/h3>\n<p>Werkt probleemloos op telefoons, tablets en computers.<\/p>\n<h3>6. Veilig en gemodereerd<\/h3>\n<p>Toegewijde moderatoren en rapportagemiddelen houden het platform schoon en plezierig.<\/p>\n<h2>Getuigenissen van echte gebruikers<\/h2>\n<blockquote><p><em>\"Ik heb veel chatsites geprobeerd sinds de sluiting van Omegle, maar StrangerCam is de enige die echt aanvoelde. Het is gratis en zit vol met echte mensen.\"<\/em><br \/>\n- Chris, 25<\/p><\/blockquote>\n<blockquote><p><em>\"De genderfilter werkt echt zonder extra te betalen. Dat is een grote winst voor mij.\"<\/em><br \/>\n- Marta, 23<\/p><\/blockquote>\n<blockquote><p><em>\"Ik had op \u00e9\u00e9n avond contact met mensen uit vijf verschillende landen. Het is zo'n leuke manier om vreemden te ontmoeten.\"<\/em><br \/>\n- Dylan, 30<\/p><\/blockquote>\n<blockquote><p><em>\"Gratis, snel en veilig. StrangerCam is nu mijn go-to voor random cam chat.\"<\/em><br \/>\n- Leah, 20<\/p><\/blockquote>\n<h2>Veiligheidstips voor willekeurige camchats<\/h2>\n<p>Houd deze tips in gedachten om het meeste te halen uit gratis willekeurige camchat en tegelijkertijd veilig te blijven:<\/p>\n<ul>\n<li>Deel geen persoonlijke informatie zoals je volledige naam, adres of telefoonnummer.<\/li>\n<li>Sla iedereen over of blokkeer iedereen die je ongemakkelijk laat voelen.<\/li>\n<li>Klik nooit op links van vreemden.<\/li>\n<li>Let op je achtergrond om te voorkomen dat je priv\u00e9gegevens laat zien.<\/li>\n<li>Gebruik een hoofdtelefoon voor helderder geluid en meer privacy.<\/li>\n<li>Als je jonger bent dan 18, vermijd dan het gebruik van willekeurige cam chatplatforms.<\/li>\n<\/ul>\n<h2>Hoe te beginnen - stap voor stap<\/h2>\n<p>Joining een willekeurige cam chat duurt minder dan een minuut:<\/p>\n<ol>\n<li>Ga naar het platform op je browser of telefoon.<\/li>\n<li>Geef camera- en microfoontoegang.<\/li>\n<li>Druk op \"Chat starten\".<\/li>\n<li>Ontmoet direct een willekeurige vreemdeling.<\/li>\n<li>Klik op \"Volgende\" wanneer je naar iemand anders wilt overschakelen.<\/li>\n<\/ol>\n<p>Dat is het: snel, eenvoudig en gratis.<\/p>\n<h2>Slotopmerkingen - Probeer nu gratis Willekeurige Cam Chat<\/h2>\n<p>Willekeurige camchat is een van de spannendste manieren om online contact te leggen in 2025. Het is spontaan, leuk en een verfrissend alternatief voor sociale media of datingapps. Met platforms zoals StrangerCam krijg je een echt gratis ervaring - geen aanmeldingen, geen betaalmuren en een wereldwijde gemeenschap die 24\/7 klaarstaat om je te ontmoeten.<\/p>\n<p>Verspil geen tijd aan platforms die gratis videochat beloven maar alles achter betaalmuren verbergen. Kies een plek waar je contact kunt maken, kunt lachen en direct nieuwe vrienden kunt maken.<\/p>\n<p>Klaar om het te ervaren? Probeer vandaag nog gratis random cam chat en zie wie je gaat ontmoeten.<\/p>","protected":false},"excerpt":{"rendered":"<p>Are you looking for the thrill of random cam chat? You\u2019re not alone. Since the early days of Omegle and Chatroulette, millions of people have turned to random cam chat sites to meet strangers instantly, face-to-face. The idea is simple yet powerful: switch on your webcam, click a button, and get connected to someone new [&hellip;]<\/p>\n","protected":false},"author":8,"featured_media":0,"parent":0,"menu_order":0,"comment_status":"closed","ping_status":"closed","template":"","meta":{"footnotes":""},"class_list":["post-201","page","type-page","status-publish","hentry"],"yoast_head":"<!-- This site is optimized with the Yoast SEO plugin v26.9 - https:\/\/yoast.com\/product\/yoast-seo-wordpress\/ -->\n<title>Random Cam Chat with Random Chat on Strangercam.com<\/title>\n<meta name=\"description\" content=\"Liking Random Cam Chat? Join millions on StrangerCam.com! Start a random video chat, turn on your cam, and meet strangers instantly.\" \/>\n<meta name=\"robots\" content=\"index, follow, max-snippet:-1, max-image-preview:large, max-video-preview:-1\" \/>\n<link rel=\"canonical\" href=\"https:\/\/strangercam.com\/nl\/willekeurige-cam-chat\/\" \/>\n<meta property=\"og:locale\" content=\"nl_NL\" \/>\n<meta property=\"og:type\" content=\"article\" \/>\n<meta property=\"og:title\" content=\"Random Cam Chat with Random Chat on Strangercam.com\" \/>\n<meta property=\"og:description\" content=\"Liking Random Cam Chat? Join millions on StrangerCam.com! Start a random video chat, turn on your cam, and meet strangers instantly.\" \/>\n<meta property=\"og:url\" content=\"https:\/\/strangercam.com\/nl\/willekeurige-cam-chat\/\" \/>\n<meta property=\"og:site_name\" content=\"Strangercam\" \/>\n<meta property=\"article:publisher\" content=\"https:\/\/www.facebook.com\/strangercam\" \/>\n<meta property=\"article:modified_time\" content=\"2025-08-18T12:08:48+00:00\" \/>\n<meta property=\"og:image\" content=\"https:\/\/strangercam.com\/wp-content\/uploads\/2021\/10\/Untitled-2.png\" \/>\n\t<meta property=\"og:image:width\" content=\"800\" \/>\n\t<meta property=\"og:image:height\" content=\"532\" \/>\n\t<meta property=\"og:image:type\" content=\"image\/png\" \/>\n<meta name=\"twitter:card\" content=\"summary_large_image\" \/>\n<meta name=\"twitter:site\" content=\"@strangercamapp\" \/>\n<meta name=\"twitter:label1\" content=\"Geschatte leestijd\" \/>\n\t<meta name=\"twitter:data1\" content=\"5 minuten\" \/>\n<script type=\"application\/ld+json\" class=\"yoast-schema-graph\">{\"@context\":\"https:\/\/schema.org\",\"@graph\":[{\"@type\":\"WebPage\",\"@id\":\"https:\/\/strangercam.com\/random-cam-chat\/\",\"url\":\"https:\/\/strangercam.com\/random-cam-chat\/\",\"name\":\"Random Cam Chat with Random Chat on Strangercam.com\",\"isPartOf\":{\"@id\":\"https:\/\/strangercam.com\/#website\"},\"datePublished\":\"2025-08-18T11:43:14+00:00\",\"dateModified\":\"2025-08-18T12:08:48+00:00\",\"description\":\"Liking Random Cam Chat? Join millions on StrangerCam.com! Start a random video chat, turn on your cam, and meet strangers instantly.\",\"breadcrumb\":{\"@id\":\"https:\/\/strangercam.com\/random-cam-chat\/#breadcrumb\"},\"inLanguage\":\"nl-NL\",\"potentialAction\":[{\"@type\":\"ReadAction\",\"target\":[\"https:\/\/strangercam.com\/random-cam-chat\/\"]}]},{\"@type\":\"BreadcrumbList\",\"@id\":\"https:\/\/strangercam.com\/random-cam-chat\/#breadcrumb\",\"itemListElement\":[{\"@type\":\"ListItem\",\"position\":1,\"name\":\"Home\",\"item\":\"https:\/\/strangercam.com\/\"},{\"@type\":\"ListItem\",\"position\":2,\"name\":\"Random Cam Chat\"}]},{\"@type\":\"WebSite\",\"@id\":\"https:\/\/strangercam.com\/#website\",\"url\":\"https:\/\/strangercam.com\/\",\"name\":\"Strangercam\",\"description\":\"Random Video Chat with Strangers\",\"publisher\":{\"@id\":\"https:\/\/strangercam.com\/#organization\"},\"alternateName\":\"Strangercam.com\",\"potentialAction\":[{\"@type\":\"SearchAction\",\"target\":{\"@type\":\"EntryPoint\",\"urlTemplate\":\"https:\/\/strangercam.com\/?s={search_term_string}\"},\"query-input\":{\"@type\":\"PropertyValueSpecification\",\"valueRequired\":true,\"valueName\":\"search_term_string\"}}],\"inLanguage\":\"nl-NL\"},{\"@type\":\"Organization\",\"@id\":\"https:\/\/strangercam.com\/#organization\",\"name\":\"Strangercam\",\"alternateName\":\"Strangercam.com\",\"url\":\"https:\/\/strangercam.com\/\",\"logo\":{\"@type\":\"ImageObject\",\"inLanguage\":\"nl-NL\",\"@id\":\"https:\/\/strangercam.com\/#\/schema\/logo\/image\/\",\"url\":\"https:\/\/strangercam.com\/wp-content\/uploads\/2020\/11\/cropped-new-favicon-black.png\",\"contentUrl\":\"https:\/\/strangercam.com\/wp-content\/uploads\/2020\/11\/cropped-new-favicon-black.png\",\"width\":512,\"height\":512,\"caption\":\"Strangercam\"},\"image\":{\"@id\":\"https:\/\/strangercam.com\/#\/schema\/logo\/image\/\"},\"sameAs\":[\"https:\/\/www.facebook.com\/strangercam\",\"https:\/\/x.com\/strangercamapp\"]}]}<\/script>\n<!-- \/ Yoast SEO plugin. -->","yoast_head_json":{"title":"Willekeurige Cam Chat met Willekeurige Chat op Strangercam.com","description":"Hou je van Willekeurige Cam Chat? Join miljoenen op StrangerCam.com! Begin een willekeurige videochat, zet je cam aan en ontmoet meteen vreemden.","robots":{"index":"index","follow":"follow","max-snippet":"max-snippet:-1","max-image-preview":"max-image-preview:large","max-video-preview":"max-video-preview:-1"},"canonical":"https:\/\/strangercam.com\/nl\/willekeurige-cam-chat\/","og_locale":"nl_NL","og_type":"article","og_title":"Random Cam Chat with Random Chat on Strangercam.com","og_description":"Liking Random Cam Chat? Join millions on StrangerCam.com! Start a random video chat, turn on your cam, and meet strangers instantly.","og_url":"https:\/\/strangercam.com\/nl\/willekeurige-cam-chat\/","og_site_name":"Strangercam","article_publisher":"https:\/\/www.facebook.com\/strangercam","article_modified_time":"2025-08-18T12:08:48+00:00","og_image":[{"width":800,"height":532,"url":"https:\/\/strangercam.com\/wp-content\/uploads\/2021\/10\/Untitled-2.png","type":"image\/png"}],"twitter_card":"summary_large_image","twitter_site":"@strangercamapp","twitter_misc":{"Geschatte leestijd":"5 minuten"},"schema":{"@context":"https:\/\/schema.org","@graph":[{"@type":"WebPage","@id":"https:\/\/strangercam.com\/random-cam-chat\/","url":"https:\/\/strangercam.com\/random-cam-chat\/","name":"Willekeurige Cam Chat met Willekeurige Chat op Strangercam.com","isPartOf":{"@id":"https:\/\/strangercam.com\/#website"},"datePublished":"2025-08-18T11:43:14+00:00","dateModified":"2025-08-18T12:08:48+00:00","description":"Hou je van Willekeurige Cam Chat? Join miljoenen op StrangerCam.com! Begin een willekeurige videochat, zet je cam aan en ontmoet meteen vreemden.","breadcrumb":{"@id":"https:\/\/strangercam.com\/random-cam-chat\/#breadcrumb"},"inLanguage":"nl-NL","potentialAction":[{"@type":"ReadAction","target":["https:\/\/strangercam.com\/random-cam-chat\/"]}]},{"@type":"BreadcrumbList","@id":"https:\/\/strangercam.com\/random-cam-chat\/#breadcrumb","itemListElement":[{"@type":"ListItem","position":1,"name":"Home","item":"https:\/\/strangercam.com\/"},{"@type":"ListItem","position":2,"name":"Random Cam Chat"}]},{"@type":"WebSite","@id":"https:\/\/strangercam.com\/#website","url":"https:\/\/strangercam.com\/","name":"Strangercam","description":"Willekeurige videochat met vreemden","publisher":{"@id":"https:\/\/strangercam.com\/#organization"},"alternateName":"Strangercam.com","potentialAction":[{"@type":"SearchAction","target":{"@type":"EntryPoint","urlTemplate":"https:\/\/strangercam.com\/?s={search_term_string}"},"query-input":{"@type":"PropertyValueSpecification","valueRequired":true,"valueName":"search_term_string"}}],"inLanguage":"nl-NL"},{"@type":"Organization","@id":"https:\/\/strangercam.com\/#organization","name":"Strangercam","alternateName":"Strangercam.com","url":"https:\/\/strangercam.com\/","logo":{"@type":"ImageObject","inLanguage":"nl-NL","@id":"https:\/\/strangercam.com\/#\/schema\/logo\/image\/","url":"https:\/\/strangercam.com\/wp-content\/uploads\/2020\/11\/cropped-new-favicon-black.png","contentUrl":"https:\/\/strangercam.com\/wp-content\/uploads\/2020\/11\/cropped-new-favicon-black.png","width":512,"height":512,"caption":"Strangercam"},"image":{"@id":"https:\/\/strangercam.com\/#\/schema\/logo\/image\/"},"sameAs":["https:\/\/www.facebook.com\/strangercam","https:\/\/x.com\/strangercamapp"]}]}},"_links":{"self":[{"href":"https:\/\/strangercam.com\/nl\/wp-json\/wp\/v2\/pages\/201","targetHints":{"allow":["GET"]}}],"collection":[{"href":"https:\/\/strangercam.com\/nl\/wp-json\/wp\/v2\/pages"}],"about":[{"href":"https:\/\/strangercam.com\/nl\/wp-json\/wp\/v2\/types\/page"}],"author":[{"embeddable":true,"href":"https:\/\/strangercam.com\/nl\/wp-json\/wp\/v2\/users\/8"}],"replies":[{"embeddable":true,"href":"https:\/\/strangercam.com\/nl\/wp-json\/wp\/v2\/comments?post=201"}],"version-history":[{"count":2,"href":"https:\/\/strangercam.com\/nl\/wp-json\/wp\/v2\/pages\/201\/revisions"}],"predecessor-version":[{"id":12967,"href":"https:\/\/strangercam.com\/nl\/wp-json\/wp\/v2\/pages\/201\/revisions\/12967"}],"wp:attachment":[{"href":"https:\/\/strangercam.com\/nl\/wp-json\/wp\/v2\/media?parent=201"}],"curies":[{"name":"wp","href":"https:\/\/api.w.org\/{rel}","templated":true}]}}