{"id":1311,"date":"2021-04-06T10:56:49","date_gmt":"2021-04-06T08:56:49","guid":{"rendered":"https:\/\/strangercam.com\/?page_id=1311"},"modified":"2023-08-21T12:24:41","modified_gmt":"2023-08-21T10:24:41","slug":"holla","status":"publish","type":"page","link":"https:\/\/strangercam.com\/nl\/holla\/","title":{"rendered":"Holla"},"content":{"rendered":"<p>Het was nooit gemakkelijk om fysiek \u00e9\u00e9n-op-\u00e9\u00e9n contact te maken en te praten via een <a href=\"https:\/\/strangercam.com\/nl\/mili\/\">live<\/a> video <a href=\"https:\/\/strangercam.com\/nl\/chatroulette\/\">chat<\/a> met je verre familielid of vrienden vroeger. Vandaag de dag heeft videochatten die barri\u00e8re ge\u00eblimineerd en duizend kilometer afstand bij je thuis gebracht. Je kunt nu gemakkelijk een <a href=\"https:\/\/strangercam.com\/nl\/rabbit-video-chat\/\">videochat<\/a> met je vrienden of familie in verre landen via Holla.<\/p>\n<p>Holla is gemakkelijk beschikbaar in meer dan 40 landen en wordt beschouwd als de beste videochat in 2020. Je kunt een live <a href=\"https:\/\/strangercam.com\/nl\/amerikaanse-willekeurige-videogesprek\/\">video-oproep<\/a> aan elke vreemdeling van over de hele wereld. Dit platform bestaat uit meer dan 30 miljoen geregistreerde gebruikers uit 190 verschillende landen.<\/p>\n<h2>Voordelen<\/h2>\n<ul>\n<li>Beste videosoftware - Deze software is uitgeroepen tot de beste videosoftware van 2020. Dit komt omdat je met deze software kunt communiceren met een willekeurige vreemdeling via videochat, voicechat en zelfs tekstchat. Al deze functies zijn gratis. Bovendien kun je vrienden over de hele wereld maken door gewoon met je vinger te vegen en kun je kiezen uit duizenden opties.<br \/>\nOnvergelijkbaar geluid en<\/li>\n<li>Kwaliteit - Holla biedt u het platform om te praten met je vrienden, vreemden, of zelfs familieleden die duizenden kilometers ver weg op hun gemak. Dit komt omdat het geeft je de vrijheid om te kiezen en te communiceren door middel van onvergelijkbare geluid en kwaliteit, zodat uw gesprek niet zal worden onderbroken als gevolg van slechte netwerk-of geluidskwaliteit.<\/li>\n<li>Verschillende functies - Bovendien is deze software beschikbaar voor gebruik in elk netwerk, zoals 3G, 4G of zelfs Wi-Fi-netwerkverbinding. Het stelt je ook in staat om gratis live videochat, gratis live voicechat en gratis tekstchat te gebruiken. Holla biedt zijn gebruikers de mogelijkheid om \u00e9\u00e9n-op-\u00e9\u00e9n te bellen met directe live video-functie. Je hoeft alleen het geslacht en de regio van je voorkeur te selecteren. Veilig en gezond in gebruik, u kunt gemakkelijk <a href=\"https:\/\/strangercam.com\/nl\/coomeet\/\">Ontmoet<\/a> nieuwe mensen over de hele wereld zonder gedoe.<\/li>\n<\/ul>\n<h3>Belangrijkste functies van Holla<\/h3>\n<p>Door Holla te gebruiken, kun je veel verrassingen verwachten. Dat wil zeggen, wanneer je een videochat hebt, of zelfs wanneer je chat met een onbekende vreemdeling, zul je vol verrassingen komen te zitten. Verder weet je niet wie je zult ontmoeten in de komende minuut. Alle getalenteerde jongeren komen op dit platform om elkaar te ontmoeten en online nieuwe vrienden te maken door middel van realtime gesprekken.<\/p>\n<p>De hele definitie van gratis live videochat wacht op je met videofilters en stickers die een verbluffende ervaring voor je cre\u00ebren. Holla is gratis te gebruiken, kun je bonus premium functies die alleen beschikbaar zijn in live video chat met aangepaste video streaming en matching.<\/p>","protected":false},"excerpt":{"rendered":"<p>It was never easy to connect and talk one-on-one physically through a live video chat with your distant relative, or friends in earlier days. Today, video chatting has eliminated that barrier and brought a thousand kilometres of distance to your home. You can now easily hold a video chat with your friends, or family in [&hellip;]<\/p>\n","protected":false},"author":6,"featured_media":559,"parent":0,"menu_order":0,"comment_status":"closed","ping_status":"closed","template":"","meta":{"footnotes":""},"class_list":["post-1311","page","type-page","status-publish","has-post-thumbnail","hentry"],"yoast_head":"<!-- This site is optimized with the Yoast SEO plugin v26.9 - https:\/\/yoast.com\/product\/yoast-seo-wordpress\/ -->\n<title>Holla - Best Random Video Chat - Cam on StrangerCam.com<\/title>\n<meta name=\"description\" content=\"Like Holla? Come chat with more than 5.000.000 strangers on Stranger Cam for Free! Turn on your cam and find new friends &amp; maby a match!\" \/>\n<meta name=\"robots\" content=\"index, follow, max-snippet:-1, max-image-preview:large, max-video-preview:-1\" \/>\n<link rel=\"canonical\" href=\"https:\/\/strangercam.com\/nl\/holla\/\" \/>\n<meta property=\"og:locale\" content=\"nl_NL\" \/>\n<meta property=\"og:type\" content=\"article\" \/>\n<meta property=\"og:title\" content=\"Holla - Best Random Video Chat - Cam on StrangerCam.com\" \/>\n<meta property=\"og:description\" content=\"Like Holla? Come chat with more than 5.000.000 strangers on Stranger Cam for Free! Turn on your cam and find new friends &amp; maby a match!\" \/>\n<meta property=\"og:url\" content=\"https:\/\/strangercam.com\/nl\/holla\/\" \/>\n<meta property=\"og:site_name\" content=\"Strangercam\" \/>\n<meta property=\"article:publisher\" content=\"https:\/\/www.facebook.com\/strangercam\" \/>\n<meta property=\"article:modified_time\" content=\"2023-08-21T10:24:41+00:00\" \/>\n<meta property=\"og:image\" content=\"https:\/\/strangercam.com\/wp-content\/uploads\/2020\/11\/stranger-cam-1.png\" \/>\n\t<meta property=\"og:image:width\" content=\"800\" \/>\n\t<meta property=\"og:image:height\" content=\"800\" \/>\n\t<meta property=\"og:image:type\" content=\"image\/png\" \/>\n<meta name=\"twitter:card\" content=\"summary_large_image\" \/>\n<meta name=\"twitter:site\" content=\"@strangercamapp\" \/>\n<meta name=\"twitter:label1\" content=\"Geschatte leestijd\" \/>\n\t<meta name=\"twitter:data1\" content=\"2 minuten\" \/>\n<script type=\"application\/ld+json\" class=\"yoast-schema-graph\">{\"@context\":\"https:\/\/schema.org\",\"@graph\":[{\"@type\":\"WebPage\",\"@id\":\"https:\/\/strangercam.com\/holla\/\",\"url\":\"https:\/\/strangercam.com\/holla\/\",\"name\":\"Holla - Best Random Video Chat - Cam on StrangerCam.com\",\"isPartOf\":{\"@id\":\"https:\/\/strangercam.com\/#website\"},\"primaryImageOfPage\":{\"@id\":\"https:\/\/strangercam.com\/holla\/#primaryimage\"},\"image\":{\"@id\":\"https:\/\/strangercam.com\/holla\/#primaryimage\"},\"thumbnailUrl\":\"https:\/\/strangercam.com\/wp-content\/uploads\/2020\/11\/stranger-cam-1.png\",\"datePublished\":\"2021-04-06T08:56:49+00:00\",\"dateModified\":\"2023-08-21T10:24:41+00:00\",\"description\":\"Like Holla? Come chat with more than 5.000.000 strangers on Stranger Cam for Free! Turn on your cam and find new friends & maby a match!\",\"breadcrumb\":{\"@id\":\"https:\/\/strangercam.com\/holla\/#breadcrumb\"},\"inLanguage\":\"nl-NL\",\"potentialAction\":[{\"@type\":\"ReadAction\",\"target\":[\"https:\/\/strangercam.com\/holla\/\"]}]},{\"@type\":\"ImageObject\",\"inLanguage\":\"nl-NL\",\"@id\":\"https:\/\/strangercam.com\/holla\/#primaryimage\",\"url\":\"https:\/\/strangercam.com\/wp-content\/uploads\/2020\/11\/stranger-cam-1.png\",\"contentUrl\":\"https:\/\/strangercam.com\/wp-content\/uploads\/2020\/11\/stranger-cam-1.png\",\"width\":800,\"height\":800,\"caption\":\"stranger cam random video chat\"},{\"@type\":\"BreadcrumbList\",\"@id\":\"https:\/\/strangercam.com\/holla\/#breadcrumb\",\"itemListElement\":[{\"@type\":\"ListItem\",\"position\":1,\"name\":\"Home\",\"item\":\"https:\/\/strangercam.com\/\"},{\"@type\":\"ListItem\",\"position\":2,\"name\":\"Holla\"}]},{\"@type\":\"WebSite\",\"@id\":\"https:\/\/strangercam.com\/#website\",\"url\":\"https:\/\/strangercam.com\/\",\"name\":\"Strangercam\",\"description\":\"Random Video Chat with Strangers\",\"publisher\":{\"@id\":\"https:\/\/strangercam.com\/#organization\"},\"alternateName\":\"Strangercam.com\",\"potentialAction\":[{\"@type\":\"SearchAction\",\"target\":{\"@type\":\"EntryPoint\",\"urlTemplate\":\"https:\/\/strangercam.com\/?s={search_term_string}\"},\"query-input\":{\"@type\":\"PropertyValueSpecification\",\"valueRequired\":true,\"valueName\":\"search_term_string\"}}],\"inLanguage\":\"nl-NL\"},{\"@type\":\"Organization\",\"@id\":\"https:\/\/strangercam.com\/#organization\",\"name\":\"Strangercam\",\"alternateName\":\"Strangercam.com\",\"url\":\"https:\/\/strangercam.com\/\",\"logo\":{\"@type\":\"ImageObject\",\"inLanguage\":\"nl-NL\",\"@id\":\"https:\/\/strangercam.com\/#\/schema\/logo\/image\/\",\"url\":\"https:\/\/strangercam.com\/wp-content\/uploads\/2020\/11\/cropped-new-favicon-black.png\",\"contentUrl\":\"https:\/\/strangercam.com\/wp-content\/uploads\/2020\/11\/cropped-new-favicon-black.png\",\"width\":512,\"height\":512,\"caption\":\"Strangercam\"},\"image\":{\"@id\":\"https:\/\/strangercam.com\/#\/schema\/logo\/image\/\"},\"sameAs\":[\"https:\/\/www.facebook.com\/strangercam\",\"https:\/\/x.com\/strangercamapp\"]}]}<\/script>\n<!-- \/ Yoast SEO plugin. -->","yoast_head_json":{"title":"Holla - De beste willekeurige videochat - Cam op StrangerCam.nl","description":"Net als Holla? Kom chatten met meer dan 5.000.000 vreemden op Stranger Cam gratis! Zet je cam aan en vind nieuwe vrienden &amp; misschien een match!","robots":{"index":"index","follow":"follow","max-snippet":"max-snippet:-1","max-image-preview":"max-image-preview:large","max-video-preview":"max-video-preview:-1"},"canonical":"https:\/\/strangercam.com\/nl\/holla\/","og_locale":"nl_NL","og_type":"article","og_title":"Holla - Best Random Video Chat - Cam on StrangerCam.com","og_description":"Like Holla? Come chat with more than 5.000.000 strangers on Stranger Cam for Free! Turn on your cam and find new friends & maby a match!","og_url":"https:\/\/strangercam.com\/nl\/holla\/","og_site_name":"Strangercam","article_publisher":"https:\/\/www.facebook.com\/strangercam","article_modified_time":"2023-08-21T10:24:41+00:00","og_image":[{"width":800,"height":800,"url":"https:\/\/strangercam.com\/wp-content\/uploads\/2020\/11\/stranger-cam-1.png","type":"image\/png"}],"twitter_card":"summary_large_image","twitter_site":"@strangercamapp","twitter_misc":{"Geschatte leestijd":"2 minuten"},"schema":{"@context":"https:\/\/schema.org","@graph":[{"@type":"WebPage","@id":"https:\/\/strangercam.com\/holla\/","url":"https:\/\/strangercam.com\/holla\/","name":"Holla - De beste willekeurige videochat - Cam op StrangerCam.nl","isPartOf":{"@id":"https:\/\/strangercam.com\/#website"},"primaryImageOfPage":{"@id":"https:\/\/strangercam.com\/holla\/#primaryimage"},"image":{"@id":"https:\/\/strangercam.com\/holla\/#primaryimage"},"thumbnailUrl":"https:\/\/strangercam.com\/wp-content\/uploads\/2020\/11\/stranger-cam-1.png","datePublished":"2021-04-06T08:56:49+00:00","dateModified":"2023-08-21T10:24:41+00:00","description":"Net als Holla? Kom chatten met meer dan 5.000.000 vreemden op Stranger Cam gratis! Zet je cam aan en vind nieuwe vrienden &amp; misschien een match!","breadcrumb":{"@id":"https:\/\/strangercam.com\/holla\/#breadcrumb"},"inLanguage":"nl-NL","potentialAction":[{"@type":"ReadAction","target":["https:\/\/strangercam.com\/holla\/"]}]},{"@type":"ImageObject","inLanguage":"nl-NL","@id":"https:\/\/strangercam.com\/holla\/#primaryimage","url":"https:\/\/strangercam.com\/wp-content\/uploads\/2020\/11\/stranger-cam-1.png","contentUrl":"https:\/\/strangercam.com\/wp-content\/uploads\/2020\/11\/stranger-cam-1.png","width":800,"height":800,"caption":"stranger cam random video chat"},{"@type":"BreadcrumbList","@id":"https:\/\/strangercam.com\/holla\/#breadcrumb","itemListElement":[{"@type":"ListItem","position":1,"name":"Home","item":"https:\/\/strangercam.com\/"},{"@type":"ListItem","position":2,"name":"Holla"}]},{"@type":"WebSite","@id":"https:\/\/strangercam.com\/#website","url":"https:\/\/strangercam.com\/","name":"Strangercam","description":"Willekeurige videochat met vreemden","publisher":{"@id":"https:\/\/strangercam.com\/#organization"},"alternateName":"Strangercam.com","potentialAction":[{"@type":"SearchAction","target":{"@type":"EntryPoint","urlTemplate":"https:\/\/strangercam.com\/?s={search_term_string}"},"query-input":{"@type":"PropertyValueSpecification","valueRequired":true,"valueName":"search_term_string"}}],"inLanguage":"nl-NL"},{"@type":"Organization","@id":"https:\/\/strangercam.com\/#organization","name":"Strangercam","alternateName":"Strangercam.com","url":"https:\/\/strangercam.com\/","logo":{"@type":"ImageObject","inLanguage":"nl-NL","@id":"https:\/\/strangercam.com\/#\/schema\/logo\/image\/","url":"https:\/\/strangercam.com\/wp-content\/uploads\/2020\/11\/cropped-new-favicon-black.png","contentUrl":"https:\/\/strangercam.com\/wp-content\/uploads\/2020\/11\/cropped-new-favicon-black.png","width":512,"height":512,"caption":"Strangercam"},"image":{"@id":"https:\/\/strangercam.com\/#\/schema\/logo\/image\/"},"sameAs":["https:\/\/www.facebook.com\/strangercam","https:\/\/x.com\/strangercamapp"]}]}},"_links":{"self":[{"href":"https:\/\/strangercam.com\/nl\/wp-json\/wp\/v2\/pages\/1311","targetHints":{"allow":["GET"]}}],"collection":[{"href":"https:\/\/strangercam.com\/nl\/wp-json\/wp\/v2\/pages"}],"about":[{"href":"https:\/\/strangercam.com\/nl\/wp-json\/wp\/v2\/types\/page"}],"author":[{"embeddable":true,"href":"https:\/\/strangercam.com\/nl\/wp-json\/wp\/v2\/users\/6"}],"replies":[{"embeddable":true,"href":"https:\/\/strangercam.com\/nl\/wp-json\/wp\/v2\/comments?post=1311"}],"version-history":[{"count":0,"href":"https:\/\/strangercam.com\/nl\/wp-json\/wp\/v2\/pages\/1311\/revisions"}],"wp:featuredmedia":[{"embeddable":true,"href":"https:\/\/strangercam.com\/nl\/wp-json\/wp\/v2\/media\/559"}],"wp:attachment":[{"href":"https:\/\/strangercam.com\/nl\/wp-json\/wp\/v2\/media?parent=1311"}],"curies":[{"name":"wp","href":"https:\/\/api.w.org\/{rel}","templated":true}]}}