{"id":12883,"date":"2025-06-16T14:46:37","date_gmt":"2025-06-16T12:46:37","guid":{"rendered":"https:\/\/strangercam.com\/?page_id=12883"},"modified":"2025-06-16T14:46:37","modified_gmt":"2025-06-16T12:46:37","slug":"aveola","status":"publish","type":"page","link":"https:\/\/strangercam.com\/nl\/aveola\/","title":{"rendered":"Aveola"},"content":{"rendered":"<p>De willekeurige video <a href=\"https:\/\/strangercam.com\/nl\/chatroulette\/\">chat<\/a> ruimte is concurrerender dan ooit. Met platforms als <a href=\"https:\/\/strangercam.com\/nl\/ometv\/\">OmeTV<\/a>, Monkey en Hay Fun bepalen het tempo, maar nieuwere aanbieders komen met strakke interfaces en betere mobiele integratie. Een daarvan is Aveola - een groeiend videochatplatform dat is ontworpen voor snelle, anonieme \u00e9\u00e9n-op-\u00e9\u00e9n interacties met vreemden over de hele wereld.<\/p>\n<p>Of je nu wilt flirten, internationale vrienden wilt maken of gewoon wat tijd wilt doorbrengen met het ontmoeten van nieuwe mensen, Aveola belooft een mobiele ervaring zonder de complicaties van registratie, sociale profielen of het maken van inhoud.<\/p>\n<p>In deze review nemen we een diepe duik in Aveola - wat het is, hoe het werkt, voor wie het is en hoe het zich verhoudt tot top-apps in 2025.<\/p>\n<h2>Wat is Aveola?<\/h2>\n<p>Aveola is een gratis \u00e9\u00e9n-op-\u00e9\u00e9n videochatplatform dat gebruikers direct met elkaar verbindt via webcam en microfoon. Het is beschikbaar via browser en mobiel (met een sterke nadruk op mobiele optimalisatie) en biedt snelle, anonieme videochats zonder accounts of downloads.<\/p>\n<p>Net als de concurrenten OmeTV en Monkey, biedt Aveola:<\/p>\n<ul>\n<li>Real-time, persoonlijke gesprekken<\/li>\n<li>Wereldwijd bereik met internationale gebruikers<\/li>\n<li>Snel overslaan en matchen<\/li>\n<li>Een ongedwongen en spontane manier om <a href=\"https:\/\/strangercam.com\/nl\/coomeet\/\">Ontmoet<\/a> nieuwe mensen<\/li>\n<\/ul>\n<p>Wat het onderscheidt is de duidelijke gebruikersinterface, solide moderatietools en een gebruikerservaring die speciaal gebouwd lijkt voor smartphones - hoewel het ook goed werkt op desktop.<\/p>\n<h2>Wat is het doel van Aveola?<\/h2>\n<p>Aveola is ontworpen om mensen samen te brengen via snelle, spontane videochats, zonder druk om profielen aan te maken, inhoud te posten of een achterban op te bouwen. Het platform zit ergens tussenin:<\/p>\n<ul>\n<li>De anonimiteit van <a href=\"https:\/\/strangercam.com\/nl\/omegle\/\">Omegle<\/a><\/li>\n<li>De gepolijste gebruikersinterface van de OmeTV<\/li>\n<li>De snelle Gen Z-allure van Monkey<\/li>\n<\/ul>\n<p>Het doel is om het zo eenvoudig en snel mogelijk te maken om iemand nieuw te ontmoeten, zonder dat daar persoonlijke informatie of social media accounts voor nodig zijn.<\/p>\n<p>Perfect voor:<\/p>\n<ul>\n<li>Chatten met vreemden van over de hele wereld<\/li>\n<li>Casual, vriendelijke of flirterige \u00e9\u00e9n-op-\u00e9\u00e9n gesprekken<\/li>\n<li>Tijd doden of aan verveling ontsnappen met realtime menselijke interactie<\/li>\n<li>Een taal oefenen of verschillende culturen verkennen<\/li>\n<\/ul>\n<h2>Belangrijkste kenmerken<\/h2>\n<p>1. E\u00e9n-op-\u00e9\u00e9n videochat<br \/>\nDe belangrijkste functie van Aveola is direct, priv\u00e9 videochatten met willekeurige gebruikers. Je tikt op \"Start\" en binnen enkele seconden sta je oog in oog met een nieuw iemand. De videokwaliteit is over het algemeen hoog, met een lage latentie en heldere audio bij stabiele verbindingen.<\/p>\n<p>2. Snel overslaan (knop Volgende)<br \/>\nZoals de meeste apps in deze ruimte, kun je direct naar de volgende gebruiker springen als de huidige match niet werkt. Dit gaat naadloos, met snelle verbindingen en minimale wachttijden.<\/p>\n<p>3. Tekstchatoptie<br \/>\nAveola ondersteunt tekstberichten in de chat, waardoor je berichten kunt versturen tijdens je videogesprek. Dit is handig om het ijs te breken of om te communiceren bij taalbarri\u00e8res.<\/p>\n<p>4. Mobiele ervaring<br \/>\nOf je nu Android of iOS gebruikt, Aveola is ontworpen voor mobiele browsers. Hoewel er op dit moment geen standalone app is, is de mobiele versie responsief, soepel en geoptimaliseerd voor aanraken. Het werkt goed in Chrome, Safari en andere moderne mobiele browsers.<\/p>\n<p>5. Geen registratie vereist<br \/>\nEen van de grootste voordelen van Aveola is dat het volledig anoniem is. Je hoeft je niet aan te melden, geen e-mail op te geven of een sociale account aan te maken. Alles gebeurt in-browser met tijdelijke, sessie-gebaseerde chats.<\/p>\n<p>6. Realtime moderatietools<br \/>\nAveola omvat:<\/p>\n<ul>\n<li>Een knop \"Rapporteren\" om beledigend of ongepast gedrag te signaleren<\/li>\n<li>Basis AI-moderatietools die controleren op naaktheid of aanstootgevende inhoud<\/li>\n<li>Snel verbod voor recidivisten<\/li>\n<\/ul>\n<p>Hoewel het geen volledig vertrouwens-\/reputatiesysteem heeft zoals Emerald Chat, is de moderatie van Aveola beter dan die van veel nieuwere platforms.<\/p>\n<p>7. Filter op geslacht en land (premiumfunctie)<br \/>\nAveola bevat optionele filtering op geslacht en regio, maar deze functie wordt mogelijk vergrendeld achter een freemiummodel (om spam en misbruik door bots tegen te gaan). Gratis gebruikers krijgen willekeurige matches, terwijl betaalde gebruikers kunnen verfijnen met wie ze in contact komen.<\/p>\n<h2>Is Aveola gratis?<\/h2>\n<p>Ja, Aveola is gratis te gebruiken en je hoeft je niet te registreren om toegang te krijgen tot de belangrijkste functies, zoals videochat, tekstchat en snel koppelen. Net als de meeste concurrenten werkt Aveola echter op basis van een freemiummodel, wat betekent dat je voor sommige functies moet betalen.<\/p>\n<p>Gratis gebruikers kunnen:<\/p>\n<ul>\n<li>Direct chatten met vreemden via video of tekst<\/li>\n<li>Gebruikers overslaan zonder limiet<\/li>\n<li>Gebruik de mobiele en desktopversie zonder iets te downloaden<\/li>\n<\/ul>\n<p>Premium functies (onderhevig aan verandering) kunnen zijn:<\/p>\n<ul>\n<li>Geslacht filter<\/li>\n<li>Land filter<\/li>\n<li>Advertentievrije ervaring<\/li>\n<li>Prioriteit matching<\/li>\n<\/ul>\n<p>Premium toegang is beschikbaar via in-browser aankoopsystemen en is volledig optioneel.<\/p>\n<h2>Wie gebruikt Aveola?<\/h2>\n<p>Aveola spreekt een wereldwijd, mobiel publiek aan. Gebaseerd op gebruikstrends:<\/p>\n<ul>\n<li>Leeftijdscategorie: Voornamelijk 18-30<\/li>\n<li>Verdeling naar geslacht: Meerderheid mannen, hoewel vrouwen actief en zeer gewild zijn.<\/li>\n<li>Populaire regio's: Verenigde Staten, India, Brazili\u00eb, Filippijnen, Verenigd Koninkrijk, Duitsland<\/li>\n<li>Bedoeling van de gebruiker: Casual gesprek, flirten, culturele uitwisseling, verveling opheffen<\/li>\n<\/ul>\n<p>In tegenstelling tot TikTok of Bigo Live is Aveola niet ontworpen voor performance of livestream content. In plaats daarvan is het gericht op realtime, \u00e9\u00e9n-op-\u00e9\u00e9n interactie. De minimale opzet maakt het vooral aantrekkelijk voor:<\/p>\n<ul>\n<li>Gen Z-gebruikers<\/li>\n<li>Reizigers of expats<\/li>\n<li>Studenten<\/li>\n<li>Mensen die direct anderen willen ontmoeten zonder hun bank te verlaten<\/li>\n<\/ul>\n<h2>Veiligheid, privacy en moderatie<\/h2>\n<p>Veiligheid is een cruciale factor bij willekeurige videochat en Aveola presteert in dit opzicht relatief goed.<\/p>\n<h3>Privacy<\/h3>\n<ul>\n<li>Geen aanmelding, geen persoonlijke informatie<\/li>\n<li>Chatsessies worden niet opgenomen<\/li>\n<li>Microfoon en <a href=\"https:\/\/strangercam.com\/nl\/bazoocam\/\">cam<\/a> permissies zijn sessie-gebaseerd<\/li>\n<\/ul>\n<h3>Moderatie<\/h3>\n<ul>\n<li>Real-time markeren en rapporteren<\/li>\n<li>Basis AI beeldherkenning om naaktheid en aanstootgevende inhoud te verminderen<\/li>\n<li>Tools voor snel verbannen en blokkeren van gebruikers<\/li>\n<\/ul>\n<h3>Beperkingen<\/h3>\n<ul>\n<li>Zoals bij elk anoniem cam-platform kun je nog steeds te maken krijgen met:\n<ul>\n<li>Ongepast gedrag<\/li>\n<li>Gebruikers op zoek naar expliciete inhoud<\/li>\n<li>Bots of scammers tijdens periodes met weinig verkeer<\/li>\n<\/ul>\n<\/li>\n<\/ul>\n<p>Om veilig te blijven:<\/p>\n<ul>\n<li>Deel niet je echte naam, telefoonnummer of sociale profielen<\/li>\n<li>Gebruik de rapportagefunctie wanneer dat nodig is<\/li>\n<li>Be\u00ebindig elke sessie die ongemakkelijk aanvoelt<\/li>\n<\/ul>\n<h2>Gebruikerservaring en ontwerp<\/h2>\n<p>De interface van Aveola is strak, modern en mobiel gericht. Het laadt snel, houdt de bediening intu\u00eftief en brengt je met minimale klikken in een chat.<\/p>\n<p>Belangrijkste UX-highlights:<\/p>\n<ul>\n<li>Grote, duidelijke videovensters<\/li>\n<li>Zichtbare knoppen voor overslaan, dempen en rapporteren<\/li>\n<li>Soepele overgangen tussen chats<\/li>\n<li>Werkt in alle moderne browsers (desktop + mobiel)<\/li>\n<\/ul>\n<p>Die zijn er niet:<\/p>\n<ul>\n<li>Pop-ups of overlays<\/li>\n<li>Onoverzichtelijke menu's<\/li>\n<li>Gedwongen omleidingen<\/li>\n<\/ul>\n<p>De hele ervaring voelt licht en goed gebouwd - bijzonder verfrissend in vergelijking met de overgecompliceerde interfaces van sommige concurrenten.<\/p>\n<h2>Aveola vs Andere Video Chat Platforms<\/h2>\n<p>Laten we Aveola vergelijken met enkele van zijn grootste concurrenten in 2025:<\/p>\n<table>\n<thead>\n<tr>\n<th>Functie<\/th>\n<th>Aveola<\/th>\n<th>OmeTV<\/th>\n<th>Aap<\/th>\n<th>Hooi Plezier<\/th>\n<th>Chatspin<\/th>\n<\/tr>\n<\/thead>\n<tbody>\n<tr>\n<td>E\u00e9n-op-\u00e9\u00e9n videochat<\/td>\n<td>Ja<\/td>\n<td>Ja<\/td>\n<td>Ja<\/td>\n<td>Ja<\/td>\n<td>Ja<\/td>\n<\/tr>\n<tr>\n<td>Tekstchatoptie<\/td>\n<td>Ja<\/td>\n<td>Ja<\/td>\n<td>Beperkt<\/td>\n<td>Ja<\/td>\n<td>Ja<\/td>\n<\/tr>\n<tr>\n<td>Mobiele optimalisatie<\/td>\n<td>Uitstekend<\/td>\n<td>Goed<\/td>\n<td>Uitstekend<\/td>\n<td>Goed<\/td>\n<td>Uitstekend<\/td>\n<\/tr>\n<tr>\n<td>Geslacht filter<\/td>\n<td>Betaald<\/td>\n<td>Betaald<\/td>\n<td>Beperkt<\/td>\n<td>Geen<\/td>\n<td>Betaald<\/td>\n<\/tr>\n<tr>\n<td>Registratie vereist<\/td>\n<td>Geen<\/td>\n<td>Geen<\/td>\n<td>Ja<\/td>\n<td>Optioneel<\/td>\n<td>Optioneel<\/td>\n<\/tr>\n<tr>\n<td>Groepsfuncties<\/td>\n<td>Geen<\/td>\n<td>Geen<\/td>\n<td>Ja<\/td>\n<td>Geen<\/td>\n<td>Geen<\/td>\n<\/tr>\n<tr>\n<td>Kwaliteit<\/td>\n<td>Matig<\/td>\n<td>Matig<\/td>\n<td>Matig<\/td>\n<td>Zwak<\/td>\n<td>Goed<\/td>\n<\/tr>\n<\/tbody>\n<\/table>\n<p>Samenvatting: Aveola past precies in het midden tussen de glans van Chatspin en de Gen Z vibe van Monkey. Het probeert geen groepsfuncties of complexe sociale lagen toe te voegen - het richt zich op snelheid, anonimiteit en gebruiksgemak.<\/p>\n<h2>Voor- en nadelen<\/h2>\n<p>Voordelen:<\/p>\n<ul>\n<li>Snel, gratis en anoniem videochatten<\/li>\n<li>Werkt direct zonder registratie<\/li>\n<li>Schone interface en snel laden<\/li>\n<li>Uitstekend op mobiele browsers<\/li>\n<li>Tekstchat en video-ondersteuning<\/li>\n<li>Actief internationaal gebruikersbestand<\/li>\n<\/ul>\n<p>Minpunten:<\/p>\n<ul>\n<li>Geen langlopend vriendensysteem of accountgeschiedenis<\/li>\n<li>Basis moderatie - nog steeds mogelijk om inhoud voor volwassenen tegen te komen<\/li>\n<li>Voor filters op geslacht\/land moet mogelijk worden betaald<\/li>\n<li>Niet ideaal voor gebruikers die op zoek zijn naar diepgaande gesprekken of gemeenschap<\/li>\n<\/ul>\n<h2>Ideale gebruikssituaties<\/h2>\n<p>Aveola is perfect voor:<\/p>\n<ul>\n<li>Gebruikers die Omegle missen maar iets mobiel-vriendelijks willen<\/li>\n<li>Mensen die willen flirten, chatten of gewoon gezellig willen doen met vreemden<\/li>\n<li>Reizigers of taalleerders die ge\u00efnteresseerd zijn in wereldwijde gesprekken<\/li>\n<li>Iedereen die zich verveelt en op zoek is naar live, persoonlijke interacties<\/li>\n<\/ul>\n<p>Het is niet ideaal voor:<\/p>\n<ul>\n<li>Gebruikers jonger dan 18 (alleen volwassenen)<\/li>\n<li>Mensen op zoek naar relatiematchmaking of datingprofielen<\/li>\n<li>Zij die gratis filters en controle willen<\/li>\n<li>Gebruikers die zich ongemakkelijk voelen bij incidenteel NSFW-gedrag<\/li>\n<\/ul>\n<p>Aveola is een van de beste nieuwe lichtgewicht, mobile-first random videochatplatforms op de markt in 2025. Het combineert de eenvoud van Omegle met de soepelere gebruikerservaring van OmeTV, met behoud van de anonimiteit en snelheid die gebruikers verwachten van een cam-to-cam platform.<\/p>\n<p>Het is niet perfect - de moderatie heeft nog ruimte om te groeien en genderfilters zijn een betaald extraatje - maar voor gebruikers die op zoek zijn naar spontane, wereldwijde, realtime chats met vreemden, biedt Aveola een snelle en frustratievrije ervaring.<\/p>\n<p>Als je op zoek bent naar een moderne, schone en betrouwbare Omegle-achtige chatervaring die goed werkt op verschillende apparaten, dan is Aveola zeker het proberen waard.<\/p>","protected":false},"excerpt":{"rendered":"<p>The random video chat space is more competitive than ever. With platforms like OmeTV, Monkey, and Hay Fun setting the pace, newer contenders are stepping up with sleek interfaces and better mobile integration. One of those is Aveola \u2014 a rising video chat platform designed for fast, anonymous one-on-one interactions with strangers across the world. [&hellip;]<\/p>\n","protected":false},"author":6,"featured_media":0,"parent":0,"menu_order":0,"comment_status":"closed","ping_status":"closed","template":"","meta":{"footnotes":""},"class_list":["post-12883","page","type-page","status-publish","hentry"],"yoast_head":"<!-- This site is optimized with the Yoast SEO plugin v27.4 - https:\/\/yoast.com\/product\/yoast-seo-wordpress\/ -->\n<title>Aveola - Live Video Chat on StrangerCam.com<\/title>\n<meta name=\"description\" content=\"Like Aveola? Come chat with more than 5.000.000 strangers on Stranger Cam for Free! Turn on your cam and find new friends &amp; maby a match!\" \/>\n<meta name=\"robots\" content=\"index, follow, max-snippet:-1, max-image-preview:large, max-video-preview:-1\" \/>\n<link rel=\"canonical\" href=\"https:\/\/strangercam.com\/nl\/aveola\/\" \/>\n<meta property=\"og:locale\" content=\"nl_NL\" \/>\n<meta property=\"og:type\" content=\"article\" \/>\n<meta property=\"og:title\" content=\"Aveola - Live Video Chat on StrangerCam.com\" \/>\n<meta property=\"og:description\" content=\"Like Aveola? Come chat with more than 5.000.000 strangers on Stranger Cam for Free! Turn on your cam and find new friends &amp; maby a match!\" \/>\n<meta property=\"og:url\" content=\"https:\/\/strangercam.com\/nl\/aveola\/\" \/>\n<meta property=\"og:site_name\" content=\"Strangercam\" \/>\n<meta property=\"article:publisher\" content=\"https:\/\/www.facebook.com\/strangercam\" \/>\n<meta property=\"og:image\" content=\"https:\/\/strangercam.com\/wp-content\/uploads\/2021\/10\/Untitled-2.png\" \/>\n\t<meta property=\"og:image:width\" content=\"800\" \/>\n\t<meta property=\"og:image:height\" content=\"532\" \/>\n\t<meta property=\"og:image:type\" content=\"image\/png\" \/>\n<meta name=\"twitter:card\" content=\"summary_large_image\" \/>\n<meta name=\"twitter:site\" content=\"@strangercamapp\" \/>\n<meta name=\"twitter:label1\" content=\"Geschatte leestijd\" \/>\n\t<meta name=\"twitter:data1\" content=\"6 minuten\" \/>\n<script type=\"application\/ld+json\" class=\"yoast-schema-graph\">{\"@context\":\"https:\\\/\\\/schema.org\",\"@graph\":[{\"@type\":\"WebPage\",\"@id\":\"https:\\\/\\\/strangercam.com\\\/aveola\\\/\",\"url\":\"https:\\\/\\\/strangercam.com\\\/aveola\\\/\",\"name\":\"Aveola - Live Video Chat on StrangerCam.com\",\"isPartOf\":{\"@id\":\"https:\\\/\\\/strangercam.com\\\/#website\"},\"datePublished\":\"2025-06-16T12:46:37+00:00\",\"description\":\"Like Aveola? Come chat with more than 5.000.000 strangers on Stranger Cam for Free! Turn on your cam and find new friends & maby a match!\",\"breadcrumb\":{\"@id\":\"https:\\\/\\\/strangercam.com\\\/aveola\\\/#breadcrumb\"},\"inLanguage\":\"nl-NL\",\"potentialAction\":[{\"@type\":\"ReadAction\",\"target\":[\"https:\\\/\\\/strangercam.com\\\/aveola\\\/\"]}]},{\"@type\":\"BreadcrumbList\",\"@id\":\"https:\\\/\\\/strangercam.com\\\/aveola\\\/#breadcrumb\",\"itemListElement\":[{\"@type\":\"ListItem\",\"position\":1,\"name\":\"Home\",\"item\":\"https:\\\/\\\/strangercam.com\\\/\"},{\"@type\":\"ListItem\",\"position\":2,\"name\":\"Aveola\"}]},{\"@type\":\"WebSite\",\"@id\":\"https:\\\/\\\/strangercam.com\\\/#website\",\"url\":\"https:\\\/\\\/strangercam.com\\\/\",\"name\":\"Strangercam\",\"description\":\"Random Video Chat with Strangers\",\"publisher\":{\"@id\":\"https:\\\/\\\/strangercam.com\\\/#organization\"},\"alternateName\":\"Strangercam.com\",\"potentialAction\":[{\"@type\":\"SearchAction\",\"target\":{\"@type\":\"EntryPoint\",\"urlTemplate\":\"https:\\\/\\\/strangercam.com\\\/?s={search_term_string}\"},\"query-input\":{\"@type\":\"PropertyValueSpecification\",\"valueRequired\":true,\"valueName\":\"search_term_string\"}}],\"inLanguage\":\"nl-NL\"},{\"@type\":\"Organization\",\"@id\":\"https:\\\/\\\/strangercam.com\\\/#organization\",\"name\":\"Strangercam\",\"alternateName\":\"Strangercam.com\",\"url\":\"https:\\\/\\\/strangercam.com\\\/\",\"logo\":{\"@type\":\"ImageObject\",\"inLanguage\":\"nl-NL\",\"@id\":\"https:\\\/\\\/strangercam.com\\\/#\\\/schema\\\/logo\\\/image\\\/\",\"url\":\"https:\\\/\\\/strangercam.com\\\/wp-content\\\/uploads\\\/2020\\\/11\\\/cropped-new-favicon-black.png\",\"contentUrl\":\"https:\\\/\\\/strangercam.com\\\/wp-content\\\/uploads\\\/2020\\\/11\\\/cropped-new-favicon-black.png\",\"width\":512,\"height\":512,\"caption\":\"Strangercam\"},\"image\":{\"@id\":\"https:\\\/\\\/strangercam.com\\\/#\\\/schema\\\/logo\\\/image\\\/\"},\"sameAs\":[\"https:\\\/\\\/www.facebook.com\\\/strangercam\",\"https:\\\/\\\/x.com\\\/strangercamapp\"]}]}<\/script>\n<!-- \/ Yoast SEO plugin. -->","yoast_head_json":{"title":"Aveola - Live Video Chat op StrangerCam.com","description":"Vind je Aveola leuk? Kom chatten met meer dan 5.000.000 vreemden op Stranger Cam gratis! Zet je cam aan en vind nieuwe vrienden &amp; misschien een match!","robots":{"index":"index","follow":"follow","max-snippet":"max-snippet:-1","max-image-preview":"max-image-preview:large","max-video-preview":"max-video-preview:-1"},"canonical":"https:\/\/strangercam.com\/nl\/aveola\/","og_locale":"nl_NL","og_type":"article","og_title":"Aveola - Live Video Chat on StrangerCam.com","og_description":"Like Aveola? Come chat with more than 5.000.000 strangers on Stranger Cam for Free! Turn on your cam and find new friends & maby a match!","og_url":"https:\/\/strangercam.com\/nl\/aveola\/","og_site_name":"Strangercam","article_publisher":"https:\/\/www.facebook.com\/strangercam","og_image":[{"width":800,"height":532,"url":"https:\/\/strangercam.com\/wp-content\/uploads\/2021\/10\/Untitled-2.png","type":"image\/png"}],"twitter_card":"summary_large_image","twitter_site":"@strangercamapp","twitter_misc":{"Geschatte leestijd":"6 minuten"},"schema":{"@context":"https:\/\/schema.org","@graph":[{"@type":"WebPage","@id":"https:\/\/strangercam.com\/aveola\/","url":"https:\/\/strangercam.com\/aveola\/","name":"Aveola - Live Video Chat op StrangerCam.com","isPartOf":{"@id":"https:\/\/strangercam.com\/#website"},"datePublished":"2025-06-16T12:46:37+00:00","description":"Vind je Aveola leuk? Kom chatten met meer dan 5.000.000 vreemden op Stranger Cam gratis! Zet je cam aan en vind nieuwe vrienden &amp; misschien een match!","breadcrumb":{"@id":"https:\/\/strangercam.com\/aveola\/#breadcrumb"},"inLanguage":"nl-NL","potentialAction":[{"@type":"ReadAction","target":["https:\/\/strangercam.com\/aveola\/"]}]},{"@type":"BreadcrumbList","@id":"https:\/\/strangercam.com\/aveola\/#breadcrumb","itemListElement":[{"@type":"ListItem","position":1,"name":"Home","item":"https:\/\/strangercam.com\/"},{"@type":"ListItem","position":2,"name":"Aveola"}]},{"@type":"WebSite","@id":"https:\/\/strangercam.com\/#website","url":"https:\/\/strangercam.com\/","name":"Strangercam","description":"Willekeurige videochat met vreemden","publisher":{"@id":"https:\/\/strangercam.com\/#organization"},"alternateName":"Strangercam.com","potentialAction":[{"@type":"SearchAction","target":{"@type":"EntryPoint","urlTemplate":"https:\/\/strangercam.com\/?s={search_term_string}"},"query-input":{"@type":"PropertyValueSpecification","valueRequired":true,"valueName":"search_term_string"}}],"inLanguage":"nl-NL"},{"@type":"Organization","@id":"https:\/\/strangercam.com\/#organization","name":"Strangercam","alternateName":"Strangercam.com","url":"https:\/\/strangercam.com\/","logo":{"@type":"ImageObject","inLanguage":"nl-NL","@id":"https:\/\/strangercam.com\/#\/schema\/logo\/image\/","url":"https:\/\/strangercam.com\/wp-content\/uploads\/2020\/11\/cropped-new-favicon-black.png","contentUrl":"https:\/\/strangercam.com\/wp-content\/uploads\/2020\/11\/cropped-new-favicon-black.png","width":512,"height":512,"caption":"Strangercam"},"image":{"@id":"https:\/\/strangercam.com\/#\/schema\/logo\/image\/"},"sameAs":["https:\/\/www.facebook.com\/strangercam","https:\/\/x.com\/strangercamapp"]}]}},"_links":{"self":[{"href":"https:\/\/strangercam.com\/nl\/wp-json\/wp\/v2\/pages\/12883","targetHints":{"allow":["GET"]}}],"collection":[{"href":"https:\/\/strangercam.com\/nl\/wp-json\/wp\/v2\/pages"}],"about":[{"href":"https:\/\/strangercam.com\/nl\/wp-json\/wp\/v2\/types\/page"}],"author":[{"embeddable":true,"href":"https:\/\/strangercam.com\/nl\/wp-json\/wp\/v2\/users\/6"}],"replies":[{"embeddable":true,"href":"https:\/\/strangercam.com\/nl\/wp-json\/wp\/v2\/comments?post=12883"}],"version-history":[{"count":3,"href":"https:\/\/strangercam.com\/nl\/wp-json\/wp\/v2\/pages\/12883\/revisions"}],"predecessor-version":[{"id":12886,"href":"https:\/\/strangercam.com\/nl\/wp-json\/wp\/v2\/pages\/12883\/revisions\/12886"}],"wp:attachment":[{"href":"https:\/\/strangercam.com\/nl\/wp-json\/wp\/v2\/media?parent=12883"}],"curies":[{"name":"wp","href":"https:\/\/api.w.org\/{rel}","templated":true}]}}