{"id":12836,"date":"2025-05-14T09:31:13","date_gmt":"2025-05-14T07:31:13","guid":{"rendered":"https:\/\/strangercam.com\/?page_id=12836"},"modified":"2025-05-14T09:31:13","modified_gmt":"2025-05-14T07:31:13","slug":"omgchat","status":"publish","type":"page","link":"https:\/\/strangercam.com\/nl\/omgchat\/","title":{"rendered":"OMGchat"},"content":{"rendered":"<p>In een zee van videochatplatforms die voortdurend in beweging zijn, zijn er enkele namen die zich staande hebben weten te houden dankzij hun eenvoud, langdurige gebruikersbasis en ongecompliceerde aanpak. OMGChat is zo'n platform. Hoewel het misschien niet dezelfde buzz heeft als nieuwere apps zoals Chatspin of Bigo Live, heeft het in stilte een loyale community opgebouwd en blijft het een gemakkelijke manier om te chatten. <a href=\"https:\/\/strangercam.com\/nl\/coomeet\/\">Ontmoet<\/a> mensen via webcam.<\/p>\n<p>Maar is OMGChat in 2025, met zoveel moderne alternatieven, nog steeds relevant? Wat biedt het precies - en nog belangrijker, is het je tijd waard?<\/p>\n<p>In deze volledige review bekijken we de functies, de gebruikerservaring, het publiek, de voor- en nadelen en hoe OMGChat zich verhoudt tot de beste videochatplatforms van dit moment.<\/p>\n<h2>Wat is OMGChat?<\/h2>\n<p>OMGChat is een gratis videochatwebsite met webcam waarmee gebruikers kunnen deelnemen aan openbare chatrooms of priv\u00e9 \u00e9\u00e9n-op-\u00e9\u00e9n gesprekken kunnen voeren. In tegenstelling tot puur willekeurige videochatplatforms zoals <a href=\"https:\/\/strangercam.com\/nl\/omegle\/\">Omegle<\/a> of <a href=\"https:\/\/strangercam.com\/nl\/chatroulette\/\">Chatroulette<\/a>, OMGChat gebruikt een kamergebaseerd systeem, vergelijkbaar met het begin van de jaren 2000 <a href=\"https:\/\/strangercam.com\/nl\/bazoocam\/\">cam<\/a> sites, waar gebruikers door categorie\u00ebn kunnen bladeren, kamers kunnen binnengaan op basis van interesse of geslacht en meerdere cams tegelijk kunnen bekijken.<\/p>\n<p>OMGChat werd begin 2010 gelanceerd en is bedoeld voor gebruikers die op zoek zijn naar meer controle dan wat random matching biedt. Hoewel het niet veel is veranderd in termen van ontwerp of functionaliteit, blijft het populair onder gebruikers die houden van meer traditionele <a href=\"https:\/\/strangercam.com\/nl\/cam-to-cam-chat\/\">cam chat<\/a> omgevingen.<\/p>\n<h2>Wat is het doel van OMGChat?<\/h2>\n<p>OMGChat is gericht op het cre\u00ebren van een community-gedreven, webcam-gerichte chat-ervaring waar gebruikers meerdere live-cams kunnen bekijken, naar onderwerp-gebaseerde chatrooms kunnen gaan en priv\u00e9-videogesprekken kunnen starten met gebruikers van hun keuze. Het gaat minder om willekeur en meer om het socializen in virtuele ruimtes.<\/p>\n<p>Het platform is bedoeld voor:<\/p>\n<ul>\n<li>Mensen die houden van ouderwetse webcam chatrooms<\/li>\n<li>Gebruikers die willen bladeren en kiezen met wie ze willen praten<\/li>\n<li>Fans van community-gestuurde videochat met controle door de gebruiker<\/li>\n<li>Individuen die op zoek zijn naar ongedwongen online vriendschappen of flirten in een minder chaotisch formaat dan willekeurig matchen<\/li>\n<\/ul>\n<p>OMGChat zit tussen klassieke camcommunity's en moderne videochatprogramma's in. Het pusht geen dating, gamificeert de ervaring niet en legt geen nadruk op algoritmes. In plaats daarvan biedt het een meer organische, kamergebaseerde stijl om nieuwe mensen te ontmoeten.<\/p>\n<h2>Belangrijkste kenmerken<\/h2>\n<p>1. Webcam-chatrooms<br \/>\nGebruikers kunnen verschillende chatrooms binnengaan, waarvan er veel zijn georganiseerd op geslacht (bijv. \"Alleen jongens\", \"Alleen meisjes\", \"stellen\"), locatie of interesse. In elke kamer verschijnen gebruikers op camera en iedereen kan elkaars videofeeds zien - net als in een ouderwetse virtuele lounge.<\/p>\n<p>2. Priv\u00e9 Cam-to-Cam Chat<br \/>\nNaast openbare kamers kunnen gebruikers ook priv\u00e9videogesprekken met anderen voeren. Dit zorgt voor \u00e9\u00e9n-op-\u00e9\u00e9n interactie zonder afleiding van de openbare feed.<\/p>\n<p>3. Bekijken met meerdere camera's<br \/>\nEen van de opvallende functies van OMGChat is de mogelijkheid om meerdere cams tegelijk te bekijken in rasterformaat. Je kunt tot een dozijn mensen tegelijk in een kamer zien en dan kiezen met wie je directer wilt interageren.<\/p>\n<p>4. Integratie tekstchat<br \/>\nElke kamer heeft een ingebouwde tekstchatbox naast de videofeed. Hierdoor kunnen gebruikers met iedereen in de kamer communiceren, priv\u00e9berichten versturen of gewoon betrokken blijven zonder zelf op de cam te zijn.<\/p>\n<p>5. Audio &amp; Mic Chat<br \/>\nGebruikers kunnen er ook voor kiezen om voicechat in te schakelen zonder de webcam te gebruiken, waardoor het platform toegankelijker wordt voor diegenen die liever niet altijd in beeld zijn.<\/p>\n<p>6. Tools voor gebruikersbeoordeling<br \/>\nGebruikers kunnen anderen blokkeren, dempen of rapporteren voor ongepast gedrag. Elke ruimte heeft ook moderators die storende gebruikers kunnen verwijderen, zodat de omgeving relatief schoon blijft.<\/p>\n<p>7. Desktop-gericht ontwerp<br \/>\nOMGChat is voornamelijk geoptimaliseerd voor desktopgebruik. Er is geen offici\u00eble mobiele app en hoewel de site laadt op mobiele browsers, vertaalt de volledige multi-cam ervaring zich niet goed naar kleinere schermen.<\/p>\n<h2>Is OMGChat gratis?<\/h2>\n<p>Ja, OMGChat is volledig gratis te gebruiken en er is geen registratie vereist voor openbare kamers. Gebruikers kunnen:<\/p>\n<ul>\n<li>Chatrooms binnengaan<\/li>\n<li>Bekijk meerdere livecams<\/li>\n<li>Chatten via tekst of microfoon<\/li>\n<li>Priv\u00e9berichten sturen<\/li>\n<\/ul>\n<p>Het platform heeft echter wel een VIP-systeem, dat premium extraatjes biedt zoals:<\/p>\n<ul>\n<li>Profiel markeren<\/li>\n<li>Voorrang bij plaatsing in kamers<\/li>\n<li>Geavanceerde moderatietools<\/li>\n<li>Toegang tot extra functies of priv\u00e9kamers<\/li>\n<\/ul>\n<p>Het VIP-lidmaatschap is volledig optioneel en is vooral bedoeld voor power users of frequente bezoekers.<\/p>\n<h2>Wie gebruikt OMGChat?<\/h2>\n<p>OMGChat heeft een langdurige gebruikersbasis en de demografische gegevens weerspiegelen dat. Je vindt:<\/p>\n<ul>\n<li>Volwassenen tussen 25-45 jaar, met veel terugkerende gebruikers in de loop der jaren<\/li>\n<li>Een overwegend mannelijk publiek, hoewel er altijd actieve vrouwelijke gebruikers en koppels in genderspecifieke kamers zijn.<\/li>\n<li>Gebruikers uit Noord-Amerika, het Verenigd Koninkrijk, Australi\u00eb en delen van Europa<\/li>\n<\/ul>\n<p>In tegenstelling tot nieuwere platforms heeft OMGChat minder tieners of Gen Z-gebruikers, waarschijnlijk vanwege het gedateerde ontwerp en het gebrek aan mobiele optimalisatie. Het trekt gebruikers aan die al bekend zijn met cam-gebaseerde chatplatforms en die op zoek zijn naar een ervaring waarbij ze niet hoeven te swipen of streamen.<\/p>\n<p>De omgeving neigt naar flirterige en ongedwongen sociale interactie, maar is niet zo volwassen als expliciete cam sites. De toon is ergens tussen vriendschappelijk rondhangen en PG-13 chatten.<\/p>\n<h2>Veiligheid, privacy en moderatie<\/h2>\n<p>OMGChat handelt de moderatie af via:<\/p>\n<ul>\n<li>Ruimte moderatoren die gebruikers kunnen schoppen of bannen<\/li>\n<li>Rapportage en blokkering van gebruikers<\/li>\n<li>Een servicevoorwaardenovereenkomst die naaktheid, intimidatie of illegale inhoud in algemene ruimtes verbiedt<\/li>\n<\/ul>\n<p>De moderatie is echter enigszins afhankelijk van de community van de kamer. Omdat er geen echte naamregistratie is, kan anonimiteit leiden tot soms ongepast gedrag, vooral in de actievere kamers.<\/p>\n<p>Er zijn geen geavanceerde AI-tools of geavanceerde veiligheidssystemen zoals op Emerald Chat of Yubo. Dat gezegd hebbende, de aanwezigheid van zichtbare moderators in de kamers helpt om een basisniveau van orde te handhaven.<\/p>\n<p>Gebruikers moeten:<\/p>\n<ul>\n<li>Vermijd het delen van persoonlijke informatie<\/li>\n<li>Blijf bij kamers met actieve moderators<\/li>\n<li>Ongepaste inhoud melden<\/li>\n<\/ul>\n<h2>Gebruikerservaring en ontwerp<\/h2>\n<p>Dit is waar OMGChat de meningen kan verdelen. Het platform heeft in vele jaren geen belangrijk herontwerp ondergaan. De lay-out is:<\/p>\n<ul>\n<li>Functioneel maar gedateerd<\/li>\n<li>Het meest geschikt voor desktopgebruik met muis en toetsenbord<\/li>\n<li>Veel Flash-achtige lay-outs en pop-up interfaces<\/li>\n<\/ul>\n<p>Veel gebruikers waarderen echter de ouderwetse charme en stabiliteit. De multi-cam kamers in rasterstijl laden snel en als je eenmaal gewend bent aan de navigatie, verloopt de ervaring soepel.<\/p>\n<p>Op mobiele apparaten is de ervaring beperkt. Het platform is nooit ontworpen met mobile-first gebruikers in gedachten, en dat is te zien. Het resultaat is dat OMGChat het best werkt op een schermvullende monitor met webcam en microfoon.<\/p>\n<h2>OMGChat vs Andere Platformen<\/h2>\n<p>Hoe verhoudt OMGChat zich tot zijn concurrenten? Laten we eens kijken:<\/p>\n<table>\n<thead>\n<tr>\n<th>Functie<\/th>\n<th>OMGChat<\/th>\n<th>Omegle<\/th>\n<th>Chatroulette<\/th>\n<th>Emerald Chat<\/th>\n<th>Camfrog<\/th>\n<\/tr>\n<\/thead>\n<tbody>\n<tr>\n<td>Chat op kamerbasis<\/td>\n<td>Ja<\/td>\n<td>Geen<\/td>\n<td>Geen<\/td>\n<td>Geen<\/td>\n<td>Ja<\/td>\n<\/tr>\n<tr>\n<td>Rasterweergave met meerdere camera's<\/td>\n<td>Ja<\/td>\n<td>Geen<\/td>\n<td>Geen<\/td>\n<td>Geen<\/td>\n<td>Ja<\/td>\n<\/tr>\n<tr>\n<td>Priv\u00e9 videochat<\/td>\n<td>Ja<\/td>\n<td>Ja<\/td>\n<td>Ja<\/td>\n<td>Ja<\/td>\n<td>Ja<\/td>\n<\/tr>\n<tr>\n<td>Gebruikersprofielen<\/td>\n<td>Basis<\/td>\n<td>Geen<\/td>\n<td>Geen<\/td>\n<td>Volledig<\/td>\n<td>Ja<\/td>\n<\/tr>\n<tr>\n<td>Beoordelingssysteem<\/td>\n<td>Gemeenschap<\/td>\n<td>Minimaal<\/td>\n<td>Zwak<\/td>\n<td>Sterk<\/td>\n<td>Sterk<\/td>\n<\/tr>\n<tr>\n<td>Mobiele optimalisatie<\/td>\n<td>Slecht<\/td>\n<td>Matig<\/td>\n<td>Slecht<\/td>\n<td>Goed<\/td>\n<td>Matig<\/td>\n<\/tr>\n<tr>\n<td>Betaalde opties<\/td>\n<td>VIP<\/td>\n<td>Geen<\/td>\n<td>Geen<\/td>\n<td>Ja<\/td>\n<td>Ja<\/td>\n<\/tr>\n<\/tbody>\n<\/table>\n<p>Samenvatting: OMGChat onderscheidt zich voor gebruikers die op de kamer gebaseerde interactie met zichtbare cams willen, maar blijft achter als het gaat om moderne UX of mobiele ondersteuning.<\/p>\n<h2>Voor- en nadelen<\/h2>\n<p>Voordelen:<\/p>\n<ul>\n<li>Gratis toegang zonder registratie<\/li>\n<li>Klassieke webcam chatroom structuur<\/li>\n<li>Meerdere cams tegelijk zichtbaar<\/li>\n<li>Priv\u00e9 en openbare chatopties<\/li>\n<li>Loyale, terugkerende gebruikers<\/li>\n<li>Matiging in de kamer biedt enige veiligheid<\/li>\n<\/ul>\n<p>Minpunten:<\/p>\n<ul>\n<li>Verouderd ontwerp en UI<\/li>\n<li>Slechte mobiele ervaring<\/li>\n<li>Onevenwicht tussen mannen en vrouwen in de meeste kamers<\/li>\n<li>Af en toe matigingstekorten<\/li>\n<li>Niet ideaal voor Gen Z of casual mobiele gebruikers<\/li>\n<\/ul>\n<h2>Ideale gebruikssituaties<\/h2>\n<p>OMGChat is ideaal voor:<\/p>\n<ul>\n<li>Volwassenen die genoten van de begindagen van webcam chatrooms<\/li>\n<li>Gebruikers die door meerdere cams willen bladeren voordat ze kiezen met wie ze willen chatten<\/li>\n<li>Liefhebbers van informele, openbare chatomgevingen met de optie voor priv\u00e9gesprekken<\/li>\n<li>Mensen op zoek naar meer structuur dan willekeurig chatten, maar minder druk dan bij datingapps<\/li>\n<\/ul>\n<p>Het is niet geschikt voor:<\/p>\n<ul>\n<li>Gebruikers jonger dan 18 (niet toegestaan)<\/li>\n<li>Mensen op zoek naar swipe-style dating of algoritmische matches<\/li>\n<li>Mobile-first gebruikers of gebruikers die op zoek zijn naar een gepolijste UI<\/li>\n<li>Degenen die zich ongemakkelijk voelen bij de minder gefilterde aard van anonieme camkamers<\/li>\n<\/ul>\n<h2>Eindoordeel<\/h2>\n<p>OMGChat is een goede keuze voor gebruikers die traditionele webcam chatrooms waarderen en meer controle willen over met wie ze communiceren. Hoewel het niet het strakke ontwerp of de mobiele respons van nieuwere platforms biedt, slaagt het erin een gerichte cam-ervaring met meerdere gebruikers te bieden zonder de willekeur of chaos van andere gratis videochatsites.<\/p>\n<p>Het is geen platform dat het wiel opnieuw probeert uit te vinden - en dat is een deel van de aantrekkingskracht. Voor zowel trouwe gebruikers als nieuwkomers biedt OMGChat een gemakkelijke, eenvoudige manier om rond te hangen, mensen te ontmoeten en deel te nemen aan realtime videogesprekken met een gemeenschapsgevoel.<\/p>\n<p>Als je de webcamkamers van het vroege internet mist of gewoon een platform met iets meer structuur dan Omegle wilt verkennen, is OMGChat zeker het proberen waard - zorg er alleen wel voor dat je op een desktop zit voor de beste ervaring.<\/p>","protected":false},"excerpt":{"rendered":"<p>In a sea of ever-evolving video chat platforms, some names have managed to stick around thanks to their simplicity, long-standing user base, and straightforward approach. OMGChat is one such platform. While it may not have the same buzz as newer apps like Chatspin or Bigo Live, it has quietly sustained a loyal community and continues [&hellip;]<\/p>\n","protected":false},"author":6,"featured_media":0,"parent":0,"menu_order":0,"comment_status":"closed","ping_status":"closed","template":"","meta":{"footnotes":""},"class_list":["post-12836","page","type-page","status-publish","hentry"],"yoast_head":"<!-- This site is optimized with the Yoast SEO plugin v27.4 - https:\/\/yoast.com\/product\/yoast-seo-wordpress\/ -->\n<title>OMGchat - Instant FREE Webcam Chat on StrangerCam.com<\/title>\n<meta name=\"description\" content=\"Like OMGchat? Come chat with more than 5.000.000 strangers on Stranger Cam for Free! Turn on your cam and find new friends &amp; maby a match!\" \/>\n<meta name=\"robots\" content=\"index, follow, max-snippet:-1, max-image-preview:large, max-video-preview:-1\" \/>\n<link rel=\"canonical\" href=\"https:\/\/strangercam.com\/nl\/omgchat\/\" \/>\n<meta property=\"og:locale\" content=\"nl_NL\" \/>\n<meta property=\"og:type\" content=\"article\" \/>\n<meta property=\"og:title\" content=\"OMGchat - Instant FREE Webcam Chat on StrangerCam.com\" \/>\n<meta property=\"og:description\" content=\"Like OMGchat? Come chat with more than 5.000.000 strangers on Stranger Cam for Free! Turn on your cam and find new friends &amp; maby a match!\" \/>\n<meta property=\"og:url\" content=\"https:\/\/strangercam.com\/nl\/omgchat\/\" \/>\n<meta property=\"og:site_name\" content=\"Strangercam\" \/>\n<meta property=\"article:publisher\" content=\"https:\/\/www.facebook.com\/strangercam\" \/>\n<meta property=\"og:image\" content=\"https:\/\/strangercam.com\/wp-content\/uploads\/2021\/10\/Untitled-2.png\" \/>\n\t<meta property=\"og:image:width\" content=\"800\" \/>\n\t<meta property=\"og:image:height\" content=\"532\" \/>\n\t<meta property=\"og:image:type\" content=\"image\/png\" \/>\n<meta name=\"twitter:card\" content=\"summary_large_image\" \/>\n<meta name=\"twitter:site\" content=\"@strangercamapp\" \/>\n<meta name=\"twitter:label1\" content=\"Geschatte leestijd\" \/>\n\t<meta name=\"twitter:data1\" content=\"7 minuten\" \/>\n<script type=\"application\/ld+json\" class=\"yoast-schema-graph\">{\"@context\":\"https:\\\/\\\/schema.org\",\"@graph\":[{\"@type\":\"WebPage\",\"@id\":\"https:\\\/\\\/strangercam.com\\\/omgchat\\\/\",\"url\":\"https:\\\/\\\/strangercam.com\\\/omgchat\\\/\",\"name\":\"OMGchat - Instant FREE Webcam Chat on StrangerCam.com\",\"isPartOf\":{\"@id\":\"https:\\\/\\\/strangercam.com\\\/#website\"},\"datePublished\":\"2025-05-14T07:31:13+00:00\",\"description\":\"Like OMGchat? Come chat with more than 5.000.000 strangers on Stranger Cam for Free! Turn on your cam and find new friends & maby a match!\",\"breadcrumb\":{\"@id\":\"https:\\\/\\\/strangercam.com\\\/omgchat\\\/#breadcrumb\"},\"inLanguage\":\"nl-NL\",\"potentialAction\":[{\"@type\":\"ReadAction\",\"target\":[\"https:\\\/\\\/strangercam.com\\\/omgchat\\\/\"]}]},{\"@type\":\"BreadcrumbList\",\"@id\":\"https:\\\/\\\/strangercam.com\\\/omgchat\\\/#breadcrumb\",\"itemListElement\":[{\"@type\":\"ListItem\",\"position\":1,\"name\":\"Home\",\"item\":\"https:\\\/\\\/strangercam.com\\\/\"},{\"@type\":\"ListItem\",\"position\":2,\"name\":\"OMGchat\"}]},{\"@type\":\"WebSite\",\"@id\":\"https:\\\/\\\/strangercam.com\\\/#website\",\"url\":\"https:\\\/\\\/strangercam.com\\\/\",\"name\":\"Strangercam\",\"description\":\"Random Video Chat with Strangers\",\"publisher\":{\"@id\":\"https:\\\/\\\/strangercam.com\\\/#organization\"},\"alternateName\":\"Strangercam.com\",\"potentialAction\":[{\"@type\":\"SearchAction\",\"target\":{\"@type\":\"EntryPoint\",\"urlTemplate\":\"https:\\\/\\\/strangercam.com\\\/?s={search_term_string}\"},\"query-input\":{\"@type\":\"PropertyValueSpecification\",\"valueRequired\":true,\"valueName\":\"search_term_string\"}}],\"inLanguage\":\"nl-NL\"},{\"@type\":\"Organization\",\"@id\":\"https:\\\/\\\/strangercam.com\\\/#organization\",\"name\":\"Strangercam\",\"alternateName\":\"Strangercam.com\",\"url\":\"https:\\\/\\\/strangercam.com\\\/\",\"logo\":{\"@type\":\"ImageObject\",\"inLanguage\":\"nl-NL\",\"@id\":\"https:\\\/\\\/strangercam.com\\\/#\\\/schema\\\/logo\\\/image\\\/\",\"url\":\"https:\\\/\\\/strangercam.com\\\/wp-content\\\/uploads\\\/2020\\\/11\\\/cropped-new-favicon-black.png\",\"contentUrl\":\"https:\\\/\\\/strangercam.com\\\/wp-content\\\/uploads\\\/2020\\\/11\\\/cropped-new-favicon-black.png\",\"width\":512,\"height\":512,\"caption\":\"Strangercam\"},\"image\":{\"@id\":\"https:\\\/\\\/strangercam.com\\\/#\\\/schema\\\/logo\\\/image\\\/\"},\"sameAs\":[\"https:\\\/\\\/www.facebook.com\\\/strangercam\",\"https:\\\/\\\/x.com\\\/strangercamapp\"]}]}<\/script>\n<!-- \/ Yoast SEO plugin. -->","yoast_head_json":{"title":"OMGchat - Direct GRATIS Webcam-chatten op StrangerCam.nl","description":"Vind je OMGchat leuk? Kom gratis chatten met meer dan 5.000.000 vreemden op Stranger Cam! Zet je cam aan en vind nieuwe vrienden &amp; misschien een match!","robots":{"index":"index","follow":"follow","max-snippet":"max-snippet:-1","max-image-preview":"max-image-preview:large","max-video-preview":"max-video-preview:-1"},"canonical":"https:\/\/strangercam.com\/nl\/omgchat\/","og_locale":"nl_NL","og_type":"article","og_title":"OMGchat - Instant FREE Webcam Chat on StrangerCam.com","og_description":"Like OMGchat? Come chat with more than 5.000.000 strangers on Stranger Cam for Free! Turn on your cam and find new friends & maby a match!","og_url":"https:\/\/strangercam.com\/nl\/omgchat\/","og_site_name":"Strangercam","article_publisher":"https:\/\/www.facebook.com\/strangercam","og_image":[{"width":800,"height":532,"url":"https:\/\/strangercam.com\/wp-content\/uploads\/2021\/10\/Untitled-2.png","type":"image\/png"}],"twitter_card":"summary_large_image","twitter_site":"@strangercamapp","twitter_misc":{"Geschatte leestijd":"7 minuten"},"schema":{"@context":"https:\/\/schema.org","@graph":[{"@type":"WebPage","@id":"https:\/\/strangercam.com\/omgchat\/","url":"https:\/\/strangercam.com\/omgchat\/","name":"OMGchat - Direct GRATIS Webcam-chatten op StrangerCam.nl","isPartOf":{"@id":"https:\/\/strangercam.com\/#website"},"datePublished":"2025-05-14T07:31:13+00:00","description":"Vind je OMGchat leuk? Kom gratis chatten met meer dan 5.000.000 vreemden op Stranger Cam! Zet je cam aan en vind nieuwe vrienden &amp; misschien een match!","breadcrumb":{"@id":"https:\/\/strangercam.com\/omgchat\/#breadcrumb"},"inLanguage":"nl-NL","potentialAction":[{"@type":"ReadAction","target":["https:\/\/strangercam.com\/omgchat\/"]}]},{"@type":"BreadcrumbList","@id":"https:\/\/strangercam.com\/omgchat\/#breadcrumb","itemListElement":[{"@type":"ListItem","position":1,"name":"Home","item":"https:\/\/strangercam.com\/"},{"@type":"ListItem","position":2,"name":"OMGchat"}]},{"@type":"WebSite","@id":"https:\/\/strangercam.com\/#website","url":"https:\/\/strangercam.com\/","name":"Strangercam","description":"Willekeurige videochat met vreemden","publisher":{"@id":"https:\/\/strangercam.com\/#organization"},"alternateName":"Strangercam.com","potentialAction":[{"@type":"SearchAction","target":{"@type":"EntryPoint","urlTemplate":"https:\/\/strangercam.com\/?s={search_term_string}"},"query-input":{"@type":"PropertyValueSpecification","valueRequired":true,"valueName":"search_term_string"}}],"inLanguage":"nl-NL"},{"@type":"Organization","@id":"https:\/\/strangercam.com\/#organization","name":"Strangercam","alternateName":"Strangercam.com","url":"https:\/\/strangercam.com\/","logo":{"@type":"ImageObject","inLanguage":"nl-NL","@id":"https:\/\/strangercam.com\/#\/schema\/logo\/image\/","url":"https:\/\/strangercam.com\/wp-content\/uploads\/2020\/11\/cropped-new-favicon-black.png","contentUrl":"https:\/\/strangercam.com\/wp-content\/uploads\/2020\/11\/cropped-new-favicon-black.png","width":512,"height":512,"caption":"Strangercam"},"image":{"@id":"https:\/\/strangercam.com\/#\/schema\/logo\/image\/"},"sameAs":["https:\/\/www.facebook.com\/strangercam","https:\/\/x.com\/strangercamapp"]}]}},"_links":{"self":[{"href":"https:\/\/strangercam.com\/nl\/wp-json\/wp\/v2\/pages\/12836","targetHints":{"allow":["GET"]}}],"collection":[{"href":"https:\/\/strangercam.com\/nl\/wp-json\/wp\/v2\/pages"}],"about":[{"href":"https:\/\/strangercam.com\/nl\/wp-json\/wp\/v2\/types\/page"}],"author":[{"embeddable":true,"href":"https:\/\/strangercam.com\/nl\/wp-json\/wp\/v2\/users\/6"}],"replies":[{"embeddable":true,"href":"https:\/\/strangercam.com\/nl\/wp-json\/wp\/v2\/comments?post=12836"}],"version-history":[{"count":1,"href":"https:\/\/strangercam.com\/nl\/wp-json\/wp\/v2\/pages\/12836\/revisions"}],"predecessor-version":[{"id":12837,"href":"https:\/\/strangercam.com\/nl\/wp-json\/wp\/v2\/pages\/12836\/revisions\/12837"}],"wp:attachment":[{"href":"https:\/\/strangercam.com\/nl\/wp-json\/wp\/v2\/media?parent=12836"}],"curies":[{"name":"wp","href":"https:\/\/api.w.org\/{rel}","templated":true}]}}