{"id":12700,"date":"2025-02-07T13:15:10","date_gmt":"2025-02-07T11:15:10","guid":{"rendered":"https:\/\/strangercam.com\/?page_id=12700"},"modified":"2025-02-07T13:15:40","modified_gmt":"2025-02-07T11:15:40","slug":"omegla","status":"publish","type":"page","link":"https:\/\/strangercam.com\/nl\/omegla\/","title":{"rendered":"Omegla"},"content":{"rendered":"<p>Met het vertrek van Omegle zijn er verschillende nieuwe <a href=\"https:\/\/strangercam.com\/nl\/rabbit-video-chat\/\">video<\/a> <a href=\"https:\/\/strangercam.com\/nl\/chatroulette\/\">chat<\/a> diensten zijn opgedoken om de leemte op te vullen. Omegla is zo'n platform, ge\u00efnspireerd door Omegle's ongecompliceerde benadering van willekeurig \u00e9\u00e9n-op-\u00e9\u00e9n chatten. Of je nu op zoek bent naar een snel gesprek, wereldwijd op zoek bent naar nieuwe vrienden of gewoon nieuwsgierig bent naar de nieuwste op Omegle ge\u00efnspireerde innovaties, Omegla wil een leuke en gebruiksvriendelijke video-ervaring bieden. Hieronder vind je een uitgebreide blik op wat Omegla te bieden heeft - de belangrijkste functies, gebruikersinterface, veiligheidsmaatregelen en hoe het zich verhoudt tot andere Omegla-producten. <a href=\"https:\/\/strangercam.com\/nl\/omegle\/\">Omegle<\/a> alternatieven zoals Uhmegle en Omegleweg.<\/p>\n<h2>Over Omegla<\/h2>\n<p>Omegla volgt het klassieke random chat-raamwerk:<\/p>\n<ol>\n<li><strong>Directe verbindingen<\/strong>\n<ul>\n<li>Na een snel bezoek aan de site, verbindt een enkele klik of tik je met een vreemdeling uit om het even welke hoek van de wereld.<\/li>\n<\/ul>\n<\/li>\n<li><strong>Anonimiteit eerst<\/strong>\n<ul>\n<li>Geen verplichte registratie betekent dat je meteen kunt beginnen met chatten. Je kunt een basisprofiel aanmaken als je dat wilt, maar dat is optioneel.<\/li>\n<\/ul>\n<\/li>\n<li><strong>E\u00e9n-op-\u00e9\u00e9n focus<\/strong>\n<ul>\n<li>Omegla richt zich op <em>individueel<\/em> verbindingen: er zijn hier geen grote groepsruimten of conferentiefuncties, wat de eenvoud van de Omegle weerspiegelt.<\/li>\n<\/ul>\n<\/li>\n<\/ol>\n<p>Deze minimalistische aanpak richt zich op gebruikers die gewoon willen opstappen, <a href=\"https:\/\/strangercam.com\/nl\/coomeet\/\">Ontmoet<\/a> iemand nieuw en ga verder met chatten of ga verder als het niet klikt.<\/p>\n<h2>Belangrijkste functies in een oogopslag<\/h2>\n<p>De volgende tabel geeft een overzicht van de belangrijkste tools en functies die de gebruikerservaring van Omegla bepalen:<\/p>\n<table>\n<thead>\n<tr>\n<th><strong>Functie<\/strong><\/th>\n<th><strong>Beschrijving<\/strong><\/th>\n<\/tr>\n<\/thead>\n<tbody>\n<tr>\n<td><strong>Willekeurig matchen<\/strong><\/td>\n<td>Koppel onmiddellijk met een willekeurige gebruiker voor een spontaan gesprek.<\/td>\n<\/tr>\n<tr>\n<td><strong>Tekstchatoptie<\/strong><\/td>\n<td>Stuur snelle berichten in combinatie met live video voor extra duidelijkheid.<\/td>\n<\/tr>\n<tr>\n<td><strong>Interesse Tags<\/strong><\/td>\n<td>Voeg brede interesses toe of selecteer ze om je willekeurige matches enigszins te sturen.<\/td>\n<\/tr>\n<tr>\n<td><strong>Overslaan of Volgende<\/strong><\/td>\n<td>Ga naadloos over naar een nieuwe gebruiker als de huidige verbinding niet past.<\/td>\n<\/tr>\n<tr>\n<td><strong>Minimale installatie<\/strong><\/td>\n<td>Geen omslachtige registraties of ingewikkelde instellingen nodig.<\/td>\n<\/tr>\n<tr>\n<td><strong>Feedbackhulpmiddelen voor gebruikers<\/strong><\/td>\n<td>Beoordeel of rapporteer gebruikers om de gemeenschapsnormen te helpen handhaven.<\/td>\n<\/tr>\n<\/tbody>\n<\/table>\n<p>Door zijn ontwerp houdt Omegla de functies beperkt, zodat de kernervaring - praten met vreemden - in de schijnwerpers blijft staan.<\/p>\n<h2>Gebruikersinterface en -ervaring<\/h2>\n<h3>Schone, gestroomlijnde lay-out<\/h3>\n<ul>\n<li><strong>Groot videovenster<\/strong>: In het hart van het scherm zie je de persoon met wie je aan het chatten bent, vrij van overtollige rommel.<\/li>\n<li><strong>Kleine zijbalk\/paneel<\/strong>: Essenti\u00eble besturingselementen - starten, volgende, tekstchat en filters - staan netjes aan de zijkant.<\/li>\n<li><strong>Vertrouwde bediening<\/strong>: Als je de Omegle of andere vergelijkbare platforms hebt gebruikt, zul je je direct aanpassen aan de interface van Omegla.<\/li>\n<\/ul>\n<h3>Snelle verbindingen<\/h3>\n<ul>\n<li><strong>Lage latentie<\/strong>: De hoofdpagina van Omegla laadt snel en het duurt maar even om een match te vinden.<\/li>\n<li><strong>Adaptieve videokwaliteit<\/strong>: Het systeem detecteert je internetsnelheid om de best mogelijke video te leveren zonder constant te bufferen.<\/li>\n<li><strong>Gemakkelijke 'Volgende' overgang<\/strong>: Overschakelen van de ene gebruiker naar de andere veroorzaakt zelden lag, waardoor het eenvoudig is om te blijven chatten tot je de juiste persoon hebt gevonden.<\/li>\n<\/ul>\n<h2>Veiligheid en gematigdheid<\/h2>\n<p>Omdat random chat onvoorspelbaar kan zijn, heeft Omegla verschillende maatregelen genomen om een respectvolle omgeving te garanderen:<\/p>\n<ol>\n<li><strong>Rapport\/blokfunctie<\/strong>\n<ul>\n<li>Met \u00e9\u00e9n klik kun je elke gebruiker rapporteren die de gemeenschapsnormen overtreedt. Het moderatieteam bekijkt gemarkeerde sessies.<\/li>\n<\/ul>\n<\/li>\n<li><strong>Richtlijnen voor basisinhoud<\/strong>\n<ul>\n<li>Duidelijke regels geven aan welk gedrag verboden is, zodat de gebruikersgemeenschap een overeengekomen kader heeft.<\/li>\n<\/ul>\n<\/li>\n<li><strong>Beoordelingen van gebruikers<\/strong>\n<ul>\n<li>In sommige gevallen kun je feedback achterlaten over je ontmoetingen, waardoor positieve interacties worden bevorderd en problematisch gedrag wordt tegengegaan.<\/li>\n<\/ul>\n<\/li>\n<\/ol>\n<p>Hoewel geen enkel platform perfectie kan garanderen, bevorderen deze hulpmiddelen een veiliger <a href=\"https:\/\/strangercam.com\/nl\/mocospace\/\">ruimte<\/a> dan de free-for-all sfeer die soms oudere willekeurige chatplatforms teisterde.<\/p>\n<h2>Vergelijkingen met Andere Omegle Alternatieven<\/h2>\n<p>Omegla is slechts \u00e9\u00e9n van de vele opkomende Omegle-achtige diensten, zoals <strong>Uhmegle<\/strong> en <strong>Omegleweg<\/strong>. Hieronder vindt u een momentopname van hoe ze zich op de belangrijkste punten met elkaar vergelijken:<\/p>\n<table>\n<thead>\n<tr>\n<th><strong>Platform<\/strong><\/th>\n<th><strong>Gebruiksgemak<\/strong><\/th>\n<th><strong>Videokwaliteit<\/strong><\/th>\n<th><strong>Filters\/Tags<\/strong><\/th>\n<th><strong>Rapportagetools<\/strong><\/th>\n<th><strong>Grootte gebruikersbestand<\/strong><\/th>\n<\/tr>\n<\/thead>\n<tbody>\n<tr>\n<td><strong>Omegla<\/strong><\/td>\n<td>Zeer eenvoudig<\/td>\n<td>Adaptieve HD-streaming<\/td>\n<td>Basisbelangen<\/td>\n<td>Snel rapport\/blok<\/td>\n<td>Snel groeien<\/td>\n<\/tr>\n<tr>\n<td>Uhmegle<\/td>\n<td>Rechttoe rechtaan<\/td>\n<td>Over het algemeen stabiel<\/td>\n<td>Enigszins gedetailleerd<\/td>\n<td>Handboekreviewteam<\/td>\n<td>Gevestigde gebruikers<\/td>\n<\/tr>\n<tr>\n<td>Omegleweg<\/td>\n<td>Minimalistisch<\/td>\n<td>Vast (enige buffering)<\/td>\n<td>Beperkt<\/td>\n<td>Basisrapportage<\/td>\n<td>Matig<\/td>\n<\/tr>\n<\/tbody>\n<\/table>\n<ul>\n<li><strong>Gebruiksgemak<\/strong>: Alle drie de platforms hebben een eenvoudige aanpak, maar de interface van Omegla is bijzonder schoon.<\/li>\n<li><strong>Videokwaliteit<\/strong>: Omegla richt zich op adaptieve streaming en biedt redelijk consistente prestaties.<\/li>\n<li><strong>Filters\/Tags<\/strong>: Uhmegle biedt misschien meer details, maar Omegla's basisrentetags houden de zaken eenvoudig.<\/li>\n<li><strong>Rapportagetools<\/strong>: Omegla staat bekend om zijn eenvoudige blokkeer\/rapporteer-knop, die zorgt voor een minimale onderbreking tijdens live sessies.<\/li>\n<\/ul>\n<h2>Demografische gegevens en activiteit van gebruikers<\/h2>\n<h3>Wie gebruikt Omegla?<\/h3>\n<ul>\n<li><strong>Primaire leeftijdsgroep<\/strong>: Jongvolwassenen (18-35) vormen een groot deel, hoewel oudere bevolkingsgroepen ook langskomen voor een snelle babbel.<\/li>\n<li><strong>Talen<\/strong>: Overwegend Engelstalig, maar er zijn ook andere talen dankzij de wereldwijde toegankelijkheid.<\/li>\n<li><strong>Wereldwijde gemeenschap<\/strong>: Sterke aanwezigheid in Noord-Amerika en Europa, met een groeiend aantal gebruikers in delen van Azi\u00eb en Zuid-Amerika.<\/li>\n<\/ul>\n<h3>Gebruikstrends<\/h3>\n<ul>\n<li><strong>Piektijden<\/strong>: s Avonds en in het weekend, als mensen bijkomen van werk of school.<\/li>\n<li><strong>Vrijetijdsklets<\/strong>: Veel gebruikers zijn er gewoon voor hun plezier of om de tijd te doden.<\/li>\n<li><strong>Af en toe een diepgaand gesprek<\/strong>: Sommige mensen blijven hangen voor meer betekenisvolle gesprekken - hobby's, wereldwijde evenementen of culturele uitwisselingen.<\/li>\n<\/ul>\n<h2>Voor- en nadelen<\/h2>\n<p>Hieronder volgt een kort overzicht van Omegla's sterke punten en potenti\u00eble verbeterpunten:<\/p>\n<table>\n<thead>\n<tr>\n<th><strong>Voordelen<\/strong><\/th>\n<th><strong>Nadelen<\/strong><\/th>\n<\/tr>\n<\/thead>\n<tbody>\n<tr>\n<td>\u2013 <strong>Instant willekeurige chats<\/strong>: Met de snelle startknop kun je snel chatten.<\/td>\n<td>\u2013 <strong>Potentieel ongepaste inhoud<\/strong>: Willekeur betekent verrassingen.<\/td>\n<\/tr>\n<tr>\n<td>\u2013 <strong>Geen registratie vereist<\/strong>: Word lid zonder persoonlijke informatie te delen.<\/td>\n<td>\u2013 <strong>Beperkt filteren<\/strong>: Met basistags kunt u alleen verfijnen op brede onderwerpen.<\/td>\n<\/tr>\n<tr>\n<td>\u2013 <strong>Snelle, stabiele verbindingen<\/strong>: Adaptieve streaming houdt gesprekken vloeiend.<\/td>\n<td>\u2013 <strong>Geen profielaanpassing<\/strong>: Wie op zoek is naar meer personalisatie kan zich beperkt voelen.<\/td>\n<\/tr>\n<tr>\n<td>\u2013 <strong>Eenvoudige interface<\/strong>: Minimale leercurve voor nieuwkomers.<\/td>\n<td>\u2013 <strong>Vertrouwen op gebruikersrapporten<\/strong>: De doeltreffendheid van moderatie hangt af van de waakzaamheid van de gemeenschap.<\/td>\n<\/tr>\n<\/tbody>\n<\/table>\n<h2>Voorgestelde toekomstige verbeteringen<\/h2>\n<p>Omegla blijft zich ontwikkelen en gebruikers geven regelmatig feedback. Enkele mogelijke verbeteringen zijn:<\/p>\n<ol>\n<li><strong>Uitgebreide interessecategorie\u00ebn<\/strong>\n<ul>\n<li>Laat gebruikers kiezen uit een bredere set interesses om verbindingen relevanter te maken.<\/li>\n<\/ul>\n<\/li>\n<li><strong>Optionele gebruikersnaam of profiel<\/strong>\n<ul>\n<li>Bied wat meer personalisatie voor degenen die vriendschappelijke wedstrijden willen bijhouden.<\/li>\n<\/ul>\n<\/li>\n<li><strong>Ingebouwde vertaling<\/strong>\n<ul>\n<li>Faciliteer cross-language conversaties voor een nog globalere ervaring.<\/li>\n<\/ul>\n<\/li>\n<li><strong>Onmiddellijk filteren op ongepaste inhoud<\/strong>\n<ul>\n<li>AI-gestuurde detectie kan expliciet of aanstootgevend gedrag sneller aan banden leggen.<\/li>\n<\/ul>\n<\/li>\n<\/ol>\n<h2>Aan de slag: Een snelle handleiding<\/h2>\n<p>Klaar om Omegla te proberen? Hier is een kort stappenplan:<\/p>\n<ol>\n<li><strong>Bezoek Omegla<\/strong>: Voer de website rechtstreeks in een gewone browser in.<\/li>\n<li><strong>Camera en microfoon toestaan<\/strong>: Verleen de nodige rechten voor audio en video.<\/li>\n<li><strong>Interesses kiezen (optioneel)<\/strong>: Selecteer een paar brede tags om willekeurig te matchen.<\/li>\n<li><strong>Klik op 'Starten<\/strong>: Je wordt snel aan een andere gebruiker gekoppeld.<\/li>\n<li><strong>Chatten of overslaan<\/strong>: Als het niet past, klik dan op \"Volgende\" om verder te gaan.<\/li>\n<li><strong>Blok\/Rapport<\/strong>: Als een gebruiker de richtlijnen overtreedt, is er met \u00e9\u00e9n klik een rapport beschikbaar.<\/li>\n<\/ol>\n<p>Binnen enkele seconden ben je online en ontmoet je nieuwe mensen, zonder vervelende aanmeldingen.<\/p>\n<h2>Conclusie<\/h2>\n<p>In een wereld waar de afwezigheid van Omegle een gat heeft geslagen voor fans van spontaan videochatten, positioneert Omegla zichzelf als een eenvoudig, modern alternatief. De minimale interface, snelle verbindingen en gebruiksvriendelijke functies weerspiegelen de essentie van wat de originele Omegle zo aantrekkelijk maakte.<\/p>\n<p>Hoewel moderatie op een willekeurig platform nooit waterdicht is, zijn Omegla's rapportage- en blokkeringstools gericht op het behouden van een positievere sfeer. Voor degenen die hunkeren naar willekeurige, internationale interacties zonder het gedoe van het aanmaken van accounts of het navigeren door talloze instellingen, biedt Omegla een boeiende ervaring zonder franje. Met voortdurende verfijning en responsieve moderatie, heeft het de potentie om een vaste plaats te veroveren tussen populaire Omegle opvolgers zoals Uhmegle en Omegleweg.<\/p>\n<p>Als je op zoek bent naar die klassieke \"Stranger at the click of a button\" vibe, zou Omegla je volgende favoriete go-to kunnen zijn om mensen van over de hele wereld te ontmoeten-\u00e9\u00e9n spontane chat per keer.<\/p>","protected":false},"excerpt":{"rendered":"<p>With Omegle\u2019s departure, a variety of new video chat services have emerged to fill the gap. Omegla is one such platform, taking inspiration from Omegle\u2019s straightforward approach to random one-on-one chatting. Whether you\u2019re looking for a quick conversation, seeking new friends worldwide, or just curious about the latest Omegle-inspired innovations, Omegla aims to provide a [&hellip;]<\/p>\n","protected":false},"author":6,"featured_media":0,"parent":0,"menu_order":0,"comment_status":"closed","ping_status":"closed","template":"","meta":{"footnotes":""},"class_list":["post-12700","page","type-page","status-publish","hentry"],"yoast_head":"<!-- This site is optimized with the Yoast SEO plugin v27.4 - https:\/\/yoast.com\/product\/yoast-seo-wordpress\/ -->\n<title>Omegla - Free video chat with girls on StrangerCam.com<\/title>\n<meta name=\"description\" content=\"Like Omegla? Come chat with more than 5.000.000 strangers on Stranger Cam for Free! Turn on your cam and find new friends &amp; maby a match!\" \/>\n<meta name=\"robots\" content=\"index, follow, max-snippet:-1, max-image-preview:large, max-video-preview:-1\" \/>\n<link rel=\"canonical\" href=\"https:\/\/strangercam.com\/nl\/omegla\/\" \/>\n<meta property=\"og:locale\" content=\"nl_NL\" \/>\n<meta property=\"og:type\" content=\"article\" \/>\n<meta property=\"og:title\" content=\"Omegla - Free video chat with girls on StrangerCam.com\" \/>\n<meta property=\"og:description\" content=\"Like Omegla? Come chat with more than 5.000.000 strangers on Stranger Cam for Free! Turn on your cam and find new friends &amp; maby a match!\" \/>\n<meta property=\"og:url\" content=\"https:\/\/strangercam.com\/nl\/omegla\/\" \/>\n<meta property=\"og:site_name\" content=\"Strangercam\" \/>\n<meta property=\"article:publisher\" content=\"https:\/\/www.facebook.com\/strangercam\" \/>\n<meta property=\"article:modified_time\" content=\"2025-02-07T11:15:40+00:00\" \/>\n<meta property=\"og:image\" content=\"https:\/\/strangercam.com\/wp-content\/uploads\/2021\/10\/Untitled-2.png\" \/>\n\t<meta property=\"og:image:width\" content=\"800\" \/>\n\t<meta property=\"og:image:height\" content=\"532\" \/>\n\t<meta property=\"og:image:type\" content=\"image\/png\" \/>\n<meta name=\"twitter:card\" content=\"summary_large_image\" \/>\n<meta name=\"twitter:site\" content=\"@strangercamapp\" \/>\n<meta name=\"twitter:label1\" content=\"Geschatte leestijd\" \/>\n\t<meta name=\"twitter:data1\" content=\"6 minuten\" \/>\n<script type=\"application\/ld+json\" class=\"yoast-schema-graph\">{\"@context\":\"https:\\\/\\\/schema.org\",\"@graph\":[{\"@type\":\"WebPage\",\"@id\":\"https:\\\/\\\/strangercam.com\\\/omegla\\\/\",\"url\":\"https:\\\/\\\/strangercam.com\\\/omegla\\\/\",\"name\":\"Omegla - Free video chat with girls on StrangerCam.com\",\"isPartOf\":{\"@id\":\"https:\\\/\\\/strangercam.com\\\/#website\"},\"datePublished\":\"2025-02-07T11:15:10+00:00\",\"dateModified\":\"2025-02-07T11:15:40+00:00\",\"description\":\"Like Omegla? Come chat with more than 5.000.000 strangers on Stranger Cam for Free! Turn on your cam and find new friends & maby a match!\",\"breadcrumb\":{\"@id\":\"https:\\\/\\\/strangercam.com\\\/omegla\\\/#breadcrumb\"},\"inLanguage\":\"nl-NL\",\"potentialAction\":[{\"@type\":\"ReadAction\",\"target\":[\"https:\\\/\\\/strangercam.com\\\/omegla\\\/\"]}]},{\"@type\":\"BreadcrumbList\",\"@id\":\"https:\\\/\\\/strangercam.com\\\/omegla\\\/#breadcrumb\",\"itemListElement\":[{\"@type\":\"ListItem\",\"position\":1,\"name\":\"Home\",\"item\":\"https:\\\/\\\/strangercam.com\\\/\"},{\"@type\":\"ListItem\",\"position\":2,\"name\":\"Omegla\"}]},{\"@type\":\"WebSite\",\"@id\":\"https:\\\/\\\/strangercam.com\\\/#website\",\"url\":\"https:\\\/\\\/strangercam.com\\\/\",\"name\":\"Strangercam\",\"description\":\"Random Video Chat with Strangers\",\"publisher\":{\"@id\":\"https:\\\/\\\/strangercam.com\\\/#organization\"},\"alternateName\":\"Strangercam.com\",\"potentialAction\":[{\"@type\":\"SearchAction\",\"target\":{\"@type\":\"EntryPoint\",\"urlTemplate\":\"https:\\\/\\\/strangercam.com\\\/?s={search_term_string}\"},\"query-input\":{\"@type\":\"PropertyValueSpecification\",\"valueRequired\":true,\"valueName\":\"search_term_string\"}}],\"inLanguage\":\"nl-NL\"},{\"@type\":\"Organization\",\"@id\":\"https:\\\/\\\/strangercam.com\\\/#organization\",\"name\":\"Strangercam\",\"alternateName\":\"Strangercam.com\",\"url\":\"https:\\\/\\\/strangercam.com\\\/\",\"logo\":{\"@type\":\"ImageObject\",\"inLanguage\":\"nl-NL\",\"@id\":\"https:\\\/\\\/strangercam.com\\\/#\\\/schema\\\/logo\\\/image\\\/\",\"url\":\"https:\\\/\\\/strangercam.com\\\/wp-content\\\/uploads\\\/2020\\\/11\\\/cropped-new-favicon-black.png\",\"contentUrl\":\"https:\\\/\\\/strangercam.com\\\/wp-content\\\/uploads\\\/2020\\\/11\\\/cropped-new-favicon-black.png\",\"width\":512,\"height\":512,\"caption\":\"Strangercam\"},\"image\":{\"@id\":\"https:\\\/\\\/strangercam.com\\\/#\\\/schema\\\/logo\\\/image\\\/\"},\"sameAs\":[\"https:\\\/\\\/www.facebook.com\\\/strangercam\",\"https:\\\/\\\/x.com\\\/strangercamapp\"]}]}<\/script>\n<!-- \/ Yoast SEO plugin. -->","yoast_head_json":{"title":"Omegla - Gratis videochatten met meiden op StrangerCam.com","description":"Vind je Omegla leuk? Kom chatten met meer dan 5.000.000 vreemden op Stranger Cam gratis! Zet je cam aan en vind nieuwe vrienden &amp; misschien een match!","robots":{"index":"index","follow":"follow","max-snippet":"max-snippet:-1","max-image-preview":"max-image-preview:large","max-video-preview":"max-video-preview:-1"},"canonical":"https:\/\/strangercam.com\/nl\/omegla\/","og_locale":"nl_NL","og_type":"article","og_title":"Omegla - Free video chat with girls on StrangerCam.com","og_description":"Like Omegla? Come chat with more than 5.000.000 strangers on Stranger Cam for Free! Turn on your cam and find new friends & maby a match!","og_url":"https:\/\/strangercam.com\/nl\/omegla\/","og_site_name":"Strangercam","article_publisher":"https:\/\/www.facebook.com\/strangercam","article_modified_time":"2025-02-07T11:15:40+00:00","og_image":[{"width":800,"height":532,"url":"https:\/\/strangercam.com\/wp-content\/uploads\/2021\/10\/Untitled-2.png","type":"image\/png"}],"twitter_card":"summary_large_image","twitter_site":"@strangercamapp","twitter_misc":{"Geschatte leestijd":"6 minuten"},"schema":{"@context":"https:\/\/schema.org","@graph":[{"@type":"WebPage","@id":"https:\/\/strangercam.com\/omegla\/","url":"https:\/\/strangercam.com\/omegla\/","name":"Omegla - Gratis videochatten met meiden op StrangerCam.com","isPartOf":{"@id":"https:\/\/strangercam.com\/#website"},"datePublished":"2025-02-07T11:15:10+00:00","dateModified":"2025-02-07T11:15:40+00:00","description":"Vind je Omegla leuk? Kom chatten met meer dan 5.000.000 vreemden op Stranger Cam gratis! Zet je cam aan en vind nieuwe vrienden &amp; misschien een match!","breadcrumb":{"@id":"https:\/\/strangercam.com\/omegla\/#breadcrumb"},"inLanguage":"nl-NL","potentialAction":[{"@type":"ReadAction","target":["https:\/\/strangercam.com\/omegla\/"]}]},{"@type":"BreadcrumbList","@id":"https:\/\/strangercam.com\/omegla\/#breadcrumb","itemListElement":[{"@type":"ListItem","position":1,"name":"Home","item":"https:\/\/strangercam.com\/"},{"@type":"ListItem","position":2,"name":"Omegla"}]},{"@type":"WebSite","@id":"https:\/\/strangercam.com\/#website","url":"https:\/\/strangercam.com\/","name":"Strangercam","description":"Willekeurige videochat met vreemden","publisher":{"@id":"https:\/\/strangercam.com\/#organization"},"alternateName":"Strangercam.com","potentialAction":[{"@type":"SearchAction","target":{"@type":"EntryPoint","urlTemplate":"https:\/\/strangercam.com\/?s={search_term_string}"},"query-input":{"@type":"PropertyValueSpecification","valueRequired":true,"valueName":"search_term_string"}}],"inLanguage":"nl-NL"},{"@type":"Organization","@id":"https:\/\/strangercam.com\/#organization","name":"Strangercam","alternateName":"Strangercam.com","url":"https:\/\/strangercam.com\/","logo":{"@type":"ImageObject","inLanguage":"nl-NL","@id":"https:\/\/strangercam.com\/#\/schema\/logo\/image\/","url":"https:\/\/strangercam.com\/wp-content\/uploads\/2020\/11\/cropped-new-favicon-black.png","contentUrl":"https:\/\/strangercam.com\/wp-content\/uploads\/2020\/11\/cropped-new-favicon-black.png","width":512,"height":512,"caption":"Strangercam"},"image":{"@id":"https:\/\/strangercam.com\/#\/schema\/logo\/image\/"},"sameAs":["https:\/\/www.facebook.com\/strangercam","https:\/\/x.com\/strangercamapp"]}]}},"_links":{"self":[{"href":"https:\/\/strangercam.com\/nl\/wp-json\/wp\/v2\/pages\/12700","targetHints":{"allow":["GET"]}}],"collection":[{"href":"https:\/\/strangercam.com\/nl\/wp-json\/wp\/v2\/pages"}],"about":[{"href":"https:\/\/strangercam.com\/nl\/wp-json\/wp\/v2\/types\/page"}],"author":[{"embeddable":true,"href":"https:\/\/strangercam.com\/nl\/wp-json\/wp\/v2\/users\/6"}],"replies":[{"embeddable":true,"href":"https:\/\/strangercam.com\/nl\/wp-json\/wp\/v2\/comments?post=12700"}],"version-history":[{"count":1,"href":"https:\/\/strangercam.com\/nl\/wp-json\/wp\/v2\/pages\/12700\/revisions"}],"predecessor-version":[{"id":12701,"href":"https:\/\/strangercam.com\/nl\/wp-json\/wp\/v2\/pages\/12700\/revisions\/12701"}],"wp:attachment":[{"href":"https:\/\/strangercam.com\/nl\/wp-json\/wp\/v2\/media?parent=12700"}],"curies":[{"name":"wp","href":"https:\/\/api.w.org\/{rel}","templated":true}]}}