{"id":12565,"date":"2024-10-07T10:40:10","date_gmt":"2024-10-07T08:40:10","guid":{"rendered":"https:\/\/strangercam.com\/?page_id=12565"},"modified":"2025-02-04T09:34:08","modified_gmt":"2025-02-04T07:34:08","slug":"chamet","status":"publish","type":"page","link":"https:\/\/strangercam.com\/nl\/chamet\/","title":{"rendered":"Chamet"},"content":{"rendered":"<p>Ben je op zoek naar een levendige video <a href=\"https:\/\/strangercam.com\/nl\/chatroulette\/\">chat<\/a> app naar <a href=\"https:\/\/strangercam.com\/nl\/coomeet\/\">Ontmoet<\/a> nieuwe mensen, deelnemen aan real-time gesprekken, of gewoon nieuwe culturen verkennen? Chamet biedt een interactief platform voor \u00e9\u00e9n-op-\u00e9\u00e9n videogesprekken, live streams en groepschats, dat gebruikers over de hele wereld samenbrengt. In dit gedetailleerde overzicht, zullen we ons verdiepen in de belangrijkste kenmerken van Chamet, hoe het werkt, en wat het onderscheidt van andere <a href=\"https:\/\/strangercam.com\/nl\/rabbit-video-chat\/\">videochat<\/a> apps op de markt.<\/p>\n<h2>Wat is Chamet?<\/h2>\n<p>Chamet is een <strong>videochat toepassing<\/strong> beschikbaar op zowel iOS- als Android-apparaten. De primaire focus is om gebruikers te helpen:<\/p>\n<ul>\n<li><strong>Nieuwe mensen ontmoeten<\/strong>: Ontdek nieuwe gezichten van over de hele wereld.<\/li>\n<li><strong>Betrek bij zinvolle chats<\/strong>: Begin gesprekken via live videogesprekken of groepssessies.<\/li>\n<li><strong>Geniet van realtime vertalingen<\/strong>: Overwin taalbarri\u00e8res en maak contact met een internationale gemeenschap.<\/li>\n<li><strong>Ontdek diverse culturen<\/strong>: Inzicht krijgen in verschillende levensstijlen en achtergronden.<\/li>\n<\/ul>\n<p>Chamet combineert de spontaniteit van willekeurig videochatten met gebruiksvriendelijke functies zoals interessetags, virtuele cadeaus en in-app valuta om de algehele ervaring te verbeteren.<\/p>\n<h2>Belangrijkste kenmerken<\/h2>\n<h3>1. Live videogesprekken<\/h3>\n<p>De kern van Chamet is <strong>\u00e9\u00e9n-op-\u00e9\u00e9n videochats<\/strong> waarmee je direct in contact kunt komen met nieuwe mensen. Je kunt een gesprek starten met een simpele tik en als het gesprek niet je interesse wekt, kun je snel verder gaan om een andere match te vinden.<\/p>\n<h3>2. Wereldwijde overeenkomst<\/h3>\n<p>Chamet matcht je met gebruikers uit verschillende landen en zorgt zo voor een echte <strong>wereldwijde gemeenschap<\/strong>. Dit is perfect voor iedereen die nieuwe talen wil oefenen of andere culturen uit de eerste hand wil leren kennen.<\/p>\n<h3>3. Vertaling in real time<\/h3>\n<p>Om taalbarri\u00e8res te doorbreken, biedt de Chamet een ingebouwde vertaler die berichten automatisch kan vertalen tijdens je videogesprekken. Deze functie helpt om gesprekken soepeler te laten verlopen, ongeacht je moedertaal.<\/p>\n<h3>4. Live streams van groepen<\/h3>\n<p>Naast \u00e9\u00e9n-op-\u00e9\u00e9n gesprekken ondersteunt de Chamet ook livestreams in groepen waarbij meerdere gebruikers kunnen deelnemen aan een virtuele \u201ckamer\u201d. Hosts kunnen zich bezighouden met hun publiek, waardoor het ideaal is voor:<\/p>\n<ul>\n<li><strong>Virtuele feesten<\/strong><\/li>\n<li><strong>Vraag en antwoord sessies<\/strong><\/li>\n<li><strong>Taaluitwisselingsgroepen<\/strong><\/li>\n<li><strong>Ongedwongen rondhangen met vrienden<\/strong><\/li>\n<\/ul>\n<h3>5. Virtuele geschenken en In-App valuta<\/h3>\n<p>Chamet bevat een virtuele economie met koopbare <strong>munten<\/strong>. Deze munten kunnen worden gebruikt om leuke <strong>virtuele geschenken<\/strong>-Zoals stickers en speciale effecten voor hosts of nieuwe vrienden. Geschenken voegen een interactielaag toe en helpen gebruikers op te vallen tijdens drukke livestreams.<\/p>\n<h2>Hoe Chamet werkt<\/h2>\n<h3>1. Snelle registratie<\/h3>\n<p>Gebruikers kunnen <strong>zich aanmelden<\/strong> via verschillende methoden, zoals:<\/p>\n<ul>\n<li>Telefoonnummer verificatie<\/li>\n<li>Sociale media-accounts (zoals Facebook of Google)<\/li>\n<\/ul>\n<p>Eenmaal geregistreerd kun je een kort profiel aanmaken en dit personaliseren met foto's of een korte biografie.<\/p>\n<h3>2. Profielinstelling en -matching<\/h3>\n<p>Nadat je je hebt aangemeld, heb je de optie om:<\/p>\n<ul>\n<li><strong>Voorkeuren kiezen<\/strong> (bijv. talen of interesses)<\/li>\n<li><strong>Locatiegebaseerde ontdekking inschakelen<\/strong> voor meer gelokaliseerde chats<\/li>\n<li><strong>Gebruik interessetags<\/strong> om te matchen met gebruikers die jouw hobby's delen<\/li>\n<\/ul>\n<p>Het algoritme van Chamet helpt je vervolgens om in realtime contact te leggen met gebruikers.<\/p>\n<h3>3. In-App veiligheidsmaatregelen<\/h3>\n<p>Voordat een videosessie begint, biedt Chamet basis moderatie en verificatie tools om ervoor te zorgen dat gebruikers op het platform zich houden aan de community richtlijnen.<\/p>\n<h2>Veiligheid en gematigdheid<\/h2>\n<p><a href=\"https:\/\/strangercam.com\/nl\/chathub\/\">Willekeurige videochat<\/a> apps kunnen soms ongepaste of schadelijke inhoud tegenkomen. Chamet pakt dit aan door:<\/p>\n<ul>\n<li><strong>AI-gestuurde inhoudfiltering<\/strong>: Het systeem detecteert automatisch expliciet of problematisch gedrag.<\/li>\n<li><strong>Rapportage en blokkering<\/strong>: Gebruikers kunnen overtreders eenvoudig rapporteren en blokkeren voor toekomstig contact.<\/li>\n<li><strong>Richtlijnen voor de gemeenschap<\/strong>: Chamet handhaaft regels tegen expliciet of schadelijk gedrag, met mogelijke schorsing van het account bij herhaalde overtredingen.<\/li>\n<\/ul>\n<h2>Voor- en nadelen van Chamet<\/h2>\n<p>Zoals elk platform heeft Chamet zijn voor- en nadelen. Hier volgt een kort overzicht:<\/p>\n<table>\n<thead>\n<tr>\n<th>Voordelen<\/th>\n<th>Nadelen<\/th>\n<\/tr>\n<\/thead>\n<tbody>\n<tr>\n<td>\n<ul>\n<li>Real-Time Vertaling om taalbarri\u00e8res te verkleinen<\/li>\n<li>Verschillende functies, waaronder groepsstreams en virtuele cadeaus<\/li>\n<li>Gemakkelijk aanmelden met meerdere registratieopties<\/li>\n<li>Sterke wereldwijde gebruikersbasis voor diverse interacties<\/li>\n<li>Ingebouwde moderatietools voor veiligere gesprekken<\/li>\n<\/ul>\n<\/td>\n<td>\n<ul>\n<li>Sommige functies opgesloten achter in-app aankopen<\/li>\n<li>Kans op het tegenkomen van ongepaste inhoud (hoewel gemodereerd)<\/li>\n<li>Zwaarder gegevensgebruik voor HD-videogesprekken<\/li>\n<li>Op munten gebaseerde economie kan frequente uitgaven aanmoedigen<\/li>\n<\/ul>\n<\/td>\n<\/tr>\n<\/tbody>\n<\/table>\n<h2>Tips om het meeste uit Chamet te halen<\/h2>\n<h3>1. Vul uw profiel in<\/h3>\n<p>Voeg een duidelijke profielfoto toe en vermeld interesses of talen die je spreekt. Dit verhoogt je kansen om een gesprek aan te knopen en een goede verstandhouding op te bouwen.<\/p>\n<h3>2. Gebruik Real-Time Vertaling verstandig<\/h3>\n<p>Oefen actief luisteren en gebruik de vertaalfunctie om nuances te begrijpen. Dit maakt je videogesprekken soepeler en meer de moeite waard.<\/p>\n<h3>3. Profiteer van livestreams van groepen<\/h3>\n<p>Neem deel aan of organiseer een groepssessie rond een onderwerp waar je van houdt. Het is een geweldige manier om gelijkgestemde gebruikers te vinden en levendige discussies op gang te brengen.<\/p>\n<h3>4. Blijf veilig online<\/h3>\n<ul>\n<li>Vermijd het delen van persoonlijke informatie (adres, financi\u00eble gegevens) op openbare streams.<\/li>\n<li>Meld verdacht of aanstootgevend gedrag onmiddellijk.<\/li>\n<\/ul>\n<h2>Vergelijkingen met andere videochatapps<\/h2>\n<p>Chamet concurreert in een drukke markt naast populaire willekeurige videochat-apps. Het onderscheidt zich door:<\/p>\n<ul>\n<li><strong>Vertalingen in realtime<\/strong>: Moeiteloos chatten tussen culturen.<\/li>\n<li><strong>Live streams van groepen<\/strong>: Interacties met meerdere gebruikers mogelijk maken, terwijl veel willekeurige apps zich beperken tot \u00e9\u00e9n-op-\u00e9\u00e9n gesprekken.<\/li>\n<li><strong>Interactieve virtuele cadeaus<\/strong>: Een leuke manier om waardering te tonen of je te onderscheiden van andere kijkers.<\/li>\n<\/ul>\n<h2>Conclusie<\/h2>\n<p>Chamet valt op in de videochat-app <a href=\"https:\/\/strangercam.com\/nl\/mocospace\/\">ruimte<\/a> door een wereldwijde community te combineren met interactieve functies zoals live vertalingen, virtuele cadeaus en groepsstreams. Of je nu vrienden wilt maken op verschillende continenten, je taalvaardigheden wilt aanscherpen of gewoon een nieuwe vorm van sociale betrokkenheid wilt uitproberen, Chamet biedt meerdere manieren om in realtime met elkaar in contact te komen.<br \/>\nDoor de nadruk te leggen op veiligheid en plezier, spreekt Chamet een brede groep gebruikers aan-van casual chatters tot social media enthousiastelingen die op zoek zijn naar een meer persoonlijke vorm van online interactie. Als je klaar bent om nieuwe digitale vriendschappen aan te gaan en virtuele culturen wereldwijd te verkennen, probeer Chamet dan eens en kijk wie er aan de andere kant van je volgende videogesprek zit.<\/p>","protected":false},"excerpt":{"rendered":"<p>Are you searching for a lively video chat app to meet new people, engage in real-time conversations, or simply explore new cultures? Chamet offers an interactive platform for one-on-one video calls, live streams, and group chats, bringing users together across the globe. In this detailed overview, we\u2019ll delve into Chamet\u2019s key features, how it works, [&hellip;]<\/p>\n","protected":false},"author":6,"featured_media":0,"parent":0,"menu_order":0,"comment_status":"closed","ping_status":"closed","template":"","meta":{"footnotes":""},"class_list":["post-12565","page","type-page","status-publish","hentry"],"yoast_head":"<!-- This site is optimized with the Yoast SEO plugin v27.4 - https:\/\/yoast.com\/product\/yoast-seo-wordpress\/ -->\n<title>Chamet - Global Video Connections &amp; Chat - StrangerCam.com<\/title>\n<meta name=\"description\" content=\"Discover Chamet, the ultimate online platform connecting you to free video chat rooms and live streams. Join Chamet today!\" \/>\n<meta name=\"robots\" content=\"index, follow, max-snippet:-1, max-image-preview:large, max-video-preview:-1\" \/>\n<link rel=\"canonical\" href=\"https:\/\/strangercam.com\/nl\/chamet\/\" \/>\n<meta property=\"og:locale\" content=\"nl_NL\" \/>\n<meta property=\"og:type\" content=\"article\" \/>\n<meta property=\"og:title\" content=\"Chamet - Global Video Connections &amp; Chat - StrangerCam.com\" \/>\n<meta property=\"og:description\" content=\"Discover Chamet, the ultimate online platform connecting you to free video chat rooms and live streams. Join Chamet today!\" \/>\n<meta property=\"og:url\" content=\"https:\/\/strangercam.com\/nl\/chamet\/\" \/>\n<meta property=\"og:site_name\" content=\"Strangercam\" \/>\n<meta property=\"article:publisher\" content=\"https:\/\/www.facebook.com\/strangercam\" \/>\n<meta property=\"article:modified_time\" content=\"2025-02-04T07:34:08+00:00\" \/>\n<meta property=\"og:image\" content=\"https:\/\/strangercam.com\/wp-content\/uploads\/2021\/10\/Untitled-2.png\" \/>\n\t<meta property=\"og:image:width\" content=\"800\" \/>\n\t<meta property=\"og:image:height\" content=\"532\" \/>\n\t<meta property=\"og:image:type\" content=\"image\/png\" \/>\n<meta name=\"twitter:card\" content=\"summary_large_image\" \/>\n<meta name=\"twitter:site\" content=\"@strangercamapp\" \/>\n<meta name=\"twitter:label1\" content=\"Geschatte leestijd\" \/>\n\t<meta name=\"twitter:data1\" content=\"4 minuten\" \/>\n<script type=\"application\/ld+json\" class=\"yoast-schema-graph\">{\"@context\":\"https:\\\/\\\/schema.org\",\"@graph\":[{\"@type\":\"WebPage\",\"@id\":\"https:\\\/\\\/strangercam.com\\\/chamet\\\/\",\"url\":\"https:\\\/\\\/strangercam.com\\\/chamet\\\/\",\"name\":\"Chamet - Global Video Connections & Chat - StrangerCam.com\",\"isPartOf\":{\"@id\":\"https:\\\/\\\/strangercam.com\\\/#website\"},\"datePublished\":\"2024-10-07T08:40:10+00:00\",\"dateModified\":\"2025-02-04T07:34:08+00:00\",\"description\":\"Discover Chamet, the ultimate online platform connecting you to free video chat rooms and live streams. Join Chamet today!\",\"breadcrumb\":{\"@id\":\"https:\\\/\\\/strangercam.com\\\/chamet\\\/#breadcrumb\"},\"inLanguage\":\"nl-NL\",\"potentialAction\":[{\"@type\":\"ReadAction\",\"target\":[\"https:\\\/\\\/strangercam.com\\\/chamet\\\/\"]}]},{\"@type\":\"BreadcrumbList\",\"@id\":\"https:\\\/\\\/strangercam.com\\\/chamet\\\/#breadcrumb\",\"itemListElement\":[{\"@type\":\"ListItem\",\"position\":1,\"name\":\"Home\",\"item\":\"https:\\\/\\\/strangercam.com\\\/\"},{\"@type\":\"ListItem\",\"position\":2,\"name\":\"Chamet\"}]},{\"@type\":\"WebSite\",\"@id\":\"https:\\\/\\\/strangercam.com\\\/#website\",\"url\":\"https:\\\/\\\/strangercam.com\\\/\",\"name\":\"Strangercam\",\"description\":\"Random Video Chat with Strangers\",\"publisher\":{\"@id\":\"https:\\\/\\\/strangercam.com\\\/#organization\"},\"alternateName\":\"Strangercam.com\",\"potentialAction\":[{\"@type\":\"SearchAction\",\"target\":{\"@type\":\"EntryPoint\",\"urlTemplate\":\"https:\\\/\\\/strangercam.com\\\/?s={search_term_string}\"},\"query-input\":{\"@type\":\"PropertyValueSpecification\",\"valueRequired\":true,\"valueName\":\"search_term_string\"}}],\"inLanguage\":\"nl-NL\"},{\"@type\":\"Organization\",\"@id\":\"https:\\\/\\\/strangercam.com\\\/#organization\",\"name\":\"Strangercam\",\"alternateName\":\"Strangercam.com\",\"url\":\"https:\\\/\\\/strangercam.com\\\/\",\"logo\":{\"@type\":\"ImageObject\",\"inLanguage\":\"nl-NL\",\"@id\":\"https:\\\/\\\/strangercam.com\\\/#\\\/schema\\\/logo\\\/image\\\/\",\"url\":\"https:\\\/\\\/strangercam.com\\\/wp-content\\\/uploads\\\/2020\\\/11\\\/cropped-new-favicon-black.png\",\"contentUrl\":\"https:\\\/\\\/strangercam.com\\\/wp-content\\\/uploads\\\/2020\\\/11\\\/cropped-new-favicon-black.png\",\"width\":512,\"height\":512,\"caption\":\"Strangercam\"},\"image\":{\"@id\":\"https:\\\/\\\/strangercam.com\\\/#\\\/schema\\\/logo\\\/image\\\/\"},\"sameAs\":[\"https:\\\/\\\/www.facebook.com\\\/strangercam\",\"https:\\\/\\\/x.com\\\/strangercamapp\"]}]}<\/script>\n<!-- \/ Yoast SEO plugin. -->","yoast_head_json":{"title":"Chamet - Wereldwijde videoverbindingen &amp; chatten - StrangerCam.com","description":"Ontdek Chamet, het ultieme online platform dat je verbindt met gratis videochatrooms en livestreams. Word vandaag nog lid van Chamet!","robots":{"index":"index","follow":"follow","max-snippet":"max-snippet:-1","max-image-preview":"max-image-preview:large","max-video-preview":"max-video-preview:-1"},"canonical":"https:\/\/strangercam.com\/nl\/chamet\/","og_locale":"nl_NL","og_type":"article","og_title":"Chamet - Global Video Connections & Chat - StrangerCam.com","og_description":"Discover Chamet, the ultimate online platform connecting you to free video chat rooms and live streams. Join Chamet today!","og_url":"https:\/\/strangercam.com\/nl\/chamet\/","og_site_name":"Strangercam","article_publisher":"https:\/\/www.facebook.com\/strangercam","article_modified_time":"2025-02-04T07:34:08+00:00","og_image":[{"width":800,"height":532,"url":"https:\/\/strangercam.com\/wp-content\/uploads\/2021\/10\/Untitled-2.png","type":"image\/png"}],"twitter_card":"summary_large_image","twitter_site":"@strangercamapp","twitter_misc":{"Geschatte leestijd":"4 minuten"},"schema":{"@context":"https:\/\/schema.org","@graph":[{"@type":"WebPage","@id":"https:\/\/strangercam.com\/chamet\/","url":"https:\/\/strangercam.com\/chamet\/","name":"Chamet - Wereldwijde videoverbindingen &amp; chatten - StrangerCam.com","isPartOf":{"@id":"https:\/\/strangercam.com\/#website"},"datePublished":"2024-10-07T08:40:10+00:00","dateModified":"2025-02-04T07:34:08+00:00","description":"Ontdek Chamet, het ultieme online platform dat je verbindt met gratis videochatrooms en livestreams. Word vandaag nog lid van Chamet!","breadcrumb":{"@id":"https:\/\/strangercam.com\/chamet\/#breadcrumb"},"inLanguage":"nl-NL","potentialAction":[{"@type":"ReadAction","target":["https:\/\/strangercam.com\/chamet\/"]}]},{"@type":"BreadcrumbList","@id":"https:\/\/strangercam.com\/chamet\/#breadcrumb","itemListElement":[{"@type":"ListItem","position":1,"name":"Home","item":"https:\/\/strangercam.com\/"},{"@type":"ListItem","position":2,"name":"Chamet"}]},{"@type":"WebSite","@id":"https:\/\/strangercam.com\/#website","url":"https:\/\/strangercam.com\/","name":"Strangercam","description":"Willekeurige videochat met vreemden","publisher":{"@id":"https:\/\/strangercam.com\/#organization"},"alternateName":"Strangercam.com","potentialAction":[{"@type":"SearchAction","target":{"@type":"EntryPoint","urlTemplate":"https:\/\/strangercam.com\/?s={search_term_string}"},"query-input":{"@type":"PropertyValueSpecification","valueRequired":true,"valueName":"search_term_string"}}],"inLanguage":"nl-NL"},{"@type":"Organization","@id":"https:\/\/strangercam.com\/#organization","name":"Strangercam","alternateName":"Strangercam.com","url":"https:\/\/strangercam.com\/","logo":{"@type":"ImageObject","inLanguage":"nl-NL","@id":"https:\/\/strangercam.com\/#\/schema\/logo\/image\/","url":"https:\/\/strangercam.com\/wp-content\/uploads\/2020\/11\/cropped-new-favicon-black.png","contentUrl":"https:\/\/strangercam.com\/wp-content\/uploads\/2020\/11\/cropped-new-favicon-black.png","width":512,"height":512,"caption":"Strangercam"},"image":{"@id":"https:\/\/strangercam.com\/#\/schema\/logo\/image\/"},"sameAs":["https:\/\/www.facebook.com\/strangercam","https:\/\/x.com\/strangercamapp"]}]}},"_links":{"self":[{"href":"https:\/\/strangercam.com\/nl\/wp-json\/wp\/v2\/pages\/12565","targetHints":{"allow":["GET"]}}],"collection":[{"href":"https:\/\/strangercam.com\/nl\/wp-json\/wp\/v2\/pages"}],"about":[{"href":"https:\/\/strangercam.com\/nl\/wp-json\/wp\/v2\/types\/page"}],"author":[{"embeddable":true,"href":"https:\/\/strangercam.com\/nl\/wp-json\/wp\/v2\/users\/6"}],"replies":[{"embeddable":true,"href":"https:\/\/strangercam.com\/nl\/wp-json\/wp\/v2\/comments?post=12565"}],"version-history":[{"count":2,"href":"https:\/\/strangercam.com\/nl\/wp-json\/wp\/v2\/pages\/12565\/revisions"}],"predecessor-version":[{"id":12688,"href":"https:\/\/strangercam.com\/nl\/wp-json\/wp\/v2\/pages\/12565\/revisions\/12688"}],"wp:attachment":[{"href":"https:\/\/strangercam.com\/nl\/wp-json\/wp\/v2\/media?parent=12565"}],"curies":[{"name":"wp","href":"https:\/\/api.w.org\/{rel}","templated":true}]}}