{"id":12254,"date":"2025-09-29T10:09:11","date_gmt":"2025-09-29T08:09:11","guid":{"rendered":"https:\/\/strangercam.com\/?page_id=12254"},"modified":"2025-09-29T12:07:57","modified_gmt":"2025-09-29T10:07:57","slug":"amerikaanse-willekeurige-videogesprek","status":"publish","type":"page","link":"https:\/\/strangercam.com\/nl\/amerikaanse-willekeurige-videogesprek\/","title":{"rendered":"Amerikaanse willekeurige video-oproep"},"content":{"rendered":"<p>Op zoek naar een Amerikaans platform voor willekeurige videogesprekken? Dan bent u hier op de juiste plek. In 2025 zoeken duizenden mensen naar manieren om direct in contact te komen met vreemden in de Verenigde Staten - of het nu is om nieuwe vrienden te maken, van ongedwongen gesprekken te genieten of gewoon de Amerikaanse cultuur online te verkennen. In tegenstelling tot traditionele datingapps of sociale netwerken, kun je met platforms voor willekeurige videogesprekken binnen enkele seconden echte mensen face-to-face ontmoeten.<\/p>\n<p>Met diensten zoals StrangerCam kun je nu deelnemen aan een Amerikaanse willekeurige videogesprek. Geen inschrijving, geen kosten, geen wachttijden - gewoon onmiddellijke videogesprekken met mensen in de VS en daarbuiten.<\/p>\n<p>Deze gids legt alles uit wat je moet weten: wat Amerikaanse willekeurige videogesprekken zijn, waarom ze populair zijn, hoe ze werken, op welke functies je moet letten, een vergelijking van de beste platforms, veiligheidstips en waarom StrangerCam vandaag de dag een van de beste keuzes is.<\/p>\n<h2>Wat is een Amerikaans willekeurig videogesprek?<\/h2>\n<p>Een Amerikaans willekeurig videogesprek is een \u00e9\u00e9n-op-\u00e9\u00e9n online videogesprek. <a href=\"https:\/\/strangercam.com\/nl\/chathub\/\">chat<\/a> dat je in contact brengt met vreemden in de Verenigde Staten. De ervaring is eenvoudig:<\/p>\n<ul>\n<li>Je klikt op een knop.<\/li>\n<li>Je wordt meteen gekoppeld aan een nieuw iemand in de VS.<\/li>\n<li>Je kunt face-to-face praten via je webcam en microfoon.<\/li>\n<li>Vind je de match niet leuk? Klik gewoon op Volgende om verder te gaan.<\/li>\n<\/ul>\n<p>In tegenstelling tot datingapps hoef je niet te wachten op matches of lange biografie\u00ebn te schrijven. Het is direct, leuk en onvoorspelbaar.<\/p>\n<h2>Waarom mensen van Amerikaanse willekeurige videogesprekken houden<\/h2>\n<p>De aantrekkingskracht van contact maken met vreemden in de VS is duidelijk:<\/p>\n<ul>\n<li>Culturele nieuwsgierigheid: Ontmoet Amerikanen uit verschillende staten, met verschillende achtergronden en levensstijlen.<\/li>\n<li>Engels oefenen: Veel internationale gebruikers gebruiken Amerikaanse willekeurige videogesprekken om hun taalvaardigheden te verbeteren.<\/li>\n<li>Vriendschap &amp; Flirten: Of je nu een ongedwongen gesprek wilt of speels wilt flirten, random chat is perfect.<\/li>\n<li>Spontaniteit: Elk gesprek is anders-je weet nooit wie je hierna zult ontmoeten.<\/li>\n<li>Toegankelijkheid: Het is gratis, direct en je hoeft je niet aan te melden.<\/li>\n<\/ul>\n<h2>Hoe werkt een Amerikaanse willekeurige videogesprek?<\/h2>\n<p>Het kost maar een paar stappen:<\/p>\n<ol>\n<li>Open het platform (zoals StrangerCam).<\/li>\n<li>Geef camera- en microfoontoegang.<\/li>\n<li>Klik op \"Videogesprek starten\".<\/li>\n<li>Word direct gekoppeld aan een onbekende in Amerika.<\/li>\n<li>Klik op \"Volgende\" wanneer je iemand nieuw wilt ontmoeten.<\/li>\n<\/ol>\n<p>Dat is het: snel, gemakkelijk en altijd gratis.<\/p>\n<h2>Kenmerken die u moet zoeken in een Amerikaans platform voor willekeurige videogesprekken<\/h2>\n<p>Niet alle platforms leveren dezelfde ervaring. Dit is wat het belangrijkst is:<\/p>\n<ul>\n<li>Locatie filters: Mogelijkheid om specifiek te matchen met gebruikers in de VS.<\/li>\n<li>Gratis toegang: Onbeperkt gebruik zonder verborgen betaalmuren.<\/li>\n<li>Geen aanmelding: Direct chatten zonder accounts.<\/li>\n<li>Mobiel: Werkt probleemloos op iOS en Android.<\/li>\n<li>Veilige moderatie: Bescherming tegen bots en ongepaste inhoud.<\/li>\n<li>Videokwaliteit: Heldere video en geluid voor echte verbindingen.<\/li>\n<\/ul>\n<h2>Beste Amerikaanse platformen voor willekeurige videogesprekken in 2025<\/h2>\n<p>Dit is de vergelijking tussen de populairste services van dit moment:<\/p>\n<table>\n<thead>\n<tr>\n<th>Platform<\/th>\n<th align=\"center\">Gratis toegang<\/th>\n<th align=\"center\">Locatie filter VS<\/th>\n<th align=\"center\">Aanmelden nodig<\/th>\n<th align=\"center\">Mobiele ondersteuning<\/th>\n<th align=\"center\">Moderatie<\/th>\n<th>Opmerkingen<\/th>\n<\/tr>\n<\/thead>\n<tbody>\n<tr>\n<td>StrangerCam<\/td>\n<td align=\"center\">\u2705<\/td>\n<td align=\"center\">Gratis<\/td>\n<td align=\"center\">\u274c<\/td>\n<td align=\"center\">\u2705<\/td>\n<td align=\"center\">\u2705<\/td>\n<td>Beste overall: gratis, gericht op de VS<\/td>\n<\/tr>\n<tr>\n<td><a href=\"https:\/\/strangercam.com\/nl\/chatroulette\/\">Chatroulette<\/a><\/td>\n<td align=\"center\">\u2705<\/td>\n<td align=\"center\">\u274c<\/td>\n<td align=\"center\">\u274c<\/td>\n<td align=\"center\">\u2705<\/td>\n<td align=\"center\">\u2705<\/td>\n<td>Klassiek, alleen willekeurig<\/td>\n<\/tr>\n<tr>\n<td>Chatrandom<\/td>\n<td align=\"center\">\u2705<\/td>\n<td align=\"center\">(Betaald)<\/td>\n<td align=\"center\">\u274c<\/td>\n<td align=\"center\">\u2705<\/td>\n<td align=\"center\">\u2705<\/td>\n<td>Populair, maar upgrades kosten<\/td>\n<\/tr>\n<tr>\n<td><a href=\"https:\/\/strangercam.com\/nl\/ometv\/\">OmeTV<\/a><\/td>\n<td align=\"center\">\u2705<\/td>\n<td align=\"center\">\u274c<\/td>\n<td align=\"center\">\u274c<\/td>\n<td align=\"center\">\u2705<\/td>\n<td align=\"center\">\u2705<\/td>\n<td>App-gebaseerd, wereldwijde focus<\/td>\n<\/tr>\n<tr>\n<td>Shagle<\/td>\n<td align=\"center\">\u2705<\/td>\n<td align=\"center\">(Betaald)<\/td>\n<td align=\"center\">\u274c<\/td>\n<td align=\"center\">\u2705<\/td>\n<td align=\"center\">\u2705<\/td>\n<td>Premium functies vergrendeld<\/td>\n<\/tr>\n<tr>\n<td><a href=\"https:\/\/strangercam.com\/nl\/coomeet\/\">CooMeet<\/a><\/td>\n<td align=\"center\">(Proef)<\/td>\n<td align=\"center\">\u2705<\/td>\n<td align=\"center\">\u2705<\/td>\n<td align=\"center\">\u2705<\/td>\n<td align=\"center\">\u2705<\/td>\n<td>Betaald, gericht op mannen die vrouwen ontmoeten<\/td>\n<\/tr>\n<\/tbody>\n<\/table>\n<p>StrangerCam is een van de enige platforms die gratis willekeurige videogesprekken met Amerikanen aanbiedt - zonder aanmelding en onbeperkt te gebruiken.<\/p>\n<h2>Waarom StrangerCam de beste keuze is<\/h2>\n<p>Dit is waarom StrangerCam perfect is voor iedereen die zoekt naar \"Amerikaanse willekeurige videogesprekken\":<\/p>\n<ul>\n<li>Volledig gratis &amp; onbeperkt - geen proefversies of kredietsystemen.<\/li>\n<li>USA Location Matching - Ontmoet echte mensen in de Verenigde Staten.<\/li>\n<li>Aanmelden is niet nodig - Blijf anoniem en begin direct.<\/li>\n<li>Veilig &amp; Gemodereerd - Sterkere veiligheid dan de oude Omegle-stijl platforms.<\/li>\n<li>Klaar voor mobiel en desktop - Werkt altijd en overal.<\/li>\n<li>Diverse gebruikersbasis - Ontmoet Amerikanen van kust tot kust.<\/li>\n<\/ul>\n<h2>Getuigenissen van echte gebruikers<\/h2>\n<blockquote><p>\"Ik wilde mijn Engels oefenen en zocht naar Amerikaanse willekeurige videogesprekken. StrangerCam verbond me binnen enkele minuten met mensen uit New York en Californi\u00eb.\"<br \/>\n- Daniel, 24 (Spanje)<\/p><\/blockquote>\n<blockquote><p>\"Het is zo leuk om willekeurige Amerikanen te ontmoeten - soms is het ongedwongen, soms flirterig, altijd spannend.\"<br \/>\n- Sophia, 21 (Canada)<\/p><\/blockquote>\n<blockquote><p>\"In tegenstelling tot andere sites is deze echt gratis. Geen inschrijving, geen trucjes.\"<br \/>\n- Ryan, 29 (VS)<\/p><\/blockquote>\n<blockquote><p>\"Ik heb al geweldige gesprekken gehad met mensen uit Texas, Florida en Chicago. Het voelt echt en veilig.\"<br \/>\n- Leah, 20 (Duitsland)<\/p><\/blockquote>\n<h2>Veiligheidstips voor Amerikaanse willekeurige videogesprekken<\/h2>\n<p>Hoewel chatten met vreemden in de VS leuk is, moet je altijd veilig blijven:<\/p>\n<ul>\n<li>Deel nooit persoonlijke informatie (telefoon, adres, werkplek).<\/li>\n<li>Vermijd verdachte links tijdens chats.<\/li>\n<li>Gebruik Overslaan\/Blokkeren als je je ongemakkelijk voelt bij iemand.<\/li>\n<li>Controleer je achtergrond voordat je je webcam aanzet.<\/li>\n<li>Gebruik een bijnaam in plaats van je echte naam.<\/li>\n<li>Respecteer de leeftijdsregels van het platform-als je jonger bent dan 18, gebruik dan geen chat voor volwassenen.<\/li>\n<\/ul>\n<h2>Hoe te beginnen - stap voor stap<\/h2>\n<p>Zo begin je je eerste Amerikaanse willekeurige videogesprek:<\/p>\n<ol>\n<li>Open StrangerCam in je browser of op je mobiel.<\/li>\n<li>Geef camera- en microfoontoegang.<\/li>\n<li>Kies het filter USA (indien beschikbaar).<\/li>\n<li>Klik op Chat starten.<\/li>\n<li>Ontmoet meteen een Amerikaanse vreemdeling.<\/li>\n<li>Klik altijd op Volgende om iemand nieuw te ontmoeten.<\/li>\n<\/ol>\n<p>In 2025 is de vraag naar willekeurige Amerikaanse videogesprekken nog nooit zo groot geweest. Mensen over de hele wereld zijn nieuwsgierig om in contact te komen met Amerikanen voor vriendschap, plezier en culturele uitwisseling.<\/p>\n<p>Platformen zoals StrangerCam maken het makkelijk: gratis, direct en veilig videobellen met echte mensen in de VS. Geen inschrijving, geen verborgen kosten - gewoon spontane connecties met Amerikanen met \u00e9\u00e9n klik op de knop.<\/p>\n<p>Klaar om een nieuw iemand te ontmoeten? Start vandaag nog je Amerikaanse willekeurige videogesprek en zie met wie je de volgende keer in contact komt.<\/p>","protected":false},"excerpt":{"rendered":"<p>Looking for an American random video call platform? You\u2019re in the right place. In 2025, thousands of people search for ways to connect instantly with strangers in the United States\u2014whether to make new friends, enjoy casual conversations, or simply explore American culture online. Unlike traditional dating apps or social networks, random video call platforms let [&hellip;]<\/p>\n","protected":false},"author":8,"featured_media":0,"parent":0,"menu_order":0,"comment_status":"closed","ping_status":"closed","template":"","meta":{"footnotes":""},"class_list":["post-12254","page","type-page","status-publish","hentry"],"yoast_head":"<!-- This site is optimized with the Yoast SEO plugin v26.9 - https:\/\/yoast.com\/product\/yoast-seo-wordpress\/ -->\n<title>American Random Video Call with Video Chat on Strangercam.com<\/title>\n<meta name=\"description\" content=\"Liking American Random Video Call? Join millions on StrangerCam.com! Start a random video chat, turn on your cam, and meet strangers instantly.\" \/>\n<meta name=\"robots\" content=\"index, follow, max-snippet:-1, max-image-preview:large, max-video-preview:-1\" \/>\n<link rel=\"canonical\" href=\"https:\/\/strangercam.com\/nl\/amerikaanse-willekeurige-videogesprek\/\" \/>\n<meta property=\"og:locale\" content=\"nl_NL\" \/>\n<meta property=\"og:type\" content=\"article\" \/>\n<meta property=\"og:title\" content=\"American Random Video Call with Video Chat on Strangercam.com\" \/>\n<meta property=\"og:description\" content=\"Liking American Random Video Call? Join millions on StrangerCam.com! Start a random video chat, turn on your cam, and meet strangers instantly.\" \/>\n<meta property=\"og:url\" content=\"https:\/\/strangercam.com\/nl\/amerikaanse-willekeurige-videogesprek\/\" \/>\n<meta property=\"og:site_name\" content=\"Strangercam\" \/>\n<meta property=\"article:publisher\" content=\"https:\/\/www.facebook.com\/strangercam\" \/>\n<meta property=\"article:modified_time\" content=\"2025-09-29T10:07:57+00:00\" \/>\n<meta property=\"og:image\" content=\"https:\/\/strangercam.com\/wp-content\/uploads\/2021\/10\/Untitled-2.png\" \/>\n\t<meta property=\"og:image:width\" content=\"800\" \/>\n\t<meta property=\"og:image:height\" content=\"532\" \/>\n\t<meta property=\"og:image:type\" content=\"image\/png\" \/>\n<meta name=\"twitter:card\" content=\"summary_large_image\" \/>\n<meta name=\"twitter:site\" content=\"@strangercamapp\" \/>\n<meta name=\"twitter:label1\" content=\"Geschatte leestijd\" \/>\n\t<meta name=\"twitter:data1\" content=\"4 minuten\" \/>\n<script type=\"application\/ld+json\" class=\"yoast-schema-graph\">{\"@context\":\"https:\/\/schema.org\",\"@graph\":[{\"@type\":\"WebPage\",\"@id\":\"https:\/\/strangercam.com\/american-random-video-call\/\",\"url\":\"https:\/\/strangercam.com\/american-random-video-call\/\",\"name\":\"American Random Video Call with Video Chat on Strangercam.com\",\"isPartOf\":{\"@id\":\"https:\/\/strangercam.com\/#website\"},\"datePublished\":\"2025-09-29T08:09:11+00:00\",\"dateModified\":\"2025-09-29T10:07:57+00:00\",\"description\":\"Liking American Random Video Call? Join millions on StrangerCam.com! Start a random video chat, turn on your cam, and meet strangers instantly.\",\"breadcrumb\":{\"@id\":\"https:\/\/strangercam.com\/american-random-video-call\/#breadcrumb\"},\"inLanguage\":\"nl-NL\",\"potentialAction\":[{\"@type\":\"ReadAction\",\"target\":[\"https:\/\/strangercam.com\/american-random-video-call\/\"]}]},{\"@type\":\"BreadcrumbList\",\"@id\":\"https:\/\/strangercam.com\/american-random-video-call\/#breadcrumb\",\"itemListElement\":[{\"@type\":\"ListItem\",\"position\":1,\"name\":\"Home\",\"item\":\"https:\/\/strangercam.com\/\"},{\"@type\":\"ListItem\",\"position\":2,\"name\":\"American Random Video Call\"}]},{\"@type\":\"WebSite\",\"@id\":\"https:\/\/strangercam.com\/#website\",\"url\":\"https:\/\/strangercam.com\/\",\"name\":\"Strangercam\",\"description\":\"Random Video Chat with Strangers\",\"publisher\":{\"@id\":\"https:\/\/strangercam.com\/#organization\"},\"alternateName\":\"Strangercam.com\",\"potentialAction\":[{\"@type\":\"SearchAction\",\"target\":{\"@type\":\"EntryPoint\",\"urlTemplate\":\"https:\/\/strangercam.com\/?s={search_term_string}\"},\"query-input\":{\"@type\":\"PropertyValueSpecification\",\"valueRequired\":true,\"valueName\":\"search_term_string\"}}],\"inLanguage\":\"nl-NL\"},{\"@type\":\"Organization\",\"@id\":\"https:\/\/strangercam.com\/#organization\",\"name\":\"Strangercam\",\"alternateName\":\"Strangercam.com\",\"url\":\"https:\/\/strangercam.com\/\",\"logo\":{\"@type\":\"ImageObject\",\"inLanguage\":\"nl-NL\",\"@id\":\"https:\/\/strangercam.com\/#\/schema\/logo\/image\/\",\"url\":\"https:\/\/strangercam.com\/wp-content\/uploads\/2020\/11\/cropped-new-favicon-black.png\",\"contentUrl\":\"https:\/\/strangercam.com\/wp-content\/uploads\/2020\/11\/cropped-new-favicon-black.png\",\"width\":512,\"height\":512,\"caption\":\"Strangercam\"},\"image\":{\"@id\":\"https:\/\/strangercam.com\/#\/schema\/logo\/image\/\"},\"sameAs\":[\"https:\/\/www.facebook.com\/strangercam\",\"https:\/\/x.com\/strangercamapp\"]}]}<\/script>\n<!-- \/ Yoast SEO plugin. -->","yoast_head_json":{"title":"Amerikaanse willekeurige video-oproep met video-chat op Strangercam.com","description":"Vind je Amerikaanse willekeurige videogesprekken leuk? Join miljoenen op StrangerCam.com! Begin een willekeurige videochat, zet je cam aan en ontmoet meteen vreemden.","robots":{"index":"index","follow":"follow","max-snippet":"max-snippet:-1","max-image-preview":"max-image-preview:large","max-video-preview":"max-video-preview:-1"},"canonical":"https:\/\/strangercam.com\/nl\/amerikaanse-willekeurige-videogesprek\/","og_locale":"nl_NL","og_type":"article","og_title":"American Random Video Call with Video Chat on Strangercam.com","og_description":"Liking American Random Video Call? Join millions on StrangerCam.com! Start a random video chat, turn on your cam, and meet strangers instantly.","og_url":"https:\/\/strangercam.com\/nl\/amerikaanse-willekeurige-videogesprek\/","og_site_name":"Strangercam","article_publisher":"https:\/\/www.facebook.com\/strangercam","article_modified_time":"2025-09-29T10:07:57+00:00","og_image":[{"width":800,"height":532,"url":"https:\/\/strangercam.com\/wp-content\/uploads\/2021\/10\/Untitled-2.png","type":"image\/png"}],"twitter_card":"summary_large_image","twitter_site":"@strangercamapp","twitter_misc":{"Geschatte leestijd":"4 minuten"},"schema":{"@context":"https:\/\/schema.org","@graph":[{"@type":"WebPage","@id":"https:\/\/strangercam.com\/american-random-video-call\/","url":"https:\/\/strangercam.com\/american-random-video-call\/","name":"Amerikaanse willekeurige video-oproep met video-chat op Strangercam.com","isPartOf":{"@id":"https:\/\/strangercam.com\/#website"},"datePublished":"2025-09-29T08:09:11+00:00","dateModified":"2025-09-29T10:07:57+00:00","description":"Vind je Amerikaanse willekeurige videogesprekken leuk? Join miljoenen op StrangerCam.com! Begin een willekeurige videochat, zet je cam aan en ontmoet meteen vreemden.","breadcrumb":{"@id":"https:\/\/strangercam.com\/american-random-video-call\/#breadcrumb"},"inLanguage":"nl-NL","potentialAction":[{"@type":"ReadAction","target":["https:\/\/strangercam.com\/american-random-video-call\/"]}]},{"@type":"BreadcrumbList","@id":"https:\/\/strangercam.com\/american-random-video-call\/#breadcrumb","itemListElement":[{"@type":"ListItem","position":1,"name":"Home","item":"https:\/\/strangercam.com\/"},{"@type":"ListItem","position":2,"name":"American Random Video Call"}]},{"@type":"WebSite","@id":"https:\/\/strangercam.com\/#website","url":"https:\/\/strangercam.com\/","name":"Strangercam","description":"Willekeurige videochat met vreemden","publisher":{"@id":"https:\/\/strangercam.com\/#organization"},"alternateName":"Strangercam.com","potentialAction":[{"@type":"SearchAction","target":{"@type":"EntryPoint","urlTemplate":"https:\/\/strangercam.com\/?s={search_term_string}"},"query-input":{"@type":"PropertyValueSpecification","valueRequired":true,"valueName":"search_term_string"}}],"inLanguage":"nl-NL"},{"@type":"Organization","@id":"https:\/\/strangercam.com\/#organization","name":"Strangercam","alternateName":"Strangercam.com","url":"https:\/\/strangercam.com\/","logo":{"@type":"ImageObject","inLanguage":"nl-NL","@id":"https:\/\/strangercam.com\/#\/schema\/logo\/image\/","url":"https:\/\/strangercam.com\/wp-content\/uploads\/2020\/11\/cropped-new-favicon-black.png","contentUrl":"https:\/\/strangercam.com\/wp-content\/uploads\/2020\/11\/cropped-new-favicon-black.png","width":512,"height":512,"caption":"Strangercam"},"image":{"@id":"https:\/\/strangercam.com\/#\/schema\/logo\/image\/"},"sameAs":["https:\/\/www.facebook.com\/strangercam","https:\/\/x.com\/strangercamapp"]}]}},"_links":{"self":[{"href":"https:\/\/strangercam.com\/nl\/wp-json\/wp\/v2\/pages\/12254","targetHints":{"allow":["GET"]}}],"collection":[{"href":"https:\/\/strangercam.com\/nl\/wp-json\/wp\/v2\/pages"}],"about":[{"href":"https:\/\/strangercam.com\/nl\/wp-json\/wp\/v2\/types\/page"}],"author":[{"embeddable":true,"href":"https:\/\/strangercam.com\/nl\/wp-json\/wp\/v2\/users\/8"}],"replies":[{"embeddable":true,"href":"https:\/\/strangercam.com\/nl\/wp-json\/wp\/v2\/comments?post=12254"}],"version-history":[{"count":2,"href":"https:\/\/strangercam.com\/nl\/wp-json\/wp\/v2\/pages\/12254\/revisions"}],"predecessor-version":[{"id":13051,"href":"https:\/\/strangercam.com\/nl\/wp-json\/wp\/v2\/pages\/12254\/revisions\/13051"}],"wp:attachment":[{"href":"https:\/\/strangercam.com\/nl\/wp-json\/wp\/v2\/media?parent=12254"}],"curies":[{"name":"wp","href":"https:\/\/api.w.org\/{rel}","templated":true}]}}