{"id":1004,"date":"2021-01-10T16:44:29","date_gmt":"2021-01-10T14:44:29","guid":{"rendered":"https:\/\/strangercam.com\/?page_id=1004"},"modified":"2023-08-21T12:24:41","modified_gmt":"2023-08-21T10:24:41","slug":"emerald-chat","status":"publish","type":"page","link":"https:\/\/strangercam.com\/nl\/emerald-chat\/","title":{"rendered":"Emerald Chat"},"content":{"rendered":"<p>De meeste mensen hebben tegenwoordig een drukke levensstijl om hun doelen te bereiken. Als gevolg daarvan vinden ze het moeilijk om nieuwe vrienden te maken en hun emoties en andere dingen te delen. Nu de technologie\u00ebn met de dag sneller groeien, wordt het een eenvoudig proces om gemakkelijk contact te leggen met vreemden en zo nieuwe relaties op te bouwen. Tegenwoordig zijn er webplatforms en mobiele apps die gericht zijn op het vervullen van de verwachtingen van gebruikers die willen <a href=\"https:\/\/strangercam.com\/nl\/chatroulette\/\">chat<\/a> gemakkelijk met anderen. Tegelijkertijd is het noodzakelijk om ze met veel aandacht te evalueren om de juiste te kiezen.<\/p>\n<h2>Emerald webplatform om nieuwe mensen te ontmoeten<\/h2>\n<p>Emerald is een webplatform dat is ontworpen om snel online nieuwe mensen te ontmoeten. Het platform laat gebruikers zo snel mogelijk interessante personen uit verschillende lagen van de bevolking vinden. Het biedt manieren om in contact te komen met mensen die dezelfde interesses hebben. Iedereen die met vreemden wil chatten, kan dit platform gebruiken omdat het de beste functies biedt. In feite is het platform de juiste bestemming voor diegenen die hun speciale persoon in eenvoudige stappen willen identificeren. Tegelijkertijd moeten gebruikers de instructies zorgvuldig lezen voordat ze gaan chatten.<\/p>\n<h2>Hoe werkt het?<\/h2>\n<p>Er wordt beweerd dat EmeraldChat het alternatief is voor <a href=\"https:\/\/strangercam.com\/nl\/omegle\/\">Omegle<\/a> en de gebruikersinterface is vrijwel hetzelfde. Net als bij Omegle is er niet al te veel informatie nodig om je te registreren en kun je een <a href=\"https:\/\/strangercam.com\/nl\/video-chat-with-strangers\/\">videochatten met vreemden<\/a> vrij.<\/p>\n<p>Om te beginnen met videochatten met vreemden, moet je naar de startpagina gaan en op de startknop klikken. Selecteer vervolgens het geslacht man-vrouw, daarna wordt u gevraagd een optie te kiezen uit<\/p>\n<ul>\n<li>E\u00e9n op \u00e9\u00e9n tekstchat<\/li>\n<li><a href=\"https:\/\/strangercam.com\/nl\/rabbit-video-chat\/\">Video chatten<\/a><\/li>\n<li>Groep Chat<\/li>\n<\/ul>\n<h3>E\u00e9n op \u00e9\u00e9n tekstchat:<\/h3>\n<p>Bij \u00e9\u00e9n op \u00e9\u00e9n chatten krijg je de optie om met slechts \u00e9\u00e9n persoon te chatten en je kunt die persoon selecteren uit de 13 verschillende hashtags en zodra je op de hashtag van je interesse klikt, vindt Emerald een match voor je en kun je met die persoon gaan chatten.<\/p>\n<h3>Video chatten<\/h3>\n<p>Bij \u00e9\u00e9n-op-\u00e9\u00e9n tekstchat kun je alleen tekstchatten met een persoon. Als je de andere persoon via een webcam wilt zien, moet je de videochatoptie selecteren. Veel mensen geven de voorkeur aan deze optie en willen videochatten met vreemden. Het is waar je goede vrienden of romantiek kunt vinden of je kunt genieten van het tijdige gezelschap. Tijdens het gebruik van videochat moet men voorzichtiger zijn en nooit persoonlijke informatie of iets dergelijks aan een vreemde vertellen, omdat veel online oplichters altijd op zoek zijn naar onschuldige mensen om mee op te lichten.<\/p>\n<h3>Groep chat<\/h3>\n<p>Emerald Group Chat-functies bieden gebruikers de mogelijkheid om zich aan te sluiten bij verschillende groepen met dezelfde interesses. Gebruikers kunnen deelnemen aan een groepschat door de hashtags van hun interesses te selecteren.<\/p>\n<h2>Welke functies zijn beschikbaar in het Emerald-webplatform?<\/h2>\n<p>Het webplatform stelt gebruikers in staat om gesprekken te voeren met tekstberichten en videochats voor een betere ervaring. Daarnaast stelt het emerald chat webplatform gebruikers in staat om zonder problemen foto's en mediabestanden te delen. Gebruikers kunnen op dit platform zelfs matches filteren op geslacht en locatie als ze dat willen. <a href=\"https:\/\/strangercam.com\/nl\/coomeet\/\">Ontmoet<\/a> nieuwe mensen. Het aanmeldingsproces is eenvoudig, zodat iemand op zoek kan gaan naar goede vrienden uit verschillende delen van de wereld. Omdat het webplatform gratis te gebruiken is, kan iemand zo snel mogelijk contact leggen met anderen.<\/p>\n<h2>Kenmerken aangeboden door emerald chat app<\/h2>\n<p>De app is momenteel in ontwikkeling en zal unieke functies bevatten. Enkele daarvan zijn lichtgewicht, aanpassing, regelmatige updates, fulltime moderatie en uitstekende ondersteuning. De app zal werken op alle mobiele apparaten waardoor gebruikers met hoge snelheden met anderen kunnen bellen. Wie meer wil weten over de details kan de offici\u00eble website bezoeken die kan helpen bij het vinden van iemand met uitstekende kwaliteiten. Het emerald chat webplatform maakt haalbare manieren om nieuwe relaties op te bouwen op verschillende locaties om alles te delen in een veilige omgeving. Aan de andere kant is het noodzakelijk om de algemene voorwaarden goed te lezen voordat je het platform gebruikt.<\/p>\n<h2>Prijzen<\/h2>\n<p>Emerald is een videochat vreemdeling app die zijn basisdiensten gratis aanbiedt. Maar je kunt altijd een lidmaatschap kopen om van wat extra voordelen te genieten. Er zijn twee soorten lidmaatschapsprogramma's.<\/p>\n<ul>\n<li>Emerald Goud Lidmaatschap<\/li>\n<li>Emerald Hall of Fame<\/li>\n<\/ul>\n<h3>Emerald Goud Lidmaatschap<\/h3>\n<p>Emerald-gebruikers kunnen zich abonneren op een gouden lidmaatschap door 3,89$ per maand te betalen. Gouden Emerald-leden kunnen genieten van veel premium functies, zoals geslachtsfilters en een blauw vinkje naast de namen van gebruikers.<\/p>\n<h3>Emerald Hall of Fame<\/h3>\n<p>Emerald gebruikers kunnen in de Emerald Hall of Fame komen door 8.89$ per maand te betalen. Het profiel van Emerald Hall of Fame-gebruikers verschijnt in de topresultaten en krijgt veel vriendschapsverzoeken en uiteindelijk veel kansen om te chatten met mensen over de hele wereld.<\/p>\n<h2>Is het veilig om te gebruiken?<\/h2>\n<p>Veel mensen gebruiken nu videochatapps om nieuwe vrienden te vinden, romantiek te zoeken of hun tijd te doden. Maar veel videochatapps zijn helemaal niet veilig, ze zitten vol met online scammers en ongepaste inhoud of er is een risico voor de privacy. EmeraldChat wordt beweerd het alternatief te zijn van Omegle en de gekopieerde Omegle in alles, maar hier lijken ze te ontbreken. De mobiele app van Emerald is nog in ontwikkeling, maar je kunt hem wel gebruiken en heeft hetzelfde gebruiksvriendelijke dashboard als de website.<\/p>","protected":false},"excerpt":{"rendered":"<p>Most people are having a busy lifestyle today to accomplish their goals. As a result, they find it difficult to make new friends for sharing their emotions and other things. With technologies are growing fast day by day, it becomes a simple process to connect with strangers easily that can help build new relationships. Nowadays, [&hellip;]<\/p>\n","protected":false},"author":6,"featured_media":559,"parent":0,"menu_order":0,"comment_status":"closed","ping_status":"closed","template":"","meta":{"footnotes":""},"class_list":["post-1004","page","type-page","status-publish","has-post-thumbnail","hentry"],"yoast_head":"<!-- This site is optimized with the Yoast SEO plugin v27.4 - https:\/\/yoast.com\/product\/yoast-seo-wordpress\/ -->\n<title>Emerald Chat - Cam with Strangers on StrangerCam.com<\/title>\n<meta name=\"description\" content=\"Like Emerald Chat? Come chat with more than 5.000.000 strangers on Stranger Cam for Free! Turn on your cam and find new friends!\" \/>\n<meta name=\"robots\" content=\"index, follow, max-snippet:-1, max-image-preview:large, max-video-preview:-1\" \/>\n<link rel=\"canonical\" href=\"https:\/\/strangercam.com\/nl\/emerald-chat\/\" \/>\n<meta property=\"og:locale\" content=\"nl_NL\" \/>\n<meta property=\"og:type\" content=\"article\" \/>\n<meta property=\"og:title\" content=\"Emerald Chat - Cam with Strangers on StrangerCam.com\" \/>\n<meta property=\"og:description\" content=\"Like Emerald Chat? Come chat with more than 5.000.000 strangers on Stranger Cam for Free! Turn on your cam and find new friends!\" \/>\n<meta property=\"og:url\" content=\"https:\/\/strangercam.com\/nl\/emerald-chat\/\" \/>\n<meta property=\"og:site_name\" content=\"Strangercam\" \/>\n<meta property=\"article:publisher\" content=\"https:\/\/www.facebook.com\/strangercam\" \/>\n<meta property=\"article:modified_time\" content=\"2023-08-21T10:24:41+00:00\" \/>\n<meta property=\"og:image\" content=\"https:\/\/strangercam.com\/wp-content\/uploads\/2020\/11\/stranger-cam-1.png\" \/>\n\t<meta property=\"og:image:width\" content=\"800\" \/>\n\t<meta property=\"og:image:height\" content=\"800\" \/>\n\t<meta property=\"og:image:type\" content=\"image\/png\" \/>\n<meta name=\"twitter:card\" content=\"summary_large_image\" \/>\n<meta name=\"twitter:site\" content=\"@strangercamapp\" \/>\n<meta name=\"twitter:label1\" content=\"Geschatte leestijd\" \/>\n\t<meta name=\"twitter:data1\" content=\"5 minuten\" \/>\n<script type=\"application\/ld+json\" class=\"yoast-schema-graph\">{\"@context\":\"https:\\\/\\\/schema.org\",\"@graph\":[{\"@type\":\"WebPage\",\"@id\":\"https:\\\/\\\/strangercam.com\\\/emerald-chat\\\/\",\"url\":\"https:\\\/\\\/strangercam.com\\\/emerald-chat\\\/\",\"name\":\"Emerald Chat - Cam with Strangers on StrangerCam.com\",\"isPartOf\":{\"@id\":\"https:\\\/\\\/strangercam.com\\\/#website\"},\"primaryImageOfPage\":{\"@id\":\"https:\\\/\\\/strangercam.com\\\/emerald-chat\\\/#primaryimage\"},\"image\":{\"@id\":\"https:\\\/\\\/strangercam.com\\\/emerald-chat\\\/#primaryimage\"},\"thumbnailUrl\":\"https:\\\/\\\/strangercam.com\\\/wp-content\\\/uploads\\\/2020\\\/11\\\/stranger-cam-1.png\",\"datePublished\":\"2021-01-10T14:44:29+00:00\",\"dateModified\":\"2023-08-21T10:24:41+00:00\",\"description\":\"Like Emerald Chat? Come chat with more than 5.000.000 strangers on Stranger Cam for Free! Turn on your cam and find new friends!\",\"breadcrumb\":{\"@id\":\"https:\\\/\\\/strangercam.com\\\/emerald-chat\\\/#breadcrumb\"},\"inLanguage\":\"nl-NL\",\"potentialAction\":[{\"@type\":\"ReadAction\",\"target\":[\"https:\\\/\\\/strangercam.com\\\/emerald-chat\\\/\"]}]},{\"@type\":\"ImageObject\",\"inLanguage\":\"nl-NL\",\"@id\":\"https:\\\/\\\/strangercam.com\\\/emerald-chat\\\/#primaryimage\",\"url\":\"https:\\\/\\\/strangercam.com\\\/wp-content\\\/uploads\\\/2020\\\/11\\\/stranger-cam-1.png\",\"contentUrl\":\"https:\\\/\\\/strangercam.com\\\/wp-content\\\/uploads\\\/2020\\\/11\\\/stranger-cam-1.png\",\"width\":800,\"height\":800,\"caption\":\"stranger cam random video chat\"},{\"@type\":\"BreadcrumbList\",\"@id\":\"https:\\\/\\\/strangercam.com\\\/emerald-chat\\\/#breadcrumb\",\"itemListElement\":[{\"@type\":\"ListItem\",\"position\":1,\"name\":\"Home\",\"item\":\"https:\\\/\\\/strangercam.com\\\/\"},{\"@type\":\"ListItem\",\"position\":2,\"name\":\"Emerald Chat\"}]},{\"@type\":\"WebSite\",\"@id\":\"https:\\\/\\\/strangercam.com\\\/#website\",\"url\":\"https:\\\/\\\/strangercam.com\\\/\",\"name\":\"Strangercam\",\"description\":\"Random Video Chat with Strangers\",\"publisher\":{\"@id\":\"https:\\\/\\\/strangercam.com\\\/#organization\"},\"alternateName\":\"Strangercam.com\",\"potentialAction\":[{\"@type\":\"SearchAction\",\"target\":{\"@type\":\"EntryPoint\",\"urlTemplate\":\"https:\\\/\\\/strangercam.com\\\/?s={search_term_string}\"},\"query-input\":{\"@type\":\"PropertyValueSpecification\",\"valueRequired\":true,\"valueName\":\"search_term_string\"}}],\"inLanguage\":\"nl-NL\"},{\"@type\":\"Organization\",\"@id\":\"https:\\\/\\\/strangercam.com\\\/#organization\",\"name\":\"Strangercam\",\"alternateName\":\"Strangercam.com\",\"url\":\"https:\\\/\\\/strangercam.com\\\/\",\"logo\":{\"@type\":\"ImageObject\",\"inLanguage\":\"nl-NL\",\"@id\":\"https:\\\/\\\/strangercam.com\\\/#\\\/schema\\\/logo\\\/image\\\/\",\"url\":\"https:\\\/\\\/strangercam.com\\\/wp-content\\\/uploads\\\/2020\\\/11\\\/cropped-new-favicon-black.png\",\"contentUrl\":\"https:\\\/\\\/strangercam.com\\\/wp-content\\\/uploads\\\/2020\\\/11\\\/cropped-new-favicon-black.png\",\"width\":512,\"height\":512,\"caption\":\"Strangercam\"},\"image\":{\"@id\":\"https:\\\/\\\/strangercam.com\\\/#\\\/schema\\\/logo\\\/image\\\/\"},\"sameAs\":[\"https:\\\/\\\/www.facebook.com\\\/strangercam\",\"https:\\\/\\\/x.com\\\/strangercamapp\"]}]}<\/script>\n<!-- \/ Yoast SEO plugin. -->","yoast_head_json":{"title":"Emerald Chat - Cam met Vreemden op StrangerCam.com","description":"Net als Emerald Chat? Kom chatten met meer dan 5.000.000 vreemden op Stranger Cam gratis! Zet je cam aan en vind nieuwe vrienden!","robots":{"index":"index","follow":"follow","max-snippet":"max-snippet:-1","max-image-preview":"max-image-preview:large","max-video-preview":"max-video-preview:-1"},"canonical":"https:\/\/strangercam.com\/nl\/emerald-chat\/","og_locale":"nl_NL","og_type":"article","og_title":"Emerald Chat - Cam with Strangers on StrangerCam.com","og_description":"Like Emerald Chat? Come chat with more than 5.000.000 strangers on Stranger Cam for Free! Turn on your cam and find new friends!","og_url":"https:\/\/strangercam.com\/nl\/emerald-chat\/","og_site_name":"Strangercam","article_publisher":"https:\/\/www.facebook.com\/strangercam","article_modified_time":"2023-08-21T10:24:41+00:00","og_image":[{"width":800,"height":800,"url":"https:\/\/strangercam.com\/wp-content\/uploads\/2020\/11\/stranger-cam-1.png","type":"image\/png"}],"twitter_card":"summary_large_image","twitter_site":"@strangercamapp","twitter_misc":{"Geschatte leestijd":"5 minuten"},"schema":{"@context":"https:\/\/schema.org","@graph":[{"@type":"WebPage","@id":"https:\/\/strangercam.com\/emerald-chat\/","url":"https:\/\/strangercam.com\/emerald-chat\/","name":"Emerald Chat - Cam met Vreemden op StrangerCam.com","isPartOf":{"@id":"https:\/\/strangercam.com\/#website"},"primaryImageOfPage":{"@id":"https:\/\/strangercam.com\/emerald-chat\/#primaryimage"},"image":{"@id":"https:\/\/strangercam.com\/emerald-chat\/#primaryimage"},"thumbnailUrl":"https:\/\/strangercam.com\/wp-content\/uploads\/2020\/11\/stranger-cam-1.png","datePublished":"2021-01-10T14:44:29+00:00","dateModified":"2023-08-21T10:24:41+00:00","description":"Net als Emerald Chat? Kom chatten met meer dan 5.000.000 vreemden op Stranger Cam gratis! Zet je cam aan en vind nieuwe vrienden!","breadcrumb":{"@id":"https:\/\/strangercam.com\/emerald-chat\/#breadcrumb"},"inLanguage":"nl-NL","potentialAction":[{"@type":"ReadAction","target":["https:\/\/strangercam.com\/emerald-chat\/"]}]},{"@type":"ImageObject","inLanguage":"nl-NL","@id":"https:\/\/strangercam.com\/emerald-chat\/#primaryimage","url":"https:\/\/strangercam.com\/wp-content\/uploads\/2020\/11\/stranger-cam-1.png","contentUrl":"https:\/\/strangercam.com\/wp-content\/uploads\/2020\/11\/stranger-cam-1.png","width":800,"height":800,"caption":"stranger cam random video chat"},{"@type":"BreadcrumbList","@id":"https:\/\/strangercam.com\/emerald-chat\/#breadcrumb","itemListElement":[{"@type":"ListItem","position":1,"name":"Home","item":"https:\/\/strangercam.com\/"},{"@type":"ListItem","position":2,"name":"Emerald Chat"}]},{"@type":"WebSite","@id":"https:\/\/strangercam.com\/#website","url":"https:\/\/strangercam.com\/","name":"Strangercam","description":"Willekeurige videochat met vreemden","publisher":{"@id":"https:\/\/strangercam.com\/#organization"},"alternateName":"Strangercam.com","potentialAction":[{"@type":"SearchAction","target":{"@type":"EntryPoint","urlTemplate":"https:\/\/strangercam.com\/?s={search_term_string}"},"query-input":{"@type":"PropertyValueSpecification","valueRequired":true,"valueName":"search_term_string"}}],"inLanguage":"nl-NL"},{"@type":"Organization","@id":"https:\/\/strangercam.com\/#organization","name":"Strangercam","alternateName":"Strangercam.com","url":"https:\/\/strangercam.com\/","logo":{"@type":"ImageObject","inLanguage":"nl-NL","@id":"https:\/\/strangercam.com\/#\/schema\/logo\/image\/","url":"https:\/\/strangercam.com\/wp-content\/uploads\/2020\/11\/cropped-new-favicon-black.png","contentUrl":"https:\/\/strangercam.com\/wp-content\/uploads\/2020\/11\/cropped-new-favicon-black.png","width":512,"height":512,"caption":"Strangercam"},"image":{"@id":"https:\/\/strangercam.com\/#\/schema\/logo\/image\/"},"sameAs":["https:\/\/www.facebook.com\/strangercam","https:\/\/x.com\/strangercamapp"]}]}},"_links":{"self":[{"href":"https:\/\/strangercam.com\/nl\/wp-json\/wp\/v2\/pages\/1004","targetHints":{"allow":["GET"]}}],"collection":[{"href":"https:\/\/strangercam.com\/nl\/wp-json\/wp\/v2\/pages"}],"about":[{"href":"https:\/\/strangercam.com\/nl\/wp-json\/wp\/v2\/types\/page"}],"author":[{"embeddable":true,"href":"https:\/\/strangercam.com\/nl\/wp-json\/wp\/v2\/users\/6"}],"replies":[{"embeddable":true,"href":"https:\/\/strangercam.com\/nl\/wp-json\/wp\/v2\/comments?post=1004"}],"version-history":[{"count":0,"href":"https:\/\/strangercam.com\/nl\/wp-json\/wp\/v2\/pages\/1004\/revisions"}],"wp:featuredmedia":[{"embeddable":true,"href":"https:\/\/strangercam.com\/nl\/wp-json\/wp\/v2\/media\/559"}],"wp:attachment":[{"href":"https:\/\/strangercam.com\/nl\/wp-json\/wp\/v2\/media?parent=1004"}],"curies":[{"name":"wp","href":"https:\/\/api.w.org\/{rel}","templated":true}]}}