{"id":980,"date":"2021-01-09T13:06:16","date_gmt":"2021-01-09T11:06:16","guid":{"rendered":"https:\/\/strangercam.com\/?page_id=980"},"modified":"2023-08-21T11:40:07","modified_gmt":"2023-08-21T09:40:07","slug":"azar-app","status":"publish","type":"page","link":"https:\/\/strangercam.com\/it\/azar-app\/","title":{"rendered":"Azar App"},"content":{"rendered":"<p>Fare nuove amicizie in un nuovo luogo pu\u00f2 diventare difficile per molte persone a causa di vari fattori. Di conseguenza, preferiscono utilizzare alcune piattaforme e app per entrare in contatto con persone sconosciute il prima possibile. Tuttavia, non tutte sono uguali e bisogna studiarle nel dettaglio. Questo aiuter\u00e0 molto a trovare una piattaforma o un'app che aiuti a trovare facilmente personalit\u00e0 interessanti da diverse parti del mondo. La maggior parte delle piattaforme e delle app consente agli utenti di connettersi rapidamente con gli altri per ottenere un'esperienza migliore.<\/p>\n<h2>App Azar per incontrare persone che la pensano allo stesso modo<\/h2>\n<p>Chiunque voglia cercare un <a href=\"https:\/\/strangercam.com\/it\/mili\/\">dal vivo<\/a> connessione in tempo reale pu\u00f2 scegliere l'app Azar per soddisfare le proprie esigenze. Il <a href=\"https:\/\/strangercam.com\/it\/rabbit-video-chat\/\">video<\/a> <a href=\"https:\/\/strangercam.com\/it\/chatroulette\/\">chat<\/a> L'applicazione consente agli utenti di intrattenere conversazioni divertenti con persone sconosciute grazie alle funzioni pi\u00f9 recenti. Un'altra caratteristica dell'app \u00e8 la possibilit\u00e0 di aggiungere filtri ed effetti durante la conversazione. <a href=\"https:\/\/strangercam.com\/it\/chatingly\/\">chattare<\/a> con gli altri. Inoltre, consente agli utenti di abbinare persone che condividono interessi comuni con una persona. Inoltre, l'app offre la possibilit\u00e0 di effettuare conversazioni efficaci con persone che la pensano allo stesso modo e che si trovano in luoghi diversi.<\/p>\n<h2>Quali sono le funzionalit\u00e0 offerte dall'app Azar?<\/h2>\n<p>Gli utenti dovrebbero conoscere le caratteristiche dell'applicazione prima di iniziare le conversazioni. Azar offre alcune caratteristiche eccellenti per chi vuole fare buone amicizie in un luogo. Consente all'utente di sfogliare le funzioni della cronologia che danno modo di riprendere a chattare con le connessioni precedenti. Inoltre, la funzione di chat integrata offerta dall'app traduce i messaggi in lingua straniera con grande precisione. La piattaforma dell'app \u00e8 la scelta migliore per esplorare nuove persone in modo semplice. Inoltre, \u00e8 possibile utilizzare filtri di genere e regionali quando si vuole parlare con gli altri.<\/p>\n<h2>Come scaricare l'applicazione?<\/h2>\n<p>L'applicazione \u00e8 ora disponibile su <a href=\"https:\/\/play.google.com\/store\/apps\/details?id=com.azarlihttps:\/\/play.google.com\/store\/apps\/details?id=com.azarlive.android&amp;hl=en_ZA&amp;gl=USve.android&amp;hl=en_ZA&amp;gl=US\">Google Play Store<\/a> e gli utenti possono scaricarlo sui loro dispositivi mobili senza alcuna difficolt\u00e0. Gli utenti che desiderano avere incontri divertenti con gli sconosciuti possono trarre maggiori vantaggi dalla funzione Azar live. Il supporto del team clienti 24\/7 offerto dall'applicazione consente agli utenti di connettersi con gli altri in un ambiente divertente. Allo stesso tempo, \u00e8 necessario leggere le recensioni e le valutazioni dell'applicazione prima di installarla sui dispositivi mobili. Entrambi <a href=\"https:\/\/strangercam.com\/it\/chat4free\/\">libero<\/a> Gli utenti hanno a disposizione versioni con e senza abbonamento e possono scegliere quella migliore che soddisfa le loro aspettative. Inoltre, l'app consente di abbinare facilmente i profili per fare amicizia senza problemi.<\/p>","protected":false},"excerpt":{"rendered":"<p>Making new friends in a new location may become a difficult one for many people due to various factors. As a result, they like to use some platforms and apps to connect with strangers as soon as possible. However, not all are the same and one should make a detailed study about them in detail. [&hellip;]<\/p>\n","protected":false},"author":6,"featured_media":559,"parent":0,"menu_order":0,"comment_status":"closed","ping_status":"closed","template":"","meta":{"footnotes":""},"class_list":["post-980","page","type-page","status-publish","has-post-thumbnail","hentry"],"yoast_head":"<!-- This site is optimized with the Yoast SEO plugin v26.9 - https:\/\/yoast.com\/product\/yoast-seo-wordpress\/ -->\n<title>Azar App - Swipe, Match, Video Chat - Cam on StrangerCam.com<\/title>\n<meta name=\"description\" content=\"Like Azar App? Come chat with more than 5.000.000 strangers on Stranger Cam for Free! Turn on your cam and find new friends &amp; maby a match!\" \/>\n<meta name=\"robots\" content=\"index, follow, max-snippet:-1, max-image-preview:large, max-video-preview:-1\" \/>\n<link rel=\"canonical\" href=\"https:\/\/strangercam.com\/it\/azar-app\/\" \/>\n<meta property=\"og:locale\" content=\"it_IT\" \/>\n<meta property=\"og:type\" content=\"article\" \/>\n<meta property=\"og:title\" content=\"Azar App - Swipe, Match, Video Chat - Cam on StrangerCam.com\" \/>\n<meta property=\"og:description\" content=\"Like Azar App? Come chat with more than 5.000.000 strangers on Stranger Cam for Free! Turn on your cam and find new friends &amp; maby a match!\" \/>\n<meta property=\"og:url\" content=\"https:\/\/strangercam.com\/it\/azar-app\/\" \/>\n<meta property=\"og:site_name\" content=\"Strangercam\" \/>\n<meta property=\"article:publisher\" content=\"https:\/\/www.facebook.com\/strangercam\" \/>\n<meta property=\"article:modified_time\" content=\"2023-08-21T09:40:07+00:00\" \/>\n<meta property=\"og:image\" content=\"https:\/\/strangercam.com\/wp-content\/uploads\/2020\/11\/stranger-cam-1.png\" \/>\n\t<meta property=\"og:image:width\" content=\"800\" \/>\n\t<meta property=\"og:image:height\" content=\"800\" \/>\n\t<meta property=\"og:image:type\" content=\"image\/png\" \/>\n<meta name=\"twitter:card\" content=\"summary_large_image\" \/>\n<meta name=\"twitter:site\" content=\"@strangercamapp\" \/>\n<meta name=\"twitter:label1\" content=\"Tempo di lettura stimato\" \/>\n\t<meta name=\"twitter:data1\" content=\"2 minuti\" \/>\n<script type=\"application\/ld+json\" class=\"yoast-schema-graph\">{\"@context\":\"https:\/\/schema.org\",\"@graph\":[{\"@type\":\"WebPage\",\"@id\":\"https:\/\/strangercam.com\/azar-app\/\",\"url\":\"https:\/\/strangercam.com\/azar-app\/\",\"name\":\"Azar App - Swipe, Match, Video Chat - Cam on StrangerCam.com\",\"isPartOf\":{\"@id\":\"https:\/\/strangercam.com\/#website\"},\"primaryImageOfPage\":{\"@id\":\"https:\/\/strangercam.com\/azar-app\/#primaryimage\"},\"image\":{\"@id\":\"https:\/\/strangercam.com\/azar-app\/#primaryimage\"},\"thumbnailUrl\":\"https:\/\/strangercam.com\/wp-content\/uploads\/2020\/11\/stranger-cam-1.png\",\"datePublished\":\"2021-01-09T11:06:16+00:00\",\"dateModified\":\"2023-08-21T09:40:07+00:00\",\"description\":\"Like Azar App? Come chat with more than 5.000.000 strangers on Stranger Cam for Free! Turn on your cam and find new friends & maby a match!\",\"breadcrumb\":{\"@id\":\"https:\/\/strangercam.com\/azar-app\/#breadcrumb\"},\"inLanguage\":\"it-IT\",\"potentialAction\":[{\"@type\":\"ReadAction\",\"target\":[\"https:\/\/strangercam.com\/azar-app\/\"]}]},{\"@type\":\"ImageObject\",\"inLanguage\":\"it-IT\",\"@id\":\"https:\/\/strangercam.com\/azar-app\/#primaryimage\",\"url\":\"https:\/\/strangercam.com\/wp-content\/uploads\/2020\/11\/stranger-cam-1.png\",\"contentUrl\":\"https:\/\/strangercam.com\/wp-content\/uploads\/2020\/11\/stranger-cam-1.png\",\"width\":800,\"height\":800,\"caption\":\"stranger cam random video chat\"},{\"@type\":\"BreadcrumbList\",\"@id\":\"https:\/\/strangercam.com\/azar-app\/#breadcrumb\",\"itemListElement\":[{\"@type\":\"ListItem\",\"position\":1,\"name\":\"Home\",\"item\":\"https:\/\/strangercam.com\/\"},{\"@type\":\"ListItem\",\"position\":2,\"name\":\"Azar App\"}]},{\"@type\":\"WebSite\",\"@id\":\"https:\/\/strangercam.com\/#website\",\"url\":\"https:\/\/strangercam.com\/\",\"name\":\"Strangercam\",\"description\":\"Random Video Chat with Strangers\",\"publisher\":{\"@id\":\"https:\/\/strangercam.com\/#organization\"},\"alternateName\":\"Strangercam.com\",\"potentialAction\":[{\"@type\":\"SearchAction\",\"target\":{\"@type\":\"EntryPoint\",\"urlTemplate\":\"https:\/\/strangercam.com\/?s={search_term_string}\"},\"query-input\":{\"@type\":\"PropertyValueSpecification\",\"valueRequired\":true,\"valueName\":\"search_term_string\"}}],\"inLanguage\":\"it-IT\"},{\"@type\":\"Organization\",\"@id\":\"https:\/\/strangercam.com\/#organization\",\"name\":\"Strangercam\",\"alternateName\":\"Strangercam.com\",\"url\":\"https:\/\/strangercam.com\/\",\"logo\":{\"@type\":\"ImageObject\",\"inLanguage\":\"it-IT\",\"@id\":\"https:\/\/strangercam.com\/#\/schema\/logo\/image\/\",\"url\":\"https:\/\/strangercam.com\/wp-content\/uploads\/2020\/11\/cropped-new-favicon-black.png\",\"contentUrl\":\"https:\/\/strangercam.com\/wp-content\/uploads\/2020\/11\/cropped-new-favicon-black.png\",\"width\":512,\"height\":512,\"caption\":\"Strangercam\"},\"image\":{\"@id\":\"https:\/\/strangercam.com\/#\/schema\/logo\/image\/\"},\"sameAs\":[\"https:\/\/www.facebook.com\/strangercam\",\"https:\/\/x.com\/strangercamapp\"]}]}<\/script>\n<!-- \/ Yoast SEO plugin. -->","yoast_head_json":{"title":"Azar App - Swipe, Match, Video Chat - Cam su StrangerCam.com","description":"Come Azar App? Vieni a chattare con pi\u00f9 di 5.000.000 di sconosciuti su Stranger Cam gratuitamente! Accendi la tua cam e trova nuovi amici e magari un partner!","robots":{"index":"index","follow":"follow","max-snippet":"max-snippet:-1","max-image-preview":"max-image-preview:large","max-video-preview":"max-video-preview:-1"},"canonical":"https:\/\/strangercam.com\/it\/azar-app\/","og_locale":"it_IT","og_type":"article","og_title":"Azar App - Swipe, Match, Video Chat - Cam on StrangerCam.com","og_description":"Like Azar App? Come chat with more than 5.000.000 strangers on Stranger Cam for Free! Turn on your cam and find new friends & maby a match!","og_url":"https:\/\/strangercam.com\/it\/azar-app\/","og_site_name":"Strangercam","article_publisher":"https:\/\/www.facebook.com\/strangercam","article_modified_time":"2023-08-21T09:40:07+00:00","og_image":[{"width":800,"height":800,"url":"https:\/\/strangercam.com\/wp-content\/uploads\/2020\/11\/stranger-cam-1.png","type":"image\/png"}],"twitter_card":"summary_large_image","twitter_site":"@strangercamapp","twitter_misc":{"Tempo di lettura stimato":"2 minuti"},"schema":{"@context":"https:\/\/schema.org","@graph":[{"@type":"WebPage","@id":"https:\/\/strangercam.com\/azar-app\/","url":"https:\/\/strangercam.com\/azar-app\/","name":"Azar App - Swipe, Match, Video Chat - Cam su StrangerCam.com","isPartOf":{"@id":"https:\/\/strangercam.com\/#website"},"primaryImageOfPage":{"@id":"https:\/\/strangercam.com\/azar-app\/#primaryimage"},"image":{"@id":"https:\/\/strangercam.com\/azar-app\/#primaryimage"},"thumbnailUrl":"https:\/\/strangercam.com\/wp-content\/uploads\/2020\/11\/stranger-cam-1.png","datePublished":"2021-01-09T11:06:16+00:00","dateModified":"2023-08-21T09:40:07+00:00","description":"Come Azar App? Vieni a chattare con pi\u00f9 di 5.000.000 di sconosciuti su Stranger Cam gratuitamente! Accendi la tua cam e trova nuovi amici e magari un partner!","breadcrumb":{"@id":"https:\/\/strangercam.com\/azar-app\/#breadcrumb"},"inLanguage":"it-IT","potentialAction":[{"@type":"ReadAction","target":["https:\/\/strangercam.com\/azar-app\/"]}]},{"@type":"ImageObject","inLanguage":"it-IT","@id":"https:\/\/strangercam.com\/azar-app\/#primaryimage","url":"https:\/\/strangercam.com\/wp-content\/uploads\/2020\/11\/stranger-cam-1.png","contentUrl":"https:\/\/strangercam.com\/wp-content\/uploads\/2020\/11\/stranger-cam-1.png","width":800,"height":800,"caption":"stranger cam random video chat"},{"@type":"BreadcrumbList","@id":"https:\/\/strangercam.com\/azar-app\/#breadcrumb","itemListElement":[{"@type":"ListItem","position":1,"name":"Home","item":"https:\/\/strangercam.com\/"},{"@type":"ListItem","position":2,"name":"Azar App"}]},{"@type":"WebSite","@id":"https:\/\/strangercam.com\/#website","url":"https:\/\/strangercam.com\/","name":"Strangercam","description":"Videochat casuale con sconosciuti","publisher":{"@id":"https:\/\/strangercam.com\/#organization"},"alternateName":"Strangercam.com","potentialAction":[{"@type":"SearchAction","target":{"@type":"EntryPoint","urlTemplate":"https:\/\/strangercam.com\/?s={search_term_string}"},"query-input":{"@type":"PropertyValueSpecification","valueRequired":true,"valueName":"search_term_string"}}],"inLanguage":"it-IT"},{"@type":"Organization","@id":"https:\/\/strangercam.com\/#organization","name":"Strangercam","alternateName":"Strangercam.com","url":"https:\/\/strangercam.com\/","logo":{"@type":"ImageObject","inLanguage":"it-IT","@id":"https:\/\/strangercam.com\/#\/schema\/logo\/image\/","url":"https:\/\/strangercam.com\/wp-content\/uploads\/2020\/11\/cropped-new-favicon-black.png","contentUrl":"https:\/\/strangercam.com\/wp-content\/uploads\/2020\/11\/cropped-new-favicon-black.png","width":512,"height":512,"caption":"Strangercam"},"image":{"@id":"https:\/\/strangercam.com\/#\/schema\/logo\/image\/"},"sameAs":["https:\/\/www.facebook.com\/strangercam","https:\/\/x.com\/strangercamapp"]}]}},"_links":{"self":[{"href":"https:\/\/strangercam.com\/it\/wp-json\/wp\/v2\/pages\/980","targetHints":{"allow":["GET"]}}],"collection":[{"href":"https:\/\/strangercam.com\/it\/wp-json\/wp\/v2\/pages"}],"about":[{"href":"https:\/\/strangercam.com\/it\/wp-json\/wp\/v2\/types\/page"}],"author":[{"embeddable":true,"href":"https:\/\/strangercam.com\/it\/wp-json\/wp\/v2\/users\/6"}],"replies":[{"embeddable":true,"href":"https:\/\/strangercam.com\/it\/wp-json\/wp\/v2\/comments?post=980"}],"version-history":[{"count":0,"href":"https:\/\/strangercam.com\/it\/wp-json\/wp\/v2\/pages\/980\/revisions"}],"wp:featuredmedia":[{"embeddable":true,"href":"https:\/\/strangercam.com\/it\/wp-json\/wp\/v2\/media\/559"}],"wp:attachment":[{"href":"https:\/\/strangercam.com\/it\/wp-json\/wp\/v2\/media?parent=980"}],"curies":[{"name":"wp","href":"https:\/\/api.w.org\/{rel}","templated":true}]}}