{"id":9038,"date":"2025-09-29T10:37:31","date_gmt":"2025-09-29T08:37:31","guid":{"rendered":"https:\/\/strangercam.com\/?page_id=9038"},"modified":"2025-09-29T12:03:57","modified_gmt":"2025-09-29T10:03:57","slug":"chat-online-gratuita","status":"publish","type":"page","link":"https:\/\/strangercam.com\/it\/free-online-chat\/","title":{"rendered":"Chat online gratuita"},"content":{"rendered":"<p>Siete alla ricerca di un sito online gratuito <a href=\"https:\/\/strangercam.com\/it\/chathub\/\">Chat<\/a>? Non siete soli. Milioni di persone ogni mese digitano queste esatte parole su Google, alla ricerca di un modo rapido, sicuro e gratuito di <a href=\"https:\/\/strangercam.com\/it\/coomeet\/\">incontrarsi<\/a> nuove persone online. A differenza dei social network o delle app di incontri che richiedono lunghe iscrizioni, le piattaforme di chat online gratuite vi permettono di entrare in contatto istantaneamente, senza problemi.<\/p>\n<p>Nel 2025, piattaforme come StrangerCam rendono pi\u00f9 facile che mai iniziare a chattare gratuitamente, senza download o costi nascosti. Che si tratti di conversazioni casuali, amicizie globali o flirt spensierati, la chat online gratuita \u00e8 ancora uno dei modi pi\u00f9 interessanti per connettersi online.<\/p>\n<p>Questa guida vi spiegher\u00e0 tutto quello che c'\u00e8 da sapere: cos'\u00e8 la chat online gratuita, perch\u00e9 \u00e8 cos\u00ec popolare, come funziona, la sua storia, quali sono le caratteristiche pi\u00f9 importanti, le migliori piattaforme, i consigli per la sicurezza e perch\u00e9 StrangerCam \u00e8 una delle migliori opzioni oggi.<\/p>\n<h2>Che cos'\u00e8 la chat online gratuita?<\/h2>\n<p>Le chat online gratuite si riferiscono a piattaforme digitali in cui \u00e8 possibile parlare con persone istantaneamente tramite testo o video senza pagare tariffe o creare lunghi profili. L'idea \u00e8 semplice: si clicca su un pulsante e si entra in contatto con una persona nuova, sempre e ovunque.<\/p>\n<p>A differenza dei social media tradizionali o delle app di incontri, le piattaforme di chat gratuite puntano sulla spontaneit\u00e0. Non richiedono swiping, algoritmi o profili curati. Al contrario, offrono un'interazione in tempo reale con persone sconosciute di tutto il mondo.<\/p>\n<h2>Perch\u00e9 le persone amano la chat online gratuita<\/h2>\n<p>L'espressione \"chat online gratuita\" \u00e8 rimasta popolare per decenni perch\u00e9:<\/p>\n<ul>\n<li>Connessione immediata: Non c'\u00e8 bisogno di aspettare per avere riscontri o risposte.<\/li>\n<li>Amicizie globali: Incontrare persone provenienti da oltre 100 paesi.<\/li>\n<li>Variet\u00e0 di conversazioni: Dalle battute casuali ai discorsi pi\u00f9 profondi.<\/li>\n<li>Convenienza: Accesso veramente gratuito, senza paywall nascosti.<\/li>\n<li>Spontaneit\u00e0: ogni chat \u00e8 unica e imprevedibile.<\/li>\n<li>Flessibilit\u00e0: Opzioni di chat testuale o video dal vivo.<\/li>\n<\/ul>\n<p>\u00c8 il mix perfetto di divertimento, autenticit\u00e0 e accessibilit\u00e0.<\/p>\n<h2>Come funziona la chat online gratuita<\/h2>\n<p>Il processo \u00e8 semplice:<\/p>\n<ol>\n<li>Aprite una piattaforma di chat come StrangerCam.<\/li>\n<li>Scegliere la modalit\u00e0 di chat (chat di testo o video).<\/li>\n<li>Consentire l'accesso alla telecamera\/microfono per i video.<\/li>\n<li>Fare clic su \"Avvia chat\".<\/li>\n<li>Connettetevi istantaneamente con qualcuno in tutto il mondo.<\/li>\n<li>Fate clic su \"Avanti\" in qualsiasi momento per incontrare qualcuno di nuovo.<\/li>\n<\/ol>\n<p>Alcuni siti aggiungono anche funzioni come filtri, chat di gruppo o strumenti di traduzione.<\/p>\n<h2>Caratteristiche da ricercare<\/h2>\n<p>Quando si sceglie un sito di chat online gratuito, assicurarsi che includa:<\/p>\n<ul>\n<li>Accesso veramente gratuito - Evitate i siti che nascondono le funzioni dietro i muri a pagamento.<\/li>\n<li>Non \u00e8 richiesta alcuna iscrizione - Rimanete anonimi, connettetevi all'istante.<\/li>\n<li>Opzioni video e testo - Flessibilit\u00e0 per diversi stati d'animo.<\/li>\n<li>Design compatibile con i dispositivi mobili - scorrevole su telefoni e tablet.<\/li>\n<li>Forte moderazione - Pi\u00f9 sicuro delle chat della vecchia scuola.<\/li>\n<li>Base di utenti globale - Pi\u00f9 persone significa pi\u00f9 divertimento.<\/li>\n<\/ul>\n<h2>Le migliori piattaforme di chat online gratuite nel 2025<\/h2>\n<p>Ecco un confronto tra i migliori siti di chat gratuiti di oggi:<\/p>\n<table>\n<thead>\n<tr>\n<th>Piattaforma<\/th>\n<th align=\"center\">Accesso libero<\/th>\n<th align=\"center\">\u00c8 necessario iscriversi<\/th>\n<th align=\"center\">Video chat<\/th>\n<th align=\"center\">Supporto mobile<\/th>\n<th align=\"center\">Moderazione<\/th>\n<th>Note<\/th>\n<\/tr>\n<\/thead>\n<tbody>\n<tr>\n<td>StrangerCam<\/td>\n<td align=\"center\">\u2705<\/td>\n<td align=\"center\">\u274c<\/td>\n<td align=\"center\">\u2705<\/td>\n<td align=\"center\">\u2705<\/td>\n<td align=\"center\">\u2705<\/td>\n<td>La scelta migliore: gratuito, istantaneo, sicuro<\/td>\n<\/tr>\n<tr>\n<td><a href=\"https:\/\/strangercam.com\/it\/chatroulette\/\">Chatroulette<\/a><\/td>\n<td align=\"center\">\u2705<\/td>\n<td align=\"center\">\u274c<\/td>\n<td align=\"center\">\u2705<\/td>\n<td align=\"center\">\u2705<\/td>\n<td align=\"center\">\u2705<\/td>\n<td>Caratteristiche classiche ma limitate<\/td>\n<\/tr>\n<tr>\n<td>Chatrandom<\/td>\n<td align=\"center\">\u2705<\/td>\n<td align=\"center\">\u274c<\/td>\n<td align=\"center\">\u2705<\/td>\n<td align=\"center\">\u2705<\/td>\n<td align=\"center\">\u2705<\/td>\n<td>Ampia base di utenti, aggiornamenti sempre pi\u00f9 frequenti<\/td>\n<\/tr>\n<tr>\n<td><a href=\"https:\/\/strangercam.com\/it\/ometv\/\">OmeTV<\/a><\/td>\n<td align=\"center\">\u2705<\/td>\n<td align=\"center\">\u274c<\/td>\n<td align=\"center\">\u2705<\/td>\n<td align=\"center\">\u2705<\/td>\n<td align=\"center\">\u2705<\/td>\n<td>App mobile-first per la chat casuale<\/td>\n<\/tr>\n<tr>\n<td>Shagle<\/td>\n<td align=\"center\">\u2705<\/td>\n<td align=\"center\">\u274c<\/td>\n<td align=\"center\">\u2705<\/td>\n<td align=\"center\">\u2705<\/td>\n<td align=\"center\">\u2705<\/td>\n<td>Ingresso libero, filtri premium bloccati<\/td>\n<\/tr>\n<tr>\n<td>WireClub<\/td>\n<td align=\"center\">\u2705<\/td>\n<td align=\"center\">\u2705<\/td>\n<td align=\"center\">\u274c<\/td>\n<td align=\"center\">\u2705<\/td>\n<td align=\"center\">\u2705<\/td>\n<td>Chatroom di testo pi\u00f9 tradizionali<\/td>\n<\/tr>\n<\/tbody>\n<\/table>\n<p>StrangerCam \u00e8 una delle poche piattaforme che combina l'accesso gratuito e illimitato, senza registrazione, e le opzioni di chat video e testo.<\/p>\n<h2>Perch\u00e9 StrangerCam \u00e8 la migliore opzione di chat online gratuita<\/h2>\n<p>Ecco perch\u00e9 StrangerCam \u00e8 la scelta migliore per la chat online gratuita nel 2025:<\/p>\n<h3>1. Completamente gratuito<\/h3>\n<p>Nessun costo nascosto, prove o sistemi di credito.<\/p>\n<h3>2. Non \u00e8 richiesta l'iscrizione<\/h3>\n<p>Rimanete anonimi e chattate all'istante.<\/p>\n<h3>3. Opzioni testo + video<\/h3>\n<p>Passate da una modalit\u00e0 all'altra in base al vostro livello di comfort.<\/p>\n<h3>4. Sicuro e moderato<\/h3>\n<p>Strumenti di sicurezza migliori rispetto alle chat della vecchia scuola.<\/p>\n<h3>5. Pronto per i dispositivi mobili e desktop<\/h3>\n<p>Ottimizzato per tutti i dispositivi.<\/p>\n<h3>6. Portata globale<\/h3>\n<p>Incontrare persone da oltre 100 paesi, 24 ore su 24, 7 giorni su 7.<\/p>\n<h2>Testimonianze di utenti reali<\/h2>\n<blockquote><p>\"Ho cercato Chat Online Gratis e ho trovato StrangerCam. \u00c8 stato immediato, divertente e ho conosciuto persone da tutto il mondo\".<br \/>\n- Jake, 25 anni<\/p><\/blockquote>\n<blockquote><p>\"Mi piace il fatto di non dovermi iscrivere o fornire informazioni personali. \u00c8 davvero gratuito\".<br \/>\n- Sophia, 22 anni<\/p><\/blockquote>\n<blockquote><p>\"\u00c8 sicuro e semplice. Il pulsante di salto rende facile andare avanti\".<br \/>\n- Ryan, 30 anni<\/p><\/blockquote>\n<blockquote><p>\"A differenza delle vecchie chat, questa \u00e8 moderna e moderata. La chat online gratuita finalmente funziona\".<br \/>\n- Emma, 20 anni<\/p><\/blockquote>\n<h2>La psicologia della chat online gratuita<\/h2>\n<p>Perch\u00e9 la chat online gratuita \u00e8 ancora cos\u00ec popolare nel 2025? Perch\u00e9 risponde a tre esigenze umane universali:<\/p>\n<ol>\n<li>Gratificazione immediata: Vogliamo una connessione immediata senza aspettare.<\/li>\n<li>Novit\u00e0: ogni sconosciuto porta con s\u00e9 una nuova conversazione, che mantiene le cose eccitanti.<\/li>\n<li>Accessibilit\u00e0: L'aggiunta di \"gratuito\" lo rende accessibile a chiunque, ovunque.<\/li>\n<\/ol>\n<p>Questo spiega perch\u00e9 il termine rimane molto ricercato anno dopo anno.<\/p>\n<h2>Consigli di sicurezza per la chat online gratuita<\/h2>\n<p>Sebbene chattare online sia divertente, la sicurezza dovrebbe essere sempre al primo posto:<\/p>\n<ul>\n<li>Non condividete mai informazioni personali (telefono, indirizzo, luogo di lavoro).<\/li>\n<li>Evitate di cliccare su link provenienti da sconosciuti.<\/li>\n<li>Usate Skip\/Block se qualcuno vi mette a disagio.<\/li>\n<li>Controllare lo sfondo della fotocamera prima di andare in onda.<\/li>\n<li>Attenetevi ai soprannomi, non ai nomi veri.<\/li>\n<li>Rispettate i limiti di et\u00e0: non utilizzate la chat per adulti se avete meno di 18 anni.<\/li>\n<\/ul>\n<h2>Come iniziare - Passo dopo passo<\/h2>\n<p>Ci vogliono solo pochi secondi per iniziare una chat online gratuita:<\/p>\n<ol>\n<li>Aprite StrangerCam sul vostro browser o dispositivo.<\/li>\n<li>Scegliete la modalit\u00e0 di chat: testo o video.<\/li>\n<li>Consentire l'accesso alla telecamera\/microfono (per i video).<\/li>\n<li>Fare clic su Avvia chat.<\/li>\n<li>Incontrare nuove persone all'istante: premere Avanti in qualsiasi momento per passare da una all'altra.<\/li>\n<\/ol>\n<p>Nel 2025, la chat online gratuita rimane uno dei modi pi\u00f9 veloci, semplici e divertenti per incontrare persone online. A differenza delle app di incontri o dei social media, \u00e8 istantanea, globale e spontanea.<\/p>\n<p>Piattaforme come StrangerCam la rendono migliore che mai: veramente gratuita, sicura e piena di utenti reali da tutto il mondo. Che siate alla ricerca di amici, di divertimento occasionale o semplicemente di una conversazione per sconfiggere la noia, la chat online gratuita \u00e8 sempre a un solo clic di distanza.<\/p>\n<p>Pronti a connettervi? Avviate oggi stesso una chat online gratuita e scoprite chi incontrerete.<\/p>","protected":false},"excerpt":{"rendered":"<p>Are you searching for Free Online Chat? You\u2019re not alone. Millions of people every month type those exact words into Google, looking for a quick, safe, and free way to meet new people online. Unlike social networks or dating apps that require lengthy signups, free online chat platforms let you connect instantly\u2014without the hassle. In [&hellip;]<\/p>\n","protected":false},"author":8,"featured_media":0,"parent":0,"menu_order":0,"comment_status":"closed","ping_status":"closed","template":"","meta":{"footnotes":""},"class_list":["post-9038","page","type-page","status-publish","hentry"],"yoast_head":"<!-- This site is optimized with the Yoast SEO plugin v27.4 - https:\/\/yoast.com\/product\/yoast-seo-wordpress\/ -->\n<title>Free Online Chat with Video Chat on Strangercam.com<\/title>\n<meta name=\"description\" content=\"Liking Free Online Chat? Join millions on StrangerCam.com! Start a random video chat, turn on your cam, and meet strangers instantly.\" \/>\n<meta name=\"robots\" content=\"index, follow, max-snippet:-1, max-image-preview:large, max-video-preview:-1\" \/>\n<link rel=\"canonical\" href=\"https:\/\/strangercam.com\/it\/chat-online-gratuita\/\" \/>\n<meta property=\"og:locale\" content=\"it_IT\" \/>\n<meta property=\"og:type\" content=\"article\" \/>\n<meta property=\"og:title\" content=\"Free Online Chat with Video Chat on Strangercam.com\" \/>\n<meta property=\"og:description\" content=\"Liking Free Online Chat? Join millions on StrangerCam.com! Start a random video chat, turn on your cam, and meet strangers instantly.\" \/>\n<meta property=\"og:url\" content=\"https:\/\/strangercam.com\/it\/chat-online-gratuita\/\" \/>\n<meta property=\"og:site_name\" content=\"Strangercam\" \/>\n<meta property=\"article:publisher\" content=\"https:\/\/www.facebook.com\/strangercam\" \/>\n<meta property=\"article:modified_time\" content=\"2025-09-29T10:03:57+00:00\" \/>\n<meta property=\"og:image\" content=\"https:\/\/strangercam.com\/wp-content\/uploads\/2021\/10\/Untitled-2.png\" \/>\n\t<meta property=\"og:image:width\" content=\"800\" \/>\n\t<meta property=\"og:image:height\" content=\"532\" \/>\n\t<meta property=\"og:image:type\" content=\"image\/png\" \/>\n<meta name=\"twitter:card\" content=\"summary_large_image\" \/>\n<meta name=\"twitter:site\" content=\"@strangercamapp\" \/>\n<meta name=\"twitter:label1\" content=\"Tempo di lettura stimato\" \/>\n\t<meta name=\"twitter:data1\" content=\"4 minuti\" \/>\n<script type=\"application\/ld+json\" class=\"yoast-schema-graph\">{\"@context\":\"https:\\\/\\\/schema.org\",\"@graph\":[{\"@type\":\"WebPage\",\"@id\":\"https:\\\/\\\/strangercam.com\\\/free-online-chat\\\/\",\"url\":\"https:\\\/\\\/strangercam.com\\\/free-online-chat\\\/\",\"name\":\"Free Online Chat with Video Chat on Strangercam.com\",\"isPartOf\":{\"@id\":\"https:\\\/\\\/strangercam.com\\\/#website\"},\"datePublished\":\"2025-09-29T08:37:31+00:00\",\"dateModified\":\"2025-09-29T10:03:57+00:00\",\"description\":\"Liking Free Online Chat? Join millions on StrangerCam.com! Start a random video chat, turn on your cam, and meet strangers instantly.\",\"breadcrumb\":{\"@id\":\"https:\\\/\\\/strangercam.com\\\/free-online-chat\\\/#breadcrumb\"},\"inLanguage\":\"it-IT\",\"potentialAction\":[{\"@type\":\"ReadAction\",\"target\":[\"https:\\\/\\\/strangercam.com\\\/free-online-chat\\\/\"]}]},{\"@type\":\"BreadcrumbList\",\"@id\":\"https:\\\/\\\/strangercam.com\\\/free-online-chat\\\/#breadcrumb\",\"itemListElement\":[{\"@type\":\"ListItem\",\"position\":1,\"name\":\"Home\",\"item\":\"https:\\\/\\\/strangercam.com\\\/\"},{\"@type\":\"ListItem\",\"position\":2,\"name\":\"Free Online Chat\"}]},{\"@type\":\"WebSite\",\"@id\":\"https:\\\/\\\/strangercam.com\\\/#website\",\"url\":\"https:\\\/\\\/strangercam.com\\\/\",\"name\":\"Strangercam\",\"description\":\"Random Video Chat with Strangers\",\"publisher\":{\"@id\":\"https:\\\/\\\/strangercam.com\\\/#organization\"},\"alternateName\":\"Strangercam.com\",\"potentialAction\":[{\"@type\":\"SearchAction\",\"target\":{\"@type\":\"EntryPoint\",\"urlTemplate\":\"https:\\\/\\\/strangercam.com\\\/?s={search_term_string}\"},\"query-input\":{\"@type\":\"PropertyValueSpecification\",\"valueRequired\":true,\"valueName\":\"search_term_string\"}}],\"inLanguage\":\"it-IT\"},{\"@type\":\"Organization\",\"@id\":\"https:\\\/\\\/strangercam.com\\\/#organization\",\"name\":\"Strangercam\",\"alternateName\":\"Strangercam.com\",\"url\":\"https:\\\/\\\/strangercam.com\\\/\",\"logo\":{\"@type\":\"ImageObject\",\"inLanguage\":\"it-IT\",\"@id\":\"https:\\\/\\\/strangercam.com\\\/#\\\/schema\\\/logo\\\/image\\\/\",\"url\":\"https:\\\/\\\/strangercam.com\\\/wp-content\\\/uploads\\\/2020\\\/11\\\/cropped-new-favicon-black.png\",\"contentUrl\":\"https:\\\/\\\/strangercam.com\\\/wp-content\\\/uploads\\\/2020\\\/11\\\/cropped-new-favicon-black.png\",\"width\":512,\"height\":512,\"caption\":\"Strangercam\"},\"image\":{\"@id\":\"https:\\\/\\\/strangercam.com\\\/#\\\/schema\\\/logo\\\/image\\\/\"},\"sameAs\":[\"https:\\\/\\\/www.facebook.com\\\/strangercam\",\"https:\\\/\\\/x.com\\\/strangercamapp\"]}]}<\/script>\n<!-- \/ Yoast SEO plugin. -->","yoast_head_json":{"title":"Chat online gratuita con video chat su Strangercam.com","description":"Ti piace la chat online gratuita? Join milioni su StrangerCam.com! Avvia una chat video casuale, accendi la tua cam e incontra subito degli sconosciuti.","robots":{"index":"index","follow":"follow","max-snippet":"max-snippet:-1","max-image-preview":"max-image-preview:large","max-video-preview":"max-video-preview:-1"},"canonical":"https:\/\/strangercam.com\/it\/chat-online-gratuita\/","og_locale":"it_IT","og_type":"article","og_title":"Free Online Chat with Video Chat on Strangercam.com","og_description":"Liking Free Online Chat? Join millions on StrangerCam.com! Start a random video chat, turn on your cam, and meet strangers instantly.","og_url":"https:\/\/strangercam.com\/it\/chat-online-gratuita\/","og_site_name":"Strangercam","article_publisher":"https:\/\/www.facebook.com\/strangercam","article_modified_time":"2025-09-29T10:03:57+00:00","og_image":[{"width":800,"height":532,"url":"https:\/\/strangercam.com\/wp-content\/uploads\/2021\/10\/Untitled-2.png","type":"image\/png"}],"twitter_card":"summary_large_image","twitter_site":"@strangercamapp","twitter_misc":{"Tempo di lettura stimato":"4 minuti"},"schema":{"@context":"https:\/\/schema.org","@graph":[{"@type":"WebPage","@id":"https:\/\/strangercam.com\/free-online-chat\/","url":"https:\/\/strangercam.com\/free-online-chat\/","name":"Chat online gratuita con video chat su Strangercam.com","isPartOf":{"@id":"https:\/\/strangercam.com\/#website"},"datePublished":"2025-09-29T08:37:31+00:00","dateModified":"2025-09-29T10:03:57+00:00","description":"Ti piace la chat online gratuita? Join milioni su StrangerCam.com! Avvia una chat video casuale, accendi la tua cam e incontra subito degli sconosciuti.","breadcrumb":{"@id":"https:\/\/strangercam.com\/free-online-chat\/#breadcrumb"},"inLanguage":"it-IT","potentialAction":[{"@type":"ReadAction","target":["https:\/\/strangercam.com\/free-online-chat\/"]}]},{"@type":"BreadcrumbList","@id":"https:\/\/strangercam.com\/free-online-chat\/#breadcrumb","itemListElement":[{"@type":"ListItem","position":1,"name":"Home","item":"https:\/\/strangercam.com\/"},{"@type":"ListItem","position":2,"name":"Free Online Chat"}]},{"@type":"WebSite","@id":"https:\/\/strangercam.com\/#website","url":"https:\/\/strangercam.com\/","name":"Strangercam","description":"Videochat casuale con sconosciuti","publisher":{"@id":"https:\/\/strangercam.com\/#organization"},"alternateName":"Strangercam.com","potentialAction":[{"@type":"SearchAction","target":{"@type":"EntryPoint","urlTemplate":"https:\/\/strangercam.com\/?s={search_term_string}"},"query-input":{"@type":"PropertyValueSpecification","valueRequired":true,"valueName":"search_term_string"}}],"inLanguage":"it-IT"},{"@type":"Organization","@id":"https:\/\/strangercam.com\/#organization","name":"Strangercam","alternateName":"Strangercam.com","url":"https:\/\/strangercam.com\/","logo":{"@type":"ImageObject","inLanguage":"it-IT","@id":"https:\/\/strangercam.com\/#\/schema\/logo\/image\/","url":"https:\/\/strangercam.com\/wp-content\/uploads\/2020\/11\/cropped-new-favicon-black.png","contentUrl":"https:\/\/strangercam.com\/wp-content\/uploads\/2020\/11\/cropped-new-favicon-black.png","width":512,"height":512,"caption":"Strangercam"},"image":{"@id":"https:\/\/strangercam.com\/#\/schema\/logo\/image\/"},"sameAs":["https:\/\/www.facebook.com\/strangercam","https:\/\/x.com\/strangercamapp"]}]}},"_links":{"self":[{"href":"https:\/\/strangercam.com\/it\/wp-json\/wp\/v2\/pages\/9038","targetHints":{"allow":["GET"]}}],"collection":[{"href":"https:\/\/strangercam.com\/it\/wp-json\/wp\/v2\/pages"}],"about":[{"href":"https:\/\/strangercam.com\/it\/wp-json\/wp\/v2\/types\/page"}],"author":[{"embeddable":true,"href":"https:\/\/strangercam.com\/it\/wp-json\/wp\/v2\/users\/8"}],"replies":[{"embeddable":true,"href":"https:\/\/strangercam.com\/it\/wp-json\/wp\/v2\/comments?post=9038"}],"version-history":[{"count":2,"href":"https:\/\/strangercam.com\/it\/wp-json\/wp\/v2\/pages\/9038\/revisions"}],"predecessor-version":[{"id":13049,"href":"https:\/\/strangercam.com\/it\/wp-json\/wp\/v2\/pages\/9038\/revisions\/13049"}],"wp:attachment":[{"href":"https:\/\/strangercam.com\/it\/wp-json\/wp\/v2\/media?parent=9038"}],"curies":[{"name":"wp","href":"https:\/\/api.w.org\/{rel}","templated":true}]}}