{"id":881,"date":"2020-12-02T19:15:37","date_gmt":"2020-12-02T17:15:37","guid":{"rendered":"https:\/\/strangercam.com\/?page_id=881"},"modified":"2023-08-21T12:34:45","modified_gmt":"2023-08-21T10:34:45","slug":"ometv","status":"publish","type":"page","link":"https:\/\/strangercam.com\/it\/ometv\/","title":{"rendered":"OmeTV"},"content":{"rendered":"<p>OmeTV \u00e8 un <a href=\"https:\/\/strangercam.com\/it\/rabbit-video-chat\/\">video<\/a> <a href=\"https:\/\/strangercam.com\/it\/chatroulette\/\">chat<\/a> sito web e app con cui \u00e8 possibile parlare con gli sconosciuti. Questo sito web consente di parlare con qualsiasi sconosciuto a caso con un semplice clic di un pulsante. Il sito afferma di essere la migliore alternativa a <a href=\"https:\/\/strangercam.com\/it\/omegle\/\">Omegle<\/a> Tv. L'applicazione per OmeTv \u00e8 disponibile per Android e iOS.<\/p>\n<p>Giorno o notte, non importa se volete chattare: OmeTv \u00e8 l\u00ec per offrirvi molte opportunit\u00e0. Circa 10 milioni di persone sono registrate su OmeTv. Potete chattare liberamente con queste persone. La piattaforma consente inoltre di selezionare e scegliere tra milioni di persone.<\/p>\n<p>Il loro unico scopo \u00e8 far s\u00ec che le persone <a href=\"https:\/\/strangercam.com\/it\/coomeet\/\">incontrarsi<\/a> sempre pi\u00f9 persone; possono prendere un caff\u00e8 virtualmente dalla comodit\u00e0 della loro casa o condividere i loro sentimenti con loro. Utilizzando questa applicazione, non vi sentirete mai soli. Vi d\u00e0 la possibilit\u00e0 di fare nuove amicizie.<\/p>\n<h3>Limite di et\u00e0 per l'OmeTV - Seguito o ignorato?<\/h3>\n<p>Uno degli aspetti pi\u00f9 inquietanti dell'applicazione \u00e8 che, sebbene informi che l'utente deve avere pi\u00f9 di 18 anni, non viene effettuata alcuna verifica per convalidarlo. \u00c8 emerso che l'app \u00e8 stata utilizzata da molti adolescenti di et\u00e0 inferiore ai 18 anni.<\/p>\n<p>Non \u00e8 necessario avere un account su OmeTv; basta accedere tramite Facebook e si \u00e8 pronti a chattare con un estraneo a caso.<\/p>\n<h3>Che cosa pu\u00f2 farvi bandire?<\/h3>\n<p>L'applicazione prevede diverse restrizioni. Per l'esecuzione delle azioni indicate di seguito, \u00e8 possibile essere bannati.<\/p>\n<ul>\n<li style=\"font-weight: 400;\" aria-level=\"1\">Richiesta di virtuale <a href=\"https:\/\/strangercam.com\/it\/shagle\/\">sesso<\/a> o nudit\u00e0.<\/li>\n<li style=\"font-weight: 400;\" aria-level=\"1\">Visualizzazione di immagini e video discutibili.<\/li>\n<li style=\"font-weight: 400;\" aria-level=\"1\">Attivit\u00e0 irrispettose come volgarit\u00e0, insulti contro la religione o la razza, commenti depressivi, ecc.<\/li>\n<li style=\"font-weight: 400;\" aria-level=\"1\">Lo spamming non \u00e8 consentito. L'applicazione vieta di condividere link ad altri siti web.<\/li>\n<\/ul>\n<h3>Termini e condizioni<\/h3>\n<p>OmeTv ha chiaramente indicato che pu\u00f2 utilizzare i vostri video ovunque. Secondo i loro termini e condizioni, potete mantenere i diritti d'autore ma non avete voce in capitolo su cosa e dove verr\u00e0 trasmesso il contenuto dei vostri video.<\/p>\n<p>OmeTv non \u00e8 disposta ad assumersi alcuna responsabilit\u00e0. Afferma che gli utenti sono gli unici responsabili di qualsiasi cosa possa andare storta.<\/p>\n<h3>Informativa sulla privacy<\/h3>\n<p>L'azienda si impegna a proteggere le informazioni personali degli utenti e a salvaguardare il diritto alla privacy. La privacy \u00e8 un diritto fondamentale di ogni essere umano. La violazione di questo diritto porta a molte complicazioni. Per evitare tali difficolt\u00e0, OmeTv ha sviluppato fin dal primo giorno una strategia rigorosa.<\/p>\n<p>Il sito web si assume la responsabilit\u00e0 del trattamento dei dati dell'utente nella misura in cui agisce in qualit\u00e0 di responsabile del trattamento. Quando si crea un profilo da un account di social media, possono essere necessarie informazioni di base come l'immagine del profilo, il nome, il numero di telefono, l'indirizzo e il fuso orario.<\/p>\n<p>Il sito non intende ottenere altre informazioni o accedere ai vostri dati. Anche questo viene fatto per rendere pi\u00f9 fluida la vostra esperienza sul sito.<\/p>\n<p>I vostri dati personali possono essere condivisi con i seguenti soggetti;<\/p>\n<ul>\n<li style=\"font-weight: 400;\" aria-level=\"1\">Trattandosi di un'app per incontri, le informazioni personali come il nome, l'et\u00e0, il sesso, la posizione, le immagini pubbliche possono essere visibili agli altri utenti.<\/li>\n<li style=\"font-weight: 400;\" aria-level=\"1\">Il sito web pu\u00f2 divulgare le informazioni e i dati personali dell'utente agli assicuratori. Questi dati possono essere condivisi anche con banche e consulenti professionali per la copertura degli importi assicurativi e la gestione dei costi.<\/li>\n<li style=\"font-weight: 400;\" aria-level=\"1\">I dati delle transazioni saranno condivisi con i fornitori di pagamenti del sito, come Google, PayPal, Interkassa, SecurionPay, Apple e SMSBILL.<\/li>\n<\/ul>\n<h3>Altri problemi<\/h3>\n<p>L'applicazione presenta alcune caratteristiche problematiche. \u00c8 dotata di una modalit\u00e0 spia, grazie alla quale una terza persona pu\u00f2 ascoltare una chat privata. La spycam rappresenta un rischio considerevole per la privacy di qualsiasi individuo. Essendo anonima, pu\u00f2 far emergere il peggio delle persone. Pu\u00f2 essere usata anche per ricattare.<\/p>\n<p>Inoltre, solo poche decine di moderatori controllano i contenuti. Non sono sufficienti per capire se un traffico massiccio di 10 milioni di persone \u00e8 sicuro. Si dice spesso che il traffico pi\u00f9 esteso \u00e8 meglio per i siti di incontri. Ma \u00e8 anche difficile gestire questo traffico. Molti hacker e criminali possono entrare a far parte della piattaforma a causa dello scarso controllo e bilanciamento.<\/p>\n<p>Le restrizioni 18+ sembrano essere assenti dal sito. Molti adolescenti sotto i diciotto anni si sono iscritti al sito. Tutti loro sono esposti al mondo esterno. Pu\u00f2 essere pericoloso per loro perch\u00e9 \u00e8 facile manipolare i bambini a questa et\u00e0.<\/p>\n<h3>Recensioni Trustpilot<\/h3>\n<p>Molte persone su Trustpilot si sono lamentate di essere state bannate a causa delle azioni di altri. Inoltre, per sbloccarvi, chiedono donazioni. Questo dimostra la natura losca dell'azienda.<\/p>\n<p>Ma c'\u00e8 sempre un altro lato della storia. Potete usare il sito web per trovare voi stessi questo lato!<\/p>\n<h3>Procedura di reclamo<\/h3>\n<p>Non siete soli!<\/p>\n<p>OmeTv \u00e8 un luogo sicuro per tutti. Se qualcosa o qualcuno vi infastidisce, potete lamentarvi con i funzionari. Questa funzione \u00e8 stata introdotta per far sentire le persone al sicuro quando utilizzano OmeTv.<\/p>\n<p>\u00c8 possibile lanciare un reclamo contro qualsiasi utente che si ritiene stia violando i ruoli della piattaforma. Per rendere pi\u00f9 efficace il reclamo, \u00e8 possibile allegare schermate della chat e altre informazioni correlate, in modo da rendere pi\u00f9 facile per le autorit\u00e0 trovare, identificare e risolvere il problema.<\/p>\n<p>Se si ricevono troppi reclami contro un utente, il sito web lo bandisce automaticamente dall'utilizzo dei suoi servizi. Ci\u00f2 avviene per garantire la sicurezza degli altri utenti. Ma prima di intraprendere qualsiasi azione seria, tutto viene analizzato attentamente.<\/p>\n<h3>Usarlo o no?<\/h3>\n<p>Crediamo che la privacy degli utenti debba avere la priorit\u00e0. In caso contrario, almeno dovrebbe essere rispettata!<\/p>\n<p>Ma sembra che OmeTv non sia disposta a farlo. Nella loro politica sulla privacy \u00e8 indicato che possono condividere i vostri dati con terze parti. Compromettere i vostri dati non \u00e8 un'opzione. Ecco perch\u00e9 \u00e8 meglio evitarlo.<\/p>\n<p>Si pu\u00f2 invece utilizzare <a href=\"https:\/\/strangercam.com\/it\/\">Strangercam<\/a>. \u00c8 una video chatroom online migliore e pi\u00f9 affidabile. Puoi incontrare nuove persone e chattare con loro. E non c'\u00e8 bisogno di preoccuparsi dei propri dati e della propria privacy, perch\u00e9 stangercam offre la massima sicurezza e protegge i dati.<\/p>\n<h3>Conclusione<\/h3>\n<p>Ci sono molte questioni che riguardano questo sito web. \u00c8 stato detto che <a href=\"https:\/\/play.google.com\/\">Google Play<\/a>\u00a0e l'App Store dovrebbero controllare tali applicazioni. Non dovrebbero consentire l'aggiunta alle loro piattaforme di app che non convalidano correttamente l'et\u00e0 e che sono prive di controllo parentale.<\/p>\n<p>Migliorare la loro politica sulla privacy potrebbe aumentare la loro credibilit\u00e0. Ma per il momento ci sono altre opzioni pi\u00f9 sicure da scegliere sul mercato.<\/p>","protected":false},"excerpt":{"rendered":"<p>OmeTV is a video chat website and app using which you can talk to strangers. This website allows you to talk to any random stranger with just a click of a button. The website says that it is the best alternative to Omegle Tv. The app for OmeTv is available for android and iOS. Day [&hellip;]<\/p>\n","protected":false},"author":6,"featured_media":559,"parent":0,"menu_order":0,"comment_status":"closed","ping_status":"closed","template":"","meta":{"footnotes":""},"class_list":["post-881","page","type-page","status-publish","has-post-thumbnail","hentry"],"yoast_head":"<!-- This site is optimized with the Yoast SEO plugin v26.9 - https:\/\/yoast.com\/product\/yoast-seo-wordpress\/ -->\n<title>OmeTV - Omegle Random Chat Alternative on StrangerCam.com<\/title>\n<meta name=\"description\" content=\"Like OmeTV? Come chat with more than 5.000.000 strangers on Stranger Cam for Free! Turn on your cam and find new friends &amp; maby a match!\" \/>\n<meta name=\"robots\" content=\"index, follow, max-snippet:-1, max-image-preview:large, max-video-preview:-1\" \/>\n<link rel=\"canonical\" href=\"https:\/\/strangercam.com\/it\/ometv\/\" \/>\n<meta property=\"og:locale\" content=\"it_IT\" \/>\n<meta property=\"og:type\" content=\"article\" \/>\n<meta property=\"og:title\" content=\"OmeTV - Omegle Random Chat Alternative on StrangerCam.com\" \/>\n<meta property=\"og:description\" content=\"Like OmeTV? Come chat with more than 5.000.000 strangers on Stranger Cam for Free! Turn on your cam and find new friends &amp; maby a match!\" \/>\n<meta property=\"og:url\" content=\"https:\/\/strangercam.com\/it\/ometv\/\" \/>\n<meta property=\"og:site_name\" content=\"Strangercam\" \/>\n<meta property=\"article:publisher\" content=\"https:\/\/www.facebook.com\/strangercam\" \/>\n<meta property=\"article:modified_time\" content=\"2023-08-21T10:34:45+00:00\" \/>\n<meta property=\"og:image\" content=\"https:\/\/strangercam.com\/wp-content\/uploads\/2020\/11\/stranger-cam-1.png\" \/>\n\t<meta property=\"og:image:width\" content=\"800\" \/>\n\t<meta property=\"og:image:height\" content=\"800\" \/>\n\t<meta property=\"og:image:type\" content=\"image\/png\" \/>\n<meta name=\"twitter:card\" content=\"summary_large_image\" \/>\n<meta name=\"twitter:site\" content=\"@strangercamapp\" \/>\n<meta name=\"twitter:label1\" content=\"Tempo di lettura stimato\" \/>\n\t<meta name=\"twitter:data1\" content=\"5 minuti\" \/>\n<script type=\"application\/ld+json\" class=\"yoast-schema-graph\">{\"@context\":\"https:\/\/schema.org\",\"@graph\":[{\"@type\":\"WebPage\",\"@id\":\"https:\/\/strangercam.com\/ometv\/\",\"url\":\"https:\/\/strangercam.com\/ometv\/\",\"name\":\"OmeTV - Omegle Random Chat Alternative on StrangerCam.com\",\"isPartOf\":{\"@id\":\"https:\/\/strangercam.com\/#website\"},\"primaryImageOfPage\":{\"@id\":\"https:\/\/strangercam.com\/ometv\/#primaryimage\"},\"image\":{\"@id\":\"https:\/\/strangercam.com\/ometv\/#primaryimage\"},\"thumbnailUrl\":\"https:\/\/strangercam.com\/wp-content\/uploads\/2020\/11\/stranger-cam-1.png\",\"datePublished\":\"2020-12-02T17:15:37+00:00\",\"dateModified\":\"2023-08-21T10:34:45+00:00\",\"description\":\"Like OmeTV? Come chat with more than 5.000.000 strangers on Stranger Cam for Free! Turn on your cam and find new friends & maby a match!\",\"breadcrumb\":{\"@id\":\"https:\/\/strangercam.com\/ometv\/#breadcrumb\"},\"inLanguage\":\"it-IT\",\"potentialAction\":[{\"@type\":\"ReadAction\",\"target\":[\"https:\/\/strangercam.com\/ometv\/\"]}]},{\"@type\":\"ImageObject\",\"inLanguage\":\"it-IT\",\"@id\":\"https:\/\/strangercam.com\/ometv\/#primaryimage\",\"url\":\"https:\/\/strangercam.com\/wp-content\/uploads\/2020\/11\/stranger-cam-1.png\",\"contentUrl\":\"https:\/\/strangercam.com\/wp-content\/uploads\/2020\/11\/stranger-cam-1.png\",\"width\":800,\"height\":800,\"caption\":\"stranger cam random video chat\"},{\"@type\":\"BreadcrumbList\",\"@id\":\"https:\/\/strangercam.com\/ometv\/#breadcrumb\",\"itemListElement\":[{\"@type\":\"ListItem\",\"position\":1,\"name\":\"Home\",\"item\":\"https:\/\/strangercam.com\/\"},{\"@type\":\"ListItem\",\"position\":2,\"name\":\"OmeTV\"}]},{\"@type\":\"WebSite\",\"@id\":\"https:\/\/strangercam.com\/#website\",\"url\":\"https:\/\/strangercam.com\/\",\"name\":\"Strangercam\",\"description\":\"Random Video Chat with Strangers\",\"publisher\":{\"@id\":\"https:\/\/strangercam.com\/#organization\"},\"alternateName\":\"Strangercam.com\",\"potentialAction\":[{\"@type\":\"SearchAction\",\"target\":{\"@type\":\"EntryPoint\",\"urlTemplate\":\"https:\/\/strangercam.com\/?s={search_term_string}\"},\"query-input\":{\"@type\":\"PropertyValueSpecification\",\"valueRequired\":true,\"valueName\":\"search_term_string\"}}],\"inLanguage\":\"it-IT\"},{\"@type\":\"Organization\",\"@id\":\"https:\/\/strangercam.com\/#organization\",\"name\":\"Strangercam\",\"alternateName\":\"Strangercam.com\",\"url\":\"https:\/\/strangercam.com\/\",\"logo\":{\"@type\":\"ImageObject\",\"inLanguage\":\"it-IT\",\"@id\":\"https:\/\/strangercam.com\/#\/schema\/logo\/image\/\",\"url\":\"https:\/\/strangercam.com\/wp-content\/uploads\/2020\/11\/cropped-new-favicon-black.png\",\"contentUrl\":\"https:\/\/strangercam.com\/wp-content\/uploads\/2020\/11\/cropped-new-favicon-black.png\",\"width\":512,\"height\":512,\"caption\":\"Strangercam\"},\"image\":{\"@id\":\"https:\/\/strangercam.com\/#\/schema\/logo\/image\/\"},\"sameAs\":[\"https:\/\/www.facebook.com\/strangercam\",\"https:\/\/x.com\/strangercamapp\"]}]}<\/script>\n<!-- \/ Yoast SEO plugin. -->","yoast_head_json":{"title":"OmeTV - Omegle Casuale Chat Alternative su StrangerCam.com","description":"Come OmeTV? Vieni a chattare con pi\u00f9 di 5.000.000 di sconosciuti su Stranger Cam gratuitamente! Accendi la tua cam e trova nuovi amici e magari un partner!","robots":{"index":"index","follow":"follow","max-snippet":"max-snippet:-1","max-image-preview":"max-image-preview:large","max-video-preview":"max-video-preview:-1"},"canonical":"https:\/\/strangercam.com\/it\/ometv\/","og_locale":"it_IT","og_type":"article","og_title":"OmeTV - Omegle Random Chat Alternative on StrangerCam.com","og_description":"Like OmeTV? Come chat with more than 5.000.000 strangers on Stranger Cam for Free! Turn on your cam and find new friends & maby a match!","og_url":"https:\/\/strangercam.com\/it\/ometv\/","og_site_name":"Strangercam","article_publisher":"https:\/\/www.facebook.com\/strangercam","article_modified_time":"2023-08-21T10:34:45+00:00","og_image":[{"width":800,"height":800,"url":"https:\/\/strangercam.com\/wp-content\/uploads\/2020\/11\/stranger-cam-1.png","type":"image\/png"}],"twitter_card":"summary_large_image","twitter_site":"@strangercamapp","twitter_misc":{"Tempo di lettura stimato":"5 minuti"},"schema":{"@context":"https:\/\/schema.org","@graph":[{"@type":"WebPage","@id":"https:\/\/strangercam.com\/ometv\/","url":"https:\/\/strangercam.com\/ometv\/","name":"OmeTV - Omegle Casuale Chat Alternative su StrangerCam.com","isPartOf":{"@id":"https:\/\/strangercam.com\/#website"},"primaryImageOfPage":{"@id":"https:\/\/strangercam.com\/ometv\/#primaryimage"},"image":{"@id":"https:\/\/strangercam.com\/ometv\/#primaryimage"},"thumbnailUrl":"https:\/\/strangercam.com\/wp-content\/uploads\/2020\/11\/stranger-cam-1.png","datePublished":"2020-12-02T17:15:37+00:00","dateModified":"2023-08-21T10:34:45+00:00","description":"Come OmeTV? Vieni a chattare con pi\u00f9 di 5.000.000 di sconosciuti su Stranger Cam gratuitamente! Accendi la tua cam e trova nuovi amici e magari un partner!","breadcrumb":{"@id":"https:\/\/strangercam.com\/ometv\/#breadcrumb"},"inLanguage":"it-IT","potentialAction":[{"@type":"ReadAction","target":["https:\/\/strangercam.com\/ometv\/"]}]},{"@type":"ImageObject","inLanguage":"it-IT","@id":"https:\/\/strangercam.com\/ometv\/#primaryimage","url":"https:\/\/strangercam.com\/wp-content\/uploads\/2020\/11\/stranger-cam-1.png","contentUrl":"https:\/\/strangercam.com\/wp-content\/uploads\/2020\/11\/stranger-cam-1.png","width":800,"height":800,"caption":"stranger cam random video chat"},{"@type":"BreadcrumbList","@id":"https:\/\/strangercam.com\/ometv\/#breadcrumb","itemListElement":[{"@type":"ListItem","position":1,"name":"Home","item":"https:\/\/strangercam.com\/"},{"@type":"ListItem","position":2,"name":"OmeTV"}]},{"@type":"WebSite","@id":"https:\/\/strangercam.com\/#website","url":"https:\/\/strangercam.com\/","name":"Strangercam","description":"Videochat casuale con sconosciuti","publisher":{"@id":"https:\/\/strangercam.com\/#organization"},"alternateName":"Strangercam.com","potentialAction":[{"@type":"SearchAction","target":{"@type":"EntryPoint","urlTemplate":"https:\/\/strangercam.com\/?s={search_term_string}"},"query-input":{"@type":"PropertyValueSpecification","valueRequired":true,"valueName":"search_term_string"}}],"inLanguage":"it-IT"},{"@type":"Organization","@id":"https:\/\/strangercam.com\/#organization","name":"Strangercam","alternateName":"Strangercam.com","url":"https:\/\/strangercam.com\/","logo":{"@type":"ImageObject","inLanguage":"it-IT","@id":"https:\/\/strangercam.com\/#\/schema\/logo\/image\/","url":"https:\/\/strangercam.com\/wp-content\/uploads\/2020\/11\/cropped-new-favicon-black.png","contentUrl":"https:\/\/strangercam.com\/wp-content\/uploads\/2020\/11\/cropped-new-favicon-black.png","width":512,"height":512,"caption":"Strangercam"},"image":{"@id":"https:\/\/strangercam.com\/#\/schema\/logo\/image\/"},"sameAs":["https:\/\/www.facebook.com\/strangercam","https:\/\/x.com\/strangercamapp"]}]}},"_links":{"self":[{"href":"https:\/\/strangercam.com\/it\/wp-json\/wp\/v2\/pages\/881","targetHints":{"allow":["GET"]}}],"collection":[{"href":"https:\/\/strangercam.com\/it\/wp-json\/wp\/v2\/pages"}],"about":[{"href":"https:\/\/strangercam.com\/it\/wp-json\/wp\/v2\/types\/page"}],"author":[{"embeddable":true,"href":"https:\/\/strangercam.com\/it\/wp-json\/wp\/v2\/users\/6"}],"replies":[{"embeddable":true,"href":"https:\/\/strangercam.com\/it\/wp-json\/wp\/v2\/comments?post=881"}],"version-history":[{"count":0,"href":"https:\/\/strangercam.com\/it\/wp-json\/wp\/v2\/pages\/881\/revisions"}],"wp:featuredmedia":[{"embeddable":true,"href":"https:\/\/strangercam.com\/it\/wp-json\/wp\/v2\/media\/559"}],"wp:attachment":[{"href":"https:\/\/strangercam.com\/it\/wp-json\/wp\/v2\/media?parent=881"}],"curies":[{"name":"wp","href":"https:\/\/api.w.org\/{rel}","templated":true}]}}