{"id":8588,"date":"2021-10-18T11:30:39","date_gmt":"2021-10-18T09:30:39","guid":{"rendered":"https:\/\/strangercam.com\/?page_id=8588"},"modified":"2023-08-21T12:47:57","modified_gmt":"2023-08-21T10:47:57","slug":"wireclub","status":"publish","type":"page","link":"https:\/\/strangercam.com\/it\/wireclub\/","title":{"rendered":"Wireclub"},"content":{"rendered":"<p>Pu\u00f2 darsi che abbiate sentito i vostri amici vantarsi di possedere diversi <a href=\"https:\/\/strangercam.com\/it\/chatroulette\/\">chat<\/a> e fare nuove amicizie. \u00c8 abbastanza per invogliarvi ad aprire un account su wireclub per iniziare a chattare con persone che la pensano come voi. L'esperienza e il brivido che si possono trarre dalle chat online con gli sconosciuti sono sicuramente piacevoli. \u00c8 qualcosa che non si pu\u00f2 spiegare, ma che si pu\u00f2 provare di persona.<\/p>\n<p>Avete mai pensato di fare nuove amicizie in tutto il mondo? Se no, \u00e8 ora di pensare a questa fantastica esperienza. \u00c8 cos\u00ec bello anche solo pensare di avere una persona con cui poter discutere di tutto senza alcun timore. Wireclub vi offre questa fantastica opportunit\u00e0.<br \/>\nWireclub consente di scegliere tra centinaia di chat room gratuite. Potete anche raggiungere i vostri messaggi e le vostre chat room. Altre persone si uniranno alla vostra chat room e voi potrete parlare con loro.<\/p>\n<p>Allora, cosa state aspettando? Andate e iscrivetevi subito!<\/p>\n<h2>Disponibilit\u00e0 di sessioni di chat<\/h2>\n<p>Anche se i telefoni cellulari sono presenti per chattare, \u00e8 piuttosto raro che ci si imbatta in qualcuno non conosciuto nella propria rete. Inoltre, chiamare amici all'estero significa pagare una bolletta salata. Con le chat room online, invece, si pu\u00f2 chattare gratuitamente.<br \/>\nAlcuni portali come l'Wireclub permettono anche di <a href=\"https:\/\/strangercam.com\/it\/rabbit-video-chat\/\">video<\/a> chattare. Ci\u00f2 significa che entrambi potete vedervi in tempo reale e chiacchierare senza alcun disturbo. Inoltre, non dovrete preoccuparvi delle bollette telefoniche gonfiate. Qui tutto \u00e8 accessibile. \u00c8 possibile chiamare chiunque senza preoccuparsi di bollette salate.<\/p>\n<h2>Modalit\u00e0 anonima<\/h2>\n<p>\u00c8 facile chiacchierare con le persone che conosciamo. Tuttavia, si \u00e8 visto che spesso le persone rimangono deluse quando cercano di condividere il loro vero essere e le loro emozioni sincere con le altre persone che le circondano. \u00c8 una triste realt\u00e0.<\/p>\n<p>Wireclub ha fatto un ottimo sforzo per eliminare questo problema. Offre a queste persone un'eccellente opportunit\u00e0 di parlare con chiunque senza alcun timore. \u00c8 possibile scegliere il Paese di interesse e il sesso desiderato. Verrete quindi indirizzati alla persona pi\u00f9 adatta in base alle preferenze da voi descritte.<\/p>\n<p>Potete quindi parlare con quella persona in modo completamente anonimo. Non sanno chi siete e non lo scopriranno mai. Quindi, \u00e8 la vostra sicurezza <a href=\"https:\/\/strangercam.com\/it\/mocospace\/\">spazio<\/a>. Dite quello che volete dire e chiedete quello che volete chiedere!<\/p>\n<h2>Servizi offerti<\/h2>\n<p>Le chat room online consentono di chattare gratuitamente con persone conosciute e sconosciute. Alcune potrebbero richiedere il pagamento di una piccola somma per poter chattare in privato su argomenti a scelta. Per prima cosa, sarebbe saggio fare qualche ricerca e iscriversi a un portale rinomato come wireclub. In questo modo, potrete essere sicuri e liberi da ogni preoccupazione.<\/p>\n<h2>Chat dal vivo gratuita<\/h2>\n<p>Gratuito <a href=\"https:\/\/strangercam.com\/it\/mili\/\">dal vivo<\/a> chattare? Solo Wireclub pu\u00f2 farlo!<\/p>\n<p>S\u00ec, avete letto bene! Chat gratuita con persone di tutto il mondo. Non dovete preoccuparvi del saldo del vostro conto. Tutto ci\u00f2 di cui dovete preoccuparvi \u00e8 trovare la persona giusta con cui parlare!<\/p>\n<p>Ogni piattaforma di chat online offre qualcosa di unico, e la cosa unica che Wireclub offre \u00e8 la possibilit\u00e0 di chattare gratuitamente dal vivo. Tutto \u00e8 gratuito. Dovete solo sfruttare questa straordinaria opportunit\u00e0 a vostro favore.<\/p>\n<p>La chat live gratuita \u00e8 un'opportunit\u00e0 di chat in tempo reale. Il nostro sistema trover\u00e0 una corrispondenza adatta a voi. Wireclub vi metter\u00e0 in contatto con la persona seduta all'altro capo dopo che avrete deciso di chattare con lei. L'intero processo non comporta alcun costo. Potete godere di tutto questo gratuitamente.<\/p>\n<h2>Adottare precauzioni adeguate<\/h2>\n<p>Parlare per la prima volta con uno sconosciuto pu\u00f2 sembrare molto interessante. Ma non lasciatevi trasportare. Non intrattenete gli sconosciuti fornendo loro i vostri dati, come il numero di telefono o l'indirizzo. Diversi casi possono mettervi in situazioni imbarazzanti a causa di decisioni sbagliate. Se \u00e8 la prima volta che visitate un nuovo portale di chat, cercate di limitarvi alle persone conosciute. Al termine della sessione di chat, ricordatevi di eliminare i cookie e la cronologia della sessione dallo smartphone o dal portatile. Potrebbero esserci degli origliatori in cerca di persone innocenti. Potrebbero aspettare pazientemente di derubarvi dei vostri dati vitali, come il conto bancario, i dettagli della carta di credito e altre informazioni vitali.<\/p>\n<p>Durante la chat, assicuratevi di non utilizzare un altro browser per accedere alla vostra carta di credito o al vostro conto bancario, perch\u00e9 non sarebbe sicuro. Se vi siete fatti un nuovo amico, parlategli semplicemente in chat vocale o via SMS. Evitare <a href=\"https:\/\/strangercam.com\/it\/bazoocam\/\">cam<\/a> sessioni.<\/p>\n<p>Prendendo le dovute precauzioni, potrete stare al sicuro e divertirvi a fare nuove amicizie online.<\/p>\n<h2>Chat room gratuite<\/h2>\n<p>Cosa c'\u00e8 di meglio che ottenere gratuitamente ci\u00f2 che si desidera!<\/p>\n<p>Questo \u00e8 ci\u00f2 che rende Wireclub una piattaforma di video chat online incredibile e orientata all'utente. \u00c8 possibile chattare gratuitamente all'interno delle stanze. Tutto ci\u00f2 che serve \u00e8 registrarsi. Ci sono migliaia di persone in una singola stanza di chat. Se non siete persone che amano la folla, potete trovarvi anche in una chat room meno affollata. Ci sono molte opzioni tra cui scegliere in base alle proprie esigenze e ai propri desideri.<\/p>\n<p>Le chat room gratuite sono una grande fonte di relax. \u00c8 possibile chattare con chiunque e condividere i propri sentimenti e pensieri senza il timore di essere giudicati. Queste chat room offrono un'esperienza sana di chattare con persone sconosciute.<\/p>","protected":false},"excerpt":{"rendered":"<p>It could be that you have heard your friends boasting of having several online chat accounts and making new friends. It is good enough to lure you to try opening an account with wireclub to initiate chatting with like-minded people. You are sure to enjoy the experience and thrill that you are to derive from [&hellip;]<\/p>\n","protected":false},"author":6,"featured_media":559,"parent":0,"menu_order":0,"comment_status":"closed","ping_status":"closed","template":"","meta":{"footnotes":""},"class_list":["post-8588","page","type-page","status-publish","has-post-thumbnail","hentry"],"yoast_head":"<!-- This site is optimized with the Yoast SEO plugin v27.4 - https:\/\/yoast.com\/product\/yoast-seo-wordpress\/ -->\n<title>Wireclub - Anonymous Chat For Two - Cam on StrangerCam.com<\/title>\n<meta name=\"description\" content=\"Like Wireclub? Come chat with more than 5.000.000 strangers on Stranger Cam for Free! Turn on your cam and find new friends &amp; maby a match!\" \/>\n<meta name=\"robots\" content=\"index, follow, max-snippet:-1, max-image-preview:large, max-video-preview:-1\" \/>\n<link rel=\"canonical\" href=\"https:\/\/strangercam.com\/it\/wireclub\/\" \/>\n<meta property=\"og:locale\" content=\"it_IT\" \/>\n<meta property=\"og:type\" content=\"article\" \/>\n<meta property=\"og:title\" content=\"Wireclub - Anonymous Chat For Two - Cam on StrangerCam.com\" \/>\n<meta property=\"og:description\" content=\"Like Wireclub? Come chat with more than 5.000.000 strangers on Stranger Cam for Free! Turn on your cam and find new friends &amp; maby a match!\" \/>\n<meta property=\"og:url\" content=\"https:\/\/strangercam.com\/it\/wireclub\/\" \/>\n<meta property=\"og:site_name\" content=\"Strangercam\" \/>\n<meta property=\"article:publisher\" content=\"https:\/\/www.facebook.com\/strangercam\" \/>\n<meta property=\"article:modified_time\" content=\"2023-08-21T10:47:57+00:00\" \/>\n<meta property=\"og:image\" content=\"https:\/\/strangercam.com\/wp-content\/uploads\/2020\/11\/stranger-cam-1.png\" \/>\n\t<meta property=\"og:image:width\" content=\"800\" \/>\n\t<meta property=\"og:image:height\" content=\"800\" \/>\n\t<meta property=\"og:image:type\" content=\"image\/png\" \/>\n<meta name=\"twitter:card\" content=\"summary_large_image\" \/>\n<meta name=\"twitter:site\" content=\"@strangercamapp\" \/>\n<meta name=\"twitter:label1\" content=\"Tempo di lettura stimato\" \/>\n\t<meta name=\"twitter:data1\" content=\"4 minuti\" \/>\n<script type=\"application\/ld+json\" class=\"yoast-schema-graph\">{\"@context\":\"https:\\\/\\\/schema.org\",\"@graph\":[{\"@type\":\"WebPage\",\"@id\":\"https:\\\/\\\/strangercam.com\\\/wireclub\\\/\",\"url\":\"https:\\\/\\\/strangercam.com\\\/wireclub\\\/\",\"name\":\"Wireclub - Anonymous Chat For Two - Cam on StrangerCam.com\",\"isPartOf\":{\"@id\":\"https:\\\/\\\/strangercam.com\\\/#website\"},\"primaryImageOfPage\":{\"@id\":\"https:\\\/\\\/strangercam.com\\\/wireclub\\\/#primaryimage\"},\"image\":{\"@id\":\"https:\\\/\\\/strangercam.com\\\/wireclub\\\/#primaryimage\"},\"thumbnailUrl\":\"https:\\\/\\\/strangercam.com\\\/wp-content\\\/uploads\\\/2020\\\/11\\\/stranger-cam-1.png\",\"datePublished\":\"2021-10-18T09:30:39+00:00\",\"dateModified\":\"2023-08-21T10:47:57+00:00\",\"description\":\"Like Wireclub? Come chat with more than 5.000.000 strangers on Stranger Cam for Free! Turn on your cam and find new friends & maby a match!\",\"breadcrumb\":{\"@id\":\"https:\\\/\\\/strangercam.com\\\/wireclub\\\/#breadcrumb\"},\"inLanguage\":\"it-IT\",\"potentialAction\":[{\"@type\":\"ReadAction\",\"target\":[\"https:\\\/\\\/strangercam.com\\\/wireclub\\\/\"]}]},{\"@type\":\"ImageObject\",\"inLanguage\":\"it-IT\",\"@id\":\"https:\\\/\\\/strangercam.com\\\/wireclub\\\/#primaryimage\",\"url\":\"https:\\\/\\\/strangercam.com\\\/wp-content\\\/uploads\\\/2020\\\/11\\\/stranger-cam-1.png\",\"contentUrl\":\"https:\\\/\\\/strangercam.com\\\/wp-content\\\/uploads\\\/2020\\\/11\\\/stranger-cam-1.png\",\"width\":800,\"height\":800,\"caption\":\"stranger cam random video chat\"},{\"@type\":\"BreadcrumbList\",\"@id\":\"https:\\\/\\\/strangercam.com\\\/wireclub\\\/#breadcrumb\",\"itemListElement\":[{\"@type\":\"ListItem\",\"position\":1,\"name\":\"Home\",\"item\":\"https:\\\/\\\/strangercam.com\\\/\"},{\"@type\":\"ListItem\",\"position\":2,\"name\":\"Wireclub\"}]},{\"@type\":\"WebSite\",\"@id\":\"https:\\\/\\\/strangercam.com\\\/#website\",\"url\":\"https:\\\/\\\/strangercam.com\\\/\",\"name\":\"Strangercam\",\"description\":\"Random Video Chat with Strangers\",\"publisher\":{\"@id\":\"https:\\\/\\\/strangercam.com\\\/#organization\"},\"alternateName\":\"Strangercam.com\",\"potentialAction\":[{\"@type\":\"SearchAction\",\"target\":{\"@type\":\"EntryPoint\",\"urlTemplate\":\"https:\\\/\\\/strangercam.com\\\/?s={search_term_string}\"},\"query-input\":{\"@type\":\"PropertyValueSpecification\",\"valueRequired\":true,\"valueName\":\"search_term_string\"}}],\"inLanguage\":\"it-IT\"},{\"@type\":\"Organization\",\"@id\":\"https:\\\/\\\/strangercam.com\\\/#organization\",\"name\":\"Strangercam\",\"alternateName\":\"Strangercam.com\",\"url\":\"https:\\\/\\\/strangercam.com\\\/\",\"logo\":{\"@type\":\"ImageObject\",\"inLanguage\":\"it-IT\",\"@id\":\"https:\\\/\\\/strangercam.com\\\/#\\\/schema\\\/logo\\\/image\\\/\",\"url\":\"https:\\\/\\\/strangercam.com\\\/wp-content\\\/uploads\\\/2020\\\/11\\\/cropped-new-favicon-black.png\",\"contentUrl\":\"https:\\\/\\\/strangercam.com\\\/wp-content\\\/uploads\\\/2020\\\/11\\\/cropped-new-favicon-black.png\",\"width\":512,\"height\":512,\"caption\":\"Strangercam\"},\"image\":{\"@id\":\"https:\\\/\\\/strangercam.com\\\/#\\\/schema\\\/logo\\\/image\\\/\"},\"sameAs\":[\"https:\\\/\\\/www.facebook.com\\\/strangercam\",\"https:\\\/\\\/x.com\\\/strangercamapp\"]}]}<\/script>\n<!-- \/ Yoast SEO plugin. -->","yoast_head_json":{"title":"Wireclub - Chat anonima per due - Cam su StrangerCam.com","description":"Come Wireclub? Vieni a chattare con pi\u00f9 di 5.000.000 di sconosciuti su Stranger Cam gratuitamente! Accendi la tua cam e trova nuovi amici e magari un partner!","robots":{"index":"index","follow":"follow","max-snippet":"max-snippet:-1","max-image-preview":"max-image-preview:large","max-video-preview":"max-video-preview:-1"},"canonical":"https:\/\/strangercam.com\/it\/wireclub\/","og_locale":"it_IT","og_type":"article","og_title":"Wireclub - Anonymous Chat For Two - Cam on StrangerCam.com","og_description":"Like Wireclub? Come chat with more than 5.000.000 strangers on Stranger Cam for Free! Turn on your cam and find new friends & maby a match!","og_url":"https:\/\/strangercam.com\/it\/wireclub\/","og_site_name":"Strangercam","article_publisher":"https:\/\/www.facebook.com\/strangercam","article_modified_time":"2023-08-21T10:47:57+00:00","og_image":[{"width":800,"height":800,"url":"https:\/\/strangercam.com\/wp-content\/uploads\/2020\/11\/stranger-cam-1.png","type":"image\/png"}],"twitter_card":"summary_large_image","twitter_site":"@strangercamapp","twitter_misc":{"Tempo di lettura stimato":"4 minuti"},"schema":{"@context":"https:\/\/schema.org","@graph":[{"@type":"WebPage","@id":"https:\/\/strangercam.com\/wireclub\/","url":"https:\/\/strangercam.com\/wireclub\/","name":"Wireclub - Chat anonima per due - Cam su StrangerCam.com","isPartOf":{"@id":"https:\/\/strangercam.com\/#website"},"primaryImageOfPage":{"@id":"https:\/\/strangercam.com\/wireclub\/#primaryimage"},"image":{"@id":"https:\/\/strangercam.com\/wireclub\/#primaryimage"},"thumbnailUrl":"https:\/\/strangercam.com\/wp-content\/uploads\/2020\/11\/stranger-cam-1.png","datePublished":"2021-10-18T09:30:39+00:00","dateModified":"2023-08-21T10:47:57+00:00","description":"Come Wireclub? Vieni a chattare con pi\u00f9 di 5.000.000 di sconosciuti su Stranger Cam gratuitamente! Accendi la tua cam e trova nuovi amici e magari un partner!","breadcrumb":{"@id":"https:\/\/strangercam.com\/wireclub\/#breadcrumb"},"inLanguage":"it-IT","potentialAction":[{"@type":"ReadAction","target":["https:\/\/strangercam.com\/wireclub\/"]}]},{"@type":"ImageObject","inLanguage":"it-IT","@id":"https:\/\/strangercam.com\/wireclub\/#primaryimage","url":"https:\/\/strangercam.com\/wp-content\/uploads\/2020\/11\/stranger-cam-1.png","contentUrl":"https:\/\/strangercam.com\/wp-content\/uploads\/2020\/11\/stranger-cam-1.png","width":800,"height":800,"caption":"stranger cam random video chat"},{"@type":"BreadcrumbList","@id":"https:\/\/strangercam.com\/wireclub\/#breadcrumb","itemListElement":[{"@type":"ListItem","position":1,"name":"Home","item":"https:\/\/strangercam.com\/"},{"@type":"ListItem","position":2,"name":"Wireclub"}]},{"@type":"WebSite","@id":"https:\/\/strangercam.com\/#website","url":"https:\/\/strangercam.com\/","name":"Strangercam","description":"Videochat casuale con sconosciuti","publisher":{"@id":"https:\/\/strangercam.com\/#organization"},"alternateName":"Strangercam.com","potentialAction":[{"@type":"SearchAction","target":{"@type":"EntryPoint","urlTemplate":"https:\/\/strangercam.com\/?s={search_term_string}"},"query-input":{"@type":"PropertyValueSpecification","valueRequired":true,"valueName":"search_term_string"}}],"inLanguage":"it-IT"},{"@type":"Organization","@id":"https:\/\/strangercam.com\/#organization","name":"Strangercam","alternateName":"Strangercam.com","url":"https:\/\/strangercam.com\/","logo":{"@type":"ImageObject","inLanguage":"it-IT","@id":"https:\/\/strangercam.com\/#\/schema\/logo\/image\/","url":"https:\/\/strangercam.com\/wp-content\/uploads\/2020\/11\/cropped-new-favicon-black.png","contentUrl":"https:\/\/strangercam.com\/wp-content\/uploads\/2020\/11\/cropped-new-favicon-black.png","width":512,"height":512,"caption":"Strangercam"},"image":{"@id":"https:\/\/strangercam.com\/#\/schema\/logo\/image\/"},"sameAs":["https:\/\/www.facebook.com\/strangercam","https:\/\/x.com\/strangercamapp"]}]}},"_links":{"self":[{"href":"https:\/\/strangercam.com\/it\/wp-json\/wp\/v2\/pages\/8588","targetHints":{"allow":["GET"]}}],"collection":[{"href":"https:\/\/strangercam.com\/it\/wp-json\/wp\/v2\/pages"}],"about":[{"href":"https:\/\/strangercam.com\/it\/wp-json\/wp\/v2\/types\/page"}],"author":[{"embeddable":true,"href":"https:\/\/strangercam.com\/it\/wp-json\/wp\/v2\/users\/6"}],"replies":[{"embeddable":true,"href":"https:\/\/strangercam.com\/it\/wp-json\/wp\/v2\/comments?post=8588"}],"version-history":[{"count":0,"href":"https:\/\/strangercam.com\/it\/wp-json\/wp\/v2\/pages\/8588\/revisions"}],"wp:featuredmedia":[{"embeddable":true,"href":"https:\/\/strangercam.com\/it\/wp-json\/wp\/v2\/media\/559"}],"wp:attachment":[{"href":"https:\/\/strangercam.com\/it\/wp-json\/wp\/v2\/media?parent=8588"}],"curies":[{"name":"wp","href":"https:\/\/api.w.org\/{rel}","templated":true}]}}