{"id":8192,"date":"2021-09-23T12:59:14","date_gmt":"2021-09-23T10:59:14","guid":{"rendered":"https:\/\/strangercam.com\/?page_id=8192"},"modified":"2023-08-21T12:48:27","modified_gmt":"2023-08-21T10:48:27","slug":"voojio","status":"publish","type":"page","link":"https:\/\/strangercam.com\/it\/voojio\/","title":{"rendered":"Voojio"},"content":{"rendered":"<p>Al giorno d'oggi, persone di ogni et\u00e0 e sesso sembrano essere interessate alle piattaforme di incontri online. Questo \u00e8 forse il posto migliore per <a href=\"https:\/\/strangercam.com\/it\/coomeet\/\">incontrarsi<\/a> sconosciuti e fare amicizia. \u00c8 probabile che possiate incontrare il vostro partner o la vostra anima gemella tramite <b>voojio<\/b>.<\/p>\n<h2>Vantaggi degli incontri online<\/h2>\n<p>Incontri online <a href=\"https:\/\/strangercam.com\/it\/chatroom2000\/\">chatroom<\/a> ha i suoi vantaggi. Il primo <a href=\"https:\/\/strangercam.com\/it\/1v1-chat\/\">uno<\/a> \u00e8 che non \u00e8 necessario spendere tempo e denaro per cene, pranzi o caff\u00e8 pensosi. Inoltre, non \u00e8 necessario fare regali costosi. \u00c8 sufficiente essere presenti nella <a href=\"https:\/\/strangercam.com\/it\/chatroulette\/\">chat<\/a> per intrattenere conversazioni interessanti. Poich\u00e9 non c'\u00e8 un incontro faccia a faccia, si pu\u00f2 evitare il tempo che altrimenti si spenderebbe per vestirsi bene. <b>Voojio<\/b> vi fornisce un vantaggio. Se vi imbattete in qualcuno di noioso, interrompete semplicemente la conversazione senza dover fornire scuse o spiegazioni. Inoltre, non c'\u00e8 spazio per sentirsi in imbarazzo.<\/p>\n<h2>Superare i problemi<\/h2>\n<p>Ma ricordate che Internet \u00e8 anche pieno di truffe e frodi di cui dovete essere consapevoli. Online <a href=\"https:\/\/strangercam.com\/it\/chatingly\/\">chattare<\/a> siti come <b>voojio<\/b> prendono grandi precauzioni per tenere lontani i truffatori e gli imbroglioni. Tuttavia, \u00e8 necessario fare la propria parte per rimanere al sicuro e non farsi ingannare da persone senza scrupoli. Non diventate facili prede.<\/p>\n<h2>Passi da seguire per fare amicizia in qualsiasi chatroom<\/h2>\n<p>Evitate di fornire informazioni private o personali in qualsiasi forma nelle chat room. Evitare di rivelare dettagli su di s\u00e9 e intrattenere solo conversazioni informali. Evitate di parlare della vostra vita personale, del vostro posto di lavoro o di qualsiasi altro dettaglio su di voi. In questo modo si evita che i truffatori possano influenzare la vostra vita o i vostri aspetti finanziari.<\/p>\n<p>Se avete iniziato a frequentare qualcuno in chat, utilizzate una stanza privata. Potete trovare <b>voojio<\/b> per fornire stanze private che consentono di chattare in privato con chi si conosce. Inoltre, vi permette di mantenere segreti i vostri colloqui e le vostre informazioni personali. Le chat private sono senza dubbio un luogo sicuro per le conversazioni individuali. In questo modo, migliaia di persone nella chat comune non verranno a conoscenza dei vostri dettagli personali che vorreste condividere solo con la vostra persona speciale.<\/p>\n<p>Il vostro profilo in chat dovrebbe avere immagini autentiche e non false. Alcune persone si lasciano intimidire dalle immagini false. Tendono a prendere ulteriori precauzioni quando si avvicinano a questi profili o semplicemente li evitano.<\/p>\n<p>Seguendo i passaggi sopra descritti in <b>voojio<\/b> vi permetter\u00e0 di entrare in contatto con una persona autentica come amico o partner di vita.<\/p>","protected":false},"excerpt":{"rendered":"<p>These days, people of all ages and gender seem to be interested in online dating platforms. This is perhaps the best place to meet strangers and make friends. Chances are you may come across your partner or soul mate through voojio. Benefits of online dating Dating through the online chatroom does come with its own [&hellip;]<\/p>\n","protected":false},"author":6,"featured_media":559,"parent":0,"menu_order":0,"comment_status":"closed","ping_status":"closed","template":"","meta":{"footnotes":""},"class_list":["post-8192","page","type-page","status-publish","has-post-thumbnail","hentry"],"yoast_head":"<!-- This site is optimized with the Yoast SEO plugin v27.4 - https:\/\/yoast.com\/product\/yoast-seo-wordpress\/ -->\n<title>Voojio - Anonymous Chat For Two - Cam on StrangerCam.com<\/title>\n<meta name=\"description\" content=\"Like Voojio? Come chat with more than 5.000.000 strangers on Stranger Cam for Free! Turn on your cam and find new friends &amp; maby a match!\" \/>\n<meta name=\"robots\" content=\"index, follow, max-snippet:-1, max-image-preview:large, max-video-preview:-1\" \/>\n<link rel=\"canonical\" href=\"https:\/\/strangercam.com\/it\/voojio\/\" \/>\n<meta property=\"og:locale\" content=\"it_IT\" \/>\n<meta property=\"og:type\" content=\"article\" \/>\n<meta property=\"og:title\" content=\"Voojio - Anonymous Chat For Two - Cam on StrangerCam.com\" \/>\n<meta property=\"og:description\" content=\"Like Voojio? Come chat with more than 5.000.000 strangers on Stranger Cam for Free! Turn on your cam and find new friends &amp; maby a match!\" \/>\n<meta property=\"og:url\" content=\"https:\/\/strangercam.com\/it\/voojio\/\" \/>\n<meta property=\"og:site_name\" content=\"Strangercam\" \/>\n<meta property=\"article:publisher\" content=\"https:\/\/www.facebook.com\/strangercam\" \/>\n<meta property=\"article:modified_time\" content=\"2023-08-21T10:48:27+00:00\" \/>\n<meta property=\"og:image\" content=\"https:\/\/strangercam.com\/wp-content\/uploads\/2020\/11\/stranger-cam-1.png\" \/>\n\t<meta property=\"og:image:width\" content=\"800\" \/>\n\t<meta property=\"og:image:height\" content=\"800\" \/>\n\t<meta property=\"og:image:type\" content=\"image\/png\" \/>\n<meta name=\"twitter:card\" content=\"summary_large_image\" \/>\n<meta name=\"twitter:site\" content=\"@strangercamapp\" \/>\n<meta name=\"twitter:label1\" content=\"Tempo di lettura stimato\" \/>\n\t<meta name=\"twitter:data1\" content=\"2 minuti\" \/>\n<script type=\"application\/ld+json\" class=\"yoast-schema-graph\">{\"@context\":\"https:\\\/\\\/schema.org\",\"@graph\":[{\"@type\":\"WebPage\",\"@id\":\"https:\\\/\\\/strangercam.com\\\/voojio\\\/\",\"url\":\"https:\\\/\\\/strangercam.com\\\/voojio\\\/\",\"name\":\"Voojio - Anonymous Chat For Two - Cam on StrangerCam.com\",\"isPartOf\":{\"@id\":\"https:\\\/\\\/strangercam.com\\\/#website\"},\"primaryImageOfPage\":{\"@id\":\"https:\\\/\\\/strangercam.com\\\/voojio\\\/#primaryimage\"},\"image\":{\"@id\":\"https:\\\/\\\/strangercam.com\\\/voojio\\\/#primaryimage\"},\"thumbnailUrl\":\"https:\\\/\\\/strangercam.com\\\/wp-content\\\/uploads\\\/2020\\\/11\\\/stranger-cam-1.png\",\"datePublished\":\"2021-09-23T10:59:14+00:00\",\"dateModified\":\"2023-08-21T10:48:27+00:00\",\"description\":\"Like Voojio? Come chat with more than 5.000.000 strangers on Stranger Cam for Free! Turn on your cam and find new friends & maby a match!\",\"breadcrumb\":{\"@id\":\"https:\\\/\\\/strangercam.com\\\/voojio\\\/#breadcrumb\"},\"inLanguage\":\"it-IT\",\"potentialAction\":[{\"@type\":\"ReadAction\",\"target\":[\"https:\\\/\\\/strangercam.com\\\/voojio\\\/\"]}]},{\"@type\":\"ImageObject\",\"inLanguage\":\"it-IT\",\"@id\":\"https:\\\/\\\/strangercam.com\\\/voojio\\\/#primaryimage\",\"url\":\"https:\\\/\\\/strangercam.com\\\/wp-content\\\/uploads\\\/2020\\\/11\\\/stranger-cam-1.png\",\"contentUrl\":\"https:\\\/\\\/strangercam.com\\\/wp-content\\\/uploads\\\/2020\\\/11\\\/stranger-cam-1.png\",\"width\":800,\"height\":800,\"caption\":\"stranger cam random video chat\"},{\"@type\":\"BreadcrumbList\",\"@id\":\"https:\\\/\\\/strangercam.com\\\/voojio\\\/#breadcrumb\",\"itemListElement\":[{\"@type\":\"ListItem\",\"position\":1,\"name\":\"Home\",\"item\":\"https:\\\/\\\/strangercam.com\\\/\"},{\"@type\":\"ListItem\",\"position\":2,\"name\":\"Voojio\"}]},{\"@type\":\"WebSite\",\"@id\":\"https:\\\/\\\/strangercam.com\\\/#website\",\"url\":\"https:\\\/\\\/strangercam.com\\\/\",\"name\":\"Strangercam\",\"description\":\"Random Video Chat with Strangers\",\"publisher\":{\"@id\":\"https:\\\/\\\/strangercam.com\\\/#organization\"},\"alternateName\":\"Strangercam.com\",\"potentialAction\":[{\"@type\":\"SearchAction\",\"target\":{\"@type\":\"EntryPoint\",\"urlTemplate\":\"https:\\\/\\\/strangercam.com\\\/?s={search_term_string}\"},\"query-input\":{\"@type\":\"PropertyValueSpecification\",\"valueRequired\":true,\"valueName\":\"search_term_string\"}}],\"inLanguage\":\"it-IT\"},{\"@type\":\"Organization\",\"@id\":\"https:\\\/\\\/strangercam.com\\\/#organization\",\"name\":\"Strangercam\",\"alternateName\":\"Strangercam.com\",\"url\":\"https:\\\/\\\/strangercam.com\\\/\",\"logo\":{\"@type\":\"ImageObject\",\"inLanguage\":\"it-IT\",\"@id\":\"https:\\\/\\\/strangercam.com\\\/#\\\/schema\\\/logo\\\/image\\\/\",\"url\":\"https:\\\/\\\/strangercam.com\\\/wp-content\\\/uploads\\\/2020\\\/11\\\/cropped-new-favicon-black.png\",\"contentUrl\":\"https:\\\/\\\/strangercam.com\\\/wp-content\\\/uploads\\\/2020\\\/11\\\/cropped-new-favicon-black.png\",\"width\":512,\"height\":512,\"caption\":\"Strangercam\"},\"image\":{\"@id\":\"https:\\\/\\\/strangercam.com\\\/#\\\/schema\\\/logo\\\/image\\\/\"},\"sameAs\":[\"https:\\\/\\\/www.facebook.com\\\/strangercam\",\"https:\\\/\\\/x.com\\\/strangercamapp\"]}]}<\/script>\n<!-- \/ Yoast SEO plugin. -->","yoast_head_json":{"title":"Voojio - Chat anonima per due - Cam su StrangerCam.com","description":"Come Voojio? Vieni a chattare con pi\u00f9 di 5.000.000 di sconosciuti su Stranger Cam gratuitamente! Accendi la tua cam e trova nuovi amici e magari un partner!","robots":{"index":"index","follow":"follow","max-snippet":"max-snippet:-1","max-image-preview":"max-image-preview:large","max-video-preview":"max-video-preview:-1"},"canonical":"https:\/\/strangercam.com\/it\/voojio\/","og_locale":"it_IT","og_type":"article","og_title":"Voojio - Anonymous Chat For Two - Cam on StrangerCam.com","og_description":"Like Voojio? Come chat with more than 5.000.000 strangers on Stranger Cam for Free! Turn on your cam and find new friends & maby a match!","og_url":"https:\/\/strangercam.com\/it\/voojio\/","og_site_name":"Strangercam","article_publisher":"https:\/\/www.facebook.com\/strangercam","article_modified_time":"2023-08-21T10:48:27+00:00","og_image":[{"width":800,"height":800,"url":"https:\/\/strangercam.com\/wp-content\/uploads\/2020\/11\/stranger-cam-1.png","type":"image\/png"}],"twitter_card":"summary_large_image","twitter_site":"@strangercamapp","twitter_misc":{"Tempo di lettura stimato":"2 minuti"},"schema":{"@context":"https:\/\/schema.org","@graph":[{"@type":"WebPage","@id":"https:\/\/strangercam.com\/voojio\/","url":"https:\/\/strangercam.com\/voojio\/","name":"Voojio - Chat anonima per due - Cam su StrangerCam.com","isPartOf":{"@id":"https:\/\/strangercam.com\/#website"},"primaryImageOfPage":{"@id":"https:\/\/strangercam.com\/voojio\/#primaryimage"},"image":{"@id":"https:\/\/strangercam.com\/voojio\/#primaryimage"},"thumbnailUrl":"https:\/\/strangercam.com\/wp-content\/uploads\/2020\/11\/stranger-cam-1.png","datePublished":"2021-09-23T10:59:14+00:00","dateModified":"2023-08-21T10:48:27+00:00","description":"Come Voojio? Vieni a chattare con pi\u00f9 di 5.000.000 di sconosciuti su Stranger Cam gratuitamente! Accendi la tua cam e trova nuovi amici e magari un partner!","breadcrumb":{"@id":"https:\/\/strangercam.com\/voojio\/#breadcrumb"},"inLanguage":"it-IT","potentialAction":[{"@type":"ReadAction","target":["https:\/\/strangercam.com\/voojio\/"]}]},{"@type":"ImageObject","inLanguage":"it-IT","@id":"https:\/\/strangercam.com\/voojio\/#primaryimage","url":"https:\/\/strangercam.com\/wp-content\/uploads\/2020\/11\/stranger-cam-1.png","contentUrl":"https:\/\/strangercam.com\/wp-content\/uploads\/2020\/11\/stranger-cam-1.png","width":800,"height":800,"caption":"stranger cam random video chat"},{"@type":"BreadcrumbList","@id":"https:\/\/strangercam.com\/voojio\/#breadcrumb","itemListElement":[{"@type":"ListItem","position":1,"name":"Home","item":"https:\/\/strangercam.com\/"},{"@type":"ListItem","position":2,"name":"Voojio"}]},{"@type":"WebSite","@id":"https:\/\/strangercam.com\/#website","url":"https:\/\/strangercam.com\/","name":"Strangercam","description":"Videochat casuale con sconosciuti","publisher":{"@id":"https:\/\/strangercam.com\/#organization"},"alternateName":"Strangercam.com","potentialAction":[{"@type":"SearchAction","target":{"@type":"EntryPoint","urlTemplate":"https:\/\/strangercam.com\/?s={search_term_string}"},"query-input":{"@type":"PropertyValueSpecification","valueRequired":true,"valueName":"search_term_string"}}],"inLanguage":"it-IT"},{"@type":"Organization","@id":"https:\/\/strangercam.com\/#organization","name":"Strangercam","alternateName":"Strangercam.com","url":"https:\/\/strangercam.com\/","logo":{"@type":"ImageObject","inLanguage":"it-IT","@id":"https:\/\/strangercam.com\/#\/schema\/logo\/image\/","url":"https:\/\/strangercam.com\/wp-content\/uploads\/2020\/11\/cropped-new-favicon-black.png","contentUrl":"https:\/\/strangercam.com\/wp-content\/uploads\/2020\/11\/cropped-new-favicon-black.png","width":512,"height":512,"caption":"Strangercam"},"image":{"@id":"https:\/\/strangercam.com\/#\/schema\/logo\/image\/"},"sameAs":["https:\/\/www.facebook.com\/strangercam","https:\/\/x.com\/strangercamapp"]}]}},"_links":{"self":[{"href":"https:\/\/strangercam.com\/it\/wp-json\/wp\/v2\/pages\/8192","targetHints":{"allow":["GET"]}}],"collection":[{"href":"https:\/\/strangercam.com\/it\/wp-json\/wp\/v2\/pages"}],"about":[{"href":"https:\/\/strangercam.com\/it\/wp-json\/wp\/v2\/types\/page"}],"author":[{"embeddable":true,"href":"https:\/\/strangercam.com\/it\/wp-json\/wp\/v2\/users\/6"}],"replies":[{"embeddable":true,"href":"https:\/\/strangercam.com\/it\/wp-json\/wp\/v2\/comments?post=8192"}],"version-history":[{"count":0,"href":"https:\/\/strangercam.com\/it\/wp-json\/wp\/v2\/pages\/8192\/revisions"}],"wp:featuredmedia":[{"embeddable":true,"href":"https:\/\/strangercam.com\/it\/wp-json\/wp\/v2\/media\/559"}],"wp:attachment":[{"href":"https:\/\/strangercam.com\/it\/wp-json\/wp\/v2\/media?parent=8192"}],"curies":[{"name":"wp","href":"https:\/\/api.w.org\/{rel}","templated":true}]}}