{"id":80,"date":"2020-04-09T18:35:29","date_gmt":"2020-04-09T16:35:29","guid":{"rendered":"https:\/\/strangercam.com\/?page_id=80"},"modified":"2023-08-21T11:40:39","modified_gmt":"2023-08-21T09:40:39","slug":"chat-alternative","status":"publish","type":"page","link":"https:\/\/strangercam.com\/it\/chat-alternative\/","title":{"rendered":"Chat Alternative"},"content":{"rendered":"<p><a href=\"https:\/\/strangercam.com\/it\/chatroulette\/\">Chat<\/a> L'applicazione mobile alternativa \u00e8 ideale per chi vuole <a href=\"https:\/\/strangercam.com\/it\/coomeet\/\">incontrarsi<\/a> sconosciuti casuali in varie parti del mondo con facilit\u00e0. Permette agli utenti di avere un <a href=\"https:\/\/strangercam.com\/it\/rabbit-video-chat\/\">video chat<\/a> con altre persone da casa loro. Inoltre, l'app trova ogni giorno migliaia di nuove persone per garantire la migliore esperienza. Un'altra cosa \u00e8 che l'app mostra i modi per avere conversazioni faccia a faccia con altre persone che vivono a chilometri di distanza da un luogo.<\/p>\n<p>Inoltre, l'app fornisce metodi per restringere i risultati quando qualcuno vuole chattare con sconosciuti selezionati.<a href=\"https:\/\/cashpotresulttoday.com\/\">.<\/a> \u00c8 possibile selezionare il sesso di propria scelta e la localit\u00e0. La scelta del genere e del luogo \u00e8 molto vantaggiosa. A volte si desidera parlare con persone sconosciute di un determinato Paese e di una determinata origine. Scegliere il Paese di vostra scelta vi permette di parlare con le persone che desiderate.<\/p>\n<h2>Motivi per utilizzare l'applicazione Chat Alternative<\/h2>\n<h3>1. Permette agli utenti di chattare con altri in modo anonimo<\/h3>\n<p>Il vantaggio principale dell'applicazione Chat Alternative \u00e8 che consente agli utenti di chattare con gli altri in modo anonimo senza creare un account.<a href=\"https:\/\/nlcbplaywheresults.com\/\">.<\/a> Infatti, l'applicazione consente di premere semplicemente il pulsante che permette di iniziare a navigare tra gli utenti online con facilit\u00e0. Quando si ha la certezza che l'altra persona non scoprir\u00e0 mai la propria identit\u00e0, \u00e8 il momento in cui si inizia a godere delle chat video online.<\/p>\n<h3>2. Chat Alternative ha le camme che si caricano pi\u00f9 velocemente e con la migliore qualit\u00e0.<\/h3>\n<p>L'applicazione Chat Alternative viene fornita con il caricamento pi\u00f9 rapido <a href=\"https:\/\/strangercam.com\/it\/camzey\/\">camme<\/a> che consentono agli utenti di incontrare pi\u00f9 persone in tempi rapidi. Infatti, offre l'opportunit\u00e0 di incontrare molti sconosciuti che possono aiutare a raggiungere gli obiettivi.<\/p>\n<p>Si dice che la qualit\u00e0 non sia importante, ma non \u00e8 vero. Un video di buona qualit\u00e0 \u00e8 necessario per comunicare in modo efficace. Non \u00e8 possibile comunicare meglio con la persona seduta all'altro capo senza una qualit\u00e0 video adeguata.<\/p>\n<h4>Selezionare il paese desiderato<\/h4>\n<p>La scelta del Paese \u00e8 il punto di forza di questa app per chattare. Prima di iniziare una chat video, \u00e8 possibile selezionare il Paese di propria scelta. Una volta selezionato il Paese, il sistema intelligente dell'app vi indirizza verso il traffico di quel Paese. Sullo schermo iniziano a comparire le persone di quel Paese. \u00c8 possibile parlare con gli stranieri di quel Paese.<\/p>\n<p>Poi potete selezionare le persone che vi piacciono di pi\u00f9. Parlate con loro nel modo che preferite. Ti forniamo delle funzioni per migliorare la tua conversazione. Se la trovi interessante, puoi continuare la conversazione; altrimenti, passa alla prossima!<\/p>\n<h4>Segnalare eventuali problemi<\/h4>\n<p>La preoccupazione principale di chi usa le piattaforme di chat online \u00e8 la privacy e i problemi se qualcuno fa qualcosa di inappropriato. Innanzitutto, si tratta di idee sbagliate sulle piattaforme di chat online. Se qualcosa di simile accade nella vita reale mentre si utilizza l'applicazione mobile Chat Alternative online, \u00e8 possibile segnalarlo direttamente alle autorit\u00e0.<\/p>\n<p>\u00c8 un modo efficace per contenere le persone entro i limiti, perch\u00e9 una volta che viene segnalato, non si pu\u00f2 pi\u00f9 utilizzare la piattaforma. Sarete bloccati per sempre.<\/p>\n<h3>3. Chat Alternative \u00e8 assolutamente gratuito<\/h3>\n<p>L'applicazione \u00e8 assolutamente gratuita per gli utenti e consente loro di dare vita alla loro vita sociale. Inoltre, contribuisce ulteriormente a chattare con gli altri su vari argomenti in base ai loro interessi. Il servizio di video chat gratuito permette agli utenti di chattare a lungo senza restrizioni.<\/p>\n<p>Non ci sono contratti maldestri e acquisti in-app. L'utilizzo \u00e8 gratuito per tutti e ovunque!<\/p>\n<h3>4. Chat Alternative \u00e8 divertente<\/h3>\n<p>Dopo la pandemia di Covid-19 e l'isolamento, i casi di depressione sono in aumento. Tutti hanno bisogno di una fuga. \u00c8 essenziale per ritrovare l'energia perduta e trovare un nuovo corso di vita. Sentitevi liberi di parlare con gli sconosciuti senza preoccupazioni.<\/p>\n<p>L'applicazione Chat alternative offre una fantastica opportunit\u00e0 per rilassare la mente. Potete chattare con gli sconosciuti per liberarvi dei vostri fardelli. Parlate con gli sconosciuti e condividete con loro le vostre esperienze. Potete anche ascoltare le loro esperienze e imparare da loro. Se non altro, parlate dell'ultima stagione di Netflix.<\/p>\n<h3>5. Fornisce maggiore sicurezza<\/h3>\n<p>L'applicazione ChatAlternative \u00e8 l'unica che offre agli utenti funzioni di sicurezza quando vogliono interagire con gli altri. \u00c8 la pi\u00f9 popolare app con rating G\u00a0<a href=\"https:\/\/strangercam.com\/it\/bazoocam\/\">cam<\/a> servizio di chat disponibile nei mercati che non si occupano di grafica. Inoltre, l'app consente di entrare in una chat room con maggiore protezione. Anche molti adolescenti si divertono a utilizzare il servizio, che consente loro di garantire una migliore esperienza di chat.<\/p>\n<h2>Come scaricare l'applicazione?<\/h2>\n<p>Gli utenti possono scaricare l'applicazione Chat Alternative direttamente dal Google Play Store e installarla sul proprio smartphone o su altri dispositivi con semplici passaggi. L'app consente agli utenti di toccare semplicemente il pulsante di avvio e di selezionare potenziali sconosciuti in base alle scelte effettuate. Inoltre, l'app funziona a distanza per fare amicizia in base alle esigenze. \u00c8 possibile comunicare con gli altri in modo pi\u00f9 rapido dopo aver installato l'app. Coloro che desiderano installare l'app devono conoscere in dettaglio i requisiti.<\/p>\n<h2>Conclusione<\/h2>\n<p>L'applicazione mobile Chat Alternative \u00e8 una buona opzione per parlare con gli sconosciuti. \u00c8 completamente gratuita per tutti. Tutto ci\u00f2 che serve \u00e8 una connessione Internet attiva. Selezionate la lingua, la regione e il genere che vi interessa, e via, via...! Una solida politica sulla privacy e un'interfaccia facile da usare rendono quest'app fantastica!<\/p>","protected":false},"excerpt":{"rendered":"<p>Chat Alternative mobile app is ideal for those who want to meet random strangers in various parts of the world with ease. It allows users to have a video chat with others from their homes. Moreover, the app finds thousands of new people daily to ensure the best experience. Another thing is that the app [&hellip;]<\/p>\n","protected":false},"author":6,"featured_media":559,"parent":0,"menu_order":0,"comment_status":"closed","ping_status":"closed","template":"","meta":{"footnotes":""},"class_list":["post-80","page","type-page","status-publish","has-post-thumbnail","hentry"],"yoast_head":"<!-- This site is optimized with the Yoast SEO plugin v27.4 - https:\/\/yoast.com\/product\/yoast-seo-wordpress\/ -->\n<title>Chat Alternative - Cam with Strangers on StrangerCam.com<\/title>\n<meta name=\"description\" content=\"Like Chat Alternative? Come chat with more than 5.000.000 strangers on Stranger Cam for Free! Turn on your cam and find new friends!\" \/>\n<meta name=\"robots\" content=\"index, follow, max-snippet:-1, max-image-preview:large, max-video-preview:-1\" \/>\n<link rel=\"canonical\" href=\"https:\/\/strangercam.com\/it\/chat-alternative\/\" \/>\n<meta property=\"og:locale\" content=\"it_IT\" \/>\n<meta property=\"og:type\" content=\"article\" \/>\n<meta property=\"og:title\" content=\"Chat Alternative - Cam with Strangers on StrangerCam.com\" \/>\n<meta property=\"og:description\" content=\"Like Chat Alternative? Come chat with more than 5.000.000 strangers on Stranger Cam for Free! Turn on your cam and find new friends!\" \/>\n<meta property=\"og:url\" content=\"https:\/\/strangercam.com\/it\/chat-alternative\/\" \/>\n<meta property=\"og:site_name\" content=\"Strangercam\" \/>\n<meta property=\"article:publisher\" content=\"https:\/\/www.facebook.com\/strangercam\" \/>\n<meta property=\"article:modified_time\" content=\"2023-08-21T09:40:39+00:00\" \/>\n<meta property=\"og:image\" content=\"https:\/\/strangercam.com\/wp-content\/uploads\/2020\/11\/stranger-cam-1.png\" \/>\n\t<meta property=\"og:image:width\" content=\"800\" \/>\n\t<meta property=\"og:image:height\" content=\"800\" \/>\n\t<meta property=\"og:image:type\" content=\"image\/png\" \/>\n<meta name=\"twitter:card\" content=\"summary_large_image\" \/>\n<meta name=\"twitter:site\" content=\"@strangercamapp\" \/>\n<meta name=\"twitter:label1\" content=\"Tempo di lettura stimato\" \/>\n\t<meta name=\"twitter:data1\" content=\"4 minuti\" \/>\n<script type=\"application\/ld+json\" class=\"yoast-schema-graph\">{\"@context\":\"https:\\\/\\\/schema.org\",\"@graph\":[{\"@type\":\"WebPage\",\"@id\":\"https:\\\/\\\/strangercam.com\\\/chat-alternative\\\/\",\"url\":\"https:\\\/\\\/strangercam.com\\\/chat-alternative\\\/\",\"name\":\"Chat Alternative - Cam with Strangers on StrangerCam.com\",\"isPartOf\":{\"@id\":\"https:\\\/\\\/strangercam.com\\\/#website\"},\"primaryImageOfPage\":{\"@id\":\"https:\\\/\\\/strangercam.com\\\/chat-alternative\\\/#primaryimage\"},\"image\":{\"@id\":\"https:\\\/\\\/strangercam.com\\\/chat-alternative\\\/#primaryimage\"},\"thumbnailUrl\":\"https:\\\/\\\/strangercam.com\\\/wp-content\\\/uploads\\\/2020\\\/11\\\/stranger-cam-1.png\",\"datePublished\":\"2020-04-09T16:35:29+00:00\",\"dateModified\":\"2023-08-21T09:40:39+00:00\",\"description\":\"Like Chat Alternative? Come chat with more than 5.000.000 strangers on Stranger Cam for Free! Turn on your cam and find new friends!\",\"breadcrumb\":{\"@id\":\"https:\\\/\\\/strangercam.com\\\/chat-alternative\\\/#breadcrumb\"},\"inLanguage\":\"it-IT\",\"potentialAction\":[{\"@type\":\"ReadAction\",\"target\":[\"https:\\\/\\\/strangercam.com\\\/chat-alternative\\\/\"]}]},{\"@type\":\"ImageObject\",\"inLanguage\":\"it-IT\",\"@id\":\"https:\\\/\\\/strangercam.com\\\/chat-alternative\\\/#primaryimage\",\"url\":\"https:\\\/\\\/strangercam.com\\\/wp-content\\\/uploads\\\/2020\\\/11\\\/stranger-cam-1.png\",\"contentUrl\":\"https:\\\/\\\/strangercam.com\\\/wp-content\\\/uploads\\\/2020\\\/11\\\/stranger-cam-1.png\",\"width\":800,\"height\":800,\"caption\":\"stranger cam random video chat\"},{\"@type\":\"BreadcrumbList\",\"@id\":\"https:\\\/\\\/strangercam.com\\\/chat-alternative\\\/#breadcrumb\",\"itemListElement\":[{\"@type\":\"ListItem\",\"position\":1,\"name\":\"Home\",\"item\":\"https:\\\/\\\/strangercam.com\\\/\"},{\"@type\":\"ListItem\",\"position\":2,\"name\":\"Chat Alternative\"}]},{\"@type\":\"WebSite\",\"@id\":\"https:\\\/\\\/strangercam.com\\\/#website\",\"url\":\"https:\\\/\\\/strangercam.com\\\/\",\"name\":\"Strangercam\",\"description\":\"Random Video Chat with Strangers\",\"publisher\":{\"@id\":\"https:\\\/\\\/strangercam.com\\\/#organization\"},\"alternateName\":\"Strangercam.com\",\"potentialAction\":[{\"@type\":\"SearchAction\",\"target\":{\"@type\":\"EntryPoint\",\"urlTemplate\":\"https:\\\/\\\/strangercam.com\\\/?s={search_term_string}\"},\"query-input\":{\"@type\":\"PropertyValueSpecification\",\"valueRequired\":true,\"valueName\":\"search_term_string\"}}],\"inLanguage\":\"it-IT\"},{\"@type\":\"Organization\",\"@id\":\"https:\\\/\\\/strangercam.com\\\/#organization\",\"name\":\"Strangercam\",\"alternateName\":\"Strangercam.com\",\"url\":\"https:\\\/\\\/strangercam.com\\\/\",\"logo\":{\"@type\":\"ImageObject\",\"inLanguage\":\"it-IT\",\"@id\":\"https:\\\/\\\/strangercam.com\\\/#\\\/schema\\\/logo\\\/image\\\/\",\"url\":\"https:\\\/\\\/strangercam.com\\\/wp-content\\\/uploads\\\/2020\\\/11\\\/cropped-new-favicon-black.png\",\"contentUrl\":\"https:\\\/\\\/strangercam.com\\\/wp-content\\\/uploads\\\/2020\\\/11\\\/cropped-new-favicon-black.png\",\"width\":512,\"height\":512,\"caption\":\"Strangercam\"},\"image\":{\"@id\":\"https:\\\/\\\/strangercam.com\\\/#\\\/schema\\\/logo\\\/image\\\/\"},\"sameAs\":[\"https:\\\/\\\/www.facebook.com\\\/strangercam\",\"https:\\\/\\\/x.com\\\/strangercamapp\"]}]}<\/script>\n<!-- \/ Yoast SEO plugin. -->","yoast_head_json":{"title":"Chat Alternative - Cammina con gli sconosciuti su StrangerCam.com","description":"Come Chat Alternative? Vieni a chattare con pi\u00f9 di 5.000.000 di sconosciuti su Stranger Cam gratuitamente! Accendi la tua cam e trova nuovi amici!","robots":{"index":"index","follow":"follow","max-snippet":"max-snippet:-1","max-image-preview":"max-image-preview:large","max-video-preview":"max-video-preview:-1"},"canonical":"https:\/\/strangercam.com\/it\/chat-alternative\/","og_locale":"it_IT","og_type":"article","og_title":"Chat Alternative - Cam with Strangers on StrangerCam.com","og_description":"Like Chat Alternative? Come chat with more than 5.000.000 strangers on Stranger Cam for Free! Turn on your cam and find new friends!","og_url":"https:\/\/strangercam.com\/it\/chat-alternative\/","og_site_name":"Strangercam","article_publisher":"https:\/\/www.facebook.com\/strangercam","article_modified_time":"2023-08-21T09:40:39+00:00","og_image":[{"width":800,"height":800,"url":"https:\/\/strangercam.com\/wp-content\/uploads\/2020\/11\/stranger-cam-1.png","type":"image\/png"}],"twitter_card":"summary_large_image","twitter_site":"@strangercamapp","twitter_misc":{"Tempo di lettura stimato":"4 minuti"},"schema":{"@context":"https:\/\/schema.org","@graph":[{"@type":"WebPage","@id":"https:\/\/strangercam.com\/chat-alternative\/","url":"https:\/\/strangercam.com\/chat-alternative\/","name":"Chat Alternative - Cammina con gli sconosciuti su StrangerCam.com","isPartOf":{"@id":"https:\/\/strangercam.com\/#website"},"primaryImageOfPage":{"@id":"https:\/\/strangercam.com\/chat-alternative\/#primaryimage"},"image":{"@id":"https:\/\/strangercam.com\/chat-alternative\/#primaryimage"},"thumbnailUrl":"https:\/\/strangercam.com\/wp-content\/uploads\/2020\/11\/stranger-cam-1.png","datePublished":"2020-04-09T16:35:29+00:00","dateModified":"2023-08-21T09:40:39+00:00","description":"Come Chat Alternative? Vieni a chattare con pi\u00f9 di 5.000.000 di sconosciuti su Stranger Cam gratuitamente! Accendi la tua cam e trova nuovi amici!","breadcrumb":{"@id":"https:\/\/strangercam.com\/chat-alternative\/#breadcrumb"},"inLanguage":"it-IT","potentialAction":[{"@type":"ReadAction","target":["https:\/\/strangercam.com\/chat-alternative\/"]}]},{"@type":"ImageObject","inLanguage":"it-IT","@id":"https:\/\/strangercam.com\/chat-alternative\/#primaryimage","url":"https:\/\/strangercam.com\/wp-content\/uploads\/2020\/11\/stranger-cam-1.png","contentUrl":"https:\/\/strangercam.com\/wp-content\/uploads\/2020\/11\/stranger-cam-1.png","width":800,"height":800,"caption":"stranger cam random video chat"},{"@type":"BreadcrumbList","@id":"https:\/\/strangercam.com\/chat-alternative\/#breadcrumb","itemListElement":[{"@type":"ListItem","position":1,"name":"Home","item":"https:\/\/strangercam.com\/"},{"@type":"ListItem","position":2,"name":"Chat Alternative"}]},{"@type":"WebSite","@id":"https:\/\/strangercam.com\/#website","url":"https:\/\/strangercam.com\/","name":"Strangercam","description":"Videochat casuale con sconosciuti","publisher":{"@id":"https:\/\/strangercam.com\/#organization"},"alternateName":"Strangercam.com","potentialAction":[{"@type":"SearchAction","target":{"@type":"EntryPoint","urlTemplate":"https:\/\/strangercam.com\/?s={search_term_string}"},"query-input":{"@type":"PropertyValueSpecification","valueRequired":true,"valueName":"search_term_string"}}],"inLanguage":"it-IT"},{"@type":"Organization","@id":"https:\/\/strangercam.com\/#organization","name":"Strangercam","alternateName":"Strangercam.com","url":"https:\/\/strangercam.com\/","logo":{"@type":"ImageObject","inLanguage":"it-IT","@id":"https:\/\/strangercam.com\/#\/schema\/logo\/image\/","url":"https:\/\/strangercam.com\/wp-content\/uploads\/2020\/11\/cropped-new-favicon-black.png","contentUrl":"https:\/\/strangercam.com\/wp-content\/uploads\/2020\/11\/cropped-new-favicon-black.png","width":512,"height":512,"caption":"Strangercam"},"image":{"@id":"https:\/\/strangercam.com\/#\/schema\/logo\/image\/"},"sameAs":["https:\/\/www.facebook.com\/strangercam","https:\/\/x.com\/strangercamapp"]}]}},"_links":{"self":[{"href":"https:\/\/strangercam.com\/it\/wp-json\/wp\/v2\/pages\/80","targetHints":{"allow":["GET"]}}],"collection":[{"href":"https:\/\/strangercam.com\/it\/wp-json\/wp\/v2\/pages"}],"about":[{"href":"https:\/\/strangercam.com\/it\/wp-json\/wp\/v2\/types\/page"}],"author":[{"embeddable":true,"href":"https:\/\/strangercam.com\/it\/wp-json\/wp\/v2\/users\/6"}],"replies":[{"embeddable":true,"href":"https:\/\/strangercam.com\/it\/wp-json\/wp\/v2\/comments?post=80"}],"version-history":[{"count":0,"href":"https:\/\/strangercam.com\/it\/wp-json\/wp\/v2\/pages\/80\/revisions"}],"wp:featuredmedia":[{"embeddable":true,"href":"https:\/\/strangercam.com\/it\/wp-json\/wp\/v2\/media\/559"}],"wp:attachment":[{"href":"https:\/\/strangercam.com\/it\/wp-json\/wp\/v2\/media?parent=80"}],"curies":[{"name":"wp","href":"https:\/\/api.w.org\/{rel}","templated":true}]}}