{"id":5290,"date":"2021-06-20T15:01:12","date_gmt":"2021-06-20T13:01:12","guid":{"rendered":"https:\/\/strangercam.com\/?page_id=5290"},"modified":"2023-08-21T11:40:39","modified_gmt":"2023-08-21T09:40:39","slug":"chat42","status":"publish","type":"page","link":"https:\/\/strangercam.com\/it\/chat42\/","title":{"rendered":"Chat42"},"content":{"rendered":"<p>Incontrare degli sconosciuti in una nuova localit\u00e0 diventa ora un facile <a href=\"https:\/\/strangercam.com\/it\/1v1-chat\/\">uno<\/a> oggi, grazie ai progressi tecnici. Anche se ci sono diversi siti web disponibili per questo scopo, \u00e8 necessario valutarli per avere pi\u00f9 idee. Inoltre, sar\u00e0 molto utile scegliere il sito migliore che soddisfa le esigenze degli utenti. Chat42 \u00e8 un sito online <a href=\"https:\/\/strangercam.com\/it\/chatingly\/\">chattare<\/a> sito web che permette a una persona di connettersi con gli altri nel pi\u00f9 breve tempo possibile. Questo sito anonimo <a href=\"https:\/\/strangercam.com\/it\/chatroulette\/\">chat<\/a> Il sito offre la possibilit\u00e0 di trovare single in un luogo con facilit\u00e0, rispondendo alle esigenze essenziali degli iscritti.<\/p>\n<h2>Quali sono le caratteristiche dell'Chat42?<\/h2>\n<p>Si tratta di un <a href=\"https:\/\/strangercam.com\/it\/chat4free\/\">libero<\/a> che non richiede alcuna registrazione o processo di iscrizione. Gli utenti possono inserire il proprio nome e iniziare a chattare con gli altri il prima possibile. Il sito web offre metodi per condividere immagini dopo aver inserito il proprio nome utente. Chat42 consente agli utenti di contattare due persone solo tramite messaggi di testo. Un'altra caratteristica del sito \u00e8 che offre una funzione di \"segnalazione\" che permette di segnalare gli utenti abusivi. Si possono anche bloccare gli utenti abusivi per evitare problemi indesiderati e altro. Chiunque voglia esplorare le varianti di <a href=\"https:\/\/strangercam.com\/it\/chat-con-gli-sconosciuti\/\">chat con gli sconosciuti<\/a> i membri possono trarre molti vantaggi da questo sito web.<\/p>\n<h3>Chat42 \u00e8 sicuro per gli adolescenti?<\/h3>\n<p>Il sito \u00e8 adatto solo agli adulti che vogliono instaurare rapidamente relazioni a distanza con altre persone. D'altra parte, non \u00e8 sicuro per gli adolescenti, che dovrebbero stare alla larga da questo sito. A parte questo, ha una funzione audio che permette ai nuovi utenti di attivare o disattivare i nuovi messaggi. Coloro che vogliono parlare con sconosciuti possono utilizzare questa piattaforma che aiuter\u00e0 a raggiungere gli obiettivi in larga misura. Chat42 \u00e8 un luogo perfetto per chi \u00e8 alla ricerca di nuovi amici che condividono interessi comuni. Aiuta a connettersi con gli sconosciuti in un luogo che d\u00e0 modo di creare un legame con loro in modo casuale.<\/p>\n<h3>Vale la pena utilizzare l'Chat42?<\/h3>\n<p>Anche se Chat42 non dispone di funzioni ricche, il sito web consente agli utenti di chattare con gli altri senza alcuna difficolt\u00e0. Tuttavia, \u00e8 necessario leggere attentamente i termini e le condizioni prima di utilizzare la pagina web. Per gli utenti \u00e8 disponibile la versione app, che possono scaricare sui loro telefoni cellulari. Il sito consente di ricercare in modo anonimo i dettagli di uomini e donne in un luogo che aiutano a sviluppare relazioni con loro. Allo stesso tempo, si dovrebbero leggere le recensioni online che forniscono modi per prendere la decisione giusta.<\/p>","protected":false},"excerpt":{"rendered":"<p>Meeting strangers in a new location now becomes an easy one these days due to the technical advancements. Although there are several websites available for this purpose, one should evaluate them for getting more ideas. Moreover, it will help a lot to pick the best website which satisfies the requirements of users. Chat42 is an [&hellip;]<\/p>\n","protected":false},"author":6,"featured_media":559,"parent":0,"menu_order":0,"comment_status":"closed","ping_status":"closed","template":"","meta":{"footnotes":""},"class_list":["post-5290","page","type-page","status-publish","has-post-thumbnail","hentry"],"yoast_head":"<!-- This site is optimized with the Yoast SEO plugin v26.9 - https:\/\/yoast.com\/product\/yoast-seo-wordpress\/ -->\n<title>Chat42 - Anonymous Chat For Two - Cam on StrangerCam.com<\/title>\n<meta name=\"description\" content=\"Like Chat42? Come chat with more than 5.000.000 strangers on Stranger Cam for Free! Turn on your cam and find new friends &amp; maby a match!\" \/>\n<meta name=\"robots\" content=\"index, follow, max-snippet:-1, max-image-preview:large, max-video-preview:-1\" \/>\n<link rel=\"canonical\" href=\"https:\/\/strangercam.com\/it\/chat42\/\" \/>\n<meta property=\"og:locale\" content=\"it_IT\" \/>\n<meta property=\"og:type\" content=\"article\" \/>\n<meta property=\"og:title\" content=\"Chat42 - Anonymous Chat For Two - Cam on StrangerCam.com\" \/>\n<meta property=\"og:description\" content=\"Like Chat42? Come chat with more than 5.000.000 strangers on Stranger Cam for Free! Turn on your cam and find new friends &amp; maby a match!\" \/>\n<meta property=\"og:url\" content=\"https:\/\/strangercam.com\/it\/chat42\/\" \/>\n<meta property=\"og:site_name\" content=\"Strangercam\" \/>\n<meta property=\"article:publisher\" content=\"https:\/\/www.facebook.com\/strangercam\" \/>\n<meta property=\"article:modified_time\" content=\"2023-08-21T09:40:39+00:00\" \/>\n<meta property=\"og:image\" content=\"https:\/\/strangercam.com\/wp-content\/uploads\/2020\/11\/stranger-cam-1.png\" \/>\n\t<meta property=\"og:image:width\" content=\"800\" \/>\n\t<meta property=\"og:image:height\" content=\"800\" \/>\n\t<meta property=\"og:image:type\" content=\"image\/png\" \/>\n<meta name=\"twitter:card\" content=\"summary_large_image\" \/>\n<meta name=\"twitter:site\" content=\"@strangercamapp\" \/>\n<meta name=\"twitter:label1\" content=\"Tempo di lettura stimato\" \/>\n\t<meta name=\"twitter:data1\" content=\"2 minuti\" \/>\n<script type=\"application\/ld+json\" class=\"yoast-schema-graph\">{\"@context\":\"https:\/\/schema.org\",\"@graph\":[{\"@type\":\"WebPage\",\"@id\":\"https:\/\/strangercam.com\/chat42\/\",\"url\":\"https:\/\/strangercam.com\/chat42\/\",\"name\":\"Chat42 - Anonymous Chat For Two - Cam on StrangerCam.com\",\"isPartOf\":{\"@id\":\"https:\/\/strangercam.com\/#website\"},\"primaryImageOfPage\":{\"@id\":\"https:\/\/strangercam.com\/chat42\/#primaryimage\"},\"image\":{\"@id\":\"https:\/\/strangercam.com\/chat42\/#primaryimage\"},\"thumbnailUrl\":\"https:\/\/strangercam.com\/wp-content\/uploads\/2020\/11\/stranger-cam-1.png\",\"datePublished\":\"2021-06-20T13:01:12+00:00\",\"dateModified\":\"2023-08-21T09:40:39+00:00\",\"description\":\"Like Chat42? Come chat with more than 5.000.000 strangers on Stranger Cam for Free! Turn on your cam and find new friends & maby a match!\",\"breadcrumb\":{\"@id\":\"https:\/\/strangercam.com\/chat42\/#breadcrumb\"},\"inLanguage\":\"it-IT\",\"potentialAction\":[{\"@type\":\"ReadAction\",\"target\":[\"https:\/\/strangercam.com\/chat42\/\"]}]},{\"@type\":\"ImageObject\",\"inLanguage\":\"it-IT\",\"@id\":\"https:\/\/strangercam.com\/chat42\/#primaryimage\",\"url\":\"https:\/\/strangercam.com\/wp-content\/uploads\/2020\/11\/stranger-cam-1.png\",\"contentUrl\":\"https:\/\/strangercam.com\/wp-content\/uploads\/2020\/11\/stranger-cam-1.png\",\"width\":800,\"height\":800,\"caption\":\"stranger cam random video chat\"},{\"@type\":\"BreadcrumbList\",\"@id\":\"https:\/\/strangercam.com\/chat42\/#breadcrumb\",\"itemListElement\":[{\"@type\":\"ListItem\",\"position\":1,\"name\":\"Home\",\"item\":\"https:\/\/strangercam.com\/\"},{\"@type\":\"ListItem\",\"position\":2,\"name\":\"Chat42\"}]},{\"@type\":\"WebSite\",\"@id\":\"https:\/\/strangercam.com\/#website\",\"url\":\"https:\/\/strangercam.com\/\",\"name\":\"Strangercam\",\"description\":\"Random Video Chat with Strangers\",\"publisher\":{\"@id\":\"https:\/\/strangercam.com\/#organization\"},\"alternateName\":\"Strangercam.com\",\"potentialAction\":[{\"@type\":\"SearchAction\",\"target\":{\"@type\":\"EntryPoint\",\"urlTemplate\":\"https:\/\/strangercam.com\/?s={search_term_string}\"},\"query-input\":{\"@type\":\"PropertyValueSpecification\",\"valueRequired\":true,\"valueName\":\"search_term_string\"}}],\"inLanguage\":\"it-IT\"},{\"@type\":\"Organization\",\"@id\":\"https:\/\/strangercam.com\/#organization\",\"name\":\"Strangercam\",\"alternateName\":\"Strangercam.com\",\"url\":\"https:\/\/strangercam.com\/\",\"logo\":{\"@type\":\"ImageObject\",\"inLanguage\":\"it-IT\",\"@id\":\"https:\/\/strangercam.com\/#\/schema\/logo\/image\/\",\"url\":\"https:\/\/strangercam.com\/wp-content\/uploads\/2020\/11\/cropped-new-favicon-black.png\",\"contentUrl\":\"https:\/\/strangercam.com\/wp-content\/uploads\/2020\/11\/cropped-new-favicon-black.png\",\"width\":512,\"height\":512,\"caption\":\"Strangercam\"},\"image\":{\"@id\":\"https:\/\/strangercam.com\/#\/schema\/logo\/image\/\"},\"sameAs\":[\"https:\/\/www.facebook.com\/strangercam\",\"https:\/\/x.com\/strangercamapp\"]}]}<\/script>\n<!-- \/ Yoast SEO plugin. -->","yoast_head_json":{"title":"Chat42 - Chat anonima per due - Cam su StrangerCam.com","description":"Come Chat42? Vieni a chattare con pi\u00f9 di 5.000.000 di sconosciuti su Stranger Cam gratuitamente! Accendi la tua cam e trova nuovi amici e magari un partner!","robots":{"index":"index","follow":"follow","max-snippet":"max-snippet:-1","max-image-preview":"max-image-preview:large","max-video-preview":"max-video-preview:-1"},"canonical":"https:\/\/strangercam.com\/it\/chat42\/","og_locale":"it_IT","og_type":"article","og_title":"Chat42 - Anonymous Chat For Two - Cam on StrangerCam.com","og_description":"Like Chat42? Come chat with more than 5.000.000 strangers on Stranger Cam for Free! Turn on your cam and find new friends & maby a match!","og_url":"https:\/\/strangercam.com\/it\/chat42\/","og_site_name":"Strangercam","article_publisher":"https:\/\/www.facebook.com\/strangercam","article_modified_time":"2023-08-21T09:40:39+00:00","og_image":[{"width":800,"height":800,"url":"https:\/\/strangercam.com\/wp-content\/uploads\/2020\/11\/stranger-cam-1.png","type":"image\/png"}],"twitter_card":"summary_large_image","twitter_site":"@strangercamapp","twitter_misc":{"Tempo di lettura stimato":"2 minuti"},"schema":{"@context":"https:\/\/schema.org","@graph":[{"@type":"WebPage","@id":"https:\/\/strangercam.com\/chat42\/","url":"https:\/\/strangercam.com\/chat42\/","name":"Chat42 - Chat anonima per due - Cam su StrangerCam.com","isPartOf":{"@id":"https:\/\/strangercam.com\/#website"},"primaryImageOfPage":{"@id":"https:\/\/strangercam.com\/chat42\/#primaryimage"},"image":{"@id":"https:\/\/strangercam.com\/chat42\/#primaryimage"},"thumbnailUrl":"https:\/\/strangercam.com\/wp-content\/uploads\/2020\/11\/stranger-cam-1.png","datePublished":"2021-06-20T13:01:12+00:00","dateModified":"2023-08-21T09:40:39+00:00","description":"Come Chat42? Vieni a chattare con pi\u00f9 di 5.000.000 di sconosciuti su Stranger Cam gratuitamente! Accendi la tua cam e trova nuovi amici e magari un partner!","breadcrumb":{"@id":"https:\/\/strangercam.com\/chat42\/#breadcrumb"},"inLanguage":"it-IT","potentialAction":[{"@type":"ReadAction","target":["https:\/\/strangercam.com\/chat42\/"]}]},{"@type":"ImageObject","inLanguage":"it-IT","@id":"https:\/\/strangercam.com\/chat42\/#primaryimage","url":"https:\/\/strangercam.com\/wp-content\/uploads\/2020\/11\/stranger-cam-1.png","contentUrl":"https:\/\/strangercam.com\/wp-content\/uploads\/2020\/11\/stranger-cam-1.png","width":800,"height":800,"caption":"stranger cam random video chat"},{"@type":"BreadcrumbList","@id":"https:\/\/strangercam.com\/chat42\/#breadcrumb","itemListElement":[{"@type":"ListItem","position":1,"name":"Home","item":"https:\/\/strangercam.com\/"},{"@type":"ListItem","position":2,"name":"Chat42"}]},{"@type":"WebSite","@id":"https:\/\/strangercam.com\/#website","url":"https:\/\/strangercam.com\/","name":"Strangercam","description":"Videochat casuale con sconosciuti","publisher":{"@id":"https:\/\/strangercam.com\/#organization"},"alternateName":"Strangercam.com","potentialAction":[{"@type":"SearchAction","target":{"@type":"EntryPoint","urlTemplate":"https:\/\/strangercam.com\/?s={search_term_string}"},"query-input":{"@type":"PropertyValueSpecification","valueRequired":true,"valueName":"search_term_string"}}],"inLanguage":"it-IT"},{"@type":"Organization","@id":"https:\/\/strangercam.com\/#organization","name":"Strangercam","alternateName":"Strangercam.com","url":"https:\/\/strangercam.com\/","logo":{"@type":"ImageObject","inLanguage":"it-IT","@id":"https:\/\/strangercam.com\/#\/schema\/logo\/image\/","url":"https:\/\/strangercam.com\/wp-content\/uploads\/2020\/11\/cropped-new-favicon-black.png","contentUrl":"https:\/\/strangercam.com\/wp-content\/uploads\/2020\/11\/cropped-new-favicon-black.png","width":512,"height":512,"caption":"Strangercam"},"image":{"@id":"https:\/\/strangercam.com\/#\/schema\/logo\/image\/"},"sameAs":["https:\/\/www.facebook.com\/strangercam","https:\/\/x.com\/strangercamapp"]}]}},"_links":{"self":[{"href":"https:\/\/strangercam.com\/it\/wp-json\/wp\/v2\/pages\/5290","targetHints":{"allow":["GET"]}}],"collection":[{"href":"https:\/\/strangercam.com\/it\/wp-json\/wp\/v2\/pages"}],"about":[{"href":"https:\/\/strangercam.com\/it\/wp-json\/wp\/v2\/types\/page"}],"author":[{"embeddable":true,"href":"https:\/\/strangercam.com\/it\/wp-json\/wp\/v2\/users\/6"}],"replies":[{"embeddable":true,"href":"https:\/\/strangercam.com\/it\/wp-json\/wp\/v2\/comments?post=5290"}],"version-history":[{"count":0,"href":"https:\/\/strangercam.com\/it\/wp-json\/wp\/v2\/pages\/5290\/revisions"}],"wp:featuredmedia":[{"embeddable":true,"href":"https:\/\/strangercam.com\/it\/wp-json\/wp\/v2\/media\/559"}],"wp:attachment":[{"href":"https:\/\/strangercam.com\/it\/wp-json\/wp\/v2\/media?parent=5290"}],"curies":[{"name":"wp","href":"https:\/\/api.w.org\/{rel}","templated":true}]}}